{"id":30252,"date":"2022-06-07T09:21:11","date_gmt":"2022-06-07T09:21:11","guid":{"rendered":"https:\/\/amrtop.com\/B2B\/?post_type=product&#038;p=30252"},"modified":"2023-06-16T08:14:52","modified_gmt":"2023-06-16T08:14:52","slug":"kitcxpg002-kits-pour-chaudieres-a-gaz-a-condensation","status":"publish","type":"product","link":"https:\/\/amrtop.net\/es\/produit\/kitcxpg002-kits-pour-chaudieres-a-gaz-a-condensation\/","title":{"rendered":"KITCXPG002 &#8211; Kits pour chaudi\u00e8res \u00e0 gaz \u00e0 condensation"},"content":{"rendered":"<h3>Kits para calderas de condensaci\u00f3n de gas<\/h3>\n<p>Hay dos tipos de sistema coaxial:<\/p>\n<p>PP-PVC \u00f8i 60 - \u00f8e 100 mm, PP-PVC \u00f8i 80 - \u00f8e 125 mm<\/p>\n<hr \/>\n<h3>Apto para calderas de gas :<\/h3>\n<p>Beretta &#8211; Riello &#8211; Sylber<\/p>\n<div class=\"col-md-12 col-sm-12\">\n<h3>Utilizaci\u00f3n del kit de caldera de condensaci\u00f3n<\/h3>\n<div><\/div>\n<div class=\"fs14 fcdg mtm\">\n<p>El Kit para calderas de gas de condensaci\u00f3n es un sistema de conducto de humos mural espec\u00edfico para calderas de condensaci\u00f3n. Consta de dos tubos conc\u00e9ntricos con un di\u00e1metro exterior de 100 mm y un di\u00e1metro interior de 60 mm. Instalado internamente, el tubo debe atravesar la pared para descargar al exterior, y la caldera debe colocarse junto a una pared exterior o cerca de ella. Este kit se utiliza como salida de humos cuando no se dispone de conducto de humos, en caso contrario existen otros sistemas que solucionan estos problemas. Amrtop le aconseja que consulte a un profesional cualificado para decidir el sistema de evacuaci\u00f3n de humos m\u00e1s adecuado para su instalaci\u00f3n.<\/p>\n<p>El kit consta de :<\/p>\n<\/div>\n<div>\n<ul>\n<li>Pz. 1 Tubo exterior de 100 mm de di\u00e1metro para la salida de humos que contiene un tubo interior de 60 mm de di\u00e1metro para la entrada de aire; con tapa final para el parabrisas<br \/>\nPiezas 1 rosa interior<br \/>\nPiezas 1 Rosa exterior<br \/>\nPz. 1 Curva conc\u00e9ntrica con terminal enchufable para conexi\u00f3n a caldera<br \/>\nPiezas 1 Brida de conexi\u00f3n para calderas<br \/>\nPiezas 1 Abrazadera de conexi\u00f3n para calderas<br \/>\nPiezas 1 Abrazadera de tubo diam. 100 mm<br \/>\nPiezas 1 Embalaje para tornillos y juntas<br \/>\nPiezas. 1 Instrucciones de montaje.<\/li>\n<\/ul>\n<hr \/>\n<\/div>\n<\/div>\n<h3 class=\"fcr ttu fs18 font-ocb mbs\">El kit se utiliza en los siguientes casos:<\/h3>\n<div>\n<div class=\"row mtm2\">\n<div class=\"col-md-12 col-xs-12 col-lg-12 col-sm-12\">\n<ol>\n<li class=\"fcr ttu fs18 font-ocb mbs\">Para la posible instalaci\u00f3n de calderas de condensaci\u00f3n;<\/li>\n<li>Si no hay chimeneas;<\/li>\n<li>Instalaci\u00f3n de calderas en el exterior o junto a una pared exterior<\/li>\n<\/ol>\n<hr \/>\n<\/div>\n<\/div>\n<\/div>\n<h3>Dom\u00e9stico<\/h3>\n<p>estufas, cocinas y radiadores de le\u00f1a - chimeneas, estufas, radiadores y calderas de pellets.<\/p>\n<h3><strong>Gama de sistemas de humo AMR TOP \u00a0 \u00a0 \u00a0 \u00a0 \u00a0 \u00a0 \u00a0 \u00a0 \u00a0 \u00a0 \u00a0 \u00a0 \u00a0 \u00a0 \u00a0 \u00a0 \u00a0 \u00a0 \u00a0 \u00a0 \u00a0 \u00a0 \u00a0 \u00a0 \u00a0 \u00a0 \u00a0 \u00a0 \u00a0 \u00a0 \u00a0 \u00a0 \u00a0 \u00a0 \u00a0 \u00a0 \u00a0 \u00a0 \u00a0 \u00a0 \u00a0 \u00a0 \u00a0 \u00a0 \u00a0 \u00a0 \u00a0 \u00a0 \u00a0 \u00a0 \u00a0 \u00a0 \u00a0 \u00a0 \u00a0 \u00a0\u00a0<\/strong><\/h3>\n<p>&nbsp;<\/p>\n<p><a href=\"https:\/\/amrtop.net\/es\/categoria-de-productos\/conductos-de-humo-2\/tuyaux-flexibles-en-acier-inoxydable\/\"><strong>TOP FLEX SP - Tubos flexibles de acero inoxidable corrugados de pared simple y doble<\/strong><\/a><\/p>\n<p><a href=\"https:\/\/amrtop.net\/es\/categoria-de-productos\/conductos-de-humo-2\/tube-rigide-monoparete-en-acier-inoxydable\/\"><strong>SP - Tubo r\u00edgido de pared simple de acero inoxidable AISI 316L<\/strong><\/a><\/p>\n<p><strong><u><a href=\"https:\/\/amrtop.net\/es\/categoria-de-productos\/conductos-de-humo-2\/tube-flexible-inox-aisi-316-l-interieur-lisse-isole\/\">ISOTOP FLEX - Tubo flexible interior liso aislado de acero inoxidable AISI 316L \u00a0<\/a><\/u><\/strong><\/p>\n<p><strong><u><a href=\"https:\/\/amrtop.net\/es\/categoria-de-productos\/conductos-de-humo-2\/dp-air-tube-double-paroi-inox-a-chambre-dair\/\">DP AIR - Tubo de acero inoxidable de doble pared con c\u00e1mara de aire<\/a><\/u><\/strong><\/p>\n<p><strong><u><a href=\"https:\/\/amrtop.net\/es\/categoria-de-productos\/conductos-de-humo-2\/tube-coaxial-inox\/\">DP - Tubo aislado de doble pared 10 mm - 25 mm<\/a><\/u><\/strong><\/p>\n<p><strong><a href=\"https:\/\/amrtop.net\/es\/categoria-de-productos\/conductos-de-humo-2\/tube-coaxial-inox\/\">COAX TOP - Tubo coaxial de acero inoxidable en PPS y PPS\/acero inoxidable<\/a><\/strong><\/p>\n<p><strong><u><a href=\"https:\/\/amrtop.net\/es\/categoria-de-productos\/conductos-de-humo-2\/tuyau-coaxial-inox-inox-black\/\">COAX PELLET - Tubo coaxial de acero inoxidable<\/a><\/u><\/strong><\/p>\n<p><strong><u><a href=\"https:\/\/amrtop.net\/es\/categoria-de-productos\/conductos-de-humo-2\/conduits-de-fumee-des-appareils-a-biomasse\/\">BIOM TOP - Tubos para estufas de pellets y le\u00f1a<\/a><\/u><\/strong><\/p>\n<p><strong><u><a href=\"https:\/\/amrtop.net\/es\/categoria-de-productos\/conductos-de-humo-2\/alutop-tube-en-aluminium-flexible-extensible\/\">ALU TOP - Tubo de aluminio flexible extensible<\/a><\/u><\/strong><strong>\u00a0 \u00a0\u00a0<\/strong><\/p>","protected":false},"excerpt":{"rendered":"<p>Kits pour chaudi\u00e8res \u00e0 gaz \u00e0 condensation Il existe deux types de syst\u00e8mes coaxiaux: PP-PVC \u00f8i 60 \u2013 \u00f8e 100 mm, PP-PVC \u00f8i 80 \u2013 \u00f8e 125 mm Adaptables aux chaudi\u00e8res \u00e0 gaz : Beretta &#8211; Riello &#8211; Sylber Utilisation du kit de chaudi\u00e8re \u00e0 condensation Le Kit pour chaudi\u00e8res \u00e0 gaz \u00e0 condensation est [&hellip;]<\/p>\n","protected":false},"featured_media":32649,"comment_status":"open","ping_status":"closed","template":"","meta":[],"product_brand":[],"product_cat":[1542,1546,1570],"product_tag":[],"class_list":{"0":"post-30252","1":"product","2":"type-product","3":"status-publish","4":"has-post-thumbnail","6":"product_cat-tube-coaxial-inox","7":"product_cat-cxp-gas-kit-kits-coaxiaux-et-accessoires-pour-chaudieres-a-condensation","8":"product_cat-kits-de-chaudieres-a-condensation","10":"first","11":"instock","12":"shipping-taxable","13":"purchasable","14":"product-type-simple"},"yoast_head":"<!-- This site is optimized with the Yoast SEO plugin v27.4 - https:\/\/yoast.com\/product\/yoast-seo-wordpress\/ -->\n<title>Kits pour chaudi\u00e8res \u00e0 gaz \u00e0 condensation<\/title>\n<meta name=\"description\" content=\"Kits pour chaudi\u00e8res \u00e0 gaz \u00e0 condensation Majorations Coaxiales De 60\/100 \u00c0 80\/125 cxp gas kit est un ligne de produits sp\u00e9cialement r\u00e9alis\u00e9e pour etre adaptable\u00e0 la plupart des chaudi\u00e8res \u00e0 condensation\" \/>\n<meta name=\"robots\" content=\"index, follow, max-snippet:-1, max-image-preview:large, max-video-preview:-1\" \/>\n<link rel=\"canonical\" href=\"https:\/\/amrtop.net\/es\/producto\/kitcxpg002-kits-pour-chaudieres-a-gaz-a-condensation\/\" \/>\n<meta property=\"og:locale\" content=\"es_ES\" \/>\n<meta property=\"og:type\" content=\"article\" \/>\n<meta property=\"og:title\" content=\"Kits pour chaudi\u00e8res \u00e0 gaz \u00e0 condensation\" \/>\n<meta property=\"og:description\" content=\"Kits pour chaudi\u00e8res \u00e0 gaz \u00e0 condensation Majorations Coaxiales De 60\/100 \u00c0 80\/125 cxp gas kit est un ligne de produits sp\u00e9cialement r\u00e9alis\u00e9e pour etre adaptable\u00e0 la plupart des chaudi\u00e8res \u00e0 condensation\" \/>\n<meta property=\"og:url\" content=\"https:\/\/amrtop.net\/es\/producto\/kitcxpg002-kits-pour-chaudieres-a-gaz-a-condensation\/\" \/>\n<meta property=\"og:site_name\" content=\"AMRTOP B2B \u00c9tranger - Achats r\u00e9serv\u00e9s au professionnel\" \/>\n<meta property=\"article:modified_time\" content=\"2023-06-16T08:14:52+00:00\" \/>\n<meta property=\"og:image\" content=\"https:\/\/amrtop.net\/wp-content\/uploads\/2022\/06\/KITCXPG002.jpg\" \/>\n\t<meta property=\"og:image:width\" content=\"640\" \/>\n\t<meta property=\"og:image:height\" content=\"640\" \/>\n\t<meta property=\"og:image:type\" content=\"image\/jpeg\" \/>\n<meta name=\"twitter:card\" content=\"summary_large_image\" \/>\n<meta name=\"twitter:label1\" content=\"Tiempo de lectura\" \/>\n\t<meta name=\"twitter:data1\" content=\"1 minuto\" \/>\n<script type=\"application\/ld+json\" class=\"yoast-schema-graph\">{\"@context\":\"https:\\\/\\\/schema.org\",\"@graph\":[{\"@type\":\"WebPage\",\"@id\":\"https:\\\/\\\/amrtop.net\\\/produit\\\/kitcxpg002-kits-pour-chaudieres-a-gaz-a-condensation\\\/\",\"url\":\"https:\\\/\\\/amrtop.net\\\/produit\\\/kitcxpg002-kits-pour-chaudieres-a-gaz-a-condensation\\\/\",\"name\":\"Kits pour chaudi\u00e8res \u00e0 gaz \u00e0 condensation\",\"isPartOf\":{\"@id\":\"https:\\\/\\\/amrtop.net\\\/#website\"},\"primaryImageOfPage\":{\"@id\":\"https:\\\/\\\/amrtop.net\\\/produit\\\/kitcxpg002-kits-pour-chaudieres-a-gaz-a-condensation\\\/#primaryimage\"},\"image\":{\"@id\":\"https:\\\/\\\/amrtop.net\\\/produit\\\/kitcxpg002-kits-pour-chaudieres-a-gaz-a-condensation\\\/#primaryimage\"},\"thumbnailUrl\":\"https:\\\/\\\/amrtop.net\\\/wp-content\\\/uploads\\\/2022\\\/06\\\/KITCXPG002.jpg\",\"datePublished\":\"2022-06-07T09:21:11+00:00\",\"dateModified\":\"2023-06-16T08:14:52+00:00\",\"description\":\"Kits pour chaudi\u00e8res \u00e0 gaz \u00e0 condensation Majorations Coaxiales De 60\\\/100 \u00c0 80\\\/125 cxp gas kit est un ligne de produits sp\u00e9cialement r\u00e9alis\u00e9e pour etre adaptable\u00e0 la plupart des chaudi\u00e8res \u00e0 condensation\",\"breadcrumb\":{\"@id\":\"https:\\\/\\\/amrtop.net\\\/produit\\\/kitcxpg002-kits-pour-chaudieres-a-gaz-a-condensation\\\/#breadcrumb\"},\"inLanguage\":\"es\",\"potentialAction\":[{\"@type\":\"ReadAction\",\"target\":[\"https:\\\/\\\/amrtop.net\\\/produit\\\/kitcxpg002-kits-pour-chaudieres-a-gaz-a-condensation\\\/\"]}]},{\"@type\":\"ImageObject\",\"inLanguage\":\"es\",\"@id\":\"https:\\\/\\\/amrtop.net\\\/produit\\\/kitcxpg002-kits-pour-chaudieres-a-gaz-a-condensation\\\/#primaryimage\",\"url\":\"https:\\\/\\\/amrtop.net\\\/wp-content\\\/uploads\\\/2022\\\/06\\\/KITCXPG002.jpg\",\"contentUrl\":\"https:\\\/\\\/amrtop.net\\\/wp-content\\\/uploads\\\/2022\\\/06\\\/KITCXPG002.jpg\",\"width\":640,\"height\":640,\"caption\":\"Kit caldaie a condensazione\"},{\"@type\":\"BreadcrumbList\",\"@id\":\"https:\\\/\\\/amrtop.net\\\/produit\\\/kitcxpg002-kits-pour-chaudieres-a-gaz-a-condensation\\\/#breadcrumb\",\"itemListElement\":[{\"@type\":\"ListItem\",\"position\":1,\"name\":\"Home\",\"item\":\"https:\\\/\\\/amrtop.net\\\/\"},{\"@type\":\"ListItem\",\"position\":2,\"name\":\"Shop\",\"item\":\"https:\\\/\\\/amrtop.net\\\/negozio\\\/\"},{\"@type\":\"ListItem\",\"position\":3,\"name\":\"KITCXPG002 &#8211; Kits pour chaudi\u00e8res \u00e0 gaz \u00e0 condensation\"}]},{\"@type\":\"WebSite\",\"@id\":\"https:\\\/\\\/amrtop.net\\\/#website\",\"url\":\"https:\\\/\\\/amrtop.net\\\/\",\"name\":\"AMRTOP B2B \u00c9tranger - Achats r\u00e9serv\u00e9s au professionnel\",\"description\":\"Pi\u00e8ces de rechange et accessoires pour po\u00eales et chaudi\u00e8res - eCommerce B2B pour Clients Professionnels\",\"potentialAction\":[{\"@type\":\"SearchAction\",\"target\":{\"@type\":\"EntryPoint\",\"urlTemplate\":\"https:\\\/\\\/amrtop.net\\\/?s={search_term_string}\"},\"query-input\":{\"@type\":\"PropertyValueSpecification\",\"valueRequired\":true,\"valueName\":\"search_term_string\"}}],\"inLanguage\":\"es\"}]}<\/script>\n<!-- \/ Yoast SEO plugin. -->","yoast_head_json":{"title":"Kits para calderas de condensaci\u00f3n de gas","description":"Kits para calderas de condensaci\u00f3n de gas Coaxial Aumenta De 60\/100 A 80\/125 cxp kit de gas es una l\u00ednea de productos especialmente dise\u00f1ados para adaptarse a la mayor\u00eda de las calderas de condensaci\u00f3n de gas.","robots":{"index":"index","follow":"follow","max-snippet":"max-snippet:-1","max-image-preview":"max-image-preview:large","max-video-preview":"max-video-preview:-1"},"canonical":"https:\/\/amrtop.net\/es\/producto\/kitcxpg002-kits-pour-chaudieres-a-gaz-a-condensation\/","og_locale":"es_ES","og_type":"article","og_title":"Kits pour chaudi\u00e8res \u00e0 gaz \u00e0 condensation","og_description":"Kits pour chaudi\u00e8res \u00e0 gaz \u00e0 condensation Majorations Coaxiales De 60\/100 \u00c0 80\/125 cxp gas kit est un ligne de produits sp\u00e9cialement r\u00e9alis\u00e9e pour etre adaptable\u00e0 la plupart des chaudi\u00e8res \u00e0 condensation","og_url":"https:\/\/amrtop.net\/es\/producto\/kitcxpg002-kits-pour-chaudieres-a-gaz-a-condensation\/","og_site_name":"AMRTOP B2B \u00c9tranger - Achats r\u00e9serv\u00e9s au professionnel","article_modified_time":"2023-06-16T08:14:52+00:00","og_image":[{"width":640,"height":640,"url":"https:\/\/amrtop.net\/wp-content\/uploads\/2022\/06\/KITCXPG002.jpg","type":"image\/jpeg"}],"twitter_card":"summary_large_image","twitter_misc":{"Tiempo de lectura":"1 minuto"},"schema":{"@context":"https:\/\/schema.org","@graph":[{"@type":"WebPage","@id":"https:\/\/amrtop.net\/produit\/kitcxpg002-kits-pour-chaudieres-a-gaz-a-condensation\/","url":"https:\/\/amrtop.net\/produit\/kitcxpg002-kits-pour-chaudieres-a-gaz-a-condensation\/","name":"Kits para calderas de condensaci\u00f3n de gas","isPartOf":{"@id":"https:\/\/amrtop.net\/#website"},"primaryImageOfPage":{"@id":"https:\/\/amrtop.net\/produit\/kitcxpg002-kits-pour-chaudieres-a-gaz-a-condensation\/#primaryimage"},"image":{"@id":"https:\/\/amrtop.net\/produit\/kitcxpg002-kits-pour-chaudieres-a-gaz-a-condensation\/#primaryimage"},"thumbnailUrl":"https:\/\/amrtop.net\/wp-content\/uploads\/2022\/06\/KITCXPG002.jpg","datePublished":"2022-06-07T09:21:11+00:00","dateModified":"2023-06-16T08:14:52+00:00","description":"Kits para calderas de condensaci\u00f3n de gas Coaxial Aumenta De 60\/100 A 80\/125 cxp kit de gas es una l\u00ednea de productos especialmente dise\u00f1ados para adaptarse a la mayor\u00eda de las calderas de condensaci\u00f3n de gas.","breadcrumb":{"@id":"https:\/\/amrtop.net\/produit\/kitcxpg002-kits-pour-chaudieres-a-gaz-a-condensation\/#breadcrumb"},"inLanguage":"es","potentialAction":[{"@type":"ReadAction","target":["https:\/\/amrtop.net\/produit\/kitcxpg002-kits-pour-chaudieres-a-gaz-a-condensation\/"]}]},{"@type":"ImageObject","inLanguage":"es","@id":"https:\/\/amrtop.net\/produit\/kitcxpg002-kits-pour-chaudieres-a-gaz-a-condensation\/#primaryimage","url":"https:\/\/amrtop.net\/wp-content\/uploads\/2022\/06\/KITCXPG002.jpg","contentUrl":"https:\/\/amrtop.net\/wp-content\/uploads\/2022\/06\/KITCXPG002.jpg","width":640,"height":640,"caption":"Kit caldaie a condensazione"},{"@type":"BreadcrumbList","@id":"https:\/\/amrtop.net\/produit\/kitcxpg002-kits-pour-chaudieres-a-gaz-a-condensation\/#breadcrumb","itemListElement":[{"@type":"ListItem","position":1,"name":"Home","item":"https:\/\/amrtop.net\/"},{"@type":"ListItem","position":2,"name":"Shop","item":"https:\/\/amrtop.net\/negozio\/"},{"@type":"ListItem","position":3,"name":"KITCXPG002 &#8211; Kits pour chaudi\u00e8res \u00e0 gaz \u00e0 condensation"}]},{"@type":"WebSite","@id":"https:\/\/amrtop.net\/#website","url":"https:\/\/amrtop.net\/","name":"AMRTOP B2B Abroad - Compras reservadas a los profesionales","description":"Recambios y accesorios para estufas y calderas - Comercio electr\u00f3nico B2B para profesionales","potentialAction":[{"@type":"SearchAction","target":{"@type":"EntryPoint","urlTemplate":"https:\/\/amrtop.net\/?s={search_term_string}"},"query-input":{"@type":"PropertyValueSpecification","valueRequired":true,"valueName":"search_term_string"}}],"inLanguage":"es"}]}},"_links":{"self":[{"href":"https:\/\/amrtop.net\/es\/wp-json\/wp\/v2\/product\/30252","targetHints":{"allow":["GET"]}}],"collection":[{"href":"https:\/\/amrtop.net\/es\/wp-json\/wp\/v2\/product"}],"about":[{"href":"https:\/\/amrtop.net\/es\/wp-json\/wp\/v2\/types\/product"}],"replies":[{"embeddable":true,"href":"https:\/\/amrtop.net\/es\/wp-json\/wp\/v2\/comments?post=30252"}],"wp:featuredmedia":[{"embeddable":true,"href":"https:\/\/amrtop.net\/es\/wp-json\/wp\/v2\/media\/32649"}],"wp:attachment":[{"href":"https:\/\/amrtop.net\/es\/wp-json\/wp\/v2\/media?parent=30252"}],"wp:term":[{"taxonomy":"product_brand","embeddable":true,"href":"https:\/\/amrtop.net\/es\/wp-json\/wp\/v2\/product_brand?post=30252"},{"taxonomy":"product_cat","embeddable":true,"href":"https:\/\/amrtop.net\/es\/wp-json\/wp\/v2\/product_cat?post=30252"},{"taxonomy":"product_tag","embeddable":true,"href":"https:\/\/amrtop.net\/es\/wp-json\/wp\/v2\/product_tag?post=30252"}],"curies":[{"name":"wp","href":"https:\/\/api.w.org\/{rel}","templated":true}]}}