{"id":30728,"date":"2022-06-08T07:42:05","date_gmt":"2022-06-08T07:42:05","guid":{"rendered":"https:\/\/amrtop.com\/B2B\/?post_type=product&#038;p=30728"},"modified":"2023-06-16T12:49:05","modified_gmt":"2023-06-16T12:49:05","slug":"cxpg1040-departe-verticales-coaxiales-par-prelevement-de-fumees-60-100-80-125","status":"publish","type":"product","link":"https:\/\/amrtop.net\/es\/produit\/cxpg1040-departe-verticales-coaxiales-par-prelevement-de-fumees-60-100-80-125\/","title":{"rendered":"CXPG1040 &#8211; D\u00e9parte verticales coaxiales par pr\u00e9l\u00e8vement de fum\u00e9es 60\/100 &#8211; 80\/125"},"content":{"rendered":"<p><strong>D\u00e9parte vertical coaxial CXPG1040 <\/strong><\/p>\n<p><strong>Salidas verticales coaxiales \u00f8 60 - 100 mm con extracci\u00f3n de humos<\/strong><\/p>\n<p>Los conductos verticales coaxiales con extracci\u00f3n de gases de combusti\u00f3n son de 60 mm - pl es 100 mm, 80 mm - y 125 mm para calderas de condensaci\u00f3n.<\/p>\n<p>Los distribuidores coaxiales con toma de gases de combusti\u00f3n est\u00e1n equipados con una conexi\u00f3n a la caldera.<\/p>\n<p>Grosor del material: aluminio interior 1 mm y aluminio exterior 1,2 mm<\/p>\n<ul>\n<li>Tipo de material: Interior de aluminio y exterior de aluminio blanco<\/li>\n<li>Di\u00e1metros de tubo: pl 60 mm - pl 100 mm<\/li>\n<li>Color exterior e interior: Blanco brillante<\/li>\n<\/ul>\n<p><strong>Apto para calderas de gas :<\/strong><\/p>\n<p>Immergas<\/p>\n<p><strong>Utilisation de D\u00e9parte vertical coaxial CXPG1040 <\/strong><\/p>\n<p>Este sistema coaxial de evacuaci\u00f3n de gases de combusti\u00f3n se utiliza exclusivamente para generadores de calor civiles que funcionan con combustibles gaseosos tradicionales. La temperatura m\u00e1xima de los gases de combusti\u00f3n no debe superar los 200 oC, con picos m\u00e1ximos permitidos de 250 oC.<\/p>\n<p><strong>Gama de sistemas de humo AMR TOP\u00a0\u00a0\u00a0\u00a0\u00a0\u00a0 <\/strong><\/p>\n<p><a href=\"https:\/\/amrtop.net\/es\/categoria-de-productos\/conductos-de-humo-2\/tuyaux-flexibles-en-acier-inoxydable\/\"><strong>TOP FLEX SP - Tubos flexibles de acero inoxidable corrugados de pared simple y doble<\/strong><\/a><\/p>\n<p><a href=\"https:\/\/amrtop.net\/es\/categoria-de-productos\/conductos-de-humo-2\/tube-rigide-monoparete-en-acier-inoxydable\/\"><strong>SP - Tubo r\u00edgido de pared simple de acero inoxidable AISI 316L<\/strong><\/a><\/p>\n<p><a href=\"https:\/\/amrtop.net\/es\/categoria-de-productos\/conductos-de-humo-2\/tube-flexible-inox-aisi-316-l-interieur-lisse-isole\/\"><strong>ISOTOP FLEX - Tubo flexible interior liso aislado de acero inoxidable AISI 316L \u00a0<\/strong><\/a><\/p>\n<p><a href=\"https:\/\/amrtop.net\/es\/categoria-de-productos\/conductos-de-humo-2\/dp-air-tube-double-paroi-inox-a-chambre-dair\/\"><strong>DP AIR - Tubo de acero inoxidable de doble pared con c\u00e1mara de aire<\/strong><\/a><\/p>\n<p><a href=\"https:\/\/amrtop.net\/es\/categoria-de-productos\/conductos-de-humo-2\/tube-coaxial-inox\/\"><strong>DP - Tubo aislado de doble pared 10 mm - 25 mm<\/strong><\/a><\/p>\n<p><a href=\"https:\/\/amrtop.net\/es\/categoria-de-productos\/conductos-de-humo-2\/tube-coaxial-inox\/\"><strong>COAX TOP - Tubo coaxial de acero inoxidable en PPS y PPS\/acero inoxidable<\/strong><\/a><\/p>\n<p><a href=\"https:\/\/amrtop.net\/es\/categoria-de-productos\/conductos-de-humo-2\/tuyau-coaxial-inox-inox-black\/\"><strong>COAX PELLET - Tubo coaxial de acero inoxidable<\/strong><\/a><\/p>\n<p><strong><a href=\"https:\/\/amrtop.net\/es\/categoria-de-productos\/conductos-de-humo-2\/conduits-de-fumee-des-appareils-a-biomasse\/\">BIOM TOP - Tubos para estufas de pellets y le\u00f1a<\/a><\/strong><\/p>\n<p><strong><a href=\"https:\/\/amrtop.net\/es\/categoria-de-productos\/conductos-de-humo-2\/alutop-tube-en-aluminium-flexible-extensible\/\">ALU TOP - Tubos de aluminio estirables<\/a><\/strong><\/p>","protected":false},"excerpt":{"rendered":"<p>D\u00e9parte vertical coaxial CXPG1040 D\u00e9parts verticaux coaxiaux \u00f8 60 &#8211; 100 mm avec pr\u00e9l\u00e8vement des fum\u00e9es Les d\u00e9parts verticaux coaxiaux avec pr\u00e9l\u00e8vement des fum\u00e9es sont de 60 mm &#8211; pl es 100 mm, de 80 mm &#8211; et de 125 mm pour chaudi\u00e8res \u00e0 condensation. Les r\u00e9partiteurs coaxiaux avec pr\u00e9l\u00e8vement des fum\u00e9es sont \u00e9quip\u00e9s d\u2019un [&hellip;]<\/p>\n","protected":false},"featured_media":33487,"comment_status":"open","ping_status":"closed","template":"","meta":[],"product_brand":[],"product_cat":[1542,1546,1564],"product_tag":[],"class_list":{"0":"post-30728","1":"product","2":"type-product","3":"status-publish","4":"has-post-thumbnail","6":"product_cat-tube-coaxial-inox","7":"product_cat-cxp-gas-kit-kits-coaxiaux-et-accessoires-pour-chaudieres-a-condensation","8":"product_cat-departe-vertical-coaxial-avec-prelevement-des-fumees","10":"first","11":"instock","12":"shipping-taxable","13":"purchasable","14":"product-type-simple"},"yoast_head":"<!-- This site is optimized with the Yoast SEO plugin v27.4 - https:\/\/yoast.com\/product\/yoast-seo-wordpress\/ -->\n<title>D\u00e9parte vertical coaxial CXPG1040<\/title>\n<meta name=\"description\" content=\"D\u00e9parte vertical coaxial CXPG1040 - D\u00e9marrage vertical coaxial CXP-GAS-KIT est utilis\u00e9 exclusivement pour les g\u00e9n\u00e9rateurs de chaleur civils fonctionnant avec des combustibles\" \/>\n<meta name=\"robots\" content=\"index, follow, max-snippet:-1, max-image-preview:large, max-video-preview:-1\" \/>\n<link rel=\"canonical\" href=\"https:\/\/amrtop.net\/es\/producto\/cxpg1040-departe-verticales-coaxiales-par-prelevement-de-fumees-60-100-80-125\/\" \/>\n<meta property=\"og:locale\" content=\"es_ES\" \/>\n<meta property=\"og:type\" content=\"article\" \/>\n<meta property=\"og:title\" content=\"D\u00e9parte vertical coaxial CXPG1040\" \/>\n<meta property=\"og:description\" content=\"D\u00e9parte vertical coaxial CXPG1040 - D\u00e9marrage vertical coaxial CXP-GAS-KIT est utilis\u00e9 exclusivement pour les g\u00e9n\u00e9rateurs de chaleur civils fonctionnant avec des combustibles\" \/>\n<meta property=\"og:url\" content=\"https:\/\/amrtop.net\/es\/producto\/cxpg1040-departe-verticales-coaxiales-par-prelevement-de-fumees-60-100-80-125\/\" \/>\n<meta property=\"og:site_name\" content=\"AMRTOP B2B \u00c9tranger - Achats r\u00e9serv\u00e9s au professionnel\" \/>\n<meta property=\"article:modified_time\" content=\"2023-06-16T12:49:05+00:00\" \/>\n<meta property=\"og:image\" content=\"https:\/\/amrtop.net\/wp-content\/uploads\/2022\/06\/cxpg0139.jpg\" \/>\n\t<meta property=\"og:image:width\" content=\"640\" \/>\n\t<meta property=\"og:image:height\" content=\"640\" \/>\n\t<meta property=\"og:image:type\" content=\"image\/jpeg\" \/>\n<meta name=\"twitter:card\" content=\"summary_large_image\" \/>\n<meta name=\"twitter:label1\" content=\"Tiempo de lectura\" \/>\n\t<meta name=\"twitter:data1\" content=\"2 minutos\" \/>\n<script type=\"application\/ld+json\" class=\"yoast-schema-graph\">{\"@context\":\"https:\\\/\\\/schema.org\",\"@graph\":[{\"@type\":\"WebPage\",\"@id\":\"https:\\\/\\\/amrtop.net\\\/produit\\\/cxpg1040-departe-verticales-coaxiales-par-prelevement-de-fumees-60-100-80-125\\\/\",\"url\":\"https:\\\/\\\/amrtop.net\\\/produit\\\/cxpg1040-departe-verticales-coaxiales-par-prelevement-de-fumees-60-100-80-125\\\/\",\"name\":\"D\u00e9parte vertical coaxial CXPG1040\",\"isPartOf\":{\"@id\":\"https:\\\/\\\/amrtop.net\\\/#website\"},\"primaryImageOfPage\":{\"@id\":\"https:\\\/\\\/amrtop.net\\\/produit\\\/cxpg1040-departe-verticales-coaxiales-par-prelevement-de-fumees-60-100-80-125\\\/#primaryimage\"},\"image\":{\"@id\":\"https:\\\/\\\/amrtop.net\\\/produit\\\/cxpg1040-departe-verticales-coaxiales-par-prelevement-de-fumees-60-100-80-125\\\/#primaryimage\"},\"thumbnailUrl\":\"https:\\\/\\\/amrtop.net\\\/wp-content\\\/uploads\\\/2022\\\/06\\\/cxpg0139.jpg\",\"datePublished\":\"2022-06-08T07:42:05+00:00\",\"dateModified\":\"2023-06-16T12:49:05+00:00\",\"description\":\"D\u00e9parte vertical coaxial CXPG1040 - D\u00e9marrage vertical coaxial CXP-GAS-KIT est utilis\u00e9 exclusivement pour les g\u00e9n\u00e9rateurs de chaleur civils fonctionnant avec des combustibles\",\"breadcrumb\":{\"@id\":\"https:\\\/\\\/amrtop.net\\\/produit\\\/cxpg1040-departe-verticales-coaxiales-par-prelevement-de-fumees-60-100-80-125\\\/#breadcrumb\"},\"inLanguage\":\"es\",\"potentialAction\":[{\"@type\":\"ReadAction\",\"target\":[\"https:\\\/\\\/amrtop.net\\\/produit\\\/cxpg1040-departe-verticales-coaxiales-par-prelevement-de-fumees-60-100-80-125\\\/\"]}]},{\"@type\":\"ImageObject\",\"inLanguage\":\"es\",\"@id\":\"https:\\\/\\\/amrtop.net\\\/produit\\\/cxpg1040-departe-verticales-coaxiales-par-prelevement-de-fumees-60-100-80-125\\\/#primaryimage\",\"url\":\"https:\\\/\\\/amrtop.net\\\/wp-content\\\/uploads\\\/2022\\\/06\\\/cxpg0139.jpg\",\"contentUrl\":\"https:\\\/\\\/amrtop.net\\\/wp-content\\\/uploads\\\/2022\\\/06\\\/cxpg0139.jpg\",\"width\":640,\"height\":640,\"caption\":\"D\u00e9parte vertical coaxial CXPG1040 - D\u00e9marrage vertical coaxial CXP-GAS-KIT est utilis\u00e9 exclusivement pour les g\u00e9n\u00e9rateurs de chaleur civils fonctionnant avec des combustibles\"},{\"@type\":\"BreadcrumbList\",\"@id\":\"https:\\\/\\\/amrtop.net\\\/produit\\\/cxpg1040-departe-verticales-coaxiales-par-prelevement-de-fumees-60-100-80-125\\\/#breadcrumb\",\"itemListElement\":[{\"@type\":\"ListItem\",\"position\":1,\"name\":\"Home\",\"item\":\"https:\\\/\\\/amrtop.net\\\/\"},{\"@type\":\"ListItem\",\"position\":2,\"name\":\"Shop\",\"item\":\"https:\\\/\\\/amrtop.net\\\/negozio\\\/\"},{\"@type\":\"ListItem\",\"position\":3,\"name\":\"CXPG1040 &#8211; D\u00e9parte verticales coaxiales par pr\u00e9l\u00e8vement de fum\u00e9es 60\\\/100 &#8211; 80\\\/125\"}]},{\"@type\":\"WebSite\",\"@id\":\"https:\\\/\\\/amrtop.net\\\/#website\",\"url\":\"https:\\\/\\\/amrtop.net\\\/\",\"name\":\"AMRTOP B2B \u00c9tranger - Achats r\u00e9serv\u00e9s au professionnel\",\"description\":\"Pi\u00e8ces de rechange et accessoires pour po\u00eales et chaudi\u00e8res - eCommerce B2B pour Clients Professionnels\",\"potentialAction\":[{\"@type\":\"SearchAction\",\"target\":{\"@type\":\"EntryPoint\",\"urlTemplate\":\"https:\\\/\\\/amrtop.net\\\/?s={search_term_string}\"},\"query-input\":{\"@type\":\"PropertyValueSpecification\",\"valueRequired\":true,\"valueName\":\"search_term_string\"}}],\"inLanguage\":\"es\"}]}<\/script>\n<!-- \/ Yoast SEO plugin. -->","yoast_head_json":{"title":"D\u00e9parte vertical coaxial CXPG1040","description":"D\u00e9parte vertical coaxial CXPG1040 - D\u00e9marrage vertical coaxial CXP-GAS-KIT est utilis\u00e9 exclusivement pour les g\u00e9n\u00e9rateurs de chaleur civils fonctionnant avec des combustibles","robots":{"index":"index","follow":"follow","max-snippet":"max-snippet:-1","max-image-preview":"max-image-preview:large","max-video-preview":"max-video-preview:-1"},"canonical":"https:\/\/amrtop.net\/es\/producto\/cxpg1040-departe-verticales-coaxiales-par-prelevement-de-fumees-60-100-80-125\/","og_locale":"es_ES","og_type":"article","og_title":"D\u00e9parte vertical coaxial CXPG1040","og_description":"D\u00e9parte vertical coaxial CXPG1040 - D\u00e9marrage vertical coaxial CXP-GAS-KIT est utilis\u00e9 exclusivement pour les g\u00e9n\u00e9rateurs de chaleur civils fonctionnant avec des combustibles","og_url":"https:\/\/amrtop.net\/es\/producto\/cxpg1040-departe-verticales-coaxiales-par-prelevement-de-fumees-60-100-80-125\/","og_site_name":"AMRTOP B2B \u00c9tranger - Achats r\u00e9serv\u00e9s au professionnel","article_modified_time":"2023-06-16T12:49:05+00:00","og_image":[{"width":640,"height":640,"url":"https:\/\/amrtop.net\/wp-content\/uploads\/2022\/06\/cxpg0139.jpg","type":"image\/jpeg"}],"twitter_card":"summary_large_image","twitter_misc":{"Tiempo de lectura":"2 minutos"},"schema":{"@context":"https:\/\/schema.org","@graph":[{"@type":"WebPage","@id":"https:\/\/amrtop.net\/produit\/cxpg1040-departe-verticales-coaxiales-par-prelevement-de-fumees-60-100-80-125\/","url":"https:\/\/amrtop.net\/produit\/cxpg1040-departe-verticales-coaxiales-par-prelevement-de-fumees-60-100-80-125\/","name":"D\u00e9parte vertical coaxial CXPG1040","isPartOf":{"@id":"https:\/\/amrtop.net\/#website"},"primaryImageOfPage":{"@id":"https:\/\/amrtop.net\/produit\/cxpg1040-departe-verticales-coaxiales-par-prelevement-de-fumees-60-100-80-125\/#primaryimage"},"image":{"@id":"https:\/\/amrtop.net\/produit\/cxpg1040-departe-verticales-coaxiales-par-prelevement-de-fumees-60-100-80-125\/#primaryimage"},"thumbnailUrl":"https:\/\/amrtop.net\/wp-content\/uploads\/2022\/06\/cxpg0139.jpg","datePublished":"2022-06-08T07:42:05+00:00","dateModified":"2023-06-16T12:49:05+00:00","description":"D\u00e9parte vertical coaxial CXPG1040 - D\u00e9marrage vertical coaxial CXP-GAS-KIT est utilis\u00e9 exclusivement pour les g\u00e9n\u00e9rateurs de chaleur civils fonctionnant avec des combustibles","breadcrumb":{"@id":"https:\/\/amrtop.net\/produit\/cxpg1040-departe-verticales-coaxiales-par-prelevement-de-fumees-60-100-80-125\/#breadcrumb"},"inLanguage":"es","potentialAction":[{"@type":"ReadAction","target":["https:\/\/amrtop.net\/produit\/cxpg1040-departe-verticales-coaxiales-par-prelevement-de-fumees-60-100-80-125\/"]}]},{"@type":"ImageObject","inLanguage":"es","@id":"https:\/\/amrtop.net\/produit\/cxpg1040-departe-verticales-coaxiales-par-prelevement-de-fumees-60-100-80-125\/#primaryimage","url":"https:\/\/amrtop.net\/wp-content\/uploads\/2022\/06\/cxpg0139.jpg","contentUrl":"https:\/\/amrtop.net\/wp-content\/uploads\/2022\/06\/cxpg0139.jpg","width":640,"height":640,"caption":"D\u00e9parte vertical coaxial CXPG1040 - D\u00e9marrage vertical coaxial CXP-GAS-KIT est utilis\u00e9 exclusivement pour les g\u00e9n\u00e9rateurs de chaleur civils fonctionnant avec des combustibles"},{"@type":"BreadcrumbList","@id":"https:\/\/amrtop.net\/produit\/cxpg1040-departe-verticales-coaxiales-par-prelevement-de-fumees-60-100-80-125\/#breadcrumb","itemListElement":[{"@type":"ListItem","position":1,"name":"Home","item":"https:\/\/amrtop.net\/"},{"@type":"ListItem","position":2,"name":"Shop","item":"https:\/\/amrtop.net\/negozio\/"},{"@type":"ListItem","position":3,"name":"CXPG1040 &#8211; D\u00e9parte verticales coaxiales par pr\u00e9l\u00e8vement de fum\u00e9es 60\/100 &#8211; 80\/125"}]},{"@type":"WebSite","@id":"https:\/\/amrtop.net\/#website","url":"https:\/\/amrtop.net\/","name":"AMRTOP B2B Abroad - Compras reservadas a los profesionales","description":"Recambios y accesorios para estufas y calderas - Comercio electr\u00f3nico B2B para profesionales","potentialAction":[{"@type":"SearchAction","target":{"@type":"EntryPoint","urlTemplate":"https:\/\/amrtop.net\/?s={search_term_string}"},"query-input":{"@type":"PropertyValueSpecification","valueRequired":true,"valueName":"search_term_string"}}],"inLanguage":"es"}]}},"_links":{"self":[{"href":"https:\/\/amrtop.net\/es\/wp-json\/wp\/v2\/product\/30728","targetHints":{"allow":["GET"]}}],"collection":[{"href":"https:\/\/amrtop.net\/es\/wp-json\/wp\/v2\/product"}],"about":[{"href":"https:\/\/amrtop.net\/es\/wp-json\/wp\/v2\/types\/product"}],"replies":[{"embeddable":true,"href":"https:\/\/amrtop.net\/es\/wp-json\/wp\/v2\/comments?post=30728"}],"wp:featuredmedia":[{"embeddable":true,"href":"https:\/\/amrtop.net\/es\/wp-json\/wp\/v2\/media\/33487"}],"wp:attachment":[{"href":"https:\/\/amrtop.net\/es\/wp-json\/wp\/v2\/media?parent=30728"}],"wp:term":[{"taxonomy":"product_brand","embeddable":true,"href":"https:\/\/amrtop.net\/es\/wp-json\/wp\/v2\/product_brand?post=30728"},{"taxonomy":"product_cat","embeddable":true,"href":"https:\/\/amrtop.net\/es\/wp-json\/wp\/v2\/product_cat?post=30728"},{"taxonomy":"product_tag","embeddable":true,"href":"https:\/\/amrtop.net\/es\/wp-json\/wp\/v2\/product_tag?post=30728"}],"curies":[{"name":"wp","href":"https:\/\/api.w.org\/{rel}","templated":true}]}}