{"id":30745,"date":"2022-06-08T09:54:23","date_gmt":"2022-06-08T09:54:23","guid":{"rendered":"https:\/\/amrtop.com\/B2B\/?post_type=product&#038;p=30745"},"modified":"2023-06-16T09:35:28","modified_gmt":"2023-06-16T09:35:28","slug":"cxpg1148-repartiteur-coaxial-de-60-100-80-125f-a-80-80-avec-prelevement-des-fumees","status":"publish","type":"product","link":"https:\/\/amrtop.net\/es\/produit\/cxpg1148-repartiteur-coaxial-de-60-100-80-125f-a-80-80-avec-prelevement-des-fumees\/","title":{"rendered":"CXPG1148 &#8211; R\u00e9partiteur coaxial de 60\/100 \u2013 80\/125F a 80\/80 avec pr\u00e9l\u00e8vement des fum\u00e9es"},"content":{"rendered":"<p><strong>Apto para calderas de gas :<\/strong> Chaffoteaux &#8211; Ariston &#8211; Radi &#8211; Simat &#8211; NewFar &#8211; Ecoflam &#8211; Elco<\/p>\n<h3>Distribuidor coaxial de 60\/100 - 80\/125F a 80\/80 con extracci\u00f3n de gases de combusti\u00f3n<\/h3>\n<p>Los grifos coaxiales para gases de combusti\u00f3n son de 60 mm - m\u00b2 100 mm, 80 mm - m\u00b2 y 125 mm para calderas de condensaci\u00f3n.  Las placas coaxiales con toma de gases de combusti\u00f3n est\u00e1n equipadas con un conector para la conexi\u00f3n a la caldera. Tambi\u00e9n est\u00e1n equipados con un peque\u00f1o dispositivo para la extracci\u00f3n de humos.<\/p>\n<ul>\n<li>Grosor del material: aluminio interior 1 mm y aluminio exterior 1,2 mm<\/li>\n<li>Tipo de material: Interior de aluminio y exterior de aluminio blanco<\/li>\n<li>Di\u00e1metros de tubo: pl 60 mm - pl 100 mm<\/li>\n<li>Color exterior e interior: Blanco brillante<\/li>\n<\/ul>\n<h3>Compatible con los siguientes fabricantes<\/h3>\n<p>Ferroli - Baltur - Biasi - Radiant - Joannes - Ici - Savio - Unical - Euroterm- Arca - Lamborghini - Sime - Fondital - Stargas - Mcn - Italtherm - Artherm - Beretta - Riello - Sylber - Baxi - Argo - Roca - Viessmann - Bosch - Junkers - Vaillant - Chaffeteaux - Ariston - Radi - Simat - NewFar - Ecoflam - Elco - Saunier Duval - Hermann - Cosmogas - Intergas - Atlantique<\/p>\n<h3>Utilizaci\u00f3n del divisor coaxial 60\/100-80\/125F-80\/80<\/h3>\n<p>Este sistema coaxial de evacuaci\u00f3n de gases de combusti\u00f3n se utiliza exclusivamente para generadores de calor civiles que funcionan con combustibles gaseosos tradicionales. La temperatura m\u00e1xima de los gases de combusti\u00f3n no debe superar los 200 \u00baC, con picos m\u00e1ximos permitidos de 250 \u00baC.<\/p>\n<h3>Dom\u00e9stico<\/h3>\n<p><a href=\"https:\/\/wekos.it\/\">estufas, cocinas y radiadores de le\u00f1a - chimeneas, estufas, radiadores y calderas de pellets.<\/a><\/p>\n<h3><strong>Gama de sistemas de humo AMR TOP \u00a0\u00a0\u00a0 \u00a0 \u00a0 \u00a0 \u00a0 \u00a0 \u00a0 \u00a0 \u00a0 \u00a0 \u00a0 \u00a0 \u00a0 \u00a0 \u00a0 \u00a0 \u00a0 \u00a0 \u00a0 \u00a0 \u00a0 \u00a0 \u00a0 \u00a0 \u00a0 \u00a0 \u00a0 \u00a0 \u00a0 \u00a0 \u00a0 \u00a0 \u00a0 \u00a0 \u00a0 \u00a0 \u00a0 \u00a0 \u00a0 \u00a0 \u00a0 \u00a0 \u00a0 \u00a0 \u00a0 \u00a0 \u00a0 \u00a0 \u00a0 \u00a0 \u00a0 \u00a0 \u00a0 \u00a0 \u00a0 \u00a0<\/strong><\/h3>\n<p><a href=\"https:\/\/amrtop.net\/es\/categoria-de-productos\/conductos-de-humo-2\/tuyaux-flexibles-en-acier-inoxydable\/\"><strong>TOP FLEX SP - Tubos flexibles de acero inoxidable corrugados de pared simple y doble<\/strong><\/a><\/p>\n<p><a href=\"https:\/\/amrtop.net\/es\/categoria-de-productos\/conductos-de-humo-2\/tube-rigide-monoparete-en-acier-inoxydable\/\"><strong>SP - Tubo r\u00edgido de pared simple de acero inoxidable AISI 316L<\/strong><\/a><\/p>\n<p><strong><u><a href=\"https:\/\/amrtop.net\/es\/categoria-de-productos\/conductos-de-humo-2\/tube-flexible-inox-aisi-316-l-interieur-lisse-isole\/\">ISOTOP FLEX - Tubo flexible interior liso aislado de acero inoxidable AISI 316L \u00a0<\/a><\/u><\/strong><\/p>\n<p><strong><u><a href=\"https:\/\/amrtop.net\/es\/categoria-de-productos\/conductos-de-humo-2\/dp-air-tube-double-paroi-inox-a-chambre-dair\/\">DP AIR - Tubo de acero inoxidable de doble pared con c\u00e1mara de aire<\/a><\/u><\/strong><\/p>\n<p><strong><u><a href=\"https:\/\/amrtop.net\/es\/categoria-de-productos\/conductos-de-humo-2\/tube-coaxial-inox\/\">DP - Tubo aislado de doble pared 10 mm - 25 mm<\/a><\/u><\/strong><\/p>\n<p><strong><a href=\"https:\/\/amrtop.net\/es\/categoria-de-productos\/conductos-de-humo-2\/tube-coaxial-inox\/\">COAX TOP - Tubo coaxial de acero inoxidable en PPS y PPS\/acero inoxidable<\/a><\/strong><\/p>\n<p><strong><u><a href=\"https:\/\/amrtop.net\/es\/categoria-de-productos\/conductos-de-humo-2\/tuyau-coaxial-inox-inox-black\/\">COAX PELLET - Tubo coaxial de acero inoxidable<\/a><\/u><\/strong><\/p>\n<p><strong><u><a href=\"https:\/\/amrtop.net\/es\/categoria-de-productos\/conductos-de-humo-2\/conduits-de-fumee-des-appareils-a-biomasse\/\">BIOM TOP - Tubos para estufas de pellets y le\u00f1a<\/a><\/u><\/strong><\/p>\n<p><strong><u><a href=\"https:\/\/amrtop.net\/es\/categoria-de-productos\/conductos-de-humo-2\/alutop-tube-en-aluminium-flexible-extensible\/\">ALU TOP - Tubo de aluminio flexible extensible<\/a><\/u><\/strong><strong>\u00a0 \u00a0\u00a0<\/strong><\/p>","protected":false},"excerpt":{"rendered":"<p>Adaptables aux chaudi\u00e8res \u00e0 gaz\u00a0: Chaffoteaux &#8211; Ariston &#8211; Radi &#8211; Simat &#8211; NewFar &#8211; Ecoflam &#8211; Elco R\u00e9partiteur coaxial de 60\/100 \u2013 80\/125F a 80\/80 avec pr\u00e9l\u00e8vement des fum\u00e9es Les r\u00e9partiteurs coaxiaux avec pr\u00e9l\u00e8vement des fum\u00e9es sont de 60 mm \u2013 m\u00b2 100 mm, de 80 mm \u2013 m\u00b2 et de 125 mm pour [&hellip;]<\/p>\n","protected":false},"featured_media":33511,"comment_status":"open","ping_status":"closed","template":"","meta":[],"product_brand":[],"product_cat":[1542,1546,1565],"product_tag":[],"class_list":{"0":"post-30745","1":"product","2":"type-product","3":"status-publish","4":"has-post-thumbnail","6":"product_cat-tube-coaxial-inox","7":"product_cat-cxp-gas-kit-kits-coaxiaux-et-accessoires-pour-chaudieres-a-condensation","8":"product_cat-separateurs-coasssiaux-avec-prelevement-des-fumees","10":"first","11":"instock","12":"shipping-taxable","13":"purchasable","14":"product-type-simple"},"yoast_head":"<!-- This site is optimized with the Yoast SEO plugin v27.5 - https:\/\/yoast.com\/product\/yoast-seo-wordpress\/ -->\n<title>R\u00e9partiteur coaxial de 60\/100 \u2013 80\/125F a 80\/80 avec pr\u00e9l\u00e8vement des fum\u00e9es<\/title>\n<meta name=\"description\" content=\"R\u00e9partiteur coaxial de 60\/100 \u2013 80\/125F a 80\/80 avec pr\u00e9l\u00e8vement des fum\u00e9es Majorations Coaxiales De 60\/100 \u00c0 80\/125 cxp gas kit est un ligne de produits sp\u00e9cialement r\u00e9alis\u00e9e pour etre adaptable\u00e0 la plupart des chaudi\u00e8res \u00e0 condensation\" \/>\n<meta name=\"robots\" content=\"index, follow, max-snippet:-1, max-image-preview:large, max-video-preview:-1\" \/>\n<link rel=\"canonical\" href=\"https:\/\/amrtop.net\/es\/producto\/cxpg1148-repartiteur-coaxial-de-60-100-80-125f-a-80-80-avec-prelevement-des-fumees\/\" \/>\n<meta property=\"og:locale\" content=\"es_ES\" \/>\n<meta property=\"og:type\" content=\"article\" \/>\n<meta property=\"og:title\" content=\"R\u00e9partiteur coaxial de 60\/100 \u2013 80\/125F a 80\/80 avec pr\u00e9l\u00e8vement des fum\u00e9es\" \/>\n<meta property=\"og:description\" content=\"R\u00e9partiteur coaxial de 60\/100 \u2013 80\/125F a 80\/80 avec pr\u00e9l\u00e8vement des fum\u00e9es Majorations Coaxiales De 60\/100 \u00c0 80\/125 cxp gas kit est un ligne de produits sp\u00e9cialement r\u00e9alis\u00e9e pour etre adaptable\u00e0 la plupart des chaudi\u00e8res \u00e0 condensation\" \/>\n<meta property=\"og:url\" content=\"https:\/\/amrtop.net\/es\/producto\/cxpg1148-repartiteur-coaxial-de-60-100-80-125f-a-80-80-avec-prelevement-des-fumees\/\" \/>\n<meta property=\"og:site_name\" content=\"AMRTOP B2B \u00c9tranger - Achats r\u00e9serv\u00e9s au professionnel\" \/>\n<meta property=\"article:modified_time\" content=\"2023-06-16T09:35:28+00:00\" \/>\n<meta property=\"og:image\" content=\"https:\/\/amrtop.net\/wp-content\/uploads\/2022\/06\/cxpg1148.jpg\" \/>\n\t<meta property=\"og:image:width\" content=\"640\" \/>\n\t<meta property=\"og:image:height\" content=\"640\" \/>\n\t<meta property=\"og:image:type\" content=\"image\/jpeg\" \/>\n<meta name=\"twitter:card\" content=\"summary_large_image\" \/>\n<meta name=\"twitter:label1\" content=\"Tiempo de lectura\" \/>\n\t<meta name=\"twitter:data1\" content=\"2 minutos\" \/>\n<script type=\"application\/ld+json\" class=\"yoast-schema-graph\">{\"@context\":\"https:\\\/\\\/schema.org\",\"@graph\":[{\"@type\":\"WebPage\",\"@id\":\"https:\\\/\\\/amrtop.net\\\/produit\\\/cxpg1148-repartiteur-coaxial-de-60-100-80-125f-a-80-80-avec-prelevement-des-fumees\\\/\",\"url\":\"https:\\\/\\\/amrtop.net\\\/produit\\\/cxpg1148-repartiteur-coaxial-de-60-100-80-125f-a-80-80-avec-prelevement-des-fumees\\\/\",\"name\":\"R\u00e9partiteur coaxial de 60\\\/100 \u2013 80\\\/125F a 80\\\/80 avec pr\u00e9l\u00e8vement des fum\u00e9es\",\"isPartOf\":{\"@id\":\"https:\\\/\\\/amrtop.net\\\/#website\"},\"primaryImageOfPage\":{\"@id\":\"https:\\\/\\\/amrtop.net\\\/produit\\\/cxpg1148-repartiteur-coaxial-de-60-100-80-125f-a-80-80-avec-prelevement-des-fumees\\\/#primaryimage\"},\"image\":{\"@id\":\"https:\\\/\\\/amrtop.net\\\/produit\\\/cxpg1148-repartiteur-coaxial-de-60-100-80-125f-a-80-80-avec-prelevement-des-fumees\\\/#primaryimage\"},\"thumbnailUrl\":\"https:\\\/\\\/amrtop.net\\\/wp-content\\\/uploads\\\/2022\\\/06\\\/cxpg1148.jpg\",\"datePublished\":\"2022-06-08T09:54:23+00:00\",\"dateModified\":\"2023-06-16T09:35:28+00:00\",\"description\":\"R\u00e9partiteur coaxial de 60\\\/100 \u2013 80\\\/125F a 80\\\/80 avec pr\u00e9l\u00e8vement des fum\u00e9es Majorations Coaxiales De 60\\\/100 \u00c0 80\\\/125 cxp gas kit est un ligne de produits sp\u00e9cialement r\u00e9alis\u00e9e pour etre adaptable\u00e0 la plupart des chaudi\u00e8res \u00e0 condensation\",\"breadcrumb\":{\"@id\":\"https:\\\/\\\/amrtop.net\\\/produit\\\/cxpg1148-repartiteur-coaxial-de-60-100-80-125f-a-80-80-avec-prelevement-des-fumees\\\/#breadcrumb\"},\"inLanguage\":\"es\",\"potentialAction\":[{\"@type\":\"ReadAction\",\"target\":[\"https:\\\/\\\/amrtop.net\\\/produit\\\/cxpg1148-repartiteur-coaxial-de-60-100-80-125f-a-80-80-avec-prelevement-des-fumees\\\/\"]}]},{\"@type\":\"ImageObject\",\"inLanguage\":\"es\",\"@id\":\"https:\\\/\\\/amrtop.net\\\/produit\\\/cxpg1148-repartiteur-coaxial-de-60-100-80-125f-a-80-80-avec-prelevement-des-fumees\\\/#primaryimage\",\"url\":\"https:\\\/\\\/amrtop.net\\\/wp-content\\\/uploads\\\/2022\\\/06\\\/cxpg1148.jpg\",\"contentUrl\":\"https:\\\/\\\/amrtop.net\\\/wp-content\\\/uploads\\\/2022\\\/06\\\/cxpg1148.jpg\",\"width\":640,\"height\":640,\"caption\":\"Sdoppiatore coassiale da-60\\\/100-80\\\/125F 80\\\/80\"},{\"@type\":\"BreadcrumbList\",\"@id\":\"https:\\\/\\\/amrtop.net\\\/produit\\\/cxpg1148-repartiteur-coaxial-de-60-100-80-125f-a-80-80-avec-prelevement-des-fumees\\\/#breadcrumb\",\"itemListElement\":[{\"@type\":\"ListItem\",\"position\":1,\"name\":\"Home\",\"item\":\"https:\\\/\\\/amrtop.net\\\/\"},{\"@type\":\"ListItem\",\"position\":2,\"name\":\"Shop\",\"item\":\"https:\\\/\\\/amrtop.net\\\/negozio\\\/\"},{\"@type\":\"ListItem\",\"position\":3,\"name\":\"CXPG1148 &#8211; R\u00e9partiteur coaxial de 60\\\/100 \u2013 80\\\/125F a 80\\\/80 avec pr\u00e9l\u00e8vement des fum\u00e9es\"}]},{\"@type\":\"WebSite\",\"@id\":\"https:\\\/\\\/amrtop.net\\\/#website\",\"url\":\"https:\\\/\\\/amrtop.net\\\/\",\"name\":\"AMRTOP B2B \u00c9tranger - Achats r\u00e9serv\u00e9s au professionnel\",\"description\":\"Pi\u00e8ces de rechange et accessoires pour po\u00eales et chaudi\u00e8res - eCommerce B2B pour Clients Professionnels\",\"potentialAction\":[{\"@type\":\"SearchAction\",\"target\":{\"@type\":\"EntryPoint\",\"urlTemplate\":\"https:\\\/\\\/amrtop.net\\\/?s={search_term_string}\"},\"query-input\":{\"@type\":\"PropertyValueSpecification\",\"valueRequired\":true,\"valueName\":\"search_term_string\"}}],\"inLanguage\":\"es\"}]}<\/script>\n<!-- \/ Yoast SEO plugin. -->","yoast_head_json":{"title":"Distribuidor coaxial de 60\/100 - 80\/125F a 80\/80 con extracci\u00f3n de gases de combusti\u00f3n","description":"R\u00e9partiteur coaxial de 60\/100 \u2013 80\/125F a 80\/80 avec pr\u00e9l\u00e8vement des fum\u00e9es Majorations Coaxiales De 60\/100 \u00c0 80\/125 cxp gas kit est un ligne de produits sp\u00e9cialement r\u00e9alis\u00e9e pour etre adaptable\u00e0 la plupart des chaudi\u00e8res \u00e0 condensation","robots":{"index":"index","follow":"follow","max-snippet":"max-snippet:-1","max-image-preview":"max-image-preview:large","max-video-preview":"max-video-preview:-1"},"canonical":"https:\/\/amrtop.net\/es\/producto\/cxpg1148-repartiteur-coaxial-de-60-100-80-125f-a-80-80-avec-prelevement-des-fumees\/","og_locale":"es_ES","og_type":"article","og_title":"R\u00e9partiteur coaxial de 60\/100 \u2013 80\/125F a 80\/80 avec pr\u00e9l\u00e8vement des fum\u00e9es","og_description":"R\u00e9partiteur coaxial de 60\/100 \u2013 80\/125F a 80\/80 avec pr\u00e9l\u00e8vement des fum\u00e9es Majorations Coaxiales De 60\/100 \u00c0 80\/125 cxp gas kit est un ligne de produits sp\u00e9cialement r\u00e9alis\u00e9e pour etre adaptable\u00e0 la plupart des chaudi\u00e8res \u00e0 condensation","og_url":"https:\/\/amrtop.net\/es\/producto\/cxpg1148-repartiteur-coaxial-de-60-100-80-125f-a-80-80-avec-prelevement-des-fumees\/","og_site_name":"AMRTOP B2B \u00c9tranger - Achats r\u00e9serv\u00e9s au professionnel","article_modified_time":"2023-06-16T09:35:28+00:00","og_image":[{"width":640,"height":640,"url":"https:\/\/amrtop.net\/wp-content\/uploads\/2022\/06\/cxpg1148.jpg","type":"image\/jpeg"}],"twitter_card":"summary_large_image","twitter_misc":{"Tiempo de lectura":"2 minutos"},"schema":{"@context":"https:\/\/schema.org","@graph":[{"@type":"WebPage","@id":"https:\/\/amrtop.net\/produit\/cxpg1148-repartiteur-coaxial-de-60-100-80-125f-a-80-80-avec-prelevement-des-fumees\/","url":"https:\/\/amrtop.net\/produit\/cxpg1148-repartiteur-coaxial-de-60-100-80-125f-a-80-80-avec-prelevement-des-fumees\/","name":"Distribuidor coaxial de 60\/100 - 80\/125F a 80\/80 con extracci\u00f3n de gases de combusti\u00f3n","isPartOf":{"@id":"https:\/\/amrtop.net\/#website"},"primaryImageOfPage":{"@id":"https:\/\/amrtop.net\/produit\/cxpg1148-repartiteur-coaxial-de-60-100-80-125f-a-80-80-avec-prelevement-des-fumees\/#primaryimage"},"image":{"@id":"https:\/\/amrtop.net\/produit\/cxpg1148-repartiteur-coaxial-de-60-100-80-125f-a-80-80-avec-prelevement-des-fumees\/#primaryimage"},"thumbnailUrl":"https:\/\/amrtop.net\/wp-content\/uploads\/2022\/06\/cxpg1148.jpg","datePublished":"2022-06-08T09:54:23+00:00","dateModified":"2023-06-16T09:35:28+00:00","description":"R\u00e9partiteur coaxial de 60\/100 \u2013 80\/125F a 80\/80 avec pr\u00e9l\u00e8vement des fum\u00e9es Majorations Coaxiales De 60\/100 \u00c0 80\/125 cxp gas kit est un ligne de produits sp\u00e9cialement r\u00e9alis\u00e9e pour etre adaptable\u00e0 la plupart des chaudi\u00e8res \u00e0 condensation","breadcrumb":{"@id":"https:\/\/amrtop.net\/produit\/cxpg1148-repartiteur-coaxial-de-60-100-80-125f-a-80-80-avec-prelevement-des-fumees\/#breadcrumb"},"inLanguage":"es","potentialAction":[{"@type":"ReadAction","target":["https:\/\/amrtop.net\/produit\/cxpg1148-repartiteur-coaxial-de-60-100-80-125f-a-80-80-avec-prelevement-des-fumees\/"]}]},{"@type":"ImageObject","inLanguage":"es","@id":"https:\/\/amrtop.net\/produit\/cxpg1148-repartiteur-coaxial-de-60-100-80-125f-a-80-80-avec-prelevement-des-fumees\/#primaryimage","url":"https:\/\/amrtop.net\/wp-content\/uploads\/2022\/06\/cxpg1148.jpg","contentUrl":"https:\/\/amrtop.net\/wp-content\/uploads\/2022\/06\/cxpg1148.jpg","width":640,"height":640,"caption":"Sdoppiatore coassiale da-60\/100-80\/125F 80\/80"},{"@type":"BreadcrumbList","@id":"https:\/\/amrtop.net\/produit\/cxpg1148-repartiteur-coaxial-de-60-100-80-125f-a-80-80-avec-prelevement-des-fumees\/#breadcrumb","itemListElement":[{"@type":"ListItem","position":1,"name":"Home","item":"https:\/\/amrtop.net\/"},{"@type":"ListItem","position":2,"name":"Shop","item":"https:\/\/amrtop.net\/negozio\/"},{"@type":"ListItem","position":3,"name":"CXPG1148 &#8211; R\u00e9partiteur coaxial de 60\/100 \u2013 80\/125F a 80\/80 avec pr\u00e9l\u00e8vement des fum\u00e9es"}]},{"@type":"WebSite","@id":"https:\/\/amrtop.net\/#website","url":"https:\/\/amrtop.net\/","name":"AMRTOP B2B Abroad - Compras reservadas a los profesionales","description":"Recambios y accesorios para estufas y calderas - Comercio electr\u00f3nico B2B para profesionales","potentialAction":[{"@type":"SearchAction","target":{"@type":"EntryPoint","urlTemplate":"https:\/\/amrtop.net\/?s={search_term_string}"},"query-input":{"@type":"PropertyValueSpecification","valueRequired":true,"valueName":"search_term_string"}}],"inLanguage":"es"}]}},"_links":{"self":[{"href":"https:\/\/amrtop.net\/es\/wp-json\/wp\/v2\/product\/30745","targetHints":{"allow":["GET"]}}],"collection":[{"href":"https:\/\/amrtop.net\/es\/wp-json\/wp\/v2\/product"}],"about":[{"href":"https:\/\/amrtop.net\/es\/wp-json\/wp\/v2\/types\/product"}],"replies":[{"embeddable":true,"href":"https:\/\/amrtop.net\/es\/wp-json\/wp\/v2\/comments?post=30745"}],"wp:featuredmedia":[{"embeddable":true,"href":"https:\/\/amrtop.net\/es\/wp-json\/wp\/v2\/media\/33511"}],"wp:attachment":[{"href":"https:\/\/amrtop.net\/es\/wp-json\/wp\/v2\/media?parent=30745"}],"wp:term":[{"taxonomy":"product_brand","embeddable":true,"href":"https:\/\/amrtop.net\/es\/wp-json\/wp\/v2\/product_brand?post=30745"},{"taxonomy":"product_cat","embeddable":true,"href":"https:\/\/amrtop.net\/es\/wp-json\/wp\/v2\/product_cat?post=30745"},{"taxonomy":"product_tag","embeddable":true,"href":"https:\/\/amrtop.net\/es\/wp-json\/wp\/v2\/product_tag?post=30745"}],"curies":[{"name":"wp","href":"https:\/\/api.w.org\/{rel}","templated":true}]}}