{"id":30816,"date":"2022-06-08T12:21:57","date_gmt":"2022-06-08T12:21:57","guid":{"rendered":"https:\/\/amrtop.com\/B2B\/?post_type=product&#038;p=30816"},"modified":"2023-06-16T09:46:48","modified_gmt":"2023-06-16T09:46:48","slug":"conduit-separe-pp-80-80-sans-prelevement-fumees-4","status":"publish","type":"product","link":"https:\/\/amrtop.net\/es\/produit\/conduit-separe-pp-80-80-sans-prelevement-fumees-4\/","title":{"rendered":"CXPG1856 &#8211; Kit conduit s\u00e9par\u00e9 en PP 80-80 sans pr\u00e9l\u00e8vement de fum\u00e9es"},"content":{"rendered":"<p><strong>Apto para calderas de gas<\/strong>\u00a0 : Italtherm &#8211; Mcm &#8211; Baltur<\/p>\n<p><strong>Couillon inf\u00e9rieur \u00d8 60 h 20 mm<\/strong><\/p>\n<h3>Conducto separado PP-80-80 sin extracci\u00f3n de humos<\/h3>\n<p><strong>KIT CONDUIT S\u00c9PAR\u00c9\u00a0 PP-80-80 SANS-PR\u00c9L\u00c8VEMENT DES FUM\u00c9ES (SUR DEMANDE)<\/strong><\/p>\n<p>PPS es un sistema de chimenea de pared simple EN14471 T120 P1 o W 2 010 i l\/l de polipropileno (PPS) autoextinguible de 2 mm de espesor, utilizado en el sector dom\u00e9stico para la evacuaci\u00f3n de los productos de combusti\u00f3n (humos) generados por las calderas de condensaci\u00f3n. El producto lleva el marcado CE de conformidad con la norma EN 14471. El producto lleva la marca CE de conformidad con la norma EN 14471. adecuado para su uso en sistemas con temperaturas de funcionamiento inferiores a 120\u00b0C, con junta de silicona.uni\u00f3n macho\/hembra con previsi\u00f3n para junta de silicona (suministrada) uni\u00f3n mec\u00e1nica con abrazadera de manguera.<\/p>\n<h3>Tipo de combustible:<\/h3>\n<p>Gas<\/p>\n<h3>Compatible con los siguientes fabricantes<\/h3>\n<p>Ferroli - Baltur - Biasi - Radiant - Joannes - Ici - Savio - Unical - Euroterm- Arca - Lamborghini - Sime - Fondital - Stargas - Mcn - Italtherm - Artherm - Beretta - Riello - Sylber - Baxi - Argo - Roca - Viessmann - Bosch - Junkers - Vaillant - Chaffeteaux - Ariston - Radi - Simat - NewFar - Ecoflam - Elco - Saunier Duval - Hermann - Cosmogas - Intergas - Atlantique<\/p>\n<h3>Utilizaci\u00f3n del conducto separado PP-80-80 sin extracci\u00f3n de humos<\/h3>\n<p>Los conductos separados con extracci\u00f3n de humos se utilizan en el sector dom\u00e9stico para la evacuaci\u00f3n de los productos de combusti\u00f3n (humos) generados por las calderas de condensaci\u00f3n. El producto lleva la marca CE de conformidad con la norma EN 14471. Puede utilizarse en sistemas con temperaturas de funcionamiento inferiores a 120 \u00baC.<\/p>\n<h3><strong>Interior<\/strong><\/h3>\n<p><a href=\"https:\/\/wekos.it\/\">Estufas, cocinas y cocinas de le\u00f1a<\/a>\u00a0-\u00a0<a href=\"https:\/\/www.greenpuros.com\/\">chimeneas, estufas y calderas de pellets.<\/a><\/p>\n<p><b>Gama de sistemas de humo AMR TOP\u00a0<\/b><\/p>\n<p><a href=\"https:\/\/amrtop.net\/es\/categoria-de-productos\/conductos-de-humo-2\/tuyaux-flexibles-en-acier-inoxydable\/\"><b>TOP FLEX SP - Tubos flexibles de acero inoxidable corrugados de pared simple y doble<\/b><\/a><\/p>\n<p><a href=\"https:\/\/amrtop.net\/es\/categoria-de-productos\/conductos-de-humo-2\/tube-rigide-monoparete-en-acier-inoxydable\/\"><b>SP - Tubo r\u00edgido de pared simple de acero inoxidable AISI 316L<\/b><\/a><\/p>\n<p><a href=\"https:\/\/amrtop.net\/es\/categoria-de-productos\/conductos-de-humo-2\/tube-flexible-inox-aisi-316-l-interieur-lisse-isole\/\"><b>ISOTOP FLEX - Tubo flexible interior liso aislado de acero inoxidable AISI 316L \u00a0<\/b><\/a><\/p>\n<p><a href=\"https:\/\/amrtop.net\/es\/categoria-de-productos\/conductos-de-humo-2\/dp-air-tube-double-paroi-inox-a-chambre-dair\/\"><b>DP AIR - Tubo de acero inoxidable de doble pared con c\u00e1mara de aire<\/b><\/a><\/p>\n<p><a href=\"https:\/\/amrtop.net\/es\/categoria-de-productos\/conductos-de-humo-2\/tube-coaxial-inox\/\"><b>DP - Tubo aislado de doble pared 10 mm - 25 mm<\/b><\/a><\/p>\n<p><a href=\"https:\/\/amrtop.net\/es\/categoria-de-productos\/conductos-de-humo-2\/tube-coaxial-inox\/\"><b>COAX TOP - Tubo coaxial de acero inoxidable en PPS y PPS\/acero inoxidable<\/b><\/a><\/p>\n<p><a href=\"https:\/\/amrtop.net\/es\/categoria-de-productos\/conductos-de-humo-2\/tuyau-coaxial-inox-inox-black\/\"><b>COAX PELLET - Tubo coaxial de acero inoxidable<\/b><\/a><\/p>\n<p><a href=\"https:\/\/amrtop.net\/es\/categoria-de-productos\/conductos-de-humo-2\/conduits-de-fumee-des-appareils-a-biomasse\/\"><b>BIOM TOP - Tubos para estufas de pellets y le\u00f1a<\/b><\/a><\/p>\n<p><a href=\"https:\/\/amrtop.net\/es\/categoria-de-productos\/conductos-de-humo-2\/alutop-tube-en-aluminium-flexible-extensible\/\"><b>ALU TOP - Tubo de aluminio flexible extensible<\/b><\/a><b>\u00a0 \u00a0 \u00a0 \u00a0 \u00a0 \u00a0 \u00a0 \u00a0 \u00a0 \u00a0 \u00a0 \u00a0 \u00a0\u00a0<\/b><\/p>\n<p>&nbsp;<\/p>","protected":false},"excerpt":{"rendered":"<p>Adaptables aux chaudi\u00e8res \u00e0 gaz\u00a0 : Italtherm &#8211; Mcm &#8211; Baltur Couillon inf\u00e9rieur \u00d8 60 h 20 mm Conduit s\u00e9par\u00e9 PP-80-80 sans-pr\u00e9l\u00e8vement-fum\u00e9es KIT CONDUIT S\u00c9PAR\u00c9\u00a0 PP-80-80 SANS-PR\u00c9L\u00c8VEMENT DES FUM\u00c9ES (SUR DEMANDE) PPS est un syst\u00e8me de chemin\u00e9e EN14471 T120 P1 ou W 2\u00a0010 i l\/l \u00e0 paroi simple construit en polypropyl\u00e8ne (PPS) auto-extinguible 2 mm [&hellip;]<\/p>\n","protected":false},"featured_media":33513,"comment_status":"open","ping_status":"closed","template":"","meta":[],"product_brand":[],"product_cat":[1542,1546,1567],"product_tag":[],"class_list":{"0":"post-30816","1":"product","2":"type-product","3":"status-publish","4":"has-post-thumbnail","6":"product_cat-tube-coaxial-inox","7":"product_cat-cxp-gas-kit-kits-coaxiaux-et-accessoires-pour-chaudieres-a-condensation","8":"product_cat-conduits-separes-avec-prelevement-des-fumees","10":"first","11":"instock","12":"shipping-taxable","13":"purchasable","14":"product-type-simple"},"yoast_head":"<!-- This site is optimized with the Yoast SEO plugin v27.4 - https:\/\/yoast.com\/product\/yoast-seo-wordpress\/ -->\n<title>Conduit s\u00e9par\u00e9 PP-80-80 sans-pr\u00e9l\u00e8vement-fum\u00e9es<\/title>\n<meta name=\"description\" content=\"Conduit s\u00e9par\u00e9 PP-80-80 sans-pr\u00e9l\u00e8vement-fum\u00e9es est utilis\u00e9 dans le secteur domestique d\u2019\u00e9vacuation des produits de combustion (fum\u00e9es)\" \/>\n<meta name=\"robots\" content=\"index, follow, max-snippet:-1, max-image-preview:large, max-video-preview:-1\" \/>\n<link rel=\"canonical\" href=\"https:\/\/amrtop.net\/es\/producto\/conduit-separe-pp-80-80-sans-prelevement-fumees-4\/\" \/>\n<meta property=\"og:locale\" content=\"es_ES\" \/>\n<meta property=\"og:type\" content=\"article\" \/>\n<meta property=\"og:title\" content=\"Conduit s\u00e9par\u00e9 PP-80-80 sans-pr\u00e9l\u00e8vement-fum\u00e9es\" \/>\n<meta property=\"og:description\" content=\"Conduit s\u00e9par\u00e9 PP-80-80 sans-pr\u00e9l\u00e8vement-fum\u00e9es est utilis\u00e9 dans le secteur domestique d\u2019\u00e9vacuation des produits de combustion (fum\u00e9es)\" \/>\n<meta property=\"og:url\" content=\"https:\/\/amrtop.net\/es\/producto\/conduit-separe-pp-80-80-sans-prelevement-fumees-4\/\" \/>\n<meta property=\"og:site_name\" content=\"AMRTOP B2B \u00c9tranger - Achats r\u00e9serv\u00e9s au professionnel\" \/>\n<meta property=\"article:modified_time\" content=\"2023-06-16T09:46:48+00:00\" \/>\n<meta property=\"og:image\" content=\"https:\/\/amrtop.net\/wp-content\/uploads\/2022\/06\/cxpg1850-52-54-56-70.jpg\" \/>\n\t<meta property=\"og:image:width\" content=\"640\" \/>\n\t<meta property=\"og:image:height\" content=\"640\" \/>\n\t<meta property=\"og:image:type\" content=\"image\/jpeg\" \/>\n<meta name=\"twitter:card\" content=\"summary_large_image\" \/>\n<meta name=\"twitter:label1\" content=\"Tiempo de lectura\" \/>\n\t<meta name=\"twitter:data1\" content=\"2 minutos\" \/>\n<script type=\"application\/ld+json\" class=\"yoast-schema-graph\">{\"@context\":\"https:\\\/\\\/schema.org\",\"@graph\":[{\"@type\":\"WebPage\",\"@id\":\"https:\\\/\\\/amrtop.net\\\/produit\\\/conduit-separe-pp-80-80-sans-prelevement-fumees-4\\\/\",\"url\":\"https:\\\/\\\/amrtop.net\\\/produit\\\/conduit-separe-pp-80-80-sans-prelevement-fumees-4\\\/\",\"name\":\"Conduit s\u00e9par\u00e9 PP-80-80 sans-pr\u00e9l\u00e8vement-fum\u00e9es\",\"isPartOf\":{\"@id\":\"https:\\\/\\\/amrtop.net\\\/#website\"},\"primaryImageOfPage\":{\"@id\":\"https:\\\/\\\/amrtop.net\\\/produit\\\/conduit-separe-pp-80-80-sans-prelevement-fumees-4\\\/#primaryimage\"},\"image\":{\"@id\":\"https:\\\/\\\/amrtop.net\\\/produit\\\/conduit-separe-pp-80-80-sans-prelevement-fumees-4\\\/#primaryimage\"},\"thumbnailUrl\":\"https:\\\/\\\/amrtop.net\\\/wp-content\\\/uploads\\\/2022\\\/06\\\/cxpg1850-52-54-56-70.jpg\",\"datePublished\":\"2022-06-08T12:21:57+00:00\",\"dateModified\":\"2023-06-16T09:46:48+00:00\",\"description\":\"Conduit s\u00e9par\u00e9 PP-80-80 sans-pr\u00e9l\u00e8vement-fum\u00e9es est utilis\u00e9 dans le secteur domestique d\u2019\u00e9vacuation des produits de combustion (fum\u00e9es)\",\"breadcrumb\":{\"@id\":\"https:\\\/\\\/amrtop.net\\\/produit\\\/conduit-separe-pp-80-80-sans-prelevement-fumees-4\\\/#breadcrumb\"},\"inLanguage\":\"es\",\"potentialAction\":[{\"@type\":\"ReadAction\",\"target\":[\"https:\\\/\\\/amrtop.net\\\/produit\\\/conduit-separe-pp-80-80-sans-prelevement-fumees-4\\\/\"]}]},{\"@type\":\"ImageObject\",\"inLanguage\":\"es\",\"@id\":\"https:\\\/\\\/amrtop.net\\\/produit\\\/conduit-separe-pp-80-80-sans-prelevement-fumees-4\\\/#primaryimage\",\"url\":\"https:\\\/\\\/amrtop.net\\\/wp-content\\\/uploads\\\/2022\\\/06\\\/cxpg1850-52-54-56-70.jpg\",\"contentUrl\":\"https:\\\/\\\/amrtop.net\\\/wp-content\\\/uploads\\\/2022\\\/06\\\/cxpg1850-52-54-56-70.jpg\",\"width\":640,\"height\":640,\"caption\":\"Conduit s\u00e9par\u00e9 PP-80-80 avec-pr\u00e9l\u00e8vement-fum\u00e9es est utilis\u00e9 dans le secteur domestique d\u2019\u00e9vacuation des produits de combustion (fum\u00e9es)\"},{\"@type\":\"BreadcrumbList\",\"@id\":\"https:\\\/\\\/amrtop.net\\\/produit\\\/conduit-separe-pp-80-80-sans-prelevement-fumees-4\\\/#breadcrumb\",\"itemListElement\":[{\"@type\":\"ListItem\",\"position\":1,\"name\":\"Home\",\"item\":\"https:\\\/\\\/amrtop.net\\\/\"},{\"@type\":\"ListItem\",\"position\":2,\"name\":\"Shop\",\"item\":\"https:\\\/\\\/amrtop.net\\\/negozio\\\/\"},{\"@type\":\"ListItem\",\"position\":3,\"name\":\"CXPG1856 &#8211; Kit conduit s\u00e9par\u00e9 en PP 80-80 sans pr\u00e9l\u00e8vement de fum\u00e9es\"}]},{\"@type\":\"WebSite\",\"@id\":\"https:\\\/\\\/amrtop.net\\\/#website\",\"url\":\"https:\\\/\\\/amrtop.net\\\/\",\"name\":\"AMRTOP B2B \u00c9tranger - Achats r\u00e9serv\u00e9s au professionnel\",\"description\":\"Pi\u00e8ces de rechange et accessoires pour po\u00eales et chaudi\u00e8res - eCommerce B2B pour Clients Professionnels\",\"potentialAction\":[{\"@type\":\"SearchAction\",\"target\":{\"@type\":\"EntryPoint\",\"urlTemplate\":\"https:\\\/\\\/amrtop.net\\\/?s={search_term_string}\"},\"query-input\":{\"@type\":\"PropertyValueSpecification\",\"valueRequired\":true,\"valueName\":\"search_term_string\"}}],\"inLanguage\":\"es\"}]}<\/script>\n<!-- \/ Yoast SEO plugin. -->","yoast_head_json":{"title":"Conducto separado PP-80-80 sin extracci\u00f3n de humos","description":"La chimenea separada PP-80-80 sin extracci\u00f3n de humos se utiliza en el sector dom\u00e9stico para la evacuaci\u00f3n de los productos de combusti\u00f3n (humo).","robots":{"index":"index","follow":"follow","max-snippet":"max-snippet:-1","max-image-preview":"max-image-preview:large","max-video-preview":"max-video-preview:-1"},"canonical":"https:\/\/amrtop.net\/es\/producto\/conduit-separe-pp-80-80-sans-prelevement-fumees-4\/","og_locale":"es_ES","og_type":"article","og_title":"Conduit s\u00e9par\u00e9 PP-80-80 sans-pr\u00e9l\u00e8vement-fum\u00e9es","og_description":"Conduit s\u00e9par\u00e9 PP-80-80 sans-pr\u00e9l\u00e8vement-fum\u00e9es est utilis\u00e9 dans le secteur domestique d\u2019\u00e9vacuation des produits de combustion (fum\u00e9es)","og_url":"https:\/\/amrtop.net\/es\/producto\/conduit-separe-pp-80-80-sans-prelevement-fumees-4\/","og_site_name":"AMRTOP B2B \u00c9tranger - Achats r\u00e9serv\u00e9s au professionnel","article_modified_time":"2023-06-16T09:46:48+00:00","og_image":[{"width":640,"height":640,"url":"https:\/\/amrtop.net\/wp-content\/uploads\/2022\/06\/cxpg1850-52-54-56-70.jpg","type":"image\/jpeg"}],"twitter_card":"summary_large_image","twitter_misc":{"Tiempo de lectura":"2 minutos"},"schema":{"@context":"https:\/\/schema.org","@graph":[{"@type":"WebPage","@id":"https:\/\/amrtop.net\/produit\/conduit-separe-pp-80-80-sans-prelevement-fumees-4\/","url":"https:\/\/amrtop.net\/produit\/conduit-separe-pp-80-80-sans-prelevement-fumees-4\/","name":"Conducto separado PP-80-80 sin extracci\u00f3n de humos","isPartOf":{"@id":"https:\/\/amrtop.net\/#website"},"primaryImageOfPage":{"@id":"https:\/\/amrtop.net\/produit\/conduit-separe-pp-80-80-sans-prelevement-fumees-4\/#primaryimage"},"image":{"@id":"https:\/\/amrtop.net\/produit\/conduit-separe-pp-80-80-sans-prelevement-fumees-4\/#primaryimage"},"thumbnailUrl":"https:\/\/amrtop.net\/wp-content\/uploads\/2022\/06\/cxpg1850-52-54-56-70.jpg","datePublished":"2022-06-08T12:21:57+00:00","dateModified":"2023-06-16T09:46:48+00:00","description":"La chimenea separada PP-80-80 sin extracci\u00f3n de humos se utiliza en el sector dom\u00e9stico para la evacuaci\u00f3n de los productos de combusti\u00f3n (humo).","breadcrumb":{"@id":"https:\/\/amrtop.net\/produit\/conduit-separe-pp-80-80-sans-prelevement-fumees-4\/#breadcrumb"},"inLanguage":"es","potentialAction":[{"@type":"ReadAction","target":["https:\/\/amrtop.net\/produit\/conduit-separe-pp-80-80-sans-prelevement-fumees-4\/"]}]},{"@type":"ImageObject","inLanguage":"es","@id":"https:\/\/amrtop.net\/produit\/conduit-separe-pp-80-80-sans-prelevement-fumees-4\/#primaryimage","url":"https:\/\/amrtop.net\/wp-content\/uploads\/2022\/06\/cxpg1850-52-54-56-70.jpg","contentUrl":"https:\/\/amrtop.net\/wp-content\/uploads\/2022\/06\/cxpg1850-52-54-56-70.jpg","width":640,"height":640,"caption":"Conduit s\u00e9par\u00e9 PP-80-80 avec-pr\u00e9l\u00e8vement-fum\u00e9es est utilis\u00e9 dans le secteur domestique d\u2019\u00e9vacuation des produits de combustion (fum\u00e9es)"},{"@type":"BreadcrumbList","@id":"https:\/\/amrtop.net\/produit\/conduit-separe-pp-80-80-sans-prelevement-fumees-4\/#breadcrumb","itemListElement":[{"@type":"ListItem","position":1,"name":"Home","item":"https:\/\/amrtop.net\/"},{"@type":"ListItem","position":2,"name":"Shop","item":"https:\/\/amrtop.net\/negozio\/"},{"@type":"ListItem","position":3,"name":"CXPG1856 &#8211; Kit conduit s\u00e9par\u00e9 en PP 80-80 sans pr\u00e9l\u00e8vement de fum\u00e9es"}]},{"@type":"WebSite","@id":"https:\/\/amrtop.net\/#website","url":"https:\/\/amrtop.net\/","name":"AMRTOP B2B Abroad - Compras reservadas a los profesionales","description":"Recambios y accesorios para estufas y calderas - Comercio electr\u00f3nico B2B para profesionales","potentialAction":[{"@type":"SearchAction","target":{"@type":"EntryPoint","urlTemplate":"https:\/\/amrtop.net\/?s={search_term_string}"},"query-input":{"@type":"PropertyValueSpecification","valueRequired":true,"valueName":"search_term_string"}}],"inLanguage":"es"}]}},"_links":{"self":[{"href":"https:\/\/amrtop.net\/es\/wp-json\/wp\/v2\/product\/30816","targetHints":{"allow":["GET"]}}],"collection":[{"href":"https:\/\/amrtop.net\/es\/wp-json\/wp\/v2\/product"}],"about":[{"href":"https:\/\/amrtop.net\/es\/wp-json\/wp\/v2\/types\/product"}],"replies":[{"embeddable":true,"href":"https:\/\/amrtop.net\/es\/wp-json\/wp\/v2\/comments?post=30816"}],"wp:featuredmedia":[{"embeddable":true,"href":"https:\/\/amrtop.net\/es\/wp-json\/wp\/v2\/media\/33513"}],"wp:attachment":[{"href":"https:\/\/amrtop.net\/es\/wp-json\/wp\/v2\/media?parent=30816"}],"wp:term":[{"taxonomy":"product_brand","embeddable":true,"href":"https:\/\/amrtop.net\/es\/wp-json\/wp\/v2\/product_brand?post=30816"},{"taxonomy":"product_cat","embeddable":true,"href":"https:\/\/amrtop.net\/es\/wp-json\/wp\/v2\/product_cat?post=30816"},{"taxonomy":"product_tag","embeddable":true,"href":"https:\/\/amrtop.net\/es\/wp-json\/wp\/v2\/product_tag?post=30816"}],"curies":[{"name":"wp","href":"https:\/\/api.w.org\/{rel}","templated":true}]}}