{"id":30842,"date":"2022-06-08T13:54:02","date_gmt":"2022-06-08T13:54:02","guid":{"rendered":"https:\/\/amrtop.com\/B2B\/?post_type=product&#038;p=30842"},"modified":"2023-06-13T14:53:53","modified_gmt":"2023-06-13T14:53:53","slug":"gff01-manchon-flex-flex","status":"publish","type":"product","link":"https:\/\/amrtop.net\/es\/produit\/gff01-manchon-flex-flex\/","title":{"rendered":"GFF01... - Manguito flexible - flex"},"content":{"rendered":"<h3>Manchon flex &#8211; flex.<\/h3>\n<p>Los sistemas TOP FLEX para accesorios se utilizan para completar conductos de chimeneas que normalmente higienizan s\u00f3tanos y compartimentos t\u00e9cnicos dif\u00edciles de tratar con otros sistemas. Los accesorios para tubos flexibles son compatibles con toda la gama TOP FLEX.<\/p>\n<p>Referencia reglamentaria y designaci\u00f3n<\/p>\n<p>Marcado del producto conforme a la norma europea: EN 1856-2.<\/p>\n<h3>Utilisation Manchon flex &#8211; flex<\/h3>\n<p>Sistemas de humos met\u00e1licos flexibles, chimeneas met\u00e1licas flexibles, vapores de aire, controlados por generadores de calor atmosf\u00e9ricos, presurizados, de aire forzado o tradicionales, campanas de cocina para uso industrial o dom\u00e9stico, estufas de le\u00f1a, chimeneas, estufas de pellets.<\/p>\n<h3>Dom\u00e9stico<\/h3>\n<p>estufas, cocinas y radiadores de le\u00f1a - chimeneas, estufas, radiadores y calderas de pellets.<\/p>\n<p>Aplicaci\u00f3n Abrazadera de placa de sellado<\/p>\n<h3>Instalaci\u00f3n interna.<\/h3>\n<p>Lista de accesorios para mangueras<\/p>\n<p>Acoplamiento r\u00edgido-flexible macho, Acoplamiento r\u00edgido-flexible hembra, Acoplamiento flexible-flexible, Acoplamiento r\u00edgido-flexible con invitaci\u00f3n interna anticondensaci\u00f3n, Acoplamiento r\u00edgido-flexible con invitaci\u00f3n interna anticondensaci\u00f3n, Placa de sellado final flexible, Abrazadera para placa de sellado final flexible, Junta mec\u00e1nica de apriete manual flex \/ r\u00edgido 200 Pa, Junta mec\u00e1nica de apriete manual flex \/ flexible anticondensa 200 Pa, Junta mec\u00e1nica de apriete manual flex \/ r\u00edgido hembra 200 Pa, Placa de sellado final (para usar con CCF01...), Tapa china para flex (para utilizar con PTT01...), Bolardo de intemperie inspeccionable, Burlete inclinado a 30 nm, Placa final de sellado para r\u00edgido \/ flex con sistema de apriete por pernos, Kit de intubaci\u00f3n con 9 m de manguera de acero inoxidable 316L, Kit de intubaci\u00f3n de acero inoxidable.<\/p>\n<p>Disponible bajo pedido para todos los di\u00e1metros a partir de 0,12 mm de grosor para 20% plus<\/p>\n<h3><strong>Gama de sistemas de humo AMR TOP\u00a0\u00a0\u00a0\u00a0\u00a0\u00a0<\/strong><\/h3>\n<p><a href=\"https:\/\/amrtop.net\/es\/categoria-de-productos\/conductos-de-humo-2\/tuyaux-flexibles-en-acier-inoxydable\/\"><strong>TOP FLEX SP - Tubos flexibles de acero inoxidable corrugados de pared simple y doble<\/strong><\/a><\/p>\n<p><a href=\"https:\/\/amrtop.net\/es\/categoria-de-productos\/conductos-de-humo-2\/tube-rigide-monoparete-en-acier-inoxydable\/\"><strong>SP - Tubo r\u00edgido de pared simple de acero inoxidable AISI 316L<\/strong><\/a><\/p>\n<p><a href=\"https:\/\/amrtop.net\/es\/categoria-de-productos\/conductos-de-humo-2\/tube-flexible-inox-aisi-316-l-interieur-lisse-isole\/\"><strong>ISOTOP FLEX - Tubo flexible interior liso aislado de acero inoxidable AISI 316L \u00a0<\/strong><\/a><\/p>\n<p><a href=\"https:\/\/amrtop.net\/es\/categoria-de-productos\/conductos-de-humo-2\/dp-air-tube-double-paroi-inox-a-chambre-dair\/\"><strong>DP AIR - Tubo de acero inoxidable de doble pared con c\u00e1mara de aire<\/strong><\/a><\/p>\n<p><a href=\"https:\/\/amrtop.net\/es\/categoria-de-productos\/conductos-de-humo-2\/tube-coaxial-inox\/\"><strong>DP - Tubo aislado de doble pared 10 mm - 25 mm<\/strong><\/a><\/p>\n<p><a href=\"https:\/\/amrtop.net\/es\/categoria-de-productos\/conductos-de-humo-2\/tube-coaxial-inox\/\"><strong>COAX TOP - Tubo coaxial de acero inoxidable en PPS y PPS\/acero inoxidable<\/strong><\/a><\/p>\n<p><a href=\"https:\/\/amrtop.net\/es\/categoria-de-productos\/conductos-de-humo-2\/tuyau-coaxial-inox-inox-black\/\"><strong>COAX PELLET - Tubo coaxial de acero inoxidable<\/strong><\/a><\/p>\n<p><strong><a href=\"https:\/\/amrtop.net\/es\/categoria-de-productos\/conductos-de-humo-2\/conduits-de-fumee-des-appareils-a-biomasse\/\">BIOM TOP - Tubos para estufas de pellets y le\u00f1a<\/a><\/strong><\/p>","protected":false},"excerpt":{"rendered":"<p>Manchon flex &#8211; flex. Les syst\u00e8mes TOP FLEX concernant les accessoires servent \u00e0 compl\u00e9ter les conduits de chemin\u00e9e qui, normalement, assainissent des caveaux et des compartiments techniques difficiles \u00e0 traiter avec d\u2019autres syst\u00e8mes. Les accessoires pour tuyaux flexibles sont compatibles avec toute la gamme TOP FLEX R\u00e9f\u00e9rence r\u00e9glementaire et d\u00e9signation Marquage du produit selon la [&hellip;]<\/p>\n","protected":false},"featured_media":32563,"comment_status":"open","ping_status":"closed","template":"","meta":[],"product_brand":[],"product_cat":[1530,1524],"product_tag":[],"class_list":{"0":"post-30842","1":"product","2":"type-product","3":"status-publish","4":"has-post-thumbnail","6":"product_cat-accessori-per-tubo-flessibile","7":"product_cat-tuyaux-flexibles-en-acier-inoxydable","9":"first","10":"instock","11":"shipping-taxable","12":"purchasable","13":"product-type-variable"},"yoast_head":"<!-- This site is optimized with the Yoast SEO plugin v27.4 - https:\/\/yoast.com\/product\/yoast-seo-wordpress\/ -->\n<title>Manchon flex - flex<\/title>\n<meta name=\"description\" content=\"Manchon flex - flex \u00c9l\u00e9ment - Syst\u00e8me - Conduit de chemin\u00e9e ou conduit de chemin\u00e9e \u00e0 double paroi isol\u00e9 \u00e9paisseur 10 ou 25 mm en laine de roche int\u00e9rieure en acier 316 L et ext\u00e9rieur en acier 304 rev\u00eatement ext\u00e9rieur en acier - cuivre - peint en noir.\" \/>\n<meta name=\"robots\" content=\"index, follow, max-snippet:-1, max-image-preview:large, max-video-preview:-1\" \/>\n<link rel=\"canonical\" href=\"https:\/\/amrtop.net\/es\/producto\/gff01-manchon-flex-flex\/\" \/>\n<meta property=\"og:locale\" content=\"es_ES\" \/>\n<meta property=\"og:type\" content=\"article\" \/>\n<meta property=\"og:title\" content=\"Manchon flex - flex\" \/>\n<meta property=\"og:description\" content=\"Manchon flex - flex \u00c9l\u00e9ment - Syst\u00e8me - Conduit de chemin\u00e9e ou conduit de chemin\u00e9e \u00e0 double paroi isol\u00e9 \u00e9paisseur 10 ou 25 mm en laine de roche int\u00e9rieure en acier 316 L et ext\u00e9rieur en acier 304 rev\u00eatement ext\u00e9rieur en acier - cuivre - peint en noir.\" \/>\n<meta property=\"og:url\" content=\"https:\/\/amrtop.net\/es\/producto\/gff01-manchon-flex-flex\/\" \/>\n<meta property=\"og:site_name\" content=\"AMRTOP B2B \u00c9tranger - Achats r\u00e9serv\u00e9s au professionnel\" \/>\n<meta property=\"article:modified_time\" content=\"2023-06-13T14:53:53+00:00\" \/>\n<meta property=\"og:image\" content=\"https:\/\/amrtop.net\/wp-content\/uploads\/2022\/06\/gff01.jpg\" \/>\n\t<meta property=\"og:image:width\" content=\"640\" \/>\n\t<meta property=\"og:image:height\" content=\"640\" \/>\n\t<meta property=\"og:image:type\" content=\"image\/jpeg\" \/>\n<meta name=\"twitter:card\" content=\"summary_large_image\" \/>\n<meta name=\"twitter:label1\" content=\"Tiempo de lectura\" \/>\n\t<meta name=\"twitter:data1\" content=\"2 minutos\" \/>\n<script type=\"application\/ld+json\" class=\"yoast-schema-graph\">{\"@context\":\"https:\\\/\\\/schema.org\",\"@graph\":[{\"@type\":\"WebPage\",\"@id\":\"https:\\\/\\\/amrtop.net\\\/produit\\\/gff01-manchon-flex-flex\\\/\",\"url\":\"https:\\\/\\\/amrtop.net\\\/produit\\\/gff01-manchon-flex-flex\\\/\",\"name\":\"Manchon flex - flex\",\"isPartOf\":{\"@id\":\"https:\\\/\\\/amrtop.net\\\/#website\"},\"primaryImageOfPage\":{\"@id\":\"https:\\\/\\\/amrtop.net\\\/produit\\\/gff01-manchon-flex-flex\\\/#primaryimage\"},\"image\":{\"@id\":\"https:\\\/\\\/amrtop.net\\\/produit\\\/gff01-manchon-flex-flex\\\/#primaryimage\"},\"thumbnailUrl\":\"https:\\\/\\\/amrtop.net\\\/wp-content\\\/uploads\\\/2022\\\/06\\\/gff01.jpg\",\"datePublished\":\"2022-06-08T13:54:02+00:00\",\"dateModified\":\"2023-06-13T14:53:53+00:00\",\"description\":\"Manchon flex - flex \u00c9l\u00e9ment - Syst\u00e8me - Conduit de chemin\u00e9e ou conduit de chemin\u00e9e \u00e0 double paroi isol\u00e9 \u00e9paisseur 10 ou 25 mm en laine de roche int\u00e9rieure en acier 316 L et ext\u00e9rieur en acier 304 rev\u00eatement ext\u00e9rieur en acier - cuivre - peint en noir.\",\"breadcrumb\":{\"@id\":\"https:\\\/\\\/amrtop.net\\\/produit\\\/gff01-manchon-flex-flex\\\/#breadcrumb\"},\"inLanguage\":\"es\",\"potentialAction\":[{\"@type\":\"ReadAction\",\"target\":[\"https:\\\/\\\/amrtop.net\\\/produit\\\/gff01-manchon-flex-flex\\\/\"]}]},{\"@type\":\"ImageObject\",\"inLanguage\":\"es\",\"@id\":\"https:\\\/\\\/amrtop.net\\\/produit\\\/gff01-manchon-flex-flex\\\/#primaryimage\",\"url\":\"https:\\\/\\\/amrtop.net\\\/wp-content\\\/uploads\\\/2022\\\/06\\\/gff01.jpg\",\"contentUrl\":\"https:\\\/\\\/amrtop.net\\\/wp-content\\\/uploads\\\/2022\\\/06\\\/gff01.jpg\",\"width\":640,\"height\":640,\"caption\":\"Giunto per tubo flessibile\"},{\"@type\":\"BreadcrumbList\",\"@id\":\"https:\\\/\\\/amrtop.net\\\/produit\\\/gff01-manchon-flex-flex\\\/#breadcrumb\",\"itemListElement\":[{\"@type\":\"ListItem\",\"position\":1,\"name\":\"Home\",\"item\":\"https:\\\/\\\/amrtop.net\\\/\"},{\"@type\":\"ListItem\",\"position\":2,\"name\":\"Shop\",\"item\":\"https:\\\/\\\/amrtop.net\\\/negozio\\\/\"},{\"@type\":\"ListItem\",\"position\":3,\"name\":\"GFF01&#8230; &#8211; Manchon flex &#8211; flex\"}]},{\"@type\":\"WebSite\",\"@id\":\"https:\\\/\\\/amrtop.net\\\/#website\",\"url\":\"https:\\\/\\\/amrtop.net\\\/\",\"name\":\"AMRTOP B2B \u00c9tranger - Achats r\u00e9serv\u00e9s au professionnel\",\"description\":\"Pi\u00e8ces de rechange et accessoires pour po\u00eales et chaudi\u00e8res - eCommerce B2B pour Clients Professionnels\",\"potentialAction\":[{\"@type\":\"SearchAction\",\"target\":{\"@type\":\"EntryPoint\",\"urlTemplate\":\"https:\\\/\\\/amrtop.net\\\/?s={search_term_string}\"},\"query-input\":{\"@type\":\"PropertyValueSpecification\",\"valueRequired\":true,\"valueName\":\"search_term_string\"}}],\"inLanguage\":\"es\"}]}<\/script>\n<!-- \/ Yoast SEO plugin. -->","yoast_head_json":{"title":"Manchon flex - flex","description":"Manchon flex - flex \u00c9l\u00e9ment - Syst\u00e8me - Conduit de chemin\u00e9e ou conduit de chemin\u00e9e \u00e0 double paroi isol\u00e9 \u00e9paisseur 10 ou 25 mm en laine de roche int\u00e9rieure en acier 316 L et ext\u00e9rieur en acier 304 rev\u00eatement ext\u00e9rieur en acier - cuivre - peint en noir.","robots":{"index":"index","follow":"follow","max-snippet":"max-snippet:-1","max-image-preview":"max-image-preview:large","max-video-preview":"max-video-preview:-1"},"canonical":"https:\/\/amrtop.net\/es\/producto\/gff01-manchon-flex-flex\/","og_locale":"es_ES","og_type":"article","og_title":"Manchon flex - flex","og_description":"Manchon flex - flex \u00c9l\u00e9ment - Syst\u00e8me - Conduit de chemin\u00e9e ou conduit de chemin\u00e9e \u00e0 double paroi isol\u00e9 \u00e9paisseur 10 ou 25 mm en laine de roche int\u00e9rieure en acier 316 L et ext\u00e9rieur en acier 304 rev\u00eatement ext\u00e9rieur en acier - cuivre - peint en noir.","og_url":"https:\/\/amrtop.net\/es\/producto\/gff01-manchon-flex-flex\/","og_site_name":"AMRTOP B2B \u00c9tranger - Achats r\u00e9serv\u00e9s au professionnel","article_modified_time":"2023-06-13T14:53:53+00:00","og_image":[{"width":640,"height":640,"url":"https:\/\/amrtop.net\/wp-content\/uploads\/2022\/06\/gff01.jpg","type":"image\/jpeg"}],"twitter_card":"summary_large_image","twitter_misc":{"Tiempo de lectura":"2 minutos"},"schema":{"@context":"https:\/\/schema.org","@graph":[{"@type":"WebPage","@id":"https:\/\/amrtop.net\/produit\/gff01-manchon-flex-flex\/","url":"https:\/\/amrtop.net\/produit\/gff01-manchon-flex-flex\/","name":"Manchon flex - flex","isPartOf":{"@id":"https:\/\/amrtop.net\/#website"},"primaryImageOfPage":{"@id":"https:\/\/amrtop.net\/produit\/gff01-manchon-flex-flex\/#primaryimage"},"image":{"@id":"https:\/\/amrtop.net\/produit\/gff01-manchon-flex-flex\/#primaryimage"},"thumbnailUrl":"https:\/\/amrtop.net\/wp-content\/uploads\/2022\/06\/gff01.jpg","datePublished":"2022-06-08T13:54:02+00:00","dateModified":"2023-06-13T14:53:53+00:00","description":"Manchon flex - flex \u00c9l\u00e9ment - Syst\u00e8me - Conduit de chemin\u00e9e ou conduit de chemin\u00e9e \u00e0 double paroi isol\u00e9 \u00e9paisseur 10 ou 25 mm en laine de roche int\u00e9rieure en acier 316 L et ext\u00e9rieur en acier 304 rev\u00eatement ext\u00e9rieur en acier - cuivre - peint en noir.","breadcrumb":{"@id":"https:\/\/amrtop.net\/produit\/gff01-manchon-flex-flex\/#breadcrumb"},"inLanguage":"es","potentialAction":[{"@type":"ReadAction","target":["https:\/\/amrtop.net\/produit\/gff01-manchon-flex-flex\/"]}]},{"@type":"ImageObject","inLanguage":"es","@id":"https:\/\/amrtop.net\/produit\/gff01-manchon-flex-flex\/#primaryimage","url":"https:\/\/amrtop.net\/wp-content\/uploads\/2022\/06\/gff01.jpg","contentUrl":"https:\/\/amrtop.net\/wp-content\/uploads\/2022\/06\/gff01.jpg","width":640,"height":640,"caption":"Giunto per tubo flessibile"},{"@type":"BreadcrumbList","@id":"https:\/\/amrtop.net\/produit\/gff01-manchon-flex-flex\/#breadcrumb","itemListElement":[{"@type":"ListItem","position":1,"name":"Home","item":"https:\/\/amrtop.net\/"},{"@type":"ListItem","position":2,"name":"Shop","item":"https:\/\/amrtop.net\/negozio\/"},{"@type":"ListItem","position":3,"name":"GFF01&#8230; &#8211; Manchon flex &#8211; flex"}]},{"@type":"WebSite","@id":"https:\/\/amrtop.net\/#website","url":"https:\/\/amrtop.net\/","name":"AMRTOP B2B Abroad - Compras reservadas a los profesionales","description":"Recambios y accesorios para estufas y calderas - Comercio electr\u00f3nico B2B para profesionales","potentialAction":[{"@type":"SearchAction","target":{"@type":"EntryPoint","urlTemplate":"https:\/\/amrtop.net\/?s={search_term_string}"},"query-input":{"@type":"PropertyValueSpecification","valueRequired":true,"valueName":"search_term_string"}}],"inLanguage":"es"}]}},"_links":{"self":[{"href":"https:\/\/amrtop.net\/es\/wp-json\/wp\/v2\/product\/30842","targetHints":{"allow":["GET"]}}],"collection":[{"href":"https:\/\/amrtop.net\/es\/wp-json\/wp\/v2\/product"}],"about":[{"href":"https:\/\/amrtop.net\/es\/wp-json\/wp\/v2\/types\/product"}],"replies":[{"embeddable":true,"href":"https:\/\/amrtop.net\/es\/wp-json\/wp\/v2\/comments?post=30842"}],"wp:featuredmedia":[{"embeddable":true,"href":"https:\/\/amrtop.net\/es\/wp-json\/wp\/v2\/media\/32563"}],"wp:attachment":[{"href":"https:\/\/amrtop.net\/es\/wp-json\/wp\/v2\/media?parent=30842"}],"wp:term":[{"taxonomy":"product_brand","embeddable":true,"href":"https:\/\/amrtop.net\/es\/wp-json\/wp\/v2\/product_brand?post=30842"},{"taxonomy":"product_cat","embeddable":true,"href":"https:\/\/amrtop.net\/es\/wp-json\/wp\/v2\/product_cat?post=30842"},{"taxonomy":"product_tag","embeddable":true,"href":"https:\/\/amrtop.net\/es\/wp-json\/wp\/v2\/product_tag?post=30842"}],"curies":[{"name":"wp","href":"https:\/\/api.w.org\/{rel}","templated":true}]}}