{"id":31110,"date":"2022-06-08T16:35:26","date_gmt":"2022-06-08T16:35:26","guid":{"rendered":"https:\/\/amrtop.com\/B2B\/?post_type=product&#038;p=31110"},"modified":"2023-06-14T13:14:37","modified_gmt":"2023-06-14T13:14:37","slug":"kit-de-intubacion-kfx9316-con-manguera-de-acero-inoxidable-316l-de-9-m","status":"publish","type":"product","link":"https:\/\/amrtop.net\/es\/produit\/kfx9316-kit-dintubation-avec-flexible-inox-316l-de-9-m\/","title":{"rendered":"KFX9316 - Kit de intubaci\u00f3n con tubo de acero inoxidable 316L de 9 m"},"content":{"rendered":"<h3>Kit de intubaci\u00f3n con manguera de acero inoxidable 316L de 9 m<\/h3>\n<p>Los accesorios para mangueras flexibles son compatibles con toda la gama TOP FLEX.<\/p>\n<h3>Tubos flexibles de acero inoxidable<\/h3>\n<p>El sistema TOP FLEX es ideal para la limpieza de bodegas y compartimentos t\u00e9cnicos dif\u00edciles de tratar con otros sistemas. Se trata de un sistema flexible de doble pared con interior liso, fabricado en acero inoxidable austen\u00edtico AISI 316L BA (1.4404), con un espesor m\u00ednimo de 0,10 mm, que cumple las normas establecidas en el marcado europeo seg\u00fan la norma EN 1856-2. TOP FLEX es compatible con todos los productos, gracias a una amplia gama de accesorios de uni\u00f3n para cada necesidad de la obra<\/p>\n<h3>Referencia reglamentaria y designaci\u00f3n<\/h3>\n<p>Marcado del producto conforme a la norma europea: EN 1856-2.<\/p>\n<h3>Uso del kit de intubaci\u00f3n con manguera de acero inoxidable 316L de 9 m<\/h3>\n<p>Sistemas de humos met\u00e1licos flexibles, chimeneas met\u00e1licas flexibles, vapores de aire, controlados por generadores de calor atmosf\u00e9ricos, presurizados, de aire forzado o tradicionales, campanas para uso industrial o dom\u00e9stico, estufas de le\u00f1a, chimeneas, estufas de pellets.<\/p>\n<h3>Di\u00e1metros disponibles - mm<\/h3>\n<p>50 - 60 - 80 - 100 - 110 - 120 - 125 - 130 - 140 - 150 - 155 - 160 - 175 - 180 - 200 - 220 - 225 - 230 - 250 - 280 - 300 - 350 - 400<br \/>\nLas series SP TOP FLEX 316, DP TOP FLEX 904, SP TOP FLEX 304, DP TOP FLEX 304 s\u00f3lo est\u00e1n disponibles bajo pedido.<\/p>\n<h3>Embalaje:<\/h3>\n<p>Las mangueras flexibles de acero inoxidable de doble pared interna lisa AISI 316L est\u00e1n disponibles en carretes, cajas americanas, dispensadores y por metros.<br \/>\nDisponible bajo pedido para todos los di\u00e1metros a partir de 0,12 mm de grosor para 20% plus<\/p>\n<h3><strong>Interior<\/strong><\/h3>\n<p><a href=\"https:\/\/wekos.it\/\">Estufas, cocinas y cocinas de le\u00f1a<\/a>\u00a0-\u00a0<a href=\"https:\/\/www.greenpuros.com\/\">chimeneas, estufas y calderas de pellets.<\/a><\/p>\n<p><strong>Gama de sistemas de humo AMR TOP\u00a0\u00a0\u00a0\u00a0\u00a0\u00a0<\/strong><\/p>\n<p><a href=\"https:\/\/amrtop.net\/es\/categoria-de-productos\/conductos-de-humo-2\/tuyaux-flexibles-en-acier-inoxydable\/\"><strong>TOP FLEX SP - Tubos flexibles de acero inoxidable corrugados de pared simple y doble<\/strong><\/a><\/p>\n<p><a href=\"https:\/\/amrtop.net\/es\/categoria-de-productos\/conductos-de-humo-2\/tube-rigide-monoparete-en-acier-inoxydable\/\"><strong>SP - Tubo r\u00edgido de pared simple de acero inoxidable AISI 316L<\/strong><\/a><\/p>\n<p><strong><u><a href=\"https:\/\/amrtop.net\/es\/categoria-de-productos\/conductos-de-humo-2\/tube-flexible-inox-aisi-316-l-interieur-lisse-isole\/\">ISOTOP FLEX - Tubo flexible interior liso aislado de acero inoxidable AISI 316L \u00a0<\/a><\/u><\/strong><\/p>\n<p><strong><u><a href=\"https:\/\/amrtop.net\/es\/categoria-de-productos\/conductos-de-humo-2\/dp-air-tube-double-paroi-inox-a-chambre-dair\/\">DP AIR - Tubo de acero inoxidable de doble pared con c\u00e1mara de aire<\/a><\/u><\/strong><\/p>\n<p><strong><u><a href=\"https:\/\/amrtop.net\/es\/categoria-de-productos\/conductos-de-humo-2\/tube-coaxial-inox\/\">DP - Tubo aislado de doble pared 10 mm - 25 mm<\/a><\/u><\/strong><\/p>\n<p><strong><a href=\"https:\/\/amrtop.net\/es\/categoria-de-productos\/conductos-de-humo-2\/tube-coaxial-inox\/\">COAX TOP - Tubo coaxial de acero inoxidable en PPS y PPS\/acero inoxidable<\/a><\/strong><\/p>\n<p><strong><u><a href=\"https:\/\/amrtop.net\/es\/categoria-de-productos\/conductos-de-humo-2\/tuyau-coaxial-inox-inox-black\/\">COAX PELLET - Tubo coaxial de acero inoxidable<\/a><\/u><\/strong><\/p>\n<p><strong><u><a href=\"https:\/\/amrtop.net\/es\/categoria-de-productos\/conductos-de-humo-2\/conduits-de-fumee-des-appareils-a-biomasse\/\">BIOM TOP - Tubos para estufas de pellets y le\u00f1a<\/a><\/u><\/strong><\/p>\n<p><strong><u><a href=\"https:\/\/amrtop.net\/es\/categoria-de-productos\/conductos-de-humo-2\/alutop-tube-en-aluminium-flexible-extensible\/\">ALU TOP - Tubo de aluminio flexible extensible<\/a><\/u><\/strong><strong>\u00a0 \u00a0 \u00a0 \u00a0 \u00a0\u00a0<\/strong><\/p>","protected":false},"excerpt":{"rendered":"<p>Kit d\u2019intubation avec flexible inox 316L de 9 m Les accessoires pour tuyaux flexibles sont compatibles avec toute la gamme TOP FLEX. Tuyaux flexibles en acier inoxydable Le syst\u00e8me TOP FLEX est id\u00e9al pour les assainisseurs de caves et de compartiments techniques difficiles \u00e0 traiter avec d\u2019autres syst\u00e8mes. C\u2019est un syst\u00e8me flexible \u00e0 double paroi [&hellip;]<\/p>\n","protected":false},"featured_media":32571,"comment_status":"open","ping_status":"closed","template":"","meta":[],"product_brand":[],"product_cat":[1530,1524],"product_tag":[],"class_list":{"0":"post-31110","1":"product","2":"type-product","3":"status-publish","4":"has-post-thumbnail","6":"product_cat-accessori-per-tubo-flessibile","7":"product_cat-tuyaux-flexibles-en-acier-inoxydable","9":"first","10":"instock","11":"shipping-taxable","12":"purchasable","13":"product-type-simple"},"yoast_head":"<!-- This site is optimized with the Yoast SEO plugin v27.4 - https:\/\/yoast.com\/product\/yoast-seo-wordpress\/ -->\n<title>Kit d\u2019intubation avec flexible inox 316L de 9 m<\/title>\n<meta name=\"description\" content=\"Kit d\u2019intubation avec flexible inox 316L de 9 m - Tubes - Conduits de fum\u00e9e - Chemin\u00e9es - Syst\u00e8mes d\u2019extraction et accessoires de l\u2019air et des fum\u00e9es en mono et double paroi interne lisses ondul\u00e9s et flexibles dans divers diam\u00e8tres vendus au m\u00e8tre et en rouleaux avec bo\u00eetes am\u00e9ricaines et dispencer avec \u00e9paisseur minimum de 0.10 mm en aciaio inox aisi 316L 304L - 904L\" \/>\n<meta name=\"robots\" content=\"index, follow, max-snippet:-1, max-image-preview:large, max-video-preview:-1\" \/>\n<link rel=\"canonical\" href=\"https:\/\/amrtop.net\/es\/producto\/kit-de-intubacion-kfx9316-con-manguera-de-acero-inoxidable-316l-de-9-m\/\" \/>\n<meta property=\"og:locale\" content=\"es_ES\" \/>\n<meta property=\"og:type\" content=\"article\" \/>\n<meta property=\"og:title\" content=\"Kit d\u2019intubation avec flexible inox 316L de 9 m\" \/>\n<meta property=\"og:description\" content=\"Kit d\u2019intubation avec flexible inox 316L de 9 m - Tubes - Conduits de fum\u00e9e - Chemin\u00e9es - Syst\u00e8mes d\u2019extraction et accessoires de l\u2019air et des fum\u00e9es en mono et double paroi interne lisses ondul\u00e9s et flexibles dans divers diam\u00e8tres vendus au m\u00e8tre et en rouleaux avec bo\u00eetes am\u00e9ricaines et dispencer avec \u00e9paisseur minimum de 0.10 mm en aciaio inox aisi 316L 304L - 904L\" \/>\n<meta property=\"og:url\" content=\"https:\/\/amrtop.net\/es\/producto\/kit-de-intubacion-kfx9316-con-manguera-de-acero-inoxidable-316l-de-9-m\/\" \/>\n<meta property=\"og:site_name\" content=\"AMRTOP B2B \u00c9tranger - Achats r\u00e9serv\u00e9s au professionnel\" \/>\n<meta property=\"article:modified_time\" content=\"2023-06-14T13:14:37+00:00\" \/>\n<meta property=\"og:image\" content=\"https:\/\/amrtop.net\/wp-content\/uploads\/2022\/06\/kfx9316.jpg\" \/>\n\t<meta property=\"og:image:width\" content=\"640\" \/>\n\t<meta property=\"og:image:height\" content=\"640\" \/>\n\t<meta property=\"og:image:type\" content=\"image\/jpeg\" \/>\n<meta name=\"twitter:card\" content=\"summary_large_image\" \/>\n<meta name=\"twitter:label1\" content=\"Tiempo de lectura\" \/>\n\t<meta name=\"twitter:data1\" content=\"2 minutos\" \/>\n<script type=\"application\/ld+json\" class=\"yoast-schema-graph\">{\"@context\":\"https:\\\/\\\/schema.org\",\"@graph\":[{\"@type\":\"WebPage\",\"@id\":\"https:\\\/\\\/amrtop.net\\\/produit\\\/kfx9316-kit-dintubation-avec-flexible-inox-316l-de-9-m\\\/\",\"url\":\"https:\\\/\\\/amrtop.net\\\/produit\\\/kfx9316-kit-dintubation-avec-flexible-inox-316l-de-9-m\\\/\",\"name\":\"Kit d\u2019intubation avec flexible inox 316L de 9 m\",\"isPartOf\":{\"@id\":\"https:\\\/\\\/amrtop.net\\\/#website\"},\"primaryImageOfPage\":{\"@id\":\"https:\\\/\\\/amrtop.net\\\/produit\\\/kfx9316-kit-dintubation-avec-flexible-inox-316l-de-9-m\\\/#primaryimage\"},\"image\":{\"@id\":\"https:\\\/\\\/amrtop.net\\\/produit\\\/kfx9316-kit-dintubation-avec-flexible-inox-316l-de-9-m\\\/#primaryimage\"},\"thumbnailUrl\":\"https:\\\/\\\/amrtop.net\\\/wp-content\\\/uploads\\\/2022\\\/06\\\/kfx9316.jpg\",\"datePublished\":\"2022-06-08T16:35:26+00:00\",\"dateModified\":\"2023-06-14T13:14:37+00:00\",\"description\":\"Kit d\u2019intubation avec flexible inox 316L de 9 m - Tubes - Conduits de fum\u00e9e - Chemin\u00e9es - Syst\u00e8mes d\u2019extraction et accessoires de l\u2019air et des fum\u00e9es en mono et double paroi interne lisses ondul\u00e9s et flexibles dans divers diam\u00e8tres vendus au m\u00e8tre et en rouleaux avec bo\u00eetes am\u00e9ricaines et dispencer avec \u00e9paisseur minimum de 0.10 mm en aciaio inox aisi 316L 304L - 904L\",\"breadcrumb\":{\"@id\":\"https:\\\/\\\/amrtop.net\\\/produit\\\/kfx9316-kit-dintubation-avec-flexible-inox-316l-de-9-m\\\/#breadcrumb\"},\"inLanguage\":\"es\",\"potentialAction\":[{\"@type\":\"ReadAction\",\"target\":[\"https:\\\/\\\/amrtop.net\\\/produit\\\/kfx9316-kit-dintubation-avec-flexible-inox-316l-de-9-m\\\/\"]}]},{\"@type\":\"ImageObject\",\"inLanguage\":\"es\",\"@id\":\"https:\\\/\\\/amrtop.net\\\/produit\\\/kfx9316-kit-dintubation-avec-flexible-inox-316l-de-9-m\\\/#primaryimage\",\"url\":\"https:\\\/\\\/amrtop.net\\\/wp-content\\\/uploads\\\/2022\\\/06\\\/kfx9316.jpg\",\"contentUrl\":\"https:\\\/\\\/amrtop.net\\\/wp-content\\\/uploads\\\/2022\\\/06\\\/kfx9316.jpg\",\"width\":640,\"height\":640,\"caption\":\"Kit intubazione tubo flessibile\"},{\"@type\":\"BreadcrumbList\",\"@id\":\"https:\\\/\\\/amrtop.net\\\/produit\\\/kfx9316-kit-dintubation-avec-flexible-inox-316l-de-9-m\\\/#breadcrumb\",\"itemListElement\":[{\"@type\":\"ListItem\",\"position\":1,\"name\":\"Home\",\"item\":\"https:\\\/\\\/amrtop.net\\\/\"},{\"@type\":\"ListItem\",\"position\":2,\"name\":\"Shop\",\"item\":\"https:\\\/\\\/amrtop.net\\\/negozio\\\/\"},{\"@type\":\"ListItem\",\"position\":3,\"name\":\"KFX9316 &#8211; Kit d\u2019intubation avec flexible inox 316L de 9 m\"}]},{\"@type\":\"WebSite\",\"@id\":\"https:\\\/\\\/amrtop.net\\\/#website\",\"url\":\"https:\\\/\\\/amrtop.net\\\/\",\"name\":\"AMRTOP B2B \u00c9tranger - Achats r\u00e9serv\u00e9s au professionnel\",\"description\":\"Pi\u00e8ces de rechange et accessoires pour po\u00eales et chaudi\u00e8res - eCommerce B2B pour Clients Professionnels\",\"potentialAction\":[{\"@type\":\"SearchAction\",\"target\":{\"@type\":\"EntryPoint\",\"urlTemplate\":\"https:\\\/\\\/amrtop.net\\\/?s={search_term_string}\"},\"query-input\":{\"@type\":\"PropertyValueSpecification\",\"valueRequired\":true,\"valueName\":\"search_term_string\"}}],\"inLanguage\":\"es\"}]}<\/script>\n<!-- \/ Yoast SEO plugin. -->","yoast_head_json":{"title":"Kit de intubaci\u00f3n con manguera de acero inoxidable 316L de 9 m","description":"Kit de intubaci\u00f3n con tubo flexible de acero inoxidable 316L de 9 m - Tubos - Chimeneas - Sistemas de extracci\u00f3n y accesorios para aire y humo de pared simple y doble corrugada interna lisa y flexible en varios di\u00e1metros vendidos por metro y en rollos con cajas americanas y dispensador con espesor m\u00ednimo de 0,10 mm en acero inoxidable aisi 316L 304L - 904L","robots":{"index":"index","follow":"follow","max-snippet":"max-snippet:-1","max-image-preview":"max-image-preview:large","max-video-preview":"max-video-preview:-1"},"canonical":"https:\/\/amrtop.net\/es\/producto\/kit-de-intubacion-kfx9316-con-manguera-de-acero-inoxidable-316l-de-9-m\/","og_locale":"es_ES","og_type":"article","og_title":"Kit d\u2019intubation avec flexible inox 316L de 9 m","og_description":"Kit d\u2019intubation avec flexible inox 316L de 9 m - Tubes - Conduits de fum\u00e9e - Chemin\u00e9es - Syst\u00e8mes d\u2019extraction et accessoires de l\u2019air et des fum\u00e9es en mono et double paroi interne lisses ondul\u00e9s et flexibles dans divers diam\u00e8tres vendus au m\u00e8tre et en rouleaux avec bo\u00eetes am\u00e9ricaines et dispencer avec \u00e9paisseur minimum de 0.10 mm en aciaio inox aisi 316L 304L - 904L","og_url":"https:\/\/amrtop.net\/es\/producto\/kit-de-intubacion-kfx9316-con-manguera-de-acero-inoxidable-316l-de-9-m\/","og_site_name":"AMRTOP B2B \u00c9tranger - Achats r\u00e9serv\u00e9s au professionnel","article_modified_time":"2023-06-14T13:14:37+00:00","og_image":[{"width":640,"height":640,"url":"https:\/\/amrtop.net\/wp-content\/uploads\/2022\/06\/kfx9316.jpg","type":"image\/jpeg"}],"twitter_card":"summary_large_image","twitter_misc":{"Tiempo de lectura":"2 minutos"},"schema":{"@context":"https:\/\/schema.org","@graph":[{"@type":"WebPage","@id":"https:\/\/amrtop.net\/produit\/kfx9316-kit-dintubation-avec-flexible-inox-316l-de-9-m\/","url":"https:\/\/amrtop.net\/produit\/kfx9316-kit-dintubation-avec-flexible-inox-316l-de-9-m\/","name":"Kit de intubaci\u00f3n con manguera de acero inoxidable 316L de 9 m","isPartOf":{"@id":"https:\/\/amrtop.net\/#website"},"primaryImageOfPage":{"@id":"https:\/\/amrtop.net\/produit\/kfx9316-kit-dintubation-avec-flexible-inox-316l-de-9-m\/#primaryimage"},"image":{"@id":"https:\/\/amrtop.net\/produit\/kfx9316-kit-dintubation-avec-flexible-inox-316l-de-9-m\/#primaryimage"},"thumbnailUrl":"https:\/\/amrtop.net\/wp-content\/uploads\/2022\/06\/kfx9316.jpg","datePublished":"2022-06-08T16:35:26+00:00","dateModified":"2023-06-14T13:14:37+00:00","description":"Kit de intubaci\u00f3n con tubo flexible de acero inoxidable 316L de 9 m - Tubos - Chimeneas - Sistemas de extracci\u00f3n y accesorios para aire y humo de pared simple y doble corrugada interna lisa y flexible en varios di\u00e1metros vendidos por metro y en rollos con cajas americanas y dispensador con espesor m\u00ednimo de 0,10 mm en acero inoxidable aisi 316L 304L - 904L","breadcrumb":{"@id":"https:\/\/amrtop.net\/produit\/kfx9316-kit-dintubation-avec-flexible-inox-316l-de-9-m\/#breadcrumb"},"inLanguage":"es","potentialAction":[{"@type":"ReadAction","target":["https:\/\/amrtop.net\/produit\/kfx9316-kit-dintubation-avec-flexible-inox-316l-de-9-m\/"]}]},{"@type":"ImageObject","inLanguage":"es","@id":"https:\/\/amrtop.net\/produit\/kfx9316-kit-dintubation-avec-flexible-inox-316l-de-9-m\/#primaryimage","url":"https:\/\/amrtop.net\/wp-content\/uploads\/2022\/06\/kfx9316.jpg","contentUrl":"https:\/\/amrtop.net\/wp-content\/uploads\/2022\/06\/kfx9316.jpg","width":640,"height":640,"caption":"Kit intubazione tubo flessibile"},{"@type":"BreadcrumbList","@id":"https:\/\/amrtop.net\/produit\/kfx9316-kit-dintubation-avec-flexible-inox-316l-de-9-m\/#breadcrumb","itemListElement":[{"@type":"ListItem","position":1,"name":"Home","item":"https:\/\/amrtop.net\/"},{"@type":"ListItem","position":2,"name":"Shop","item":"https:\/\/amrtop.net\/negozio\/"},{"@type":"ListItem","position":3,"name":"KFX9316 &#8211; Kit d\u2019intubation avec flexible inox 316L de 9 m"}]},{"@type":"WebSite","@id":"https:\/\/amrtop.net\/#website","url":"https:\/\/amrtop.net\/","name":"AMRTOP B2B Abroad - Compras reservadas a los profesionales","description":"Recambios y accesorios para estufas y calderas - Comercio electr\u00f3nico B2B para profesionales","potentialAction":[{"@type":"SearchAction","target":{"@type":"EntryPoint","urlTemplate":"https:\/\/amrtop.net\/?s={search_term_string}"},"query-input":{"@type":"PropertyValueSpecification","valueRequired":true,"valueName":"search_term_string"}}],"inLanguage":"es"}]}},"_links":{"self":[{"href":"https:\/\/amrtop.net\/es\/wp-json\/wp\/v2\/product\/31110","targetHints":{"allow":["GET"]}}],"collection":[{"href":"https:\/\/amrtop.net\/es\/wp-json\/wp\/v2\/product"}],"about":[{"href":"https:\/\/amrtop.net\/es\/wp-json\/wp\/v2\/types\/product"}],"replies":[{"embeddable":true,"href":"https:\/\/amrtop.net\/es\/wp-json\/wp\/v2\/comments?post=31110"}],"wp:featuredmedia":[{"embeddable":true,"href":"https:\/\/amrtop.net\/es\/wp-json\/wp\/v2\/media\/32571"}],"wp:attachment":[{"href":"https:\/\/amrtop.net\/es\/wp-json\/wp\/v2\/media?parent=31110"}],"wp:term":[{"taxonomy":"product_brand","embeddable":true,"href":"https:\/\/amrtop.net\/es\/wp-json\/wp\/v2\/product_brand?post=31110"},{"taxonomy":"product_cat","embeddable":true,"href":"https:\/\/amrtop.net\/es\/wp-json\/wp\/v2\/product_cat?post=31110"},{"taxonomy":"product_tag","embeddable":true,"href":"https:\/\/amrtop.net\/es\/wp-json\/wp\/v2\/product_tag?post=31110"}],"curies":[{"name":"wp","href":"https:\/\/api.w.org\/{rel}","templated":true}]}}