{"id":31159,"date":"2022-06-09T08:17:48","date_gmt":"2022-06-09T08:17:48","guid":{"rendered":"https:\/\/amrtop.com\/B2B\/?post_type=product&#038;p=31159"},"modified":"2023-06-08T08:23:23","modified_gmt":"2023-06-08T08:23:23","slug":"elemento-dair-90-espiga-macho-o-60-mm","status":"publish","type":"product","link":"https:\/\/amrtop.net\/es\/produit\/element-dair-90-piquage-male-o-60-mm\/","title":{"rendered":"CXPI09... - Elemento de alimentaci\u00f3n de aire a 90\u00b0, conexi\u00f3n macho de pared simple \u00d8 60 mm"},"content":{"rendered":"<h3>Elemento de aire-90\u00b0 espiga-macho \u00d8-60-mm<\/h3>\n<p>Interior: acero inoxidable 316L - Exterior: acero inoxidable 304<br \/>\nTodas las piezas se suministran con la junta ya colocada en el interior.<br \/>\nSi el tejado sobresale, debe a\u00f1adirse una junta a la parte hembra.<br \/>\nde la pared exterior del COAX y una brida de seguridad.<\/p>\n<h3>Lubrique la junta antes de montarla<\/h3>\n<h3>Marcado<\/h3>\n<p>CE seg\u00fan NF EN 14989-2 T600 N1 W V2 L50040 G100<\/p>\n<h3>Uso del elemento de aire-90\u00b0 espiga-macho \u00d8-60-mm<\/h3>\n<p>Elemento de aire-90\u00b0 espiga-macho \u00d8-60-mm utilizando tubo coaxial de acero inoxidable aisi 316 y tubo exterior 304 de la gama <strong>CXP ACERO INOXIDABLE ACERO INOXIDABLE<\/strong>\u00a0de\u00a0<strong>Amrtop<\/strong>\u00a0se basa en el principio de agrupar dos tubos uno dentro de otro para formar una doble c\u00e1mara de aire: el tubo interior se utiliza para evacuar el humo, mientras que el tubo exterior se utiliza para suministrar aire a la estufa para la combusti\u00f3n. De este modo, el aire se calienta al entrar en contacto con el tubo interior, lo que aumenta el rendimiento en casi un 10 %<\/p>\n<h3>Instalaci\u00f3n de aplicaciones<\/h3>\n<p>Interna o externa.<\/p>\n<h3>Dom\u00e9stico<\/h3>\n<p><a href=\"https:\/\/wekos.it\/\">stufe, cucine e termocucine a legna<\/a>\u00a0-\u00a0<a href=\"https:\/\/www.greenpuros.com\/\">caminetti, stufe, termostufe e caldaie a pellet.<\/a><\/p>\n<h3><strong>Gama de sistemas de humo AMR TOP \u00a0\u00a0\u00a0\u00a0\u00a0\u00a0\u00a0\u00a0\u00a0\u00a0\u00a0\u00a0\u00a0\u00a0\u00a0\u00a0\u00a0\u00a0\u00a0\u00a0\u00a0\u00a0\u00a0\u00a0\u00a0\u00a0\u00a0\u00a0\u00a0\u00a0\u00a0\u00a0\u00a0\u00a0\u00a0\u00a0\u00a0\u00a0\u00a0\u00a0\u00a0\u00a0\u00a0\u00a0\u00a0\u00a0\u00a0 \u00a0\u00a0\u00a0\u00a0\u00a0\u00a0\u00a0\u00a0\u00a0\u00a0\u00a0\u00a0\u00a0\u00a0\u00a0\u00a0\u00a0\u00a0\u00a0\u00a0\u00a0\u00a0\u00a0\u00a0\u00a0\u00a0\u00a0\u00a0\u00a0\u00a0\u00a0\u00a0\u00a0\u00a0\u00a0\u00a0\u00a0\u00a0\u00a0\u00a0\u00a0\u00a0\u00a0\u00a0\u00a0\u00a0\u00a0\u00a0\u00a0\u00a0\u00a0\u00a0\u00a0\u00a0\u00a0\u00a0\u00a0\u00a0\u00a0\u00a0\u00a0\u00a0\u00a0\u00a0\u00a0\u00a0<\/strong><\/h3>\n<p><a href=\"https:\/\/amrtop.com\/B2B\/fr\/categorie-produit\/canne-fumarie\/tubi-flessibili-inox\/\"><strong>Top flex SP - Tubos flexibles de acero inoxidable corrugado de una y dos caras<\/strong><\/a><\/p>\n<p><a href=\"https:\/\/amrtop.com\/B2B\/categoria-prodotto\/canne-fumarie\/tubo-monoparete-acciaio-inox\/\"><strong>Sp - Tubo r\u00edgido mono parete inox aisi 316L<\/strong><\/a><\/p>\n<p><a href=\"https:\/\/amrtop.com\/B2B\/categoria-prodotto\/canne-fumarie\/isotop-flex-flessibile-coibentato\/\"><strong>Iso top flex - Tubo flessisbile doppia parete interno liscio coibentato<\/strong><\/a><\/p>\n<p><a href=\"https:\/\/amrtop.com\/B2B\/categoria-prodotto\/canne-fumarie\/dp-aria-doppia-parete-aria\/\"><strong>Dp air - Tubo doble par inox a c\u00e1mara de aire<\/strong><\/a><\/p>\n<p><a href=\"https:\/\/amrtop.com\/B2B\/categoria-prodotto\/canne-fumarie\/dp-doppia-parete\/\"><strong>Dp - Tubo doble par inox coibentado 10 mm - 25 mm<\/strong><\/a><\/p>\n<p><a href=\"https:\/\/amrtop.com\/B2B\/categoria-prodotto\/canne-fumarie\/coax-top-coassiale\/\"><strong>Parte superior coaxial - Tubo coassiale inox<\/strong><\/a><\/p>\n<p><a href=\"https:\/\/amrtop.com\/B2B\/categoria-prodotto\/canne-fumarie\/coax-pellet-tubo-coassiale-inox\/\"><strong>Pellets coaxiales - Tubo coaxial de acero inoxidable<\/strong><\/a><\/p>\n<p><a href=\"https:\/\/amrtop.com\/B2B\/categoria-prodotto\/canne-fumarie\/biom-top\/\"><strong>Biom top - Tubos de ensayo de pellets<\/strong><\/a><\/p>\n<p><a href=\"https:\/\/amrtop.com\/B2B\/categoria-prodotto\/canne-fumarie\/alutop-alluminio-estensibile\/\"><strong>Alu top - Tubo alluminio flessibile estensibile<\/strong><\/a><\/p>","protected":false},"excerpt":{"rendered":"<p>\u00c9l\u00e9ment d\u2019air-90\u00b0 piquage-m\u00e2le \u00d8-60-mm Int\u00e9rieur : Inox 316L \u2013 Ext\u00e9rieur : Inox 304 Toutes les pi\u00e8ces sont livr\u00e9es avec le joint d\u2019\u00e9tanch\u00e9it\u00e9 d\u00e9j\u00e0 mont\u00e9 paroi int\u00e9rieure. En cas de d\u00e9passement de toiture, il faut imp\u00e9rativement ajouter un joint dans la partie femelle de la paroi ext\u00e9rieure du COAX ainsi qu\u2019une bride de s\u00e9curit\u00e9. Lubrifier le [&hellip;]<\/p>\n","protected":false},"featured_media":32838,"comment_status":"open","ping_status":"closed","template":"","meta":[],"product_brand":[],"product_cat":[1555,1544],"product_tag":[],"class_list":{"0":"post-31159","1":"product","2":"type-product","3":"status-publish","4":"has-post-thumbnail","6":"product_cat-tuyau-coaxial-inox-inox-black","7":"product_cat-conduit-etanche-concentrique-inox","9":"first","10":"instock","11":"shipping-taxable","12":"purchasable","13":"product-type-variable"},"yoast_head":"<!-- This site is optimized with the Yoast SEO plugin v27.4 - https:\/\/yoast.com\/product\/yoast-seo-wordpress\/ -->\n<title>\u00c9l\u00e9ment d\u2019air-90\u00b0 piquage-m\u00e2le \u00d8-60-mm<\/title>\n<meta name=\"description\" content=\"\u00c9l\u00e9ment d\u2019air-90\u00b0 piquage-m\u00e2le \u00d8-60-mm utilisation du tuyau coaxial inox aisi 316 et\u00a0 l\u2019ext\u00e9rieur 304\u00a0 de la gamme\u00a0CXP INOX INOX\u00a0de\u00a0Amrtop\" \/>\n<meta name=\"robots\" content=\"index, follow, max-snippet:-1, max-image-preview:large, max-video-preview:-1\" \/>\n<link rel=\"canonical\" href=\"https:\/\/amrtop.net\/es\/producto\/elemento-dair-90-espiga-macho-o-60-mm\/\" \/>\n<meta property=\"og:locale\" content=\"es_ES\" \/>\n<meta property=\"og:type\" content=\"article\" \/>\n<meta property=\"og:title\" content=\"\u00c9l\u00e9ment d\u2019air-90\u00b0 piquage-m\u00e2le \u00d8-60-mm\" \/>\n<meta property=\"og:description\" content=\"\u00c9l\u00e9ment d\u2019air-90\u00b0 piquage-m\u00e2le \u00d8-60-mm utilisation du tuyau coaxial inox aisi 316 et\u00a0 l\u2019ext\u00e9rieur 304\u00a0 de la gamme\u00a0CXP INOX INOX\u00a0de\u00a0Amrtop\" \/>\n<meta property=\"og:url\" content=\"https:\/\/amrtop.net\/es\/producto\/elemento-dair-90-espiga-macho-o-60-mm\/\" \/>\n<meta property=\"og:site_name\" content=\"AMRTOP B2B \u00c9tranger - Achats r\u00e9serv\u00e9s au professionnel\" \/>\n<meta property=\"article:modified_time\" content=\"2023-06-08T08:23:23+00:00\" \/>\n<meta property=\"og:image\" content=\"https:\/\/amrtop.net\/wp-content\/uploads\/2022\/06\/cxpi09.jpg\" \/>\n\t<meta property=\"og:image:width\" content=\"640\" \/>\n\t<meta property=\"og:image:height\" content=\"640\" \/>\n\t<meta property=\"og:image:type\" content=\"image\/jpeg\" \/>\n<meta name=\"twitter:card\" content=\"summary_large_image\" \/>\n<meta name=\"twitter:label1\" content=\"Tiempo de lectura\" \/>\n\t<meta name=\"twitter:data1\" content=\"2 minutos\" \/>\n<script type=\"application\/ld+json\" class=\"yoast-schema-graph\">{\"@context\":\"https:\\\/\\\/schema.org\",\"@graph\":[{\"@type\":\"WebPage\",\"@id\":\"https:\\\/\\\/amrtop.net\\\/produit\\\/element-dair-90-piquage-male-o-60-mm\\\/\",\"url\":\"https:\\\/\\\/amrtop.net\\\/produit\\\/element-dair-90-piquage-male-o-60-mm\\\/\",\"name\":\"\u00c9l\u00e9ment d\u2019air-90\u00b0 piquage-m\u00e2le \u00d8-60-mm\",\"isPartOf\":{\"@id\":\"https:\\\/\\\/amrtop.net\\\/#website\"},\"primaryImageOfPage\":{\"@id\":\"https:\\\/\\\/amrtop.net\\\/produit\\\/element-dair-90-piquage-male-o-60-mm\\\/#primaryimage\"},\"image\":{\"@id\":\"https:\\\/\\\/amrtop.net\\\/produit\\\/element-dair-90-piquage-male-o-60-mm\\\/#primaryimage\"},\"thumbnailUrl\":\"https:\\\/\\\/amrtop.net\\\/wp-content\\\/uploads\\\/2022\\\/06\\\/cxpi09.jpg\",\"datePublished\":\"2022-06-09T08:17:48+00:00\",\"dateModified\":\"2023-06-08T08:23:23+00:00\",\"description\":\"\u00c9l\u00e9ment d\u2019air-90\u00b0 piquage-m\u00e2le \u00d8-60-mm utilisation du tuyau coaxial inox aisi 316 et\u00a0 l\u2019ext\u00e9rieur 304\u00a0 de la gamme\u00a0CXP INOX INOX\u00a0de\u00a0Amrtop\",\"breadcrumb\":{\"@id\":\"https:\\\/\\\/amrtop.net\\\/produit\\\/element-dair-90-piquage-male-o-60-mm\\\/#breadcrumb\"},\"inLanguage\":\"es\",\"potentialAction\":[{\"@type\":\"ReadAction\",\"target\":[\"https:\\\/\\\/amrtop.net\\\/produit\\\/element-dair-90-piquage-male-o-60-mm\\\/\"]}]},{\"@type\":\"ImageObject\",\"inLanguage\":\"es\",\"@id\":\"https:\\\/\\\/amrtop.net\\\/produit\\\/element-dair-90-piquage-male-o-60-mm\\\/#primaryimage\",\"url\":\"https:\\\/\\\/amrtop.net\\\/wp-content\\\/uploads\\\/2022\\\/06\\\/cxpi09.jpg\",\"contentUrl\":\"https:\\\/\\\/amrtop.net\\\/wp-content\\\/uploads\\\/2022\\\/06\\\/cxpi09.jpg\",\"width\":640,\"height\":640,\"caption\":\"\u00c9l\u00e9ment d\u2019air-90\u00b0 piquage-m\u00e2le \u00d8-60-mm\"},{\"@type\":\"BreadcrumbList\",\"@id\":\"https:\\\/\\\/amrtop.net\\\/produit\\\/element-dair-90-piquage-male-o-60-mm\\\/#breadcrumb\",\"itemListElement\":[{\"@type\":\"ListItem\",\"position\":1,\"name\":\"Home\",\"item\":\"https:\\\/\\\/amrtop.net\\\/\"},{\"@type\":\"ListItem\",\"position\":2,\"name\":\"Shop\",\"item\":\"https:\\\/\\\/amrtop.net\\\/negozio\\\/\"},{\"@type\":\"ListItem\",\"position\":3,\"name\":\"CXPI09&#8230; &#8211; \u00c9l\u00e9ment d\u2019amen\u00e9e d\u2019air 90\u00b0 piquage m\u00e2le simple paroi \u00d8 60 mm\"}]},{\"@type\":\"WebSite\",\"@id\":\"https:\\\/\\\/amrtop.net\\\/#website\",\"url\":\"https:\\\/\\\/amrtop.net\\\/\",\"name\":\"AMRTOP B2B \u00c9tranger - Achats r\u00e9serv\u00e9s au professionnel\",\"description\":\"Pi\u00e8ces de rechange et accessoires pour po\u00eales et chaudi\u00e8res - eCommerce B2B pour Clients Professionnels\",\"potentialAction\":[{\"@type\":\"SearchAction\",\"target\":{\"@type\":\"EntryPoint\",\"urlTemplate\":\"https:\\\/\\\/amrtop.net\\\/?s={search_term_string}\"},\"query-input\":{\"@type\":\"PropertyValueSpecification\",\"valueRequired\":true,\"valueName\":\"search_term_string\"}}],\"inLanguage\":\"es\"}]}<\/script>\n<!-- \/ Yoast SEO plugin. -->","yoast_head_json":{"title":"Elemento de aire-90\u00b0 espiga-macho \u00d8-60-mm","description":"Elemento de aire-90\u00b0 espiga-macho \u00d8-60-mm utilizando tubo coaxial de acero inoxidable aisi 316 y tubo exterior 304 de la gama CXP INOX INOX de Amrtop.","robots":{"index":"index","follow":"follow","max-snippet":"max-snippet:-1","max-image-preview":"max-image-preview:large","max-video-preview":"max-video-preview:-1"},"canonical":"https:\/\/amrtop.net\/es\/producto\/elemento-dair-90-espiga-macho-o-60-mm\/","og_locale":"es_ES","og_type":"article","og_title":"\u00c9l\u00e9ment d\u2019air-90\u00b0 piquage-m\u00e2le \u00d8-60-mm","og_description":"\u00c9l\u00e9ment d\u2019air-90\u00b0 piquage-m\u00e2le \u00d8-60-mm utilisation du tuyau coaxial inox aisi 316 et\u00a0 l\u2019ext\u00e9rieur 304\u00a0 de la gamme\u00a0CXP INOX INOX\u00a0de\u00a0Amrtop","og_url":"https:\/\/amrtop.net\/es\/producto\/elemento-dair-90-espiga-macho-o-60-mm\/","og_site_name":"AMRTOP B2B \u00c9tranger - Achats r\u00e9serv\u00e9s au professionnel","article_modified_time":"2023-06-08T08:23:23+00:00","og_image":[{"width":640,"height":640,"url":"https:\/\/amrtop.net\/wp-content\/uploads\/2022\/06\/cxpi09.jpg","type":"image\/jpeg"}],"twitter_card":"summary_large_image","twitter_misc":{"Tiempo de lectura":"2 minutos"},"schema":{"@context":"https:\/\/schema.org","@graph":[{"@type":"WebPage","@id":"https:\/\/amrtop.net\/produit\/element-dair-90-piquage-male-o-60-mm\/","url":"https:\/\/amrtop.net\/produit\/element-dair-90-piquage-male-o-60-mm\/","name":"Elemento de aire-90\u00b0 espiga-macho \u00d8-60-mm","isPartOf":{"@id":"https:\/\/amrtop.net\/#website"},"primaryImageOfPage":{"@id":"https:\/\/amrtop.net\/produit\/element-dair-90-piquage-male-o-60-mm\/#primaryimage"},"image":{"@id":"https:\/\/amrtop.net\/produit\/element-dair-90-piquage-male-o-60-mm\/#primaryimage"},"thumbnailUrl":"https:\/\/amrtop.net\/wp-content\/uploads\/2022\/06\/cxpi09.jpg","datePublished":"2022-06-09T08:17:48+00:00","dateModified":"2023-06-08T08:23:23+00:00","description":"Elemento de aire-90\u00b0 espiga-macho \u00d8-60-mm utilizando tubo coaxial de acero inoxidable aisi 316 y tubo exterior 304 de la gama CXP INOX INOX de Amrtop.","breadcrumb":{"@id":"https:\/\/amrtop.net\/produit\/element-dair-90-piquage-male-o-60-mm\/#breadcrumb"},"inLanguage":"es","potentialAction":[{"@type":"ReadAction","target":["https:\/\/amrtop.net\/produit\/element-dair-90-piquage-male-o-60-mm\/"]}]},{"@type":"ImageObject","inLanguage":"es","@id":"https:\/\/amrtop.net\/produit\/element-dair-90-piquage-male-o-60-mm\/#primaryimage","url":"https:\/\/amrtop.net\/wp-content\/uploads\/2022\/06\/cxpi09.jpg","contentUrl":"https:\/\/amrtop.net\/wp-content\/uploads\/2022\/06\/cxpi09.jpg","width":640,"height":640,"caption":"\u00c9l\u00e9ment d\u2019air-90\u00b0 piquage-m\u00e2le \u00d8-60-mm"},{"@type":"BreadcrumbList","@id":"https:\/\/amrtop.net\/produit\/element-dair-90-piquage-male-o-60-mm\/#breadcrumb","itemListElement":[{"@type":"ListItem","position":1,"name":"Home","item":"https:\/\/amrtop.net\/"},{"@type":"ListItem","position":2,"name":"Shop","item":"https:\/\/amrtop.net\/negozio\/"},{"@type":"ListItem","position":3,"name":"CXPI09&#8230; &#8211; \u00c9l\u00e9ment d\u2019amen\u00e9e d\u2019air 90\u00b0 piquage m\u00e2le simple paroi \u00d8 60 mm"}]},{"@type":"WebSite","@id":"https:\/\/amrtop.net\/#website","url":"https:\/\/amrtop.net\/","name":"AMRTOP B2B Abroad - Compras reservadas a los profesionales","description":"Recambios y accesorios para estufas y calderas - Comercio electr\u00f3nico B2B para profesionales","potentialAction":[{"@type":"SearchAction","target":{"@type":"EntryPoint","urlTemplate":"https:\/\/amrtop.net\/?s={search_term_string}"},"query-input":{"@type":"PropertyValueSpecification","valueRequired":true,"valueName":"search_term_string"}}],"inLanguage":"es"}]}},"_links":{"self":[{"href":"https:\/\/amrtop.net\/es\/wp-json\/wp\/v2\/product\/31159","targetHints":{"allow":["GET"]}}],"collection":[{"href":"https:\/\/amrtop.net\/es\/wp-json\/wp\/v2\/product"}],"about":[{"href":"https:\/\/amrtop.net\/es\/wp-json\/wp\/v2\/types\/product"}],"replies":[{"embeddable":true,"href":"https:\/\/amrtop.net\/es\/wp-json\/wp\/v2\/comments?post=31159"}],"wp:featuredmedia":[{"embeddable":true,"href":"https:\/\/amrtop.net\/es\/wp-json\/wp\/v2\/media\/32838"}],"wp:attachment":[{"href":"https:\/\/amrtop.net\/es\/wp-json\/wp\/v2\/media?parent=31159"}],"wp:term":[{"taxonomy":"product_brand","embeddable":true,"href":"https:\/\/amrtop.net\/es\/wp-json\/wp\/v2\/product_brand?post=31159"},{"taxonomy":"product_cat","embeddable":true,"href":"https:\/\/amrtop.net\/es\/wp-json\/wp\/v2\/product_cat?post=31159"},{"taxonomy":"product_tag","embeddable":true,"href":"https:\/\/amrtop.net\/es\/wp-json\/wp\/v2\/product_tag?post=31159"}],"curies":[{"name":"wp","href":"https:\/\/api.w.org\/{rel}","templated":true}]}}