{"id":31266,"date":"2022-06-09T12:10:06","date_gmt":"2022-06-09T12:10:06","guid":{"rendered":"https:\/\/amrtop.com\/B2B\/?post_type=product&#038;p=31266"},"modified":"2023-06-08T08:22:44","modified_gmt":"2023-06-08T08:22:44","slug":"rallonge-ajustable-0-25-mm","status":"publish","type":"product","link":"https:\/\/amrtop.net\/es\/produit\/rallonge-ajustable-0-25-mm\/","title":{"rendered":"Rallonge ajustable 0,25 mm"},"content":{"rendered":"<h3>Rallonge ajustable 0-25 mm<\/h3>\n<p>Los accesorios para el tubo coaxial son los siguientes: Terminal vertical de renovaci\u00f3n - Placa de cubierta superior 400 x 400 - Placa intermedia - T aislada DP 90\u00b0 - Elemento COAX con toma de aire \u00d8 60 - Elemento COAX con toma de aire \u00d8 60 - Prolongaci\u00f3n regulable 0,25 mm - Brida conc\u00e9ntrica de seguridad - Caja de remate redonda blanca y negra - Placa posterior basculante inox - blanca - negra de 0\u00b0 a 10\u00b0 o de 10\u00b0 a 30\u00b0 o de 30\u00b0 a 40\u00b0 o de 40\u00b0 a 50\u00b0 - Flex de aluminio th. 0,12 mm - Flex aluminio th. 0,6 mm - Flex tejido vidrio negro con refuerzo 4 m - Flex tejido vidrio negro con refuerzo 1 m - Abrazadera acero inox - Aumento di\u00e1metro alu. macho o alu. negro macho - Entrada de aire mural negro o inox - Elemento toma de aire horizontal inox conc\u00e9ntrico con evacuaci\u00f3n de humos - Placa acabado bajo blanco aspiraci\u00f3n tipo C9 para coaxial y mucho m\u00e1s ....<\/p>\n<p><strong>Lubrique la junta antes de montarla<\/strong><\/p>\n<h3><strong>Marcado<\/strong><\/h3>\n<p>CE seg\u00fan NF EN 14989-2 T600 N1 W V2 L50040 G100<\/p>\n<h3><strong>Utilisation de les r<\/strong>allonge ajustable 0-25 mm<\/h3>\n<p>Accesorios para la gama\u00a0<strong>CXP PELLET COAXIAL INOX - INOX E INOX- INOX NEGRO<\/strong>\u00a0le permitir\u00e1 completar su conducto de humos ofreci\u00e9ndole soluciones que simplifican el trabajo del operario que se encarga de la instalaci\u00f3n y obtener un buen resultado est\u00e9tico utilizando las piezas especiales y de acabado que ofrece Amrtop.<\/p>\n<h3><strong>Instalaci\u00f3n de aplicaciones<\/strong><\/h3>\n<p>Interna o externa.<\/p>\n<h3><strong>Dom\u00e9stico<\/strong><\/h3>\n<p><a href=\"https:\/\/wekos.it\/\">stufe, cucine e termocucine a legna<\/a>\u00a0-\u00a0<a href=\"https:\/\/www.greenpuros.com\/\">caminetti, stufe, termostufe e caldaie a pellet.<\/a><\/p>\n<h3><strong>Gama de sistemas de humo AMR TOP \u00a0\u00a0\u00a0\u00a0\u00a0\u00a0\u00a0\u00a0\u00a0\u00a0\u00a0\u00a0\u00a0\u00a0\u00a0\u00a0\u00a0\u00a0\u00a0\u00a0\u00a0\u00a0\u00a0\u00a0\u00a0\u00a0\u00a0\u00a0\u00a0\u00a0\u00a0\u00a0\u00a0\u00a0\u00a0\u00a0\u00a0\u00a0\u00a0\u00a0\u00a0\u00a0\u00a0\u00a0\u00a0\u00a0\u00a0 \u00a0\u00a0\u00a0\u00a0\u00a0\u00a0\u00a0\u00a0\u00a0\u00a0\u00a0\u00a0\u00a0\u00a0\u00a0\u00a0\u00a0\u00a0\u00a0\u00a0\u00a0\u00a0\u00a0\u00a0\u00a0\u00a0\u00a0\u00a0\u00a0\u00a0\u00a0\u00a0\u00a0\u00a0\u00a0\u00a0\u00a0\u00a0\u00a0\u00a0\u00a0\u00a0\u00a0\u00a0\u00a0\u00a0\u00a0\u00a0\u00a0\u00a0\u00a0\u00a0\u00a0\u00a0\u00a0\u00a0\u00a0\u00a0\u00a0\u00a0\u00a0\u00a0\u00a0\u00a0\u00a0\u00a0<\/strong><\/h3>\n<p><a href=\"https:\/\/amrtop.com\/B2B\/categoria-prodotto\/canne-fumarie\/top-flex-sp-tubi-flessibili-inox\/\"><strong>Top flex SP - Tubos flexibles de acero inoxidable corrugado de una y dos caras<\/strong><\/a><\/p>\n<p><a href=\"https:\/\/amrtop.com\/B2B\/categoria-prodotto\/canne-fumarie\/tubo-monoparete-acciaio-inox\/\"><strong>Sp - Tubo r\u00edgido mono parete inox aisi 316L<\/strong><\/a><\/p>\n<p><a href=\"https:\/\/amrtop.com\/B2B\/categoria-prodotto\/canne-fumarie\/isotop-flex-flessibile-coibentato\/\"><strong>Iso top flex - Tubo flessisbile doppia parete interno liscio coibentato<\/strong><\/a><\/p>\n<p><a href=\"https:\/\/amrtop.com\/B2B\/categoria-prodotto\/canne-fumarie\/dp-aria-doppia-parete-aria\/\"><strong>Dp air - Tubo doble par inox a c\u00e1mara de aire<\/strong><\/a><\/p>\n<p><a href=\"https:\/\/amrtop.com\/B2B\/categoria-prodotto\/canne-fumarie\/dp-doppia-parete\/\"><strong>Dp - Tubo doble par inox coibentado 10 mm - 25 mm<\/strong><\/a><\/p>\n<p><a href=\"https:\/\/amrtop.com\/B2B\/categoria-prodotto\/canne-fumarie\/coax-top-coassiale\/\"><strong>Parte superior coaxial - Tubo coassiale inox<\/strong><\/a><\/p>\n<p><a href=\"https:\/\/amrtop.com\/B2B\/categoria-prodotto\/canne-fumarie\/coax-pellet-tubo-coassiale-inox\/\"><strong>Pellets coaxiales - Tubo coaxial de acero inoxidable<\/strong><\/a><\/p>\n<p><a href=\"https:\/\/amrtop.com\/B2B\/categoria-prodotto\/canne-fumarie\/biom-top\/\"><strong>Biom top - Tubos de ensayo de pellets<\/strong><\/a><\/p>\n<p><a href=\"https:\/\/amrtop.com\/B2B\/categoria-prodotto\/canne-fumarie\/alutop-alluminio-estensibile\/\"><strong>Alu top - Tubo alluminio flessibile estensibile<\/strong><\/a><\/p>","protected":false},"excerpt":{"rendered":"<p>Rallonge ajustable 0-25 mm Les accessoires pour le tuyau coaxial sont les suivants: Terminal vertical r\u00e9novation \u2013 Plaque de finition haute 400 x 400 \u2013 Plaque interm\u00e9diaire \u2013 T\u00e9 \u00e0 90\u00b0 DP isol\u00e9 \u2013 \u00a0El\u00e9ment COAX avec prise d\u2019air \u00d8 60 \u2013 El\u00e9ment COAX avec prise d\u2019air \u00d8 60 \u2013 Rallonge ajustable 0,25 mm \u2013 [&hellip;]<\/p>\n","protected":false},"featured_media":33066,"comment_status":"open","ping_status":"closed","template":"","meta":[],"product_brand":[],"product_cat":[1558,1555],"product_tag":[],"class_list":{"0":"post-31266","1":"product","2":"type-product","3":"status-publish","4":"has-post-thumbnail","6":"product_cat-accessoires-finition-coaxiale-inox","7":"product_cat-tuyau-coaxial-inox-inox-black","9":"first","10":"instock","11":"shipping-taxable","12":"purchasable","13":"product-type-variable"},"yoast_head":"<!-- This site is optimized with the Yoast SEO plugin v27.4 - https:\/\/yoast.com\/product\/yoast-seo-wordpress\/ -->\n<title>Rallonge ajustable 0-25 mm<\/title>\n<meta name=\"description\" content=\"Rallonge ajustable 0-25 mm Les accessoires pour la gamme\u00a0CXP COAXIAL PELLET INOX \u2013 INOX ET INOX- INOX BLACK\" \/>\n<meta name=\"robots\" content=\"index, follow, max-snippet:-1, max-image-preview:large, max-video-preview:-1\" \/>\n<link rel=\"canonical\" href=\"https:\/\/amrtop.net\/es\/producto\/rallonge-ajustable-0-25-mm\/\" \/>\n<meta property=\"og:locale\" content=\"es_ES\" \/>\n<meta property=\"og:type\" content=\"article\" \/>\n<meta property=\"og:title\" content=\"Rallonge ajustable 0-25 mm\" \/>\n<meta property=\"og:description\" content=\"Rallonge ajustable 0-25 mm Les accessoires pour la gamme\u00a0CXP COAXIAL PELLET INOX \u2013 INOX ET INOX- INOX BLACK\" \/>\n<meta property=\"og:url\" content=\"https:\/\/amrtop.net\/es\/producto\/rallonge-ajustable-0-25-mm\/\" \/>\n<meta property=\"og:site_name\" content=\"AMRTOP B2B \u00c9tranger - Achats r\u00e9serv\u00e9s au professionnel\" \/>\n<meta property=\"article:modified_time\" content=\"2023-06-08T08:22:44+00:00\" \/>\n<meta property=\"og:image\" content=\"https:\/\/amrtop.net\/wp-content\/uploads\/2022\/06\/ACP0607.jpg\" \/>\n\t<meta property=\"og:image:width\" content=\"640\" \/>\n\t<meta property=\"og:image:height\" content=\"640\" \/>\n\t<meta property=\"og:image:type\" content=\"image\/jpeg\" \/>\n<meta name=\"twitter:card\" content=\"summary_large_image\" \/>\n<meta name=\"twitter:label1\" content=\"Tiempo de lectura\" \/>\n\t<meta name=\"twitter:data1\" content=\"2 minutos\" \/>\n<script type=\"application\/ld+json\" class=\"yoast-schema-graph\">{\"@context\":\"https:\\\/\\\/schema.org\",\"@graph\":[{\"@type\":\"WebPage\",\"@id\":\"https:\\\/\\\/amrtop.net\\\/produit\\\/rallonge-ajustable-0-25-mm\\\/\",\"url\":\"https:\\\/\\\/amrtop.net\\\/produit\\\/rallonge-ajustable-0-25-mm\\\/\",\"name\":\"Rallonge ajustable 0-25 mm\",\"isPartOf\":{\"@id\":\"https:\\\/\\\/amrtop.net\\\/#website\"},\"primaryImageOfPage\":{\"@id\":\"https:\\\/\\\/amrtop.net\\\/produit\\\/rallonge-ajustable-0-25-mm\\\/#primaryimage\"},\"image\":{\"@id\":\"https:\\\/\\\/amrtop.net\\\/produit\\\/rallonge-ajustable-0-25-mm\\\/#primaryimage\"},\"thumbnailUrl\":\"https:\\\/\\\/amrtop.net\\\/wp-content\\\/uploads\\\/2022\\\/06\\\/ACP0607.jpg\",\"datePublished\":\"2022-06-09T12:10:06+00:00\",\"dateModified\":\"2023-06-08T08:22:44+00:00\",\"description\":\"Rallonge ajustable 0-25 mm Les accessoires pour la gamme\u00a0CXP COAXIAL PELLET INOX \u2013 INOX ET INOX- INOX BLACK\",\"breadcrumb\":{\"@id\":\"https:\\\/\\\/amrtop.net\\\/produit\\\/rallonge-ajustable-0-25-mm\\\/#breadcrumb\"},\"inLanguage\":\"es\",\"potentialAction\":[{\"@type\":\"ReadAction\",\"target\":[\"https:\\\/\\\/amrtop.net\\\/produit\\\/rallonge-ajustable-0-25-mm\\\/\"]}]},{\"@type\":\"ImageObject\",\"inLanguage\":\"es\",\"@id\":\"https:\\\/\\\/amrtop.net\\\/produit\\\/rallonge-ajustable-0-25-mm\\\/#primaryimage\",\"url\":\"https:\\\/\\\/amrtop.net\\\/wp-content\\\/uploads\\\/2022\\\/06\\\/ACP0607.jpg\",\"contentUrl\":\"https:\\\/\\\/amrtop.net\\\/wp-content\\\/uploads\\\/2022\\\/06\\\/ACP0607.jpg\",\"width\":640,\"height\":640,\"caption\":\"Rallonge ajustable 0-25 mm\"},{\"@type\":\"BreadcrumbList\",\"@id\":\"https:\\\/\\\/amrtop.net\\\/produit\\\/rallonge-ajustable-0-25-mm\\\/#breadcrumb\",\"itemListElement\":[{\"@type\":\"ListItem\",\"position\":1,\"name\":\"Home\",\"item\":\"https:\\\/\\\/amrtop.net\\\/\"},{\"@type\":\"ListItem\",\"position\":2,\"name\":\"Shop\",\"item\":\"https:\\\/\\\/amrtop.net\\\/negozio\\\/\"},{\"@type\":\"ListItem\",\"position\":3,\"name\":\"Rallonge ajustable 0,25 mm\"}]},{\"@type\":\"WebSite\",\"@id\":\"https:\\\/\\\/amrtop.net\\\/#website\",\"url\":\"https:\\\/\\\/amrtop.net\\\/\",\"name\":\"AMRTOP B2B \u00c9tranger - Achats r\u00e9serv\u00e9s au professionnel\",\"description\":\"Pi\u00e8ces de rechange et accessoires pour po\u00eales et chaudi\u00e8res - eCommerce B2B pour Clients Professionnels\",\"potentialAction\":[{\"@type\":\"SearchAction\",\"target\":{\"@type\":\"EntryPoint\",\"urlTemplate\":\"https:\\\/\\\/amrtop.net\\\/?s={search_term_string}\"},\"query-input\":{\"@type\":\"PropertyValueSpecification\",\"valueRequired\":true,\"valueName\":\"search_term_string\"}}],\"inLanguage\":\"es\"}]}<\/script>\n<!-- \/ Yoast SEO plugin. -->","yoast_head_json":{"title":"Rallonge ajustable 0-25 mm","description":"Rallonge ajustable 0-25 mm Les accessoires pour la gamme\u00a0CXP COAXIAL PELLET INOX \u2013 INOX ET INOX- INOX BLACK","robots":{"index":"index","follow":"follow","max-snippet":"max-snippet:-1","max-image-preview":"max-image-preview:large","max-video-preview":"max-video-preview:-1"},"canonical":"https:\/\/amrtop.net\/es\/producto\/rallonge-ajustable-0-25-mm\/","og_locale":"es_ES","og_type":"article","og_title":"Rallonge ajustable 0-25 mm","og_description":"Rallonge ajustable 0-25 mm Les accessoires pour la gamme\u00a0CXP COAXIAL PELLET INOX \u2013 INOX ET INOX- INOX BLACK","og_url":"https:\/\/amrtop.net\/es\/producto\/rallonge-ajustable-0-25-mm\/","og_site_name":"AMRTOP B2B \u00c9tranger - Achats r\u00e9serv\u00e9s au professionnel","article_modified_time":"2023-06-08T08:22:44+00:00","og_image":[{"width":640,"height":640,"url":"https:\/\/amrtop.net\/wp-content\/uploads\/2022\/06\/ACP0607.jpg","type":"image\/jpeg"}],"twitter_card":"summary_large_image","twitter_misc":{"Tiempo de lectura":"2 minutos"},"schema":{"@context":"https:\/\/schema.org","@graph":[{"@type":"WebPage","@id":"https:\/\/amrtop.net\/produit\/rallonge-ajustable-0-25-mm\/","url":"https:\/\/amrtop.net\/produit\/rallonge-ajustable-0-25-mm\/","name":"Rallonge ajustable 0-25 mm","isPartOf":{"@id":"https:\/\/amrtop.net\/#website"},"primaryImageOfPage":{"@id":"https:\/\/amrtop.net\/produit\/rallonge-ajustable-0-25-mm\/#primaryimage"},"image":{"@id":"https:\/\/amrtop.net\/produit\/rallonge-ajustable-0-25-mm\/#primaryimage"},"thumbnailUrl":"https:\/\/amrtop.net\/wp-content\/uploads\/2022\/06\/ACP0607.jpg","datePublished":"2022-06-09T12:10:06+00:00","dateModified":"2023-06-08T08:22:44+00:00","description":"Rallonge ajustable 0-25 mm Les accessoires pour la gamme\u00a0CXP COAXIAL PELLET INOX \u2013 INOX ET INOX- INOX BLACK","breadcrumb":{"@id":"https:\/\/amrtop.net\/produit\/rallonge-ajustable-0-25-mm\/#breadcrumb"},"inLanguage":"es","potentialAction":[{"@type":"ReadAction","target":["https:\/\/amrtop.net\/produit\/rallonge-ajustable-0-25-mm\/"]}]},{"@type":"ImageObject","inLanguage":"es","@id":"https:\/\/amrtop.net\/produit\/rallonge-ajustable-0-25-mm\/#primaryimage","url":"https:\/\/amrtop.net\/wp-content\/uploads\/2022\/06\/ACP0607.jpg","contentUrl":"https:\/\/amrtop.net\/wp-content\/uploads\/2022\/06\/ACP0607.jpg","width":640,"height":640,"caption":"Rallonge ajustable 0-25 mm"},{"@type":"BreadcrumbList","@id":"https:\/\/amrtop.net\/produit\/rallonge-ajustable-0-25-mm\/#breadcrumb","itemListElement":[{"@type":"ListItem","position":1,"name":"Home","item":"https:\/\/amrtop.net\/"},{"@type":"ListItem","position":2,"name":"Shop","item":"https:\/\/amrtop.net\/negozio\/"},{"@type":"ListItem","position":3,"name":"Rallonge ajustable 0,25 mm"}]},{"@type":"WebSite","@id":"https:\/\/amrtop.net\/#website","url":"https:\/\/amrtop.net\/","name":"AMRTOP B2B Abroad - Compras reservadas a los profesionales","description":"Recambios y accesorios para estufas y calderas - Comercio electr\u00f3nico B2B para profesionales","potentialAction":[{"@type":"SearchAction","target":{"@type":"EntryPoint","urlTemplate":"https:\/\/amrtop.net\/?s={search_term_string}"},"query-input":{"@type":"PropertyValueSpecification","valueRequired":true,"valueName":"search_term_string"}}],"inLanguage":"es"}]}},"_links":{"self":[{"href":"https:\/\/amrtop.net\/es\/wp-json\/wp\/v2\/product\/31266","targetHints":{"allow":["GET"]}}],"collection":[{"href":"https:\/\/amrtop.net\/es\/wp-json\/wp\/v2\/product"}],"about":[{"href":"https:\/\/amrtop.net\/es\/wp-json\/wp\/v2\/types\/product"}],"replies":[{"embeddable":true,"href":"https:\/\/amrtop.net\/es\/wp-json\/wp\/v2\/comments?post=31266"}],"wp:featuredmedia":[{"embeddable":true,"href":"https:\/\/amrtop.net\/es\/wp-json\/wp\/v2\/media\/33066"}],"wp:attachment":[{"href":"https:\/\/amrtop.net\/es\/wp-json\/wp\/v2\/media?parent=31266"}],"wp:term":[{"taxonomy":"product_brand","embeddable":true,"href":"https:\/\/amrtop.net\/es\/wp-json\/wp\/v2\/product_brand?post=31266"},{"taxonomy":"product_cat","embeddable":true,"href":"https:\/\/amrtop.net\/es\/wp-json\/wp\/v2\/product_cat?post=31266"},{"taxonomy":"product_tag","embeddable":true,"href":"https:\/\/amrtop.net\/es\/wp-json\/wp\/v2\/product_tag?post=31266"}],"curies":[{"name":"wp","href":"https:\/\/api.w.org\/{rel}","templated":true}]}}