{"id":31597,"date":"2022-06-10T07:28:05","date_gmt":"2022-06-10T07:28:05","guid":{"rendered":"https:\/\/amrtop.com\/B2B\/?post_type=product&#038;p=31597"},"modified":"2023-06-08T08:20:37","modified_gmt":"2023-06-08T08:20:37","slug":"longueur-1-m-recoupable-2","status":"publish","type":"product","link":"https:\/\/amrtop.net\/es\/produit\/longueur-1-m-recoupable-2\/","title":{"rendered":"CXPB01... - Longitud 1 m Cortable"},"content":{"rendered":"<h3>Longitud 1 m Cortable<\/h3>\n<p>Interior: acero inoxidable 316L - Exterior: acero inoxidable 304 negro mate<br \/>\nTodas las piezas se suministran con la junta ya colocada en el interior.<br \/>\nSi el tejado sobresale, debe a\u00f1adirse una junta a la parte hembra.<br \/>\nde la pared exterior del COAX y una brida de seguridad.<\/p>\n<h3><strong>Lubrique la junta antes de montarla<\/strong><\/h3>\n<h3><strong>Marcado<\/strong><\/h3>\n<p>CE seg\u00fan NF EN 14989-2 T600 N1 W V2 L50040 G100<\/p>\n<h3><strong>Utilisation de Longueur 1 m Recoupable<\/strong><\/h3>\n<p>Utilizaci\u00f3n de tubo coaxial de acero inoxidable aisi 316 y tubo exterior de acero inoxidable 304 negro mate de la gama\u00a0<strong>CXP INOX INOX - NEGRO<\/strong>\u00a0de\u00a0<strong>Amrtop<\/strong>\u00a0se basa en el principio de agrupar dos tubos uno dentro de otro para formar una doble c\u00e1mara de aire: el tubo interior se utiliza para evacuar el humo, mientras que el tubo exterior se utiliza para suministrar aire a la estufa para la combusti\u00f3n. De este modo, el aire se calienta al entrar en contacto con el tubo interior, lo que aumenta el rendimiento en casi un 10 %<\/p>\n<h3><strong>Instalaci\u00f3n de aplicaciones<\/strong><\/h3>\n<p>Interna o externa.<\/p>\n<h3><strong>Dom\u00e9stico<\/strong><\/h3>\n<p><a href=\"https:\/\/wekos.it\/\">stufe, cucine e termocucine a legna<\/a>\u00a0-\u00a0<a href=\"https:\/\/www.greenpuros.com\/\">caminetti, stufe, termostufe e caldaie a pellet.<\/a><\/p>\n<h3><strong>Gama de sistemas de humo AMR TOP \u00a0\u00a0\u00a0\u00a0\u00a0\u00a0\u00a0\u00a0\u00a0\u00a0\u00a0\u00a0\u00a0\u00a0\u00a0\u00a0\u00a0\u00a0\u00a0\u00a0\u00a0\u00a0\u00a0\u00a0\u00a0\u00a0\u00a0\u00a0\u00a0\u00a0\u00a0\u00a0\u00a0\u00a0\u00a0\u00a0\u00a0\u00a0\u00a0\u00a0\u00a0\u00a0\u00a0\u00a0\u00a0\u00a0\u00a0 \u00a0\u00a0\u00a0\u00a0\u00a0\u00a0\u00a0\u00a0\u00a0\u00a0\u00a0\u00a0\u00a0\u00a0\u00a0\u00a0\u00a0\u00a0\u00a0\u00a0\u00a0\u00a0\u00a0\u00a0\u00a0\u00a0\u00a0\u00a0\u00a0\u00a0\u00a0\u00a0\u00a0\u00a0\u00a0\u00a0\u00a0\u00a0\u00a0\u00a0\u00a0\u00a0\u00a0\u00a0\u00a0\u00a0\u00a0\u00a0\u00a0\u00a0\u00a0\u00a0\u00a0\u00a0\u00a0\u00a0\u00a0\u00a0\u00a0\u00a0\u00a0\u00a0\u00a0\u00a0\u00a0\u00a0<\/strong><\/h3>\n<p><a href=\"https:\/\/amrtop.com\/B2B\/categoria-prodotto\/canne-fumarie\/top-flex-sp-tubi-flessibili-inox\/\"><strong>Top flex SP - Tubos flexibles de acero inoxidable corrugado de una y dos caras<\/strong><\/a><\/p>\n<p><a href=\"https:\/\/amrtop.com\/B2B\/categoria-prodotto\/canne-fumarie\/tubo-monoparete-acciaio-inox\/\"><strong>Sp - Tubo r\u00edgido mono parete inox aisi 316L<\/strong><\/a><\/p>\n<p><a href=\"https:\/\/amrtop.com\/B2B\/categoria-prodotto\/canne-fumarie\/isotop-flex-flessibile-coibentato\/\"><strong>Iso top flex - Tubo flessisbile doppia parete interno liscio coibentato<\/strong><\/a><\/p>\n<p><a href=\"https:\/\/amrtop.com\/B2B\/categoria-prodotto\/canne-fumarie\/dp-aria-doppia-parete-aria\/\"><strong>Dp air - Tubo doble par inox a c\u00e1mara de aire<\/strong><\/a><\/p>\n<p><a href=\"https:\/\/amrtop.com\/B2B\/categoria-prodotto\/canne-fumarie\/dp-doppia-parete\/\"><strong>Dp - Tubo doble par inox coibentado 10 mm - 25 mm<\/strong><\/a><\/p>\n<p><a href=\"https:\/\/amrtop.com\/B2B\/categoria-prodotto\/canne-fumarie\/coax-top-coassiale\/\"><strong>Parte superior coaxial - Tubo coassiale inox<\/strong><\/a><\/p>\n<p><a href=\"https:\/\/amrtop.com\/B2B\/categoria-prodotto\/canne-fumarie\/coax-pellet-tubo-coassiale-inox\/\"><strong>Pellets coaxiales - Tubo coaxial de acero inoxidable<\/strong><\/a><\/p>\n<p><a href=\"https:\/\/amrtop.com\/B2B\/categoria-prodotto\/canne-fumarie\/biom-top\/\"><strong>Biom top - Tubos de ensayo de pellets<\/strong><\/a><\/p>\n<p><a href=\"https:\/\/amrtop.com\/B2B\/categoria-prodotto\/canne-fumarie\/alutop-alluminio-estensibile\/\"><strong>Alu top - Tubo alluminio flessibile estensibile<\/strong><\/a><\/p>","protected":false},"excerpt":{"rendered":"<p>Longueur 1 m Recoupable Int\u00e9rieur : Inox 316L \u2013 Ext\u00e9rieur : Inox 304\u00a0 noir mat Toutes les pi\u00e8ces sont livr\u00e9es avec le joint d\u2019\u00e9tanch\u00e9it\u00e9 d\u00e9j\u00e0 mont\u00e9 paroi int\u00e9rieure. En cas de d\u00e9passement de toiture, il faut imp\u00e9rativement ajouter un joint dans la partie femelle de la paroi ext\u00e9rieure du COAX ainsi qu\u2019une bride de s\u00e9curit\u00e9. [&hellip;]<\/p>\n","protected":false},"featured_media":33301,"comment_status":"open","ping_status":"closed","template":"","meta":[],"product_brand":[],"product_cat":[1555,1545],"product_tag":[],"class_list":{"0":"post-31597","1":"product","2":"type-product","3":"status-publish","4":"has-post-thumbnail","6":"product_cat-tuyau-coaxial-inox-inox-black","7":"product_cat-conduit-etanche-concentrique-inox-noir","9":"first","10":"instock","11":"shipping-taxable","12":"purchasable","13":"product-type-variable"},"yoast_head":"<!-- This site is optimized with the Yoast SEO plugin v27.4 - https:\/\/yoast.com\/product\/yoast-seo-wordpress\/ -->\n<title>Longueur 1 m Recoupable<\/title>\n<meta name=\"description\" content=\"Longueur 1 m Recoupable utilisation du tuyau coaxial inox aisi 316 et\u00a0 l\u2019ext\u00e9rieur 304\u00a0 inox noir mat de la gamme\u00a0CXP INOX INOX \u2013 BLACK\u00a0Amrtop\" \/>\n<meta name=\"robots\" content=\"index, follow, max-snippet:-1, max-image-preview:large, max-video-preview:-1\" \/>\n<link rel=\"canonical\" href=\"https:\/\/amrtop.net\/es\/producto\/longueur-1-m-recoupable-2\/\" \/>\n<meta property=\"og:locale\" content=\"es_ES\" \/>\n<meta property=\"og:type\" content=\"article\" \/>\n<meta property=\"og:title\" content=\"Longueur 1 m Recoupable\" \/>\n<meta property=\"og:description\" content=\"Longueur 1 m Recoupable utilisation du tuyau coaxial inox aisi 316 et\u00a0 l\u2019ext\u00e9rieur 304\u00a0 inox noir mat de la gamme\u00a0CXP INOX INOX \u2013 BLACK\u00a0Amrtop\" \/>\n<meta property=\"og:url\" content=\"https:\/\/amrtop.net\/es\/producto\/longueur-1-m-recoupable-2\/\" \/>\n<meta property=\"og:site_name\" content=\"AMRTOP B2B \u00c9tranger - Achats r\u00e9serv\u00e9s au professionnel\" \/>\n<meta property=\"article:modified_time\" content=\"2023-06-08T08:20:37+00:00\" \/>\n<meta property=\"og:image\" content=\"https:\/\/amrtop.net\/wp-content\/uploads\/2022\/06\/cxpb01.jpg\" \/>\n\t<meta property=\"og:image:width\" content=\"640\" \/>\n\t<meta property=\"og:image:height\" content=\"640\" \/>\n\t<meta property=\"og:image:type\" content=\"image\/jpeg\" \/>\n<meta name=\"twitter:card\" content=\"summary_large_image\" \/>\n<meta name=\"twitter:label1\" content=\"Tiempo de lectura\" \/>\n\t<meta name=\"twitter:data1\" content=\"2 minutos\" \/>\n<script type=\"application\/ld+json\" class=\"yoast-schema-graph\">{\"@context\":\"https:\\\/\\\/schema.org\",\"@graph\":[{\"@type\":\"WebPage\",\"@id\":\"https:\\\/\\\/amrtop.net\\\/produit\\\/longueur-1-m-recoupable-2\\\/\",\"url\":\"https:\\\/\\\/amrtop.net\\\/produit\\\/longueur-1-m-recoupable-2\\\/\",\"name\":\"Longueur 1 m Recoupable\",\"isPartOf\":{\"@id\":\"https:\\\/\\\/amrtop.net\\\/#website\"},\"primaryImageOfPage\":{\"@id\":\"https:\\\/\\\/amrtop.net\\\/produit\\\/longueur-1-m-recoupable-2\\\/#primaryimage\"},\"image\":{\"@id\":\"https:\\\/\\\/amrtop.net\\\/produit\\\/longueur-1-m-recoupable-2\\\/#primaryimage\"},\"thumbnailUrl\":\"https:\\\/\\\/amrtop.net\\\/wp-content\\\/uploads\\\/2022\\\/06\\\/cxpb01.jpg\",\"datePublished\":\"2022-06-10T07:28:05+00:00\",\"dateModified\":\"2023-06-08T08:20:37+00:00\",\"description\":\"Longueur 1 m Recoupable utilisation du tuyau coaxial inox aisi 316 et\u00a0 l\u2019ext\u00e9rieur 304\u00a0 inox noir mat de la gamme\u00a0CXP INOX INOX \u2013 BLACK\u00a0Amrtop\",\"breadcrumb\":{\"@id\":\"https:\\\/\\\/amrtop.net\\\/produit\\\/longueur-1-m-recoupable-2\\\/#breadcrumb\"},\"inLanguage\":\"es\",\"potentialAction\":[{\"@type\":\"ReadAction\",\"target\":[\"https:\\\/\\\/amrtop.net\\\/produit\\\/longueur-1-m-recoupable-2\\\/\"]}]},{\"@type\":\"ImageObject\",\"inLanguage\":\"es\",\"@id\":\"https:\\\/\\\/amrtop.net\\\/produit\\\/longueur-1-m-recoupable-2\\\/#primaryimage\",\"url\":\"https:\\\/\\\/amrtop.net\\\/wp-content\\\/uploads\\\/2022\\\/06\\\/cxpb01.jpg\",\"contentUrl\":\"https:\\\/\\\/amrtop.net\\\/wp-content\\\/uploads\\\/2022\\\/06\\\/cxpb01.jpg\",\"width\":640,\"height\":640,\"caption\":\"Longueur 1 m Recoupable\"},{\"@type\":\"BreadcrumbList\",\"@id\":\"https:\\\/\\\/amrtop.net\\\/produit\\\/longueur-1-m-recoupable-2\\\/#breadcrumb\",\"itemListElement\":[{\"@type\":\"ListItem\",\"position\":1,\"name\":\"Home\",\"item\":\"https:\\\/\\\/amrtop.net\\\/\"},{\"@type\":\"ListItem\",\"position\":2,\"name\":\"Shop\",\"item\":\"https:\\\/\\\/amrtop.net\\\/negozio\\\/\"},{\"@type\":\"ListItem\",\"position\":3,\"name\":\"CXPB01&#8230; &#8211; Longueur 1 m Recoupable\"}]},{\"@type\":\"WebSite\",\"@id\":\"https:\\\/\\\/amrtop.net\\\/#website\",\"url\":\"https:\\\/\\\/amrtop.net\\\/\",\"name\":\"AMRTOP B2B \u00c9tranger - Achats r\u00e9serv\u00e9s au professionnel\",\"description\":\"Pi\u00e8ces de rechange et accessoires pour po\u00eales et chaudi\u00e8res - eCommerce B2B pour Clients Professionnels\",\"potentialAction\":[{\"@type\":\"SearchAction\",\"target\":{\"@type\":\"EntryPoint\",\"urlTemplate\":\"https:\\\/\\\/amrtop.net\\\/?s={search_term_string}\"},\"query-input\":{\"@type\":\"PropertyValueSpecification\",\"valueRequired\":true,\"valueName\":\"search_term_string\"}}],\"inLanguage\":\"es\"}]}<\/script>\n<!-- \/ Yoast SEO plugin. -->","yoast_head_json":{"title":"Longitud 1 m Cortable","description":"Longueur 1 m Recoupable utilisation du tuyau coaxial inox aisi 316 et\u00a0 l\u2019ext\u00e9rieur 304\u00a0 inox noir mat de la gamme\u00a0CXP INOX INOX \u2013 BLACK\u00a0Amrtop","robots":{"index":"index","follow":"follow","max-snippet":"max-snippet:-1","max-image-preview":"max-image-preview:large","max-video-preview":"max-video-preview:-1"},"canonical":"https:\/\/amrtop.net\/es\/producto\/longueur-1-m-recoupable-2\/","og_locale":"es_ES","og_type":"article","og_title":"Longueur 1 m Recoupable","og_description":"Longueur 1 m Recoupable utilisation du tuyau coaxial inox aisi 316 et\u00a0 l\u2019ext\u00e9rieur 304\u00a0 inox noir mat de la gamme\u00a0CXP INOX INOX \u2013 BLACK\u00a0Amrtop","og_url":"https:\/\/amrtop.net\/es\/producto\/longueur-1-m-recoupable-2\/","og_site_name":"AMRTOP B2B \u00c9tranger - Achats r\u00e9serv\u00e9s au professionnel","article_modified_time":"2023-06-08T08:20:37+00:00","og_image":[{"width":640,"height":640,"url":"https:\/\/amrtop.net\/wp-content\/uploads\/2022\/06\/cxpb01.jpg","type":"image\/jpeg"}],"twitter_card":"summary_large_image","twitter_misc":{"Tiempo de lectura":"2 minutos"},"schema":{"@context":"https:\/\/schema.org","@graph":[{"@type":"WebPage","@id":"https:\/\/amrtop.net\/produit\/longueur-1-m-recoupable-2\/","url":"https:\/\/amrtop.net\/produit\/longueur-1-m-recoupable-2\/","name":"Longitud 1 m Cortable","isPartOf":{"@id":"https:\/\/amrtop.net\/#website"},"primaryImageOfPage":{"@id":"https:\/\/amrtop.net\/produit\/longueur-1-m-recoupable-2\/#primaryimage"},"image":{"@id":"https:\/\/amrtop.net\/produit\/longueur-1-m-recoupable-2\/#primaryimage"},"thumbnailUrl":"https:\/\/amrtop.net\/wp-content\/uploads\/2022\/06\/cxpb01.jpg","datePublished":"2022-06-10T07:28:05+00:00","dateModified":"2023-06-08T08:20:37+00:00","description":"Longueur 1 m Recoupable utilisation du tuyau coaxial inox aisi 316 et\u00a0 l\u2019ext\u00e9rieur 304\u00a0 inox noir mat de la gamme\u00a0CXP INOX INOX \u2013 BLACK\u00a0Amrtop","breadcrumb":{"@id":"https:\/\/amrtop.net\/produit\/longueur-1-m-recoupable-2\/#breadcrumb"},"inLanguage":"es","potentialAction":[{"@type":"ReadAction","target":["https:\/\/amrtop.net\/produit\/longueur-1-m-recoupable-2\/"]}]},{"@type":"ImageObject","inLanguage":"es","@id":"https:\/\/amrtop.net\/produit\/longueur-1-m-recoupable-2\/#primaryimage","url":"https:\/\/amrtop.net\/wp-content\/uploads\/2022\/06\/cxpb01.jpg","contentUrl":"https:\/\/amrtop.net\/wp-content\/uploads\/2022\/06\/cxpb01.jpg","width":640,"height":640,"caption":"Longueur 1 m Recoupable"},{"@type":"BreadcrumbList","@id":"https:\/\/amrtop.net\/produit\/longueur-1-m-recoupable-2\/#breadcrumb","itemListElement":[{"@type":"ListItem","position":1,"name":"Home","item":"https:\/\/amrtop.net\/"},{"@type":"ListItem","position":2,"name":"Shop","item":"https:\/\/amrtop.net\/negozio\/"},{"@type":"ListItem","position":3,"name":"CXPB01&#8230; &#8211; Longueur 1 m Recoupable"}]},{"@type":"WebSite","@id":"https:\/\/amrtop.net\/#website","url":"https:\/\/amrtop.net\/","name":"AMRTOP B2B Abroad - Compras reservadas a los profesionales","description":"Recambios y accesorios para estufas y calderas - Comercio electr\u00f3nico B2B para profesionales","potentialAction":[{"@type":"SearchAction","target":{"@type":"EntryPoint","urlTemplate":"https:\/\/amrtop.net\/?s={search_term_string}"},"query-input":{"@type":"PropertyValueSpecification","valueRequired":true,"valueName":"search_term_string"}}],"inLanguage":"es"}]}},"_links":{"self":[{"href":"https:\/\/amrtop.net\/es\/wp-json\/wp\/v2\/product\/31597","targetHints":{"allow":["GET"]}}],"collection":[{"href":"https:\/\/amrtop.net\/es\/wp-json\/wp\/v2\/product"}],"about":[{"href":"https:\/\/amrtop.net\/es\/wp-json\/wp\/v2\/types\/product"}],"replies":[{"embeddable":true,"href":"https:\/\/amrtop.net\/es\/wp-json\/wp\/v2\/comments?post=31597"}],"wp:featuredmedia":[{"embeddable":true,"href":"https:\/\/amrtop.net\/es\/wp-json\/wp\/v2\/media\/33301"}],"wp:attachment":[{"href":"https:\/\/amrtop.net\/es\/wp-json\/wp\/v2\/media?parent=31597"}],"wp:term":[{"taxonomy":"product_brand","embeddable":true,"href":"https:\/\/amrtop.net\/es\/wp-json\/wp\/v2\/product_brand?post=31597"},{"taxonomy":"product_cat","embeddable":true,"href":"https:\/\/amrtop.net\/es\/wp-json\/wp\/v2\/product_cat?post=31597"},{"taxonomy":"product_tag","embeddable":true,"href":"https:\/\/amrtop.net\/es\/wp-json\/wp\/v2\/product_tag?post=31597"}],"curies":[{"name":"wp","href":"https:\/\/api.w.org\/{rel}","templated":true}]}}