{"id":3577,"date":"2020-01-10T00:00:00","date_gmt":"2020-01-10T00:00:00","guid":{"rendered":"https:\/\/amrtop.com\/B2B\/?post_type=product&#038;p=3577"},"modified":"2024-05-21T13:11:48","modified_gmt":"2024-05-21T13:11:48","slug":"bougie-avec-raccord-3-8%e2%80%b3-160-mm","status":"publish","type":"product","link":"https:\/\/amrtop.net\/es\/produit\/bougie-avec-raccord-3-8%e2%80%b3-160-mm\/","title":{"rendered":"Buj\u00eda de encendido con conector 3\/8\u2033 \u00f8 9,9 mm - 250 vatios - longitud total 160 mm - C\u00f3digo ELD60027"},"content":{"rendered":"<h3>Compatibilidad<\/h3>\n<h3>Intercambiable con los siguientes modelos de buj\u00edas-resistencias-cartuchos de encendido :<\/h3>\n<p>HT62654, ELD60028, KIT 2<\/p>\n<p><strong>Para los siguientes modelos de estufas y calderas de pellets Palazzetti:<\/strong><\/p>\n<p>805711120 &#8211; CT PRO 35 (004760366)PALAZZETTI<br \/>\n805711150 &#8211; CT PRO 28 (004760366)PALAZZETTI<br \/>\n805711160 &#8211; CT PRO 24 (004760366)PALAZZETTI<br \/>\n805712550 &#8211; CT PRO 24T (004760550)PALAZZETTI<br \/>\n805712560 &#8211; CT PRO 28T (004760550)PALAZZETTI<br \/>\n805712570 &#8211; CT PRO 35T (004760550)PALAZZETTI<br \/>\n805712500 &#8211; 24T (A) (004760740)PALAZZETTI<br \/>\n805712510 &#8211; CT PRO 28T (A) (004760740)PALAZZETTI<br \/>\n805712520 &#8211; CT PRO 35T (A) (004760740)PALAZZETTI<\/p>\n<p><strong>Pour les mod\u00e8les suivants de po\u00eales et chaudi\u00e8res \u00e0 pellets Royal:<\/strong><\/p>\n<p>808130200 &#8211;\u00a0 &#8220;CPR 28T&#8221; (A) (004760742)ROYAL<br \/>\n808130210 &#8211;\u00a0 &#8220;CPR 35T&#8221; (A) (004760742)ROYAL<br \/>\n808130120 &#8211;\u00a0 &#8220;CPR 28&#8221; (004760451)ROYAL<br \/>\n808130130 &#8211;\u00a0 &#8220;CPR 35&#8221; (004760451)ROYAL<\/p>","protected":false},"excerpt":{"rendered":"<hr \/>\n<h2><span style=\"color: #008000\">Disponible en<\/span><\/h2>\n<hr \/>\n<h3>Buj\u00eda de encendido con conexi\u00f3n de 3\/8<\/h3>\n<p>Code.ELD60027<\/p>\n<p>\u00f8 9,9 mm<br \/>\nLongitud total: 160 mm<br \/>\nLongueur sous-\u00e9crou : 150 mm<br \/>\nPotencia: 250 W<br \/>\nLongitud del cable: 500 mm<\/p>\n<p>&nbsp;<\/p>","protected":false},"featured_media":34621,"comment_status":"open","ping_status":"closed","template":"","meta":[],"product_brand":[],"product_cat":[842,840,839],"product_tag":[37,77,92,43,97,98],"class_list":{"0":"post-3577","1":"product","2":"type-product","3":"status-publish","4":"has-post-thumbnail","6":"product_cat-bougies-avec-raccord-3-8-o-9-9-mm","7":"product_cat-bougies-dallumage-pour-poeles-et-chaudieres-a-pellets","8":"product_cat-pieces-de-rechange-divers-poeles-et-chaudieres","9":"product_tag-kalon","10":"product_tag-lincar","11":"product_tag-solzaima","12":"product_tag-supra","13":"product_tag-ungaro","14":"product_tag-vibrok","15":"product_shipping_class-classe-di-spedizione-01","17":"first","18":"instock","19":"shipping-taxable","20":"purchasable","21":"product-type-simple"},"yoast_head":"<!-- This site is optimized with the Yoast SEO plugin v27.4 - https:\/\/yoast.com\/product\/yoast-seo-wordpress\/ -->\n<title>Bougie avec raccord 3\/8\u2033 160 mm<\/title>\n<meta name=\"description\" content=\"Bougie avec raccord 3\/8\u2033 160 mm - r\u00e9sistance \u00e0 l\u2019allumage avec raccord 3\/8&quot; de 9,9 mm - cartouche \u00e0 allumage raccord 3\/8&quot; de 9,9 mm\" \/>\n<meta name=\"robots\" content=\"index, follow, max-snippet:-1, max-image-preview:large, max-video-preview:-1\" \/>\n<link rel=\"canonical\" href=\"https:\/\/amrtop.net\/es\/producto\/bougie-avec-raccord-3-8\u2033-160-mm\/\" \/>\n<meta property=\"og:locale\" content=\"es_ES\" \/>\n<meta property=\"og:type\" content=\"article\" \/>\n<meta property=\"og:title\" content=\"Bougie avec raccord 3\/8\u2033 160 mm\" \/>\n<meta property=\"og:description\" content=\"Bougie avec raccord 3\/8\u2033 160 mm - r\u00e9sistance \u00e0 l\u2019allumage avec raccord 3\/8&quot; de 9,9 mm - cartouche \u00e0 allumage raccord 3\/8&quot; de 9,9 mm\" \/>\n<meta property=\"og:url\" content=\"https:\/\/amrtop.net\/es\/producto\/bougie-avec-raccord-3-8\u2033-160-mm\/\" \/>\n<meta property=\"og:site_name\" content=\"AMRTOP B2B \u00c9tranger - Achats r\u00e9serv\u00e9s au professionnel\" \/>\n<meta property=\"article:modified_time\" content=\"2024-05-21T13:11:48+00:00\" \/>\n<meta property=\"og:image\" content=\"https:\/\/amrtop.net\/wp-content\/uploads\/2020\/01\/eld60027-1.jpg\" \/>\n\t<meta property=\"og:image:width\" content=\"960\" \/>\n\t<meta property=\"og:image:height\" content=\"960\" \/>\n\t<meta property=\"og:image:type\" content=\"image\/jpeg\" \/>\n<meta name=\"twitter:card\" content=\"summary_large_image\" \/>\n<meta name=\"twitter:label1\" content=\"Tiempo de lectura\" \/>\n\t<meta name=\"twitter:data1\" content=\"3 minutos\" \/>\n<script type=\"application\/ld+json\" class=\"yoast-schema-graph\">{\"@context\":\"https:\\\/\\\/schema.org\",\"@graph\":[{\"@type\":\"WebPage\",\"@id\":\"https:\\\/\\\/amrtop.net\\\/produit\\\/bougie-avec-raccord-3-8%e2%80%b3-160-mm\\\/\",\"url\":\"https:\\\/\\\/amrtop.net\\\/produit\\\/bougie-avec-raccord-3-8%e2%80%b3-160-mm\\\/\",\"name\":\"Bougie avec raccord 3\\\/8\u2033 160 mm\",\"isPartOf\":{\"@id\":\"https:\\\/\\\/amrtop.net\\\/#website\"},\"primaryImageOfPage\":{\"@id\":\"https:\\\/\\\/amrtop.net\\\/produit\\\/bougie-avec-raccord-3-8%e2%80%b3-160-mm\\\/#primaryimage\"},\"image\":{\"@id\":\"https:\\\/\\\/amrtop.net\\\/produit\\\/bougie-avec-raccord-3-8%e2%80%b3-160-mm\\\/#primaryimage\"},\"thumbnailUrl\":\"https:\\\/\\\/amrtop.net\\\/wp-content\\\/uploads\\\/2020\\\/01\\\/eld60027-1.jpg\",\"datePublished\":\"2020-01-10T00:00:00+00:00\",\"dateModified\":\"2024-05-21T13:11:48+00:00\",\"description\":\"Bougie avec raccord 3\\\/8\u2033 160 mm - r\u00e9sistance \u00e0 l\u2019allumage avec raccord 3\\\/8\\\" de 9,9 mm - cartouche \u00e0 allumage raccord 3\\\/8\\\" de 9,9 mm\",\"breadcrumb\":{\"@id\":\"https:\\\/\\\/amrtop.net\\\/produit\\\/bougie-avec-raccord-3-8%e2%80%b3-160-mm\\\/#breadcrumb\"},\"inLanguage\":\"es\",\"potentialAction\":[{\"@type\":\"ReadAction\",\"target\":[\"https:\\\/\\\/amrtop.net\\\/produit\\\/bougie-avec-raccord-3-8%e2%80%b3-160-mm\\\/\"]}]},{\"@type\":\"ImageObject\",\"inLanguage\":\"es\",\"@id\":\"https:\\\/\\\/amrtop.net\\\/produit\\\/bougie-avec-raccord-3-8%e2%80%b3-160-mm\\\/#primaryimage\",\"url\":\"https:\\\/\\\/amrtop.net\\\/wp-content\\\/uploads\\\/2020\\\/01\\\/eld60027-1.jpg\",\"contentUrl\":\"https:\\\/\\\/amrtop.net\\\/wp-content\\\/uploads\\\/2020\\\/01\\\/eld60027-1.jpg\",\"width\":960,\"height\":960,\"caption\":\"Bougie avec raccord 3\\\/8\u2033 160 mm - r\u00e9sistance \u00e0 l\u2019allumage avec raccord 3\\\/8\\\" de 9,9 mm - cartouche \u00e0 allumage raccord 3\\\/8\\\" de 9,9 mm\"},{\"@type\":\"BreadcrumbList\",\"@id\":\"https:\\\/\\\/amrtop.net\\\/produit\\\/bougie-avec-raccord-3-8%e2%80%b3-160-mm\\\/#breadcrumb\",\"itemListElement\":[{\"@type\":\"ListItem\",\"position\":1,\"name\":\"Home\",\"item\":\"https:\\\/\\\/amrtop.net\\\/\"},{\"@type\":\"ListItem\",\"position\":2,\"name\":\"Shop\",\"item\":\"https:\\\/\\\/amrtop.net\\\/negozio\\\/\"},{\"@type\":\"ListItem\",\"position\":3,\"name\":\"Bougie avec raccord 3\\\/8\u2033 \u00f8 9,9 mm \u2013 250 Watt \u2013 longueur totale 160 mm &#8211; Code ELD60027\"}]},{\"@type\":\"WebSite\",\"@id\":\"https:\\\/\\\/amrtop.net\\\/#website\",\"url\":\"https:\\\/\\\/amrtop.net\\\/\",\"name\":\"AMRTOP B2B \u00c9tranger - Achats r\u00e9serv\u00e9s au professionnel\",\"description\":\"Pi\u00e8ces de rechange et accessoires pour po\u00eales et chaudi\u00e8res - eCommerce B2B pour Clients Professionnels\",\"potentialAction\":[{\"@type\":\"SearchAction\",\"target\":{\"@type\":\"EntryPoint\",\"urlTemplate\":\"https:\\\/\\\/amrtop.net\\\/?s={search_term_string}\"},\"query-input\":{\"@type\":\"PropertyValueSpecification\",\"valueRequired\":true,\"valueName\":\"search_term_string\"}}],\"inLanguage\":\"es\"}]}<\/script>\n<!-- \/ Yoast SEO plugin. -->","yoast_head_json":{"title":"Bougie avec raccord 3\/8\u2033 160 mm","description":"Buj\u00eda de encendido con conexi\u00f3n de 3\/8\u2033 160 mm - resistencia de encendido con conexi\u00f3n de 3\/8\" 9,9 mm - cartucho de encendido con conexi\u00f3n de 3\/8\" 9,9 mm","robots":{"index":"index","follow":"follow","max-snippet":"max-snippet:-1","max-image-preview":"max-image-preview:large","max-video-preview":"max-video-preview:-1"},"canonical":"https:\/\/amrtop.net\/es\/producto\/bougie-avec-raccord-3-8\u2033-160-mm\/","og_locale":"es_ES","og_type":"article","og_title":"Bougie avec raccord 3\/8\u2033 160 mm","og_description":"Bougie avec raccord 3\/8\u2033 160 mm - r\u00e9sistance \u00e0 l\u2019allumage avec raccord 3\/8\" de 9,9 mm - cartouche \u00e0 allumage raccord 3\/8\" de 9,9 mm","og_url":"https:\/\/amrtop.net\/es\/producto\/bougie-avec-raccord-3-8\u2033-160-mm\/","og_site_name":"AMRTOP B2B \u00c9tranger - Achats r\u00e9serv\u00e9s au professionnel","article_modified_time":"2024-05-21T13:11:48+00:00","og_image":[{"width":960,"height":960,"url":"https:\/\/amrtop.net\/wp-content\/uploads\/2020\/01\/eld60027-1.jpg","type":"image\/jpeg"}],"twitter_card":"summary_large_image","twitter_misc":{"Tiempo de lectura":"3 minutos"},"schema":{"@context":"https:\/\/schema.org","@graph":[{"@type":"WebPage","@id":"https:\/\/amrtop.net\/produit\/bougie-avec-raccord-3-8%e2%80%b3-160-mm\/","url":"https:\/\/amrtop.net\/produit\/bougie-avec-raccord-3-8%e2%80%b3-160-mm\/","name":"Bougie avec raccord 3\/8\u2033 160 mm","isPartOf":{"@id":"https:\/\/amrtop.net\/#website"},"primaryImageOfPage":{"@id":"https:\/\/amrtop.net\/produit\/bougie-avec-raccord-3-8%e2%80%b3-160-mm\/#primaryimage"},"image":{"@id":"https:\/\/amrtop.net\/produit\/bougie-avec-raccord-3-8%e2%80%b3-160-mm\/#primaryimage"},"thumbnailUrl":"https:\/\/amrtop.net\/wp-content\/uploads\/2020\/01\/eld60027-1.jpg","datePublished":"2020-01-10T00:00:00+00:00","dateModified":"2024-05-21T13:11:48+00:00","description":"Buj\u00eda de encendido con conexi\u00f3n de 3\/8\u2033 160 mm - resistencia de encendido con conexi\u00f3n de 3\/8\" 9,9 mm - cartucho de encendido con conexi\u00f3n de 3\/8\" 9,9 mm","breadcrumb":{"@id":"https:\/\/amrtop.net\/produit\/bougie-avec-raccord-3-8%e2%80%b3-160-mm\/#breadcrumb"},"inLanguage":"es","potentialAction":[{"@type":"ReadAction","target":["https:\/\/amrtop.net\/produit\/bougie-avec-raccord-3-8%e2%80%b3-160-mm\/"]}]},{"@type":"ImageObject","inLanguage":"es","@id":"https:\/\/amrtop.net\/produit\/bougie-avec-raccord-3-8%e2%80%b3-160-mm\/#primaryimage","url":"https:\/\/amrtop.net\/wp-content\/uploads\/2020\/01\/eld60027-1.jpg","contentUrl":"https:\/\/amrtop.net\/wp-content\/uploads\/2020\/01\/eld60027-1.jpg","width":960,"height":960,"caption":"Bougie avec raccord 3\/8\u2033 160 mm - r\u00e9sistance \u00e0 l\u2019allumage avec raccord 3\/8\" de 9,9 mm - cartouche \u00e0 allumage raccord 3\/8\" de 9,9 mm"},{"@type":"BreadcrumbList","@id":"https:\/\/amrtop.net\/produit\/bougie-avec-raccord-3-8%e2%80%b3-160-mm\/#breadcrumb","itemListElement":[{"@type":"ListItem","position":1,"name":"Home","item":"https:\/\/amrtop.net\/"},{"@type":"ListItem","position":2,"name":"Shop","item":"https:\/\/amrtop.net\/negozio\/"},{"@type":"ListItem","position":3,"name":"Bougie avec raccord 3\/8\u2033 \u00f8 9,9 mm \u2013 250 Watt \u2013 longueur totale 160 mm &#8211; Code ELD60027"}]},{"@type":"WebSite","@id":"https:\/\/amrtop.net\/#website","url":"https:\/\/amrtop.net\/","name":"AMRTOP B2B Abroad - Compras reservadas a los profesionales","description":"Recambios y accesorios para estufas y calderas - Comercio electr\u00f3nico B2B para profesionales","potentialAction":[{"@type":"SearchAction","target":{"@type":"EntryPoint","urlTemplate":"https:\/\/amrtop.net\/?s={search_term_string}"},"query-input":{"@type":"PropertyValueSpecification","valueRequired":true,"valueName":"search_term_string"}}],"inLanguage":"es"}]}},"_links":{"self":[{"href":"https:\/\/amrtop.net\/es\/wp-json\/wp\/v2\/product\/3577","targetHints":{"allow":["GET"]}}],"collection":[{"href":"https:\/\/amrtop.net\/es\/wp-json\/wp\/v2\/product"}],"about":[{"href":"https:\/\/amrtop.net\/es\/wp-json\/wp\/v2\/types\/product"}],"replies":[{"embeddable":true,"href":"https:\/\/amrtop.net\/es\/wp-json\/wp\/v2\/comments?post=3577"}],"wp:featuredmedia":[{"embeddable":true,"href":"https:\/\/amrtop.net\/es\/wp-json\/wp\/v2\/media\/34621"}],"wp:attachment":[{"href":"https:\/\/amrtop.net\/es\/wp-json\/wp\/v2\/media?parent=3577"}],"wp:term":[{"taxonomy":"product_brand","embeddable":true,"href":"https:\/\/amrtop.net\/es\/wp-json\/wp\/v2\/product_brand?post=3577"},{"taxonomy":"product_cat","embeddable":true,"href":"https:\/\/amrtop.net\/es\/wp-json\/wp\/v2\/product_cat?post=3577"},{"taxonomy":"product_tag","embeddable":true,"href":"https:\/\/amrtop.net\/es\/wp-json\/wp\/v2\/product_tag?post=3577"}],"curies":[{"name":"wp","href":"https:\/\/api.w.org\/{rel}","templated":true}]}}