{"id":3579,"date":"2020-01-10T00:00:00","date_gmt":"2020-01-10T00:00:00","guid":{"rendered":"https:\/\/amrtop.com\/B2B\/?post_type=product&#038;p=3579"},"modified":"2023-05-26T13:45:52","modified_gmt":"2023-05-26T13:45:52","slug":"conector-bujia-3-8-l-173-mm-300-w","status":"publish","type":"product","link":"https:\/\/amrtop.net\/es\/produit\/bougie-dallumage-raccord-3-8-l-173-mm-300-w\/","title":{"rendered":"Buj\u00eda de encendido con conexi\u00f3n 3\/8 a 9,9 mm - 300 W - Longitud total 173 mm - C\u00f3digo ELD60029"},"content":{"rendered":"<hr \/>\n<h3><strong>Buj\u00eda conector 3\/8 L.173 mm 300 w<\/strong><\/h3>\n<p><strong>Amrtop<\/strong>\u00a0ofrece 12 tipos de buj\u00edas con conexi\u00f3n de 3\/8\u2033 \u00f8 9,9 mm en diferentes longitudes.\u00a0<strong>alta densidad de potencia con tecnolog\u00eda Ultramax SC400\u00a0<\/strong>Pertenecen a la nueva generaci\u00f3n de resistencias el\u00e9ctricas, que permiten utilizar cargas de gran potencia en espacios muy concentrados. Garantizan una gran fiabilidad incluso en las condiciones de trabajo m\u00e1s dif\u00edciles. Esto es posible gracias a la tecnolog\u00eda de construcci\u00f3n especial que hace de estos dispositivos la expresi\u00f3n m\u00e1s avanzada de los elementos calefactores.<\/p>\n<h3>Utilizaci\u00f3n de la clavija de conexi\u00f3n 3\/8 L.173 mm 300 w<\/h3>\n<p>El calentador, la resistencia o el cartucho de encendido comercializados por\u00a0<strong>Amrtop<\/strong>\u00a0para estufas y calderas de pellets conectadas 3\/8\u2033 \u00f8 9,9 mm - 300 Watt - Longitud total 180 mm - C\u00f3digo ELD60029 se utiliza en el sector de la calefacci\u00f3n de biomasa pellets, astillas y otros ... se instalan en estufas y calderas de pellets para crear la ignici\u00f3n del combustible indirectamente a trav\u00e9s del aire o directamente.<\/p>\n<h3><strong>Ventajas :<\/strong><\/h3>\n<p>\u00bfQu\u00e9 ventajas tienen las buj\u00edas, las resistencias o los cartuchos de encendido?<\/p>\n<ul>\n<li>M\u00e1xima seguridad (sin riesgo de sobrecalentamiento, cortocircuito o incendio)<\/li>\n<li>Toda la longitud puede utilizarse como elemento calefactor.<\/li>\n<li>Mejor circulaci\u00f3n y menor tiempo para alcanzar la temperatura de funcionamiento, lo que se traduce en un menor consumo el\u00e9ctrico.<\/li>\n<\/ul>\n<h3><strong>Interior<\/strong><\/h3>\n<p><a href=\"https:\/\/wekos.it\/\">Estufas, cocinas y cocinas de le\u00f1a<\/a>\u00a0-\u00a0<a href=\"https:\/\/www.greenpuros.com\/\">chimeneas, estufas y calderas de pellets.<\/a><\/p>\n<h3><strong>Gama Amrtop de recambios y accesorios<\/strong><\/h3>\n<p><a href=\"https:\/\/amrtop.net\/es\/categoria-de-productos\/recambios-miscelaneos-cocinas-y-calderas-2\/bougies-dallumage-pour-poeles-et-chaudieres-a-pellets\/\">Calentadores<\/a><\/p>\n<p><a href=\"https:\/\/amrtop.net\/es\/categoria-de-productos\/recambios-miscelaneos-cocinas-y-calderas-2\/electronique\/\">Electr\u00f3nica<\/a><\/p>\n<p><a href=\"https:\/\/amrtop.net\/es\/categoria-de-productos\/recambios-miscelaneos-cocinas-y-calderas-2\/extracteurs-de-fumee\/\">Extractores de humo<\/a><\/p>\n<p><a href=\"https:\/\/amrtop.net\/es\/categoria-de-productos\/recambios-miscelaneos-cocinas-y-calderas-2\/gaines-cable-connecteurs\/\">Fundas de cables de conexi\u00f3n<\/a><\/p>\n<p><a href=\"https:\/\/amrtop.net\/es\/categoria-de-productos\/recambios-miscelaneos-cocinas-y-calderas-2\/joints-de-silicone\/\">Juntas de silicona<\/a><\/p>\n<p><a href=\"https:\/\/amrtop.net\/es\/categoria-de-productos\/recambios-miscelaneos-cocinas-y-calderas-2\/motoreducteurs\/\">Motorreductores<\/a><\/p>\n<p><a href=\"https:\/\/amrtop.net\/es\/categoria-de-productos\/recambios-miscelaneos-cocinas-y-calderas-2\/pressostats-et-transducteurs\/\">Presostatos y transductores<\/a><\/p>\n<p><a href=\"https:\/\/amrtop.com\/B2B\/fr\/categorie-produit\/ricambi-vari-stufe-e-caldaie\/sonde-termostati-manometri-termometri\/\">Sondas termostatos man\u00f3metros term\u00f3metros<\/a><\/p>\n<p><a href=\"https:\/\/amrtop.net\/es\/categoria-de-productos\/recambios-miscelaneos-cocinas-y-calderas-2\/joints-detancheite\/\">Sellado de trenzas<\/a><\/p>\n<p><a href=\"https:\/\/amrtop.net\/es\/categoria-de-productos\/recambios-miscelaneos-cocinas-y-calderas-2\/ventilateurs-centrifuges-pour-poeles-a-pellets\/\">Ventiladores centr\u00edfugos<\/a><\/p>\n<p><a href=\"https:\/\/amrtop.net\/es\/categoria-de-productos\/recambios-miscelaneos-cocinas-y-calderas-2\/ventilateurs-tangentiels-flux-transversal\/\">Ventiladores de flujo cruzado<\/a><\/p>\n<p><a href=\"https:\/\/amrtop.net\/es\/categoria-de-productos\/recambios-miscelaneos-cocinas-y-calderas-2\/adhesifs-et-produits-detancheite\/\">Colas y selladores<\/a><\/p>\n<p>&nbsp;<\/p>","protected":false},"excerpt":{"rendered":"<hr \/>\n<h2><span style=\"color: #008000\">Disponible en<\/span><\/h2>\n<hr \/>\n<h3>Buj\u00eda de encendido con conexi\u00f3n de 3\/8<\/h3>\n<p>C\u00f3digo ELD60029<\/p>\n<p>\u00f8 9,9 mm<br \/>\nLongitud total: 180 mm<br \/>\nLongitud de la tuerca: 170 mm<br \/>\nPotencia: 300 W<br \/>\nLongitud del cable: 500 mm<\/p>\n<h3>Compatibilidad<\/h3>\n<hr \/>\n<p><strong>Buj\u00eda\/resistor\/cartucho de encendido compatible con las siguientes marcas de estufas de pellets<\/strong><\/p>\n<p><strong>Chazelles compatible con los siguientes modelos de estufa:\u00a0<\/strong>A8, Amandine, Alessia, Aleyna, T Bice, T Barbara, Elance, Facel 1000, Tetra<\/p>\n<p><strong>Dargemont compatible con los siguientes modelos de estufas:\u00a0<\/strong>Murat, Aubrac, Balmet, Mauriac, Flame 6, Flame 9<\/p>\n<p><strong>De Dietrich compatible con los siguientes modelos de estufas:\u00a0<\/strong>Floralis, Ppa 8bc, Quadralis<\/p>\n<p><strong>Emaflam Mod:\u00a0<\/strong>Flora<\/p>\n<p><b>Laminox Mod:\u00a0<\/b>Margherita, Valentina, Ambra, Clara, Greta, Ester, Tina, Carlotta, Victoria<\/p>\n<p><b>Lincar, l\u00ednea Nature de Paterno, Paterno,\u00a0<strong>Piazzetta,\u00a0<\/strong>Pirosi, Oliveri, Whitfield,\u00a0<\/b><\/p>\n<hr \/>\n<h3>Intercambiable con los siguientes modelos de buj\u00edas-resistencias-cartuchos de encendido :<\/h3>\n<p>HT62656, KIT 3,<\/p>","protected":false},"featured_media":37266,"comment_status":"open","ping_status":"closed","template":"","meta":[],"product_brand":[],"product_cat":[842,840,839],"product_tag":[73,76,1351,39],"class_list":{"0":"post-3579","1":"product","2":"type-product","3":"status-publish","4":"has-post-thumbnail","6":"product_cat-bougies-avec-raccord-3-8-o-9-9-mm","7":"product_cat-bougies-dallumage-pour-poeles-et-chaudieres-a-pellets","8":"product_cat-pieces-de-rechange-divers-poeles-et-chaudieres","9":"product_tag-kalor","10":"product_tag-laminox","11":"product_tag-oliveri","12":"product_tag-piazzetta","13":"product_shipping_class-classe-di-spedizione-01","15":"first","16":"instock","17":"shipping-taxable","18":"purchasable","19":"product-type-simple"},"yoast_head":"<!-- This site is optimized with the Yoast SEO plugin v27.4 - https:\/\/yoast.com\/product\/yoast-seo-wordpress\/ -->\n<title>Bougie d\u2019allumage raccord 3\/8 L.173 mm 300 w<\/title>\n<meta name=\"description\" content=\"Bougie d\u2019allumage raccord 3\/8 L.173 mm 300 w - r\u00e9sistance \u00e0 l\u2019allumage avec raccord 3\/8&quot; de 9,9 mm - cartouche \u00e0 allumage raccord 3\/8&quot; de 9,9 mm\" \/>\n<meta name=\"robots\" content=\"index, follow, max-snippet:-1, max-image-preview:large, max-video-preview:-1\" \/>\n<link rel=\"canonical\" href=\"https:\/\/amrtop.net\/es\/producto\/conector-bujia-3-8-l-173-mm-300-w\/\" \/>\n<meta property=\"og:locale\" content=\"es_ES\" \/>\n<meta property=\"og:type\" content=\"article\" \/>\n<meta property=\"og:title\" content=\"Bougie d\u2019allumage raccord 3\/8 L.173 mm 300 w\" \/>\n<meta property=\"og:description\" content=\"Bougie d\u2019allumage raccord 3\/8 L.173 mm 300 w - r\u00e9sistance \u00e0 l\u2019allumage avec raccord 3\/8&quot; de 9,9 mm - cartouche \u00e0 allumage raccord 3\/8&quot; de 9,9 mm\" \/>\n<meta property=\"og:url\" content=\"https:\/\/amrtop.net\/es\/producto\/conector-bujia-3-8-l-173-mm-300-w\/\" \/>\n<meta property=\"og:site_name\" content=\"AMRTOP B2B \u00c9tranger - Achats r\u00e9serv\u00e9s au professionnel\" \/>\n<meta property=\"article:modified_time\" content=\"2023-05-26T13:45:52+00:00\" \/>\n<meta property=\"og:image\" content=\"https:\/\/amrtop.net\/wp-content\/uploads\/2020\/01\/ELD60029-AMR-TOP.jpg\" \/>\n\t<meta property=\"og:image:width\" content=\"960\" \/>\n\t<meta property=\"og:image:height\" content=\"960\" \/>\n\t<meta property=\"og:image:type\" content=\"image\/jpeg\" \/>\n<meta name=\"twitter:card\" content=\"summary_large_image\" \/>\n<meta name=\"twitter:label1\" content=\"Tiempo de lectura\" \/>\n\t<meta name=\"twitter:data1\" content=\"3 minutos\" \/>\n<script type=\"application\/ld+json\" class=\"yoast-schema-graph\">{\"@context\":\"https:\\\/\\\/schema.org\",\"@graph\":[{\"@type\":\"WebPage\",\"@id\":\"https:\\\/\\\/amrtop.net\\\/produit\\\/bougie-dallumage-raccord-3-8-l-173-mm-300-w\\\/\",\"url\":\"https:\\\/\\\/amrtop.net\\\/produit\\\/bougie-dallumage-raccord-3-8-l-173-mm-300-w\\\/\",\"name\":\"Bougie d\u2019allumage raccord 3\\\/8 L.173 mm 300 w\",\"isPartOf\":{\"@id\":\"https:\\\/\\\/amrtop.net\\\/#website\"},\"primaryImageOfPage\":{\"@id\":\"https:\\\/\\\/amrtop.net\\\/produit\\\/bougie-dallumage-raccord-3-8-l-173-mm-300-w\\\/#primaryimage\"},\"image\":{\"@id\":\"https:\\\/\\\/amrtop.net\\\/produit\\\/bougie-dallumage-raccord-3-8-l-173-mm-300-w\\\/#primaryimage\"},\"thumbnailUrl\":\"https:\\\/\\\/amrtop.net\\\/wp-content\\\/uploads\\\/2020\\\/01\\\/ELD60029-AMR-TOP.jpg\",\"datePublished\":\"2020-01-10T00:00:00+00:00\",\"dateModified\":\"2023-05-26T13:45:52+00:00\",\"description\":\"Bougie d\u2019allumage raccord 3\\\/8 L.173 mm 300 w - r\u00e9sistance \u00e0 l\u2019allumage avec raccord 3\\\/8\\\" de 9,9 mm - cartouche \u00e0 allumage raccord 3\\\/8\\\" de 9,9 mm\",\"breadcrumb\":{\"@id\":\"https:\\\/\\\/amrtop.net\\\/produit\\\/bougie-dallumage-raccord-3-8-l-173-mm-300-w\\\/#breadcrumb\"},\"inLanguage\":\"es\",\"potentialAction\":[{\"@type\":\"ReadAction\",\"target\":[\"https:\\\/\\\/amrtop.net\\\/produit\\\/bougie-dallumage-raccord-3-8-l-173-mm-300-w\\\/\"]}]},{\"@type\":\"ImageObject\",\"inLanguage\":\"es\",\"@id\":\"https:\\\/\\\/amrtop.net\\\/produit\\\/bougie-dallumage-raccord-3-8-l-173-mm-300-w\\\/#primaryimage\",\"url\":\"https:\\\/\\\/amrtop.net\\\/wp-content\\\/uploads\\\/2020\\\/01\\\/ELD60029-AMR-TOP.jpg\",\"contentUrl\":\"https:\\\/\\\/amrtop.net\\\/wp-content\\\/uploads\\\/2020\\\/01\\\/ELD60029-AMR-TOP.jpg\",\"width\":960,\"height\":960,\"caption\":\"Bougie d\u2019allumage raccord 3\\\/8 L.173 mm 300 w - r\u00e9sistance \u00e0 l\u2019allumage avec raccord 3\\\/8\\\" de 9,9 mm - cartouche \u00e0 allumage raccord 3\\\/8\\\" de 9,9 mm\"},{\"@type\":\"BreadcrumbList\",\"@id\":\"https:\\\/\\\/amrtop.net\\\/produit\\\/bougie-dallumage-raccord-3-8-l-173-mm-300-w\\\/#breadcrumb\",\"itemListElement\":[{\"@type\":\"ListItem\",\"position\":1,\"name\":\"Home\",\"item\":\"https:\\\/\\\/amrtop.net\\\/\"},{\"@type\":\"ListItem\",\"position\":2,\"name\":\"Shop\",\"item\":\"https:\\\/\\\/amrtop.net\\\/negozio\\\/\"},{\"@type\":\"ListItem\",\"position\":3,\"name\":\"Bougie d\u2019allumage avec raccord 3\\\/8 \u00e0 9,9 mm &#8211; 300 Watt &#8211; Longueur totale 173 mm &#8211; Code ELD60029\"}]},{\"@type\":\"WebSite\",\"@id\":\"https:\\\/\\\/amrtop.net\\\/#website\",\"url\":\"https:\\\/\\\/amrtop.net\\\/\",\"name\":\"AMRTOP B2B \u00c9tranger - Achats r\u00e9serv\u00e9s au professionnel\",\"description\":\"Pi\u00e8ces de rechange et accessoires pour po\u00eales et chaudi\u00e8res - eCommerce B2B pour Clients Professionnels\",\"potentialAction\":[{\"@type\":\"SearchAction\",\"target\":{\"@type\":\"EntryPoint\",\"urlTemplate\":\"https:\\\/\\\/amrtop.net\\\/?s={search_term_string}\"},\"query-input\":{\"@type\":\"PropertyValueSpecification\",\"valueRequired\":true,\"valueName\":\"search_term_string\"}}],\"inLanguage\":\"es\"}]}<\/script>\n<!-- \/ Yoast SEO plugin. -->","yoast_head_json":{"title":"Buj\u00eda conector 3\/8 L.173 mm 300 w","description":"Buj\u00eda de encendido con conexi\u00f3n de 3\/8\" L.173 mm 300 w - resistencia de encendido con conexi\u00f3n de 3\/8\" 9,9 mm - cartucho de encendido con conexi\u00f3n de 3\/8\" 9,9 mm","robots":{"index":"index","follow":"follow","max-snippet":"max-snippet:-1","max-image-preview":"max-image-preview:large","max-video-preview":"max-video-preview:-1"},"canonical":"https:\/\/amrtop.net\/es\/producto\/conector-bujia-3-8-l-173-mm-300-w\/","og_locale":"es_ES","og_type":"article","og_title":"Bougie d\u2019allumage raccord 3\/8 L.173 mm 300 w","og_description":"Bougie d\u2019allumage raccord 3\/8 L.173 mm 300 w - r\u00e9sistance \u00e0 l\u2019allumage avec raccord 3\/8\" de 9,9 mm - cartouche \u00e0 allumage raccord 3\/8\" de 9,9 mm","og_url":"https:\/\/amrtop.net\/es\/producto\/conector-bujia-3-8-l-173-mm-300-w\/","og_site_name":"AMRTOP B2B \u00c9tranger - Achats r\u00e9serv\u00e9s au professionnel","article_modified_time":"2023-05-26T13:45:52+00:00","og_image":[{"width":960,"height":960,"url":"https:\/\/amrtop.net\/wp-content\/uploads\/2020\/01\/ELD60029-AMR-TOP.jpg","type":"image\/jpeg"}],"twitter_card":"summary_large_image","twitter_misc":{"Tiempo de lectura":"3 minutos"},"schema":{"@context":"https:\/\/schema.org","@graph":[{"@type":"WebPage","@id":"https:\/\/amrtop.net\/produit\/bougie-dallumage-raccord-3-8-l-173-mm-300-w\/","url":"https:\/\/amrtop.net\/produit\/bougie-dallumage-raccord-3-8-l-173-mm-300-w\/","name":"Buj\u00eda conector 3\/8 L.173 mm 300 w","isPartOf":{"@id":"https:\/\/amrtop.net\/#website"},"primaryImageOfPage":{"@id":"https:\/\/amrtop.net\/produit\/bougie-dallumage-raccord-3-8-l-173-mm-300-w\/#primaryimage"},"image":{"@id":"https:\/\/amrtop.net\/produit\/bougie-dallumage-raccord-3-8-l-173-mm-300-w\/#primaryimage"},"thumbnailUrl":"https:\/\/amrtop.net\/wp-content\/uploads\/2020\/01\/ELD60029-AMR-TOP.jpg","datePublished":"2020-01-10T00:00:00+00:00","dateModified":"2023-05-26T13:45:52+00:00","description":"Buj\u00eda de encendido con conexi\u00f3n de 3\/8\" L.173 mm 300 w - resistencia de encendido con conexi\u00f3n de 3\/8\" 9,9 mm - cartucho de encendido con conexi\u00f3n de 3\/8\" 9,9 mm","breadcrumb":{"@id":"https:\/\/amrtop.net\/produit\/bougie-dallumage-raccord-3-8-l-173-mm-300-w\/#breadcrumb"},"inLanguage":"es","potentialAction":[{"@type":"ReadAction","target":["https:\/\/amrtop.net\/produit\/bougie-dallumage-raccord-3-8-l-173-mm-300-w\/"]}]},{"@type":"ImageObject","inLanguage":"es","@id":"https:\/\/amrtop.net\/produit\/bougie-dallumage-raccord-3-8-l-173-mm-300-w\/#primaryimage","url":"https:\/\/amrtop.net\/wp-content\/uploads\/2020\/01\/ELD60029-AMR-TOP.jpg","contentUrl":"https:\/\/amrtop.net\/wp-content\/uploads\/2020\/01\/ELD60029-AMR-TOP.jpg","width":960,"height":960,"caption":"Bougie d\u2019allumage raccord 3\/8 L.173 mm 300 w - r\u00e9sistance \u00e0 l\u2019allumage avec raccord 3\/8\" de 9,9 mm - cartouche \u00e0 allumage raccord 3\/8\" de 9,9 mm"},{"@type":"BreadcrumbList","@id":"https:\/\/amrtop.net\/produit\/bougie-dallumage-raccord-3-8-l-173-mm-300-w\/#breadcrumb","itemListElement":[{"@type":"ListItem","position":1,"name":"Home","item":"https:\/\/amrtop.net\/"},{"@type":"ListItem","position":2,"name":"Shop","item":"https:\/\/amrtop.net\/negozio\/"},{"@type":"ListItem","position":3,"name":"Bougie d\u2019allumage avec raccord 3\/8 \u00e0 9,9 mm &#8211; 300 Watt &#8211; Longueur totale 173 mm &#8211; Code ELD60029"}]},{"@type":"WebSite","@id":"https:\/\/amrtop.net\/#website","url":"https:\/\/amrtop.net\/","name":"AMRTOP B2B Abroad - Compras reservadas a los profesionales","description":"Recambios y accesorios para estufas y calderas - Comercio electr\u00f3nico B2B para profesionales","potentialAction":[{"@type":"SearchAction","target":{"@type":"EntryPoint","urlTemplate":"https:\/\/amrtop.net\/?s={search_term_string}"},"query-input":{"@type":"PropertyValueSpecification","valueRequired":true,"valueName":"search_term_string"}}],"inLanguage":"es"}]}},"_links":{"self":[{"href":"https:\/\/amrtop.net\/es\/wp-json\/wp\/v2\/product\/3579","targetHints":{"allow":["GET"]}}],"collection":[{"href":"https:\/\/amrtop.net\/es\/wp-json\/wp\/v2\/product"}],"about":[{"href":"https:\/\/amrtop.net\/es\/wp-json\/wp\/v2\/types\/product"}],"replies":[{"embeddable":true,"href":"https:\/\/amrtop.net\/es\/wp-json\/wp\/v2\/comments?post=3579"}],"wp:featuredmedia":[{"embeddable":true,"href":"https:\/\/amrtop.net\/es\/wp-json\/wp\/v2\/media\/37266"}],"wp:attachment":[{"href":"https:\/\/amrtop.net\/es\/wp-json\/wp\/v2\/media?parent=3579"}],"wp:term":[{"taxonomy":"product_brand","embeddable":true,"href":"https:\/\/amrtop.net\/es\/wp-json\/wp\/v2\/product_brand?post=3579"},{"taxonomy":"product_cat","embeddable":true,"href":"https:\/\/amrtop.net\/es\/wp-json\/wp\/v2\/product_cat?post=3579"},{"taxonomy":"product_tag","embeddable":true,"href":"https:\/\/amrtop.net\/es\/wp-json\/wp\/v2\/product_tag?post=3579"}],"curies":[{"name":"wp","href":"https:\/\/api.w.org\/{rel}","templated":true}]}}