{"id":3580,"date":"2020-01-10T00:00:00","date_gmt":"2020-01-10T00:00:00","guid":{"rendered":"https:\/\/amrtop.com\/B2B\/?post_type=product&#038;p=3580"},"modified":"2023-07-17T13:29:39","modified_gmt":"2023-07-17T13:29:39","slug":"bujia-con-conector-3-8%e2%80%b3-163-mm","status":"publish","type":"product","link":"https:\/\/amrtop.net\/es\/produit\/bougie-avec-raccord-3-8%e2%80%b3-163-mm\/","title":{"rendered":"Buj\u00eda de encendido con conexi\u00f3n 3\/8\u2033 \u00f8 12,5 mm - 330 vatios - Longitud total 163 mm - C\u00f3digo ELD60031"},"content":{"rendered":"<h2>Buj\u00eda de encendido con conexi\u00f3n de 3\/8\u2033 163 mm<\/h2>\n<p><strong>Amrtop<\/strong>\u00a0ofrece 6 tipos de buj\u00edas con conexi\u00f3n de 3\/8\u2033 \u00f8 12,5 mm en diferentes longitudes\u00a0<strong>alta densidad de potencia con tecnolog\u00eda Ultramax SC400\u00a0<\/strong>Pertenecen a la nueva generaci\u00f3n de resistencias el\u00e9ctricas, que permiten utilizar cargas de gran potencia en espacios muy concentrados. Garantizan una gran fiabilidad incluso en las condiciones de trabajo m\u00e1s dif\u00edciles. Esto es posible gracias a la tecnolog\u00eda de construcci\u00f3n especial que hace de estos dispositivos la expresi\u00f3n m\u00e1s avanzada de los elementos calefactores.<\/p>\n<h2><strong>Utilizaci\u00f3n de la buj\u00eda con conexi\u00f3n de 3\/8\u2033 163 mm\u00a0<\/strong><\/h2>\n<p>La buj\u00eda con conexi\u00f3n 3\/28\u2033 \u00f8 12,5 mm - 330 Watt - Longitud total 163 mm - C\u00f3digo ELD60031 se utiliza en el sector de la calefacci\u00f3n de biomasa pellets, astillas y otros... se montan en estufas y calderas de pellets para crear la ignici\u00f3n del combustible indirectamente a trav\u00e9s del aire o directamente.<\/p>\n<h3><strong>Interior<\/strong><\/h3>\n<p><a href=\"https:\/\/wekos.it\/\">Estufas, cocinas y cocinas de le\u00f1a<\/a>\u00a0-\u00a0<a href=\"https:\/\/www.greenpuros.com\/\">chimeneas, estufas y calderas de pellets.<\/a><\/p>\n<h3><strong>Gama Amrtop de recambios y accesorios<\/strong><\/h3>\n<p>&nbsp;<\/p>\n<p><a href=\"https:\/\/amrtop.net\/es\/categoria-de-productos\/recambios-miscelaneos-cocinas-y-calderas-2\/bougies-dallumage-pour-poeles-et-chaudieres-a-pellets\/\">Calentadores<\/a><\/p>\n<p><a href=\"https:\/\/amrtop.net\/es\/categoria-de-productos\/recambios-miscelaneos-cocinas-y-calderas-2\/electronique\/\">Electr\u00f3nica<\/a><\/p>\n<p><a href=\"https:\/\/amrtop.net\/es\/categoria-de-productos\/recambios-miscelaneos-cocinas-y-calderas-2\/extracteurs-de-fumee\/\">Extractores de humo<\/a><\/p>\n<p><a href=\"https:\/\/amrtop.net\/es\/categoria-de-productos\/recambios-miscelaneos-cocinas-y-calderas-2\/gaines-cable-connecteurs\/\">Fundas de cables de conexi\u00f3n<\/a><\/p>\n<p><a href=\"https:\/\/amrtop.net\/es\/categoria-de-productos\/recambios-miscelaneos-cocinas-y-calderas-2\/joints-de-silicone\/\">Juntas de silicona<\/a><\/p>\n<p><a href=\"https:\/\/amrtop.net\/es\/categoria-de-productos\/recambios-miscelaneos-cocinas-y-calderas-2\/motoreducteurs\/\">Motorreductores<\/a><\/p>\n<p><a href=\"https:\/\/amrtop.net\/es\/categoria-de-productos\/recambios-miscelaneos-cocinas-y-calderas-2\/pressostats-et-transducteurs\/\">Presostatos y transductores<\/a><\/p>\n<p><a href=\"https:\/\/amrtop.com\/B2B\/fr\/categorie-produit\/ricambi-vari-stufe-e-caldaie\/sonde-termostati-manometri-termometri\/\">Sondas termostatos man\u00f3metros term\u00f3metros<\/a><\/p>\n<p><a href=\"https:\/\/amrtop.net\/es\/categoria-de-productos\/recambios-miscelaneos-cocinas-y-calderas-2\/joints-detancheite\/\">Sellado de trenzas<\/a><\/p>\n<p><a href=\"https:\/\/amrtop.net\/es\/categoria-de-productos\/recambios-miscelaneos-cocinas-y-calderas-2\/ventilateurs-centrifuges-pour-poeles-a-pellets\/\">Ventiladores centr\u00edfugos<\/a><\/p>\n<p><a href=\"https:\/\/amrtop.net\/es\/categoria-de-productos\/recambios-miscelaneos-cocinas-y-calderas-2\/ventilateurs-tangentiels-flux-transversal\/\">Ventiladores de flujo cruzado<\/a><\/p>\n<p><a href=\"https:\/\/amrtop.net\/es\/categoria-de-productos\/recambios-miscelaneos-cocinas-y-calderas-2\/adhesifs-et-produits-detancheite\/\">Colas y selladores<\/a><\/p>","protected":false},"excerpt":{"rendered":"<hr \/>\n<h2><span style=\"color: #008000;\">Disponible en<\/span><\/h2>\n<hr \/>\n<h3>Buj\u00eda de encendido con conexi\u00f3n de 3\/8<\/h3>\n<p>C\u00f3digo ELD60031<\/p>\n<p>\u00f8 12,5 mm<br \/>\nLongitud total: 163 mm<br \/>\nLongitud de la subtuerca: 153 mm<br \/>\nPotencia: 330 W<br \/>\nLongitud del cable: 500 mm<\/p>\n<h3>Compatibilidad<\/h3>\n<hr \/>\n<h3>Buj\u00eda\/resistor\/cartucho de encendido compatible con las siguientes marcas de estufas de pellets<\/h3>\n<p><strong>Chazelles<\/strong><\/p>\n<p><strong>Pyros\u00a0<\/strong><\/p>\n<p><strong>Lincar<\/strong><\/p>\n<p><strong>L\u00ednea Nature de<\/strong><\/p>\n<p><strong>Paterno Mod:\u00a0<\/strong>H\u00edbrido y Stretta<\/p>\n<p><strong>Thermorossi Mod:\u00a0<\/strong>Aromy Silent, Bella Vista, Dorica Silent, Ecoquardo, Kokkola Plus, Psilent, Slim 09<\/p>\n<p><strong>Whitfield Mod:\u00a0<\/strong>Quest-plus<\/p>\n<hr \/>\n<h3>Intercambiable con el siguiente modelo de buj\u00eda-resistencia-cartucho de encendido :<\/h3>\n<p>HT62659<\/p>","protected":false},"featured_media":35171,"comment_status":"open","ping_status":"closed","template":"","meta":[],"product_brand":[],"product_cat":[843,840,839],"product_tag":[112,77,113,114,86,115,95,116],"class_list":{"0":"post-3580","1":"product","2":"type-product","3":"status-publish","4":"has-post-thumbnail","6":"product_cat-bougies-dallumage-avec-raccord-3-8-o-12-5-mm","7":"product_cat-bougies-dallumage-pour-poeles-et-chaudieres-a-pellets","8":"product_cat-pieces-de-rechange-divers-poeles-et-chaudieres","9":"product_tag-chazelles","10":"product_tag-lincar","11":"product_tag-mbz-italfuoco","12":"product_tag-nature-line-by-paterno","13":"product_tag-paterno","14":"product_tag-pyros","15":"product_tag-thermorossi","16":"product_tag-whitfield","17":"product_shipping_class-classe-di-spedizione-01","19":"first","20":"instock","21":"shipping-taxable","22":"purchasable","23":"product-type-simple"},"yoast_head":"<!-- This site is optimized with the Yoast SEO plugin v27.5 - https:\/\/yoast.com\/product\/yoast-seo-wordpress\/ -->\n<title>Bougie avec raccord 3\/8\u2033 163 mm<\/title>\n<meta name=\"description\" content=\"Bougie avec raccord 3\/8\u2033 163 mm - r\u00e9sistance \u00e0 l\u2019allumage avec raccord 3\/8&quot; par 12.5 mm - cartouche \u00e0 allumage raccord 3\/8&quot; par 12.5 mm\" \/>\n<meta name=\"robots\" content=\"index, follow, max-snippet:-1, max-image-preview:large, max-video-preview:-1\" \/>\n<link rel=\"canonical\" href=\"https:\/\/amrtop.net\/es\/producto\/bujia-con-conector-3-8\u2033-163-mm\/\" \/>\n<meta property=\"og:locale\" content=\"es_ES\" \/>\n<meta property=\"og:type\" content=\"article\" \/>\n<meta property=\"og:title\" content=\"Bougie avec raccord 3\/8\u2033 163 mm\" \/>\n<meta property=\"og:description\" content=\"Bougie avec raccord 3\/8\u2033 163 mm - r\u00e9sistance \u00e0 l\u2019allumage avec raccord 3\/8&quot; par 12.5 mm - cartouche \u00e0 allumage raccord 3\/8&quot; par 12.5 mm\" \/>\n<meta property=\"og:url\" content=\"https:\/\/amrtop.net\/es\/producto\/bujia-con-conector-3-8\u2033-163-mm\/\" \/>\n<meta property=\"og:site_name\" content=\"AMRTOP B2B \u00c9tranger - Achats r\u00e9serv\u00e9s au professionnel\" \/>\n<meta property=\"article:modified_time\" content=\"2023-07-17T13:29:39+00:00\" \/>\n<meta property=\"og:image\" content=\"https:\/\/amrtop.net\/wp-content\/uploads\/2020\/01\/eld60031-1.jpg\" \/>\n\t<meta property=\"og:image:width\" content=\"960\" \/>\n\t<meta property=\"og:image:height\" content=\"960\" \/>\n\t<meta property=\"og:image:type\" content=\"image\/jpeg\" \/>\n<meta name=\"twitter:card\" content=\"summary_large_image\" \/>\n<meta name=\"twitter:label1\" content=\"Tiempo de lectura\" \/>\n\t<meta name=\"twitter:data1\" content=\"2 minutos\" \/>\n<script type=\"application\/ld+json\" class=\"yoast-schema-graph\">{\"@context\":\"https:\\\/\\\/schema.org\",\"@graph\":[{\"@type\":\"WebPage\",\"@id\":\"https:\\\/\\\/amrtop.net\\\/produit\\\/bougie-avec-raccord-3-8%e2%80%b3-163-mm\\\/\",\"url\":\"https:\\\/\\\/amrtop.net\\\/produit\\\/bougie-avec-raccord-3-8%e2%80%b3-163-mm\\\/\",\"name\":\"Bougie avec raccord 3\\\/8\u2033 163 mm\",\"isPartOf\":{\"@id\":\"https:\\\/\\\/amrtop.net\\\/#website\"},\"primaryImageOfPage\":{\"@id\":\"https:\\\/\\\/amrtop.net\\\/produit\\\/bougie-avec-raccord-3-8%e2%80%b3-163-mm\\\/#primaryimage\"},\"image\":{\"@id\":\"https:\\\/\\\/amrtop.net\\\/produit\\\/bougie-avec-raccord-3-8%e2%80%b3-163-mm\\\/#primaryimage\"},\"thumbnailUrl\":\"https:\\\/\\\/amrtop.net\\\/wp-content\\\/uploads\\\/2020\\\/01\\\/eld60031-1.jpg\",\"datePublished\":\"2020-01-10T00:00:00+00:00\",\"dateModified\":\"2023-07-17T13:29:39+00:00\",\"description\":\"Bougie avec raccord 3\\\/8\u2033 163 mm - r\u00e9sistance \u00e0 l\u2019allumage avec raccord 3\\\/8\\\" par 12.5 mm - cartouche \u00e0 allumage raccord 3\\\/8\\\" par 12.5 mm\",\"breadcrumb\":{\"@id\":\"https:\\\/\\\/amrtop.net\\\/produit\\\/bougie-avec-raccord-3-8%e2%80%b3-163-mm\\\/#breadcrumb\"},\"inLanguage\":\"es\",\"potentialAction\":[{\"@type\":\"ReadAction\",\"target\":[\"https:\\\/\\\/amrtop.net\\\/produit\\\/bougie-avec-raccord-3-8%e2%80%b3-163-mm\\\/\"]}]},{\"@type\":\"ImageObject\",\"inLanguage\":\"es\",\"@id\":\"https:\\\/\\\/amrtop.net\\\/produit\\\/bougie-avec-raccord-3-8%e2%80%b3-163-mm\\\/#primaryimage\",\"url\":\"https:\\\/\\\/amrtop.net\\\/wp-content\\\/uploads\\\/2020\\\/01\\\/eld60031-1.jpg\",\"contentUrl\":\"https:\\\/\\\/amrtop.net\\\/wp-content\\\/uploads\\\/2020\\\/01\\\/eld60031-1.jpg\",\"width\":960,\"height\":960,\"caption\":\"Bougie avec raccord 3\\\/8\u2033 163 mm - r\u00e9sistance \u00e0 l\u2019allumage avec raccord 3\\\/8\\\" par 12.5 mm - cartouche \u00e0 allumage raccord 3\\\/8\\\" par 12.5 mm\"},{\"@type\":\"BreadcrumbList\",\"@id\":\"https:\\\/\\\/amrtop.net\\\/produit\\\/bougie-avec-raccord-3-8%e2%80%b3-163-mm\\\/#breadcrumb\",\"itemListElement\":[{\"@type\":\"ListItem\",\"position\":1,\"name\":\"Home\",\"item\":\"https:\\\/\\\/amrtop.net\\\/\"},{\"@type\":\"ListItem\",\"position\":2,\"name\":\"Shop\",\"item\":\"https:\\\/\\\/amrtop.net\\\/negozio\\\/\"},{\"@type\":\"ListItem\",\"position\":3,\"name\":\"Bougie avec raccord 3\\\/8\u2033 \u00f8 12,5 mm &#8211; 330 Watt &#8211; Longueur totale 163 mm &#8211; Code ELD60031\"}]},{\"@type\":\"WebSite\",\"@id\":\"https:\\\/\\\/amrtop.net\\\/#website\",\"url\":\"https:\\\/\\\/amrtop.net\\\/\",\"name\":\"AMRTOP B2B \u00c9tranger - Achats r\u00e9serv\u00e9s au professionnel\",\"description\":\"Pi\u00e8ces de rechange et accessoires pour po\u00eales et chaudi\u00e8res - eCommerce B2B pour Clients Professionnels\",\"potentialAction\":[{\"@type\":\"SearchAction\",\"target\":{\"@type\":\"EntryPoint\",\"urlTemplate\":\"https:\\\/\\\/amrtop.net\\\/?s={search_term_string}\"},\"query-input\":{\"@type\":\"PropertyValueSpecification\",\"valueRequired\":true,\"valueName\":\"search_term_string\"}}],\"inLanguage\":\"es\"}]}<\/script>\n<!-- \/ Yoast SEO plugin. -->","yoast_head_json":{"title":"Buj\u00eda de encendido con conexi\u00f3n de 3\/8\u2033 163 mm","description":"Buj\u00eda de encendido con conector de 3\/8\u2033 163 mm - resistencia de encendido con conector de 3\/8\" por 12,5 mm - cartucho de encendido con conector de 3\/8\" por 12,5 mm.","robots":{"index":"index","follow":"follow","max-snippet":"max-snippet:-1","max-image-preview":"max-image-preview:large","max-video-preview":"max-video-preview:-1"},"canonical":"https:\/\/amrtop.net\/es\/producto\/bujia-con-conector-3-8\u2033-163-mm\/","og_locale":"es_ES","og_type":"article","og_title":"Bougie avec raccord 3\/8\u2033 163 mm","og_description":"Bougie avec raccord 3\/8\u2033 163 mm - r\u00e9sistance \u00e0 l\u2019allumage avec raccord 3\/8\" par 12.5 mm - cartouche \u00e0 allumage raccord 3\/8\" par 12.5 mm","og_url":"https:\/\/amrtop.net\/es\/producto\/bujia-con-conector-3-8\u2033-163-mm\/","og_site_name":"AMRTOP B2B \u00c9tranger - Achats r\u00e9serv\u00e9s au professionnel","article_modified_time":"2023-07-17T13:29:39+00:00","og_image":[{"width":960,"height":960,"url":"https:\/\/amrtop.net\/wp-content\/uploads\/2020\/01\/eld60031-1.jpg","type":"image\/jpeg"}],"twitter_card":"summary_large_image","twitter_misc":{"Tiempo de lectura":"2 minutos"},"schema":{"@context":"https:\/\/schema.org","@graph":[{"@type":"WebPage","@id":"https:\/\/amrtop.net\/produit\/bougie-avec-raccord-3-8%e2%80%b3-163-mm\/","url":"https:\/\/amrtop.net\/produit\/bougie-avec-raccord-3-8%e2%80%b3-163-mm\/","name":"Buj\u00eda de encendido con conexi\u00f3n de 3\/8\u2033 163 mm","isPartOf":{"@id":"https:\/\/amrtop.net\/#website"},"primaryImageOfPage":{"@id":"https:\/\/amrtop.net\/produit\/bougie-avec-raccord-3-8%e2%80%b3-163-mm\/#primaryimage"},"image":{"@id":"https:\/\/amrtop.net\/produit\/bougie-avec-raccord-3-8%e2%80%b3-163-mm\/#primaryimage"},"thumbnailUrl":"https:\/\/amrtop.net\/wp-content\/uploads\/2020\/01\/eld60031-1.jpg","datePublished":"2020-01-10T00:00:00+00:00","dateModified":"2023-07-17T13:29:39+00:00","description":"Buj\u00eda de encendido con conector de 3\/8\u2033 163 mm - resistencia de encendido con conector de 3\/8\" por 12,5 mm - cartucho de encendido con conector de 3\/8\" por 12,5 mm.","breadcrumb":{"@id":"https:\/\/amrtop.net\/produit\/bougie-avec-raccord-3-8%e2%80%b3-163-mm\/#breadcrumb"},"inLanguage":"es","potentialAction":[{"@type":"ReadAction","target":["https:\/\/amrtop.net\/produit\/bougie-avec-raccord-3-8%e2%80%b3-163-mm\/"]}]},{"@type":"ImageObject","inLanguage":"es","@id":"https:\/\/amrtop.net\/produit\/bougie-avec-raccord-3-8%e2%80%b3-163-mm\/#primaryimage","url":"https:\/\/amrtop.net\/wp-content\/uploads\/2020\/01\/eld60031-1.jpg","contentUrl":"https:\/\/amrtop.net\/wp-content\/uploads\/2020\/01\/eld60031-1.jpg","width":960,"height":960,"caption":"Bougie avec raccord 3\/8\u2033 163 mm - r\u00e9sistance \u00e0 l\u2019allumage avec raccord 3\/8\" par 12.5 mm - cartouche \u00e0 allumage raccord 3\/8\" par 12.5 mm"},{"@type":"BreadcrumbList","@id":"https:\/\/amrtop.net\/produit\/bougie-avec-raccord-3-8%e2%80%b3-163-mm\/#breadcrumb","itemListElement":[{"@type":"ListItem","position":1,"name":"Home","item":"https:\/\/amrtop.net\/"},{"@type":"ListItem","position":2,"name":"Shop","item":"https:\/\/amrtop.net\/negozio\/"},{"@type":"ListItem","position":3,"name":"Bougie avec raccord 3\/8\u2033 \u00f8 12,5 mm &#8211; 330 Watt &#8211; Longueur totale 163 mm &#8211; Code ELD60031"}]},{"@type":"WebSite","@id":"https:\/\/amrtop.net\/#website","url":"https:\/\/amrtop.net\/","name":"AMRTOP B2B Abroad - Compras reservadas a los profesionales","description":"Recambios y accesorios para estufas y calderas - Comercio electr\u00f3nico B2B para profesionales","potentialAction":[{"@type":"SearchAction","target":{"@type":"EntryPoint","urlTemplate":"https:\/\/amrtop.net\/?s={search_term_string}"},"query-input":{"@type":"PropertyValueSpecification","valueRequired":true,"valueName":"search_term_string"}}],"inLanguage":"es"}]}},"_links":{"self":[{"href":"https:\/\/amrtop.net\/es\/wp-json\/wp\/v2\/product\/3580","targetHints":{"allow":["GET"]}}],"collection":[{"href":"https:\/\/amrtop.net\/es\/wp-json\/wp\/v2\/product"}],"about":[{"href":"https:\/\/amrtop.net\/es\/wp-json\/wp\/v2\/types\/product"}],"replies":[{"embeddable":true,"href":"https:\/\/amrtop.net\/es\/wp-json\/wp\/v2\/comments?post=3580"}],"wp:featuredmedia":[{"embeddable":true,"href":"https:\/\/amrtop.net\/es\/wp-json\/wp\/v2\/media\/35171"}],"wp:attachment":[{"href":"https:\/\/amrtop.net\/es\/wp-json\/wp\/v2\/media?parent=3580"}],"wp:term":[{"taxonomy":"product_brand","embeddable":true,"href":"https:\/\/amrtop.net\/es\/wp-json\/wp\/v2\/product_brand?post=3580"},{"taxonomy":"product_cat","embeddable":true,"href":"https:\/\/amrtop.net\/es\/wp-json\/wp\/v2\/product_cat?post=3580"},{"taxonomy":"product_tag","embeddable":true,"href":"https:\/\/amrtop.net\/es\/wp-json\/wp\/v2\/product_tag?post=3580"}],"curies":[{"name":"wp","href":"https:\/\/api.w.org\/{rel}","templated":true}]}}