{"id":3587,"date":"2020-01-10T00:00:00","date_gmt":"2020-01-10T00:00:00","guid":{"rendered":"https:\/\/amrtop.com\/B2B\/?post_type=product&#038;p=3587"},"modified":"2024-05-22T14:24:42","modified_gmt":"2024-05-22T14:24:42","slug":"bougie-avec-raccord-3-8-l-185-mm-350w","status":"publish","type":"product","link":"https:\/\/amrtop.net\/es\/produit\/bougie-avec-raccord-3-8-l-185-mm-350w\/","title":{"rendered":"Candeletta con raccor 3\/8\u2033 \u00f8 9,9 mm - 350 Watt - Lunghezza totale 185 mm - Codice ELD60038"},"content":{"rendered":"<h3>Compatibilidad<\/h3>\n<h3>Intercambiable con el siguiente modelo de buj\u00eda-resistencia-cartucho de encendido :<\/h3>\n<p>HT72944, KIT 3<\/p>\n<p><strong>Pour les mod\u00e8les suivants de po\u00eales et chaudi\u00e8res \u00e0 pellets Piazzetta :<\/strong><\/p>\n<p>CALDAIA PELLET CP20<br \/>\nCALDAIA PELLET CP20<br \/>\nCALDAIA PELLET CP20 17.4<br \/>\nCALDAIA PELLET CP20 P<br \/>\nCALDAIA PELLET CP26<br \/>\nCALDAIA PELLET CP26 4S<br \/>\nCALDAIA PELLET CP26 ACS<br \/>\nCALDAIA PELLET CP26 ACS 17.4<br \/>\nCALDAIA PELLET CP26 ACS 4S<br \/>\nCALDAIA PELLET CP32<br \/>\nCALDAIA PELLET CP32 17.3<br \/>\nCALDAIA PELLET CP32 ACS<br \/>\nCALDAIA PELLET CP32 ACS 17.3<br \/>\nCALDAIA PELLET CPS 20 17.4<br \/>\nCALDAIA PELLET CPS 26 4S<br \/>\nCALDAIA PELLET CPS 26 ACS 17.4<br \/>\nCALDAIA PELLET CPS 26 ACS 4S<br \/>\nCALDAIA PELLET CPS 32 17.3<br \/>\nCALDAIA PELLET CPS 32 ACS 17.3<br \/>\nINSERTO PELLET IP 11 15.1 (YP114-02 11,0)<br \/>\nINSERTO PELLET IP 11 17.0 (YP114-02 11,0)<br \/>\nINSERTO PELLET IP 11 17.1 (YP115-01 11,0)<br \/>\nINSERTO PELLET IP 11 17.1.1 (YP115-01 11,0)<br \/>\nINSERTO PELLET IP 11 M<br \/>\nINSERTO PELLET IP 14 TH<br \/>\nINSERTO PELLET IP 14 TH 17.5<br \/>\nINSERTO PELLET IP 14 TH GLASS<br \/>\nINSERTO PELLET IP 14 TH GLASS 17.5<br \/>\nINSERTO PELLET IP 6 M<br \/>\nINSERTO PELLET IP 9 15.1<br \/>\nINSERTO PELLET IP 9 17.0 (YP112-01 9,0KW)<br \/>\nINSERTO PELLET IP 9 17.1 (YP113-01 9,0KW)<br \/>\nINSERTO PELLET IP 9 17.1.1 (YP113-01 9,0KW)<br \/>\nINSERTO PELLET SCP11 15.1 (YP114-02 11,0)<br \/>\nINSERTO PELLET SCP11 15.3 (YP114-02 11,0KW)<br \/>\nINSERTO PELLET SCP11 17.1 (YP115-01 11,0)<br \/>\nINSERTO PELLET SCP11 17.1.1 (YP115-01 11,0)<br \/>\nINSERTO PELLET SCP14 TH 17.5<br \/>\nINSERTO PELLET SCP9 15.1 (YP110S00 9,2KW)<br \/>\nINSERTO PELLET SCP9 15.3 (YP110S00 9,2KW)<br \/>\nINSERTO PELLET SCP9 17.1 (YP113-01 9,0KW)<br \/>\nINSERTO PELLET SCP9 17.1.1 (YP113-01 9,0KW)<br \/>\nSTUFA 2a E228 A-M-C (SH140-01)<br \/>\nSTUFA E228 A (SH140-01)<br \/>\nSTUFA E228 A (SH140-02) SC\/P<br \/>\nSTUFA E228 A-M-C (SH140-01)<br \/>\nSTUFA E228 A-M-C (SH140-02) SC\/P<br \/>\nSTUFA E228 A-M-C-CH-MH (SH140-01)<br \/>\nSTUFA E228 A-M-C-CH-MH (SH140-02) SC\/P<br \/>\nSTUFA E228A-M-C-CH-MH 20.0(SH140-02)SC\/P<br \/>\nSTUFA P188TH 13.9 (SP281-02 19,6) BIANCO<br \/>\nSTUFA P188TH 13.9 (SP281-02 19,6) BORD.<br \/>\nSTUFA P188TH 13.9 (SP281-02 19,6) GRIGIO<br \/>\nSTUFA P188TH 13.9 (SP281-02 19,6)BRUNITO<br \/>\nSTUFA P188TH 17.3 (SP281-02 19,6) BIANCO<br \/>\nSTUFA P188TH 17.3 (SP281-02 19,6) BORD.<br \/>\nSTUFA P188TH 17.3 (SP281-02 19,6) GRIGIO<br \/>\nSTUFA P189TH 17.0 (SP291-01 25,7) BIANCO<br \/>\nSTUFA P189TH 17.0 (SP291-01 25,7) BORD<br \/>\nSTUFA P189TH 17.0 (SP291-01 25,7) GRIG<br \/>\nSTUFA P189TH 17.0 (SP291-01 25,7)BRUNITO<br \/>\nSTUFA P189TH 17.2 (SP291-01 25,7) BIANCO<br \/>\nSTUFA P189TH 17.2 (SP291-01 25,7) BORD.<br \/>\nSTUFA P189TH 17.2 (SP291-01 25,7) GRIGIO<br \/>\nSTUFA P189TH ACS 17.0(SP291-01 25,7)BI<br \/>\nSTUFA P189TH ACS 17.0(SP291-01 25,7)BR<br \/>\nSTUFA P189TH ACS 17.2(SP291-01 25,7)BIAN<br \/>\nSTUFA PELLET P137 15.2 BIANCO<br \/>\nSTUFA PELLET P137 15.2 NERO<br \/>\nSTUFA PELLET P137 15.2 RUBINO<br \/>\nSTUFA PELLET P163 18.0 BIANCO<br \/>\nSTUFA PELLET P163 18.0 NERO<br \/>\nSTUFA PELLET P163 18.0 RUBINO<br \/>\nSTUFA PELLET P163 19.3 BIANCO<br \/>\nSTUFA PELLET P163 19.3 NERO<br \/>\nSTUFA PELLET P163 19.3 RUBINO<br \/>\nSTUFA PELLET P163D 18.0 BIANCO<br \/>\nSTUFA PELLET P163D 18.0 NERO<br \/>\nSTUFA PELLET P163D 18.0 RUBINO<br \/>\nSTUFA PELLET P163D 19.3 BIANCO<br \/>\nSTUFA PELLET P163D 19.3 NERO<br \/>\nSTUFA PELLET P163D 19.3 RUBINO<br \/>\nSTUFA PELLET P163M 18.0 BIANCO<br \/>\nSTUFA PELLET P163M 18.0 NERO<br \/>\nSTUFA PELLET P163M 19.3 BIANCO<br \/>\nSTUFA PELLET P163M 19.3 NERO<br \/>\nSTUFA PELLET P163MM 18.0<br \/>\nSTUFA PELLET P163MM 19.3<br \/>\nSTUFA PELLET P163T 18.0 BIANCO<br \/>\nSTUFA PELLET P163T 18.0 NERO<br \/>\nSTUFA PELLET P163T 18.0 RUBINO<br \/>\nSTUFA PELLET P163T 19.3 BIANCO<br \/>\nSTUFA PELLET P163T 19.3 NERO<br \/>\nSTUFA PELLET P163T 19.3 RUBINO<br \/>\nSTUFA PELLET P188 TH BIANCO<br \/>\nSTUFA PELLET P188 TH BORDEAUX<br \/>\nSTUFA PELLET P188 TH BRUNITO<br \/>\nSTUFA PELLET P188 TH GRIGIO<br \/>\nSTUFA PELLET P939 16.0<br \/>\nSTUFA PELLET P943 14.0<br \/>\nSTUFA PELLET P943 14.0 ERMETICA<br \/>\nSTUFA PELLET P943 14.1 (SP231-01 10,1KW)<br \/>\nSTUFA PELLET P943 14.1 (SP231-03 12,2KW)<br \/>\nSTUFA PELLET P943 14.2 (SP233-01 12,0KW)<br \/>\nSTUFA PELLET P943-S 14.2 (SP232-01 11,0KW)<br \/>\nSTUFA PELLET P963 18.0<br \/>\nSTUFA PELLET P963 T 18.0<br \/>\nSTUFA PELLET P964 18.0<br \/>\nSTUFA PELLET P980 14.1 (SP231-01 10,1KW)<br \/>\nSTUFA PELLET P980 14.1 (SP231-03 12,2KW)<br \/>\nSTUFA PELLET P980 14.1.1 (SP233-01 12,0KW)<br \/>\nSTUFA PELLET P980-S 14.2 (SP232-01 11,0KW)<br \/>\nSTUFA PELLET RITA 15.1 BIANCO<br \/>\nSTUFA PELLET RITA 15.1 BORDEAUX<br \/>\nSTUFA PELLET RITA 15.1 BRUNITO<br \/>\nSTUFA PELLET RITA 15.1 GRIGIO<br \/>\nSTUFA PELLET SABRINA 18.0 BIANCO<br \/>\nSTUFA PELLET SABRINA 18.0 BORDEAUX<br \/>\nSTUFA PELLET SABRINA 18.0 GRIGIO<br \/>\nSTUFA PELLET SABRINA 18.1 BIANCO<br \/>\nSTUFA PELLET SABRINA 18.1 BORDEAUX<br \/>\nSTUFA PELLET SABRINA 18.1 GRIGIO<br \/>\nSTUFA PELLET SALLY 18.1 BIANCO<br \/>\nSTUFA PELLET SALLY 18.1 BORDEAUX<br \/>\nSTUFA PELLET SALLY 18.1 GRIGIO<br \/>\nSTUFA PELLET SALLY 18.1.1 BIANCO<br \/>\nSTUFA PELLET SALLY 18.1.1 BORDEAUX<br \/>\nSTUFA PELLET SALLY 18.1.1 GRIGIO<br \/>\nSTUFA PELLET SAMANTA 18.0 BIANCO<br \/>\nSTUFA PELLET SAMANTA 18.0 BORDEAUX<br \/>\nSTUFA PELLET SAMANTA 18.0 GRIGIO<br \/>\nSTUFA PELLET SOLANGE 18.0 BIANCO<br \/>\nSTUFA PELLET SOLANGE 18.0 BORDEAUX<br \/>\nSTUFA PELLET SOLANGE 18.0 BRUNITO<br \/>\nSTUFA PELLET SOLANGE 18.0 GRIGIO<br \/>\nSTUFA PELLET SOLANGE 18.1 BIANCO<br \/>\nSTUFA PELLET SOLANGE 18.1 BORDEAUX<br \/>\nSTUFA PELLET SOLANGE 18.1 GRIGIO<br \/>\nSTUFA PELLET SONIA 18.0 BIANCO<br \/>\nSTUFA PELLET SONIA 18.0 BORDEAUX<br \/>\nSTUFA PELLET SONIA 18.0 GRIGIO<br \/>\nSTUFA PELLET SONIA 18.1 BIANCO<br \/>\nSTUFA PELLET SONIA 18.1 BORDEAUX<br \/>\nSTUFA PELLET SONIA 18.1 GRIGIO<br \/>\nSTUFA PELLET SVEVA 18.0<br \/>\nSTUFA PELLET SVEVA 18.1<br \/>\nSTUFA PELLET TAMARA TH 13.9 BIANCO<br \/>\nSTUFA PELLET TAMARA TH 13.9 BORDEAUX<br \/>\nSTUFA PELLET TAMARA TH 13.9 GRIGIO<br \/>\nSTUFA PELLET TAMARA TH 17.3 BIANCO<br \/>\nSTUFA PELLET TAMARA TH 17.3 BORDEAUX<br \/>\nSTUFA PELLET TAMARA TH 17.3 GRIGIO<br \/>\nSTUFA PELLET TEA TH18 BIANCO<br \/>\nSTUFA PELLET TEA TH18 BORDEAUX<br \/>\nSTUFA PELLET TEA TH18 BRUNITO<br \/>\nSTUFA PELLET TEA TH18 GRIGIO<br \/>\nSTUFA RITA 15.2 (SP351-02 11,2KW) BIANCO<br \/>\nSTUFA RITA 15.2 (SP351-02 11,2KW) BORD.<br \/>\nSTUFA RITA 15.2 (SP351-02 11,2KW) GRIGIO<br \/>\nSTUFA RITA 15.2 (SP351-02 11,2KW)BRUNITO<\/p>","protected":false},"excerpt":{"rendered":"<hr \/>\n<h2><span style=\"color: #008000\">Disponible en<\/span><\/h2>\n<hr \/>\n<h3>Buj\u00eda de encendido con conexi\u00f3n de 3\/8<\/h3>\n<p>Codice ELD60038<\/p>\n<p>\u00f8 9,9 mm<br \/>\nLongueur totale : 185 mm<br \/>\nLongueur sous-\u00e9crou : 175 mm<br \/>\nPotencia: 350 W<br \/>\nLongitud del cable: 500 mm<\/p>\n<p>&nbsp;<\/p>","protected":false},"featured_media":34623,"comment_status":"open","ping_status":"closed","template":"","meta":[],"product_brand":[],"product_cat":[842,840,839],"product_tag":[46],"class_list":{"0":"post-3587","1":"product","2":"type-product","3":"status-publish","4":"has-post-thumbnail","6":"product_cat-bougies-avec-raccord-3-8-o-9-9-mm","7":"product_cat-bougies-dallumage-pour-poeles-et-chaudieres-a-pellets","8":"product_cat-pieces-de-rechange-divers-poeles-et-chaudieres","9":"product_tag-winterofen","10":"product_shipping_class-classe-di-spedizione-01","12":"first","13":"instock","14":"shipping-taxable","15":"purchasable","16":"product-type-simple"},"yoast_head":"<!-- This site is optimized with the Yoast SEO plugin v27.5 - https:\/\/yoast.com\/product\/yoast-seo-wordpress\/ -->\n<title>Bougie avec raccord 3\/8&quot; L.185 mm 350w<\/title>\n<meta name=\"description\" content=\"Bougie avec raccord 3\/8&quot; L.185 mm 350w - r\u00e9sistance \u00e0 l\u2019allumage avec raccord 3\/8&quot; de 9,9 mm - cartouche \u00e0 allumage raccord 3\/8&quot; de 9,9 mm\" \/>\n<meta name=\"robots\" content=\"index, follow, max-snippet:-1, max-image-preview:large, max-video-preview:-1\" \/>\n<link rel=\"canonical\" href=\"https:\/\/amrtop.net\/es\/producto\/bougie-avec-raccord-3-8-l-185-mm-350w\/\" \/>\n<meta property=\"og:locale\" content=\"es_ES\" \/>\n<meta property=\"og:type\" content=\"article\" \/>\n<meta property=\"og:title\" content=\"Bougie avec raccord 3\/8&quot; L.185 mm 350w\" \/>\n<meta property=\"og:description\" content=\"Bougie avec raccord 3\/8&quot; L.185 mm 350w - r\u00e9sistance \u00e0 l\u2019allumage avec raccord 3\/8&quot; de 9,9 mm - cartouche \u00e0 allumage raccord 3\/8&quot; de 9,9 mm\" \/>\n<meta property=\"og:url\" content=\"https:\/\/amrtop.net\/es\/producto\/bougie-avec-raccord-3-8-l-185-mm-350w\/\" \/>\n<meta property=\"og:site_name\" content=\"AMRTOP B2B \u00c9tranger - Achats r\u00e9serv\u00e9s au professionnel\" \/>\n<meta property=\"article:modified_time\" content=\"2024-05-22T14:24:42+00:00\" \/>\n<meta property=\"og:image\" content=\"https:\/\/amrtop.net\/wp-content\/uploads\/2020\/01\/eld60038-1.jpg\" \/>\n\t<meta property=\"og:image:width\" content=\"960\" \/>\n\t<meta property=\"og:image:height\" content=\"960\" \/>\n\t<meta property=\"og:image:type\" content=\"image\/jpeg\" \/>\n<meta name=\"twitter:card\" content=\"summary_large_image\" \/>\n<meta name=\"twitter:label1\" content=\"Tiempo de lectura\" \/>\n\t<meta name=\"twitter:data1\" content=\"3 minutos\" \/>\n<script type=\"application\/ld+json\" class=\"yoast-schema-graph\">{\"@context\":\"https:\\\/\\\/schema.org\",\"@graph\":[{\"@type\":\"WebPage\",\"@id\":\"https:\\\/\\\/amrtop.net\\\/produit\\\/bougie-avec-raccord-3-8-l-185-mm-350w\\\/\",\"url\":\"https:\\\/\\\/amrtop.net\\\/produit\\\/bougie-avec-raccord-3-8-l-185-mm-350w\\\/\",\"name\":\"Bougie avec raccord 3\\\/8\\\" L.185 mm 350w\",\"isPartOf\":{\"@id\":\"https:\\\/\\\/amrtop.net\\\/#website\"},\"primaryImageOfPage\":{\"@id\":\"https:\\\/\\\/amrtop.net\\\/produit\\\/bougie-avec-raccord-3-8-l-185-mm-350w\\\/#primaryimage\"},\"image\":{\"@id\":\"https:\\\/\\\/amrtop.net\\\/produit\\\/bougie-avec-raccord-3-8-l-185-mm-350w\\\/#primaryimage\"},\"thumbnailUrl\":\"https:\\\/\\\/amrtop.net\\\/wp-content\\\/uploads\\\/2020\\\/01\\\/eld60038-1.jpg\",\"datePublished\":\"2020-01-10T00:00:00+00:00\",\"dateModified\":\"2024-05-22T14:24:42+00:00\",\"description\":\"Bougie avec raccord 3\\\/8\\\" L.185 mm 350w - r\u00e9sistance \u00e0 l\u2019allumage avec raccord 3\\\/8\\\" de 9,9 mm - cartouche \u00e0 allumage raccord 3\\\/8\\\" de 9,9 mm\",\"breadcrumb\":{\"@id\":\"https:\\\/\\\/amrtop.net\\\/produit\\\/bougie-avec-raccord-3-8-l-185-mm-350w\\\/#breadcrumb\"},\"inLanguage\":\"es\",\"potentialAction\":[{\"@type\":\"ReadAction\",\"target\":[\"https:\\\/\\\/amrtop.net\\\/produit\\\/bougie-avec-raccord-3-8-l-185-mm-350w\\\/\"]}]},{\"@type\":\"ImageObject\",\"inLanguage\":\"es\",\"@id\":\"https:\\\/\\\/amrtop.net\\\/produit\\\/bougie-avec-raccord-3-8-l-185-mm-350w\\\/#primaryimage\",\"url\":\"https:\\\/\\\/amrtop.net\\\/wp-content\\\/uploads\\\/2020\\\/01\\\/eld60038-1.jpg\",\"contentUrl\":\"https:\\\/\\\/amrtop.net\\\/wp-content\\\/uploads\\\/2020\\\/01\\\/eld60038-1.jpg\",\"width\":960,\"height\":960,\"caption\":\"Bougie avec raccord 3\\\/8\\\" L.185 mm 350w - r\u00e9sistance \u00e0 l\u2019allumage avec raccord 3\\\/8\\\" de 9,9 mm - cartouche \u00e0 allumage raccord 3\\\/8\\\" de 9,9 mm\"},{\"@type\":\"BreadcrumbList\",\"@id\":\"https:\\\/\\\/amrtop.net\\\/produit\\\/bougie-avec-raccord-3-8-l-185-mm-350w\\\/#breadcrumb\",\"itemListElement\":[{\"@type\":\"ListItem\",\"position\":1,\"name\":\"Home\",\"item\":\"https:\\\/\\\/amrtop.net\\\/\"},{\"@type\":\"ListItem\",\"position\":2,\"name\":\"Shop\",\"item\":\"https:\\\/\\\/amrtop.net\\\/negozio\\\/\"},{\"@type\":\"ListItem\",\"position\":3,\"name\":\"Candeletta con raccordo 3\\\/8&#8243; \u00f8 9,9 mm &#8211; 350 Watt &#8211; Lunghezza totale 185 mm &#8211; Codice ELD60038\"}]},{\"@type\":\"WebSite\",\"@id\":\"https:\\\/\\\/amrtop.net\\\/#website\",\"url\":\"https:\\\/\\\/amrtop.net\\\/\",\"name\":\"AMRTOP B2B \u00c9tranger - Achats r\u00e9serv\u00e9s au professionnel\",\"description\":\"Pi\u00e8ces de rechange et accessoires pour po\u00eales et chaudi\u00e8res - eCommerce B2B pour Clients Professionnels\",\"potentialAction\":[{\"@type\":\"SearchAction\",\"target\":{\"@type\":\"EntryPoint\",\"urlTemplate\":\"https:\\\/\\\/amrtop.net\\\/?s={search_term_string}\"},\"query-input\":{\"@type\":\"PropertyValueSpecification\",\"valueRequired\":true,\"valueName\":\"search_term_string\"}}],\"inLanguage\":\"es\"}]}<\/script>\n<!-- \/ Yoast SEO plugin. -->","yoast_head_json":{"title":"Bougie avec raccord 3\/8\" L.185 mm 350w","description":"Buj\u00eda de encendido con conector de 3\/8\" L.185 mm 350w - resistencia de encendido con conector de 3\/8\" 9,9 mm - cartucho de encendido con conector de 3\/8\" 9,9 mm","robots":{"index":"index","follow":"follow","max-snippet":"max-snippet:-1","max-image-preview":"max-image-preview:large","max-video-preview":"max-video-preview:-1"},"canonical":"https:\/\/amrtop.net\/es\/producto\/bougie-avec-raccord-3-8-l-185-mm-350w\/","og_locale":"es_ES","og_type":"article","og_title":"Bougie avec raccord 3\/8\" L.185 mm 350w","og_description":"Bougie avec raccord 3\/8\" L.185 mm 350w - r\u00e9sistance \u00e0 l\u2019allumage avec raccord 3\/8\" de 9,9 mm - cartouche \u00e0 allumage raccord 3\/8\" de 9,9 mm","og_url":"https:\/\/amrtop.net\/es\/producto\/bougie-avec-raccord-3-8-l-185-mm-350w\/","og_site_name":"AMRTOP B2B \u00c9tranger - Achats r\u00e9serv\u00e9s au professionnel","article_modified_time":"2024-05-22T14:24:42+00:00","og_image":[{"width":960,"height":960,"url":"https:\/\/amrtop.net\/wp-content\/uploads\/2020\/01\/eld60038-1.jpg","type":"image\/jpeg"}],"twitter_card":"summary_large_image","twitter_misc":{"Tiempo de lectura":"3 minutos"},"schema":{"@context":"https:\/\/schema.org","@graph":[{"@type":"WebPage","@id":"https:\/\/amrtop.net\/produit\/bougie-avec-raccord-3-8-l-185-mm-350w\/","url":"https:\/\/amrtop.net\/produit\/bougie-avec-raccord-3-8-l-185-mm-350w\/","name":"Bougie avec raccord 3\/8\" L.185 mm 350w","isPartOf":{"@id":"https:\/\/amrtop.net\/#website"},"primaryImageOfPage":{"@id":"https:\/\/amrtop.net\/produit\/bougie-avec-raccord-3-8-l-185-mm-350w\/#primaryimage"},"image":{"@id":"https:\/\/amrtop.net\/produit\/bougie-avec-raccord-3-8-l-185-mm-350w\/#primaryimage"},"thumbnailUrl":"https:\/\/amrtop.net\/wp-content\/uploads\/2020\/01\/eld60038-1.jpg","datePublished":"2020-01-10T00:00:00+00:00","dateModified":"2024-05-22T14:24:42+00:00","description":"Buj\u00eda de encendido con conector de 3\/8\" L.185 mm 350w - resistencia de encendido con conector de 3\/8\" 9,9 mm - cartucho de encendido con conector de 3\/8\" 9,9 mm","breadcrumb":{"@id":"https:\/\/amrtop.net\/produit\/bougie-avec-raccord-3-8-l-185-mm-350w\/#breadcrumb"},"inLanguage":"es","potentialAction":[{"@type":"ReadAction","target":["https:\/\/amrtop.net\/produit\/bougie-avec-raccord-3-8-l-185-mm-350w\/"]}]},{"@type":"ImageObject","inLanguage":"es","@id":"https:\/\/amrtop.net\/produit\/bougie-avec-raccord-3-8-l-185-mm-350w\/#primaryimage","url":"https:\/\/amrtop.net\/wp-content\/uploads\/2020\/01\/eld60038-1.jpg","contentUrl":"https:\/\/amrtop.net\/wp-content\/uploads\/2020\/01\/eld60038-1.jpg","width":960,"height":960,"caption":"Bougie avec raccord 3\/8\" L.185 mm 350w - r\u00e9sistance \u00e0 l\u2019allumage avec raccord 3\/8\" de 9,9 mm - cartouche \u00e0 allumage raccord 3\/8\" de 9,9 mm"},{"@type":"BreadcrumbList","@id":"https:\/\/amrtop.net\/produit\/bougie-avec-raccord-3-8-l-185-mm-350w\/#breadcrumb","itemListElement":[{"@type":"ListItem","position":1,"name":"Home","item":"https:\/\/amrtop.net\/"},{"@type":"ListItem","position":2,"name":"Shop","item":"https:\/\/amrtop.net\/negozio\/"},{"@type":"ListItem","position":3,"name":"Candeletta con raccordo 3\/8&#8243; \u00f8 9,9 mm &#8211; 350 Watt &#8211; Lunghezza totale 185 mm &#8211; Codice ELD60038"}]},{"@type":"WebSite","@id":"https:\/\/amrtop.net\/#website","url":"https:\/\/amrtop.net\/","name":"AMRTOP B2B Abroad - Compras reservadas a los profesionales","description":"Recambios y accesorios para estufas y calderas - Comercio electr\u00f3nico B2B para profesionales","potentialAction":[{"@type":"SearchAction","target":{"@type":"EntryPoint","urlTemplate":"https:\/\/amrtop.net\/?s={search_term_string}"},"query-input":{"@type":"PropertyValueSpecification","valueRequired":true,"valueName":"search_term_string"}}],"inLanguage":"es"}]}},"_links":{"self":[{"href":"https:\/\/amrtop.net\/es\/wp-json\/wp\/v2\/product\/3587","targetHints":{"allow":["GET"]}}],"collection":[{"href":"https:\/\/amrtop.net\/es\/wp-json\/wp\/v2\/product"}],"about":[{"href":"https:\/\/amrtop.net\/es\/wp-json\/wp\/v2\/types\/product"}],"replies":[{"embeddable":true,"href":"https:\/\/amrtop.net\/es\/wp-json\/wp\/v2\/comments?post=3587"}],"wp:featuredmedia":[{"embeddable":true,"href":"https:\/\/amrtop.net\/es\/wp-json\/wp\/v2\/media\/34623"}],"wp:attachment":[{"href":"https:\/\/amrtop.net\/es\/wp-json\/wp\/v2\/media?parent=3587"}],"wp:term":[{"taxonomy":"product_brand","embeddable":true,"href":"https:\/\/amrtop.net\/es\/wp-json\/wp\/v2\/product_brand?post=3587"},{"taxonomy":"product_cat","embeddable":true,"href":"https:\/\/amrtop.net\/es\/wp-json\/wp\/v2\/product_cat?post=3587"},{"taxonomy":"product_tag","embeddable":true,"href":"https:\/\/amrtop.net\/es\/wp-json\/wp\/v2\/product_tag?post=3587"}],"curies":[{"name":"wp","href":"https:\/\/api.w.org\/{rel}","templated":true}]}}