{"id":3597,"date":"2020-01-10T00:00:00","date_gmt":"2020-01-10T00:00:00","guid":{"rendered":"https:\/\/amrtop.com\/B2B\/?post_type=product&#038;p=3597"},"modified":"2024-05-21T14:19:50","modified_gmt":"2024-05-21T14:19:50","slug":"bougie-lineaire-o-9-9-mm-l-155-mm","status":"publish","type":"product","link":"https:\/\/amrtop.net\/es\/produit\/bougie-lineaire-o-9-9-mm-l-155-mm\/","title":{"rendered":"Buj\u00eda lineal \u00f8 9,9 mm - 300 W - longitud total 155 mm - C\u00f3digo ELT60022"},"content":{"rendered":"<h3>Compatibilidad<\/h3>\n<h3>Intercambiable con los siguientes modelos de buj\u00edas-resistencias-cartuchos de encendido :<\/h3>\n<p>HT62685, HT48485, KIT 2<\/p>\n<p><strong><br \/>\nPara los siguientes modelos de estufas y calderas de pellets Godin:<\/strong><\/p>\n<p>PELISSANNE<br \/>\nMERCURA<br \/>\nNEPTUNO<br \/>\nVALLABRIX<br \/>\nGENET<br \/>\nGACELAY<br \/>\nVESTA<br \/>\nTHEZIERS<br \/>\nVENTEROLE<br \/>\nGENESTY<br \/>\nORION<br \/>\nOUVEZE<br \/>\nSTELLAN<br \/>\nSEVREY<br \/>\nSATURNE<br \/>\nCORNIA<br \/>\nARREMON<br \/>\nATTIGNA<br \/>\nCIOTAT<br \/>\nARENDAS<br \/>\nBENAIZE<br \/>\nJULIA<br \/>\nINSERTAR<br \/>\nJASMIN<br \/>\nMANTES<br \/>\nERABLE<\/p>\n<p><strong><br \/>\nPara los siguientes modelos de estufas y calderas de pellets Manaut:<\/strong><\/p>\n<p>FRANCESCA<\/p>\n<p><strong><br \/>\nPara los siguientes modelos de estufas y calderas de pellets Alfa Plam<\/strong> <strong>:<\/strong><\/p>\n<p>COMMO<\/p>\n<p><strong><br \/>\nPara los siguientes modelos de estufas y calderas de pellets Bestove:<\/strong><\/p>\n<p>ARLO<br \/>\nBARRY<br \/>\nBOHEME<br \/>\nBRAVO<br \/>\nCONFORT<br \/>\nCONFORT<br \/>\nDOLLY<br \/>\nDOLOMITA<br \/>\nDOMINO<br \/>\nE-BRIO<br \/>\nGUS<br \/>\nI-FLAM1620<br \/>\nIDEAL CHIC<br \/>\nIFLAM<br \/>\nSE\u00d1ORA<br \/>\nMILO<br \/>\nMINIMAX<br \/>\nMOLLY<br \/>\nNEMO<br \/>\nPICO<br \/>\nPOP<br \/>\nSID<br \/>\nUNO<\/p>\n<p><strong><br \/>\nPara los siguientes modelos de estufas y calderas de pellets Brisach:<\/strong><\/p>\n<p>NORUEGA<br \/>\nSTERNE<br \/>\nHUSKY<\/p>\n<p><strong><br \/>\nPara los siguientes modelos de estufas y calderas de pellets Dal Zotto:<\/strong><\/p>\n<p>Azzura (2015 a 2018)<br \/>\nAurora (2014)<br \/>\nBeatrice (2014 a 2016)<br \/>\nBrunella Elite (2019)<br \/>\nDiletta (2014)<br \/>\nEdy (2015 a 2017)<br \/>\nEdy Evo (2018)<br \/>\nElda Steel (2014)<br \/>\nElda Acero Elite (2014)<br \/>\nFrida (2013)<br \/>\nFrida Idro (2014)<br \/>\nGabry (2015 a 2017)<br \/>\nGabry Elite (2015 a 2017)<br \/>\nGabry Evo (2018)<br \/>\nGabry Elite Evo (2018)<br \/>\nGenny (2014)<br \/>\nGenny Steel (2014)<br \/>\nGenny Steel Elite (2014)<br \/>\nGraziella (2014)<br \/>\nJole Idro (2014)<br \/>\nInserto 700<br \/>\nInserto 700 2.0<br \/>\nInserto 700 Aire<br \/>\nInserto 700 Elite Cristal<br \/>\nInserto 700 Pellet Elite<br \/>\nInserto 850 Elite<br \/>\nKarin (2014 a 2018)<br \/>\nKarin Steel (2015)<br \/>\nLeyla Elite (2018)<br \/>\nLoretta (2014)<br \/>\nMarianna (2011)<br \/>\nMarianna Elite (2011)<br \/>\nMarianna Steel (2011)<br \/>\nMarianna Steel Elite (2011)<br \/>\nMarta Idro (2014)<br \/>\nMarta Idro 2.0 (2016 a 2018)<br \/>\nMelania (2014)<br \/>\nMelania Elite Acero (2015)<br \/>\nMelania Steel (2015)<br \/>\nNoemi (2014)<br \/>\nNoemi Steel (2014)<br \/>\nNoemi Acero Elite (2014)<br \/>\nRita (2014 a 2015)<br \/>\nRita Evo (2018 a 2021)<br \/>\nRita Elite (2014 a 2017)<br \/>\nRita Elite Evo (2018 a 2021)<br \/>\nStefy (2014)<br \/>\nValli (2013)<br \/>\nValli Idro (2014)<br \/>\nValli Steel (2013)<br \/>\nValli Idro Acero (2014)<br \/>\nWanna Idro (2015 a 2018)<\/p>\n<p><strong><br \/>\nPara los siguientes modelos de estufas y calderas de pellets Dal Zotto:<\/strong><\/p>\n<p>Camilla<br \/>\nShara<br \/>\nSilvia<br \/>\nVer\u00f3nica Idro<\/p>\n<p><strong><br \/>\nPara los siguientes modelos de estufas y calderas de pellets Edilkamin:<\/strong><\/p>\n<p>ADRIA<br \/>\nAIDA<br \/>\nALBA 2005<br \/>\nALPEN<br \/>\nANDE<br \/>\nANIA<br \/>\nARIS<br \/>\nARIS D<br \/>\nARIS PLUS<br \/>\nB\u00c1SICO<br \/>\nB\u00c1SICO PLUS<br \/>\nBERING<br \/>\nBERING PLUS<br \/>\nJOYAS<br \/>\nBILLY<br \/>\nBILLY2<br \/>\nBORA<br \/>\nBREZZA<br \/>\nBRIO<br \/>\nCAMEO<br \/>\nCHARME<br \/>\nCHARME '09<br \/>\nCHERIE<br \/>\nCHIP<br \/>\nCHIP PLUS<br \/>\nCLASSICA LINX<br \/>\nCLASSICA PLUS<br \/>\nCLASSICA-CLASSICA2 MICRONOVA<br \/>\nDAISY<br \/>\nDALLAS<br \/>\nDAME<br \/>\nDANUBIO<br \/>\nDIDA<br \/>\nDIDA IDRO<br \/>\nDIDA PLUS<br \/>\nDOTTY<br \/>\nDOTTY IDRO<br \/>\nECOIDRO<br \/>\nELISE<br \/>\nESPRIT<br \/>\nFANTAS\u00cdA<br \/>\nFATA<br \/>\nSENTIR<br \/>\nSENTIR '09<br \/>\nFLEXA<br \/>\nFUJI<br \/>\nDIVERTIDO<br \/>\nGINNY 12<br \/>\nGINNY 15 IDRO<br \/>\nGINNY 8 PUESTO 9265200<br \/>\nGINNY 8 PRE 9265200<br \/>\nIDROCHIP LINX<br \/>\nIDROCHIP MICRONOVA<br \/>\nIDROFAST<br \/>\nIDROFLEXA C<br \/>\nIDROFLEXA ESTERO<br \/>\nIDROFOX<br \/>\nIDROPELLBOX<br \/>\nIDROPOINT<br \/>\nIDROPOLIS<br \/>\nIDROSALLY<br \/>\nIDROTECH<br \/>\nINPELLET 49<br \/>\nINPELLET 54<br \/>\nIRIS 2004<br \/>\nIRIS 2005<br \/>\nIRIS PLUS<br \/>\nIRIS PROGRAMMATORE ORARIO<br \/>\nIRIS UP - LILIA<br \/>\nJUNIOR<br \/>\nJUPPY<br \/>\nKARMA<br \/>\nKARMA '09<br \/>\nKELLY<br \/>\nKIKKA<br \/>\nKIKKA PLUS<br \/>\nLILIA IRIS ARRIBA<br \/>\nLILIA PLUS<br \/>\nLILIA PROGRAMMATORE ORARIO<br \/>\nLILLY<br \/>\nLINOSA 12<br \/>\nLINOSA 12 2015<br \/>\nLINOSA 15<br \/>\nLINOSA 15 2015<br \/>\nLINOSA 18<br \/>\nLINOSA 18 2015<br \/>\nLINOSA 28<br \/>\nLITTLE-PRIMA<br \/>\nLOGO<br \/>\nLORY<br \/>\nLORY IDRO<br \/>\nLOU<br \/>\nMAGIA<br \/>\nMAREA 08<br \/>\nMARIU<br \/>\nMEDEA<br \/>\nMEG<br \/>\nMEG PI\u00d9<br \/>\nMICRON<br \/>\nMIM\u00cc-NORMA<br \/>\nMITO IDRO<br \/>\nLUNA<br \/>\nMYA<br \/>\nMYA ECO<br \/>\nNANCY<br \/>\nNAOMY<br \/>\nNEA<br \/>\nNELLY<br \/>\nNELLY PI\u00d9<br \/>\nNILO<br \/>\nPELLBOX SCF<br \/>\nPELLET PIU 54<br \/>\nPELLET-BLOK<br \/>\nPELLET-BLOK 15<br \/>\nPELLGREEN 12<br \/>\nPELLGREEN 15<br \/>\nPELLGREEN 18<br \/>\nPELLINSERT 54<br \/>\nPELLKAMIN 10<br \/>\nPELLKAMIN 8<br \/>\nPELLQUADRO<br \/>\nPELLSTAR<br \/>\nPIRO<br \/>\nPIRO PLUS<br \/>\nPIRO2<br \/>\nPIRO2 PLUS<br \/>\nPIXA<br \/>\nPIXA PI\u00d9<br \/>\nPUNTO PLUS<br \/>\nPUNTO-PUNTO2<br \/>\nPOLARIS<br \/>\nPOLARIS PLUS<br \/>\nPOLIS-POLIS PLUS<br \/>\nPRESTIGE<br \/>\nPRIMA-PRIMA2<br \/>\nR\u00c1PIDO<br \/>\nR\u00cdO<br \/>\nROSA<br \/>\nSALLY-SALLY PLUS<br \/>\nSERENA<br \/>\nSIETE<br \/>\nSIMPLI<br \/>\nSIRENA<br \/>\nSOL<br \/>\nSOLEIL PLUS<br \/>\nESPACIO<br \/>\nCUENTO<br \/>\nSTRASS<br \/>\nTANIA<br \/>\nTANIA PLUS<br \/>\nTEN-TEN PLUS<br \/>\nTERMIKA 12<br \/>\nTERMIKA 15<br \/>\nTERMIKA 18<br \/>\nTERMIKA 24<br \/>\nTERMIKA 28<br \/>\nTERMIKA2 20<br \/>\nTERMIKA2 24<br \/>\nTERMIKA2 28<br \/>\nTINY &lt; 3917474<br \/>\nTINY &gt; 3917473<br \/>\nTENDENCIA E TENDENCIA 05<br \/>\nTENDENCIA PLUS<br \/>\nTESORER\u00cdA<br \/>\nURAL<br \/>\nVINTAGE<br \/>\nZARA<br \/>\nZARA PLUS<\/p>\n<p><strong><br \/>\nPara los siguientes modelos de estufas y calderas de pellets Edilkamin<\/strong><\/p>\n<p>ATLANTA<br \/>\nBOSTON<br \/>\nCALGARY<br \/>\nDEMY<br \/>\nDETROIT<br \/>\nFORMA<br \/>\nJANE<br \/>\nKIKKA<br \/>\nMAXIMA<br \/>\nMIAMI<br \/>\nMONTREAL<br \/>\nNARA<br \/>\nNARA PLUS<br \/>\nORLANDO<br \/>\nOTTAWA<br \/>\nQUEBEC<br \/>\nDIAPOSITIVA DIAPOSITIVA 7<br \/>\nTORONTO<br \/>\nTWIN<\/p>\n<p><strong><br \/>\nPara los siguientes modelos de estufas y calderas de pellets Edilkamin:<\/strong><\/p>\n<p>Bora<br \/>\nCl\u00e1sica<br \/>\nDida<br \/>\nDida Idro<br \/>\nDida Plus<br \/>\nDotty<br \/>\nElise<br \/>\nIdrofast<br \/>\nIdropolis<br \/>\nIdrotech<br \/>\nJunior<br \/>\nJuppy<br \/>\nLayma 14<br \/>\nMarea 08<br \/>\nMariu<br \/>\nNaomy<br \/>\nPiro<br \/>\nPunto<br \/>\nPunto Plus<br \/>\nPolis<br \/>\nPolis Plus<br \/>\nPrima<br \/>\nPrima 2<br \/>\nSerena<br \/>\nSimplemente<\/p>\n<p><strong><br \/>\nPara los siguientes modelos de estufas y calderas de pellets Italiana Camini:<\/strong><\/p>\n<p>IDRO<\/p>\n<p><strong><br \/>\nPara los siguientes modelos de estufas y calderas de pellets Nordica Extraflame:<\/strong><\/p>\n<p>Anastasia Plus (2015 a 2021)<br \/>\nAnnabella (2015 a 2018)<br \/>\nAnnabella AD EVO (2022)<br \/>\nBabyfiamma<br \/>\nBella<br \/>\nBella Lux<br \/>\nClementina (2012)<br \/>\nConfort Idro (2012 a 2016)<br \/>\nComfort Maxi (2012)<br \/>\nComfort Mini (2012)<br \/>\nComfort Mini Crystal (2012 a 2016)<br \/>\nConfort P70 (2013 a 2021)<br \/>\nConfort P70H49 (2013 a 2021)<br \/>\nComfort P70 Air (2019 a 2022)<br \/>\nConfort P80 (2012)<br \/>\nConfort P85 (2019 a 2021)<br \/>\nConfort P85 Plus (2019 a 2021)<br \/>\nConfort Plus (2012)<br \/>\nDivina (2012)<br \/>\nDivina Plus<br \/>\nDivina Acero<br \/>\nDelizia Forno<br \/>\nDorinna (2012)<br \/>\nDoroty (2014 a 2018)<br \/>\nDuchessa Idro (2012 a 2016)<br \/>\nDuchessa Idro Steel (2012 a 2018)<br \/>\nAcero Duchessa (2012)<br \/>\nEcologica (2012)<br \/>\nEcofiamma<br \/>\nEcol\u00f3gica<br \/>\nIdro ecol\u00f3gico<br \/>\nEcol\u00f3gica Idro Steel (2012)<br \/>\nElisir (2012)<br \/>\nCristal Elisir (2012)<br \/>\nElisir Idro (2012 a 2014)<br \/>\nEmma (2012 a 2016)<br \/>\nEmma plus (2012 a 2016)<br \/>\nEsmeralda (2012)<br \/>\nEsmeralda Cristal (2012)<br \/>\nFalo 1 XLP (2012)<br \/>\nFalo CP (2012)<br \/>\nGiordanna Idro (2012 a 2017)<br \/>\nGiusy (2015 a 2017)<br \/>\nGiusy Evo (2018 a 2021)<br \/>\nGiusy Plus (2015 a 2017)<br \/>\nGiusy Plus Evo (2018)<br \/>\nGraziosa Lux (2012)<br \/>\nGraziosa Lux Plus (2012)<br \/>\nGraziosa Steel (2012 a 2016)<br \/>\nGraziosa Acero Plus (2012)<br \/>\nIlenia (2013 a 2016)<br \/>\nIrina (2012)<br \/>\nIrma (2014 a 2018)<br \/>\nIrma Plus (2016)<br \/>\nIsabella<br \/>\nIside Idro<br \/>\nIside Idro (2012 a 2014)<br \/>\nIside Idro (2016 a 2018)<br \/>\nKarolina Steel (2012)<br \/>\nKetty (2015 a 2017)<br \/>\nKetty Evo (2018 a 2021)<br \/>\nLuc\u00eda (2018 a 2021)<br \/>\nLucia Plus (2019)<br \/>\nLucrezia Idro<br \/>\nLucrezia Idro Acero<br \/>\nLuisella (2017 a 2018)<br \/>\nMarilena Plus (2018)<br \/>\nMarilena Plus AD (2020)<br \/>\nMarilena Plus AD Cristal (2020)<br \/>\nMegan Idro Steel (2016 a 2018)<br \/>\nMelinda Steel Air (2012 a 2016)<br \/>\nMelinda Idro (2012 a 2014)<br \/>\nMelinda Idro Steel (2012 a 2014)<br \/>\nNovela (2015)<br \/>\nNovella Evo (2017 a 2020)<br \/>\nNovella Plus (2015)<br \/>\nNovella Plus Evo (2017 a 2020)<br \/>\nPreziosa<br \/>\nPreziosa Acero<br \/>\nRaffaella Idro (2015)<br \/>\nRaffaello Idro 2.0 (2016 a 2018)<br \/>\nRosy (2012)<br \/>\nSerafina (2015 a 2021)<br \/>\nSibilia (2015 a 2018)<br \/>\nSibilia Plus (2015 a 2016)<br \/>\nSouvenir Lux (2012 a 2021)<br \/>\nSouvenir Lux Evo (2021)<br \/>\nSouvenir Acero (2012 a 2021)<br \/>\nSouvenir Acero Evo (2021)<br \/>\nTeodora (2012 a 2018)<br \/>\nTeodora Evo (2021)<br \/>\nTosca Plus (2012 a 2016)<br \/>\nViviana (2012 a 2018)<br \/>\nViviana Evo (2017 a 2020)<br \/>\nViviana Plus (2012)<br \/>\nViviana Plus Evo (2017 a 2020)<\/p>\n<p><strong><br \/>\nPara los siguientes modelos de estufas y calderas de pellets Nordica Extraflame:<\/strong><\/p>\n<p>Amika<br \/>\nConfort P70 Aire H49<br \/>\nDebby<br \/>\nDebby CX<br \/>\nHP15 EVO<br \/>\nIside Idro H15<br \/>\nKlaudia 5.0<br \/>\nKlaudia Plus 5.0<br \/>\nMarina Idro<br \/>\nMirka<br \/>\nMirka Plus<br \/>\nPamela<br \/>\nPamela Cristal<br \/>\nRaffaella Idro H18<br \/>\nSharon Plus CX<br \/>\nSharon M\u00e1s Cristal<br \/>\nSharon y Petra<br \/>\nAcero Sharon Plus<\/p>\n<p><strong><br \/>\nPara los siguientes modelos de estufas y calderas de pellets Opera:<\/strong><\/p>\n<p>delia<br \/>\nAmleto Idro<br \/>\nArena 2.0<br \/>\nArmida<br \/>\nArpa 2.0 Maiolica<br \/>\nBellini 2.0 Acciaio<br \/>\nBellini 2.0 Cristal<br \/>\nFallstaff<br \/>\nFalstaff Canalizzata<br \/>\nFalstaff Maiolica<br \/>\nFedora Idro Acero<br \/>\nInserto Q7<br \/>\nInserto Q11<br \/>\nMelod\u00eda 2.0 Maiolica<br \/>\nOtello Idro<br \/>\nPuccini 2.0 Acciaio<br \/>\nRigoletto Idro<br \/>\nRossini 2.0 Acciaio<br \/>\nRossini 2.0 Cristal<br \/>\nRossini 2.0 Maiolica<\/p>\n<p><strong><br \/>\nPara los siguientes modelos de estufas y calderas de pellets Mcz:<\/strong><\/p>\n<p>Musa<\/p>\n<p>&nbsp;<\/p>","protected":false},"excerpt":{"rendered":"<hr \/>\n<h2><span style=\"color: #008000\">Disponible en<\/span><\/h2>\n<hr \/>\n<h3>Buj\u00eda lineal \u00f8 9,9 mm - 300 vatios<\/h3>\n<p>Code ELT60022<\/p>\n<p>Buj\u00eda: \u00f8 9,9 mm<br \/>\nLongueur totale\u00a0: 155 mm<br \/>\nPotencia: 300 W<br \/>\nLongitud del cable: 500 mm<\/p>\n<p>&nbsp;<\/p>","protected":false},"featured_media":34677,"comment_status":"open","ping_status":"closed","template":"","meta":[],"product_brand":[],"product_cat":[840,848,839],"product_tag":[51,53,55,58,59,31,61,63,35,71,82,41,91,93],"class_list":{"0":"post-3597","1":"product","2":"type-product","3":"status-publish","4":"has-post-thumbnail","6":"product_cat-bougies-dallumage-pour-poeles-et-chaudieres-a-pellets","7":"product_cat-bougies-dallumage-lineaires-o-9-9-mm","8":"product_cat-pieces-de-rechange-divers-poeles-et-chaudieres","9":"product_tag-bestove","10":"product_tag-brisach","11":"product_tag-bronpi","12":"product_tag-cheminees-philippe","13":"product_tag-dal-zotto","14":"product_tag-ecoteck","15":"product_tag-edilkamin","16":"product_tag-extraflame","17":"product_tag-gp-termocamini","18":"product_tag-italiana-camini","19":"product_tag-nordica-extraflame","20":"product_tag-ravelli","21":"product_tag-sicalor","22":"product_tag-stoveitaly","23":"product_shipping_class-classe-di-spedizione-01","25":"first","26":"instock","27":"shipping-taxable","28":"purchasable","29":"product-type-simple"},"yoast_head":"<!-- This site is optimized with the Yoast SEO plugin v27.4 - https:\/\/yoast.com\/product\/yoast-seo-wordpress\/ -->\n<title>Bougie lin\u00e9aire \u00f8 9.9 mm L.155 mm<\/title>\n<meta name=\"description\" content=\"Bougie lin\u00e9aire \u00f8 9.9 mm L.155 mm - r\u00e9sistance \u00e0 l\u2019allumage lisse sans raccord pour po\u00eale et chaudi\u00e8re \u00e0 pellets -syst\u00e8me d\u2019allumage pour appareils \u00e0 pellets\" \/>\n<meta name=\"robots\" content=\"index, follow, max-snippet:-1, max-image-preview:large, max-video-preview:-1\" \/>\n<link rel=\"canonical\" href=\"https:\/\/amrtop.net\/es\/producto\/bougie-lineaire-o-9-9-mm-l-155-mm\/\" \/>\n<meta property=\"og:locale\" content=\"es_ES\" \/>\n<meta property=\"og:type\" content=\"article\" \/>\n<meta property=\"og:title\" content=\"Bougie lin\u00e9aire \u00f8 9.9 mm L.155 mm\" \/>\n<meta property=\"og:description\" content=\"Bougie lin\u00e9aire \u00f8 9.9 mm L.155 mm - r\u00e9sistance \u00e0 l\u2019allumage lisse sans raccord pour po\u00eale et chaudi\u00e8re \u00e0 pellets -syst\u00e8me d\u2019allumage pour appareils \u00e0 pellets\" \/>\n<meta property=\"og:url\" content=\"https:\/\/amrtop.net\/es\/producto\/bougie-lineaire-o-9-9-mm-l-155-mm\/\" \/>\n<meta property=\"og:site_name\" content=\"AMRTOP B2B \u00c9tranger - Achats r\u00e9serv\u00e9s au professionnel\" \/>\n<meta property=\"article:modified_time\" content=\"2024-05-21T14:19:50+00:00\" \/>\n<meta property=\"og:image\" content=\"https:\/\/amrtop.net\/wp-content\/uploads\/2020\/01\/elt60022.jpg\" \/>\n\t<meta property=\"og:image:width\" content=\"960\" \/>\n\t<meta property=\"og:image:height\" content=\"960\" \/>\n\t<meta property=\"og:image:type\" content=\"image\/jpeg\" \/>\n<meta name=\"twitter:card\" content=\"summary_large_image\" \/>\n<meta name=\"twitter:label1\" content=\"Tiempo de lectura\" \/>\n\t<meta name=\"twitter:data1\" content=\"3 minutos\" \/>\n<script type=\"application\/ld+json\" class=\"yoast-schema-graph\">{\"@context\":\"https:\\\/\\\/schema.org\",\"@graph\":[{\"@type\":\"WebPage\",\"@id\":\"https:\\\/\\\/amrtop.net\\\/produit\\\/bougie-lineaire-o-9-9-mm-l-155-mm\\\/\",\"url\":\"https:\\\/\\\/amrtop.net\\\/produit\\\/bougie-lineaire-o-9-9-mm-l-155-mm\\\/\",\"name\":\"Bougie lin\u00e9aire \u00f8 9.9 mm L.155 mm\",\"isPartOf\":{\"@id\":\"https:\\\/\\\/amrtop.net\\\/#website\"},\"primaryImageOfPage\":{\"@id\":\"https:\\\/\\\/amrtop.net\\\/produit\\\/bougie-lineaire-o-9-9-mm-l-155-mm\\\/#primaryimage\"},\"image\":{\"@id\":\"https:\\\/\\\/amrtop.net\\\/produit\\\/bougie-lineaire-o-9-9-mm-l-155-mm\\\/#primaryimage\"},\"thumbnailUrl\":\"https:\\\/\\\/amrtop.net\\\/wp-content\\\/uploads\\\/2020\\\/01\\\/elt60022.jpg\",\"datePublished\":\"2020-01-10T00:00:00+00:00\",\"dateModified\":\"2024-05-21T14:19:50+00:00\",\"description\":\"Bougie lin\u00e9aire \u00f8 9.9 mm L.155 mm - r\u00e9sistance \u00e0 l\u2019allumage lisse sans raccord pour po\u00eale et chaudi\u00e8re \u00e0 pellets -syst\u00e8me d\u2019allumage pour appareils \u00e0 pellets\",\"breadcrumb\":{\"@id\":\"https:\\\/\\\/amrtop.net\\\/produit\\\/bougie-lineaire-o-9-9-mm-l-155-mm\\\/#breadcrumb\"},\"inLanguage\":\"es\",\"potentialAction\":[{\"@type\":\"ReadAction\",\"target\":[\"https:\\\/\\\/amrtop.net\\\/produit\\\/bougie-lineaire-o-9-9-mm-l-155-mm\\\/\"]}]},{\"@type\":\"ImageObject\",\"inLanguage\":\"es\",\"@id\":\"https:\\\/\\\/amrtop.net\\\/produit\\\/bougie-lineaire-o-9-9-mm-l-155-mm\\\/#primaryimage\",\"url\":\"https:\\\/\\\/amrtop.net\\\/wp-content\\\/uploads\\\/2020\\\/01\\\/elt60022.jpg\",\"contentUrl\":\"https:\\\/\\\/amrtop.net\\\/wp-content\\\/uploads\\\/2020\\\/01\\\/elt60022.jpg\",\"width\":960,\"height\":960,\"caption\":\"r\u00e9sistance \u00e0 l\u2019allumage lisse sans raccord pour po\u00eale et chaudi\u00e8re \u00e0 pellets -syst\u00e8me d\u2019allumage pour appareils \u00e0 pellets\"},{\"@type\":\"BreadcrumbList\",\"@id\":\"https:\\\/\\\/amrtop.net\\\/produit\\\/bougie-lineaire-o-9-9-mm-l-155-mm\\\/#breadcrumb\",\"itemListElement\":[{\"@type\":\"ListItem\",\"position\":1,\"name\":\"Home\",\"item\":\"https:\\\/\\\/amrtop.net\\\/\"},{\"@type\":\"ListItem\",\"position\":2,\"name\":\"Shop\",\"item\":\"https:\\\/\\\/amrtop.net\\\/negozio\\\/\"},{\"@type\":\"ListItem\",\"position\":3,\"name\":\"Bougie lin\u00e9aire \u00f8 9,9 mm \u2013 300 Watt \u2013 longueur totale 155 mm \u2013 Code ELT60022\"}]},{\"@type\":\"WebSite\",\"@id\":\"https:\\\/\\\/amrtop.net\\\/#website\",\"url\":\"https:\\\/\\\/amrtop.net\\\/\",\"name\":\"AMRTOP B2B \u00c9tranger - Achats r\u00e9serv\u00e9s au professionnel\",\"description\":\"Pi\u00e8ces de rechange et accessoires pour po\u00eales et chaudi\u00e8res - eCommerce B2B pour Clients Professionnels\",\"potentialAction\":[{\"@type\":\"SearchAction\",\"target\":{\"@type\":\"EntryPoint\",\"urlTemplate\":\"https:\\\/\\\/amrtop.net\\\/?s={search_term_string}\"},\"query-input\":{\"@type\":\"PropertyValueSpecification\",\"valueRequired\":true,\"valueName\":\"search_term_string\"}}],\"inLanguage\":\"es\"}]}<\/script>\n<!-- \/ Yoast SEO plugin. -->","yoast_head_json":{"title":"Bougie lin\u00e9aire \u00f8 9.9 mm L.155 mm","description":"Bougie lin\u00e9aire \u00f8 9.9 mm L.155 mm - r\u00e9sistance \u00e0 l\u2019allumage lisse sans raccord pour po\u00eale et chaudi\u00e8re \u00e0 pellets -syst\u00e8me d\u2019allumage pour appareils \u00e0 pellets","robots":{"index":"index","follow":"follow","max-snippet":"max-snippet:-1","max-image-preview":"max-image-preview:large","max-video-preview":"max-video-preview:-1"},"canonical":"https:\/\/amrtop.net\/es\/producto\/bougie-lineaire-o-9-9-mm-l-155-mm\/","og_locale":"es_ES","og_type":"article","og_title":"Bougie lin\u00e9aire \u00f8 9.9 mm L.155 mm","og_description":"Bougie lin\u00e9aire \u00f8 9.9 mm L.155 mm - r\u00e9sistance \u00e0 l\u2019allumage lisse sans raccord pour po\u00eale et chaudi\u00e8re \u00e0 pellets -syst\u00e8me d\u2019allumage pour appareils \u00e0 pellets","og_url":"https:\/\/amrtop.net\/es\/producto\/bougie-lineaire-o-9-9-mm-l-155-mm\/","og_site_name":"AMRTOP B2B \u00c9tranger - Achats r\u00e9serv\u00e9s au professionnel","article_modified_time":"2024-05-21T14:19:50+00:00","og_image":[{"width":960,"height":960,"url":"https:\/\/amrtop.net\/wp-content\/uploads\/2020\/01\/elt60022.jpg","type":"image\/jpeg"}],"twitter_card":"summary_large_image","twitter_misc":{"Tiempo de lectura":"3 minutos"},"schema":{"@context":"https:\/\/schema.org","@graph":[{"@type":"WebPage","@id":"https:\/\/amrtop.net\/produit\/bougie-lineaire-o-9-9-mm-l-155-mm\/","url":"https:\/\/amrtop.net\/produit\/bougie-lineaire-o-9-9-mm-l-155-mm\/","name":"Bougie lin\u00e9aire \u00f8 9.9 mm L.155 mm","isPartOf":{"@id":"https:\/\/amrtop.net\/#website"},"primaryImageOfPage":{"@id":"https:\/\/amrtop.net\/produit\/bougie-lineaire-o-9-9-mm-l-155-mm\/#primaryimage"},"image":{"@id":"https:\/\/amrtop.net\/produit\/bougie-lineaire-o-9-9-mm-l-155-mm\/#primaryimage"},"thumbnailUrl":"https:\/\/amrtop.net\/wp-content\/uploads\/2020\/01\/elt60022.jpg","datePublished":"2020-01-10T00:00:00+00:00","dateModified":"2024-05-21T14:19:50+00:00","description":"Bougie lin\u00e9aire \u00f8 9.9 mm L.155 mm - r\u00e9sistance \u00e0 l\u2019allumage lisse sans raccord pour po\u00eale et chaudi\u00e8re \u00e0 pellets -syst\u00e8me d\u2019allumage pour appareils \u00e0 pellets","breadcrumb":{"@id":"https:\/\/amrtop.net\/produit\/bougie-lineaire-o-9-9-mm-l-155-mm\/#breadcrumb"},"inLanguage":"es","potentialAction":[{"@type":"ReadAction","target":["https:\/\/amrtop.net\/produit\/bougie-lineaire-o-9-9-mm-l-155-mm\/"]}]},{"@type":"ImageObject","inLanguage":"es","@id":"https:\/\/amrtop.net\/produit\/bougie-lineaire-o-9-9-mm-l-155-mm\/#primaryimage","url":"https:\/\/amrtop.net\/wp-content\/uploads\/2020\/01\/elt60022.jpg","contentUrl":"https:\/\/amrtop.net\/wp-content\/uploads\/2020\/01\/elt60022.jpg","width":960,"height":960,"caption":"r\u00e9sistance \u00e0 l\u2019allumage lisse sans raccord pour po\u00eale et chaudi\u00e8re \u00e0 pellets -syst\u00e8me d\u2019allumage pour appareils \u00e0 pellets"},{"@type":"BreadcrumbList","@id":"https:\/\/amrtop.net\/produit\/bougie-lineaire-o-9-9-mm-l-155-mm\/#breadcrumb","itemListElement":[{"@type":"ListItem","position":1,"name":"Home","item":"https:\/\/amrtop.net\/"},{"@type":"ListItem","position":2,"name":"Shop","item":"https:\/\/amrtop.net\/negozio\/"},{"@type":"ListItem","position":3,"name":"Bougie lin\u00e9aire \u00f8 9,9 mm \u2013 300 Watt \u2013 longueur totale 155 mm \u2013 Code ELT60022"}]},{"@type":"WebSite","@id":"https:\/\/amrtop.net\/#website","url":"https:\/\/amrtop.net\/","name":"AMRTOP B2B Abroad - Compras reservadas a los profesionales","description":"Recambios y accesorios para estufas y calderas - Comercio electr\u00f3nico B2B para profesionales","potentialAction":[{"@type":"SearchAction","target":{"@type":"EntryPoint","urlTemplate":"https:\/\/amrtop.net\/?s={search_term_string}"},"query-input":{"@type":"PropertyValueSpecification","valueRequired":true,"valueName":"search_term_string"}}],"inLanguage":"es"}]}},"_links":{"self":[{"href":"https:\/\/amrtop.net\/es\/wp-json\/wp\/v2\/product\/3597","targetHints":{"allow":["GET"]}}],"collection":[{"href":"https:\/\/amrtop.net\/es\/wp-json\/wp\/v2\/product"}],"about":[{"href":"https:\/\/amrtop.net\/es\/wp-json\/wp\/v2\/types\/product"}],"replies":[{"embeddable":true,"href":"https:\/\/amrtop.net\/es\/wp-json\/wp\/v2\/comments?post=3597"}],"wp:featuredmedia":[{"embeddable":true,"href":"https:\/\/amrtop.net\/es\/wp-json\/wp\/v2\/media\/34677"}],"wp:attachment":[{"href":"https:\/\/amrtop.net\/es\/wp-json\/wp\/v2\/media?parent=3597"}],"wp:term":[{"taxonomy":"product_brand","embeddable":true,"href":"https:\/\/amrtop.net\/es\/wp-json\/wp\/v2\/product_brand?post=3597"},{"taxonomy":"product_cat","embeddable":true,"href":"https:\/\/amrtop.net\/es\/wp-json\/wp\/v2\/product_cat?post=3597"},{"taxonomy":"product_tag","embeddable":true,"href":"https:\/\/amrtop.net\/es\/wp-json\/wp\/v2\/product_tag?post=3597"}],"curies":[{"name":"wp","href":"https:\/\/api.w.org\/{rel}","templated":true}]}}