{"id":3609,"date":"2020-01-10T00:00:00","date_gmt":"2020-01-10T00:00:00","guid":{"rendered":"https:\/\/amrtop.com\/B2B\/?post_type=product&#038;p=3609"},"modified":"2023-05-28T12:50:43","modified_gmt":"2023-05-28T12:50:43","slug":"bougie-speciale-avec-tube-o-16-2-mm","status":"publish","type":"product","link":"https:\/\/amrtop.net\/es\/produit\/bougie-speciale-avec-tube-o-16-2-mm\/","title":{"rendered":"Bougie sp\u00e9ciale \u00f8 tube 16,2 mm \u2013 230 Watt \u2013 longeur totale 153 mm \u2013 Code ELK60021"},"content":{"rendered":"<h3>Bougie sp\u00e9ciale avec tube \u00f8 16.2 mm<\/h3>\n<p>Amrtop ofrece una gama completa de calentadores especiales con diferentes longitudes, di\u00e1metros, con o sin brida, con conexiones 3\/8 y lineales.<\/p>\n<p>Son del tipo de alta densidad de potencia con tecnolog\u00eda Ultramax SC400 y pertenecen a la nueva generaci\u00f3n de resistencias el\u00e9ctricas, ya que permiten utilizar altas cargas de vatios en espacios muy concentrados.<\/p>\n<p>Garantizan una gran fiabilidad incluso en las condiciones de trabajo m\u00e1s dif\u00edciles.<\/p>\n<p>Esto es posible gracias a la tecnolog\u00eda de construcci\u00f3n especial que hace de estos aparatos la expresi\u00f3n m\u00e1s avanzada de los elementos calefactores.<\/p>\n<p>El hilo, enrollado sobre un n\u00facleo de \u00f3xido de magnesio, se encuentra en una posici\u00f3n perif\u00e9rica muy pr\u00f3xima a la vaina met\u00e1lica durante todo su desarrollo.<\/p>\n<p>Una pared aislante muy fina y muy comprimida proporciona un intercambio de calor muy eficaz, manteniendo la temperatura del hilo de resistencia mucho m\u00e1s baja que en otros calentadores en los que el hilo est\u00e1 en una posici\u00f3n m\u00e1s profunda.<\/p>\n<h3>Utilisation de la bougie sp\u00e9ciale avec tube \u00f8 16.2 mm<\/h3>\n<p>Les bougies de pr\u00e9chauffage, les r\u00e9sistances ou les cartouches d\u2019allumage sp\u00e9ciales lung tube 16,2 mm &#8211; 230 Watt &#8211; Longueur tube 153 mm &#8211; Code ELK60021 commercialis\u00e9es par Amrtop pour les po\u00eales et chaudi\u00e8res \u00e0 pellets, sont utilis\u00e9es dans le secteur du chauffage biomasse pellets, copeaux et&#8230; sont mont\u00e9es dans les po\u00eales et chaudi\u00e8res \u00e0 pellets pour cr\u00e9er l\u2019inflammation du combustible indirectement par l\u2019air ou directement.<\/p>\n<h3>Ventajas :<\/h3>\n<p>\u00bfQu\u00e9 ventajas ofrecen las buj\u00edas de incandescencia, las resistencias o los cartuchos de encendido especiales de<\/p>\n<ul>\n<li>M\u00e1xima seguridad (sin riesgo de sobrecalentamiento, cortocircuito o incendio)<\/li>\n<li>Toda la longitud puede utilizarse como elemento calefactor.<\/li>\n<li>Mejor circulaci\u00f3n y menor tiempo para alcanzar la temperatura de funcionamiento, lo que se traduce en un menor consumo el\u00e9ctrico.<\/li>\n<\/ul>\n<h3>Tecnolog\u00eda SC400 ultramax<\/h3>\n<p>Ultramax SC 400, es un cartucho con un sellado absolutamente herm\u00e9tico, compatible con altas temperaturas con un proceso de ciclo controlado, se funde en el cabezal calefactor formando un sellado coherente a las superficies met\u00e1licas a nivel molecular.<\/p>\n<p>El uso de cartuchos ULTRAMAX SC400 es esencial en todos los casos, ya sea para una alta seguridad y fiabilidad, o para su uso en equipos electrom\u00e9dicos, herramientas manuales, aplicaciones aeron\u00e1uticas, espaciales, at\u00f3micas, quir\u00fargicas o militares.<\/p>\n<h3>Interior<\/h3>\n<p><a href=\"https:\/\/wekos.it\/\">Estufas, cocinas y cocinas de le\u00f1a<\/a>\u00a0-\u00a0<a href=\"https:\/\/www.greenpuros.com\/\">chimeneas, estufas y calderas de pellets.<\/a><\/p>\n<h3>Gama Amrtop de recambios y accesorios<\/h3>\n<p><a href=\"https:\/\/amrtop.net\/es\/categoria-de-productos\/recambios-miscelaneos-cocinas-y-calderas-2\/bougies-dallumage-pour-poeles-et-chaudieres-a-pellets\/\">Calentadores<\/a><\/p>\n<p><a href=\"https:\/\/amrtop.net\/es\/categoria-de-productos\/recambios-miscelaneos-cocinas-y-calderas-2\/electronique\/\">Electr\u00f3nica<\/a><\/p>\n<p><a href=\"https:\/\/amrtop.net\/es\/categoria-de-productos\/recambios-miscelaneos-cocinas-y-calderas-2\/extracteurs-de-fumee\/\">Extractores de humo<\/a><\/p>\n<p><a href=\"https:\/\/amrtop.net\/es\/categoria-de-productos\/recambios-miscelaneos-cocinas-y-calderas-2\/gaines-cable-connecteurs\/\">Fundas de cables de conexi\u00f3n<\/a><\/p>\n<p><a href=\"https:\/\/amrtop.net\/es\/categoria-de-productos\/recambios-miscelaneos-cocinas-y-calderas-2\/joints-de-silicone\/\">Juntas de silicona<\/a><\/p>\n<p><a href=\"https:\/\/amrtop.net\/es\/categoria-de-productos\/recambios-miscelaneos-cocinas-y-calderas-2\/motoreducteurs\/\">Motorreductores<\/a><\/p>\n<p><a href=\"https:\/\/amrtop.net\/es\/categoria-de-productos\/recambios-miscelaneos-cocinas-y-calderas-2\/pressostats-et-transducteurs\/\">Presostatos y transductores<\/a><\/p>\n<p><a href=\"https:\/\/amrtop.net\/es\/categoria-de-productos\/recambios-miscelaneos-cocinas-y-calderas-2\/sondes-thermostats-manometres-thermometres\/\">Sondas termostatos man\u00f3metros term\u00f3metros<\/a><\/p>\n<p><a href=\"https:\/\/amrtop.net\/es\/categoria-de-productos\/recambios-miscelaneos-cocinas-y-calderas-2\/joints-detancheite\/\">Sellado de trenzas<\/a><\/p>\n<p><a href=\"https:\/\/amrtop.net\/es\/categoria-de-productos\/recambios-miscelaneos-cocinas-y-calderas-2\/ventilateurs-centrifuges-pour-poeles-a-pellets\/\">Ventiladores centr\u00edfugos<\/a><\/p>\n<p><a href=\"https:\/\/amrtop.net\/es\/categoria-de-productos\/recambios-miscelaneos-cocinas-y-calderas-2\/ventilateurs-tangentiels-flux-transversal\/\">Ventiladores de flujo cruzado<\/a><\/p>\n<p><a href=\"https:\/\/amrtop.net\/es\/categoria-de-productos\/recambios-miscelaneos-cocinas-y-calderas-2\/adhesifs-et-produits-detancheite\/\">Colas y selladores<\/a><\/p>","protected":false},"excerpt":{"rendered":"<hr \/>\n<h2><span style=\"color: #008000\">Disponible en<\/span><\/h2>\n<hr \/>\n<h3>Bougie sp\u00e9ciale \u00f8 tube 16,2 mm 230 Watt<\/h3>\n<p>Code ELK60021<\/p>\n<p>Tube\u00a0: \u00f8 16,2 mm<br \/>\nLongueur du tube : 153 mm<br \/>\nBougie : \u00f8 9,52 mm<br \/>\nLongueur de la bougie int : 150 mm<br \/>\nPuissance : 230 W<br \/>\nLongitud del cable: 500 mm<\/p>\n<h3>Compatibilidad<\/h3>\n<hr \/>\n<h3>Buj\u00eda\/resistor\/cartucho de encendido compatible con las siguientes marcas de estufas de pellets<\/h3>\n<p>Envirofire<\/p>\n<hr \/>\n<h3>Intercambiable con el siguiente modelo de buj\u00eda-resistencia-cartucho de encendido :<\/h3>\n<p>UTXS012197<\/p>","protected":false},"featured_media":34688,"comment_status":"open","ping_status":"closed","template":"","meta":[],"product_brand":[],"product_cat":[853,840,839],"product_tag":[145],"class_list":{"0":"post-3609","1":"product","2":"type-product","3":"status-publish","4":"has-post-thumbnail","6":"product_cat-bougies-dallumage-speciales","7":"product_cat-bougies-dallumage-pour-poeles-et-chaudieres-a-pellets","8":"product_cat-pieces-de-rechange-divers-poeles-et-chaudieres","9":"product_tag-envirofire","10":"product_shipping_class-classe-di-spedizione-01","12":"first","13":"instock","14":"shipping-taxable","15":"purchasable","16":"product-type-simple"},"yoast_head":"<!-- This site is optimized with the Yoast SEO plugin v27.4 - https:\/\/yoast.com\/product\/yoast-seo-wordpress\/ -->\n<title>Bougie sp\u00e9ciale avec tube \u00f8 16.2 mm<\/title>\n<meta name=\"description\" content=\"Bougie sp\u00e9ciale avec tube \u00f8 16.2 mm - r\u00e9sistance \u00e0 l\u2019allumage sp\u00e9ciale avec raccord en c\u00e9ramique - tube de convoyeur d\u2019air avec bride - pour po\u00eale et chaudi\u00e8re \u00e0 pellets -syst\u00e8me d\u2019allumage pour appareils \u00e0 pellets - allumeur \u00e0 bougie pour pellets\" \/>\n<meta name=\"robots\" content=\"index, follow, max-snippet:-1, max-image-preview:large, max-video-preview:-1\" \/>\n<link rel=\"canonical\" href=\"https:\/\/amrtop.net\/es\/producto\/bougie-speciale-avec-tube-o-16-2-mm\/\" \/>\n<meta property=\"og:locale\" content=\"es_ES\" \/>\n<meta property=\"og:type\" content=\"article\" \/>\n<meta property=\"og:title\" content=\"Bougie sp\u00e9ciale avec tube \u00f8 16.2 mm\" \/>\n<meta property=\"og:description\" content=\"Bougie sp\u00e9ciale avec tube \u00f8 16.2 mm - r\u00e9sistance \u00e0 l\u2019allumage sp\u00e9ciale avec raccord en c\u00e9ramique - tube de convoyeur d\u2019air avec bride - pour po\u00eale et chaudi\u00e8re \u00e0 pellets -syst\u00e8me d\u2019allumage pour appareils \u00e0 pellets - allumeur \u00e0 bougie pour pellets\" \/>\n<meta property=\"og:url\" content=\"https:\/\/amrtop.net\/es\/producto\/bougie-speciale-avec-tube-o-16-2-mm\/\" \/>\n<meta property=\"og:site_name\" content=\"AMRTOP B2B \u00c9tranger - Achats r\u00e9serv\u00e9s au professionnel\" \/>\n<meta property=\"article:modified_time\" content=\"2023-05-28T12:50:43+00:00\" \/>\n<meta property=\"og:image\" content=\"https:\/\/amrtop.net\/wp-content\/uploads\/2020\/01\/elk60021.jpg\" \/>\n\t<meta property=\"og:image:width\" content=\"960\" \/>\n\t<meta property=\"og:image:height\" content=\"960\" \/>\n\t<meta property=\"og:image:type\" content=\"image\/jpeg\" \/>\n<meta name=\"twitter:card\" content=\"summary_large_image\" \/>\n<meta name=\"twitter:label1\" content=\"Tiempo de lectura\" \/>\n\t<meta name=\"twitter:data1\" content=\"1 minuto\" \/>\n<script type=\"application\/ld+json\" class=\"yoast-schema-graph\">{\"@context\":\"https:\\\/\\\/schema.org\",\"@graph\":[{\"@type\":\"WebPage\",\"@id\":\"https:\\\/\\\/amrtop.net\\\/produit\\\/bougie-speciale-avec-tube-o-16-2-mm\\\/\",\"url\":\"https:\\\/\\\/amrtop.net\\\/produit\\\/bougie-speciale-avec-tube-o-16-2-mm\\\/\",\"name\":\"Bougie sp\u00e9ciale avec tube \u00f8 16.2 mm\",\"isPartOf\":{\"@id\":\"https:\\\/\\\/amrtop.net\\\/#website\"},\"primaryImageOfPage\":{\"@id\":\"https:\\\/\\\/amrtop.net\\\/produit\\\/bougie-speciale-avec-tube-o-16-2-mm\\\/#primaryimage\"},\"image\":{\"@id\":\"https:\\\/\\\/amrtop.net\\\/produit\\\/bougie-speciale-avec-tube-o-16-2-mm\\\/#primaryimage\"},\"thumbnailUrl\":\"https:\\\/\\\/amrtop.net\\\/wp-content\\\/uploads\\\/2020\\\/01\\\/elk60021.jpg\",\"datePublished\":\"2020-01-10T00:00:00+00:00\",\"dateModified\":\"2023-05-28T12:50:43+00:00\",\"description\":\"Bougie sp\u00e9ciale avec tube \u00f8 16.2 mm - r\u00e9sistance \u00e0 l\u2019allumage sp\u00e9ciale avec raccord en c\u00e9ramique - tube de convoyeur d\u2019air avec bride - pour po\u00eale et chaudi\u00e8re \u00e0 pellets -syst\u00e8me d\u2019allumage pour appareils \u00e0 pellets - allumeur \u00e0 bougie pour pellets\",\"breadcrumb\":{\"@id\":\"https:\\\/\\\/amrtop.net\\\/produit\\\/bougie-speciale-avec-tube-o-16-2-mm\\\/#breadcrumb\"},\"inLanguage\":\"es\",\"potentialAction\":[{\"@type\":\"ReadAction\",\"target\":[\"https:\\\/\\\/amrtop.net\\\/produit\\\/bougie-speciale-avec-tube-o-16-2-mm\\\/\"]}]},{\"@type\":\"ImageObject\",\"inLanguage\":\"es\",\"@id\":\"https:\\\/\\\/amrtop.net\\\/produit\\\/bougie-speciale-avec-tube-o-16-2-mm\\\/#primaryimage\",\"url\":\"https:\\\/\\\/amrtop.net\\\/wp-content\\\/uploads\\\/2020\\\/01\\\/elk60021.jpg\",\"contentUrl\":\"https:\\\/\\\/amrtop.net\\\/wp-content\\\/uploads\\\/2020\\\/01\\\/elk60021.jpg\",\"width\":960,\"height\":960,\"caption\":\"Bougie sp\u00e9ciale avec tube \u00f8 16.2 mm - r\u00e9sistance \u00e0 l\u2019allumage sp\u00e9ciale avec raccord en c\u00e9ramique - tube de convoyeur d\u2019air avec bride - pour po\u00eale et chaudi\u00e8re \u00e0 pellets -syst\u00e8me d\u2019allumage pour appareils \u00e0 pellets - allumeur \u00e0 bougie pour pellets\"},{\"@type\":\"BreadcrumbList\",\"@id\":\"https:\\\/\\\/amrtop.net\\\/produit\\\/bougie-speciale-avec-tube-o-16-2-mm\\\/#breadcrumb\",\"itemListElement\":[{\"@type\":\"ListItem\",\"position\":1,\"name\":\"Home\",\"item\":\"https:\\\/\\\/amrtop.net\\\/\"},{\"@type\":\"ListItem\",\"position\":2,\"name\":\"Shop\",\"item\":\"https:\\\/\\\/amrtop.net\\\/negozio\\\/\"},{\"@type\":\"ListItem\",\"position\":3,\"name\":\"Bougie sp\u00e9ciale \u00f8 tube 16,2 mm \u2013 230 Watt \u2013 longeur totale 153 mm \u2013 Code ELK60021\"}]},{\"@type\":\"WebSite\",\"@id\":\"https:\\\/\\\/amrtop.net\\\/#website\",\"url\":\"https:\\\/\\\/amrtop.net\\\/\",\"name\":\"AMRTOP B2B \u00c9tranger - Achats r\u00e9serv\u00e9s au professionnel\",\"description\":\"Pi\u00e8ces de rechange et accessoires pour po\u00eales et chaudi\u00e8res - eCommerce B2B pour Clients Professionnels\",\"potentialAction\":[{\"@type\":\"SearchAction\",\"target\":{\"@type\":\"EntryPoint\",\"urlTemplate\":\"https:\\\/\\\/amrtop.net\\\/?s={search_term_string}\"},\"query-input\":{\"@type\":\"PropertyValueSpecification\",\"valueRequired\":true,\"valueName\":\"search_term_string\"}}],\"inLanguage\":\"es\"}]}<\/script>\n<!-- \/ Yoast SEO plugin. -->","yoast_head_json":{"title":"Bougie sp\u00e9ciale avec tube \u00f8 16.2 mm","description":"Bougie sp\u00e9ciale avec tube \u00f8 16.2 mm - r\u00e9sistance \u00e0 l\u2019allumage sp\u00e9ciale avec raccord en c\u00e9ramique - tube de convoyeur d\u2019air avec bride - pour po\u00eale et chaudi\u00e8re \u00e0 pellets -syst\u00e8me d\u2019allumage pour appareils \u00e0 pellets - allumeur \u00e0 bougie pour pellets","robots":{"index":"index","follow":"follow","max-snippet":"max-snippet:-1","max-image-preview":"max-image-preview:large","max-video-preview":"max-video-preview:-1"},"canonical":"https:\/\/amrtop.net\/es\/producto\/bougie-speciale-avec-tube-o-16-2-mm\/","og_locale":"es_ES","og_type":"article","og_title":"Bougie sp\u00e9ciale avec tube \u00f8 16.2 mm","og_description":"Bougie sp\u00e9ciale avec tube \u00f8 16.2 mm - r\u00e9sistance \u00e0 l\u2019allumage sp\u00e9ciale avec raccord en c\u00e9ramique - tube de convoyeur d\u2019air avec bride - pour po\u00eale et chaudi\u00e8re \u00e0 pellets -syst\u00e8me d\u2019allumage pour appareils \u00e0 pellets - allumeur \u00e0 bougie pour pellets","og_url":"https:\/\/amrtop.net\/es\/producto\/bougie-speciale-avec-tube-o-16-2-mm\/","og_site_name":"AMRTOP B2B \u00c9tranger - Achats r\u00e9serv\u00e9s au professionnel","article_modified_time":"2023-05-28T12:50:43+00:00","og_image":[{"width":960,"height":960,"url":"https:\/\/amrtop.net\/wp-content\/uploads\/2020\/01\/elk60021.jpg","type":"image\/jpeg"}],"twitter_card":"summary_large_image","twitter_misc":{"Tiempo de lectura":"1 minuto"},"schema":{"@context":"https:\/\/schema.org","@graph":[{"@type":"WebPage","@id":"https:\/\/amrtop.net\/produit\/bougie-speciale-avec-tube-o-16-2-mm\/","url":"https:\/\/amrtop.net\/produit\/bougie-speciale-avec-tube-o-16-2-mm\/","name":"Bougie sp\u00e9ciale avec tube \u00f8 16.2 mm","isPartOf":{"@id":"https:\/\/amrtop.net\/#website"},"primaryImageOfPage":{"@id":"https:\/\/amrtop.net\/produit\/bougie-speciale-avec-tube-o-16-2-mm\/#primaryimage"},"image":{"@id":"https:\/\/amrtop.net\/produit\/bougie-speciale-avec-tube-o-16-2-mm\/#primaryimage"},"thumbnailUrl":"https:\/\/amrtop.net\/wp-content\/uploads\/2020\/01\/elk60021.jpg","datePublished":"2020-01-10T00:00:00+00:00","dateModified":"2023-05-28T12:50:43+00:00","description":"Bougie sp\u00e9ciale avec tube \u00f8 16.2 mm - r\u00e9sistance \u00e0 l\u2019allumage sp\u00e9ciale avec raccord en c\u00e9ramique - tube de convoyeur d\u2019air avec bride - pour po\u00eale et chaudi\u00e8re \u00e0 pellets -syst\u00e8me d\u2019allumage pour appareils \u00e0 pellets - allumeur \u00e0 bougie pour pellets","breadcrumb":{"@id":"https:\/\/amrtop.net\/produit\/bougie-speciale-avec-tube-o-16-2-mm\/#breadcrumb"},"inLanguage":"es","potentialAction":[{"@type":"ReadAction","target":["https:\/\/amrtop.net\/produit\/bougie-speciale-avec-tube-o-16-2-mm\/"]}]},{"@type":"ImageObject","inLanguage":"es","@id":"https:\/\/amrtop.net\/produit\/bougie-speciale-avec-tube-o-16-2-mm\/#primaryimage","url":"https:\/\/amrtop.net\/wp-content\/uploads\/2020\/01\/elk60021.jpg","contentUrl":"https:\/\/amrtop.net\/wp-content\/uploads\/2020\/01\/elk60021.jpg","width":960,"height":960,"caption":"Bougie sp\u00e9ciale avec tube \u00f8 16.2 mm - r\u00e9sistance \u00e0 l\u2019allumage sp\u00e9ciale avec raccord en c\u00e9ramique - tube de convoyeur d\u2019air avec bride - pour po\u00eale et chaudi\u00e8re \u00e0 pellets -syst\u00e8me d\u2019allumage pour appareils \u00e0 pellets - allumeur \u00e0 bougie pour pellets"},{"@type":"BreadcrumbList","@id":"https:\/\/amrtop.net\/produit\/bougie-speciale-avec-tube-o-16-2-mm\/#breadcrumb","itemListElement":[{"@type":"ListItem","position":1,"name":"Home","item":"https:\/\/amrtop.net\/"},{"@type":"ListItem","position":2,"name":"Shop","item":"https:\/\/amrtop.net\/negozio\/"},{"@type":"ListItem","position":3,"name":"Bougie sp\u00e9ciale \u00f8 tube 16,2 mm \u2013 230 Watt \u2013 longeur totale 153 mm \u2013 Code ELK60021"}]},{"@type":"WebSite","@id":"https:\/\/amrtop.net\/#website","url":"https:\/\/amrtop.net\/","name":"AMRTOP B2B Abroad - Compras reservadas a los profesionales","description":"Recambios y accesorios para estufas y calderas - Comercio electr\u00f3nico B2B para profesionales","potentialAction":[{"@type":"SearchAction","target":{"@type":"EntryPoint","urlTemplate":"https:\/\/amrtop.net\/?s={search_term_string}"},"query-input":{"@type":"PropertyValueSpecification","valueRequired":true,"valueName":"search_term_string"}}],"inLanguage":"es"}]}},"_links":{"self":[{"href":"https:\/\/amrtop.net\/es\/wp-json\/wp\/v2\/product\/3609","targetHints":{"allow":["GET"]}}],"collection":[{"href":"https:\/\/amrtop.net\/es\/wp-json\/wp\/v2\/product"}],"about":[{"href":"https:\/\/amrtop.net\/es\/wp-json\/wp\/v2\/types\/product"}],"replies":[{"embeddable":true,"href":"https:\/\/amrtop.net\/es\/wp-json\/wp\/v2\/comments?post=3609"}],"wp:featuredmedia":[{"embeddable":true,"href":"https:\/\/amrtop.net\/es\/wp-json\/wp\/v2\/media\/34688"}],"wp:attachment":[{"href":"https:\/\/amrtop.net\/es\/wp-json\/wp\/v2\/media?parent=3609"}],"wp:term":[{"taxonomy":"product_brand","embeddable":true,"href":"https:\/\/amrtop.net\/es\/wp-json\/wp\/v2\/product_brand?post=3609"},{"taxonomy":"product_cat","embeddable":true,"href":"https:\/\/amrtop.net\/es\/wp-json\/wp\/v2\/product_cat?post=3609"},{"taxonomy":"product_tag","embeddable":true,"href":"https:\/\/amrtop.net\/es\/wp-json\/wp\/v2\/product_tag?post=3609"}],"curies":[{"name":"wp","href":"https:\/\/api.w.org\/{rel}","templated":true}]}}