{"id":3612,"date":"2020-01-10T00:00:00","date_gmt":"2020-01-10T00:00:00","guid":{"rendered":"https:\/\/amrtop.com\/B2B\/?post_type=product&#038;p=3612"},"modified":"2026-02-12T10:17:14","modified_gmt":"2026-02-12T10:17:14","slug":"bougie-en-ceramique-etanche-raccord-3-8%e2%80%b3-l11-5-mm","status":"publish","type":"product","link":"https:\/\/amrtop.net\/es\/produit\/bougie-en-ceramique-etanche-raccord-3-8%e2%80%b3-l11-5-mm\/","title":{"rendered":"Vela cer\u00e1mica sellada con conector de 3\/8\u2033 \u00f8 11,55 mm - 240 vatios - longitud total 94 mm - C\u00f3digo CER03"},"content":{"rendered":"<hr \/>\n<h3>Bougie en c\u00e9ramique \u00e9tanche raccord 3\/8\u2033 L11.5 mm<\/h3>\n<p>Amrtop dispose de diff\u00e9rents types de bougies en c\u00e9ramique qui s\u2019adaptent \u00e0 tous les appareils \u00e0 pellets pr\u00e9sents sur le march\u00e9 europ\u00e9en. Ils ont une structure radiante tubulaire avec un trou traversant qui laisse passer l\u2019air \u00e0 travers le corps de l\u2019\u00e9l\u00e9ment chauffant tandis que d\u2019autres mod\u00e8les sont moins chers et plus faciles \u00e0 installer Leur structure lui permet d\u2019avoir des performances d\u2019allumage augment\u00e9es de 1,4 fois que le r\u00e9chauffeur \u00e0 cartouche m\u00e9tallique.<\/p>\n<h3>Les avantages des bougies en c\u00e9ramique<\/h3>\n<ul>\n<li>Une r\u00e9duction de la consommation d\u2019\u00e9nergie par rapport aux cartouches ou r\u00e9sistances traditionnelles<\/li>\n<li>Dur\u00e9e dans le temps<\/li>\n<li>Temps d\u2019allumage de 60 &#8211; 90 secondes<\/li>\n<li>Test\u00e9 pendant plus de 150000 cycles (sur le march\u00e9 japonais des granul\u00e9s depuis 15 ans)<\/li>\n<li>Facile \u00e0 installer<\/li>\n<li>Adaptable \u00e0 tout tube en acier d\u2019un diam\u00e8tre int\u00e9rieur de 16-19 mm<\/li>\n<li>1000\u00b0C \u00e0 temp\u00e9rature constante<\/li>\n<li>En cas de mauvais fonctionnement des ventilateurs, il ne surchauffe pas<\/li>\n<li>Tension disponible 100\/120\/220\/240V<\/li>\n<li>\u00c9lectriquement compl\u00e8tement isol\u00e9 sans contacts \u00e9lectriques expos\u00e9s<\/li>\n<li>\u00c9tanche \u00e0 l\u2019oxydation et \u00e0 la corrosion<\/li>\n<li>Pleinement conforme aux<\/li>\n<li>directives CE toutes certifi\u00e9es TUV<\/li>\n<\/ul>\n<h3>Utilisation de la bougie en c\u00e9ramique \u00e9tanche raccord 3\/8 L11.5mm<\/h3>\n<p>La bougie de pr\u00e9chauffage ou cartouche d\u2019allumage en c\u00e9ramique raccord 3\/8&#8243; \u00f8 11,55 mm &#8211; 240 Watt &#8211; Longueur totale 94 mm &#8211; Code CER03 commercialis\u00e9e par Amrtop sert \u00e0 d\u00e9clencher l\u2019allumage de copeaux de bois, grumes divis\u00e9s, miettes de bois ou autre biomasse, paille, ma\u00efs, etc., par l\u2019interm\u00e9diaire de l\u2019air pr\u00e9sent dans les g\u00e9n\u00e9rateurs de chaleur \u00e0 biomasse<\/p>\n<p>Se encuentra en aparatos t\u00edpicos - Estufa de pellets - Caldera de pellets - Quemador de pellets - Barbacoa\/parrilla de pellets Caldera de biomasa - Quemador de biomasa - Y muchos otros quemadores<\/p>\n<h3>Interior<\/h3>\n<p><a href=\"https:\/\/wekos.it\/\">Estufas, cocinas y cocinas de le\u00f1a<\/a>\u00a0-\u00a0<a href=\"https:\/\/www.greenpuros.com\/\">chimeneas, estufas y calderas de pellets.<\/a><\/p>\n<h3>Gama Amrtop de recambios y accesorios<\/h3>\n<h3><\/h3>\n<p><a href=\"https:\/\/amrtop.net\/es\/categoria-de-productos\/recambios-miscelaneos-cocinas-y-calderas-2\/bougies-dallumage-pour-poeles-et-chaudieres-a-pellets\/\">Calentadores<\/a><\/p>\n<p><a href=\"https:\/\/amrtop.net\/es\/categoria-de-productos\/recambios-miscelaneos-cocinas-y-calderas-2\/electronique\/\">Electr\u00f3nica<\/a><\/p>\n<p><a href=\"https:\/\/amrtop.net\/es\/categoria-de-productos\/recambios-miscelaneos-cocinas-y-calderas-2\/extracteurs-de-fumee\/\">Extractores de humo<\/a><\/p>\n<p><a href=\"https:\/\/amrtop.net\/es\/categoria-de-productos\/recambios-miscelaneos-cocinas-y-calderas-2\/gaines-cable-connecteurs\/\">Fundas de cables de conexi\u00f3n<\/a><\/p>\n<p><a href=\"https:\/\/amrtop.net\/es\/categoria-de-productos\/recambios-miscelaneos-cocinas-y-calderas-2\/joints-de-silicone\/\">Juntas de silicona<\/a><\/p>\n<p><a href=\"https:\/\/amrtop.net\/es\/categoria-de-productos\/recambios-miscelaneos-cocinas-y-calderas-2\/motoreducteurs\/\">Motorreductores<\/a><\/p>\n<p><a href=\"https:\/\/amrtop.net\/es\/categoria-de-productos\/recambios-miscelaneos-cocinas-y-calderas-2\/pressostats-et-transducteurs\/\">Presostatos y transductores<\/a><\/p>\n<p><a href=\"https:\/\/amrtop.com\/B2B\/fr\/categorie-produit\/ricambi-vari-stufe-e-caldaie\/sonde-termostati-manometri-termometri\/\">Sondas termostatos man\u00f3metros term\u00f3metros<\/a><\/p>\n<p><a href=\"https:\/\/amrtop.net\/es\/categoria-de-productos\/recambios-miscelaneos-cocinas-y-calderas-2\/joints-detancheite\/\">Sellado de trenzas<\/a><\/p>\n<p><a href=\"https:\/\/amrtop.net\/es\/categoria-de-productos\/recambios-miscelaneos-cocinas-y-calderas-2\/ventilateurs-centrifuges-pour-poeles-a-pellets\/\">Ventiladores centr\u00edfugos<\/a><\/p>\n<p><a href=\"https:\/\/amrtop.net\/es\/categoria-de-productos\/recambios-miscelaneos-cocinas-y-calderas-2\/ventilateurs-tangentiels-flux-transversal\/\">Ventiladores de flujo cruzado<\/a><\/p>\n<p><a href=\"https:\/\/amrtop.net\/es\/categoria-de-productos\/recambios-miscelaneos-cocinas-y-calderas-2\/adhesifs-et-produits-detancheite\/\">Colas y selladores<\/a><\/p>\n<p>&nbsp;<\/p>\n<p>&nbsp;<\/p>","protected":false},"excerpt":{"rendered":"<hr \/>\n<h2><span style=\"color: #008000;\">Disponible en<\/span><\/h2>\n<hr \/>\n<h3>Bougie de pr\u00e9chauffage en c\u00e9ramique avec connexion 3\/8\u2033.<\/h3>\n<p>Code CER03<\/p>\n<p>Bougie : \u00f8 11,55 mm<br \/>\nLongueur totale : 94 mm<br \/>\nLongueur sous-\u00e9crou : 89 mm<br \/>\nPuissance : 240 W<br \/>\nLongitud del cable: 350 mm<\/p>\n<h3>Compatibilidad<\/h3>\n<hr \/>\n<h3>Buj\u00eda\/resistor\/cartucho de encendido compatible con las siguientes marcas de estufas de pellets<\/h3>\n<p><strong>Amg<\/strong><\/p>\n<p><strong>Dalzotto compatible avec les mod\u00e8les de po\u00eales suivants:<\/strong>: Inserto Idro 800, Jole Idro 2.0, Malika Idro, Husky<\/p>\n<p><strong>De Dietrich compatible avec les mod\u00e8les de po\u00eales suivants:\u00a0<\/strong>Floralis, Quadralis Ppa8 V, Ppa8 PVI, Ppa8 GVI, Quadralis Ppa8, Ppa8BC, Ppa8 PBI, Quadralis Ppa8 GBI, Tectia<\/p>\n<p><strong>Deville compatible con los siguientes modelos de estufas:\u00a0<\/strong>Galaxie, Atlas, Ulys<\/p>\n<p><strong>Ecoteck, Extraflame, Ravelli, Skia design<\/strong><\/p>","protected":false},"featured_media":37254,"comment_status":"open","ping_status":"closed","template":"","meta":[],"product_brand":[],"product_cat":[840,854,839],"product_tag":[148,149,58,31,61,124,84,41,89,122,151,152],"class_list":{"0":"post-3612","1":"product","2":"type-product","3":"status-publish","4":"has-post-thumbnail","6":"product_cat-bougies-dallumage-pour-poeles-et-chaudieres-a-pellets","7":"product_cat-bougies-en-ceramique-pour-poeles-et-chaudieres-et-pellets","8":"product_cat-pieces-de-rechange-divers-poeles-et-chaudieres","9":"product_tag-atlantic","10":"product_tag-casatelli","11":"product_tag-cheminees-philippe","12":"product_tag-ecoteck","13":"product_tag-edilkamin","14":"product_tag-jotul","15":"product_tag-palazzetti","16":"product_tag-ravelli","17":"product_tag-richard-le-droff","18":"product_tag-royal","19":"product_tag-tresco","20":"product_tag-turbo-fonte","21":"product_shipping_class-classe-di-spedizione-01","23":"first","24":"instock","25":"shipping-taxable","26":"purchasable","27":"product-type-simple"},"yoast_head":"<!-- This site is optimized with the Yoast SEO plugin v27.4 - https:\/\/yoast.com\/product\/yoast-seo-wordpress\/ -->\n<title>Bougie en c\u00e9ramique \u00e9tanche raccord 3\/8\u2033 L11.5 mm<\/title>\n<meta name=\"description\" content=\"Bougie en c\u00e9ramique \u00e9tanche raccord 3\/8\u2033 L11.5 mm - r\u00e9sistance \u00e0 l\u2019allumage pour Sufa et chaudi\u00e8re \u00e0 pellets - syst\u00e8me d\u2019allumage pour appareils \u00e0 pellets\" \/>\n<meta name=\"robots\" content=\"index, follow, max-snippet:-1, max-image-preview:large, max-video-preview:-1\" \/>\n<link rel=\"canonical\" href=\"https:\/\/amrtop.net\/es\/producto\/bougie-en-ceramique-etanche-raccord-3-8\u2033-l11-5-mm\/\" \/>\n<meta property=\"og:locale\" content=\"es_ES\" \/>\n<meta property=\"og:type\" content=\"article\" \/>\n<meta property=\"og:title\" content=\"Bougie en c\u00e9ramique \u00e9tanche raccord 3\/8\u2033 L11.5 mm\" \/>\n<meta property=\"og:description\" content=\"Bougie en c\u00e9ramique \u00e9tanche raccord 3\/8\u2033 L11.5 mm - r\u00e9sistance \u00e0 l\u2019allumage pour Sufa et chaudi\u00e8re \u00e0 pellets - syst\u00e8me d\u2019allumage pour appareils \u00e0 pellets\" \/>\n<meta property=\"og:url\" content=\"https:\/\/amrtop.net\/es\/producto\/bougie-en-ceramique-etanche-raccord-3-8\u2033-l11-5-mm\/\" \/>\n<meta property=\"og:site_name\" content=\"AMRTOP B2B \u00c9tranger - Achats r\u00e9serv\u00e9s au professionnel\" \/>\n<meta property=\"article:modified_time\" content=\"2026-02-12T10:17:14+00:00\" \/>\n<meta property=\"og:image\" content=\"https:\/\/amrtop.net\/wp-content\/uploads\/2020\/01\/CER03AMR-TOP.jpg\" \/>\n\t<meta property=\"og:image:width\" content=\"960\" \/>\n\t<meta property=\"og:image:height\" content=\"960\" \/>\n\t<meta property=\"og:image:type\" content=\"image\/jpeg\" \/>\n<meta name=\"twitter:card\" content=\"summary_large_image\" \/>\n<meta name=\"twitter:label1\" content=\"Tiempo de lectura\" \/>\n\t<meta name=\"twitter:data1\" content=\"2 minutos\" \/>\n<script type=\"application\/ld+json\" class=\"yoast-schema-graph\">{\"@context\":\"https:\\\/\\\/schema.org\",\"@graph\":[{\"@type\":\"WebPage\",\"@id\":\"https:\\\/\\\/amrtop.net\\\/produit\\\/bougie-en-ceramique-etanche-raccord-3-8%e2%80%b3-l11-5-mm\\\/\",\"url\":\"https:\\\/\\\/amrtop.net\\\/produit\\\/bougie-en-ceramique-etanche-raccord-3-8%e2%80%b3-l11-5-mm\\\/\",\"name\":\"Bougie en c\u00e9ramique \u00e9tanche raccord 3\\\/8\u2033 L11.5 mm\",\"isPartOf\":{\"@id\":\"https:\\\/\\\/amrtop.net\\\/#website\"},\"primaryImageOfPage\":{\"@id\":\"https:\\\/\\\/amrtop.net\\\/produit\\\/bougie-en-ceramique-etanche-raccord-3-8%e2%80%b3-l11-5-mm\\\/#primaryimage\"},\"image\":{\"@id\":\"https:\\\/\\\/amrtop.net\\\/produit\\\/bougie-en-ceramique-etanche-raccord-3-8%e2%80%b3-l11-5-mm\\\/#primaryimage\"},\"thumbnailUrl\":\"https:\\\/\\\/amrtop.net\\\/wp-content\\\/uploads\\\/2020\\\/01\\\/CER03AMR-TOP.jpg\",\"datePublished\":\"2020-01-10T00:00:00+00:00\",\"dateModified\":\"2026-02-12T10:17:14+00:00\",\"description\":\"Bougie en c\u00e9ramique \u00e9tanche raccord 3\\\/8\u2033 L11.5 mm - r\u00e9sistance \u00e0 l\u2019allumage pour Sufa et chaudi\u00e8re \u00e0 pellets - syst\u00e8me d\u2019allumage pour appareils \u00e0 pellets\",\"breadcrumb\":{\"@id\":\"https:\\\/\\\/amrtop.net\\\/produit\\\/bougie-en-ceramique-etanche-raccord-3-8%e2%80%b3-l11-5-mm\\\/#breadcrumb\"},\"inLanguage\":\"es\",\"potentialAction\":[{\"@type\":\"ReadAction\",\"target\":[\"https:\\\/\\\/amrtop.net\\\/produit\\\/bougie-en-ceramique-etanche-raccord-3-8%e2%80%b3-l11-5-mm\\\/\"]}]},{\"@type\":\"ImageObject\",\"inLanguage\":\"es\",\"@id\":\"https:\\\/\\\/amrtop.net\\\/produit\\\/bougie-en-ceramique-etanche-raccord-3-8%e2%80%b3-l11-5-mm\\\/#primaryimage\",\"url\":\"https:\\\/\\\/amrtop.net\\\/wp-content\\\/uploads\\\/2020\\\/01\\\/CER03AMR-TOP.jpg\",\"contentUrl\":\"https:\\\/\\\/amrtop.net\\\/wp-content\\\/uploads\\\/2020\\\/01\\\/CER03AMR-TOP.jpg\",\"width\":960,\"height\":960,\"caption\":\"Bougie en c\u00e9ramique \u00e9tanche raccord 3\\\/8\u2033 L11.5 mm - r\u00e9sistance \u00e0 l\u2019allumage pour Sufa et chaudi\u00e8re \u00e0 pellets - syst\u00e8me d\u2019allumage pour appareils \u00e0 pellets\"},{\"@type\":\"BreadcrumbList\",\"@id\":\"https:\\\/\\\/amrtop.net\\\/produit\\\/bougie-en-ceramique-etanche-raccord-3-8%e2%80%b3-l11-5-mm\\\/#breadcrumb\",\"itemListElement\":[{\"@type\":\"ListItem\",\"position\":1,\"name\":\"Home\",\"item\":\"https:\\\/\\\/amrtop.net\\\/\"},{\"@type\":\"ListItem\",\"position\":2,\"name\":\"Shop\",\"item\":\"https:\\\/\\\/amrtop.net\\\/negozio\\\/\"},{\"@type\":\"ListItem\",\"position\":3,\"name\":\"Bougie \u00e9tanche en c\u00e9ramique avec raccord 3\\\/8\u2033 \u00f8 11,55 mm \u2013 240 Watt \u2013 longueur totale 94 mm \u2013 Code CER03\"}]},{\"@type\":\"WebSite\",\"@id\":\"https:\\\/\\\/amrtop.net\\\/#website\",\"url\":\"https:\\\/\\\/amrtop.net\\\/\",\"name\":\"AMRTOP B2B \u00c9tranger - Achats r\u00e9serv\u00e9s au professionnel\",\"description\":\"Pi\u00e8ces de rechange et accessoires pour po\u00eales et chaudi\u00e8res - eCommerce B2B pour Clients Professionnels\",\"potentialAction\":[{\"@type\":\"SearchAction\",\"target\":{\"@type\":\"EntryPoint\",\"urlTemplate\":\"https:\\\/\\\/amrtop.net\\\/?s={search_term_string}\"},\"query-input\":{\"@type\":\"PropertyValueSpecification\",\"valueRequired\":true,\"valueName\":\"search_term_string\"}}],\"inLanguage\":\"es\"}]}<\/script>\n<!-- \/ Yoast SEO plugin. -->","yoast_head_json":{"title":"Bougie en c\u00e9ramique \u00e9tanche raccord 3\/8\u2033 L11.5 mm","description":"Calentador cer\u00e1mico sellado conexi\u00f3n 3\/8\u2033 L11,5 mm - resistencia de encendido para calderas Sufa y de pellets - sistema de encendido para aparatos de pellets.","robots":{"index":"index","follow":"follow","max-snippet":"max-snippet:-1","max-image-preview":"max-image-preview:large","max-video-preview":"max-video-preview:-1"},"canonical":"https:\/\/amrtop.net\/es\/producto\/bougie-en-ceramique-etanche-raccord-3-8\u2033-l11-5-mm\/","og_locale":"es_ES","og_type":"article","og_title":"Bougie en c\u00e9ramique \u00e9tanche raccord 3\/8\u2033 L11.5 mm","og_description":"Bougie en c\u00e9ramique \u00e9tanche raccord 3\/8\u2033 L11.5 mm - r\u00e9sistance \u00e0 l\u2019allumage pour Sufa et chaudi\u00e8re \u00e0 pellets - syst\u00e8me d\u2019allumage pour appareils \u00e0 pellets","og_url":"https:\/\/amrtop.net\/es\/producto\/bougie-en-ceramique-etanche-raccord-3-8\u2033-l11-5-mm\/","og_site_name":"AMRTOP B2B \u00c9tranger - Achats r\u00e9serv\u00e9s au professionnel","article_modified_time":"2026-02-12T10:17:14+00:00","og_image":[{"width":960,"height":960,"url":"https:\/\/amrtop.net\/wp-content\/uploads\/2020\/01\/CER03AMR-TOP.jpg","type":"image\/jpeg"}],"twitter_card":"summary_large_image","twitter_misc":{"Tiempo de lectura":"2 minutos"},"schema":{"@context":"https:\/\/schema.org","@graph":[{"@type":"WebPage","@id":"https:\/\/amrtop.net\/produit\/bougie-en-ceramique-etanche-raccord-3-8%e2%80%b3-l11-5-mm\/","url":"https:\/\/amrtop.net\/produit\/bougie-en-ceramique-etanche-raccord-3-8%e2%80%b3-l11-5-mm\/","name":"Bougie en c\u00e9ramique \u00e9tanche raccord 3\/8\u2033 L11.5 mm","isPartOf":{"@id":"https:\/\/amrtop.net\/#website"},"primaryImageOfPage":{"@id":"https:\/\/amrtop.net\/produit\/bougie-en-ceramique-etanche-raccord-3-8%e2%80%b3-l11-5-mm\/#primaryimage"},"image":{"@id":"https:\/\/amrtop.net\/produit\/bougie-en-ceramique-etanche-raccord-3-8%e2%80%b3-l11-5-mm\/#primaryimage"},"thumbnailUrl":"https:\/\/amrtop.net\/wp-content\/uploads\/2020\/01\/CER03AMR-TOP.jpg","datePublished":"2020-01-10T00:00:00+00:00","dateModified":"2026-02-12T10:17:14+00:00","description":"Calentador cer\u00e1mico sellado conexi\u00f3n 3\/8\u2033 L11,5 mm - resistencia de encendido para calderas Sufa y de pellets - sistema de encendido para aparatos de pellets.","breadcrumb":{"@id":"https:\/\/amrtop.net\/produit\/bougie-en-ceramique-etanche-raccord-3-8%e2%80%b3-l11-5-mm\/#breadcrumb"},"inLanguage":"es","potentialAction":[{"@type":"ReadAction","target":["https:\/\/amrtop.net\/produit\/bougie-en-ceramique-etanche-raccord-3-8%e2%80%b3-l11-5-mm\/"]}]},{"@type":"ImageObject","inLanguage":"es","@id":"https:\/\/amrtop.net\/produit\/bougie-en-ceramique-etanche-raccord-3-8%e2%80%b3-l11-5-mm\/#primaryimage","url":"https:\/\/amrtop.net\/wp-content\/uploads\/2020\/01\/CER03AMR-TOP.jpg","contentUrl":"https:\/\/amrtop.net\/wp-content\/uploads\/2020\/01\/CER03AMR-TOP.jpg","width":960,"height":960,"caption":"Bougie en c\u00e9ramique \u00e9tanche raccord 3\/8\u2033 L11.5 mm - r\u00e9sistance \u00e0 l\u2019allumage pour Sufa et chaudi\u00e8re \u00e0 pellets - syst\u00e8me d\u2019allumage pour appareils \u00e0 pellets"},{"@type":"BreadcrumbList","@id":"https:\/\/amrtop.net\/produit\/bougie-en-ceramique-etanche-raccord-3-8%e2%80%b3-l11-5-mm\/#breadcrumb","itemListElement":[{"@type":"ListItem","position":1,"name":"Home","item":"https:\/\/amrtop.net\/"},{"@type":"ListItem","position":2,"name":"Shop","item":"https:\/\/amrtop.net\/negozio\/"},{"@type":"ListItem","position":3,"name":"Bougie \u00e9tanche en c\u00e9ramique avec raccord 3\/8\u2033 \u00f8 11,55 mm \u2013 240 Watt \u2013 longueur totale 94 mm \u2013 Code CER03"}]},{"@type":"WebSite","@id":"https:\/\/amrtop.net\/#website","url":"https:\/\/amrtop.net\/","name":"AMRTOP B2B Abroad - Compras reservadas a los profesionales","description":"Recambios y accesorios para estufas y calderas - Comercio electr\u00f3nico B2B para profesionales","potentialAction":[{"@type":"SearchAction","target":{"@type":"EntryPoint","urlTemplate":"https:\/\/amrtop.net\/?s={search_term_string}"},"query-input":{"@type":"PropertyValueSpecification","valueRequired":true,"valueName":"search_term_string"}}],"inLanguage":"es"}]}},"_links":{"self":[{"href":"https:\/\/amrtop.net\/es\/wp-json\/wp\/v2\/product\/3612","targetHints":{"allow":["GET"]}}],"collection":[{"href":"https:\/\/amrtop.net\/es\/wp-json\/wp\/v2\/product"}],"about":[{"href":"https:\/\/amrtop.net\/es\/wp-json\/wp\/v2\/types\/product"}],"replies":[{"embeddable":true,"href":"https:\/\/amrtop.net\/es\/wp-json\/wp\/v2\/comments?post=3612"}],"wp:featuredmedia":[{"embeddable":true,"href":"https:\/\/amrtop.net\/es\/wp-json\/wp\/v2\/media\/37254"}],"wp:attachment":[{"href":"https:\/\/amrtop.net\/es\/wp-json\/wp\/v2\/media?parent=3612"}],"wp:term":[{"taxonomy":"product_brand","embeddable":true,"href":"https:\/\/amrtop.net\/es\/wp-json\/wp\/v2\/product_brand?post=3612"},{"taxonomy":"product_cat","embeddable":true,"href":"https:\/\/amrtop.net\/es\/wp-json\/wp\/v2\/product_cat?post=3612"},{"taxonomy":"product_tag","embeddable":true,"href":"https:\/\/amrtop.net\/es\/wp-json\/wp\/v2\/product_tag?post=3612"}],"curies":[{"name":"wp","href":"https:\/\/api.w.org\/{rel}","templated":true}]}}