{"id":3637,"date":"2020-10-01T00:00:00","date_gmt":"2020-10-01T00:00:00","guid":{"rendered":"https:\/\/amrtop.com\/B2B\/?post_type=product&#038;p=3637"},"modified":"2023-11-09T09:52:08","modified_gmt":"2023-11-09T09:52:08","slug":"motoreducteur-mellor-3-rpm-avec-encoder-code-fb1285-arbre-o-85-mm-toles-feuilletees-32-mm","status":"publish","type":"product","link":"https:\/\/amrtop.net\/es\/produit\/motoreducteur-mellor-3-rpm-avec-encoder-code-fb1285-arbre-o-85-mm-toles-feuilletees-32-mm\/","title":{"rendered":"Motorreductor Mellor 3 rpm con codificador C\u00f3digo FB1285 - Eje \u00f8 8,5 mm - chapas laminadas 32 mm"},"content":{"rendered":"<hr \/>\n<h3 class=\"product_title entry-title\">Motor\u00e9ducteur Mellor 3 rpm avec encoder Code FB1285<\/h3>\n<p>Le motor\u00e9ducteur Mellor 3 rpm Code FB1285 &#8211; Arbre 8,5 mm &#8211; Paquet lamellaire 32 mm disponible avec moteur AC \u00e0 poly-blind\u00e9s s\u00e9rie T14 propos\u00e9 par Amrtop, sont fabriqu\u00e9s par une entreprise leader dans ce secteur avec plus de 35 ans d\u2019exp\u00e9rience.<\/p>\n<p>Dise\u00f1an e importan motores y motorreductores para una amplia gama de aplicaciones, con experiencia espec\u00edfica en tecnolog\u00edas de inducci\u00f3n sin escobillas de CA y CC y de polos blindados.<\/p>\n<p>Varias relaciones de reducci\u00f3n disponibles. Son f\u00e1ciles de integrar en aplicaciones especiales como m\u00e1quinas de helados granizados.<\/p>\n<p>Motorreductores s\u00edncronos disponibles con motor 220vac, tama\u00f1o 64mm, 18W.<\/p>\n<h3><strong>Caracter\u00edsticas principales de los motorreductores Mellor :<\/strong><\/h3>\n<ul>\n<li>Par nominal: de 2,5 a 35 nm, seg\u00fan la relaci\u00f3n de reducci\u00f3n<\/li>\n<li>Velocidades disponibles: de 0,3 a 11 rpm<\/li>\n<li>Aplicaciones t\u00edpicas: todas aquellas que requieran una rotaci\u00f3n bidireccional con una velocidad baja y precisa, un par elevado y un silencio muy alto.<\/li>\n<li>Dise\u00f1ado para estufas de pellets, calderas y chimeneas<\/li>\n<\/ul>\n<h3>Utilisation du motor\u00e9ducteur Mellor 3 rpm avec encodeur FB1285<\/h3>\n<p>Una vez que llega a la parte superior de la c\u00f3clea, el pellet cae de forma natural en un conducto que lo lleva al quemador.<\/p>\n<p><strong>Presente en aparatos t\u00edpicos<\/strong>\u00a0Estufa de pellets - Caldera de pellets - Quemador de pellets - Barbacoa\/parrilla de pellets Caldera de biomasa - Quemador de biomasa - Y muchos otros quemadores<\/p>\n<h3><strong>Interior<\/strong><\/h3>\n<p><a href=\"https:\/\/wekos.it\/\">Estufas, cocinas y cocinas de le\u00f1a<\/a>\u00a0-\u00a0<a href=\"https:\/\/www.greenpuros.com\/\">chimeneas, estufas y calderas de pellets.<\/a><\/p>\n<h3><strong>Gama Amrtop de recambios y accesorios<\/strong><\/h3>\n<p><a href=\"https:\/\/amrtop.net\/es\/categoria-de-productos\/recambios-miscelaneos-cocinas-y-calderas-2\/bougies-dallumage-pour-poeles-et-chaudieres-a-pellets\/\">Calentadores<\/a><\/p>\n<p><a href=\"https:\/\/amrtop.net\/es\/categoria-de-productos\/recambios-miscelaneos-cocinas-y-calderas-2\/electronique\/\">Electr\u00f3nica<\/a><\/p>\n<p><a href=\"https:\/\/amrtop.net\/es\/categoria-de-productos\/recambios-miscelaneos-cocinas-y-calderas-2\/extracteurs-de-fumee\/\">Extractores de humo<\/a><\/p>\n<p><a href=\"https:\/\/amrtop.net\/es\/categoria-de-productos\/recambios-miscelaneos-cocinas-y-calderas-2\/gaines-cable-connecteurs\/\">Fundas de cables de conexi\u00f3n<\/a><\/p>\n<p><a href=\"https:\/\/amrtop.net\/es\/categoria-de-productos\/recambios-miscelaneos-cocinas-y-calderas-2\/joints-de-silicone\/\">Juntas de silicona<\/a><\/p>\n<p><a href=\"https:\/\/amrtop.net\/es\/categoria-de-productos\/recambios-miscelaneos-cocinas-y-calderas-2\/motoreducteurs\/\">Motorreductores<\/a><\/p>\n<p><a href=\"https:\/\/amrtop.net\/es\/categoria-de-productos\/recambios-miscelaneos-cocinas-y-calderas-2\/pressostats-et-transducteurs\/\">Presostatos y transductores<\/a><\/p>\n<p><a href=\"https:\/\/amrtop.net\/es\/categoria-de-productos\/recambios-miscelaneos-cocinas-y-calderas-2\/sondes-thermostats-manometres-thermometres\/\">Sondas termostatos man\u00f3metros term\u00f3metros<\/a><\/p>\n<p><a href=\"https:\/\/amrtop.net\/es\/categoria-de-productos\/recambios-miscelaneos-cocinas-y-calderas-2\/joints-detancheite\/\">Sellado de trenzas<\/a><\/p>\n<p><a href=\"https:\/\/amrtop.net\/es\/categoria-de-productos\/recambios-miscelaneos-cocinas-y-calderas-2\/ventilateurs-centrifuges-pour-poeles-a-pellets\/\">Ventiladores centr\u00edfugos<\/a><\/p>\n<p><a href=\"https:\/\/amrtop.net\/es\/categoria-de-productos\/recambios-miscelaneos-cocinas-y-calderas-2\/ventilateurs-tangentiels-flux-transversal\/\">Ventiladores de flujo cruzado<\/a><\/p>\n<p><a href=\"https:\/\/amrtop.net\/es\/categoria-de-productos\/recambios-miscelaneos-cocinas-y-calderas-2\/adhesifs-et-produits-detancheite\/\">Colas y selladores<\/a><\/p>","protected":false},"excerpt":{"rendered":"<hr \/>\n<h2><span style=\"color: #008000\">Disponible en<\/span><\/h2>\n<hr \/>\n<h3>Motor\u00e9ducteur Mellor 3 rpm avec encodeur<\/h3>\n<p>Code FB1285<\/p>\n<p>\u00f8 del eje : 8,5 mm<br \/>\nVelocidad: 3 rpm<br \/>\nHojas laminadas: 32 mm<br \/>\nAplanado: simple<br \/>\nSentido de giro: agujas del reloj<br \/>\nCouple de serrage : 32 Nm<\/p>\n<h3>Compatibilidad<\/h3>\n<hr \/>\n<h3>Intercambiable con los siguientes modelos de motorreductores de tornillo sinf\u00edn de carga de pellets :<\/h3>\n<p>Kenta : K9117120<\/p>\n<h3>Motor\u00e9ducteur-moteur vis sans fin install\u00e9 et compatible avec les marques et mod\u00e8les de po\u00eales \u00e0 pellets suivants\u00a0:<\/h3>\n<p>Nordica Extraflam,Almeja<\/p>","protected":false},"featured_media":34772,"comment_status":"open","ping_status":"closed","template":"","meta":[],"product_brand":[],"product_cat":[861,862,864],"product_tag":[125,193],"class_list":{"0":"post-3637","1":"product","2":"type-product","3":"status-publish","4":"has-post-thumbnail","6":"product_cat-motoreducteurs","7":"product_cat-motoreducteurs-mellor","8":"product_cat-motoreducteurs-mellor-arbre-o-8-5-mm-avec-encoder","9":"product_tag-clam","10":"product_tag-nordica-extraflam","11":"product_shipping_class-classe-di-spedizione-02","13":"first","14":"instock","15":"shipping-taxable","16":"purchasable","17":"product-type-simple"},"yoast_head":"<!-- This site is optimized with the Yoast SEO plugin v27.4 - https:\/\/yoast.com\/product\/yoast-seo-wordpress\/ -->\n<title>Motor\u00e9ducteur Mellor 3 rpm avec encoder Code FB1285<\/title>\n<meta name=\"description\" content=\"Motor\u00e9ducteur Mellor 3 rpm avec encoder Code FB1285-Motor\u00e9ducteur Mellor avec codeur pour vis de po\u00eale \u00e0 granul\u00e9s d\u2019arbre de Mellor 8.5-Moteur Mellor\" \/>\n<meta name=\"robots\" content=\"index, follow, max-snippet:-1, max-image-preview:large, max-video-preview:-1\" \/>\n<link rel=\"canonical\" href=\"https:\/\/amrtop.net\/es\/producto\/motoreducteur-mellor-3-rpm-avec-encoder-code-fb1285-arbre-o-85-mm-toles-feuilletees-32-mm\/\" \/>\n<meta property=\"og:locale\" content=\"es_ES\" \/>\n<meta property=\"og:type\" content=\"article\" \/>\n<meta property=\"og:title\" content=\"Motor\u00e9ducteur Mellor 3 rpm avec encoder Code FB1285\" \/>\n<meta property=\"og:description\" content=\"Motor\u00e9ducteur Mellor 3 rpm avec encoder Code FB1285-Motor\u00e9ducteur Mellor avec codeur pour vis de po\u00eale \u00e0 granul\u00e9s d\u2019arbre de Mellor 8.5-Moteur Mellor\" \/>\n<meta property=\"og:url\" content=\"https:\/\/amrtop.net\/es\/producto\/motoreducteur-mellor-3-rpm-avec-encoder-code-fb1285-arbre-o-85-mm-toles-feuilletees-32-mm\/\" \/>\n<meta property=\"og:site_name\" content=\"AMRTOP B2B \u00c9tranger - Achats r\u00e9serv\u00e9s au professionnel\" \/>\n<meta property=\"article:modified_time\" content=\"2023-11-09T09:52:08+00:00\" \/>\n<meta property=\"og:image\" content=\"https:\/\/amrtop.net\/wp-content\/uploads\/2020\/10\/fb1285.jpg\" \/>\n\t<meta property=\"og:image:width\" content=\"960\" \/>\n\t<meta property=\"og:image:height\" content=\"960\" \/>\n\t<meta property=\"og:image:type\" content=\"image\/jpeg\" \/>\n<meta name=\"twitter:card\" content=\"summary_large_image\" \/>\n<meta name=\"twitter:label1\" content=\"Tiempo de lectura\" \/>\n\t<meta name=\"twitter:data1\" content=\"1 minuto\" \/>\n<script type=\"application\/ld+json\" class=\"yoast-schema-graph\">{\"@context\":\"https:\\\/\\\/schema.org\",\"@graph\":[{\"@type\":\"WebPage\",\"@id\":\"https:\\\/\\\/amrtop.net\\\/produit\\\/motoreducteur-mellor-3-rpm-avec-encoder-code-fb1285-arbre-o-85-mm-toles-feuilletees-32-mm\\\/\",\"url\":\"https:\\\/\\\/amrtop.net\\\/produit\\\/motoreducteur-mellor-3-rpm-avec-encoder-code-fb1285-arbre-o-85-mm-toles-feuilletees-32-mm\\\/\",\"name\":\"Motor\u00e9ducteur Mellor 3 rpm avec encoder Code FB1285\",\"isPartOf\":{\"@id\":\"https:\\\/\\\/amrtop.net\\\/#website\"},\"primaryImageOfPage\":{\"@id\":\"https:\\\/\\\/amrtop.net\\\/produit\\\/motoreducteur-mellor-3-rpm-avec-encoder-code-fb1285-arbre-o-85-mm-toles-feuilletees-32-mm\\\/#primaryimage\"},\"image\":{\"@id\":\"https:\\\/\\\/amrtop.net\\\/produit\\\/motoreducteur-mellor-3-rpm-avec-encoder-code-fb1285-arbre-o-85-mm-toles-feuilletees-32-mm\\\/#primaryimage\"},\"thumbnailUrl\":\"https:\\\/\\\/amrtop.net\\\/wp-content\\\/uploads\\\/2020\\\/10\\\/fb1285.jpg\",\"datePublished\":\"2020-10-01T00:00:00+00:00\",\"dateModified\":\"2023-11-09T09:52:08+00:00\",\"description\":\"Motor\u00e9ducteur Mellor 3 rpm avec encoder Code FB1285-Motor\u00e9ducteur Mellor avec codeur pour vis de po\u00eale \u00e0 granul\u00e9s d\u2019arbre de Mellor 8.5-Moteur Mellor\",\"breadcrumb\":{\"@id\":\"https:\\\/\\\/amrtop.net\\\/produit\\\/motoreducteur-mellor-3-rpm-avec-encoder-code-fb1285-arbre-o-85-mm-toles-feuilletees-32-mm\\\/#breadcrumb\"},\"inLanguage\":\"es\",\"potentialAction\":[{\"@type\":\"ReadAction\",\"target\":[\"https:\\\/\\\/amrtop.net\\\/produit\\\/motoreducteur-mellor-3-rpm-avec-encoder-code-fb1285-arbre-o-85-mm-toles-feuilletees-32-mm\\\/\"]}]},{\"@type\":\"ImageObject\",\"inLanguage\":\"es\",\"@id\":\"https:\\\/\\\/amrtop.net\\\/produit\\\/motoreducteur-mellor-3-rpm-avec-encoder-code-fb1285-arbre-o-85-mm-toles-feuilletees-32-mm\\\/#primaryimage\",\"url\":\"https:\\\/\\\/amrtop.net\\\/wp-content\\\/uploads\\\/2020\\\/10\\\/fb1285.jpg\",\"contentUrl\":\"https:\\\/\\\/amrtop.net\\\/wp-content\\\/uploads\\\/2020\\\/10\\\/fb1285.jpg\",\"width\":960,\"height\":960,\"caption\":\"Motor\u00e9ducteur Mellor 3 rpm avec encoder Code FB1285-Motor\u00e9ducteur Mellor avec codeur pour vis de po\u00eale \u00e0 granul\u00e9s d\u2019arbre de Mellor 8.5-Moteur Mellor\"},{\"@type\":\"BreadcrumbList\",\"@id\":\"https:\\\/\\\/amrtop.net\\\/produit\\\/motoreducteur-mellor-3-rpm-avec-encoder-code-fb1285-arbre-o-85-mm-toles-feuilletees-32-mm\\\/#breadcrumb\",\"itemListElement\":[{\"@type\":\"ListItem\",\"position\":1,\"name\":\"Home\",\"item\":\"https:\\\/\\\/amrtop.net\\\/\"},{\"@type\":\"ListItem\",\"position\":2,\"name\":\"Shop\",\"item\":\"https:\\\/\\\/amrtop.net\\\/negozio\\\/\"},{\"@type\":\"ListItem\",\"position\":3,\"name\":\"Motor\u00e9ducteur Mellor 3 rpm avec encoder Code FB1285 \u2013 Arbre \u00f8 8,5 mm \u2013 T\u00f4les feuillet\u00e9es 32 mm\"}]},{\"@type\":\"WebSite\",\"@id\":\"https:\\\/\\\/amrtop.net\\\/#website\",\"url\":\"https:\\\/\\\/amrtop.net\\\/\",\"name\":\"AMRTOP B2B \u00c9tranger - Achats r\u00e9serv\u00e9s au professionnel\",\"description\":\"Pi\u00e8ces de rechange et accessoires pour po\u00eales et chaudi\u00e8res - eCommerce B2B pour Clients Professionnels\",\"potentialAction\":[{\"@type\":\"SearchAction\",\"target\":{\"@type\":\"EntryPoint\",\"urlTemplate\":\"https:\\\/\\\/amrtop.net\\\/?s={search_term_string}\"},\"query-input\":{\"@type\":\"PropertyValueSpecification\",\"valueRequired\":true,\"valueName\":\"search_term_string\"}}],\"inLanguage\":\"es\"}]}<\/script>\n<!-- \/ Yoast SEO plugin. -->","yoast_head_json":{"title":"Motor\u00e9ducteur Mellor 3 rpm avec encoder Code FB1285","description":"Motorreductor Mellor 3 rpm con codificador C\u00f3digo FB1285-Motorreductor Mellor con codificador para estufa de pellets Mellor eje helicoidal 8,5-Motorreductor Mellor","robots":{"index":"index","follow":"follow","max-snippet":"max-snippet:-1","max-image-preview":"max-image-preview:large","max-video-preview":"max-video-preview:-1"},"canonical":"https:\/\/amrtop.net\/es\/producto\/motoreducteur-mellor-3-rpm-avec-encoder-code-fb1285-arbre-o-85-mm-toles-feuilletees-32-mm\/","og_locale":"es_ES","og_type":"article","og_title":"Motor\u00e9ducteur Mellor 3 rpm avec encoder Code FB1285","og_description":"Motor\u00e9ducteur Mellor 3 rpm avec encoder Code FB1285-Motor\u00e9ducteur Mellor avec codeur pour vis de po\u00eale \u00e0 granul\u00e9s d\u2019arbre de Mellor 8.5-Moteur Mellor","og_url":"https:\/\/amrtop.net\/es\/producto\/motoreducteur-mellor-3-rpm-avec-encoder-code-fb1285-arbre-o-85-mm-toles-feuilletees-32-mm\/","og_site_name":"AMRTOP B2B \u00c9tranger - Achats r\u00e9serv\u00e9s au professionnel","article_modified_time":"2023-11-09T09:52:08+00:00","og_image":[{"width":960,"height":960,"url":"https:\/\/amrtop.net\/wp-content\/uploads\/2020\/10\/fb1285.jpg","type":"image\/jpeg"}],"twitter_card":"summary_large_image","twitter_misc":{"Tiempo de lectura":"1 minuto"},"schema":{"@context":"https:\/\/schema.org","@graph":[{"@type":"WebPage","@id":"https:\/\/amrtop.net\/produit\/motoreducteur-mellor-3-rpm-avec-encoder-code-fb1285-arbre-o-85-mm-toles-feuilletees-32-mm\/","url":"https:\/\/amrtop.net\/produit\/motoreducteur-mellor-3-rpm-avec-encoder-code-fb1285-arbre-o-85-mm-toles-feuilletees-32-mm\/","name":"Motor\u00e9ducteur Mellor 3 rpm avec encoder Code FB1285","isPartOf":{"@id":"https:\/\/amrtop.net\/#website"},"primaryImageOfPage":{"@id":"https:\/\/amrtop.net\/produit\/motoreducteur-mellor-3-rpm-avec-encoder-code-fb1285-arbre-o-85-mm-toles-feuilletees-32-mm\/#primaryimage"},"image":{"@id":"https:\/\/amrtop.net\/produit\/motoreducteur-mellor-3-rpm-avec-encoder-code-fb1285-arbre-o-85-mm-toles-feuilletees-32-mm\/#primaryimage"},"thumbnailUrl":"https:\/\/amrtop.net\/wp-content\/uploads\/2020\/10\/fb1285.jpg","datePublished":"2020-10-01T00:00:00+00:00","dateModified":"2023-11-09T09:52:08+00:00","description":"Motorreductor Mellor 3 rpm con codificador C\u00f3digo FB1285-Motorreductor Mellor con codificador para estufa de pellets Mellor eje helicoidal 8,5-Motorreductor Mellor","breadcrumb":{"@id":"https:\/\/amrtop.net\/produit\/motoreducteur-mellor-3-rpm-avec-encoder-code-fb1285-arbre-o-85-mm-toles-feuilletees-32-mm\/#breadcrumb"},"inLanguage":"es","potentialAction":[{"@type":"ReadAction","target":["https:\/\/amrtop.net\/produit\/motoreducteur-mellor-3-rpm-avec-encoder-code-fb1285-arbre-o-85-mm-toles-feuilletees-32-mm\/"]}]},{"@type":"ImageObject","inLanguage":"es","@id":"https:\/\/amrtop.net\/produit\/motoreducteur-mellor-3-rpm-avec-encoder-code-fb1285-arbre-o-85-mm-toles-feuilletees-32-mm\/#primaryimage","url":"https:\/\/amrtop.net\/wp-content\/uploads\/2020\/10\/fb1285.jpg","contentUrl":"https:\/\/amrtop.net\/wp-content\/uploads\/2020\/10\/fb1285.jpg","width":960,"height":960,"caption":"Motor\u00e9ducteur Mellor 3 rpm avec encoder Code FB1285-Motor\u00e9ducteur Mellor avec codeur pour vis de po\u00eale \u00e0 granul\u00e9s d\u2019arbre de Mellor 8.5-Moteur Mellor"},{"@type":"BreadcrumbList","@id":"https:\/\/amrtop.net\/produit\/motoreducteur-mellor-3-rpm-avec-encoder-code-fb1285-arbre-o-85-mm-toles-feuilletees-32-mm\/#breadcrumb","itemListElement":[{"@type":"ListItem","position":1,"name":"Home","item":"https:\/\/amrtop.net\/"},{"@type":"ListItem","position":2,"name":"Shop","item":"https:\/\/amrtop.net\/negozio\/"},{"@type":"ListItem","position":3,"name":"Motor\u00e9ducteur Mellor 3 rpm avec encoder Code FB1285 \u2013 Arbre \u00f8 8,5 mm \u2013 T\u00f4les feuillet\u00e9es 32 mm"}]},{"@type":"WebSite","@id":"https:\/\/amrtop.net\/#website","url":"https:\/\/amrtop.net\/","name":"AMRTOP B2B Abroad - Compras reservadas a los profesionales","description":"Recambios y accesorios para estufas y calderas - Comercio electr\u00f3nico B2B para profesionales","potentialAction":[{"@type":"SearchAction","target":{"@type":"EntryPoint","urlTemplate":"https:\/\/amrtop.net\/?s={search_term_string}"},"query-input":{"@type":"PropertyValueSpecification","valueRequired":true,"valueName":"search_term_string"}}],"inLanguage":"es"}]}},"_links":{"self":[{"href":"https:\/\/amrtop.net\/es\/wp-json\/wp\/v2\/product\/3637","targetHints":{"allow":["GET"]}}],"collection":[{"href":"https:\/\/amrtop.net\/es\/wp-json\/wp\/v2\/product"}],"about":[{"href":"https:\/\/amrtop.net\/es\/wp-json\/wp\/v2\/types\/product"}],"replies":[{"embeddable":true,"href":"https:\/\/amrtop.net\/es\/wp-json\/wp\/v2\/comments?post=3637"}],"wp:featuredmedia":[{"embeddable":true,"href":"https:\/\/amrtop.net\/es\/wp-json\/wp\/v2\/media\/34772"}],"wp:attachment":[{"href":"https:\/\/amrtop.net\/es\/wp-json\/wp\/v2\/media?parent=3637"}],"wp:term":[{"taxonomy":"product_brand","embeddable":true,"href":"https:\/\/amrtop.net\/es\/wp-json\/wp\/v2\/product_brand?post=3637"},{"taxonomy":"product_cat","embeddable":true,"href":"https:\/\/amrtop.net\/es\/wp-json\/wp\/v2\/product_cat?post=3637"},{"taxonomy":"product_tag","embeddable":true,"href":"https:\/\/amrtop.net\/es\/wp-json\/wp\/v2\/product_tag?post=3637"}],"curies":[{"name":"wp","href":"https:\/\/api.w.org\/{rel}","templated":true}]}}