{"id":3677,"date":"2020-10-01T00:00:00","date_gmt":"2020-10-01T00:00:00","guid":{"rendered":"https:\/\/amrtop.com\/B2B\/?post_type=product&#038;p=3677"},"modified":"2025-02-13T14:31:47","modified_gmt":"2025-02-13T14:31:47","slug":"motoreducteur-kenta-1-5-rpm-avec-encodeur-code-k9115003-arbre-o-85-mm-toles-feuilletees-30-mm","status":"publish","type":"product","link":"https:\/\/amrtop.net\/es\/produit\/motoreducteur-kenta-1-5-rpm-avec-encodeur-code-k9115003-arbre-o-85-mm-toles-feuilletees-30-mm\/","title":{"rendered":"Motorreductor Kenta 1,5 rpm con codificador C\u00f3digo K9115003 - Eje \u00f8 8,5 mm - Chapas laminadas 30 mm"},"content":{"rendered":"<hr \/>\n<h3><strong>Motor\u00e9ducteur Kenta 1.5 rpm \u00f8 8.5 K9115003<\/strong><\/h3>\n<p>La amplia gama de motorreductores K911 incluye versiones con motores de corriente alterna (CA) de dos polos y motores de corriente continua (CC) con imanes permanentes.<\/p>\n<p>El dise\u00f1o innovador, los sistemas de producci\u00f3n y los controles del proceso de fabricaci\u00f3n garantizan productos fiables y de alto rendimiento.<\/p>\n<h3><strong>Caracter\u00edsticas principales de los motorreductores Kenta :<\/strong><\/h3>\n<p>La caja de cambios es de zamak fundido a presi\u00f3n e incorpora cierres.<br \/>\npara la aplicaci\u00f3n.<\/p>\n<p>La cadena cinem\u00e1tica de engranajes se compone de: un eje motor con dientes helicoidales, engranajes de materiales termopl\u00e1sticos especiales y engranajes de acero sinterizado.<\/p>\n<p>Este sistema garantiza una alta fiabilidad, lo que permite utilizar los motorreductores K911 tanto en entornos fr\u00edos (por ejemplo, enfriadoras) como calientes (por ejemplo, hornos).<\/p>\n<p>La caja de cambios tiene 2 orificios de montaje pasantes y 5 orificios de montaje con una penetraci\u00f3n m\u00e1xima de 4 mm.<\/p>\n<p>Los motorreductores de CA K911 utilizan motores as\u00edncronos bipolares y monof\u00e1sicos con bobinas de cortocircuito, y<br \/>\nsentido de giro predeterminado.<\/p>\n<p>Las bobinas se enrollan mediante una instalaci\u00f3n autom\u00e1tica equipada con control de hilo.<br \/>\ntensi\u00f3n estabilizada.<\/p>\n<p>Tensiones y frecuencias disponibles: de 24 a 240 V y 50\/60 Hz.<br \/>\nLos motorreductores de corriente continua K911 utilizan motores de corriente continua con escobillas e imanes.<br \/>\npara alimentaci\u00f3n de 12 y 24 V.<\/p>\n<p>Estos motores ofrecen doble rotaci\u00f3n<\/p>\n<h3><strong>Utilisation du Motor\u00e9ducteur Kenta 1.5 rpm arbre \u00f8 8.5 K9115003<\/strong><\/h3>\n<p>Una vez que llega a la parte superior de la c\u00f3clea, el pellet cae de forma natural en un conducto que lo lleva al quemador.<\/p>\n<h3><strong>Aplicaciones t\u00edpicas<\/strong><\/h3>\n<p>M\u00e1quinas expendedoras - Conjuntos de m\u00e1quinas de caf\u00e9 - Envasadoras al vac\u00edo - Asadores rotativos - Giroscopios - M\u00e1quinas de hielo - Expositores rotativos - Estufas de pellets - Etiquetadoras - Actuadores industriales.<\/p>\n<h3><strong>Interior<\/strong><\/h3>\n<p><a href=\"https:\/\/wekos.it\/\">Estufas, cocinas y cocinas de le\u00f1a<\/a>\u00a0-\u00a0<a href=\"https:\/\/www.greenpuros.com\/\">chimeneas, estufas y calderas de pellets.<\/a><\/p>\n<h3><strong>Gama Amrtop de recambios y accesorios<\/strong><\/h3>\n<p>&nbsp;<\/p>\n<p><a href=\"https:\/\/amrtop.net\/es\/categoria-de-productos\/recambios-miscelaneos-cocinas-y-calderas-2\/bougies-dallumage-pour-poeles-et-chaudieres-a-pellets\/\">Calentadores<\/a><\/p>\n<p><a href=\"https:\/\/amrtop.net\/es\/categoria-de-productos\/recambios-miscelaneos-cocinas-y-calderas-2\/electronique\/\">Electr\u00f3nica<\/a><\/p>\n<p><a href=\"https:\/\/amrtop.net\/es\/categoria-de-productos\/recambios-miscelaneos-cocinas-y-calderas-2\/extracteurs-de-fumee\/\">Extractores de humo<\/a><\/p>\n<p><a href=\"https:\/\/amrtop.net\/es\/categoria-de-productos\/recambios-miscelaneos-cocinas-y-calderas-2\/gaines-cable-connecteurs\/\">Fundas de cables de conexi\u00f3n<\/a><\/p>\n<p><a href=\"https:\/\/amrtop.net\/es\/categoria-de-productos\/recambios-miscelaneos-cocinas-y-calderas-2\/joints-de-silicone\/\">Juntas de silicona<\/a><\/p>\n<p><a href=\"https:\/\/amrtop.net\/es\/categoria-de-productos\/recambios-miscelaneos-cocinas-y-calderas-2\/motoreducteurs\/\">Motorreductores<\/a><\/p>\n<p><a href=\"https:\/\/amrtop.net\/es\/categoria-de-productos\/recambios-miscelaneos-cocinas-y-calderas-2\/pressostats-et-transducteurs\/\">Presostatos y transductores<\/a><\/p>\n<p><a href=\"https:\/\/amrtop.net\/es\/categoria-de-productos\/recambios-miscelaneos-cocinas-y-calderas-2\/sondes-thermostats-manometres-thermometres\/\">Sondas termostatos man\u00f3metros term\u00f3metros<\/a><\/p>\n<p><a href=\"https:\/\/amrtop.net\/es\/categoria-de-productos\/recambios-miscelaneos-cocinas-y-calderas-2\/joints-detancheite\/\">Sellado de trenzas<\/a><\/p>\n<p><a href=\"https:\/\/amrtop.net\/es\/categoria-de-productos\/recambios-miscelaneos-cocinas-y-calderas-2\/ventilateurs-centrifuges-pour-poeles-a-pellets\/\">Ventiladores centr\u00edfugos<\/a><\/p>\n<p><a href=\"https:\/\/amrtop.net\/es\/categoria-de-productos\/recambios-miscelaneos-cocinas-y-calderas-2\/ventilateurs-tangentiels-flux-transversal\/\">Ventiladores de flujo cruzado<\/a><\/p>\n<p><a href=\"https:\/\/amrtop.net\/es\/categoria-de-productos\/recambios-miscelaneos-cocinas-y-calderas-2\/adhesifs-et-produits-detancheite\/\">Colas y selladores<\/a><\/p>\n<h3><\/h3>\n<p>&nbsp;<\/p>","protected":false},"excerpt":{"rendered":"<hr \/>\n<h2><span style=\"color: #008000\">Disponible en<\/span><\/h2>\n<hr \/>\n<p><strong>Motor\u00e9ducteur Kenta 1,5 rpm avec encodeur<\/strong><br \/>\nCode K9115003<\/p>\n<p>\u00f8 del eje : 8,5 mm<br \/>\nVelocidad: 1,5 rpm<br \/>\nPaquet lamellaire : 30 mm<br \/>\nAplanado: simple<br \/>\nSentido de giro: agujas del reloj<br \/>\nCouple de serrage : 32 Nm<\/p>\n<p><strong>Compatibilidad<\/strong><br \/>\n<strong>Intercambiable con los siguientes modelos de motorreductores de tornillo sinf\u00edn de carga de pellets :<\/strong><br \/>\nKenta : K9115001, K9115002, K9115006<br \/>\nMellor : FB1222<\/p>\n<p><strong>Motor\u00e9ducteur-moteur vis sans fin install\u00e9 et compatible avec les marques et mod\u00e8les de po\u00eales \u00e0 granul\u00e9s suivants :<\/strong><br \/>\nAdler,Artel,Burnit,Caminetti montegrappa,Clam,Ecospar,Mcz,Nordica Extraflam,Vulcania<\/p>","protected":false},"featured_media":34887,"comment_status":"open","ping_status":"closed","template":"","meta":[],"product_brand":[],"product_cat":[861,872,873],"product_tag":[24,211,162,212,125,163,81,193,99],"class_list":{"0":"post-3677","1":"product","2":"type-product","3":"status-publish","4":"has-post-thumbnail","6":"product_cat-motoreducteurs","7":"product_cat-motoreducteurs-kenta","8":"product_cat-motoreducteurs-kenta-arbre-o-8-5-mm-avec-encoder","9":"product_tag-adler","10":"product_tag-artele","11":"product_tag-burnit","12":"product_tag-caminetti-montegrapp","13":"product_tag-clam","14":"product_tag-ecospar","15":"product_tag-mcz","16":"product_tag-nordica-extraflam","17":"product_tag-vulcania","18":"product_shipping_class-classe-di-spedizione-02","20":"first","21":"instock","22":"shipping-taxable","23":"purchasable","24":"product-type-simple"},"yoast_head":"<!-- This site is optimized with the Yoast SEO plugin v27.4 - https:\/\/yoast.com\/product\/yoast-seo-wordpress\/ -->\n<title>Motor\u00e9ducteur Kenta 1.5 rpm \u00f8 8.5 K9115003<\/title>\n<meta name=\"description\" content=\"Motor\u00e9ducteur Kenta 1.5 rpm \u00f8 8.5 K9115003-Motor\u00e9ducteurs Kenta avec encodeur pour vis de po\u00eale \u00e0 granul\u00e9s d\u2019arbre, 8.5-Moteurs Kenta avec encodeur\" \/>\n<meta name=\"robots\" content=\"index, follow, max-snippet:-1, max-image-preview:large, max-video-preview:-1\" \/>\n<link rel=\"canonical\" href=\"https:\/\/amrtop.net\/es\/producto\/motoreducteur-kenta-1-5-rpm-avec-encodeur-code-k9115003-arbre-o-85-mm-toles-feuilletees-30-mm\/\" \/>\n<meta property=\"og:locale\" content=\"es_ES\" \/>\n<meta property=\"og:type\" content=\"article\" \/>\n<meta property=\"og:title\" content=\"Motor\u00e9ducteur Kenta 1.5 rpm \u00f8 8.5 K9115003\" \/>\n<meta property=\"og:description\" content=\"Motor\u00e9ducteur Kenta 1.5 rpm \u00f8 8.5 K9115003-Motor\u00e9ducteurs Kenta avec encodeur pour vis de po\u00eale \u00e0 granul\u00e9s d\u2019arbre, 8.5-Moteurs Kenta avec encodeur\" \/>\n<meta property=\"og:url\" content=\"https:\/\/amrtop.net\/es\/producto\/motoreducteur-kenta-1-5-rpm-avec-encodeur-code-k9115003-arbre-o-85-mm-toles-feuilletees-30-mm\/\" \/>\n<meta property=\"og:site_name\" content=\"AMRTOP B2B \u00c9tranger - Achats r\u00e9serv\u00e9s au professionnel\" \/>\n<meta property=\"article:modified_time\" content=\"2025-02-13T14:31:47+00:00\" \/>\n<meta property=\"og:image\" content=\"https:\/\/amrtop.net\/wp-content\/uploads\/2022\/07\/K9115003.jpg\" \/>\n\t<meta property=\"og:image:width\" content=\"960\" \/>\n\t<meta property=\"og:image:height\" content=\"960\" \/>\n\t<meta property=\"og:image:type\" content=\"image\/jpeg\" \/>\n<meta name=\"twitter:card\" content=\"summary_large_image\" \/>\n<meta name=\"twitter:label1\" content=\"Tiempo de lectura\" \/>\n\t<meta name=\"twitter:data1\" content=\"2 minutos\" \/>\n<script type=\"application\/ld+json\" class=\"yoast-schema-graph\">{\"@context\":\"https:\\\/\\\/schema.org\",\"@graph\":[{\"@type\":\"WebPage\",\"@id\":\"https:\\\/\\\/amrtop.net\\\/produit\\\/motoreducteur-kenta-1-5-rpm-avec-encodeur-code-k9115003-arbre-o-85-mm-toles-feuilletees-30-mm\\\/\",\"url\":\"https:\\\/\\\/amrtop.net\\\/produit\\\/motoreducteur-kenta-1-5-rpm-avec-encodeur-code-k9115003-arbre-o-85-mm-toles-feuilletees-30-mm\\\/\",\"name\":\"Motor\u00e9ducteur Kenta 1.5 rpm \u00f8 8.5 K9115003\",\"isPartOf\":{\"@id\":\"https:\\\/\\\/amrtop.net\\\/#website\"},\"primaryImageOfPage\":{\"@id\":\"https:\\\/\\\/amrtop.net\\\/produit\\\/motoreducteur-kenta-1-5-rpm-avec-encodeur-code-k9115003-arbre-o-85-mm-toles-feuilletees-30-mm\\\/#primaryimage\"},\"image\":{\"@id\":\"https:\\\/\\\/amrtop.net\\\/produit\\\/motoreducteur-kenta-1-5-rpm-avec-encodeur-code-k9115003-arbre-o-85-mm-toles-feuilletees-30-mm\\\/#primaryimage\"},\"thumbnailUrl\":\"https:\\\/\\\/amrtop.net\\\/wp-content\\\/uploads\\\/2022\\\/07\\\/K9115003.jpg\",\"datePublished\":\"2020-10-01T00:00:00+00:00\",\"dateModified\":\"2025-02-13T14:31:47+00:00\",\"description\":\"Motor\u00e9ducteur Kenta 1.5 rpm \u00f8 8.5 K9115003-Motor\u00e9ducteurs Kenta avec encodeur pour vis de po\u00eale \u00e0 granul\u00e9s d\u2019arbre, 8.5-Moteurs Kenta avec encodeur\",\"breadcrumb\":{\"@id\":\"https:\\\/\\\/amrtop.net\\\/produit\\\/motoreducteur-kenta-1-5-rpm-avec-encodeur-code-k9115003-arbre-o-85-mm-toles-feuilletees-30-mm\\\/#breadcrumb\"},\"inLanguage\":\"es\",\"potentialAction\":[{\"@type\":\"ReadAction\",\"target\":[\"https:\\\/\\\/amrtop.net\\\/produit\\\/motoreducteur-kenta-1-5-rpm-avec-encodeur-code-k9115003-arbre-o-85-mm-toles-feuilletees-30-mm\\\/\"]}]},{\"@type\":\"ImageObject\",\"inLanguage\":\"es\",\"@id\":\"https:\\\/\\\/amrtop.net\\\/produit\\\/motoreducteur-kenta-1-5-rpm-avec-encodeur-code-k9115003-arbre-o-85-mm-toles-feuilletees-30-mm\\\/#primaryimage\",\"url\":\"https:\\\/\\\/amrtop.net\\\/wp-content\\\/uploads\\\/2022\\\/07\\\/K9115003.jpg\",\"contentUrl\":\"https:\\\/\\\/amrtop.net\\\/wp-content\\\/uploads\\\/2022\\\/07\\\/K9115003.jpg\",\"width\":960,\"height\":960,\"caption\":\"Motor\u00e9ducteur Kenta 1.5 rpm \u00f8 8.5 K9115003-Motor\u00e9ducteurs Kenta avec encodeur pour vis de po\u00eale \u00e0 granul\u00e9s d\u2019arbre, 8.5-Moteurs Kenta avec encodeur\"},{\"@type\":\"BreadcrumbList\",\"@id\":\"https:\\\/\\\/amrtop.net\\\/produit\\\/motoreducteur-kenta-1-5-rpm-avec-encodeur-code-k9115003-arbre-o-85-mm-toles-feuilletees-30-mm\\\/#breadcrumb\",\"itemListElement\":[{\"@type\":\"ListItem\",\"position\":1,\"name\":\"Home\",\"item\":\"https:\\\/\\\/amrtop.net\\\/\"},{\"@type\":\"ListItem\",\"position\":2,\"name\":\"Shop\",\"item\":\"https:\\\/\\\/amrtop.net\\\/negozio\\\/\"},{\"@type\":\"ListItem\",\"position\":3,\"name\":\"Motor\u00e9ducteur Kenta 1.5 rpm avec encodeur Code K9115003 &#8211; Arbre \u00f8 8,5 mm \u2013 T\u00f4les feuillet\u00e9es 30 mm\"}]},{\"@type\":\"WebSite\",\"@id\":\"https:\\\/\\\/amrtop.net\\\/#website\",\"url\":\"https:\\\/\\\/amrtop.net\\\/\",\"name\":\"AMRTOP B2B \u00c9tranger - Achats r\u00e9serv\u00e9s au professionnel\",\"description\":\"Pi\u00e8ces de rechange et accessoires pour po\u00eales et chaudi\u00e8res - eCommerce B2B pour Clients Professionnels\",\"potentialAction\":[{\"@type\":\"SearchAction\",\"target\":{\"@type\":\"EntryPoint\",\"urlTemplate\":\"https:\\\/\\\/amrtop.net\\\/?s={search_term_string}\"},\"query-input\":{\"@type\":\"PropertyValueSpecification\",\"valueRequired\":true,\"valueName\":\"search_term_string\"}}],\"inLanguage\":\"es\"}]}<\/script>\n<!-- \/ Yoast SEO plugin. -->","yoast_head_json":{"title":"Motor\u00e9ducteur Kenta 1.5 rpm \u00f8 8.5 K9115003","description":"Motorreductor Kenta 1,5 rpm \u00f8 8,5 K9115003-Motorreductores Kenta con codificador para tornillos de estufas de pellets","robots":{"index":"index","follow":"follow","max-snippet":"max-snippet:-1","max-image-preview":"max-image-preview:large","max-video-preview":"max-video-preview:-1"},"canonical":"https:\/\/amrtop.net\/es\/producto\/motoreducteur-kenta-1-5-rpm-avec-encodeur-code-k9115003-arbre-o-85-mm-toles-feuilletees-30-mm\/","og_locale":"es_ES","og_type":"article","og_title":"Motor\u00e9ducteur Kenta 1.5 rpm \u00f8 8.5 K9115003","og_description":"Motor\u00e9ducteur Kenta 1.5 rpm \u00f8 8.5 K9115003-Motor\u00e9ducteurs Kenta avec encodeur pour vis de po\u00eale \u00e0 granul\u00e9s d\u2019arbre, 8.5-Moteurs Kenta avec encodeur","og_url":"https:\/\/amrtop.net\/es\/producto\/motoreducteur-kenta-1-5-rpm-avec-encodeur-code-k9115003-arbre-o-85-mm-toles-feuilletees-30-mm\/","og_site_name":"AMRTOP B2B \u00c9tranger - Achats r\u00e9serv\u00e9s au professionnel","article_modified_time":"2025-02-13T14:31:47+00:00","og_image":[{"width":960,"height":960,"url":"https:\/\/amrtop.net\/wp-content\/uploads\/2022\/07\/K9115003.jpg","type":"image\/jpeg"}],"twitter_card":"summary_large_image","twitter_misc":{"Tiempo de lectura":"2 minutos"},"schema":{"@context":"https:\/\/schema.org","@graph":[{"@type":"WebPage","@id":"https:\/\/amrtop.net\/produit\/motoreducteur-kenta-1-5-rpm-avec-encodeur-code-k9115003-arbre-o-85-mm-toles-feuilletees-30-mm\/","url":"https:\/\/amrtop.net\/produit\/motoreducteur-kenta-1-5-rpm-avec-encodeur-code-k9115003-arbre-o-85-mm-toles-feuilletees-30-mm\/","name":"Motor\u00e9ducteur Kenta 1.5 rpm \u00f8 8.5 K9115003","isPartOf":{"@id":"https:\/\/amrtop.net\/#website"},"primaryImageOfPage":{"@id":"https:\/\/amrtop.net\/produit\/motoreducteur-kenta-1-5-rpm-avec-encodeur-code-k9115003-arbre-o-85-mm-toles-feuilletees-30-mm\/#primaryimage"},"image":{"@id":"https:\/\/amrtop.net\/produit\/motoreducteur-kenta-1-5-rpm-avec-encodeur-code-k9115003-arbre-o-85-mm-toles-feuilletees-30-mm\/#primaryimage"},"thumbnailUrl":"https:\/\/amrtop.net\/wp-content\/uploads\/2022\/07\/K9115003.jpg","datePublished":"2020-10-01T00:00:00+00:00","dateModified":"2025-02-13T14:31:47+00:00","description":"Motorreductor Kenta 1,5 rpm \u00f8 8,5 K9115003-Motorreductores Kenta con codificador para tornillos de estufas de pellets","breadcrumb":{"@id":"https:\/\/amrtop.net\/produit\/motoreducteur-kenta-1-5-rpm-avec-encodeur-code-k9115003-arbre-o-85-mm-toles-feuilletees-30-mm\/#breadcrumb"},"inLanguage":"es","potentialAction":[{"@type":"ReadAction","target":["https:\/\/amrtop.net\/produit\/motoreducteur-kenta-1-5-rpm-avec-encodeur-code-k9115003-arbre-o-85-mm-toles-feuilletees-30-mm\/"]}]},{"@type":"ImageObject","inLanguage":"es","@id":"https:\/\/amrtop.net\/produit\/motoreducteur-kenta-1-5-rpm-avec-encodeur-code-k9115003-arbre-o-85-mm-toles-feuilletees-30-mm\/#primaryimage","url":"https:\/\/amrtop.net\/wp-content\/uploads\/2022\/07\/K9115003.jpg","contentUrl":"https:\/\/amrtop.net\/wp-content\/uploads\/2022\/07\/K9115003.jpg","width":960,"height":960,"caption":"Motor\u00e9ducteur Kenta 1.5 rpm \u00f8 8.5 K9115003-Motor\u00e9ducteurs Kenta avec encodeur pour vis de po\u00eale \u00e0 granul\u00e9s d\u2019arbre, 8.5-Moteurs Kenta avec encodeur"},{"@type":"BreadcrumbList","@id":"https:\/\/amrtop.net\/produit\/motoreducteur-kenta-1-5-rpm-avec-encodeur-code-k9115003-arbre-o-85-mm-toles-feuilletees-30-mm\/#breadcrumb","itemListElement":[{"@type":"ListItem","position":1,"name":"Home","item":"https:\/\/amrtop.net\/"},{"@type":"ListItem","position":2,"name":"Shop","item":"https:\/\/amrtop.net\/negozio\/"},{"@type":"ListItem","position":3,"name":"Motor\u00e9ducteur Kenta 1.5 rpm avec encodeur Code K9115003 &#8211; Arbre \u00f8 8,5 mm \u2013 T\u00f4les feuillet\u00e9es 30 mm"}]},{"@type":"WebSite","@id":"https:\/\/amrtop.net\/#website","url":"https:\/\/amrtop.net\/","name":"AMRTOP B2B Abroad - Compras reservadas a los profesionales","description":"Recambios y accesorios para estufas y calderas - Comercio electr\u00f3nico B2B para profesionales","potentialAction":[{"@type":"SearchAction","target":{"@type":"EntryPoint","urlTemplate":"https:\/\/amrtop.net\/?s={search_term_string}"},"query-input":{"@type":"PropertyValueSpecification","valueRequired":true,"valueName":"search_term_string"}}],"inLanguage":"es"}]}},"_links":{"self":[{"href":"https:\/\/amrtop.net\/es\/wp-json\/wp\/v2\/product\/3677","targetHints":{"allow":["GET"]}}],"collection":[{"href":"https:\/\/amrtop.net\/es\/wp-json\/wp\/v2\/product"}],"about":[{"href":"https:\/\/amrtop.net\/es\/wp-json\/wp\/v2\/types\/product"}],"replies":[{"embeddable":true,"href":"https:\/\/amrtop.net\/es\/wp-json\/wp\/v2\/comments?post=3677"}],"wp:featuredmedia":[{"embeddable":true,"href":"https:\/\/amrtop.net\/es\/wp-json\/wp\/v2\/media\/34887"}],"wp:attachment":[{"href":"https:\/\/amrtop.net\/es\/wp-json\/wp\/v2\/media?parent=3677"}],"wp:term":[{"taxonomy":"product_brand","embeddable":true,"href":"https:\/\/amrtop.net\/es\/wp-json\/wp\/v2\/product_brand?post=3677"},{"taxonomy":"product_cat","embeddable":true,"href":"https:\/\/amrtop.net\/es\/wp-json\/wp\/v2\/product_cat?post=3677"},{"taxonomy":"product_tag","embeddable":true,"href":"https:\/\/amrtop.net\/es\/wp-json\/wp\/v2\/product_tag?post=3677"}],"curies":[{"name":"wp","href":"https:\/\/api.w.org\/{rel}","templated":true}]}}