{"id":36801,"date":"2023-02-21T08:59:41","date_gmt":"2023-02-21T08:59:41","guid":{"rendered":"https:\/\/amrtop.com\/B2B\/?post_type=product&#038;p=36801"},"modified":"2023-08-02T12:06:56","modified_gmt":"2023-08-02T12:06:56","slug":"sonde-de-fumee-avec-bride-code-2000564-extraflame","status":"publish","type":"product","link":"https:\/\/amrtop.net\/es\/produit\/sonde-de-fumee-avec-bride-code-2000564-extraflame\/","title":{"rendered":"Sonde de fum\u00e9e avec bride- Compatible avec le code Extraflame 2000564"},"content":{"rendered":"<h3><strong>Sonde de fum\u00e9e avec bride code.2000564 Extraflame <\/strong><\/h3>\n<ul>\n<li>Sonde de fum\u00e9e thermique avec bride compatible avec code Extraflame 2000564 utilis\u00e9e sur les mod\u00e8les suivants\u00a0:<\/li>\n<li>Chaudi\u00e8res \u00e0 pellets LP14 et LP20<\/li>\n<li>Inserts \u00e0 pellets Comfort Maxi, Comfort Mini, Comfort Mini Crystal, Comfort P70, Comfort P70H49, Comfort P80, Comfort Plus, Comfort Plus Crystal<\/li>\n<li>Po\u00eales \u00e0 granul\u00e9s Anastasia Plus, Annabella, Babyfiamma, Bella, Bella Lux, Clementina, Contessa, Delizia Forno, Divina, Divina Plus, Divina Steel, Divina Plus, Divina Steel, Dorothy, Duchessa, Duchessa Steel, Ecofiamma, Ecologica, Ella, Emma, Emma Plus, Esmeralda, Esmeralda Crystal, Fal\u00f2 1 XLP, Fal\u00f2 CP, Giusy Plus, Giusy Plus Evo, Glenda, Graziosa Lux, Graziosa Lux Plus, Graziosa Steel, Graziosa Steel Plus, Ilenia, Irina, Irma, Irma Plus, Isabella, Karolina, Karolina Steel, Melinda Steel Air, Mietta, Novella, Novella Evo, Novella Plus, Novella Plus Evo, Preziosa, Preziosa Steel, Rosy, Sibilia, Sibilia Plus, Souvenir Lux, Souvenir Steel, Teodora, Tosca Plus, Viviana Plus, Viviana Plus Evo, Wendy<\/li>\n<li>Thermoproduits Comfort Idro L80, Comfort Idro, Diadema ACS Idro, Diadema Idro, Duchessa Idro, Duchessa Idro Steel, Ecologica Idro, Ecologica Idro Steel, Evelyne Idro, Fiandra Idro, Giordana Idro, Iside Idro, Iside Idro 2.0, Liliana Idro, Lucrezia Idro, Lucrezia Idro Steel, Megan Idro Steel, Melinda Idro, Melinda Idro 2.0, Melinda Idro Steel, Melinda Idro Steel 2.0, Raffaella Idro, Raffaella Idro 2.0<\/li>\n<\/ul>\n<p>Amrtop comercializa este producto a empresas con certificaci\u00f3n ISO9001 que dise\u00f1an y construyen todo tipo de sensores de temperatura para el control industrial y profesional de la temperatura.<\/p>\n<p>El objetivo de Amrtop es garantizar la fiabilidad al tiempo que ofrece productos tecnol\u00f3gicos de vanguardia.<\/p>\n<p>Sensores de temperatura para chimeneas el\u00e9ctricas y estufas de pellets procesados por Amrtop:<\/p>\n<ul>\n<li>Sondas de extracci\u00f3n de humos.<\/li>\n<li>Sondas de alta temperatura.<\/li>\n<li>Sondas de alta temperatura con tubo c\u00f3nico para hornos<\/li>\n<li>Sondas con cable de silicona y muelle antipellizco de acero inoxidable. Sonda de goteo para sistemas de aire.<\/li>\n<li>Sondas estancas con<br \/>\ndoble aislamiento<\/li>\n<\/ul>\n<h3>Utilisation de la s<strong>onde de fum\u00e9e avec bride code.2000564 Extraflame <\/strong><\/h3>\n<p>Los sensores de gases de combusti\u00f3n, ambientales y de agua se instalan en aparatos que queman combustible s\u00f3lido (pellets, avellanas, Sansa, madera y astillas).<\/p>\n<p>Su trabajo consiste en detectar y controlar las temperaturas generadas por los cuerpos de combusti\u00f3n que producen aire y agua caliente, comunicando los datos a las distintas tarjetas electr\u00f3nicas.<\/p>\n<p>Los cables para todas las sondas que ofrece Amrtop est\u00e1n disponibles en diferentes longitudes con y sin conectores.<\/p>\n<p>Se encuentra en aparatos t\u00edpicos - Estufa de pellets - Caldera de pellets - Quemador de pellets - Barbacoa\/parrilla de pellets Caldera de biomasa - Quemador de biomasa - Y muchos otros quemadores<\/p>\n<h3>Interior<\/h3>\n<p><a href=\"https:\/\/wekos.it\/\">Estufas, cocinas y cocinas de le\u00f1a<\/a>\u00a0-\u00a0<a href=\"https:\/\/www.greenpuros.com\/\">chimeneas, estufas y calderas de pellets.<\/a><\/p>\n<h3>Gama Amrtop de recambios y accesorios<\/h3>\n<p><a href=\"https:\/\/amrtop.net\/es\/categoria-de-productos\/recambios-miscelaneos-cocinas-y-calderas-2\/bougies-dallumage-pour-poeles-et-chaudieres-a-pellets\/\">Calentadores<\/a><\/p>\n<p><a href=\"https:\/\/amrtop.net\/es\/categoria-de-productos\/recambios-miscelaneos-cocinas-y-calderas-2\/electronique\/\">Electr\u00f3nica<\/a><\/p>\n<p><a href=\"https:\/\/amrtop.net\/es\/categoria-de-productos\/recambios-miscelaneos-cocinas-y-calderas-2\/extracteurs-de-fumee\/\">Extractores de humo<\/a><\/p>\n<p><a href=\"https:\/\/amrtop.net\/es\/categoria-de-productos\/recambios-miscelaneos-cocinas-y-calderas-2\/gaines-cable-connecteurs\/\">Fundas de cables de conexi\u00f3n<\/a><\/p>\n<p><a href=\"https:\/\/amrtop.net\/es\/categoria-de-productos\/recambios-miscelaneos-cocinas-y-calderas-2\/joints-de-silicone\/\">Juntas de silicona<\/a><\/p>\n<p><a href=\"https:\/\/amrtop.net\/es\/categoria-de-productos\/recambios-miscelaneos-cocinas-y-calderas-2\/motoreducteurs\/\">Motorreductores<\/a><\/p>\n<p><a href=\"https:\/\/amrtop.net\/es\/categoria-de-productos\/recambios-miscelaneos-cocinas-y-calderas-2\/pressostats-et-transducteurs\/\">Presostatos y transductores<\/a><\/p>\n<p><a href=\"https:\/\/amrtop.net\/es\/categoria-de-productos\/recambios-miscelaneos-cocinas-y-calderas-2\/sondes-thermostats-manometres-thermometres\/\">Sondas termostatos man\u00f3metros term\u00f3metros<\/a><\/p>\n<p><a href=\"https:\/\/amrtop.net\/es\/categoria-de-productos\/recambios-miscelaneos-cocinas-y-calderas-2\/joints-detancheite\/\">Sellado de trenzas<\/a><\/p>\n<p><a href=\"https:\/\/amrtop.net\/es\/categoria-de-productos\/recambios-miscelaneos-cocinas-y-calderas-2\/ventilateurs-centrifuges-pour-poeles-a-pellets\/\">Ventiladores centr\u00edfugos<\/a><\/p>\n<p><a href=\"https:\/\/amrtop.net\/es\/categoria-de-productos\/recambios-miscelaneos-cocinas-y-calderas-2\/ventilateurs-tangentiels-flux-transversal\/\">Ventiladores de flujo cruzado<\/a><\/p>\n<p><a href=\"https:\/\/amrtop.net\/es\/categoria-de-productos\/recambios-miscelaneos-cocinas-y-calderas-2\/adhesifs-et-produits-detancheite\/\">Colas y selladores<\/a><\/p>\n<p>&nbsp;<\/p>\n<p>&nbsp;<\/p>\n<p>&nbsp;<\/p>\n<p>&nbsp;<\/p>","protected":false},"excerpt":{"rendered":"<h2><span style=\"color: #008000;\">Disponible en<\/span><\/h2>\n<hr \/>\n<p>Compatible avec le code Extraflame 2000564<\/p>\n<p>Material de la c\u00e1psula: acero inoxidable<\/p>\n<p>Longueur de la capsule\u00a0: 22 mm<\/p>\n<p>Di\u00e1metro de la c\u00e1psula: 4 mm<\/p>\n<p>Mat\u00e9riau du c\u00e2ble\u00a0: VTX gain\u00e9 thermique<\/p>\n<p>Longueur du c\u00e2ble\u00a0: 880 mm<\/p>","protected":false},"featured_media":36805,"comment_status":"open","ping_status":"closed","template":"","meta":[],"product_brand":[],"product_cat":[839,1577,1339],"product_tag":[],"class_list":{"0":"post-36801","1":"product","2":"type-product","3":"status-publish","4":"has-post-thumbnail","6":"product_cat-pieces-de-rechange-divers-poeles-et-chaudieres","7":"product_cat-sondes-extraflame","8":"product_cat-sondes-thermostats-manometres-thermometres-pour-poeles-et-chaudieres","9":"product_shipping_class-classe-di-spedizione-01","11":"first","12":"instock","13":"shipping-taxable","14":"purchasable","15":"product-type-simple"},"yoast_head":"<!-- This site is optimized with the Yoast SEO plugin v27.4 - https:\/\/yoast.com\/product\/yoast-seo-wordpress\/ -->\n<title>Sonde de fum\u00e9e avec bride code.2000564 Extraflame<\/title>\n<meta name=\"description\" content=\"Sonde de fum\u00e9e avec bride code.2000564 Extraflame - Sonde d\u2019environnement compatible avec le code Extraflame 22721 - Sonde d\u2019environnement avec spirale en r\u00e9sine press\u00e9e PG7 compatible avec le code EXTARFLAME 2272721- Capteur de temp\u00e9rature 10K avec spirale en r\u00e9sine de 25 cm de long\" \/>\n<meta name=\"robots\" content=\"index, follow, max-snippet:-1, max-image-preview:large, max-video-preview:-1\" \/>\n<link rel=\"canonical\" href=\"https:\/\/amrtop.net\/es\/producto\/sonde-de-fumee-avec-bride-code-2000564-extraflame\/\" \/>\n<meta property=\"og:locale\" content=\"es_ES\" \/>\n<meta property=\"og:type\" content=\"article\" \/>\n<meta property=\"og:title\" content=\"Sonde de fum\u00e9e avec bride code.2000564 Extraflame\" \/>\n<meta property=\"og:description\" content=\"Sonde de fum\u00e9e avec bride code.2000564 Extraflame - Sonde d\u2019environnement compatible avec le code Extraflame 22721 - Sonde d\u2019environnement avec spirale en r\u00e9sine press\u00e9e PG7 compatible avec le code EXTARFLAME 2272721- Capteur de temp\u00e9rature 10K avec spirale en r\u00e9sine de 25 cm de long\" \/>\n<meta property=\"og:url\" content=\"https:\/\/amrtop.net\/es\/producto\/sonde-de-fumee-avec-bride-code-2000564-extraflame\/\" \/>\n<meta property=\"og:site_name\" content=\"AMRTOP B2B \u00c9tranger - Achats r\u00e9serv\u00e9s au professionnel\" \/>\n<meta property=\"article:modified_time\" content=\"2023-08-02T12:06:56+00:00\" \/>\n<meta property=\"og:image\" content=\"https:\/\/amrtop.net\/wp-content\/uploads\/2023\/02\/cod-2000564-.jpg\" \/>\n\t<meta property=\"og:image:width\" content=\"640\" \/>\n\t<meta property=\"og:image:height\" content=\"640\" \/>\n\t<meta property=\"og:image:type\" content=\"image\/jpeg\" \/>\n<meta name=\"twitter:card\" content=\"summary_large_image\" \/>\n<meta name=\"twitter:label1\" content=\"Tiempo de lectura\" \/>\n\t<meta name=\"twitter:data1\" content=\"3 minutos\" \/>\n<script type=\"application\/ld+json\" class=\"yoast-schema-graph\">{\"@context\":\"https:\\\/\\\/schema.org\",\"@graph\":[{\"@type\":\"WebPage\",\"@id\":\"https:\\\/\\\/amrtop.net\\\/produit\\\/sonde-de-fumee-avec-bride-code-2000564-extraflame\\\/\",\"url\":\"https:\\\/\\\/amrtop.net\\\/produit\\\/sonde-de-fumee-avec-bride-code-2000564-extraflame\\\/\",\"name\":\"Sonde de fum\u00e9e avec bride code.2000564 Extraflame\",\"isPartOf\":{\"@id\":\"https:\\\/\\\/amrtop.net\\\/#website\"},\"primaryImageOfPage\":{\"@id\":\"https:\\\/\\\/amrtop.net\\\/produit\\\/sonde-de-fumee-avec-bride-code-2000564-extraflame\\\/#primaryimage\"},\"image\":{\"@id\":\"https:\\\/\\\/amrtop.net\\\/produit\\\/sonde-de-fumee-avec-bride-code-2000564-extraflame\\\/#primaryimage\"},\"thumbnailUrl\":\"https:\\\/\\\/amrtop.net\\\/wp-content\\\/uploads\\\/2023\\\/02\\\/cod-2000564-.jpg\",\"datePublished\":\"2023-02-21T08:59:41+00:00\",\"dateModified\":\"2023-08-02T12:06:56+00:00\",\"description\":\"Sonde de fum\u00e9e avec bride code.2000564 Extraflame - Sonde d\u2019environnement compatible avec le code Extraflame 22721 - Sonde d\u2019environnement avec spirale en r\u00e9sine press\u00e9e PG7 compatible avec le code EXTARFLAME 2272721- Capteur de temp\u00e9rature 10K avec spirale en r\u00e9sine de 25 cm de long\",\"breadcrumb\":{\"@id\":\"https:\\\/\\\/amrtop.net\\\/produit\\\/sonde-de-fumee-avec-bride-code-2000564-extraflame\\\/#breadcrumb\"},\"inLanguage\":\"es\",\"potentialAction\":[{\"@type\":\"ReadAction\",\"target\":[\"https:\\\/\\\/amrtop.net\\\/produit\\\/sonde-de-fumee-avec-bride-code-2000564-extraflame\\\/\"]}]},{\"@type\":\"ImageObject\",\"inLanguage\":\"es\",\"@id\":\"https:\\\/\\\/amrtop.net\\\/produit\\\/sonde-de-fumee-avec-bride-code-2000564-extraflame\\\/#primaryimage\",\"url\":\"https:\\\/\\\/amrtop.net\\\/wp-content\\\/uploads\\\/2023\\\/02\\\/cod-2000564-.jpg\",\"contentUrl\":\"https:\\\/\\\/amrtop.net\\\/wp-content\\\/uploads\\\/2023\\\/02\\\/cod-2000564-.jpg\",\"width\":640,\"height\":640,\"caption\":\"Sonda fumi con flangia Extraflame codice 2000564\"},{\"@type\":\"BreadcrumbList\",\"@id\":\"https:\\\/\\\/amrtop.net\\\/produit\\\/sonde-de-fumee-avec-bride-code-2000564-extraflame\\\/#breadcrumb\",\"itemListElement\":[{\"@type\":\"ListItem\",\"position\":1,\"name\":\"Home\",\"item\":\"https:\\\/\\\/amrtop.net\\\/\"},{\"@type\":\"ListItem\",\"position\":2,\"name\":\"Shop\",\"item\":\"https:\\\/\\\/amrtop.net\\\/negozio\\\/\"},{\"@type\":\"ListItem\",\"position\":3,\"name\":\"Sonde de fum\u00e9e avec bride- Compatible avec le code Extraflame 2000564\"}]},{\"@type\":\"WebSite\",\"@id\":\"https:\\\/\\\/amrtop.net\\\/#website\",\"url\":\"https:\\\/\\\/amrtop.net\\\/\",\"name\":\"AMRTOP B2B \u00c9tranger - Achats r\u00e9serv\u00e9s au professionnel\",\"description\":\"Pi\u00e8ces de rechange et accessoires pour po\u00eales et chaudi\u00e8res - eCommerce B2B pour Clients Professionnels\",\"potentialAction\":[{\"@type\":\"SearchAction\",\"target\":{\"@type\":\"EntryPoint\",\"urlTemplate\":\"https:\\\/\\\/amrtop.net\\\/?s={search_term_string}\"},\"query-input\":{\"@type\":\"PropertyValueSpecification\",\"valueRequired\":true,\"valueName\":\"search_term_string\"}}],\"inLanguage\":\"es\"}]}<\/script>\n<!-- \/ Yoast SEO plugin. -->","yoast_head_json":{"title":"Sonde de fum\u00e9e avec bride code.2000564 Extraflame","description":"Sonde de fum\u00e9e avec bride code.2000564 Extraflame - Sonde d\u2019environnement compatible avec le code Extraflame 22721 - Sonde d\u2019environnement avec spirale en r\u00e9sine press\u00e9e PG7 compatible avec le code EXTARFLAME 2272721- Capteur de temp\u00e9rature 10K avec spirale en r\u00e9sine de 25 cm de long","robots":{"index":"index","follow":"follow","max-snippet":"max-snippet:-1","max-image-preview":"max-image-preview:large","max-video-preview":"max-video-preview:-1"},"canonical":"https:\/\/amrtop.net\/es\/producto\/sonde-de-fumee-avec-bride-code-2000564-extraflame\/","og_locale":"es_ES","og_type":"article","og_title":"Sonde de fum\u00e9e avec bride code.2000564 Extraflame","og_description":"Sonde de fum\u00e9e avec bride code.2000564 Extraflame - Sonde d\u2019environnement compatible avec le code Extraflame 22721 - Sonde d\u2019environnement avec spirale en r\u00e9sine press\u00e9e PG7 compatible avec le code EXTARFLAME 2272721- Capteur de temp\u00e9rature 10K avec spirale en r\u00e9sine de 25 cm de long","og_url":"https:\/\/amrtop.net\/es\/producto\/sonde-de-fumee-avec-bride-code-2000564-extraflame\/","og_site_name":"AMRTOP B2B \u00c9tranger - Achats r\u00e9serv\u00e9s au professionnel","article_modified_time":"2023-08-02T12:06:56+00:00","og_image":[{"width":640,"height":640,"url":"https:\/\/amrtop.net\/wp-content\/uploads\/2023\/02\/cod-2000564-.jpg","type":"image\/jpeg"}],"twitter_card":"summary_large_image","twitter_misc":{"Tiempo de lectura":"3 minutos"},"schema":{"@context":"https:\/\/schema.org","@graph":[{"@type":"WebPage","@id":"https:\/\/amrtop.net\/produit\/sonde-de-fumee-avec-bride-code-2000564-extraflame\/","url":"https:\/\/amrtop.net\/produit\/sonde-de-fumee-avec-bride-code-2000564-extraflame\/","name":"Sonde de fum\u00e9e avec bride code.2000564 Extraflame","isPartOf":{"@id":"https:\/\/amrtop.net\/#website"},"primaryImageOfPage":{"@id":"https:\/\/amrtop.net\/produit\/sonde-de-fumee-avec-bride-code-2000564-extraflame\/#primaryimage"},"image":{"@id":"https:\/\/amrtop.net\/produit\/sonde-de-fumee-avec-bride-code-2000564-extraflame\/#primaryimage"},"thumbnailUrl":"https:\/\/amrtop.net\/wp-content\/uploads\/2023\/02\/cod-2000564-.jpg","datePublished":"2023-02-21T08:59:41+00:00","dateModified":"2023-08-02T12:06:56+00:00","description":"Sonde de fum\u00e9e avec bride code.2000564 Extraflame - Sonde d\u2019environnement compatible avec le code Extraflame 22721 - Sonde d\u2019environnement avec spirale en r\u00e9sine press\u00e9e PG7 compatible avec le code EXTARFLAME 2272721- Capteur de temp\u00e9rature 10K avec spirale en r\u00e9sine de 25 cm de long","breadcrumb":{"@id":"https:\/\/amrtop.net\/produit\/sonde-de-fumee-avec-bride-code-2000564-extraflame\/#breadcrumb"},"inLanguage":"es","potentialAction":[{"@type":"ReadAction","target":["https:\/\/amrtop.net\/produit\/sonde-de-fumee-avec-bride-code-2000564-extraflame\/"]}]},{"@type":"ImageObject","inLanguage":"es","@id":"https:\/\/amrtop.net\/produit\/sonde-de-fumee-avec-bride-code-2000564-extraflame\/#primaryimage","url":"https:\/\/amrtop.net\/wp-content\/uploads\/2023\/02\/cod-2000564-.jpg","contentUrl":"https:\/\/amrtop.net\/wp-content\/uploads\/2023\/02\/cod-2000564-.jpg","width":640,"height":640,"caption":"Sonda fumi con flangia Extraflame codice 2000564"},{"@type":"BreadcrumbList","@id":"https:\/\/amrtop.net\/produit\/sonde-de-fumee-avec-bride-code-2000564-extraflame\/#breadcrumb","itemListElement":[{"@type":"ListItem","position":1,"name":"Home","item":"https:\/\/amrtop.net\/"},{"@type":"ListItem","position":2,"name":"Shop","item":"https:\/\/amrtop.net\/negozio\/"},{"@type":"ListItem","position":3,"name":"Sonde de fum\u00e9e avec bride- Compatible avec le code Extraflame 2000564"}]},{"@type":"WebSite","@id":"https:\/\/amrtop.net\/#website","url":"https:\/\/amrtop.net\/","name":"AMRTOP B2B Abroad - Compras reservadas a los profesionales","description":"Recambios y accesorios para estufas y calderas - Comercio electr\u00f3nico B2B para profesionales","potentialAction":[{"@type":"SearchAction","target":{"@type":"EntryPoint","urlTemplate":"https:\/\/amrtop.net\/?s={search_term_string}"},"query-input":{"@type":"PropertyValueSpecification","valueRequired":true,"valueName":"search_term_string"}}],"inLanguage":"es"}]}},"_links":{"self":[{"href":"https:\/\/amrtop.net\/es\/wp-json\/wp\/v2\/product\/36801","targetHints":{"allow":["GET"]}}],"collection":[{"href":"https:\/\/amrtop.net\/es\/wp-json\/wp\/v2\/product"}],"about":[{"href":"https:\/\/amrtop.net\/es\/wp-json\/wp\/v2\/types\/product"}],"replies":[{"embeddable":true,"href":"https:\/\/amrtop.net\/es\/wp-json\/wp\/v2\/comments?post=36801"}],"wp:featuredmedia":[{"embeddable":true,"href":"https:\/\/amrtop.net\/es\/wp-json\/wp\/v2\/media\/36805"}],"wp:attachment":[{"href":"https:\/\/amrtop.net\/es\/wp-json\/wp\/v2\/media?parent=36801"}],"wp:term":[{"taxonomy":"product_brand","embeddable":true,"href":"https:\/\/amrtop.net\/es\/wp-json\/wp\/v2\/product_brand?post=36801"},{"taxonomy":"product_cat","embeddable":true,"href":"https:\/\/amrtop.net\/es\/wp-json\/wp\/v2\/product_cat?post=36801"},{"taxonomy":"product_tag","embeddable":true,"href":"https:\/\/amrtop.net\/es\/wp-json\/wp\/v2\/product_tag?post=36801"}],"curies":[{"name":"wp","href":"https:\/\/api.w.org\/{rel}","templated":true}]}}