{"id":3681,"date":"2020-10-01T00:00:00","date_gmt":"2020-10-01T00:00:00","guid":{"rendered":"https:\/\/amrtop.com\/B2B\/?post_type=product&#038;p=3681"},"modified":"2025-02-13T14:33:13","modified_gmt":"2025-02-13T14:33:13","slug":"motoreducteur-kenta-1-5-rpm-code-k9113004-arbre-o-85-mm-toles-feuilletees-20-mm","status":"publish","type":"product","link":"https:\/\/amrtop.net\/es\/produit\/motoreducteur-kenta-1-5-rpm-code-k9113004-arbre-o-85-mm-toles-feuilletees-20-mm\/","title":{"rendered":"Motorreductor Kenta 1,5 rpm C\u00f3digo K9113004 - Eje \u00f8 8,5 mm - Chapas laminadas 20 mm"},"content":{"rendered":"<hr \/>\n<h3><strong>Motor\u00e9ducteur Kenta 1.5 rpm arbre 8.5 rpm K9113004<\/strong><\/h3>\n<p>La amplia gama de motorreductores K911 incluye versiones con motores de corriente alterna (CA) de dos polos y motores de corriente continua (CC) con imanes permanentes.<\/p>\n<p>El acoplamiento motor-reductor se consigue mediante un engranaje de dientes helicoidales obtenido en el eje del motor, que a su vez se mantiene en posici\u00f3n mediante bolas o rodamientos esf\u00e9ricos dobles autoalineables para garantizar la precisi\u00f3n del movimiento y un funcionamiento silencioso.<\/p>\n<p>El dise\u00f1o innovador, los sistemas de producci\u00f3n y los controles del proceso de fabricaci\u00f3n garantizan productos fiables y de alto rendimiento.<\/p>\n<p><strong>\u00a0<\/strong><\/p>\n<h3><strong>Caract\u00e9ristiques principales des motor\u00e9ducteurs Kenta\u00a0:1,5 rpm K9113004<\/strong><\/h3>\n<p>La caja de cambios es de zamak fundido a presi\u00f3n e incorpora cierres.<br \/>\npara la aplicaci\u00f3n.<\/p>\n<p>La cadena cinem\u00e1tica de engranajes se compone de: un eje motor con dientes helicoidales, engranajes de materiales termopl\u00e1sticos especiales y engranajes de acero sinterizado.<\/p>\n<p>Este sistema garantiza una alta fiabilidad, lo que permite utilizar los motorreductores K911 tanto en entornos fr\u00edos (por ejemplo, enfriadoras) como calientes (por ejemplo, hornos).<\/p>\n<p>La caja de cambios tiene 2 orificios de montaje pasantes y 5 orificios de montaje con una penetraci\u00f3n m\u00e1xima de 4 mm.<\/p>\n<p>Los motorreductores de CA K911 utilizan motores as\u00edncronos bipolares y monof\u00e1sicos con bobinas de cortocircuito, y<br \/>\nsentido de giro predeterminado.<\/p>\n<p>Les dimensions des moteurs sont fixes en ce qui concerne la largeur et la hauteur (61 x 61<br \/>\nmm) tandis que l\u2019\u00e9paisseur du bloc moteur est disponible en 4 tailles\u00a0: 16 &#8211; 20 &#8211; 30 &#8211; 40 mm.<\/p>\n<p>Tensiones y frecuencias disponibles: de 24 a 240 V y 50\/60 Hz.<br \/>\nLos motorreductores de corriente continua K911 utilizan motores de corriente continua con escobillas e imanes.<br \/>\npara alimentaci\u00f3n de 12 y 24 V.<br \/>\nEstos motores ofrecen doble rotaci\u00f3n<\/p>\n<h3>Utilisation du motor\u00e9ducteur Kenta 1.5 rpm arbre 8.5 rpm K9113004<\/h3>\n<p>Motorreductor Kenta 1,5 rpm C\u00f3digo K9113004 - Eje \u00f8 8,5 mm - Chapas laminadas 20 mm<strong>\u00a0<\/strong>vendus par\u00a0<strong>Amrtop<\/strong>\u00a0Instalados en aparatos de pellets, su funci\u00f3n es hacer girar el sinf\u00edn del dep\u00f3sito de pellets, transportando el pellet al crisol para ser quemado, o los cada vez m\u00e1s populares sistemas autom\u00e1ticos de limpieza de braseros que se encuentran en muchas estufas y calderas de biomasa.<\/p>\n<p>Una vez que llega a la parte superior de la c\u00f3clea, el pellet cae de forma natural en un conducto que lo lleva al quemador.<\/p>\n<h3><strong>Aplicaciones t\u00edpicas<\/strong><\/h3>\n<p>M\u00e1quinas expendedoras - Conjuntos de m\u00e1quinas de caf\u00e9 - Envasadoras al vac\u00edo - Asadores rotativos - Giroscopios - M\u00e1quinas de hielo - Expositores rotativos - Estufas de pellets - Etiquetadoras - Actuadores industriales.<\/p>\n<h3><strong>Interior<\/strong><\/h3>\n<p><a href=\"https:\/\/wekos.it\/\">Estufas, cocinas y cocinas de le\u00f1a<\/a>\u00a0-\u00a0<a href=\"https:\/\/www.greenpuros.com\/\">chimeneas, estufas y calderas de pellets.<\/a><\/p>\n<h3><strong>Gama Amrtop de recambios y accesorios<\/strong><\/h3>\n<p>&nbsp;<\/p>\n<p><a href=\"https:\/\/amrtop.net\/es\/categoria-de-productos\/recambios-miscelaneos-cocinas-y-calderas-2\/bougies-dallumage-pour-poeles-et-chaudieres-a-pellets\/\">Calentadores<\/a><\/p>\n<p><a href=\"https:\/\/amrtop.net\/es\/categoria-de-productos\/recambios-miscelaneos-cocinas-y-calderas-2\/electronique\/\">Electr\u00f3nica<\/a><\/p>\n<p><a href=\"https:\/\/amrtop.net\/es\/categoria-de-productos\/recambios-miscelaneos-cocinas-y-calderas-2\/extracteurs-de-fumee\/\">Extractores de humo<\/a><\/p>\n<p><a href=\"https:\/\/amrtop.net\/es\/categoria-de-productos\/recambios-miscelaneos-cocinas-y-calderas-2\/gaines-cable-connecteurs\/\">Fundas de cables de conexi\u00f3n<\/a><\/p>\n<p><a href=\"https:\/\/amrtop.net\/es\/categoria-de-productos\/recambios-miscelaneos-cocinas-y-calderas-2\/joints-de-silicone\/\">Juntas de silicona<\/a><\/p>\n<p><a href=\"https:\/\/amrtop.net\/es\/categoria-de-productos\/recambios-miscelaneos-cocinas-y-calderas-2\/motoreducteurs\/\">Motorreductores<\/a><\/p>\n<p><a href=\"https:\/\/amrtop.net\/es\/categoria-de-productos\/recambios-miscelaneos-cocinas-y-calderas-2\/pressostats-et-transducteurs\/\">Presostatos y transductores<\/a><\/p>\n<p><a href=\"https:\/\/amrtop.net\/es\/categoria-de-productos\/recambios-miscelaneos-cocinas-y-calderas-2\/sondes-thermostats-manometres-thermometres\/\">Sondas termostatos man\u00f3metros term\u00f3metros<\/a><\/p>\n<p><a href=\"https:\/\/amrtop.net\/es\/categoria-de-productos\/recambios-miscelaneos-cocinas-y-calderas-2\/joints-detancheite\/\">Sellado de trenzas<\/a><\/p>\n<p><a href=\"https:\/\/amrtop.net\/es\/categoria-de-productos\/recambios-miscelaneos-cocinas-y-calderas-2\/ventilateurs-centrifuges-pour-poeles-a-pellets\/\">Ventiladores centr\u00edfugos<\/a><\/p>\n<p><a href=\"https:\/\/amrtop.net\/es\/categoria-de-productos\/recambios-miscelaneos-cocinas-y-calderas-2\/ventilateurs-tangentiels-flux-transversal\/\">Ventiladores de flujo cruzado<\/a><\/p>\n<p><a href=\"https:\/\/amrtop.net\/es\/categoria-de-productos\/recambios-miscelaneos-cocinas-y-calderas-2\/adhesifs-et-produits-detancheite\/\">Colas y selladores<\/a><\/p>\n<p>&nbsp;<\/p>","protected":false},"excerpt":{"rendered":"<hr \/>\n<h2><span style=\"color: #008000\">Disponible en<\/span><\/h2>\n<hr \/>\n<h3>Motorreductor Kenta de 1,5 rpm<\/h3>\n<p>Code K9113004<br \/>\n\u00f8 del eje : 8,5 mm<br \/>\nVelocidad: 1,5 rpm<br \/>\nPaquete de solapas: 20 mm<br \/>\nAplanado: simple<br \/>\nSentido de giro: agujas del reloj<br \/>\nCouple nominal : 15 Nm<\/p>\n<h3>Compatibilidad<\/h3>\n<hr \/>\n<h3>Intercambiable con los siguientes modelos de motorreductores de tornillo sinf\u00edn de carga de pellets :<\/h3>\n<p>Kenta : K9115000, K9175052, K9115005<br \/>\nSpg : ISG3230D059<br \/>\nMerkle &amp; Korff : MKSF1585<\/p>\n<h3>Motorreductor de tornillo sin fin instalado y compatible con las siguientes marcas y modelos de estufas de pellets:<\/h3>\n<p>Adler,Arce,Caminetti montegrappa,Clam,Deville,Edilkamin,Envirofire,Green Puros,Italiana camini,Kausiflam,Palladio,Puros,<br \/>\nVulcania<\/p>","protected":false},"featured_media":34879,"comment_status":"open","ping_status":"closed","template":"","meta":[],"product_brand":[],"product_cat":[861,872,874],"product_tag":[24,49,102,125,61,145,67,71,171,87,99],"class_list":{"0":"post-3681","1":"product","2":"type-product","3":"status-publish","4":"has-post-thumbnail","6":"product_cat-motoreducteurs","7":"product_cat-motoreducteurs-kenta","8":"product_cat-motoreducteurs-kenta-arbre-o-85-mm","9":"product_tag-adler","10":"product_tag-arce","11":"product_tag-caminetti-montegrappa","12":"product_tag-clam","13":"product_tag-edilkamin","14":"product_tag-envirofire","15":"product_tag-green-puros","16":"product_tag-italiana-camini","17":"product_tag-palladio","18":"product_tag-puros","19":"product_tag-vulcania","20":"product_shipping_class-classe-di-spedizione-02","22":"first","23":"instock","24":"shipping-taxable","25":"purchasable","26":"product-type-simple"},"yoast_head":"<!-- This site is optimized with the Yoast SEO plugin v27.4 - https:\/\/yoast.com\/product\/yoast-seo-wordpress\/ -->\n<title>Motor\u00e9ducteur Kenta 1.5 rpm arbre 8.5 rpm K9113004<\/title>\n<meta name=\"description\" content=\"Motor\u00e9ducteur Kenta 1.5 rpm arbre 8.5 rpm K9113004-Motor\u00e9ducteurs Kenta pour vis de po\u00eale \u00e0 granul\u00e9s m\u00e2ts 8.5-Motor\u00e9ducteurs Kenta pour po\u00eales et chaudi\u00e8res\" \/>\n<meta name=\"robots\" content=\"index, follow, max-snippet:-1, max-image-preview:large, max-video-preview:-1\" \/>\n<link rel=\"canonical\" href=\"https:\/\/amrtop.net\/es\/producto\/motoreducteur-kenta-1-5-rpm-code-k9113004-arbre-o-85-mm-toles-feuilletees-20-mm\/\" \/>\n<meta property=\"og:locale\" content=\"es_ES\" \/>\n<meta property=\"og:type\" content=\"article\" \/>\n<meta property=\"og:title\" content=\"Motor\u00e9ducteur Kenta 1.5 rpm arbre 8.5 rpm K9113004\" \/>\n<meta property=\"og:description\" content=\"Motor\u00e9ducteur Kenta 1.5 rpm arbre 8.5 rpm K9113004-Motor\u00e9ducteurs Kenta pour vis de po\u00eale \u00e0 granul\u00e9s m\u00e2ts 8.5-Motor\u00e9ducteurs Kenta pour po\u00eales et chaudi\u00e8res\" \/>\n<meta property=\"og:url\" content=\"https:\/\/amrtop.net\/es\/producto\/motoreducteur-kenta-1-5-rpm-code-k9113004-arbre-o-85-mm-toles-feuilletees-20-mm\/\" \/>\n<meta property=\"og:site_name\" content=\"AMRTOP B2B \u00c9tranger - Achats r\u00e9serv\u00e9s au professionnel\" \/>\n<meta property=\"article:modified_time\" content=\"2025-02-13T14:33:13+00:00\" \/>\n<meta property=\"og:image\" content=\"https:\/\/amrtop.net\/wp-content\/uploads\/2022\/07\/K9113004.jpg\" \/>\n\t<meta property=\"og:image:width\" content=\"960\" \/>\n\t<meta property=\"og:image:height\" content=\"960\" \/>\n\t<meta property=\"og:image:type\" content=\"image\/jpeg\" \/>\n<meta name=\"twitter:card\" content=\"summary_large_image\" \/>\n<meta name=\"twitter:label1\" content=\"Tiempo de lectura\" \/>\n\t<meta name=\"twitter:data1\" content=\"1 minuto\" \/>\n<script type=\"application\/ld+json\" class=\"yoast-schema-graph\">{\"@context\":\"https:\\\/\\\/schema.org\",\"@graph\":[{\"@type\":\"WebPage\",\"@id\":\"https:\\\/\\\/amrtop.net\\\/produit\\\/motoreducteur-kenta-1-5-rpm-code-k9113004-arbre-o-85-mm-toles-feuilletees-20-mm\\\/\",\"url\":\"https:\\\/\\\/amrtop.net\\\/produit\\\/motoreducteur-kenta-1-5-rpm-code-k9113004-arbre-o-85-mm-toles-feuilletees-20-mm\\\/\",\"name\":\"Motor\u00e9ducteur Kenta 1.5 rpm arbre 8.5 rpm K9113004\",\"isPartOf\":{\"@id\":\"https:\\\/\\\/amrtop.net\\\/#website\"},\"primaryImageOfPage\":{\"@id\":\"https:\\\/\\\/amrtop.net\\\/produit\\\/motoreducteur-kenta-1-5-rpm-code-k9113004-arbre-o-85-mm-toles-feuilletees-20-mm\\\/#primaryimage\"},\"image\":{\"@id\":\"https:\\\/\\\/amrtop.net\\\/produit\\\/motoreducteur-kenta-1-5-rpm-code-k9113004-arbre-o-85-mm-toles-feuilletees-20-mm\\\/#primaryimage\"},\"thumbnailUrl\":\"https:\\\/\\\/amrtop.net\\\/wp-content\\\/uploads\\\/2022\\\/07\\\/K9113004.jpg\",\"datePublished\":\"2020-10-01T00:00:00+00:00\",\"dateModified\":\"2025-02-13T14:33:13+00:00\",\"description\":\"Motor\u00e9ducteur Kenta 1.5 rpm arbre 8.5 rpm K9113004-Motor\u00e9ducteurs Kenta pour vis de po\u00eale \u00e0 granul\u00e9s m\u00e2ts 8.5-Motor\u00e9ducteurs Kenta pour po\u00eales et chaudi\u00e8res\",\"breadcrumb\":{\"@id\":\"https:\\\/\\\/amrtop.net\\\/produit\\\/motoreducteur-kenta-1-5-rpm-code-k9113004-arbre-o-85-mm-toles-feuilletees-20-mm\\\/#breadcrumb\"},\"inLanguage\":\"es\",\"potentialAction\":[{\"@type\":\"ReadAction\",\"target\":[\"https:\\\/\\\/amrtop.net\\\/produit\\\/motoreducteur-kenta-1-5-rpm-code-k9113004-arbre-o-85-mm-toles-feuilletees-20-mm\\\/\"]}]},{\"@type\":\"ImageObject\",\"inLanguage\":\"es\",\"@id\":\"https:\\\/\\\/amrtop.net\\\/produit\\\/motoreducteur-kenta-1-5-rpm-code-k9113004-arbre-o-85-mm-toles-feuilletees-20-mm\\\/#primaryimage\",\"url\":\"https:\\\/\\\/amrtop.net\\\/wp-content\\\/uploads\\\/2022\\\/07\\\/K9113004.jpg\",\"contentUrl\":\"https:\\\/\\\/amrtop.net\\\/wp-content\\\/uploads\\\/2022\\\/07\\\/K9113004.jpg\",\"width\":960,\"height\":960,\"caption\":\"Motor\u00e9ducteur Kenta 1.5 rpm arbre 8.5 rpm K9113004-Motor\u00e9ducteurs Kenta pour vis de po\u00eale \u00e0 granul\u00e9s m\u00e2ts 8.5-Motor\u00e9ducteurs Kenta pour po\u00eales et chaudi\u00e8res\"},{\"@type\":\"BreadcrumbList\",\"@id\":\"https:\\\/\\\/amrtop.net\\\/produit\\\/motoreducteur-kenta-1-5-rpm-code-k9113004-arbre-o-85-mm-toles-feuilletees-20-mm\\\/#breadcrumb\",\"itemListElement\":[{\"@type\":\"ListItem\",\"position\":1,\"name\":\"Home\",\"item\":\"https:\\\/\\\/amrtop.net\\\/\"},{\"@type\":\"ListItem\",\"position\":2,\"name\":\"Shop\",\"item\":\"https:\\\/\\\/amrtop.net\\\/negozio\\\/\"},{\"@type\":\"ListItem\",\"position\":3,\"name\":\"Motor\u00e9ducteur Kenta 1.5 rpm Code K9113004 \u2013 Arbre \u00f8 8,5 mm &#8211; T\u00f4les feuillet\u00e9es 20 mm\"}]},{\"@type\":\"WebSite\",\"@id\":\"https:\\\/\\\/amrtop.net\\\/#website\",\"url\":\"https:\\\/\\\/amrtop.net\\\/\",\"name\":\"AMRTOP B2B \u00c9tranger - Achats r\u00e9serv\u00e9s au professionnel\",\"description\":\"Pi\u00e8ces de rechange et accessoires pour po\u00eales et chaudi\u00e8res - eCommerce B2B pour Clients Professionnels\",\"potentialAction\":[{\"@type\":\"SearchAction\",\"target\":{\"@type\":\"EntryPoint\",\"urlTemplate\":\"https:\\\/\\\/amrtop.net\\\/?s={search_term_string}\"},\"query-input\":{\"@type\":\"PropertyValueSpecification\",\"valueRequired\":true,\"valueName\":\"search_term_string\"}}],\"inLanguage\":\"es\"}]}<\/script>\n<!-- \/ Yoast SEO plugin. -->","yoast_head_json":{"title":"Motor\u00e9ducteur Kenta 1.5 rpm arbre 8.5 rpm K9113004","description":"Motorreductor Kenta eje 1,5 rpm 8,5 rpm K9113004-Motorreductores Kenta para estufas de pellets tornillos 8,5-Motorreductores Kenta para estufas y calderas","robots":{"index":"index","follow":"follow","max-snippet":"max-snippet:-1","max-image-preview":"max-image-preview:large","max-video-preview":"max-video-preview:-1"},"canonical":"https:\/\/amrtop.net\/es\/producto\/motoreducteur-kenta-1-5-rpm-code-k9113004-arbre-o-85-mm-toles-feuilletees-20-mm\/","og_locale":"es_ES","og_type":"article","og_title":"Motor\u00e9ducteur Kenta 1.5 rpm arbre 8.5 rpm K9113004","og_description":"Motor\u00e9ducteur Kenta 1.5 rpm arbre 8.5 rpm K9113004-Motor\u00e9ducteurs Kenta pour vis de po\u00eale \u00e0 granul\u00e9s m\u00e2ts 8.5-Motor\u00e9ducteurs Kenta pour po\u00eales et chaudi\u00e8res","og_url":"https:\/\/amrtop.net\/es\/producto\/motoreducteur-kenta-1-5-rpm-code-k9113004-arbre-o-85-mm-toles-feuilletees-20-mm\/","og_site_name":"AMRTOP B2B \u00c9tranger - Achats r\u00e9serv\u00e9s au professionnel","article_modified_time":"2025-02-13T14:33:13+00:00","og_image":[{"width":960,"height":960,"url":"https:\/\/amrtop.net\/wp-content\/uploads\/2022\/07\/K9113004.jpg","type":"image\/jpeg"}],"twitter_card":"summary_large_image","twitter_misc":{"Tiempo de lectura":"1 minuto"},"schema":{"@context":"https:\/\/schema.org","@graph":[{"@type":"WebPage","@id":"https:\/\/amrtop.net\/produit\/motoreducteur-kenta-1-5-rpm-code-k9113004-arbre-o-85-mm-toles-feuilletees-20-mm\/","url":"https:\/\/amrtop.net\/produit\/motoreducteur-kenta-1-5-rpm-code-k9113004-arbre-o-85-mm-toles-feuilletees-20-mm\/","name":"Motor\u00e9ducteur Kenta 1.5 rpm arbre 8.5 rpm K9113004","isPartOf":{"@id":"https:\/\/amrtop.net\/#website"},"primaryImageOfPage":{"@id":"https:\/\/amrtop.net\/produit\/motoreducteur-kenta-1-5-rpm-code-k9113004-arbre-o-85-mm-toles-feuilletees-20-mm\/#primaryimage"},"image":{"@id":"https:\/\/amrtop.net\/produit\/motoreducteur-kenta-1-5-rpm-code-k9113004-arbre-o-85-mm-toles-feuilletees-20-mm\/#primaryimage"},"thumbnailUrl":"https:\/\/amrtop.net\/wp-content\/uploads\/2022\/07\/K9113004.jpg","datePublished":"2020-10-01T00:00:00+00:00","dateModified":"2025-02-13T14:33:13+00:00","description":"Motorreductor Kenta eje 1,5 rpm 8,5 rpm K9113004-Motorreductores Kenta para estufas de pellets tornillos 8,5-Motorreductores Kenta para estufas y calderas","breadcrumb":{"@id":"https:\/\/amrtop.net\/produit\/motoreducteur-kenta-1-5-rpm-code-k9113004-arbre-o-85-mm-toles-feuilletees-20-mm\/#breadcrumb"},"inLanguage":"es","potentialAction":[{"@type":"ReadAction","target":["https:\/\/amrtop.net\/produit\/motoreducteur-kenta-1-5-rpm-code-k9113004-arbre-o-85-mm-toles-feuilletees-20-mm\/"]}]},{"@type":"ImageObject","inLanguage":"es","@id":"https:\/\/amrtop.net\/produit\/motoreducteur-kenta-1-5-rpm-code-k9113004-arbre-o-85-mm-toles-feuilletees-20-mm\/#primaryimage","url":"https:\/\/amrtop.net\/wp-content\/uploads\/2022\/07\/K9113004.jpg","contentUrl":"https:\/\/amrtop.net\/wp-content\/uploads\/2022\/07\/K9113004.jpg","width":960,"height":960,"caption":"Motor\u00e9ducteur Kenta 1.5 rpm arbre 8.5 rpm K9113004-Motor\u00e9ducteurs Kenta pour vis de po\u00eale \u00e0 granul\u00e9s m\u00e2ts 8.5-Motor\u00e9ducteurs Kenta pour po\u00eales et chaudi\u00e8res"},{"@type":"BreadcrumbList","@id":"https:\/\/amrtop.net\/produit\/motoreducteur-kenta-1-5-rpm-code-k9113004-arbre-o-85-mm-toles-feuilletees-20-mm\/#breadcrumb","itemListElement":[{"@type":"ListItem","position":1,"name":"Home","item":"https:\/\/amrtop.net\/"},{"@type":"ListItem","position":2,"name":"Shop","item":"https:\/\/amrtop.net\/negozio\/"},{"@type":"ListItem","position":3,"name":"Motor\u00e9ducteur Kenta 1.5 rpm Code K9113004 \u2013 Arbre \u00f8 8,5 mm &#8211; T\u00f4les feuillet\u00e9es 20 mm"}]},{"@type":"WebSite","@id":"https:\/\/amrtop.net\/#website","url":"https:\/\/amrtop.net\/","name":"AMRTOP B2B Abroad - Compras reservadas a los profesionales","description":"Recambios y accesorios para estufas y calderas - Comercio electr\u00f3nico B2B para profesionales","potentialAction":[{"@type":"SearchAction","target":{"@type":"EntryPoint","urlTemplate":"https:\/\/amrtop.net\/?s={search_term_string}"},"query-input":{"@type":"PropertyValueSpecification","valueRequired":true,"valueName":"search_term_string"}}],"inLanguage":"es"}]}},"_links":{"self":[{"href":"https:\/\/amrtop.net\/es\/wp-json\/wp\/v2\/product\/3681","targetHints":{"allow":["GET"]}}],"collection":[{"href":"https:\/\/amrtop.net\/es\/wp-json\/wp\/v2\/product"}],"about":[{"href":"https:\/\/amrtop.net\/es\/wp-json\/wp\/v2\/types\/product"}],"replies":[{"embeddable":true,"href":"https:\/\/amrtop.net\/es\/wp-json\/wp\/v2\/comments?post=3681"}],"wp:featuredmedia":[{"embeddable":true,"href":"https:\/\/amrtop.net\/es\/wp-json\/wp\/v2\/media\/34879"}],"wp:attachment":[{"href":"https:\/\/amrtop.net\/es\/wp-json\/wp\/v2\/media?parent=3681"}],"wp:term":[{"taxonomy":"product_brand","embeddable":true,"href":"https:\/\/amrtop.net\/es\/wp-json\/wp\/v2\/product_brand?post=3681"},{"taxonomy":"product_cat","embeddable":true,"href":"https:\/\/amrtop.net\/es\/wp-json\/wp\/v2\/product_cat?post=3681"},{"taxonomy":"product_tag","embeddable":true,"href":"https:\/\/amrtop.net\/es\/wp-json\/wp\/v2\/product_tag?post=3681"}],"curies":[{"name":"wp","href":"https:\/\/api.w.org\/{rel}","templated":true}]}}