{"id":3682,"date":"2020-10-01T00:00:00","date_gmt":"2020-10-01T00:00:00","guid":{"rendered":"https:\/\/amrtop.com\/B2B\/?post_type=product&#038;p=3682"},"modified":"2025-02-13T14:33:00","modified_gmt":"2025-02-13T14:33:00","slug":"motoreducteur-kenta-2-rpm-code-k9115062-arbre-o-85-mm-toles-feuilletees-30-mm","status":"publish","type":"product","link":"https:\/\/amrtop.net\/es\/produit\/motoreducteur-kenta-2-rpm-code-k9115062-arbre-o-85-mm-toles-feuilletees-30-mm\/","title":{"rendered":"Motorreductor Kenta 2 rpm C\u00f3digo K9115062 - Eje \u00f8 8,5 mm - Chapas laminadas 30 mm"},"content":{"rendered":"<hr \/>\n<h3><strong>Motor\u00e9ducteur Kenta 2 rpm \u00f8 arbre 8.5 K9115062<\/strong><\/h3>\n<p>La amplia gama de motorreductores K911 incluye versiones con motores de corriente alterna (CA) de dos polos y motores de corriente continua (CC) con imanes permanentes.<\/p>\n<p>El dise\u00f1o innovador, los sistemas de producci\u00f3n y los controles del proceso de fabricaci\u00f3n garantizan productos fiables y de alto rendimiento.<\/p>\n<p><strong>\u00a0<\/strong><\/p>\n<h3><strong>Caracter\u00edsticas principales de los motorreductores Kenta :<\/strong><\/h3>\n<p>La caja de cambios es de zamak fundido a presi\u00f3n e incorpora cierres.<br \/>\npara la aplicaci\u00f3n.<\/p>\n<p>La cadena cinem\u00e1tica de engranajes se compone de: un eje motor con dientes helicoidales, engranajes de materiales termopl\u00e1sticos especiales y engranajes de acero sinterizado.<\/p>\n<p>Este sistema garantiza una alta fiabilidad, lo que permite utilizar los motorreductores K911 tanto en entornos fr\u00edos (por ejemplo, enfriadoras) como calientes (por ejemplo, hornos).<\/p>\n<p>La caja de cambios tiene 2 orificios de montaje pasantes y 5 orificios de montaje con una penetraci\u00f3n m\u00e1xima de 4 mm.<\/p>\n<p>Los motorreductores de CA K911 utilizan motores as\u00edncronos bipolares y monof\u00e1sicos con bobinas de cortocircuito, y<br \/>\nsentido de giro predeterminado.<\/p>\n<p>Las bobinas se enrollan mediante una instalaci\u00f3n autom\u00e1tica equipada con control de hilo.<br \/>\ntensi\u00f3n estabilizada.<\/p>\n<p>Tensiones y frecuencias disponibles: de 24 a 240 V y 50\/60 Hz.<br \/>\nLos motorreductores de corriente continua K911 utilizan motores de corriente continua con escobillas e imanes.<br \/>\npara alimentaci\u00f3n de 12 y 24 V.<\/p>\n<p>Estos motores ofrecen doble rotaci\u00f3n<\/p>\n<h3>Uilization du motor\u00e9ducteur Kenta 2 rpm arbre\u00a0\u00f8 8.5 K9115062<\/h3>\n<p>Una vez que llega a la parte superior de la c\u00f3clea, el pellet cae de forma natural en un conducto que lo lleva al quemador.<\/p>\n<h3><strong>Aplicaciones t\u00edpicas<\/strong><\/h3>\n<p>M\u00e1quinas expendedoras - Conjuntos de m\u00e1quinas de caf\u00e9 - Envasadoras al vac\u00edo - Asadores rotativos - Giroscopios - M\u00e1quinas de hielo - Expositores rotativos - Estufas de pellets - Etiquetadoras - Actuadores industriales.<\/p>\n<h3><strong>Interior<\/strong><\/h3>\n<p><a href=\"https:\/\/wekos.it\/\">Estufas, cocinas y cocinas de le\u00f1a<\/a>\u00a0-\u00a0<a href=\"https:\/\/www.greenpuros.com\/\">chimeneas, estufas y calderas de pellets.<\/a><\/p>\n<h3><strong>Gama Amrtop de recambios y accesorios<\/strong><\/h3>\n<p><a href=\"https:\/\/amrtop.net\/es\/categoria-de-productos\/recambios-miscelaneos-cocinas-y-calderas-2\/bougies-dallumage-pour-poeles-et-chaudieres-a-pellets\/\">Calentadores<\/a><\/p>\n<p><a href=\"https:\/\/amrtop.net\/es\/categoria-de-productos\/recambios-miscelaneos-cocinas-y-calderas-2\/electronique\/\">Electr\u00f3nica<\/a><\/p>\n<p><a href=\"https:\/\/amrtop.net\/es\/categoria-de-productos\/recambios-miscelaneos-cocinas-y-calderas-2\/extracteurs-de-fumee\/\">Extractores de humo<\/a><\/p>\n<p><a href=\"https:\/\/amrtop.net\/es\/categoria-de-productos\/recambios-miscelaneos-cocinas-y-calderas-2\/gaines-cable-connecteurs\/\">Fundas de cables de conexi\u00f3n<\/a><\/p>\n<p><a href=\"https:\/\/amrtop.net\/es\/categoria-de-productos\/recambios-miscelaneos-cocinas-y-calderas-2\/joints-de-silicone\/\">Juntas de silicona<\/a><\/p>\n<p><a href=\"https:\/\/amrtop.net\/es\/categoria-de-productos\/recambios-miscelaneos-cocinas-y-calderas-2\/motoreducteurs\/\">Motorreductores<\/a><\/p>\n<p><a href=\"https:\/\/amrtop.net\/es\/categoria-de-productos\/recambios-miscelaneos-cocinas-y-calderas-2\/pressostats-et-transducteurs\/\">Presostatos y transductores<\/a><\/p>\n<p><a href=\"https:\/\/amrtop.net\/es\/categoria-de-productos\/recambios-miscelaneos-cocinas-y-calderas-2\/sondes-thermostats-manometres-thermometres\/\">Sondas termostatos man\u00f3metros term\u00f3metros<\/a><\/p>\n<p><a href=\"https:\/\/amrtop.net\/es\/categoria-de-productos\/recambios-miscelaneos-cocinas-y-calderas-2\/joints-detancheite\/\">Sellado de trenzas<\/a><\/p>\n<p><a href=\"https:\/\/amrtop.net\/es\/categoria-de-productos\/recambios-miscelaneos-cocinas-y-calderas-2\/ventilateurs-centrifuges-pour-poeles-a-pellets\/\">Ventiladores centr\u00edfugos<\/a><\/p>\n<p><a href=\"https:\/\/amrtop.net\/es\/categoria-de-productos\/recambios-miscelaneos-cocinas-y-calderas-2\/ventilateurs-tangentiels-flux-transversal\/\">Ventiladores de flujo cruzado<\/a><\/p>\n<p><a href=\"https:\/\/amrtop.net\/es\/categoria-de-productos\/recambios-miscelaneos-cocinas-y-calderas-2\/adhesifs-et-produits-detancheite\/\">Colas y selladores<\/a><\/p>","protected":false},"excerpt":{"rendered":"<hr \/>\n<h2><span style=\"color: #008000\">Disponible en<\/span><\/h2>\n<hr \/>\n<h2>Disponible en<\/h2>\n<hr \/>\n<h3>Motorreductor Kenta 2 rpm<\/h3>\n<p>Code.K9115062<br \/>\n\u00f8 del eje : 8,5 mm<br \/>\nVelocidad: 2 rpm<br \/>\nPaquete de solapas: 30 mm<br \/>\nAplanado: simple<br \/>\nSentido de giro: agujas del reloj<br \/>\nPar de apriete: 25 Nm<\/p>\n<h3>Compatibilidad<\/h3>\n<h3><\/h3>\n<hr \/>\n<h3>Intercambiable con los siguientes modelos de motorreductores de tornillo sinf\u00edn de carga de pellets :<\/h3>\n<p>Mellor : FB1193, FB1074, FB1054, FB1184, FB1274<\/p>\n<p>Kenta : K9115062<\/p>\n<p>Merkle &amp; Korff : GM-S4471<\/p>\n<p>Spg : ISG3230D005<\/p>\n<p>Bcz AM5042085<\/p>\n<h3>Motorreductor de tornillo sin fin instalado y compatible con las siguientes marcas y modelos de estufas de pellets:<\/h3>\n<p><strong>Adler,Amg,Anselmo Cola,Arce,Artel<\/strong><\/p>\n<p><strong>Bestove<\/strong>\u00a0<strong>Mod:\u00a0<\/strong>Atout, Boheme, Bravo, Brio, Confort, Confort Plus, Domino, E-Brio, Ideal chic, Iflam 175, Iflam 177, K-Domino, Max, Milo, Minimax, Nemo, Pop, Uno<\/p>\n<p><strong>Burnit<\/strong><\/p>\n<p><strong>Calecosol Mod:\u00a0<\/strong>Zhana<\/p>\n<p><strong>Caminetti montegrappa,Clam,Cola,Ecospar,Edilkamin,Euroalpi, Foko<\/strong><\/p>\n<p><strong>Euroalpi Mod:<\/strong>\u00a0Marmolada, Pasubio, Vezzana<\/p>\n<p><strong>Lincar<\/strong><\/p>\n<p><strong>Moretti designe Mod:\u00a0<\/strong>A5 Compact, A6 Iron, A7 Globe, A7 Globe Glass, C7 Globe, C7 Globe Glass, A8 Compact, C8 Compact, A9 Iron, A9 Stone, C9 Iron, C9 Stone, A10 Compact, A10 Slot, A10 Style, C10 Compact, C10 Slot, C10 Style, A10 Retro, A12 Retro, A11 Glass, A11 Iron, A11 Stone, C11 Glass, C11 Iron, C11 Stone, Ergonomic, A12 Style, A12 Classic Style, A12 All Style, C12 Style, C12 Classic Style, C12 All Style, A13 Style, A13 All Style, C13 Style, C13 All Style, Clessidra, Relax Bis 6 Iron, Relax Bis 8 Iron, Venere S, Oldy 9, Ramses, Pretty Plus, Virgo, Pretty<\/p>\n<p><strong>Mcz<\/strong><\/p>\n<p><strong>Nordica Extraflame Mod:\u00a0<\/strong>Baby fiamma, Bella, Clementina, Comfort idro, Comfort Plus, Confort MAXI, Confort MINI, Confort P80, Contessa, Delizia, Divina, Divina Plus, Divina Steel, Duchessa, Duchessa Idro, Duchessa Steel, Eco Fiamma, Ecologica, Ecologica Idro, Ecologica Idro Steel, Emma, Emma Plus, Esmeralda, Fal\u00f2, Graziosa, Graziosa Lux, Graziosa Lux Plus, Graziosa Steel, Graziosa Steel Plus, Irina, Karolina, Karolina Steel, LP20, Lucrezia Idro, Lucrezia Steel, Preziosa, Preziosa Steel, Tosca Plus, Confort P70, Dorina, Elisir, Elisir Crystal, Elisir Idro, Giusy, Isabella, Melinda Steel, Rosy, Teodora, Viviana, Viviana Plus.<\/p>\n<p><strong>Palazzetti<\/strong><\/p>\n<p><strong>Qlima Mod:<\/strong>\u00a0Delmara 88 S-line, Delmara 125 S-line, Diandra 60 S-line, Diandra 90 S-line, ref. 410006 mod. Delfina III 90 M-line, Fiorina 103 S-line, Fiorina 74 S-line, Fiorina 90 S-line, Tectro TBH 558, Tectro TBH 564, Tectro TBH 565, Tectro TBH 570, Ronda 100 S-line, Ronda 80 glass, Ronda 80 S-line<\/p>\n<p><strong>Ravelli, Wood, Xiang, Wood, Xiang<\/strong><\/p>","protected":false},"featured_media":34881,"comment_status":"open","ping_status":"closed","template":"","meta":[],"product_brand":[],"product_cat":[861,872,874],"product_tag":[24,26,160,49,161,51,162,28,212,125,143,163,61,33,164,77,81,154,193,84,40,41,166,47],"class_list":{"0":"post-3682","1":"product","2":"type-product","3":"status-publish","4":"has-post-thumbnail","6":"product_cat-motoreducteurs","7":"product_cat-motoreducteurs-kenta","8":"product_cat-motoreducteurs-kenta-arbre-o-85-mm","9":"product_tag-adler","10":"product_tag-amg","11":"product_tag-anselmo-cola","12":"product_tag-arce","13":"product_tag-artel","14":"product_tag-bestove","15":"product_tag-burnit","16":"product_tag-calecosol","17":"product_tag-caminetti-montegrapp","18":"product_tag-clam","19":"product_tag-cola","20":"product_tag-ecospar","21":"product_tag-edilkamin","22":"product_tag-euroalpi","23":"product_tag-foko","24":"product_tag-lincar","25":"product_tag-mcz","26":"product_tag-moretti-design","27":"product_tag-nordica-extraflam","28":"product_tag-palazzetti","29":"product_tag-qlima","30":"product_tag-ravelli","31":"product_tag-wood","32":"product_tag-xiang","33":"product_shipping_class-classe-di-spedizione-02","35":"first","36":"instock","37":"shipping-taxable","38":"purchasable","39":"product-type-simple"},"yoast_head":"<!-- This site is optimized with the Yoast SEO plugin v27.4 - https:\/\/yoast.com\/product\/yoast-seo-wordpress\/ -->\n<title>Motor\u00e9ducteur Kenta 2 rpm \u00f8 arbre 8.5 K9115062<\/title>\n<meta name=\"description\" content=\"Motor\u00e9ducteur Kenta 2 rpm \u00f8 arbre 8.5 K9115062-Motor\u00e9ducteurs Kenta pour vis de po\u00eale \u00e0 granul\u00e9s m\u00e2ts 8.5-Motor\u00e9ducteurs Kenta pour po\u00eales et chaudi\u00e8res\" \/>\n<meta name=\"robots\" content=\"index, follow, max-snippet:-1, max-image-preview:large, max-video-preview:-1\" \/>\n<link rel=\"canonical\" href=\"https:\/\/amrtop.net\/es\/producto\/motoreducteur-kenta-2-rpm-code-k9115062-arbre-o-85-mm-toles-feuilletees-30-mm\/\" \/>\n<meta property=\"og:locale\" content=\"es_ES\" \/>\n<meta property=\"og:type\" content=\"article\" \/>\n<meta property=\"og:title\" content=\"Motor\u00e9ducteur Kenta 2 rpm \u00f8 arbre 8.5 K9115062\" \/>\n<meta property=\"og:description\" content=\"Motor\u00e9ducteur Kenta 2 rpm \u00f8 arbre 8.5 K9115062-Motor\u00e9ducteurs Kenta pour vis de po\u00eale \u00e0 granul\u00e9s m\u00e2ts 8.5-Motor\u00e9ducteurs Kenta pour po\u00eales et chaudi\u00e8res\" \/>\n<meta property=\"og:url\" content=\"https:\/\/amrtop.net\/es\/producto\/motoreducteur-kenta-2-rpm-code-k9115062-arbre-o-85-mm-toles-feuilletees-30-mm\/\" \/>\n<meta property=\"og:site_name\" content=\"AMRTOP B2B \u00c9tranger - Achats r\u00e9serv\u00e9s au professionnel\" \/>\n<meta property=\"article:modified_time\" content=\"2025-02-13T14:33:00+00:00\" \/>\n<meta property=\"og:image\" content=\"https:\/\/amrtop.net\/wp-content\/uploads\/2022\/07\/K9115062.jpg\" \/>\n\t<meta property=\"og:image:width\" content=\"960\" \/>\n\t<meta property=\"og:image:height\" content=\"960\" \/>\n\t<meta property=\"og:image:type\" content=\"image\/jpeg\" \/>\n<meta name=\"twitter:card\" content=\"summary_large_image\" \/>\n<meta name=\"twitter:label1\" content=\"Tiempo de lectura\" \/>\n\t<meta name=\"twitter:data1\" content=\"1 minuto\" \/>\n<script type=\"application\/ld+json\" class=\"yoast-schema-graph\">{\"@context\":\"https:\\\/\\\/schema.org\",\"@graph\":[{\"@type\":\"WebPage\",\"@id\":\"https:\\\/\\\/amrtop.net\\\/produit\\\/motoreducteur-kenta-2-rpm-code-k9115062-arbre-o-85-mm-toles-feuilletees-30-mm\\\/\",\"url\":\"https:\\\/\\\/amrtop.net\\\/produit\\\/motoreducteur-kenta-2-rpm-code-k9115062-arbre-o-85-mm-toles-feuilletees-30-mm\\\/\",\"name\":\"Motor\u00e9ducteur Kenta 2 rpm \u00f8 arbre 8.5 K9115062\",\"isPartOf\":{\"@id\":\"https:\\\/\\\/amrtop.net\\\/#website\"},\"primaryImageOfPage\":{\"@id\":\"https:\\\/\\\/amrtop.net\\\/produit\\\/motoreducteur-kenta-2-rpm-code-k9115062-arbre-o-85-mm-toles-feuilletees-30-mm\\\/#primaryimage\"},\"image\":{\"@id\":\"https:\\\/\\\/amrtop.net\\\/produit\\\/motoreducteur-kenta-2-rpm-code-k9115062-arbre-o-85-mm-toles-feuilletees-30-mm\\\/#primaryimage\"},\"thumbnailUrl\":\"https:\\\/\\\/amrtop.net\\\/wp-content\\\/uploads\\\/2022\\\/07\\\/K9115062.jpg\",\"datePublished\":\"2020-10-01T00:00:00+00:00\",\"dateModified\":\"2025-02-13T14:33:00+00:00\",\"description\":\"Motor\u00e9ducteur Kenta 2 rpm \u00f8 arbre 8.5 K9115062-Motor\u00e9ducteurs Kenta pour vis de po\u00eale \u00e0 granul\u00e9s m\u00e2ts 8.5-Motor\u00e9ducteurs Kenta pour po\u00eales et chaudi\u00e8res\",\"breadcrumb\":{\"@id\":\"https:\\\/\\\/amrtop.net\\\/produit\\\/motoreducteur-kenta-2-rpm-code-k9115062-arbre-o-85-mm-toles-feuilletees-30-mm\\\/#breadcrumb\"},\"inLanguage\":\"es\",\"potentialAction\":[{\"@type\":\"ReadAction\",\"target\":[\"https:\\\/\\\/amrtop.net\\\/produit\\\/motoreducteur-kenta-2-rpm-code-k9115062-arbre-o-85-mm-toles-feuilletees-30-mm\\\/\"]}]},{\"@type\":\"ImageObject\",\"inLanguage\":\"es\",\"@id\":\"https:\\\/\\\/amrtop.net\\\/produit\\\/motoreducteur-kenta-2-rpm-code-k9115062-arbre-o-85-mm-toles-feuilletees-30-mm\\\/#primaryimage\",\"url\":\"https:\\\/\\\/amrtop.net\\\/wp-content\\\/uploads\\\/2022\\\/07\\\/K9115062.jpg\",\"contentUrl\":\"https:\\\/\\\/amrtop.net\\\/wp-content\\\/uploads\\\/2022\\\/07\\\/K9115062.jpg\",\"width\":960,\"height\":960,\"caption\":\"Motor\u00e9ducteur Kenta 2 rpm \u00f8 arbre 8.5 K9115062-Motor\u00e9ducteurs Kenta pour vis de po\u00eale \u00e0 granul\u00e9s m\u00e2ts 8.5-Motor\u00e9ducteurs Kenta pour po\u00eales et chaudi\u00e8res\"},{\"@type\":\"BreadcrumbList\",\"@id\":\"https:\\\/\\\/amrtop.net\\\/produit\\\/motoreducteur-kenta-2-rpm-code-k9115062-arbre-o-85-mm-toles-feuilletees-30-mm\\\/#breadcrumb\",\"itemListElement\":[{\"@type\":\"ListItem\",\"position\":1,\"name\":\"Home\",\"item\":\"https:\\\/\\\/amrtop.net\\\/\"},{\"@type\":\"ListItem\",\"position\":2,\"name\":\"Shop\",\"item\":\"https:\\\/\\\/amrtop.net\\\/negozio\\\/\"},{\"@type\":\"ListItem\",\"position\":3,\"name\":\"Motor\u00e9ducteur Kenta 2 rpm Code K9115062 \u2013 Arbre \u00f8 8,5 mm &#8211; T\u00f4les feuillet\u00e9es 30 mm\"}]},{\"@type\":\"WebSite\",\"@id\":\"https:\\\/\\\/amrtop.net\\\/#website\",\"url\":\"https:\\\/\\\/amrtop.net\\\/\",\"name\":\"AMRTOP B2B \u00c9tranger - Achats r\u00e9serv\u00e9s au professionnel\",\"description\":\"Pi\u00e8ces de rechange et accessoires pour po\u00eales et chaudi\u00e8res - eCommerce B2B pour Clients Professionnels\",\"potentialAction\":[{\"@type\":\"SearchAction\",\"target\":{\"@type\":\"EntryPoint\",\"urlTemplate\":\"https:\\\/\\\/amrtop.net\\\/?s={search_term_string}\"},\"query-input\":{\"@type\":\"PropertyValueSpecification\",\"valueRequired\":true,\"valueName\":\"search_term_string\"}}],\"inLanguage\":\"es\"}]}<\/script>\n<!-- \/ Yoast SEO plugin. -->","yoast_head_json":{"title":"Motor\u00e9ducteur Kenta 2 rpm \u00f8 arbre 8.5 K9115062","description":"Motorreductor Kenta 2 rpm \u00f8 eje 8,5 K9115062-Motorreductores Kenta para estufas de pellets tornillos 8,5-Motorreductores Kenta para estufas y calderas","robots":{"index":"index","follow":"follow","max-snippet":"max-snippet:-1","max-image-preview":"max-image-preview:large","max-video-preview":"max-video-preview:-1"},"canonical":"https:\/\/amrtop.net\/es\/producto\/motoreducteur-kenta-2-rpm-code-k9115062-arbre-o-85-mm-toles-feuilletees-30-mm\/","og_locale":"es_ES","og_type":"article","og_title":"Motor\u00e9ducteur Kenta 2 rpm \u00f8 arbre 8.5 K9115062","og_description":"Motor\u00e9ducteur Kenta 2 rpm \u00f8 arbre 8.5 K9115062-Motor\u00e9ducteurs Kenta pour vis de po\u00eale \u00e0 granul\u00e9s m\u00e2ts 8.5-Motor\u00e9ducteurs Kenta pour po\u00eales et chaudi\u00e8res","og_url":"https:\/\/amrtop.net\/es\/producto\/motoreducteur-kenta-2-rpm-code-k9115062-arbre-o-85-mm-toles-feuilletees-30-mm\/","og_site_name":"AMRTOP B2B \u00c9tranger - Achats r\u00e9serv\u00e9s au professionnel","article_modified_time":"2025-02-13T14:33:00+00:00","og_image":[{"width":960,"height":960,"url":"https:\/\/amrtop.net\/wp-content\/uploads\/2022\/07\/K9115062.jpg","type":"image\/jpeg"}],"twitter_card":"summary_large_image","twitter_misc":{"Tiempo de lectura":"1 minuto"},"schema":{"@context":"https:\/\/schema.org","@graph":[{"@type":"WebPage","@id":"https:\/\/amrtop.net\/produit\/motoreducteur-kenta-2-rpm-code-k9115062-arbre-o-85-mm-toles-feuilletees-30-mm\/","url":"https:\/\/amrtop.net\/produit\/motoreducteur-kenta-2-rpm-code-k9115062-arbre-o-85-mm-toles-feuilletees-30-mm\/","name":"Motor\u00e9ducteur Kenta 2 rpm \u00f8 arbre 8.5 K9115062","isPartOf":{"@id":"https:\/\/amrtop.net\/#website"},"primaryImageOfPage":{"@id":"https:\/\/amrtop.net\/produit\/motoreducteur-kenta-2-rpm-code-k9115062-arbre-o-85-mm-toles-feuilletees-30-mm\/#primaryimage"},"image":{"@id":"https:\/\/amrtop.net\/produit\/motoreducteur-kenta-2-rpm-code-k9115062-arbre-o-85-mm-toles-feuilletees-30-mm\/#primaryimage"},"thumbnailUrl":"https:\/\/amrtop.net\/wp-content\/uploads\/2022\/07\/K9115062.jpg","datePublished":"2020-10-01T00:00:00+00:00","dateModified":"2025-02-13T14:33:00+00:00","description":"Motorreductor Kenta 2 rpm \u00f8 eje 8,5 K9115062-Motorreductores Kenta para estufas de pellets tornillos 8,5-Motorreductores Kenta para estufas y calderas","breadcrumb":{"@id":"https:\/\/amrtop.net\/produit\/motoreducteur-kenta-2-rpm-code-k9115062-arbre-o-85-mm-toles-feuilletees-30-mm\/#breadcrumb"},"inLanguage":"es","potentialAction":[{"@type":"ReadAction","target":["https:\/\/amrtop.net\/produit\/motoreducteur-kenta-2-rpm-code-k9115062-arbre-o-85-mm-toles-feuilletees-30-mm\/"]}]},{"@type":"ImageObject","inLanguage":"es","@id":"https:\/\/amrtop.net\/produit\/motoreducteur-kenta-2-rpm-code-k9115062-arbre-o-85-mm-toles-feuilletees-30-mm\/#primaryimage","url":"https:\/\/amrtop.net\/wp-content\/uploads\/2022\/07\/K9115062.jpg","contentUrl":"https:\/\/amrtop.net\/wp-content\/uploads\/2022\/07\/K9115062.jpg","width":960,"height":960,"caption":"Motor\u00e9ducteur Kenta 2 rpm \u00f8 arbre 8.5 K9115062-Motor\u00e9ducteurs Kenta pour vis de po\u00eale \u00e0 granul\u00e9s m\u00e2ts 8.5-Motor\u00e9ducteurs Kenta pour po\u00eales et chaudi\u00e8res"},{"@type":"BreadcrumbList","@id":"https:\/\/amrtop.net\/produit\/motoreducteur-kenta-2-rpm-code-k9115062-arbre-o-85-mm-toles-feuilletees-30-mm\/#breadcrumb","itemListElement":[{"@type":"ListItem","position":1,"name":"Home","item":"https:\/\/amrtop.net\/"},{"@type":"ListItem","position":2,"name":"Shop","item":"https:\/\/amrtop.net\/negozio\/"},{"@type":"ListItem","position":3,"name":"Motor\u00e9ducteur Kenta 2 rpm Code K9115062 \u2013 Arbre \u00f8 8,5 mm &#8211; T\u00f4les feuillet\u00e9es 30 mm"}]},{"@type":"WebSite","@id":"https:\/\/amrtop.net\/#website","url":"https:\/\/amrtop.net\/","name":"AMRTOP B2B Abroad - Compras reservadas a los profesionales","description":"Recambios y accesorios para estufas y calderas - Comercio electr\u00f3nico B2B para profesionales","potentialAction":[{"@type":"SearchAction","target":{"@type":"EntryPoint","urlTemplate":"https:\/\/amrtop.net\/?s={search_term_string}"},"query-input":{"@type":"PropertyValueSpecification","valueRequired":true,"valueName":"search_term_string"}}],"inLanguage":"es"}]}},"_links":{"self":[{"href":"https:\/\/amrtop.net\/es\/wp-json\/wp\/v2\/product\/3682","targetHints":{"allow":["GET"]}}],"collection":[{"href":"https:\/\/amrtop.net\/es\/wp-json\/wp\/v2\/product"}],"about":[{"href":"https:\/\/amrtop.net\/es\/wp-json\/wp\/v2\/types\/product"}],"replies":[{"embeddable":true,"href":"https:\/\/amrtop.net\/es\/wp-json\/wp\/v2\/comments?post=3682"}],"wp:featuredmedia":[{"embeddable":true,"href":"https:\/\/amrtop.net\/es\/wp-json\/wp\/v2\/media\/34881"}],"wp:attachment":[{"href":"https:\/\/amrtop.net\/es\/wp-json\/wp\/v2\/media?parent=3682"}],"wp:term":[{"taxonomy":"product_brand","embeddable":true,"href":"https:\/\/amrtop.net\/es\/wp-json\/wp\/v2\/product_brand?post=3682"},{"taxonomy":"product_cat","embeddable":true,"href":"https:\/\/amrtop.net\/es\/wp-json\/wp\/v2\/product_cat?post=3682"},{"taxonomy":"product_tag","embeddable":true,"href":"https:\/\/amrtop.net\/es\/wp-json\/wp\/v2\/product_tag?post=3682"}],"curies":[{"name":"wp","href":"https:\/\/api.w.org\/{rel}","templated":true}]}}