{"id":36912,"date":"2023-03-17T10:21:05","date_gmt":"2023-03-17T10:21:05","guid":{"rendered":"https:\/\/amrtop.com\/B2B\/?post_type=product&#038;p=36912"},"modified":"2023-06-02T13:56:59","modified_gmt":"2023-06-02T13:56:59","slug":"ventilateur-tangentiel-fergas-double-vitesse-code-116914","status":"publish","type":"product","link":"https:\/\/amrtop.net\/es\/produit\/ventilateur-tangentiel-fergas-double-vitesse-code-116914\/","title":{"rendered":"Ventilateur tangentiel Fergas DOUBLE VITESSE Code 116914 &#8211; Longueur du ventilateur 270 mm &#8211; Longueur totale 351 mm"},"content":{"rendered":"<h3>Ventilateur tangentiel Fergas DOUBLE VITESSE Code 116914<\/h3>\n<p>Fundada en Link\u00f6ping (Suecia) en 1949 por nuestro fundador, Lennart Wallman, la empresa sigue siendo propiedad de la misma familia en la actualidad.<\/p>\n<p>Los ventiladores de flujo cruzado Fergas que ofrece Amrtop se utilizan en una amplia gama de aplicaciones, como chimeneas de efecto llama, lavavajillas, equipos m\u00e9dicos y para refrigerar muchos tipos de equipos electr\u00f3nicos. Est\u00e1n disponibles en varias longitudes y di\u00e1metros en versiones simples y dobles con una amplia gama de motores.<\/p>\n<p>Est\u00e1n disponibles en varias longitudes y di\u00e1metros, simples, dobles o modulares, con una amplia gama de motores de CA.<\/p>\n<p>Amrtop ofrece una amplia gama de productos de ventilaci\u00f3n Fergas especialmente dise\u00f1ados para el sector de la calefacci\u00f3n y la refrigeraci\u00f3n.<\/p>\n<p>A lo largo de su historia, Fergas ha dado prioridad al \u00e9xito de sus clientes.<\/p>\n<h3>Utilisation du ventilateur tangentiel Fergas DOUBLE VITESSE Code 116914<\/h3>\n<p>Le ventilateur tangentiel Fergas Code 116914 propos\u00e9 par Amrtop s\u2019installe dans les appareils \u00e0 biomasse pour extraire l\u2019air chaud cr\u00e9\u00e9 par le corps de combustion et le diffuser ensuite dans l\u2019environnement.<\/p>\n<p><strong>Presente en aparatos t\u00edpicos<\/strong>\u00a0Estufa de pellets - Caldera de pellets - Quemador de pellets - Barbacoa\/parrilla de pellets Caldera de biomasa - Quemador de biomasa - Y muchos otros quemadores<\/p>\n<h3><strong>Interior<\/strong><\/h3>\n<p><a href=\"https:\/\/wekos.it\/\">Estufas, cocinas y cocinas de le\u00f1a<\/a>\u00a0-\u00a0<a href=\"https:\/\/www.greenpuros.com\/\">chimeneas, estufas y calderas de pellets.<\/a><\/p>\n<h3><strong>Gama Amrtop de recambios y accesorios<\/strong><\/h3>\n<p><a href=\"https:\/\/amrtop.net\/es\/categoria-de-productos\/recambios-miscelaneos-cocinas-y-calderas-2\/bougies-dallumage-pour-poeles-et-chaudieres-a-pellets\/\">Calentadores<\/a><\/p>\n<p><a href=\"https:\/\/amrtop.net\/es\/categoria-de-productos\/recambios-miscelaneos-cocinas-y-calderas-2\/electronique\/\">Electr\u00f3nica<\/a><\/p>\n<p><a href=\"https:\/\/amrtop.net\/es\/categoria-de-productos\/recambios-miscelaneos-cocinas-y-calderas-2\/extracteurs-de-fumee\/\">Extractores de humo<\/a><\/p>\n<p><a href=\"https:\/\/amrtop.net\/es\/categoria-de-productos\/recambios-miscelaneos-cocinas-y-calderas-2\/gaines-cable-connecteurs\/\">Fundas de cables de conexi\u00f3n<\/a><\/p>\n<p><a href=\"https:\/\/amrtop.net\/es\/categoria-de-productos\/recambios-miscelaneos-cocinas-y-calderas-2\/joints-de-silicone\/\">Juntas de silicona<\/a><\/p>\n<p><a href=\"https:\/\/amrtop.net\/es\/categoria-de-productos\/recambios-miscelaneos-cocinas-y-calderas-2\/motoreducteurs\/\">Motorreductores<\/a><\/p>\n<p><a href=\"https:\/\/amrtop.net\/es\/categoria-de-productos\/recambios-miscelaneos-cocinas-y-calderas-2\/pressostats-et-transducteurs\/\">Presostatos y transductores<\/a><\/p>\n<p><a href=\"https:\/\/amrtop.net\/es\/categoria-de-productos\/recambios-miscelaneos-cocinas-y-calderas-2\/sondes-thermostats-manometres-thermometres\/\">Sondas termostatos man\u00f3metros term\u00f3metros<\/a><\/p>\n<p><a href=\"https:\/\/amrtop.net\/es\/categoria-de-productos\/recambios-miscelaneos-cocinas-y-calderas-2\/joints-detancheite\/\">Sellado de trenzas<\/a><\/p>\n<p><a href=\"https:\/\/amrtop.net\/es\/categoria-de-productos\/recambios-miscelaneos-cocinas-y-calderas-2\/ventilateurs-centrifuges-pour-poeles-a-pellets\/\">Ventiladores centr\u00edfugos<\/a><\/p>\n<p><a href=\"https:\/\/amrtop.net\/es\/categoria-de-productos\/recambios-miscelaneos-cocinas-y-calderas-2\/ventilateurs-tangentiels-flux-transversal\/\">Ventiladores de flujo cruzado<\/a><\/p>\n<p><a href=\"https:\/\/amrtop.net\/es\/categoria-de-productos\/recambios-miscelaneos-cocinas-y-calderas-2\/adhesifs-et-produits-detancheite\/\">Colas y selladores<\/a><\/p>\n<p>&nbsp;<\/p>","protected":false},"excerpt":{"rendered":"<h2><span style=\"color: #008000\">Disponible en<\/span><\/h2>\n<hr \/>\n<p>Code 116914<\/p>\n<p>Motor derecho<br \/>\nVentilateur \u00d8 60 mm<br \/>\nLongitud del ventilador 270 mm<br \/>\nLongueur totale\u00a0: 351 mm<br \/>\nEncombrement hauteur\u00a0: 111,8 mm<br \/>\nDimensions de la fermeture\u00a0: 40 x 274 mm<br \/>\nD\u00e9bit\u00a0: 148 m\u00b3 \/h<br \/>\nEmballage lamellaire\u00a0: 30 mm<br \/>\nPuissance\u00a0: 30 W<br \/>\nClase F<\/p>","protected":false},"featured_media":36998,"comment_status":"open","ping_status":"closed","template":"","meta":[],"product_brand":[],"product_cat":[839,878,1580,883],"product_tag":[],"class_list":{"0":"post-36912","1":"product","2":"type-product","3":"status-publish","4":"has-post-thumbnail","6":"product_cat-pieces-de-rechange-divers-poeles-et-chaudieres","7":"product_cat-ventilateurs-tangentiels-flux-transversal","8":"product_cat-ventilateurs-tangentiels-a-double-vitesse-fergas","9":"product_cat-ventilateurs-tangentiels-fergas-pour-poeles-et-chaudieres-a-pellets","10":"product_shipping_class-classe-di-spedizione-02","12":"first","13":"instock","14":"shipping-taxable","15":"purchasable","16":"product-type-simple"},"yoast_head":"<!-- This site is optimized with the Yoast SEO plugin v27.5 - https:\/\/yoast.com\/product\/yoast-seo-wordpress\/ -->\n<title>Ventilateur tangentiel Fergas DOUBLE VITESSE Code 116914<\/title>\n<meta name=\"description\" content=\"Ventilateur tangentiel Fergas DOUBLE VITESSE Code 116914 - Ventilateurs d\u2019extraction d\u2019air chaud pour po\u00eales \u00e0 pellets - Extracteur d\u2019air chaud tangentiel - Syst\u00e8me d\u2019extraction d\u2019air chaud pour appareils \u00e0 pellets et \u00e0 bois\" \/>\n<meta name=\"robots\" content=\"index, follow, max-snippet:-1, max-image-preview:large, max-video-preview:-1\" \/>\n<link rel=\"canonical\" href=\"https:\/\/amrtop.net\/es\/producto\/ventilateur-tangentiel-fergas-double-vitesse-code-116914\/\" \/>\n<meta property=\"og:locale\" content=\"es_ES\" \/>\n<meta property=\"og:type\" content=\"article\" \/>\n<meta property=\"og:title\" content=\"Ventilateur tangentiel Fergas DOUBLE VITESSE Code 116914\" \/>\n<meta property=\"og:description\" content=\"Ventilateur tangentiel Fergas DOUBLE VITESSE Code 116914 - Ventilateurs d\u2019extraction d\u2019air chaud pour po\u00eales \u00e0 pellets - Extracteur d\u2019air chaud tangentiel - Syst\u00e8me d\u2019extraction d\u2019air chaud pour appareils \u00e0 pellets et \u00e0 bois\" \/>\n<meta property=\"og:url\" content=\"https:\/\/amrtop.net\/es\/producto\/ventilateur-tangentiel-fergas-double-vitesse-code-116914\/\" \/>\n<meta property=\"og:site_name\" content=\"AMRTOP B2B \u00c9tranger - Achats r\u00e9serv\u00e9s au professionnel\" \/>\n<meta property=\"article:modified_time\" content=\"2023-06-02T13:56:59+00:00\" \/>\n<meta property=\"og:image\" content=\"https:\/\/amrtop.net\/wp-content\/uploads\/2023\/03\/116914-sfondo-amr.jpg\" \/>\n\t<meta property=\"og:image:width\" content=\"960\" \/>\n\t<meta property=\"og:image:height\" content=\"960\" \/>\n\t<meta property=\"og:image:type\" content=\"image\/jpeg\" \/>\n<meta name=\"twitter:card\" content=\"summary_large_image\" \/>\n<meta name=\"twitter:label1\" content=\"Tiempo de lectura\" \/>\n\t<meta name=\"twitter:data1\" content=\"1 minuto\" \/>\n<script type=\"application\/ld+json\" class=\"yoast-schema-graph\">{\"@context\":\"https:\\\/\\\/schema.org\",\"@graph\":[{\"@type\":\"WebPage\",\"@id\":\"https:\\\/\\\/amrtop.net\\\/produit\\\/ventilateur-tangentiel-fergas-double-vitesse-code-116914\\\/\",\"url\":\"https:\\\/\\\/amrtop.net\\\/produit\\\/ventilateur-tangentiel-fergas-double-vitesse-code-116914\\\/\",\"name\":\"Ventilateur tangentiel Fergas DOUBLE VITESSE Code 116914\",\"isPartOf\":{\"@id\":\"https:\\\/\\\/amrtop.net\\\/#website\"},\"primaryImageOfPage\":{\"@id\":\"https:\\\/\\\/amrtop.net\\\/produit\\\/ventilateur-tangentiel-fergas-double-vitesse-code-116914\\\/#primaryimage\"},\"image\":{\"@id\":\"https:\\\/\\\/amrtop.net\\\/produit\\\/ventilateur-tangentiel-fergas-double-vitesse-code-116914\\\/#primaryimage\"},\"thumbnailUrl\":\"https:\\\/\\\/amrtop.net\\\/wp-content\\\/uploads\\\/2023\\\/03\\\/116914-sfondo-amr.jpg\",\"datePublished\":\"2023-03-17T10:21:05+00:00\",\"dateModified\":\"2023-06-02T13:56:59+00:00\",\"description\":\"Ventilateur tangentiel Fergas DOUBLE VITESSE Code 116914 - Ventilateurs d\u2019extraction d\u2019air chaud pour po\u00eales \u00e0 pellets - Extracteur d\u2019air chaud tangentiel - Syst\u00e8me d\u2019extraction d\u2019air chaud pour appareils \u00e0 pellets et \u00e0 bois\",\"breadcrumb\":{\"@id\":\"https:\\\/\\\/amrtop.net\\\/produit\\\/ventilateur-tangentiel-fergas-double-vitesse-code-116914\\\/#breadcrumb\"},\"inLanguage\":\"es\",\"potentialAction\":[{\"@type\":\"ReadAction\",\"target\":[\"https:\\\/\\\/amrtop.net\\\/produit\\\/ventilateur-tangentiel-fergas-double-vitesse-code-116914\\\/\"]}]},{\"@type\":\"ImageObject\",\"inLanguage\":\"es\",\"@id\":\"https:\\\/\\\/amrtop.net\\\/produit\\\/ventilateur-tangentiel-fergas-double-vitesse-code-116914\\\/#primaryimage\",\"url\":\"https:\\\/\\\/amrtop.net\\\/wp-content\\\/uploads\\\/2023\\\/03\\\/116914-sfondo-amr.jpg\",\"contentUrl\":\"https:\\\/\\\/amrtop.net\\\/wp-content\\\/uploads\\\/2023\\\/03\\\/116914-sfondo-amr.jpg\",\"width\":960,\"height\":960,\"caption\":\"Ventilateur tangentiel Fergas DOUBLE VITESSE Code 116914 - Ventilateurs d\u2019extraction d\u2019air chaud pour po\u00eales \u00e0 pellets - Extracteur d\u2019air chaud tangentiel - Syst\u00e8me d\u2019extraction d\u2019air chaud pour appareils \u00e0 pellets et \u00e0 bois\"},{\"@type\":\"BreadcrumbList\",\"@id\":\"https:\\\/\\\/amrtop.net\\\/produit\\\/ventilateur-tangentiel-fergas-double-vitesse-code-116914\\\/#breadcrumb\",\"itemListElement\":[{\"@type\":\"ListItem\",\"position\":1,\"name\":\"Home\",\"item\":\"https:\\\/\\\/amrtop.net\\\/\"},{\"@type\":\"ListItem\",\"position\":2,\"name\":\"Shop\",\"item\":\"https:\\\/\\\/amrtop.net\\\/negozio\\\/\"},{\"@type\":\"ListItem\",\"position\":3,\"name\":\"Ventilateur tangentiel Fergas DOUBLE VITESSE Code 116914 &#8211; Longueur du ventilateur 270 mm &#8211; Longueur totale 351 mm\"}]},{\"@type\":\"WebSite\",\"@id\":\"https:\\\/\\\/amrtop.net\\\/#website\",\"url\":\"https:\\\/\\\/amrtop.net\\\/\",\"name\":\"AMRTOP B2B \u00c9tranger - Achats r\u00e9serv\u00e9s au professionnel\",\"description\":\"Pi\u00e8ces de rechange et accessoires pour po\u00eales et chaudi\u00e8res - eCommerce B2B pour Clients Professionnels\",\"potentialAction\":[{\"@type\":\"SearchAction\",\"target\":{\"@type\":\"EntryPoint\",\"urlTemplate\":\"https:\\\/\\\/amrtop.net\\\/?s={search_term_string}\"},\"query-input\":{\"@type\":\"PropertyValueSpecification\",\"valueRequired\":true,\"valueName\":\"search_term_string\"}}],\"inLanguage\":\"es\"}]}<\/script>\n<!-- \/ Yoast SEO plugin. -->","yoast_head_json":{"title":"Ventilateur tangentiel Fergas DOUBLE VITESSE Code 116914","description":"Ventilateur tangentiel Fergas DOUBLE VITESSE Code 116914 - Ventilateurs d\u2019extraction d\u2019air chaud pour po\u00eales \u00e0 pellets - Extracteur d\u2019air chaud tangentiel - Syst\u00e8me d\u2019extraction d\u2019air chaud pour appareils \u00e0 pellets et \u00e0 bois","robots":{"index":"index","follow":"follow","max-snippet":"max-snippet:-1","max-image-preview":"max-image-preview:large","max-video-preview":"max-video-preview:-1"},"canonical":"https:\/\/amrtop.net\/es\/producto\/ventilateur-tangentiel-fergas-double-vitesse-code-116914\/","og_locale":"es_ES","og_type":"article","og_title":"Ventilateur tangentiel Fergas DOUBLE VITESSE Code 116914","og_description":"Ventilateur tangentiel Fergas DOUBLE VITESSE Code 116914 - Ventilateurs d\u2019extraction d\u2019air chaud pour po\u00eales \u00e0 pellets - Extracteur d\u2019air chaud tangentiel - Syst\u00e8me d\u2019extraction d\u2019air chaud pour appareils \u00e0 pellets et \u00e0 bois","og_url":"https:\/\/amrtop.net\/es\/producto\/ventilateur-tangentiel-fergas-double-vitesse-code-116914\/","og_site_name":"AMRTOP B2B \u00c9tranger - Achats r\u00e9serv\u00e9s au professionnel","article_modified_time":"2023-06-02T13:56:59+00:00","og_image":[{"width":960,"height":960,"url":"https:\/\/amrtop.net\/wp-content\/uploads\/2023\/03\/116914-sfondo-amr.jpg","type":"image\/jpeg"}],"twitter_card":"summary_large_image","twitter_misc":{"Tiempo de lectura":"1 minuto"},"schema":{"@context":"https:\/\/schema.org","@graph":[{"@type":"WebPage","@id":"https:\/\/amrtop.net\/produit\/ventilateur-tangentiel-fergas-double-vitesse-code-116914\/","url":"https:\/\/amrtop.net\/produit\/ventilateur-tangentiel-fergas-double-vitesse-code-116914\/","name":"Ventilateur tangentiel Fergas DOUBLE VITESSE Code 116914","isPartOf":{"@id":"https:\/\/amrtop.net\/#website"},"primaryImageOfPage":{"@id":"https:\/\/amrtop.net\/produit\/ventilateur-tangentiel-fergas-double-vitesse-code-116914\/#primaryimage"},"image":{"@id":"https:\/\/amrtop.net\/produit\/ventilateur-tangentiel-fergas-double-vitesse-code-116914\/#primaryimage"},"thumbnailUrl":"https:\/\/amrtop.net\/wp-content\/uploads\/2023\/03\/116914-sfondo-amr.jpg","datePublished":"2023-03-17T10:21:05+00:00","dateModified":"2023-06-02T13:56:59+00:00","description":"Ventilateur tangentiel Fergas DOUBLE VITESSE Code 116914 - Ventilateurs d\u2019extraction d\u2019air chaud pour po\u00eales \u00e0 pellets - Extracteur d\u2019air chaud tangentiel - Syst\u00e8me d\u2019extraction d\u2019air chaud pour appareils \u00e0 pellets et \u00e0 bois","breadcrumb":{"@id":"https:\/\/amrtop.net\/produit\/ventilateur-tangentiel-fergas-double-vitesse-code-116914\/#breadcrumb"},"inLanguage":"es","potentialAction":[{"@type":"ReadAction","target":["https:\/\/amrtop.net\/produit\/ventilateur-tangentiel-fergas-double-vitesse-code-116914\/"]}]},{"@type":"ImageObject","inLanguage":"es","@id":"https:\/\/amrtop.net\/produit\/ventilateur-tangentiel-fergas-double-vitesse-code-116914\/#primaryimage","url":"https:\/\/amrtop.net\/wp-content\/uploads\/2023\/03\/116914-sfondo-amr.jpg","contentUrl":"https:\/\/amrtop.net\/wp-content\/uploads\/2023\/03\/116914-sfondo-amr.jpg","width":960,"height":960,"caption":"Ventilateur tangentiel Fergas DOUBLE VITESSE Code 116914 - Ventilateurs d\u2019extraction d\u2019air chaud pour po\u00eales \u00e0 pellets - Extracteur d\u2019air chaud tangentiel - Syst\u00e8me d\u2019extraction d\u2019air chaud pour appareils \u00e0 pellets et \u00e0 bois"},{"@type":"BreadcrumbList","@id":"https:\/\/amrtop.net\/produit\/ventilateur-tangentiel-fergas-double-vitesse-code-116914\/#breadcrumb","itemListElement":[{"@type":"ListItem","position":1,"name":"Home","item":"https:\/\/amrtop.net\/"},{"@type":"ListItem","position":2,"name":"Shop","item":"https:\/\/amrtop.net\/negozio\/"},{"@type":"ListItem","position":3,"name":"Ventilateur tangentiel Fergas DOUBLE VITESSE Code 116914 &#8211; Longueur du ventilateur 270 mm &#8211; Longueur totale 351 mm"}]},{"@type":"WebSite","@id":"https:\/\/amrtop.net\/#website","url":"https:\/\/amrtop.net\/","name":"AMRTOP B2B Abroad - Compras reservadas a los profesionales","description":"Recambios y accesorios para estufas y calderas - Comercio electr\u00f3nico B2B para profesionales","potentialAction":[{"@type":"SearchAction","target":{"@type":"EntryPoint","urlTemplate":"https:\/\/amrtop.net\/?s={search_term_string}"},"query-input":{"@type":"PropertyValueSpecification","valueRequired":true,"valueName":"search_term_string"}}],"inLanguage":"es"}]}},"_links":{"self":[{"href":"https:\/\/amrtop.net\/es\/wp-json\/wp\/v2\/product\/36912","targetHints":{"allow":["GET"]}}],"collection":[{"href":"https:\/\/amrtop.net\/es\/wp-json\/wp\/v2\/product"}],"about":[{"href":"https:\/\/amrtop.net\/es\/wp-json\/wp\/v2\/types\/product"}],"replies":[{"embeddable":true,"href":"https:\/\/amrtop.net\/es\/wp-json\/wp\/v2\/comments?post=36912"}],"wp:featuredmedia":[{"embeddable":true,"href":"https:\/\/amrtop.net\/es\/wp-json\/wp\/v2\/media\/36998"}],"wp:attachment":[{"href":"https:\/\/amrtop.net\/es\/wp-json\/wp\/v2\/media?parent=36912"}],"wp:term":[{"taxonomy":"product_brand","embeddable":true,"href":"https:\/\/amrtop.net\/es\/wp-json\/wp\/v2\/product_brand?post=36912"},{"taxonomy":"product_cat","embeddable":true,"href":"https:\/\/amrtop.net\/es\/wp-json\/wp\/v2\/product_cat?post=36912"},{"taxonomy":"product_tag","embeddable":true,"href":"https:\/\/amrtop.net\/es\/wp-json\/wp\/v2\/product_tag?post=36912"}],"curies":[{"name":"wp","href":"https:\/\/api.w.org\/{rel}","templated":true}]}}