{"id":36916,"date":"2023-03-17T10:24:40","date_gmt":"2023-03-17T10:24:40","guid":{"rendered":"https:\/\/amrtop.com\/B2B\/?post_type=product&#038;p=36916"},"modified":"2023-08-02T11:31:09","modified_gmt":"2023-08-02T11:31:09","slug":"ventilador-tangencial-fergas-doble-velocidad-codigo-153507","status":"publish","type":"product","link":"https:\/\/amrtop.net\/es\/produit\/ventilateur-tangentiel-fergas-double-vitesse-code-153507\/","title":{"rendered":"Ventilador tangencial Fergas DOBLE VELOCIDAD C\u00f3digo 153507 - Longitud del ventilador 360 mm - Longitud total 458 mm"},"content":{"rendered":"<h3>Ventilador tangencial Fergas DOBLE VELOCIDAD C\u00f3digo 153507<\/h3>\n<p>Fundada en Link\u00f6ping (Suecia) en 1949 por nuestro fundador, Lennart Wallman, la empresa sigue siendo propiedad de la misma familia en la actualidad.<\/p>\n<p>Los ventiladores de flujo cruzado Fergas que ofrece Amrtop se utilizan en una amplia gama de aplicaciones, como chimeneas de efecto llama, lavavajillas, equipos m\u00e9dicos y para refrigerar muchos tipos de equipos electr\u00f3nicos. Est\u00e1n disponibles en varias longitudes y di\u00e1metros en versiones simples y dobles con una amplia gama de motores.<\/p>\n<p>Est\u00e1n disponibles en varias longitudes y di\u00e1metros, simples, dobles o modulares, con una amplia gama de motores de CA.<\/p>\n<p>Amrtop ofrece una amplia gama de productos de ventilaci\u00f3n Fergas especialmente dise\u00f1ados para el sector de la calefacci\u00f3n y la refrigeraci\u00f3n.<\/p>\n<p>A lo largo de su historia, Fergas ha dado prioridad al \u00e9xito de sus clientes.<\/p>\n<h3>Utilizaci\u00f3n del ventilador tangencial Fergas DOUBLE SPEED C\u00f3digo 153507<\/h3>\n<p>El ventilador tangencial Fergas C\u00f3digo 153507 ofrecido por Amrtop se instala en aparatos de biomasa para extraer el aire caliente creado por el cuerpo de combusti\u00f3n y luego distribuirlo en el medio ambiente.<\/p>\n<p><strong>Presente en aparatos t\u00edpicos<\/strong>\u00a0Estufa de pellets - Caldera de pellets - Quemador de pellets - Barbacoa\/parrilla de pellets Caldera de biomasa - Quemador de biomasa - Y muchos otros quemadores<\/p>\n<h3><strong>Interior<\/strong><\/h3>\n<p><a href=\"https:\/\/wekos.it\/\">Estufas, cocinas y cocinas de le\u00f1a<\/a>\u00a0-\u00a0<a href=\"https:\/\/www.greenpuros.com\/\">chimeneas, estufas y calderas de pellets.<\/a><\/p>\n<h3><strong>Gama Amrtop de recambios y accesorios<\/strong><\/h3>\n<p><a href=\"https:\/\/amrtop.net\/es\/categoria-de-productos\/recambios-miscelaneos-cocinas-y-calderas-2\/bougies-dallumage-pour-poeles-et-chaudieres-a-pellets\/\">Calentadores<\/a><\/p>\n<p><a href=\"https:\/\/amrtop.net\/es\/categoria-de-productos\/recambios-miscelaneos-cocinas-y-calderas-2\/electronique\/\">Electr\u00f3nica<\/a><\/p>\n<p><a href=\"https:\/\/amrtop.net\/es\/categoria-de-productos\/recambios-miscelaneos-cocinas-y-calderas-2\/extracteurs-de-fumee\/\">Extractores de humo<\/a><\/p>\n<p><a href=\"https:\/\/amrtop.net\/es\/categoria-de-productos\/recambios-miscelaneos-cocinas-y-calderas-2\/gaines-cable-connecteurs\/\">Fundas de cables de conexi\u00f3n<\/a><\/p>\n<p><a href=\"https:\/\/amrtop.net\/es\/categoria-de-productos\/recambios-miscelaneos-cocinas-y-calderas-2\/joints-de-silicone\/\">Juntas de silicona<\/a><\/p>\n<p><a href=\"https:\/\/amrtop.net\/es\/categoria-de-productos\/recambios-miscelaneos-cocinas-y-calderas-2\/motoreducteurs\/\">Motorreductores<\/a><\/p>\n<p><a href=\"https:\/\/amrtop.net\/es\/categoria-de-productos\/recambios-miscelaneos-cocinas-y-calderas-2\/pressostats-et-transducteurs\/\">Presostatos y transductores<\/a><\/p>\n<p><a href=\"https:\/\/amrtop.net\/es\/categoria-de-productos\/recambios-miscelaneos-cocinas-y-calderas-2\/sondes-thermostats-manometres-thermometres\/\">Sondas termostatos man\u00f3metros term\u00f3metros<\/a><\/p>\n<p><a href=\"https:\/\/amrtop.net\/es\/categoria-de-productos\/recambios-miscelaneos-cocinas-y-calderas-2\/joints-detancheite\/\">Sellado de trenzas<\/a><\/p>\n<p><a href=\"https:\/\/amrtop.net\/es\/categoria-de-productos\/recambios-miscelaneos-cocinas-y-calderas-2\/ventilateurs-centrifuges-pour-poeles-a-pellets\/\">Ventiladores centr\u00edfugos<\/a><\/p>\n<p><a href=\"https:\/\/amrtop.net\/es\/categoria-de-productos\/recambios-miscelaneos-cocinas-y-calderas-2\/ventilateurs-tangentiels-flux-transversal\/\">Ventiladores de flujo cruzado<\/a><\/p>\n<p><a href=\"https:\/\/amrtop.net\/es\/categoria-de-productos\/recambios-miscelaneos-cocinas-y-calderas-2\/adhesifs-et-produits-detancheite\/\">Colas y selladores<\/a><\/p>\n<p>&nbsp;<\/p>","protected":false},"excerpt":{"rendered":"<h2><span style=\"color: #008000;\">Disponible en<\/span><\/h2>\n<hr \/>\n<p>C\u00f3digo 153507<\/p>\n<p>Motor izquierdo<br \/>\nVentiladores \u00f8 80 mm<br \/>\nLongitud del ventilador 360 mm<br \/>\nLongitud total: 458 mm<br \/>\nAltura total: 115 mm<br \/>\nDimensiones del dep\u00f3sito: 44 x 370 mm<br \/>\nCaudal: 258 m\u00b3 \/h<br \/>\nPaquete de solapas: 35 mm<br \/>\nPotencia: 40 W<br \/>\nClase H<br \/>\nConector universal con prolongaci\u00f3n de cable<\/p>","protected":false},"featured_media":37000,"comment_status":"open","ping_status":"closed","template":"","meta":[],"product_brand":[],"product_cat":[839,878,1580,883],"product_tag":[],"class_list":{"0":"post-36916","1":"product","2":"type-product","3":"status-publish","4":"has-post-thumbnail","6":"product_cat-pieces-de-rechange-divers-poeles-et-chaudieres","7":"product_cat-ventilateurs-tangentiels-flux-transversal","8":"product_cat-ventilateurs-tangentiels-a-double-vitesse-fergas","9":"product_cat-ventilateurs-tangentiels-fergas-pour-poeles-et-chaudieres-a-pellets","10":"product_shipping_class-classe-di-spedizione-02","12":"first","13":"instock","14":"shipping-taxable","15":"purchasable","16":"product-type-simple"},"yoast_head":"<!-- This site is optimized with the Yoast SEO plugin v27.5 - https:\/\/yoast.com\/product\/yoast-seo-wordpress\/ -->\n<title>Ventilateur tangentiel Fergas DOUBLE VITESSE Code 153507<\/title>\n<meta name=\"description\" content=\"Ventilateur tangentiel Fergas DOUBLE VITESSE Code 153507 - Ventilateur tangentiel Fergas DOUBLE VITESSE Code 153507 po\u00eales \u00e0 granul\u00e9s Caminetti Montegrappa\" \/>\n<meta name=\"robots\" content=\"index, follow, max-snippet:-1, max-image-preview:large, max-video-preview:-1\" \/>\n<link rel=\"canonical\" href=\"https:\/\/amrtop.net\/es\/producto\/ventilador-tangencial-fergas-doble-velocidad-codigo-153507\/\" \/>\n<meta property=\"og:locale\" content=\"es_ES\" \/>\n<meta property=\"og:type\" content=\"article\" \/>\n<meta property=\"og:title\" content=\"Ventilateur tangentiel Fergas DOUBLE VITESSE Code 153507\" \/>\n<meta property=\"og:description\" content=\"Ventilateur tangentiel Fergas DOUBLE VITESSE Code 153507 - Ventilateur tangentiel Fergas DOUBLE VITESSE Code 153507 po\u00eales \u00e0 granul\u00e9s Caminetti Montegrappa\" \/>\n<meta property=\"og:url\" content=\"https:\/\/amrtop.net\/es\/producto\/ventilador-tangencial-fergas-doble-velocidad-codigo-153507\/\" \/>\n<meta property=\"og:site_name\" content=\"AMRTOP B2B \u00c9tranger - Achats r\u00e9serv\u00e9s au professionnel\" \/>\n<meta property=\"article:modified_time\" content=\"2023-08-02T11:31:09+00:00\" \/>\n<meta property=\"og:image\" content=\"https:\/\/amrtop.net\/wp-content\/uploads\/2023\/03\/153507-sfondo-amr.jpg\" \/>\n\t<meta property=\"og:image:width\" content=\"960\" \/>\n\t<meta property=\"og:image:height\" content=\"960\" \/>\n\t<meta property=\"og:image:type\" content=\"image\/jpeg\" \/>\n<meta name=\"twitter:card\" content=\"summary_large_image\" \/>\n<meta name=\"twitter:label1\" content=\"Tiempo de lectura\" \/>\n\t<meta name=\"twitter:data1\" content=\"1 minuto\" \/>\n<script type=\"application\/ld+json\" class=\"yoast-schema-graph\">{\"@context\":\"https:\\\/\\\/schema.org\",\"@graph\":[{\"@type\":\"WebPage\",\"@id\":\"https:\\\/\\\/amrtop.net\\\/produit\\\/ventilateur-tangentiel-fergas-double-vitesse-code-153507\\\/\",\"url\":\"https:\\\/\\\/amrtop.net\\\/produit\\\/ventilateur-tangentiel-fergas-double-vitesse-code-153507\\\/\",\"name\":\"Ventilateur tangentiel Fergas DOUBLE VITESSE Code 153507\",\"isPartOf\":{\"@id\":\"https:\\\/\\\/amrtop.net\\\/#website\"},\"primaryImageOfPage\":{\"@id\":\"https:\\\/\\\/amrtop.net\\\/produit\\\/ventilateur-tangentiel-fergas-double-vitesse-code-153507\\\/#primaryimage\"},\"image\":{\"@id\":\"https:\\\/\\\/amrtop.net\\\/produit\\\/ventilateur-tangentiel-fergas-double-vitesse-code-153507\\\/#primaryimage\"},\"thumbnailUrl\":\"https:\\\/\\\/amrtop.net\\\/wp-content\\\/uploads\\\/2023\\\/03\\\/153507-sfondo-amr.jpg\",\"datePublished\":\"2023-03-17T10:24:40+00:00\",\"dateModified\":\"2023-08-02T11:31:09+00:00\",\"description\":\"Ventilateur tangentiel Fergas DOUBLE VITESSE Code 153507 - Ventilateur tangentiel Fergas DOUBLE VITESSE Code 153507 po\u00eales \u00e0 granul\u00e9s Caminetti Montegrappa\",\"breadcrumb\":{\"@id\":\"https:\\\/\\\/amrtop.net\\\/produit\\\/ventilateur-tangentiel-fergas-double-vitesse-code-153507\\\/#breadcrumb\"},\"inLanguage\":\"es\",\"potentialAction\":[{\"@type\":\"ReadAction\",\"target\":[\"https:\\\/\\\/amrtop.net\\\/produit\\\/ventilateur-tangentiel-fergas-double-vitesse-code-153507\\\/\"]}]},{\"@type\":\"ImageObject\",\"inLanguage\":\"es\",\"@id\":\"https:\\\/\\\/amrtop.net\\\/produit\\\/ventilateur-tangentiel-fergas-double-vitesse-code-153507\\\/#primaryimage\",\"url\":\"https:\\\/\\\/amrtop.net\\\/wp-content\\\/uploads\\\/2023\\\/03\\\/153507-sfondo-amr.jpg\",\"contentUrl\":\"https:\\\/\\\/amrtop.net\\\/wp-content\\\/uploads\\\/2023\\\/03\\\/153507-sfondo-amr.jpg\",\"width\":960,\"height\":960,\"caption\":\"Ventilateur tangentiel Fergas DOUBLE VITESSE Code 153507 - Ventilateur tangentiel Fergas DOUBLE VITESSE Code 153507 po\u00eales \u00e0 granul\u00e9s Caminetti Montegrappa\"},{\"@type\":\"BreadcrumbList\",\"@id\":\"https:\\\/\\\/amrtop.net\\\/produit\\\/ventilateur-tangentiel-fergas-double-vitesse-code-153507\\\/#breadcrumb\",\"itemListElement\":[{\"@type\":\"ListItem\",\"position\":1,\"name\":\"Home\",\"item\":\"https:\\\/\\\/amrtop.net\\\/\"},{\"@type\":\"ListItem\",\"position\":2,\"name\":\"Shop\",\"item\":\"https:\\\/\\\/amrtop.net\\\/negozio\\\/\"},{\"@type\":\"ListItem\",\"position\":3,\"name\":\"Ventilateur tangentiel Fergas DOUBLE VITESSE Code 153507 &#8211; Longueur du ventilateur 360 mm &#8211; Longueur totale 458 mm\"}]},{\"@type\":\"WebSite\",\"@id\":\"https:\\\/\\\/amrtop.net\\\/#website\",\"url\":\"https:\\\/\\\/amrtop.net\\\/\",\"name\":\"AMRTOP B2B \u00c9tranger - Achats r\u00e9serv\u00e9s au professionnel\",\"description\":\"Pi\u00e8ces de rechange et accessoires pour po\u00eales et chaudi\u00e8res - eCommerce B2B pour Clients Professionnels\",\"potentialAction\":[{\"@type\":\"SearchAction\",\"target\":{\"@type\":\"EntryPoint\",\"urlTemplate\":\"https:\\\/\\\/amrtop.net\\\/?s={search_term_string}\"},\"query-input\":{\"@type\":\"PropertyValueSpecification\",\"valueRequired\":true,\"valueName\":\"search_term_string\"}}],\"inLanguage\":\"es\"}]}<\/script>\n<!-- \/ Yoast SEO plugin. -->","yoast_head_json":{"title":"Ventilador tangencial Fergas DOBLE VELOCIDAD C\u00f3digo 153507","description":"Ventilador tangencial Fergas DOBLE VELOCIDAD C\u00f3digo 153507 - Ventilador tangencial Fergas DOBLE VELOCIDAD C\u00f3digo 153507 estufas de pellets Caminetti Montegrappa","robots":{"index":"index","follow":"follow","max-snippet":"max-snippet:-1","max-image-preview":"max-image-preview:large","max-video-preview":"max-video-preview:-1"},"canonical":"https:\/\/amrtop.net\/es\/producto\/ventilador-tangencial-fergas-doble-velocidad-codigo-153507\/","og_locale":"es_ES","og_type":"article","og_title":"Ventilateur tangentiel Fergas DOUBLE VITESSE Code 153507","og_description":"Ventilateur tangentiel Fergas DOUBLE VITESSE Code 153507 - Ventilateur tangentiel Fergas DOUBLE VITESSE Code 153507 po\u00eales \u00e0 granul\u00e9s Caminetti Montegrappa","og_url":"https:\/\/amrtop.net\/es\/producto\/ventilador-tangencial-fergas-doble-velocidad-codigo-153507\/","og_site_name":"AMRTOP B2B \u00c9tranger - Achats r\u00e9serv\u00e9s au professionnel","article_modified_time":"2023-08-02T11:31:09+00:00","og_image":[{"width":960,"height":960,"url":"https:\/\/amrtop.net\/wp-content\/uploads\/2023\/03\/153507-sfondo-amr.jpg","type":"image\/jpeg"}],"twitter_card":"summary_large_image","twitter_misc":{"Tiempo de lectura":"1 minuto"},"schema":{"@context":"https:\/\/schema.org","@graph":[{"@type":"WebPage","@id":"https:\/\/amrtop.net\/produit\/ventilateur-tangentiel-fergas-double-vitesse-code-153507\/","url":"https:\/\/amrtop.net\/produit\/ventilateur-tangentiel-fergas-double-vitesse-code-153507\/","name":"Ventilador tangencial Fergas DOBLE VELOCIDAD C\u00f3digo 153507","isPartOf":{"@id":"https:\/\/amrtop.net\/#website"},"primaryImageOfPage":{"@id":"https:\/\/amrtop.net\/produit\/ventilateur-tangentiel-fergas-double-vitesse-code-153507\/#primaryimage"},"image":{"@id":"https:\/\/amrtop.net\/produit\/ventilateur-tangentiel-fergas-double-vitesse-code-153507\/#primaryimage"},"thumbnailUrl":"https:\/\/amrtop.net\/wp-content\/uploads\/2023\/03\/153507-sfondo-amr.jpg","datePublished":"2023-03-17T10:24:40+00:00","dateModified":"2023-08-02T11:31:09+00:00","description":"Ventilador tangencial Fergas DOBLE VELOCIDAD C\u00f3digo 153507 - Ventilador tangencial Fergas DOBLE VELOCIDAD C\u00f3digo 153507 estufas de pellets Caminetti Montegrappa","breadcrumb":{"@id":"https:\/\/amrtop.net\/produit\/ventilateur-tangentiel-fergas-double-vitesse-code-153507\/#breadcrumb"},"inLanguage":"es","potentialAction":[{"@type":"ReadAction","target":["https:\/\/amrtop.net\/produit\/ventilateur-tangentiel-fergas-double-vitesse-code-153507\/"]}]},{"@type":"ImageObject","inLanguage":"es","@id":"https:\/\/amrtop.net\/produit\/ventilateur-tangentiel-fergas-double-vitesse-code-153507\/#primaryimage","url":"https:\/\/amrtop.net\/wp-content\/uploads\/2023\/03\/153507-sfondo-amr.jpg","contentUrl":"https:\/\/amrtop.net\/wp-content\/uploads\/2023\/03\/153507-sfondo-amr.jpg","width":960,"height":960,"caption":"Ventilateur tangentiel Fergas DOUBLE VITESSE Code 153507 - Ventilateur tangentiel Fergas DOUBLE VITESSE Code 153507 po\u00eales \u00e0 granul\u00e9s Caminetti Montegrappa"},{"@type":"BreadcrumbList","@id":"https:\/\/amrtop.net\/produit\/ventilateur-tangentiel-fergas-double-vitesse-code-153507\/#breadcrumb","itemListElement":[{"@type":"ListItem","position":1,"name":"Home","item":"https:\/\/amrtop.net\/"},{"@type":"ListItem","position":2,"name":"Shop","item":"https:\/\/amrtop.net\/negozio\/"},{"@type":"ListItem","position":3,"name":"Ventilateur tangentiel Fergas DOUBLE VITESSE Code 153507 &#8211; Longueur du ventilateur 360 mm &#8211; Longueur totale 458 mm"}]},{"@type":"WebSite","@id":"https:\/\/amrtop.net\/#website","url":"https:\/\/amrtop.net\/","name":"AMRTOP B2B Abroad - Compras reservadas a los profesionales","description":"Recambios y accesorios para estufas y calderas - Comercio electr\u00f3nico B2B para profesionales","potentialAction":[{"@type":"SearchAction","target":{"@type":"EntryPoint","urlTemplate":"https:\/\/amrtop.net\/?s={search_term_string}"},"query-input":{"@type":"PropertyValueSpecification","valueRequired":true,"valueName":"search_term_string"}}],"inLanguage":"es"}]}},"_links":{"self":[{"href":"https:\/\/amrtop.net\/es\/wp-json\/wp\/v2\/product\/36916","targetHints":{"allow":["GET"]}}],"collection":[{"href":"https:\/\/amrtop.net\/es\/wp-json\/wp\/v2\/product"}],"about":[{"href":"https:\/\/amrtop.net\/es\/wp-json\/wp\/v2\/types\/product"}],"replies":[{"embeddable":true,"href":"https:\/\/amrtop.net\/es\/wp-json\/wp\/v2\/comments?post=36916"}],"wp:featuredmedia":[{"embeddable":true,"href":"https:\/\/amrtop.net\/es\/wp-json\/wp\/v2\/media\/37000"}],"wp:attachment":[{"href":"https:\/\/amrtop.net\/es\/wp-json\/wp\/v2\/media?parent=36916"}],"wp:term":[{"taxonomy":"product_brand","embeddable":true,"href":"https:\/\/amrtop.net\/es\/wp-json\/wp\/v2\/product_brand?post=36916"},{"taxonomy":"product_cat","embeddable":true,"href":"https:\/\/amrtop.net\/es\/wp-json\/wp\/v2\/product_cat?post=36916"},{"taxonomy":"product_tag","embeddable":true,"href":"https:\/\/amrtop.net\/es\/wp-json\/wp\/v2\/product_tag?post=36916"}],"curies":[{"name":"wp","href":"https:\/\/api.w.org\/{rel}","templated":true}]}}