{"id":40012,"date":"2024-07-11T12:58:49","date_gmt":"2024-07-11T12:58:49","guid":{"rendered":"https:\/\/amrtop.net\/?post_type=product&#038;p=40012"},"modified":"2024-07-11T13:04:10","modified_gmt":"2024-07-11T13:04:10","slug":"bougie-universel-avec-raccord-coulissant-3-8%e2%80%b3-o-99-mm-330-watt-longueur-totale-180-mm-code-kit3q","status":"publish","type":"product","link":"https:\/\/amrtop.net\/es\/produit\/bougie-universel-avec-raccord-coulissant-3-8%e2%80%b3-o-99-mm-330-watt-longueur-totale-180-mm-code-kit3q\/","title":{"rendered":"Buj\u00eda universal con conector deslizante 3\/8\u2033 \u00f8 9,9 mm - 330 vatios - longitud total 180 mm - C\u00f3digo KIT3Q"},"content":{"rendered":"<h3>Compatible<\/h3>\n<h3>Intercambiable con los siguientes modelos de buj\u00edas-resistencias-cartuchos de encendido con conexi\u00f3n 3\/8\u2033 \u00f8 9,9 - \u00f8 10 mm:<\/h3>\n<p>HT62656<\/p>\n<h3>Intercambiable con los siguientes modelos de buj\u00edas de encendido lineales-resistencias-cartuchos de encendido \u00f8 9,5 - \u00f8 9,9 - \u00f8 10 mm :<\/h3>\n<p>HT62701, HT54896<\/p>\n<p><strong>Para los siguientes modelos de estufas y calderas de pellets Caminetti Montegrappa:<\/strong><\/p>\n<p>14100<br \/>\n14400<br \/>\n15000 POTENCIA<br \/>\n15000<br \/>\n15100 POTENCIA<br \/>\n15100<br \/>\n15400 POTENCIA<br \/>\n15400<br \/>\n1000<br \/>\n1001<br \/>\n1002<br \/>\n1020<br \/>\n1220<br \/>\n1400<br \/>\n5000<br \/>\nNUOVA 5000<br \/>\n5001<br \/>\nNUOVA 5001<br \/>\n5400<br \/>\n6000 CA<br \/>\n6000 AV<br \/>\n6020 CA<br \/>\n6020 AV<br \/>\n6220 CA<br \/>\n6220 AV<br \/>\n7000 CA<br \/>\n7000 AV<br \/>\n7400 CA<br \/>\n7400 AV<br \/>\n8000<br \/>\n8000 POTENCIA<br \/>\n8020<br \/>\n8020 POTENCIA<br \/>\n8100<br \/>\n8100 POTENCIA<br \/>\n8220<br \/>\n8220 PODER<br \/>\n10000<br \/>\n10000 POTENCIA<br \/>\n10020<br \/>\n10020 POTENCIA<br \/>\n10100<br \/>\n10100 POTENCIA<br \/>\n10220<br \/>\n10220 POTENCIA<br \/>\n10400<br \/>\n10400 PROPIETARIO<br \/>\n11000<br \/>\n11000 POTENCIA<br \/>\n11020<br \/>\n11020 POTENCIA<br \/>\n11100<br \/>\n11100 POVER<br \/>\n11220<br \/>\n11220 POTENCIA<br \/>\n11400<br \/>\n11400 POTENCIA<br \/>\nMONTERGRAPPA PELLET<br \/>\nMONTEGRAPPA PELLET POWER<\/p>\n<p><strong>Para los siguientes modelos de estufas y calderas de pellets Laminox<\/strong><\/p>\n<p>Anna Idro<br \/>\nAurora Idro<br \/>\nCarlotta Idro Lux L\u00ednea Negra N<br \/>\nCarlotta Idro Lux N<br \/>\nCarlotta Idro Plus N<br \/>\nCarlotta Omnia Idro Lux L\u00ednea Negra<br \/>\nCarlotta Omnia Idro Lux<br \/>\nCarlotta Omnia Idro Plus<br \/>\nEster Idro Lux<br \/>\nElisa Fantasma Idro<br \/>\nEster Idro Lux L\u00ednea Negra<br \/>\nFlora Idro<br \/>\nGreta idro Plus<br \/>\nGreta idro Lux L\u00ednea Negra<br \/>\nGreta idro Lux<br \/>\nJessica 13 Idro L\u00ednea Negra<br \/>\nJessica 13 Idro maiolica L\u00ednea Negra<br \/>\nHidra 13 N<br \/>\nHidra 18 Cinco<br \/>\nHidra 24 Cinco<br \/>\nHidra 28 Cinco<br \/>\nHidra 32 Cinco<br \/>\nHidra Omnia 23N<br \/>\nHidra Omnia 30N<br \/>\nPr\u00edmula Idro<br \/>\nTina Idro Lux Negro L\u00ednea N<br \/>\nTina Idro Lux N<br \/>\nTina Idro Plus N<br \/>\nVictoria Idro Plus N<br \/>\nVictoria Idro Lux N<br \/>\nVictoria Idro Lux L\u00ednea Negra N<br \/>\nVeronica Phantom Idro L\u00ednea Negra<br \/>\nVeronica 13 Idro L\u00ednea negra<br \/>\nZara Omnia Idro Lux L\u00ednea Negra<br \/>\nZara Omnia Idro Lux<br \/>\nZara Omnia Idro Plus<br \/>\nGinevra Idro<br \/>\nLaura Idro<\/p>\n<p><strong>Para los siguientes modelos de estufas y calderas de pellets Laminox<\/strong><\/p>\n<p>Aire Ada<br \/>\nMariposa Aire L\u00ednea Negra<br \/>\nBice air<br \/>\nAire Carla<br \/>\nChiara 7 Aire<br \/>\nChiara 9 Aire<br \/>\nDafne Aire<br \/>\nDafne Stone<br \/>\nDalia Omnia Air N L\u00ednea Negra<br \/>\nDalia Omnia Air N Lux<br \/>\nDalia Omnia Air N Plus<br \/>\nElisa Aire fantasma N<br \/>\nErica Omnia Air N Plus<br \/>\nEmma 7 Aire<br \/>\nErica Omnia Air N L\u00ednea Negra<br \/>\nErica Omnia Air N Lux<br \/>\nFabiola Silent 9 Air<br \/>\nGrazia Aire<br \/>\nGiulia Air<br \/>\nJessica 7 Air Black Line<br \/>\nJessica 7 Air Maiolica L\u00ednea Negra<br \/>\nJessica 9 Air Black Line<br \/>\nJessica 9 Air Maiolica L\u00ednea Negra<br \/>\nJessica 11 Air Black Line<br \/>\nJessica 11 Air Maiolica L\u00ednea Negra<br \/>\nJessica 7 SN Air L\u00ednea Negra<br \/>\nJessica 9 SN Air L\u00ednea Negra<br \/>\nJessica Silent 7 Air Black Line - Uscita superiore<br \/>\nJessica Silent 7 Air Black Line - Uscita posteriore<br \/>\nJessica Silent 9 Air Black Line - Uscita superiore<br \/>\nJessica Silent 9 Air Black Line - Uscita posteriore<br \/>\nMargherita aire<br \/>\nMariachiara Air<br \/>\nMarisa Aire<br \/>\nPaola Silent 9 Aire<br \/>\nPrimula Aire<br \/>\nAire Rosa<br \/>\nValentina air Black Line N<br \/>\nValentina air Plus N<br \/>\nVeronica 7 Aire<br \/>\nVeronica 7 SN Aire<br \/>\nVeronica 9 Aire<br \/>\nVeronica 9 SN Aire<br \/>\nVeronica Ghost air N - L\u00ednea negra<\/p>\n<p>&nbsp;<\/p>\n<h3><\/h3>\n<p>&nbsp;<\/p>","protected":false},"excerpt":{"rendered":"<hr \/>\n<h2><span style=\"color: #008000;\">Disponible en<\/span><\/h2>\n<hr \/>\n<h3>Buj\u00eda universal para estufas de pellets<\/h3>\n<p>Code.KIT3Q<br \/>\n\u00f8 9,9 mm<br \/>\n330 vatios<br \/>\nLongitud del cable 300 mm<br \/>\nR\u00e9glable avec raccord 3\/8&#8243; de 165 mm \u00e0 175 mm<br \/>\nSin conector 180 mm<\/p>\n<p>&nbsp;<\/p>","protected":false},"featured_media":34696,"comment_status":"open","ping_status":"closed","template":"","meta":[],"product_brand":[],"product_cat":[841,839],"product_tag":[26,102,103,69,76,1351,39,105],"class_list":{"0":"post-40012","1":"product","2":"type-product","3":"status-publish","4":"has-post-thumbnail","6":"product_cat-bougies-dallumage-universelles","7":"product_cat-pieces-de-rechange-divers-poeles-et-chaudieres","8":"product_tag-amg","9":"product_tag-caminetti-montegrappa","10":"product_tag-cmg","11":"product_tag-invicta","12":"product_tag-laminox","13":"product_tag-oliveri","14":"product_tag-piazzetta","15":"product_tag-wanders","16":"product_shipping_class-classe-di-spedizione-01","18":"first","19":"instock","20":"shipping-taxable","21":"purchasable","22":"product-type-variable"},"yoast_head":"<!-- This site is optimized with the Yoast SEO plugin v27.4 - https:\/\/yoast.com\/product\/yoast-seo-wordpress\/ -->\n<title>Bougie universel avec raccord coulissant 3\/8\u2033 330 Watt\u00a0<\/title>\n<meta name=\"description\" content=\"Bougie universel avec raccord coulissant 3\/8\u2033 330 Watt\u00a0- r\u00e9sistance \u00e0 l\u2019allumage sp\u00e9ciale avec raccord en c\u00e9ramique - tube de convoyeur d\u2019air avec bride - universel avec raccord coulissant pour po\u00eale et chaudi\u00e8re \u00e0 pellets -syst\u00e8me d\u2019allumage - allumeur \u00e0 bougie pour pellets\" \/>\n<meta name=\"robots\" content=\"index, follow, max-snippet:-1, max-image-preview:large, max-video-preview:-1\" \/>\n<link rel=\"canonical\" href=\"https:\/\/amrtop.net\/es\/producto\/bougie-universel-avec-raccord-coulissant-3-8\u2033-o-99-mm-330-watt-longueur-totale-180-mm-code-kit3q\/\" \/>\n<meta property=\"og:locale\" content=\"es_ES\" \/>\n<meta property=\"og:type\" content=\"article\" \/>\n<meta property=\"og:title\" content=\"Bougie universel avec raccord coulissant 3\/8\u2033 330 Watt\u00a0\" \/>\n<meta property=\"og:description\" content=\"Bougie universel avec raccord coulissant 3\/8\u2033 330 Watt\u00a0- r\u00e9sistance \u00e0 l\u2019allumage sp\u00e9ciale avec raccord en c\u00e9ramique - tube de convoyeur d\u2019air avec bride - universel avec raccord coulissant pour po\u00eale et chaudi\u00e8re \u00e0 pellets -syst\u00e8me d\u2019allumage - allumeur \u00e0 bougie pour pellets\" \/>\n<meta property=\"og:url\" content=\"https:\/\/amrtop.net\/es\/producto\/bougie-universel-avec-raccord-coulissant-3-8\u2033-o-99-mm-330-watt-longueur-totale-180-mm-code-kit3q\/\" \/>\n<meta property=\"og:site_name\" content=\"AMRTOP B2B \u00c9tranger - Achats r\u00e9serv\u00e9s au professionnel\" \/>\n<meta property=\"article:modified_time\" content=\"2024-07-11T13:04:10+00:00\" \/>\n<meta property=\"og:image\" content=\"https:\/\/amrtop.net\/wp-content\/uploads\/2020\/01\/KIT3.jpg\" \/>\n\t<meta property=\"og:image:width\" content=\"960\" \/>\n\t<meta property=\"og:image:height\" content=\"960\" \/>\n\t<meta property=\"og:image:type\" content=\"image\/jpeg\" \/>\n<meta name=\"twitter:card\" content=\"summary_large_image\" \/>\n<meta name=\"twitter:label1\" content=\"Tiempo de lectura\" \/>\n\t<meta name=\"twitter:data1\" content=\"2 minutos\" \/>\n<script type=\"application\/ld+json\" class=\"yoast-schema-graph\">{\"@context\":\"https:\\\/\\\/schema.org\",\"@graph\":[{\"@type\":\"WebPage\",\"@id\":\"https:\\\/\\\/amrtop.net\\\/produit\\\/bougie-universel-avec-raccord-coulissant-3-8%e2%80%b3-o-99-mm-330-watt-longueur-totale-180-mm-code-kit3q\\\/\",\"url\":\"https:\\\/\\\/amrtop.net\\\/produit\\\/bougie-universel-avec-raccord-coulissant-3-8%e2%80%b3-o-99-mm-330-watt-longueur-totale-180-mm-code-kit3q\\\/\",\"name\":\"Bougie universel avec raccord coulissant 3\\\/8\u2033 330 Watt\u00a0\",\"isPartOf\":{\"@id\":\"https:\\\/\\\/amrtop.net\\\/#website\"},\"primaryImageOfPage\":{\"@id\":\"https:\\\/\\\/amrtop.net\\\/produit\\\/bougie-universel-avec-raccord-coulissant-3-8%e2%80%b3-o-99-mm-330-watt-longueur-totale-180-mm-code-kit3q\\\/#primaryimage\"},\"image\":{\"@id\":\"https:\\\/\\\/amrtop.net\\\/produit\\\/bougie-universel-avec-raccord-coulissant-3-8%e2%80%b3-o-99-mm-330-watt-longueur-totale-180-mm-code-kit3q\\\/#primaryimage\"},\"thumbnailUrl\":\"https:\\\/\\\/amrtop.net\\\/wp-content\\\/uploads\\\/2020\\\/01\\\/KIT3.jpg\",\"datePublished\":\"2024-07-11T12:58:49+00:00\",\"dateModified\":\"2024-07-11T13:04:10+00:00\",\"description\":\"Bougie universel avec raccord coulissant 3\\\/8\u2033 330 Watt\u00a0- r\u00e9sistance \u00e0 l\u2019allumage sp\u00e9ciale avec raccord en c\u00e9ramique - tube de convoyeur d\u2019air avec bride - universel avec raccord coulissant pour po\u00eale et chaudi\u00e8re \u00e0 pellets -syst\u00e8me d\u2019allumage - allumeur \u00e0 bougie pour pellets\",\"breadcrumb\":{\"@id\":\"https:\\\/\\\/amrtop.net\\\/produit\\\/bougie-universel-avec-raccord-coulissant-3-8%e2%80%b3-o-99-mm-330-watt-longueur-totale-180-mm-code-kit3q\\\/#breadcrumb\"},\"inLanguage\":\"es\",\"potentialAction\":[{\"@type\":\"ReadAction\",\"target\":[\"https:\\\/\\\/amrtop.net\\\/produit\\\/bougie-universel-avec-raccord-coulissant-3-8%e2%80%b3-o-99-mm-330-watt-longueur-totale-180-mm-code-kit3q\\\/\"]}]},{\"@type\":\"ImageObject\",\"inLanguage\":\"es\",\"@id\":\"https:\\\/\\\/amrtop.net\\\/produit\\\/bougie-universel-avec-raccord-coulissant-3-8%e2%80%b3-o-99-mm-330-watt-longueur-totale-180-mm-code-kit3q\\\/#primaryimage\",\"url\":\"https:\\\/\\\/amrtop.net\\\/wp-content\\\/uploads\\\/2020\\\/01\\\/KIT3.jpg\",\"contentUrl\":\"https:\\\/\\\/amrtop.net\\\/wp-content\\\/uploads\\\/2020\\\/01\\\/KIT3.jpg\",\"width\":960,\"height\":960,\"caption\":\"Bougie universel avec raccord coulissant 3\\\/8\u2033 330 Watt\u00a0- r\u00e9sistance \u00e0 l\u2019allumage sp\u00e9ciale avec raccord en c\u00e9ramique - tube de convoyeur d\u2019air avec bride - universel avec raccord coulissant pour po\u00eale et chaudi\u00e8re \u00e0 pellets -syst\u00e8me d\u2019allumage - allumeur \u00e0 bougie pour pellets\"},{\"@type\":\"BreadcrumbList\",\"@id\":\"https:\\\/\\\/amrtop.net\\\/produit\\\/bougie-universel-avec-raccord-coulissant-3-8%e2%80%b3-o-99-mm-330-watt-longueur-totale-180-mm-code-kit3q\\\/#breadcrumb\",\"itemListElement\":[{\"@type\":\"ListItem\",\"position\":1,\"name\":\"Home\",\"item\":\"https:\\\/\\\/amrtop.net\\\/\"},{\"@type\":\"ListItem\",\"position\":2,\"name\":\"Shop\",\"item\":\"https:\\\/\\\/amrtop.net\\\/negozio\\\/\"},{\"@type\":\"ListItem\",\"position\":3,\"name\":\"Bougie universel avec raccord coulissant 3\\\/8\u2033 \u00f8 9,9 mm \u2013 330 Watt \u2013 longueur totale 180 mm \u2013 Code KIT3Q\"}]},{\"@type\":\"WebSite\",\"@id\":\"https:\\\/\\\/amrtop.net\\\/#website\",\"url\":\"https:\\\/\\\/amrtop.net\\\/\",\"name\":\"AMRTOP B2B \u00c9tranger - Achats r\u00e9serv\u00e9s au professionnel\",\"description\":\"Pi\u00e8ces de rechange et accessoires pour po\u00eales et chaudi\u00e8res - eCommerce B2B pour Clients Professionnels\",\"potentialAction\":[{\"@type\":\"SearchAction\",\"target\":{\"@type\":\"EntryPoint\",\"urlTemplate\":\"https:\\\/\\\/amrtop.net\\\/?s={search_term_string}\"},\"query-input\":{\"@type\":\"PropertyValueSpecification\",\"valueRequired\":true,\"valueName\":\"search_term_string\"}}],\"inLanguage\":\"es\"}]}<\/script>\n<!-- \/ Yoast SEO plugin. -->","yoast_head_json":{"title":"Buj\u00eda universal con conexi\u00f3n deslizante 3\/8\u2033 330 vatios\u00a0","description":"Buj\u00eda universal con conector deslizante de 3\/8\u2033 de 330 vatios - resistencia de encendido especial con conector cer\u00e1mico - tubo transportador de aire con brida - universal con conector deslizante para estufa y caldera de pellets - sistema de encendido - encendedor de buj\u00eda para pellets","robots":{"index":"index","follow":"follow","max-snippet":"max-snippet:-1","max-image-preview":"max-image-preview:large","max-video-preview":"max-video-preview:-1"},"canonical":"https:\/\/amrtop.net\/es\/producto\/bougie-universel-avec-raccord-coulissant-3-8\u2033-o-99-mm-330-watt-longueur-totale-180-mm-code-kit3q\/","og_locale":"es_ES","og_type":"article","og_title":"Bougie universel avec raccord coulissant 3\/8\u2033 330 Watt\u00a0","og_description":"Bougie universel avec raccord coulissant 3\/8\u2033 330 Watt\u00a0- r\u00e9sistance \u00e0 l\u2019allumage sp\u00e9ciale avec raccord en c\u00e9ramique - tube de convoyeur d\u2019air avec bride - universel avec raccord coulissant pour po\u00eale et chaudi\u00e8re \u00e0 pellets -syst\u00e8me d\u2019allumage - allumeur \u00e0 bougie pour pellets","og_url":"https:\/\/amrtop.net\/es\/producto\/bougie-universel-avec-raccord-coulissant-3-8\u2033-o-99-mm-330-watt-longueur-totale-180-mm-code-kit3q\/","og_site_name":"AMRTOP B2B \u00c9tranger - Achats r\u00e9serv\u00e9s au professionnel","article_modified_time":"2024-07-11T13:04:10+00:00","og_image":[{"width":960,"height":960,"url":"https:\/\/amrtop.net\/wp-content\/uploads\/2020\/01\/KIT3.jpg","type":"image\/jpeg"}],"twitter_card":"summary_large_image","twitter_misc":{"Tiempo de lectura":"2 minutos"},"schema":{"@context":"https:\/\/schema.org","@graph":[{"@type":"WebPage","@id":"https:\/\/amrtop.net\/produit\/bougie-universel-avec-raccord-coulissant-3-8%e2%80%b3-o-99-mm-330-watt-longueur-totale-180-mm-code-kit3q\/","url":"https:\/\/amrtop.net\/produit\/bougie-universel-avec-raccord-coulissant-3-8%e2%80%b3-o-99-mm-330-watt-longueur-totale-180-mm-code-kit3q\/","name":"Buj\u00eda universal con conexi\u00f3n deslizante 3\/8\u2033 330 vatios\u00a0","isPartOf":{"@id":"https:\/\/amrtop.net\/#website"},"primaryImageOfPage":{"@id":"https:\/\/amrtop.net\/produit\/bougie-universel-avec-raccord-coulissant-3-8%e2%80%b3-o-99-mm-330-watt-longueur-totale-180-mm-code-kit3q\/#primaryimage"},"image":{"@id":"https:\/\/amrtop.net\/produit\/bougie-universel-avec-raccord-coulissant-3-8%e2%80%b3-o-99-mm-330-watt-longueur-totale-180-mm-code-kit3q\/#primaryimage"},"thumbnailUrl":"https:\/\/amrtop.net\/wp-content\/uploads\/2020\/01\/KIT3.jpg","datePublished":"2024-07-11T12:58:49+00:00","dateModified":"2024-07-11T13:04:10+00:00","description":"Buj\u00eda universal con conector deslizante de 3\/8\u2033 de 330 vatios - resistencia de encendido especial con conector cer\u00e1mico - tubo transportador de aire con brida - universal con conector deslizante para estufa y caldera de pellets - sistema de encendido - encendedor de buj\u00eda para pellets","breadcrumb":{"@id":"https:\/\/amrtop.net\/produit\/bougie-universel-avec-raccord-coulissant-3-8%e2%80%b3-o-99-mm-330-watt-longueur-totale-180-mm-code-kit3q\/#breadcrumb"},"inLanguage":"es","potentialAction":[{"@type":"ReadAction","target":["https:\/\/amrtop.net\/produit\/bougie-universel-avec-raccord-coulissant-3-8%e2%80%b3-o-99-mm-330-watt-longueur-totale-180-mm-code-kit3q\/"]}]},{"@type":"ImageObject","inLanguage":"es","@id":"https:\/\/amrtop.net\/produit\/bougie-universel-avec-raccord-coulissant-3-8%e2%80%b3-o-99-mm-330-watt-longueur-totale-180-mm-code-kit3q\/#primaryimage","url":"https:\/\/amrtop.net\/wp-content\/uploads\/2020\/01\/KIT3.jpg","contentUrl":"https:\/\/amrtop.net\/wp-content\/uploads\/2020\/01\/KIT3.jpg","width":960,"height":960,"caption":"Bougie universel avec raccord coulissant 3\/8\u2033 330 Watt\u00a0- r\u00e9sistance \u00e0 l\u2019allumage sp\u00e9ciale avec raccord en c\u00e9ramique - tube de convoyeur d\u2019air avec bride - universel avec raccord coulissant pour po\u00eale et chaudi\u00e8re \u00e0 pellets -syst\u00e8me d\u2019allumage - allumeur \u00e0 bougie pour pellets"},{"@type":"BreadcrumbList","@id":"https:\/\/amrtop.net\/produit\/bougie-universel-avec-raccord-coulissant-3-8%e2%80%b3-o-99-mm-330-watt-longueur-totale-180-mm-code-kit3q\/#breadcrumb","itemListElement":[{"@type":"ListItem","position":1,"name":"Home","item":"https:\/\/amrtop.net\/"},{"@type":"ListItem","position":2,"name":"Shop","item":"https:\/\/amrtop.net\/negozio\/"},{"@type":"ListItem","position":3,"name":"Bougie universel avec raccord coulissant 3\/8\u2033 \u00f8 9,9 mm \u2013 330 Watt \u2013 longueur totale 180 mm \u2013 Code KIT3Q"}]},{"@type":"WebSite","@id":"https:\/\/amrtop.net\/#website","url":"https:\/\/amrtop.net\/","name":"AMRTOP B2B Abroad - Compras reservadas a los profesionales","description":"Recambios y accesorios para estufas y calderas - Comercio electr\u00f3nico B2B para profesionales","potentialAction":[{"@type":"SearchAction","target":{"@type":"EntryPoint","urlTemplate":"https:\/\/amrtop.net\/?s={search_term_string}"},"query-input":{"@type":"PropertyValueSpecification","valueRequired":true,"valueName":"search_term_string"}}],"inLanguage":"es"}]}},"_links":{"self":[{"href":"https:\/\/amrtop.net\/es\/wp-json\/wp\/v2\/product\/40012","targetHints":{"allow":["GET"]}}],"collection":[{"href":"https:\/\/amrtop.net\/es\/wp-json\/wp\/v2\/product"}],"about":[{"href":"https:\/\/amrtop.net\/es\/wp-json\/wp\/v2\/types\/product"}],"replies":[{"embeddable":true,"href":"https:\/\/amrtop.net\/es\/wp-json\/wp\/v2\/comments?post=40012"}],"wp:featuredmedia":[{"embeddable":true,"href":"https:\/\/amrtop.net\/es\/wp-json\/wp\/v2\/media\/34696"}],"wp:attachment":[{"href":"https:\/\/amrtop.net\/es\/wp-json\/wp\/v2\/media?parent=40012"}],"wp:term":[{"taxonomy":"product_brand","embeddable":true,"href":"https:\/\/amrtop.net\/es\/wp-json\/wp\/v2\/product_brand?post=40012"},{"taxonomy":"product_cat","embeddable":true,"href":"https:\/\/amrtop.net\/es\/wp-json\/wp\/v2\/product_cat?post=40012"},{"taxonomy":"product_tag","embeddable":true,"href":"https:\/\/amrtop.net\/es\/wp-json\/wp\/v2\/product_tag?post=40012"}],"curies":[{"name":"wp","href":"https:\/\/api.w.org\/{rel}","templated":true}]}}