{"id":17322,"date":"2020-01-10T00:00:00","date_gmt":"2020-01-10T00:00:00","guid":{"rendered":"https:\/\/amrtop.com\/B2B\/?post_type=product&#038;p=17322"},"modified":"2023-06-05T09:17:14","modified_gmt":"2023-06-05T09:17:14","slug":"ventilateur-tangentiel-trial-o-60-mm-l-272-mm-sx-2","status":"publish","type":"product","link":"https:\/\/amrtop.net\/ro\/produit\/ventilateur-tangentiel-trial-o-60-mm-l-272-mm-sx-2\/","title":{"rendered":"Ventilator tangen\u021bial de prob\u0103 Cod THS27B6036 - Lungime ventilator 272 mm - Lungime total\u0103 349 mm"},"content":{"rendered":"<h3>Ventilator de \u00eencercare cu flux transversal \u00f8 60 mm L.272 mm Sx<\/h3>\n<h3>Caracteristici generale<\/h3>\n<p>Ventilatoarele cu flux \u00eencruci\u0219at oferite de Amrtop sunt utilizate pe scar\u0103 larg\u0103 \u00een aplica\u021biile casnice \u0219i industriale, datorit\u0103 dimensiunilor lor radiale foarte mici combinate cu o dezvoltare axial\u0103 nerestric\u021bionat\u0103.<\/p>\n<p>\u00cen aceste ventilatoare, fluidul este aspirat \u0219i trimis perpendicular pe axa rotorului.<\/p>\n<p>Un flux de aer uniform este generat \u0219i distribuit longitudinal pe \u00eentreaga deschidere de evacuare.<\/p>\n<p>Datorit\u0103 vitezelor relativ mici ale aerului, aceste ventilatoare garanteaz\u0103 un nivel de zgomot redus.<\/p>\n<p>Gama Trial tangen\u021bial\u0103 include ventilatoare cu diametre de 30, 45, 60, 65 \u0219i 80 mm \u0219i lungimi de la 90 la 610 mm.<\/p>\n<h3>Caracteristici de construc\u021bie :<\/h3>\n<p>Gama tangen\u021bial\u0103 individual\u0103 oferit\u0103 de Amrtop cuprinde 5 diametre de ventilator optimizate pentru a satisface cerin\u021bele specifice ale aplica\u021biilor:<\/p>\n<ul>\n<li>\u00d8 30mm - Design ultra-compact, amprent\u0103 redus\u0103<\/li>\n<li>\u00d8 45mm - Design compact, amprent\u0103 la sol minim\u0103<\/li>\n<li>\u00d8 60mm - Cel mai bun raport spa\u021biu\/performan\u021b\u0103<\/li>\n<li>\u00d8 65mm - T\u0103cere maxim\u0103<\/li>\n<li>\u00d8 80mm - Presiune \u0219i debit maxim<\/li>\n<\/ul>\n<h3>Utilizarea ventilatorului tangen\u021bial Trial \u00f8 60 L.272 mm Sx<\/h3>\n<p>Ventilatoarele tangen\u021biale cu flux \u00eencruci\u0219at oferite de Amrtop sunt instalate \u00een aparatele pe biomas\u0103 pentru a extrage aerul cald creat de corpul de combustie \u0219i apoi pentru a-l distribui \u00een mediul \u00eenconjur\u0103tor.<\/p>\n<p>Se g\u0103se\u0219te \u00een aparatele tipice - Soba pe pele\u021bi - Cazan pe pele\u021bi - Arz\u0103tor pe pele\u021bi - Gr\u0103tar\/barbeque pe pele\u021bi Cazan pe biomas\u0103 - Arz\u0103tor pe biomas\u0103 - \u0218i multe alte arz\u0103toare<\/p>\n<h3>Interior<\/h3>\n<p><a href=\"https:\/\/wekos.it\/\">Sobe, aragazuri \u0219i aragazuri pe lemne<\/a>\u00a0-\u00a0<a href=\"https:\/\/www.greenpuros.com\/\">\u0219eminee, sobe \u0219i cazane pe pele\u021bi.<\/a><\/p>\n<h3>Gama Amrtop de piese de schimb \u0219i accesorii<\/h3>\n<p><a href=\"https:\/\/amrtop.net\/ro\/categoria-de-produse\/piese-de-schimb-sobe-si-cazane-de-gatit-si-cazane-mixte-2\/bougies-dallumage-pour-poeles-et-chaudieres-a-pellets\/\">Bujii incandescente<\/a><\/p>\n<p><a href=\"https:\/\/amrtop.net\/ro\/categoria-de-produse\/piese-de-schimb-sobe-si-cazane-de-gatit-si-cazane-mixte-2\/electronique\/\">Electronic\u0103<\/a><\/p>\n<p><a href=\"https:\/\/amrtop.net\/ro\/categoria-de-produse\/piese-de-schimb-sobe-si-cazane-de-gatit-si-cazane-mixte-2\/extracteurs-de-fumee\/\">Extractoare de fum<\/a><\/p>\n<p><a href=\"https:\/\/amrtop.net\/ro\/categoria-de-produse\/piese-de-schimb-sobe-si-cazane-de-gatit-si-cazane-mixte-2\/gaines-cable-connecteurs\/\">Teci de cablu conector<\/a><\/p>\n<p><a href=\"https:\/\/amrtop.net\/ro\/categoria-de-produse\/piese-de-schimb-sobe-si-cazane-de-gatit-si-cazane-mixte-2\/joints-de-silicone\/\">Garnituri de silicon<\/a><\/p>\n<p><a href=\"https:\/\/amrtop.net\/ro\/categoria-de-produse\/piese-de-schimb-sobe-si-cazane-de-gatit-si-cazane-mixte-2\/motoreducteurs\/\">Motoare cu angrenaje<\/a><\/p>\n<p><a href=\"https:\/\/amrtop.net\/ro\/categoria-de-produse\/piese-de-schimb-sobe-si-cazane-de-gatit-si-cazane-mixte-2\/pressostats-et-transducteurs\/\">Presostate \u0219i traductoare de presiune<\/a><\/p>\n<p><a href=\"https:\/\/amrtop.net\/ro\/categoria-de-produse\/piese-de-schimb-sobe-si-cazane-de-gatit-si-cazane-mixte-2\/sondes-thermostats-manometres-thermometres\/\">Sonde termostate manometre termometre termometre<\/a><\/p>\n<p><a href=\"https:\/\/amrtop.net\/ro\/categoria-de-produse\/piese-de-schimb-sobe-si-cazane-de-gatit-si-cazane-mixte-2\/joints-detancheite\/\">Tricotaje de etan\u0219are<\/a><\/p>\n<p><a href=\"https:\/\/amrtop.net\/ro\/categoria-de-produse\/piese-de-schimb-sobe-si-cazane-de-gatit-si-cazane-mixte-2\/ventilateurs-centrifuges-pour-poeles-a-pellets\/\">Ventilatoare centrifuge<\/a><\/p>\n<p><a href=\"https:\/\/amrtop.net\/ro\/categoria-de-produse\/piese-de-schimb-sobe-si-cazane-de-gatit-si-cazane-mixte-2\/ventilateurs-tangentiels-flux-transversal\/\">Ventilatoare cu flux \u00eencruci\u0219at<\/a><\/p>\n<p><a href=\"https:\/\/amrtop.net\/ro\/categoria-de-produse\/piese-de-schimb-sobe-si-cazane-de-gatit-si-cazane-mixte-2\/adhesifs-et-produits-detancheite\/\">Adezivi \u0219i materiale de etan\u0219are<\/a><\/p>\n<p>&nbsp;<\/p>","protected":false},"excerpt":{"rendered":"<hr \/>\n<h2><span style=\"color: #008000\">Disponibil la<\/span><\/h2>\n<hr \/>\n<p>Code THS27B6036<\/p>\n<p>Motor st\u00e2nga<\/p>\n<p>Ventilator \u00f8 60 mm<\/p>\n<p>Longueur ventilateur : 272 mm<\/p>\n<p>Longueur totale : 349 mm<\/p>\n<p>Dimensions bouche : 38 x 274 mm<\/p>\n<p>Debit d&#8217;air : 270 m\u00b3\/h<\/p>\n<p>Pachet de clapete: 30 mm<\/p>\n<p>Putere: 48 W<\/p>\n<p>Clasa H - 160\u00b0 protec\u021bie termic\u0103<\/p>","protected":false},"featured_media":35031,"comment_status":"open","ping_status":"closed","template":"","meta":[],"product_brand":[],"product_cat":[878,879,1375],"product_tag":[],"class_list":{"0":"post-17322","1":"product","2":"type-product","3":"status-publish","4":"has-post-thumbnail","6":"product_cat-ventilateurs-tangentiels-flux-transversal","7":"product_cat-ventilatori-tangenziali-trial-pour-poeles-a-pellets","8":"product_cat-ventilateurs-tangentiels-trial-moteur-gauche-o-60-mm-ventilatori-tangenziali-trial-pour-poeles-a-pellets","9":"product_shipping_class-classe-di-spedizione-02","11":"first","12":"instock","13":"shipping-taxable","14":"purchasable","15":"product-type-simple"},"yoast_head":"<!-- This site is optimized with the Yoast SEO plugin v27.4 - https:\/\/yoast.com\/product\/yoast-seo-wordpress\/ -->\n<title>Ventilateur tangentiel Trial \u00f8 60 mm L.272 mm Sx<\/title>\n<meta name=\"description\" content=\"Ventilateur tangentiel Trial \u00f8 60 mm L.272 mm Sx - Extracteur d\u2019air tangentiel avec moteur gauche Trial -Syst\u00e8me d\u2019extraction d\u2019air chaud tangentiel Trial pour po\u00eales \u00e0 pellets - Ventilateur tangentiel pour l\u2019expulsion d\u2019air chaud Trial -Ventilateur horizontal air chaud ambiant Trial pour po\u00eale \u00e0 pellets\" \/>\n<meta name=\"robots\" content=\"index, follow, max-snippet:-1, max-image-preview:large, max-video-preview:-1\" \/>\n<link rel=\"canonical\" href=\"https:\/\/amrtop.net\/ro\/produs\/ventilateur-tangentiel-trial-o-60-mm-l-272-mm-sx-2\/\" \/>\n<meta property=\"og:locale\" content=\"ro_RO\" \/>\n<meta property=\"og:type\" content=\"article\" \/>\n<meta property=\"og:title\" content=\"Ventilateur tangentiel Trial \u00f8 60 mm L.272 mm Sx\" \/>\n<meta property=\"og:description\" content=\"Ventilateur tangentiel Trial \u00f8 60 mm L.272 mm Sx - Extracteur d\u2019air tangentiel avec moteur gauche Trial -Syst\u00e8me d\u2019extraction d\u2019air chaud tangentiel Trial pour po\u00eales \u00e0 pellets - Ventilateur tangentiel pour l\u2019expulsion d\u2019air chaud Trial -Ventilateur horizontal air chaud ambiant Trial pour po\u00eale \u00e0 pellets\" \/>\n<meta property=\"og:url\" content=\"https:\/\/amrtop.net\/ro\/produs\/ventilateur-tangentiel-trial-o-60-mm-l-272-mm-sx-2\/\" \/>\n<meta property=\"og:site_name\" content=\"AMRTOP B2B \u00c9tranger - Achats r\u00e9serv\u00e9s au professionnel\" \/>\n<meta property=\"article:modified_time\" content=\"2023-06-05T09:17:14+00:00\" \/>\n<meta property=\"og:image\" content=\"https:\/\/amrtop.net\/wp-content\/uploads\/2020\/01\/THS27B6036S1.jpg\" \/>\n\t<meta property=\"og:image:width\" content=\"960\" \/>\n\t<meta property=\"og:image:height\" content=\"960\" \/>\n\t<meta property=\"og:image:type\" content=\"image\/jpeg\" \/>\n<meta name=\"twitter:card\" content=\"summary_large_image\" \/>\n<meta name=\"twitter:label1\" content=\"Timp estimat pentru citire\" \/>\n\t<meta name=\"twitter:data1\" content=\"1 minut\" \/>\n<script type=\"application\/ld+json\" class=\"yoast-schema-graph\">{\"@context\":\"https:\\\/\\\/schema.org\",\"@graph\":[{\"@type\":\"WebPage\",\"@id\":\"https:\\\/\\\/amrtop.net\\\/produit\\\/ventilateur-tangentiel-trial-o-60-mm-l-272-mm-sx-2\\\/\",\"url\":\"https:\\\/\\\/amrtop.net\\\/produit\\\/ventilateur-tangentiel-trial-o-60-mm-l-272-mm-sx-2\\\/\",\"name\":\"Ventilateur tangentiel Trial \u00f8 60 mm L.272 mm Sx\",\"isPartOf\":{\"@id\":\"https:\\\/\\\/amrtop.net\\\/#website\"},\"primaryImageOfPage\":{\"@id\":\"https:\\\/\\\/amrtop.net\\\/produit\\\/ventilateur-tangentiel-trial-o-60-mm-l-272-mm-sx-2\\\/#primaryimage\"},\"image\":{\"@id\":\"https:\\\/\\\/amrtop.net\\\/produit\\\/ventilateur-tangentiel-trial-o-60-mm-l-272-mm-sx-2\\\/#primaryimage\"},\"thumbnailUrl\":\"https:\\\/\\\/amrtop.net\\\/wp-content\\\/uploads\\\/2020\\\/01\\\/THS27B6036S1.jpg\",\"datePublished\":\"2020-01-10T00:00:00+00:00\",\"dateModified\":\"2023-06-05T09:17:14+00:00\",\"description\":\"Ventilateur tangentiel Trial \u00f8 60 mm L.272 mm Sx - Extracteur d\u2019air tangentiel avec moteur gauche Trial -Syst\u00e8me d\u2019extraction d\u2019air chaud tangentiel Trial pour po\u00eales \u00e0 pellets - Ventilateur tangentiel pour l\u2019expulsion d\u2019air chaud Trial -Ventilateur horizontal air chaud ambiant Trial pour po\u00eale \u00e0 pellets\",\"breadcrumb\":{\"@id\":\"https:\\\/\\\/amrtop.net\\\/produit\\\/ventilateur-tangentiel-trial-o-60-mm-l-272-mm-sx-2\\\/#breadcrumb\"},\"inLanguage\":\"ro-RO\",\"potentialAction\":[{\"@type\":\"ReadAction\",\"target\":[\"https:\\\/\\\/amrtop.net\\\/produit\\\/ventilateur-tangentiel-trial-o-60-mm-l-272-mm-sx-2\\\/\"]}]},{\"@type\":\"ImageObject\",\"inLanguage\":\"ro-RO\",\"@id\":\"https:\\\/\\\/amrtop.net\\\/produit\\\/ventilateur-tangentiel-trial-o-60-mm-l-272-mm-sx-2\\\/#primaryimage\",\"url\":\"https:\\\/\\\/amrtop.net\\\/wp-content\\\/uploads\\\/2020\\\/01\\\/THS27B6036S1.jpg\",\"contentUrl\":\"https:\\\/\\\/amrtop.net\\\/wp-content\\\/uploads\\\/2020\\\/01\\\/THS27B6036S1.jpg\",\"width\":960,\"height\":960,\"caption\":\"Ventilateur tangentiel Trial \u00f8 60 mm L.272 mm Sx - Extracteur d\u2019air tangentiel avec moteur gauche Trial -Syst\u00e8me d\u2019extraction d\u2019air chaud tangentiel Trial pour po\u00eales \u00e0 pellets - Ventilateur tangentiel pour l\u2019expulsion d\u2019air chaud Trial -Ventilateur horizontal air chaud ambiant Trial pour po\u00eale \u00e0 pellets\"},{\"@type\":\"BreadcrumbList\",\"@id\":\"https:\\\/\\\/amrtop.net\\\/produit\\\/ventilateur-tangentiel-trial-o-60-mm-l-272-mm-sx-2\\\/#breadcrumb\",\"itemListElement\":[{\"@type\":\"ListItem\",\"position\":1,\"name\":\"Home\",\"item\":\"https:\\\/\\\/amrtop.net\\\/\"},{\"@type\":\"ListItem\",\"position\":2,\"name\":\"Shop\",\"item\":\"https:\\\/\\\/amrtop.net\\\/negozio\\\/\"},{\"@type\":\"ListItem\",\"position\":3,\"name\":\"Ventilateur tangentiel Trial Code THS27B6036 &#8211; Longueur ventilateur 272 mm &#8211; Longueur totale 349 mm\"}]},{\"@type\":\"WebSite\",\"@id\":\"https:\\\/\\\/amrtop.net\\\/#website\",\"url\":\"https:\\\/\\\/amrtop.net\\\/\",\"name\":\"AMRTOP B2B \u00c9tranger - Achats r\u00e9serv\u00e9s au professionnel\",\"description\":\"Pi\u00e8ces de rechange et accessoires pour po\u00eales et chaudi\u00e8res - eCommerce B2B pour Clients Professionnels\",\"potentialAction\":[{\"@type\":\"SearchAction\",\"target\":{\"@type\":\"EntryPoint\",\"urlTemplate\":\"https:\\\/\\\/amrtop.net\\\/?s={search_term_string}\"},\"query-input\":{\"@type\":\"PropertyValueSpecification\",\"valueRequired\":true,\"valueName\":\"search_term_string\"}}],\"inLanguage\":\"ro-RO\"}]}<\/script>\n<!-- \/ Yoast SEO plugin. -->","yoast_head_json":{"title":"Ventilator de \u00eencercare cu flux transversal \u00f8 60 mm L.272 mm Sx","description":"Ventilator tangen\u021bial de prob\u0103 \u00f8 60 mm L.272 mm Sx -Extractor de aer tangen\u021bial de prob\u0103 cu motor pe st\u00e2nga -Sistem de extragere a aerului cald tangen\u021bial de prob\u0103 pentru sobe pe pele\u021bi -Ventilator tangen\u021bial de prob\u0103 pentru expulzarea aerului cald -Ventilator orizontal de prob\u0103 pentru aer cald ambiental pentru sobe pe pele\u021bi","robots":{"index":"index","follow":"follow","max-snippet":"max-snippet:-1","max-image-preview":"max-image-preview:large","max-video-preview":"max-video-preview:-1"},"canonical":"https:\/\/amrtop.net\/ro\/produs\/ventilateur-tangentiel-trial-o-60-mm-l-272-mm-sx-2\/","og_locale":"ro_RO","og_type":"article","og_title":"Ventilateur tangentiel Trial \u00f8 60 mm L.272 mm Sx","og_description":"Ventilateur tangentiel Trial \u00f8 60 mm L.272 mm Sx - Extracteur d\u2019air tangentiel avec moteur gauche Trial -Syst\u00e8me d\u2019extraction d\u2019air chaud tangentiel Trial pour po\u00eales \u00e0 pellets - Ventilateur tangentiel pour l\u2019expulsion d\u2019air chaud Trial -Ventilateur horizontal air chaud ambiant Trial pour po\u00eale \u00e0 pellets","og_url":"https:\/\/amrtop.net\/ro\/produs\/ventilateur-tangentiel-trial-o-60-mm-l-272-mm-sx-2\/","og_site_name":"AMRTOP B2B \u00c9tranger - Achats r\u00e9serv\u00e9s au professionnel","article_modified_time":"2023-06-05T09:17:14+00:00","og_image":[{"width":960,"height":960,"url":"https:\/\/amrtop.net\/wp-content\/uploads\/2020\/01\/THS27B6036S1.jpg","type":"image\/jpeg"}],"twitter_card":"summary_large_image","twitter_misc":{"Timp estimat pentru citire":"1 minut"},"schema":{"@context":"https:\/\/schema.org","@graph":[{"@type":"WebPage","@id":"https:\/\/amrtop.net\/produit\/ventilateur-tangentiel-trial-o-60-mm-l-272-mm-sx-2\/","url":"https:\/\/amrtop.net\/produit\/ventilateur-tangentiel-trial-o-60-mm-l-272-mm-sx-2\/","name":"Ventilator de \u00eencercare cu flux transversal \u00f8 60 mm L.272 mm Sx","isPartOf":{"@id":"https:\/\/amrtop.net\/#website"},"primaryImageOfPage":{"@id":"https:\/\/amrtop.net\/produit\/ventilateur-tangentiel-trial-o-60-mm-l-272-mm-sx-2\/#primaryimage"},"image":{"@id":"https:\/\/amrtop.net\/produit\/ventilateur-tangentiel-trial-o-60-mm-l-272-mm-sx-2\/#primaryimage"},"thumbnailUrl":"https:\/\/amrtop.net\/wp-content\/uploads\/2020\/01\/THS27B6036S1.jpg","datePublished":"2020-01-10T00:00:00+00:00","dateModified":"2023-06-05T09:17:14+00:00","description":"Ventilator tangen\u021bial de prob\u0103 \u00f8 60 mm L.272 mm Sx -Extractor de aer tangen\u021bial de prob\u0103 cu motor pe st\u00e2nga -Sistem de extragere a aerului cald tangen\u021bial de prob\u0103 pentru sobe pe pele\u021bi -Ventilator tangen\u021bial de prob\u0103 pentru expulzarea aerului cald -Ventilator orizontal de prob\u0103 pentru aer cald ambiental pentru sobe pe pele\u021bi","breadcrumb":{"@id":"https:\/\/amrtop.net\/produit\/ventilateur-tangentiel-trial-o-60-mm-l-272-mm-sx-2\/#breadcrumb"},"inLanguage":"ro-RO","potentialAction":[{"@type":"ReadAction","target":["https:\/\/amrtop.net\/produit\/ventilateur-tangentiel-trial-o-60-mm-l-272-mm-sx-2\/"]}]},{"@type":"ImageObject","inLanguage":"ro-RO","@id":"https:\/\/amrtop.net\/produit\/ventilateur-tangentiel-trial-o-60-mm-l-272-mm-sx-2\/#primaryimage","url":"https:\/\/amrtop.net\/wp-content\/uploads\/2020\/01\/THS27B6036S1.jpg","contentUrl":"https:\/\/amrtop.net\/wp-content\/uploads\/2020\/01\/THS27B6036S1.jpg","width":960,"height":960,"caption":"Ventilateur tangentiel Trial \u00f8 60 mm L.272 mm Sx - Extracteur d\u2019air tangentiel avec moteur gauche Trial -Syst\u00e8me d\u2019extraction d\u2019air chaud tangentiel Trial pour po\u00eales \u00e0 pellets - Ventilateur tangentiel pour l\u2019expulsion d\u2019air chaud Trial -Ventilateur horizontal air chaud ambiant Trial pour po\u00eale \u00e0 pellets"},{"@type":"BreadcrumbList","@id":"https:\/\/amrtop.net\/produit\/ventilateur-tangentiel-trial-o-60-mm-l-272-mm-sx-2\/#breadcrumb","itemListElement":[{"@type":"ListItem","position":1,"name":"Home","item":"https:\/\/amrtop.net\/"},{"@type":"ListItem","position":2,"name":"Shop","item":"https:\/\/amrtop.net\/negozio\/"},{"@type":"ListItem","position":3,"name":"Ventilateur tangentiel Trial Code THS27B6036 &#8211; Longueur ventilateur 272 mm &#8211; Longueur totale 349 mm"}]},{"@type":"WebSite","@id":"https:\/\/amrtop.net\/#website","url":"https:\/\/amrtop.net\/","name":"AMRTOP B2B Abroad - Achizi\u021bii rezervate profesioni\u0219tilor","description":"Piese de schimb \u0219i accesorii pentru sobe \u0219i cazane - eCommerce B2B pentru clien\u021bi profesioni\u0219ti","potentialAction":[{"@type":"SearchAction","target":{"@type":"EntryPoint","urlTemplate":"https:\/\/amrtop.net\/?s={search_term_string}"},"query-input":{"@type":"PropertyValueSpecification","valueRequired":true,"valueName":"search_term_string"}}],"inLanguage":"ro-RO"}]}},"_links":{"self":[{"href":"https:\/\/amrtop.net\/ro\/wp-json\/wp\/v2\/product\/17322","targetHints":{"allow":["GET"]}}],"collection":[{"href":"https:\/\/amrtop.net\/ro\/wp-json\/wp\/v2\/product"}],"about":[{"href":"https:\/\/amrtop.net\/ro\/wp-json\/wp\/v2\/types\/product"}],"replies":[{"embeddable":true,"href":"https:\/\/amrtop.net\/ro\/wp-json\/wp\/v2\/comments?post=17322"}],"wp:featuredmedia":[{"embeddable":true,"href":"https:\/\/amrtop.net\/ro\/wp-json\/wp\/v2\/media\/35031"}],"wp:attachment":[{"href":"https:\/\/amrtop.net\/ro\/wp-json\/wp\/v2\/media?parent=17322"}],"wp:term":[{"taxonomy":"product_brand","embeddable":true,"href":"https:\/\/amrtop.net\/ro\/wp-json\/wp\/v2\/product_brand?post=17322"},{"taxonomy":"product_cat","embeddable":true,"href":"https:\/\/amrtop.net\/ro\/wp-json\/wp\/v2\/product_cat?post=17322"},{"taxonomy":"product_tag","embeddable":true,"href":"https:\/\/amrtop.net\/ro\/wp-json\/wp\/v2\/product_tag?post=17322"}],"curies":[{"name":"wp","href":"https:\/\/api.w.org\/{rel}","templated":true}]}}