{"id":17545,"date":"2020-10-01T00:00:00","date_gmt":"2020-10-01T00:00:00","guid":{"rendered":"https:\/\/amrtop.com\/B2B\/?post_type=product&#038;p=17545"},"modified":"2021-11-18T17:04:36","modified_gmt":"2021-11-18T17:04:36","slug":"creuzet-kausiflam-windcod-a06-00007-003","status":"publish","type":"product","link":"https:\/\/amrtop.net\/ro\/produit\/creuset-kausiflam-windcod-a06-00007-003\/","title":{"rendered":"Creuzet din font\u0103 pentru modelele de sobe pe pele\u021bi Kausiflam <br> cod A06 00007-003"},"content":{"rendered":"<hr \/>\n<h2>Creuzet din font\u0103 pentru modelele de sobe pe pele\u021bi Kausiflam  <\/h2>\n<p>cod. A06 00007-003<\/p>\n<p>Pentru modelul: Wind, Ambre<\/p>\n<hr \/>\n<p>Brazierele din font\u0103 pe care Amrtop le furnizeaz\u0103 pentru sobele \u0219i cazanele pe pele\u021bi Kausiflam sunt toate originale \u0219i de cea mai \u00eenalt\u0103 calitate.<br \/>\nFurniz\u0103m o gam\u0103 larg\u0103 de accesorii, piese de schimb \u0219i componente pentru toate sobele \u0219i cazanele pe pele\u021bi de pe pia\u021ba european\u0103.<br \/>\nV\u0103 putem furniza piese estetice \u0219i de t\u00e2mpl\u0103rie pentru exterior, de\u0219i termenele de livrare pot varia de la 30 la 60 de zile lucr\u0103toare.<br \/>\nPersonalul Amrtop a fost instruit cu aten\u021bie pentru a v\u0103 ajuta s\u0103 identifica\u021bi piesele de schimb care trebuie \u00eenlocuite \u0219i v\u0103 poate oferi asisten\u021b\u0103 telefonic\u0103 \u00een limbile francez\u0103, englez\u0103, rom\u00e2n\u0103 \u0219i italian\u0103.<br \/>\nV\u0103 rug\u0103m s\u0103 nu ezita\u021bi s\u0103 ne contacta\u021bi pentru orice informa\u021bii suplimentare.<\/p>","protected":false},"excerpt":{"rendered":"<hr \/>\n<h2><font color=\"77a464\">Disponibil la<\/font><\/h2>","protected":false},"featured_media":19584,"comment_status":"open","ping_status":"closed","template":"","meta":[],"product_brand":[],"product_cat":[1233,1232,940,1237],"product_tag":[1345],"class_list":{"0":"post-17545","1":"product","2":"type-product","3":"status-publish","4":"has-post-thumbnail","6":"product_cat-ambre","7":"product_cat-kausiflam","8":"product_cat-pieces-detachees-specifiques-par-marque","9":"product_cat-wind-kausiflam","10":"product_tag-kausiflam","11":"product_shipping_class-classe-di-spedizione-02","13":"first","14":"instock","15":"shipping-taxable","16":"purchasable","17":"product-type-simple"},"yoast_head":"<!-- This site is optimized with the Yoast SEO plugin v27.4 - https:\/\/yoast.com\/product\/yoast-seo-wordpress\/ -->\n<title>Creuset en fonte pour les mod\u00e8les des po\u00eales \u00e0 granul\u00e9s Kausiflam  code.A06 00007-003 - AMRTOP B2B \u00c9tranger - Achats r\u00e9serv\u00e9s au professionnel<\/title>\n<meta name=\"robots\" content=\"index, follow, max-snippet:-1, max-image-preview:large, max-video-preview:-1\" \/>\n<link rel=\"canonical\" href=\"https:\/\/amrtop.net\/ro\/produs\/creuzet-kausiflam-windcod-a06-00007-003\/\" \/>\n<meta property=\"og:locale\" content=\"ro_RO\" \/>\n<meta property=\"og:type\" content=\"article\" \/>\n<meta property=\"og:title\" content=\"Creuset en fonte pour les mod\u00e8les des po\u00eales \u00e0 granul\u00e9s Kausiflam  code.A06 00007-003 - AMRTOP B2B \u00c9tranger - Achats r\u00e9serv\u00e9s au professionnel\" \/>\n<meta property=\"og:description\" content=\"Disponible\" \/>\n<meta property=\"og:url\" content=\"https:\/\/amrtop.net\/ro\/produs\/creuzet-kausiflam-windcod-a06-00007-003\/\" \/>\n<meta property=\"og:site_name\" content=\"AMRTOP B2B \u00c9tranger - Achats r\u00e9serv\u00e9s au professionnel\" \/>\n<meta property=\"article:modified_time\" content=\"2021-11-18T17:04:36+00:00\" \/>\n<meta property=\"og:image\" content=\"https:\/\/amrtop.net\/wp-content\/uploads\/2021\/11\/w-SITO-AMBRE.jpg\" \/>\n\t<meta property=\"og:image:width\" content=\"960\" \/>\n\t<meta property=\"og:image:height\" content=\"960\" \/>\n\t<meta property=\"og:image:type\" content=\"image\/jpeg\" \/>\n<meta name=\"twitter:card\" content=\"summary_large_image\" \/>\n<meta name=\"twitter:label1\" content=\"Timp estimat pentru citire\" \/>\n\t<meta name=\"twitter:data1\" content=\"1 minut\" \/>\n<script type=\"application\/ld+json\" class=\"yoast-schema-graph\">{\"@context\":\"https:\\\/\\\/schema.org\",\"@graph\":[{\"@type\":\"WebPage\",\"@id\":\"https:\\\/\\\/amrtop.net\\\/produit\\\/creuset-kausiflam-windcod-a06-00007-003\\\/\",\"url\":\"https:\\\/\\\/amrtop.net\\\/produit\\\/creuset-kausiflam-windcod-a06-00007-003\\\/\",\"name\":\"Creuset en fonte pour les mod\u00e8les des po\u00eales \u00e0 granul\u00e9s Kausiflam code.A06 00007-003 - AMRTOP B2B \u00c9tranger - Achats r\u00e9serv\u00e9s au professionnel\",\"isPartOf\":{\"@id\":\"https:\\\/\\\/amrtop.net\\\/#website\"},\"primaryImageOfPage\":{\"@id\":\"https:\\\/\\\/amrtop.net\\\/produit\\\/creuset-kausiflam-windcod-a06-00007-003\\\/#primaryimage\"},\"image\":{\"@id\":\"https:\\\/\\\/amrtop.net\\\/produit\\\/creuset-kausiflam-windcod-a06-00007-003\\\/#primaryimage\"},\"thumbnailUrl\":\"https:\\\/\\\/amrtop.net\\\/wp-content\\\/uploads\\\/2021\\\/11\\\/w-SITO-AMBRE.jpg\",\"datePublished\":\"2020-10-01T00:00:00+00:00\",\"dateModified\":\"2021-11-18T17:04:36+00:00\",\"breadcrumb\":{\"@id\":\"https:\\\/\\\/amrtop.net\\\/produit\\\/creuset-kausiflam-windcod-a06-00007-003\\\/#breadcrumb\"},\"inLanguage\":\"ro-RO\",\"potentialAction\":[{\"@type\":\"ReadAction\",\"target\":[\"https:\\\/\\\/amrtop.net\\\/produit\\\/creuset-kausiflam-windcod-a06-00007-003\\\/\"]}]},{\"@type\":\"ImageObject\",\"inLanguage\":\"ro-RO\",\"@id\":\"https:\\\/\\\/amrtop.net\\\/produit\\\/creuset-kausiflam-windcod-a06-00007-003\\\/#primaryimage\",\"url\":\"https:\\\/\\\/amrtop.net\\\/wp-content\\\/uploads\\\/2021\\\/11\\\/w-SITO-AMBRE.jpg\",\"contentUrl\":\"https:\\\/\\\/amrtop.net\\\/wp-content\\\/uploads\\\/2021\\\/11\\\/w-SITO-AMBRE.jpg\",\"width\":960,\"height\":960},{\"@type\":\"BreadcrumbList\",\"@id\":\"https:\\\/\\\/amrtop.net\\\/produit\\\/creuset-kausiflam-windcod-a06-00007-003\\\/#breadcrumb\",\"itemListElement\":[{\"@type\":\"ListItem\",\"position\":1,\"name\":\"Home\",\"item\":\"https:\\\/\\\/amrtop.net\\\/\"},{\"@type\":\"ListItem\",\"position\":2,\"name\":\"Shop\",\"item\":\"https:\\\/\\\/amrtop.net\\\/negozio\\\/\"},{\"@type\":\"ListItem\",\"position\":3,\"name\":\"Creuset en fonte pour les mod\u00e8les des po\u00eales \u00e0 granul\u00e9s Kausiflam code.A06 00007-003\"}]},{\"@type\":\"WebSite\",\"@id\":\"https:\\\/\\\/amrtop.net\\\/#website\",\"url\":\"https:\\\/\\\/amrtop.net\\\/\",\"name\":\"AMRTOP B2B \u00c9tranger - Achats r\u00e9serv\u00e9s au professionnel\",\"description\":\"Pi\u00e8ces de rechange et accessoires pour po\u00eales et chaudi\u00e8res - eCommerce B2B pour Clients Professionnels\",\"potentialAction\":[{\"@type\":\"SearchAction\",\"target\":{\"@type\":\"EntryPoint\",\"urlTemplate\":\"https:\\\/\\\/amrtop.net\\\/?s={search_term_string}\"},\"query-input\":{\"@type\":\"PropertyValueSpecification\",\"valueRequired\":true,\"valueName\":\"search_term_string\"}}],\"inLanguage\":\"ro-RO\"}]}<\/script>\n<!-- \/ Yoast SEO plugin. -->","yoast_head_json":{"title":"Creuzet din font\u0103 pentru modelele de sobe pe pele\u021bi Kausiflam cod A06 00007-003 - AMRTOP B2B \u00c9tranger - Numai pentru achizi\u021bii profesionale","robots":{"index":"index","follow":"follow","max-snippet":"max-snippet:-1","max-image-preview":"max-image-preview:large","max-video-preview":"max-video-preview:-1"},"canonical":"https:\/\/amrtop.net\/ro\/produs\/creuzet-kausiflam-windcod-a06-00007-003\/","og_locale":"ro_RO","og_type":"article","og_title":"Creuset en fonte pour les mod\u00e8les des po\u00eales \u00e0 granul\u00e9s Kausiflam  code.A06 00007-003 - AMRTOP B2B \u00c9tranger - Achats r\u00e9serv\u00e9s au professionnel","og_description":"Disponible","og_url":"https:\/\/amrtop.net\/ro\/produs\/creuzet-kausiflam-windcod-a06-00007-003\/","og_site_name":"AMRTOP B2B \u00c9tranger - Achats r\u00e9serv\u00e9s au professionnel","article_modified_time":"2021-11-18T17:04:36+00:00","og_image":[{"width":960,"height":960,"url":"https:\/\/amrtop.net\/wp-content\/uploads\/2021\/11\/w-SITO-AMBRE.jpg","type":"image\/jpeg"}],"twitter_card":"summary_large_image","twitter_misc":{"Timp estimat pentru citire":"1 minut"},"schema":{"@context":"https:\/\/schema.org","@graph":[{"@type":"WebPage","@id":"https:\/\/amrtop.net\/produit\/creuset-kausiflam-windcod-a06-00007-003\/","url":"https:\/\/amrtop.net\/produit\/creuset-kausiflam-windcod-a06-00007-003\/","name":"Creuzet din font\u0103 pentru modelele de sobe pe pele\u021bi Kausiflam cod A06 00007-003 - AMRTOP B2B \u00c9tranger - Numai pentru achizi\u021bii profesionale","isPartOf":{"@id":"https:\/\/amrtop.net\/#website"},"primaryImageOfPage":{"@id":"https:\/\/amrtop.net\/produit\/creuset-kausiflam-windcod-a06-00007-003\/#primaryimage"},"image":{"@id":"https:\/\/amrtop.net\/produit\/creuset-kausiflam-windcod-a06-00007-003\/#primaryimage"},"thumbnailUrl":"https:\/\/amrtop.net\/wp-content\/uploads\/2021\/11\/w-SITO-AMBRE.jpg","datePublished":"2020-10-01T00:00:00+00:00","dateModified":"2021-11-18T17:04:36+00:00","breadcrumb":{"@id":"https:\/\/amrtop.net\/produit\/creuset-kausiflam-windcod-a06-00007-003\/#breadcrumb"},"inLanguage":"ro-RO","potentialAction":[{"@type":"ReadAction","target":["https:\/\/amrtop.net\/produit\/creuset-kausiflam-windcod-a06-00007-003\/"]}]},{"@type":"ImageObject","inLanguage":"ro-RO","@id":"https:\/\/amrtop.net\/produit\/creuset-kausiflam-windcod-a06-00007-003\/#primaryimage","url":"https:\/\/amrtop.net\/wp-content\/uploads\/2021\/11\/w-SITO-AMBRE.jpg","contentUrl":"https:\/\/amrtop.net\/wp-content\/uploads\/2021\/11\/w-SITO-AMBRE.jpg","width":960,"height":960},{"@type":"BreadcrumbList","@id":"https:\/\/amrtop.net\/produit\/creuset-kausiflam-windcod-a06-00007-003\/#breadcrumb","itemListElement":[{"@type":"ListItem","position":1,"name":"Home","item":"https:\/\/amrtop.net\/"},{"@type":"ListItem","position":2,"name":"Shop","item":"https:\/\/amrtop.net\/negozio\/"},{"@type":"ListItem","position":3,"name":"Creuset en fonte pour les mod\u00e8les des po\u00eales \u00e0 granul\u00e9s Kausiflam code.A06 00007-003"}]},{"@type":"WebSite","@id":"https:\/\/amrtop.net\/#website","url":"https:\/\/amrtop.net\/","name":"AMRTOP B2B Abroad - Achizi\u021bii rezervate profesioni\u0219tilor","description":"Piese de schimb \u0219i accesorii pentru sobe \u0219i cazane - eCommerce B2B pentru clien\u021bi profesioni\u0219ti","potentialAction":[{"@type":"SearchAction","target":{"@type":"EntryPoint","urlTemplate":"https:\/\/amrtop.net\/?s={search_term_string}"},"query-input":{"@type":"PropertyValueSpecification","valueRequired":true,"valueName":"search_term_string"}}],"inLanguage":"ro-RO"}]}},"_links":{"self":[{"href":"https:\/\/amrtop.net\/ro\/wp-json\/wp\/v2\/product\/17545","targetHints":{"allow":["GET"]}}],"collection":[{"href":"https:\/\/amrtop.net\/ro\/wp-json\/wp\/v2\/product"}],"about":[{"href":"https:\/\/amrtop.net\/ro\/wp-json\/wp\/v2\/types\/product"}],"replies":[{"embeddable":true,"href":"https:\/\/amrtop.net\/ro\/wp-json\/wp\/v2\/comments?post=17545"}],"wp:featuredmedia":[{"embeddable":true,"href":"https:\/\/amrtop.net\/ro\/wp-json\/wp\/v2\/media\/19584"}],"wp:attachment":[{"href":"https:\/\/amrtop.net\/ro\/wp-json\/wp\/v2\/media?parent=17545"}],"wp:term":[{"taxonomy":"product_brand","embeddable":true,"href":"https:\/\/amrtop.net\/ro\/wp-json\/wp\/v2\/product_brand?post=17545"},{"taxonomy":"product_cat","embeddable":true,"href":"https:\/\/amrtop.net\/ro\/wp-json\/wp\/v2\/product_cat?post=17545"},{"taxonomy":"product_tag","embeddable":true,"href":"https:\/\/amrtop.net\/ro\/wp-json\/wp\/v2\/product_tag?post=17545"}],"curies":[{"name":"wp","href":"https:\/\/api.w.org\/{rel}","templated":true}]}}