{"id":17589,"date":"2020-10-01T00:00:00","date_gmt":"2020-10-01T00:00:00","guid":{"rendered":"https:\/\/amrtop.com\/B2B\/?post_type=product&#038;p=17589"},"modified":"2021-11-18T17:05:03","modified_gmt":"2021-11-18T17:05:03","slug":"kausiflam-minerawindkeopskeopskeoxleakaradianagayabayasmallquadraxtopazejadenacrekefrenambrecamillalauracod-a14-00002-001","status":"publish","type":"product","link":"https:\/\/amrtop.net\/ro\/produit\/motoreducteur-kausiflam-minerawindkeopskeoxleakaradianagayabayasmallquadraonyxtopazejadenacrekefrenambrecamillalauracod-a14-00002-001\/","title":{"rendered":"Motoreductor pentru sobe pe pele\u021bi Kausiflam <br> cod A14 00002-001"},"content":{"rendered":"<hr \/>\n<h2>Motoreductor pentru sobe pe pele\u021bi Kausiflam <\/h2>\n<p>cod. A14 00002-001<\/p>\n<p>Pentru modelele de sobe pe pele\u021bi Kausiflam: Minera, Wind, Keops, Keox, Lea, Kara, Diana, Gaya, Baya, Small, Quadra, Onyx, Topaze, Jade, Nacre, Kefren, Ambre, Camilla, Laura, Agate<\/p>\n<hr \/>\n<p>Amrtop dispune \u00een prezent de peste 100 de tipuri de motoare cu ro\u021bi din\u021bate, gata de livrare.<br \/>\nMotoreductoare conven\u021bionale \u0219i sincrone la 24 \u0219i 220 vol\u021bi, motoreductoare cu arbori de 8,5 \u0219i 9,5 mm \u0219i diverse alte caracteristici pentru sobe \u0219i cazane pe pele\u021bi de toate m\u0103rcile.<br \/>\nAmrtop v\u0103 ofer\u0103 piese de interior, exterior, estetice, vitroceramic\u0103 de \u00eenalt\u0103 temperatur\u0103 \u0219i piese de t\u00e2mpl\u0103rie, \u021bin\u00e2nd cont c\u0103 termenele de livrare pot varia \u00eentre 30 \u0219i 60 de zile lucr\u0103toare.<br \/>\nAvem mereu \u00een stoc o gam\u0103 de accesorii, piese de schimb \u0219i componente esen\u021biale pentru toate sobele \u0219i cazanele pe pele\u021bi de pe pia\u021b\u0103, pe care le pute\u021bi consulta \u00een catalogul nostru online.<br \/>\nPersonalul Amrtop a fost instruit cu aten\u021bie pentru a v\u0103 ajuta s\u0103 identifica\u021bi piesele de schimb care trebuie \u00eenlocuite \u0219i v\u0103 poate oferi asisten\u021b\u0103 telefonic\u0103 \u00een limbile francez\u0103, englez\u0103, rom\u00e2n\u0103 \u0219i italian\u0103.<br \/>\nV\u0103 rug\u0103m s\u0103 nu ezita\u021bi s\u0103 ne contacta\u021bi pentru orice informa\u021bii suplimentare.<\/p>","protected":false},"excerpt":{"rendered":"<p>Motor\u00e9ducteur pour les po\u00eales \u00e0 granul\u00e9s Kausiflam code. A14 00002-001 Pour les mod\u00e8les des po\u00eales \u00e0 granul\u00e9s Kausiflam: Minera, Wind, Keops, Keox, Lea, Kara, Diana, Gaya, Baya, Small, Quadra, Onyx, Topaze, Jade, Nacre, Kefren, Ambre, Camilla, Laura, Agate Amrtop dispose aujourd\u2019hui de plus de 100 types de motor\u00e9ducteurs toujours disponibles pr\u00eats \u00e0 la livraison. Motor\u00e9ducteurs [&hellip;]<\/p>\n","protected":false},"featured_media":18558,"comment_status":"open","ping_status":"closed","template":"","meta":[],"product_brand":[],"product_cat":[1238,1233,1239,1240,1241,1242,1243,1244,1232,1245,1246,1247,1248,1249,1234,1250,1235,940,1236,1251,1252,1237],"product_tag":[1345],"class_list":{"0":"post-17589","1":"product","2":"type-product","3":"status-publish","4":"has-post-thumbnail","6":"product_cat-agate","7":"product_cat-ambre","8":"product_cat-baya","9":"product_cat-camilla","10":"product_cat-diana","11":"product_cat-gaya-kausiflam","12":"product_cat-jade-kausiflam","13":"product_cat-kara-kausiflam","14":"product_cat-kausiflam","15":"product_cat-kefren-kausiflam","16":"product_cat-keops-kausiflam","17":"product_cat-keox-kausiflam","18":"product_cat-laura-kausiflam","19":"product_cat-lea-kausiflam","20":"product_cat-minera-kausiflam","21":"product_cat-nacre-kausiflam","22":"product_cat-onyx-kausiflam","23":"product_cat-pieces-detachees-specifiques-par-marque","24":"product_cat-quadra-kausiflam","25":"product_cat-small-kausiflam","26":"product_cat-topaze-kausiflam","27":"product_cat-wind-kausiflam","28":"product_tag-kausiflam","29":"product_shipping_class-classe-di-spedizione-02","31":"first","32":"instock","33":"shipping-taxable","34":"purchasable","35":"product-type-simple"},"yoast_head":"<!-- This site is optimized with the Yoast SEO plugin v27.4 - https:\/\/yoast.com\/product\/yoast-seo-wordpress\/ -->\n<title>Motor\u00e9ducteur pour les po\u00eales \u00e0 granul\u00e9s Kausiflam  code.A14 00002-001 - AMRTOP B2B \u00c9tranger - Achats r\u00e9serv\u00e9s au professionnel<\/title>\n<meta name=\"robots\" content=\"index, follow, max-snippet:-1, max-image-preview:large, max-video-preview:-1\" \/>\n<link rel=\"canonical\" href=\"https:\/\/amrtop.net\/ro\/produs\/kausiflam-minerawindkeopskeopskeoxleakaradianagayabayasmallquadraxtopazejadenacrekefrenambrecamillalauracod-a14-00002-001\/\" \/>\n<meta property=\"og:locale\" content=\"ro_RO\" \/>\n<meta property=\"og:type\" content=\"article\" \/>\n<meta property=\"og:title\" content=\"Motor\u00e9ducteur pour les po\u00eales \u00e0 granul\u00e9s Kausiflam  code.A14 00002-001 - AMRTOP B2B \u00c9tranger - Achats r\u00e9serv\u00e9s au professionnel\" \/>\n<meta property=\"og:description\" content=\"Motor\u00e9ducteur pour les po\u00eales \u00e0 granul\u00e9s Kausiflam code. A14 00002-001 Pour les mod\u00e8les des po\u00eales \u00e0 granul\u00e9s Kausiflam: Minera, Wind, Keops, Keox, Lea, Kara, Diana, Gaya, Baya, Small, Quadra, Onyx, Topaze, Jade, Nacre, Kefren, Ambre, Camilla, Laura, Agate Amrtop dispose aujourd\u2019hui de plus de 100 types de motor\u00e9ducteurs toujours disponibles pr\u00eats \u00e0 la livraison. Motor\u00e9ducteurs [&hellip;]\" \/>\n<meta property=\"og:url\" content=\"https:\/\/amrtop.net\/ro\/produs\/kausiflam-minerawindkeopskeopskeoxleakaradianagayabayasmallquadraxtopazejadenacrekefrenambrecamillalauracod-a14-00002-001\/\" \/>\n<meta property=\"og:site_name\" content=\"AMRTOP B2B \u00c9tranger - Achats r\u00e9serv\u00e9s au professionnel\" \/>\n<meta property=\"article:modified_time\" content=\"2021-11-18T17:05:03+00:00\" \/>\n<meta property=\"og:image\" content=\"https:\/\/amrtop.net\/wp-content\/uploads\/2021\/08\/w-SITO-PAG-30-B-1-3-1.jpg\" \/>\n\t<meta property=\"og:image:width\" content=\"960\" \/>\n\t<meta property=\"og:image:height\" content=\"960\" \/>\n\t<meta property=\"og:image:type\" content=\"image\/jpeg\" \/>\n<meta name=\"twitter:card\" content=\"summary_large_image\" \/>\n<meta name=\"twitter:label1\" content=\"Timp estimat pentru citire\" \/>\n\t<meta name=\"twitter:data1\" content=\"1 minut\" \/>\n<script type=\"application\/ld+json\" class=\"yoast-schema-graph\">{\"@context\":\"https:\\\/\\\/schema.org\",\"@graph\":[{\"@type\":\"WebPage\",\"@id\":\"https:\\\/\\\/amrtop.net\\\/produit\\\/motoreducteur-kausiflam-minerawindkeopskeoxleakaradianagayabayasmallquadraonyxtopazejadenacrekefrenambrecamillalauracod-a14-00002-001\\\/\",\"url\":\"https:\\\/\\\/amrtop.net\\\/produit\\\/motoreducteur-kausiflam-minerawindkeopskeoxleakaradianagayabayasmallquadraonyxtopazejadenacrekefrenambrecamillalauracod-a14-00002-001\\\/\",\"name\":\"Motor\u00e9ducteur pour les po\u00eales \u00e0 granul\u00e9s Kausiflam code.A14 00002-001 - AMRTOP B2B \u00c9tranger - Achats r\u00e9serv\u00e9s au professionnel\",\"isPartOf\":{\"@id\":\"https:\\\/\\\/amrtop.net\\\/#website\"},\"primaryImageOfPage\":{\"@id\":\"https:\\\/\\\/amrtop.net\\\/produit\\\/motoreducteur-kausiflam-minerawindkeopskeoxleakaradianagayabayasmallquadraonyxtopazejadenacrekefrenambrecamillalauracod-a14-00002-001\\\/#primaryimage\"},\"image\":{\"@id\":\"https:\\\/\\\/amrtop.net\\\/produit\\\/motoreducteur-kausiflam-minerawindkeopskeoxleakaradianagayabayasmallquadraonyxtopazejadenacrekefrenambrecamillalauracod-a14-00002-001\\\/#primaryimage\"},\"thumbnailUrl\":\"https:\\\/\\\/amrtop.net\\\/wp-content\\\/uploads\\\/2021\\\/08\\\/w-SITO-PAG-30-B-1-3-1.jpg\",\"datePublished\":\"2020-10-01T00:00:00+00:00\",\"dateModified\":\"2021-11-18T17:05:03+00:00\",\"breadcrumb\":{\"@id\":\"https:\\\/\\\/amrtop.net\\\/produit\\\/motoreducteur-kausiflam-minerawindkeopskeoxleakaradianagayabayasmallquadraonyxtopazejadenacrekefrenambrecamillalauracod-a14-00002-001\\\/#breadcrumb\"},\"inLanguage\":\"ro-RO\",\"potentialAction\":[{\"@type\":\"ReadAction\",\"target\":[\"https:\\\/\\\/amrtop.net\\\/produit\\\/motoreducteur-kausiflam-minerawindkeopskeoxleakaradianagayabayasmallquadraonyxtopazejadenacrekefrenambrecamillalauracod-a14-00002-001\\\/\"]}]},{\"@type\":\"ImageObject\",\"inLanguage\":\"ro-RO\",\"@id\":\"https:\\\/\\\/amrtop.net\\\/produit\\\/motoreducteur-kausiflam-minerawindkeopskeoxleakaradianagayabayasmallquadraonyxtopazejadenacrekefrenambrecamillalauracod-a14-00002-001\\\/#primaryimage\",\"url\":\"https:\\\/\\\/amrtop.net\\\/wp-content\\\/uploads\\\/2021\\\/08\\\/w-SITO-PAG-30-B-1-3-1.jpg\",\"contentUrl\":\"https:\\\/\\\/amrtop.net\\\/wp-content\\\/uploads\\\/2021\\\/08\\\/w-SITO-PAG-30-B-1-3-1.jpg\",\"width\":960,\"height\":960},{\"@type\":\"BreadcrumbList\",\"@id\":\"https:\\\/\\\/amrtop.net\\\/produit\\\/motoreducteur-kausiflam-minerawindkeopskeoxleakaradianagayabayasmallquadraonyxtopazejadenacrekefrenambrecamillalauracod-a14-00002-001\\\/#breadcrumb\",\"itemListElement\":[{\"@type\":\"ListItem\",\"position\":1,\"name\":\"Home\",\"item\":\"https:\\\/\\\/amrtop.net\\\/\"},{\"@type\":\"ListItem\",\"position\":2,\"name\":\"Shop\",\"item\":\"https:\\\/\\\/amrtop.net\\\/negozio\\\/\"},{\"@type\":\"ListItem\",\"position\":3,\"name\":\"Motor\u00e9ducteur pour les po\u00eales \u00e0 granul\u00e9s Kausiflam code.A14 00002-001\"}]},{\"@type\":\"WebSite\",\"@id\":\"https:\\\/\\\/amrtop.net\\\/#website\",\"url\":\"https:\\\/\\\/amrtop.net\\\/\",\"name\":\"AMRTOP B2B \u00c9tranger - Achats r\u00e9serv\u00e9s au professionnel\",\"description\":\"Pi\u00e8ces de rechange et accessoires pour po\u00eales et chaudi\u00e8res - eCommerce B2B pour Clients Professionnels\",\"potentialAction\":[{\"@type\":\"SearchAction\",\"target\":{\"@type\":\"EntryPoint\",\"urlTemplate\":\"https:\\\/\\\/amrtop.net\\\/?s={search_term_string}\"},\"query-input\":{\"@type\":\"PropertyValueSpecification\",\"valueRequired\":true,\"valueName\":\"search_term_string\"}}],\"inLanguage\":\"ro-RO\"}]}<\/script>\n<!-- \/ Yoast SEO plugin. -->","yoast_head_json":{"title":"Motoreductor pentru sobe pe pele\u021bi Kausiflam cod A14 00002-001 - AMRTOP B2B Overseas - Professional purchases only","robots":{"index":"index","follow":"follow","max-snippet":"max-snippet:-1","max-image-preview":"max-image-preview:large","max-video-preview":"max-video-preview:-1"},"canonical":"https:\/\/amrtop.net\/ro\/produs\/kausiflam-minerawindkeopskeopskeoxleakaradianagayabayasmallquadraxtopazejadenacrekefrenambrecamillalauracod-a14-00002-001\/","og_locale":"ro_RO","og_type":"article","og_title":"Motor\u00e9ducteur pour les po\u00eales \u00e0 granul\u00e9s Kausiflam  code.A14 00002-001 - AMRTOP B2B \u00c9tranger - Achats r\u00e9serv\u00e9s au professionnel","og_description":"Motor\u00e9ducteur pour les po\u00eales \u00e0 granul\u00e9s Kausiflam code. A14 00002-001 Pour les mod\u00e8les des po\u00eales \u00e0 granul\u00e9s Kausiflam: Minera, Wind, Keops, Keox, Lea, Kara, Diana, Gaya, Baya, Small, Quadra, Onyx, Topaze, Jade, Nacre, Kefren, Ambre, Camilla, Laura, Agate Amrtop dispose aujourd\u2019hui de plus de 100 types de motor\u00e9ducteurs toujours disponibles pr\u00eats \u00e0 la livraison. Motor\u00e9ducteurs [&hellip;]","og_url":"https:\/\/amrtop.net\/ro\/produs\/kausiflam-minerawindkeopskeopskeoxleakaradianagayabayasmallquadraxtopazejadenacrekefrenambrecamillalauracod-a14-00002-001\/","og_site_name":"AMRTOP B2B \u00c9tranger - Achats r\u00e9serv\u00e9s au professionnel","article_modified_time":"2021-11-18T17:05:03+00:00","og_image":[{"width":960,"height":960,"url":"https:\/\/amrtop.net\/wp-content\/uploads\/2021\/08\/w-SITO-PAG-30-B-1-3-1.jpg","type":"image\/jpeg"}],"twitter_card":"summary_large_image","twitter_misc":{"Timp estimat pentru citire":"1 minut"},"schema":{"@context":"https:\/\/schema.org","@graph":[{"@type":"WebPage","@id":"https:\/\/amrtop.net\/produit\/motoreducteur-kausiflam-minerawindkeopskeoxleakaradianagayabayasmallquadraonyxtopazejadenacrekefrenambrecamillalauracod-a14-00002-001\/","url":"https:\/\/amrtop.net\/produit\/motoreducteur-kausiflam-minerawindkeopskeoxleakaradianagayabayasmallquadraonyxtopazejadenacrekefrenambrecamillalauracod-a14-00002-001\/","name":"Motoreductor pentru sobe pe pele\u021bi Kausiflam cod A14 00002-001 - AMRTOP B2B Overseas - Professional purchases only","isPartOf":{"@id":"https:\/\/amrtop.net\/#website"},"primaryImageOfPage":{"@id":"https:\/\/amrtop.net\/produit\/motoreducteur-kausiflam-minerawindkeopskeoxleakaradianagayabayasmallquadraonyxtopazejadenacrekefrenambrecamillalauracod-a14-00002-001\/#primaryimage"},"image":{"@id":"https:\/\/amrtop.net\/produit\/motoreducteur-kausiflam-minerawindkeopskeoxleakaradianagayabayasmallquadraonyxtopazejadenacrekefrenambrecamillalauracod-a14-00002-001\/#primaryimage"},"thumbnailUrl":"https:\/\/amrtop.net\/wp-content\/uploads\/2021\/08\/w-SITO-PAG-30-B-1-3-1.jpg","datePublished":"2020-10-01T00:00:00+00:00","dateModified":"2021-11-18T17:05:03+00:00","breadcrumb":{"@id":"https:\/\/amrtop.net\/produit\/motoreducteur-kausiflam-minerawindkeopskeoxleakaradianagayabayasmallquadraonyxtopazejadenacrekefrenambrecamillalauracod-a14-00002-001\/#breadcrumb"},"inLanguage":"ro-RO","potentialAction":[{"@type":"ReadAction","target":["https:\/\/amrtop.net\/produit\/motoreducteur-kausiflam-minerawindkeopskeoxleakaradianagayabayasmallquadraonyxtopazejadenacrekefrenambrecamillalauracod-a14-00002-001\/"]}]},{"@type":"ImageObject","inLanguage":"ro-RO","@id":"https:\/\/amrtop.net\/produit\/motoreducteur-kausiflam-minerawindkeopskeoxleakaradianagayabayasmallquadraonyxtopazejadenacrekefrenambrecamillalauracod-a14-00002-001\/#primaryimage","url":"https:\/\/amrtop.net\/wp-content\/uploads\/2021\/08\/w-SITO-PAG-30-B-1-3-1.jpg","contentUrl":"https:\/\/amrtop.net\/wp-content\/uploads\/2021\/08\/w-SITO-PAG-30-B-1-3-1.jpg","width":960,"height":960},{"@type":"BreadcrumbList","@id":"https:\/\/amrtop.net\/produit\/motoreducteur-kausiflam-minerawindkeopskeoxleakaradianagayabayasmallquadraonyxtopazejadenacrekefrenambrecamillalauracod-a14-00002-001\/#breadcrumb","itemListElement":[{"@type":"ListItem","position":1,"name":"Home","item":"https:\/\/amrtop.net\/"},{"@type":"ListItem","position":2,"name":"Shop","item":"https:\/\/amrtop.net\/negozio\/"},{"@type":"ListItem","position":3,"name":"Motor\u00e9ducteur pour les po\u00eales \u00e0 granul\u00e9s Kausiflam code.A14 00002-001"}]},{"@type":"WebSite","@id":"https:\/\/amrtop.net\/#website","url":"https:\/\/amrtop.net\/","name":"AMRTOP B2B Abroad - Achizi\u021bii rezervate profesioni\u0219tilor","description":"Piese de schimb \u0219i accesorii pentru sobe \u0219i cazane - eCommerce B2B pentru clien\u021bi profesioni\u0219ti","potentialAction":[{"@type":"SearchAction","target":{"@type":"EntryPoint","urlTemplate":"https:\/\/amrtop.net\/?s={search_term_string}"},"query-input":{"@type":"PropertyValueSpecification","valueRequired":true,"valueName":"search_term_string"}}],"inLanguage":"ro-RO"}]}},"_links":{"self":[{"href":"https:\/\/amrtop.net\/ro\/wp-json\/wp\/v2\/product\/17589","targetHints":{"allow":["GET"]}}],"collection":[{"href":"https:\/\/amrtop.net\/ro\/wp-json\/wp\/v2\/product"}],"about":[{"href":"https:\/\/amrtop.net\/ro\/wp-json\/wp\/v2\/types\/product"}],"replies":[{"embeddable":true,"href":"https:\/\/amrtop.net\/ro\/wp-json\/wp\/v2\/comments?post=17589"}],"wp:featuredmedia":[{"embeddable":true,"href":"https:\/\/amrtop.net\/ro\/wp-json\/wp\/v2\/media\/18558"}],"wp:attachment":[{"href":"https:\/\/amrtop.net\/ro\/wp-json\/wp\/v2\/media?parent=17589"}],"wp:term":[{"taxonomy":"product_brand","embeddable":true,"href":"https:\/\/amrtop.net\/ro\/wp-json\/wp\/v2\/product_brand?post=17589"},{"taxonomy":"product_cat","embeddable":true,"href":"https:\/\/amrtop.net\/ro\/wp-json\/wp\/v2\/product_cat?post=17589"},{"taxonomy":"product_tag","embeddable":true,"href":"https:\/\/amrtop.net\/ro\/wp-json\/wp\/v2\/product_tag?post=17589"}],"curies":[{"name":"wp","href":"https:\/\/api.w.org\/{rel}","templated":true}]}}