{"id":17605,"date":"2020-10-01T00:00:00","date_gmt":"2020-10-01T00:00:00","guid":{"rendered":"https:\/\/amrtop.com\/B2B\/?post_type=product&#038;p=17605"},"modified":"2021-11-18T17:05:19","modified_gmt":"2021-11-18T17:05:19","slug":"etrier-support-carte-kausiflam-xuo-7-kwxuo-10-kweto-12-kwcod-ri-00557","status":"publish","type":"product","link":"https:\/\/amrtop.net\/ro\/produit\/etrier-support-carte-kausiflam-xuo-7-kwxuo-10-kweto-12-kwcod-ri-00557\/","title":{"rendered":"Suport pentru card pentru sobe pe pele\u021bi Kausiflam  <br> cod.RI.00557"},"content":{"rendered":"<hr \/>\n<h2>   Suport pentru card pentru sobe pe pele\u021bi Kausiflam<\/h2>\n<p>code. RI.00557<\/p>\n<p> Pour les mod\u00e8le: XUO 7 kw, Xuo 10 Kw, Eto 12 kw<\/p>\n<hr \/>\n<p>On \u00e0  disponibles en stock une gamme, d\u2019accessoires et de pi\u00e8ces de rechange et de composants de premi\u00e8re n\u00e9cessit\u00e9 pour tous les po\u00eales et chaudi\u00e8res \u00e0 pellets pr\u00e9sents sur le march\u00e9.<br \/>\nAmrtop ofer\u0103 piese exterioare estetice, t\u00e2mpl\u0103rie \u0219i sticl\u0103 ceramic\u0103, de\u0219i termenele de livrare pot varia de la 30 la 60 de zile lucr\u0103toare.<br \/>\nPersonalul Amrtop care se ocup\u0103 de diferitele probleme a fost instruit cu aten\u021bie pentru a v\u0103 ajuta s\u0103 identifica\u021bi orice piese de schimb care trebuie \u00eenlocuite \u0219i ofer\u0103 asisten\u021b\u0103 telefonic\u0103 \u00een francez\u0103, englez\u0103, rom\u00e2n\u0103 \u0219i italian\u0103.<br \/>\nV\u0103 rug\u0103m s\u0103 nu ezita\u021bi s\u0103 ne contacta\u021bi pentru informa\u021bii suplimentare.<\/p>","protected":false},"excerpt":{"rendered":"<p>Etrier de support carte pour les po\u00eales \u00e0 granul\u00e9s Kausiflam code. RI.00557 Pour les mod\u00e8le: XUO 7 kw, Xuo 10 Kw, Eto 12 kw On \u00e0 disponibles en stock une gamme, d\u2019accessoires et de pi\u00e8ces de rechange et de composants de premi\u00e8re n\u00e9cessit\u00e9 pour tous les po\u00eales et chaudi\u00e8res \u00e0 pellets pr\u00e9sents sur le march\u00e9. [&hellip;]<\/p>\n","protected":false},"featured_media":19573,"comment_status":"open","ping_status":"closed","template":"","meta":[],"product_brand":[],"product_cat":[1254,1232,940,1256,1257],"product_tag":[1345],"class_list":{"0":"post-17605","1":"product","2":"type-product","3":"status-publish","4":"has-post-thumbnail","6":"product_cat-eto-12-kw","7":"product_cat-kausiflam","8":"product_cat-pieces-detachees-specifiques-par-marque","9":"product_cat-xuo-10-kw-kausiflam","10":"product_cat-xuo-7-kw-kausiflam","11":"product_tag-kausiflam","12":"product_shipping_class-classe-di-spedizione-01","14":"first","15":"instock","16":"shipping-taxable","17":"purchasable","18":"product-type-simple"},"yoast_head":"<!-- This site is optimized with the Yoast SEO plugin v27.5 - https:\/\/yoast.com\/product\/yoast-seo-wordpress\/ -->\n<title>Etrier de support carte pour les po\u00eales \u00e0 granul\u00e9s Kausiflam  code.RI.00557 - AMRTOP B2B \u00c9tranger - Achats r\u00e9serv\u00e9s au professionnel<\/title>\n<meta name=\"robots\" content=\"index, follow, max-snippet:-1, max-image-preview:large, max-video-preview:-1\" \/>\n<link rel=\"canonical\" href=\"https:\/\/amrtop.net\/ro\/produs\/etrier-support-carte-kausiflam-xuo-7-kwxuo-10-kweto-12-kwcod-ri-00557\/\" \/>\n<meta property=\"og:locale\" content=\"ro_RO\" \/>\n<meta property=\"og:type\" content=\"article\" \/>\n<meta property=\"og:title\" content=\"Etrier de support carte pour les po\u00eales \u00e0 granul\u00e9s Kausiflam  code.RI.00557 - AMRTOP B2B \u00c9tranger - Achats r\u00e9serv\u00e9s au professionnel\" \/>\n<meta property=\"og:description\" content=\"Etrier de support carte pour les po\u00eales \u00e0 granul\u00e9s Kausiflam code. RI.00557 Pour les mod\u00e8le: XUO 7 kw, Xuo 10 Kw, Eto 12 kw On \u00e0 disponibles en stock une gamme, d\u2019accessoires et de pi\u00e8ces de rechange et de composants de premi\u00e8re n\u00e9cessit\u00e9 pour tous les po\u00eales et chaudi\u00e8res \u00e0 pellets pr\u00e9sents sur le march\u00e9. [&hellip;]\" \/>\n<meta property=\"og:url\" content=\"https:\/\/amrtop.net\/ro\/produs\/etrier-support-carte-kausiflam-xuo-7-kwxuo-10-kweto-12-kwcod-ri-00557\/\" \/>\n<meta property=\"og:site_name\" content=\"AMRTOP B2B \u00c9tranger - Achats r\u00e9serv\u00e9s au professionnel\" \/>\n<meta property=\"article:modified_time\" content=\"2021-11-18T17:05:19+00:00\" \/>\n<meta property=\"og:image\" content=\"https:\/\/amrtop.net\/wp-content\/uploads\/2021\/11\/KAUSIFLAM-amrtop.jpg\" \/>\n\t<meta property=\"og:image:width\" content=\"960\" \/>\n\t<meta property=\"og:image:height\" content=\"960\" \/>\n\t<meta property=\"og:image:type\" content=\"image\/jpeg\" \/>\n<meta name=\"twitter:card\" content=\"summary_large_image\" \/>\n<meta name=\"twitter:label1\" content=\"Timp estimat pentru citire\" \/>\n\t<meta name=\"twitter:data1\" content=\"1 minut\" \/>\n<script type=\"application\/ld+json\" class=\"yoast-schema-graph\">{\"@context\":\"https:\\\/\\\/schema.org\",\"@graph\":[{\"@type\":\"WebPage\",\"@id\":\"https:\\\/\\\/amrtop.net\\\/produit\\\/etrier-support-carte-kausiflam-xuo-7-kwxuo-10-kweto-12-kwcod-ri-00557\\\/\",\"url\":\"https:\\\/\\\/amrtop.net\\\/produit\\\/etrier-support-carte-kausiflam-xuo-7-kwxuo-10-kweto-12-kwcod-ri-00557\\\/\",\"name\":\"Etrier de support carte pour les po\u00eales \u00e0 granul\u00e9s Kausiflam code.RI.00557 - AMRTOP B2B \u00c9tranger - Achats r\u00e9serv\u00e9s au professionnel\",\"isPartOf\":{\"@id\":\"https:\\\/\\\/amrtop.net\\\/#website\"},\"primaryImageOfPage\":{\"@id\":\"https:\\\/\\\/amrtop.net\\\/produit\\\/etrier-support-carte-kausiflam-xuo-7-kwxuo-10-kweto-12-kwcod-ri-00557\\\/#primaryimage\"},\"image\":{\"@id\":\"https:\\\/\\\/amrtop.net\\\/produit\\\/etrier-support-carte-kausiflam-xuo-7-kwxuo-10-kweto-12-kwcod-ri-00557\\\/#primaryimage\"},\"thumbnailUrl\":\"https:\\\/\\\/amrtop.net\\\/wp-content\\\/uploads\\\/2021\\\/11\\\/KAUSIFLAM-amrtop.jpg\",\"datePublished\":\"2020-10-01T00:00:00+00:00\",\"dateModified\":\"2021-11-18T17:05:19+00:00\",\"breadcrumb\":{\"@id\":\"https:\\\/\\\/amrtop.net\\\/produit\\\/etrier-support-carte-kausiflam-xuo-7-kwxuo-10-kweto-12-kwcod-ri-00557\\\/#breadcrumb\"},\"inLanguage\":\"ro-RO\",\"potentialAction\":[{\"@type\":\"ReadAction\",\"target\":[\"https:\\\/\\\/amrtop.net\\\/produit\\\/etrier-support-carte-kausiflam-xuo-7-kwxuo-10-kweto-12-kwcod-ri-00557\\\/\"]}]},{\"@type\":\"ImageObject\",\"inLanguage\":\"ro-RO\",\"@id\":\"https:\\\/\\\/amrtop.net\\\/produit\\\/etrier-support-carte-kausiflam-xuo-7-kwxuo-10-kweto-12-kwcod-ri-00557\\\/#primaryimage\",\"url\":\"https:\\\/\\\/amrtop.net\\\/wp-content\\\/uploads\\\/2021\\\/11\\\/KAUSIFLAM-amrtop.jpg\",\"contentUrl\":\"https:\\\/\\\/amrtop.net\\\/wp-content\\\/uploads\\\/2021\\\/11\\\/KAUSIFLAM-amrtop.jpg\",\"width\":960,\"height\":960},{\"@type\":\"BreadcrumbList\",\"@id\":\"https:\\\/\\\/amrtop.net\\\/produit\\\/etrier-support-carte-kausiflam-xuo-7-kwxuo-10-kweto-12-kwcod-ri-00557\\\/#breadcrumb\",\"itemListElement\":[{\"@type\":\"ListItem\",\"position\":1,\"name\":\"Home\",\"item\":\"https:\\\/\\\/amrtop.net\\\/\"},{\"@type\":\"ListItem\",\"position\":2,\"name\":\"Shop\",\"item\":\"https:\\\/\\\/amrtop.net\\\/negozio\\\/\"},{\"@type\":\"ListItem\",\"position\":3,\"name\":\"Etrier de support carte pour les po\u00eales \u00e0 granul\u00e9s Kausiflam code.RI.00557\"}]},{\"@type\":\"WebSite\",\"@id\":\"https:\\\/\\\/amrtop.net\\\/#website\",\"url\":\"https:\\\/\\\/amrtop.net\\\/\",\"name\":\"AMRTOP B2B \u00c9tranger - Achats r\u00e9serv\u00e9s au professionnel\",\"description\":\"Pi\u00e8ces de rechange et accessoires pour po\u00eales et chaudi\u00e8res - eCommerce B2B pour Clients Professionnels\",\"potentialAction\":[{\"@type\":\"SearchAction\",\"target\":{\"@type\":\"EntryPoint\",\"urlTemplate\":\"https:\\\/\\\/amrtop.net\\\/?s={search_term_string}\"},\"query-input\":{\"@type\":\"PropertyValueSpecification\",\"valueRequired\":true,\"valueName\":\"search_term_string\"}}],\"inLanguage\":\"ro-RO\"}]}<\/script>\n<!-- \/ Yoast SEO plugin. -->","yoast_head_json":{"title":"Etrier de support carte pour les po\u00eales \u00e0 granul\u00e9s Kausiflam  code.RI.00557 - AMRTOP B2B \u00c9tranger - Achats r\u00e9serv\u00e9s au professionnel","robots":{"index":"index","follow":"follow","max-snippet":"max-snippet:-1","max-image-preview":"max-image-preview:large","max-video-preview":"max-video-preview:-1"},"canonical":"https:\/\/amrtop.net\/ro\/produs\/etrier-support-carte-kausiflam-xuo-7-kwxuo-10-kweto-12-kwcod-ri-00557\/","og_locale":"ro_RO","og_type":"article","og_title":"Etrier de support carte pour les po\u00eales \u00e0 granul\u00e9s Kausiflam  code.RI.00557 - AMRTOP B2B \u00c9tranger - Achats r\u00e9serv\u00e9s au professionnel","og_description":"Etrier de support carte pour les po\u00eales \u00e0 granul\u00e9s Kausiflam code. RI.00557 Pour les mod\u00e8le: XUO 7 kw, Xuo 10 Kw, Eto 12 kw On \u00e0 disponibles en stock une gamme, d\u2019accessoires et de pi\u00e8ces de rechange et de composants de premi\u00e8re n\u00e9cessit\u00e9 pour tous les po\u00eales et chaudi\u00e8res \u00e0 pellets pr\u00e9sents sur le march\u00e9. [&hellip;]","og_url":"https:\/\/amrtop.net\/ro\/produs\/etrier-support-carte-kausiflam-xuo-7-kwxuo-10-kweto-12-kwcod-ri-00557\/","og_site_name":"AMRTOP B2B \u00c9tranger - Achats r\u00e9serv\u00e9s au professionnel","article_modified_time":"2021-11-18T17:05:19+00:00","og_image":[{"width":960,"height":960,"url":"https:\/\/amrtop.net\/wp-content\/uploads\/2021\/11\/KAUSIFLAM-amrtop.jpg","type":"image\/jpeg"}],"twitter_card":"summary_large_image","twitter_misc":{"Timp estimat pentru citire":"1 minut"},"schema":{"@context":"https:\/\/schema.org","@graph":[{"@type":"WebPage","@id":"https:\/\/amrtop.net\/produit\/etrier-support-carte-kausiflam-xuo-7-kwxuo-10-kweto-12-kwcod-ri-00557\/","url":"https:\/\/amrtop.net\/produit\/etrier-support-carte-kausiflam-xuo-7-kwxuo-10-kweto-12-kwcod-ri-00557\/","name":"Etrier de support carte pour les po\u00eales \u00e0 granul\u00e9s Kausiflam code.RI.00557 - AMRTOP B2B \u00c9tranger - Achats r\u00e9serv\u00e9s au professionnel","isPartOf":{"@id":"https:\/\/amrtop.net\/#website"},"primaryImageOfPage":{"@id":"https:\/\/amrtop.net\/produit\/etrier-support-carte-kausiflam-xuo-7-kwxuo-10-kweto-12-kwcod-ri-00557\/#primaryimage"},"image":{"@id":"https:\/\/amrtop.net\/produit\/etrier-support-carte-kausiflam-xuo-7-kwxuo-10-kweto-12-kwcod-ri-00557\/#primaryimage"},"thumbnailUrl":"https:\/\/amrtop.net\/wp-content\/uploads\/2021\/11\/KAUSIFLAM-amrtop.jpg","datePublished":"2020-10-01T00:00:00+00:00","dateModified":"2021-11-18T17:05:19+00:00","breadcrumb":{"@id":"https:\/\/amrtop.net\/produit\/etrier-support-carte-kausiflam-xuo-7-kwxuo-10-kweto-12-kwcod-ri-00557\/#breadcrumb"},"inLanguage":"ro-RO","potentialAction":[{"@type":"ReadAction","target":["https:\/\/amrtop.net\/produit\/etrier-support-carte-kausiflam-xuo-7-kwxuo-10-kweto-12-kwcod-ri-00557\/"]}]},{"@type":"ImageObject","inLanguage":"ro-RO","@id":"https:\/\/amrtop.net\/produit\/etrier-support-carte-kausiflam-xuo-7-kwxuo-10-kweto-12-kwcod-ri-00557\/#primaryimage","url":"https:\/\/amrtop.net\/wp-content\/uploads\/2021\/11\/KAUSIFLAM-amrtop.jpg","contentUrl":"https:\/\/amrtop.net\/wp-content\/uploads\/2021\/11\/KAUSIFLAM-amrtop.jpg","width":960,"height":960},{"@type":"BreadcrumbList","@id":"https:\/\/amrtop.net\/produit\/etrier-support-carte-kausiflam-xuo-7-kwxuo-10-kweto-12-kwcod-ri-00557\/#breadcrumb","itemListElement":[{"@type":"ListItem","position":1,"name":"Home","item":"https:\/\/amrtop.net\/"},{"@type":"ListItem","position":2,"name":"Shop","item":"https:\/\/amrtop.net\/negozio\/"},{"@type":"ListItem","position":3,"name":"Etrier de support carte pour les po\u00eales \u00e0 granul\u00e9s Kausiflam code.RI.00557"}]},{"@type":"WebSite","@id":"https:\/\/amrtop.net\/#website","url":"https:\/\/amrtop.net\/","name":"AMRTOP B2B Abroad - Achizi\u021bii rezervate profesioni\u0219tilor","description":"Piese de schimb \u0219i accesorii pentru sobe \u0219i cazane - eCommerce B2B pentru clien\u021bi profesioni\u0219ti","potentialAction":[{"@type":"SearchAction","target":{"@type":"EntryPoint","urlTemplate":"https:\/\/amrtop.net\/?s={search_term_string}"},"query-input":{"@type":"PropertyValueSpecification","valueRequired":true,"valueName":"search_term_string"}}],"inLanguage":"ro-RO"}]}},"_links":{"self":[{"href":"https:\/\/amrtop.net\/ro\/wp-json\/wp\/v2\/product\/17605","targetHints":{"allow":["GET"]}}],"collection":[{"href":"https:\/\/amrtop.net\/ro\/wp-json\/wp\/v2\/product"}],"about":[{"href":"https:\/\/amrtop.net\/ro\/wp-json\/wp\/v2\/types\/product"}],"replies":[{"embeddable":true,"href":"https:\/\/amrtop.net\/ro\/wp-json\/wp\/v2\/comments?post=17605"}],"wp:featuredmedia":[{"embeddable":true,"href":"https:\/\/amrtop.net\/ro\/wp-json\/wp\/v2\/media\/19573"}],"wp:attachment":[{"href":"https:\/\/amrtop.net\/ro\/wp-json\/wp\/v2\/media?parent=17605"}],"wp:term":[{"taxonomy":"product_brand","embeddable":true,"href":"https:\/\/amrtop.net\/ro\/wp-json\/wp\/v2\/product_brand?post=17605"},{"taxonomy":"product_cat","embeddable":true,"href":"https:\/\/amrtop.net\/ro\/wp-json\/wp\/v2\/product_cat?post=17605"},{"taxonomy":"product_tag","embeddable":true,"href":"https:\/\/amrtop.net\/ro\/wp-json\/wp\/v2\/product_tag?post=17605"}],"curies":[{"name":"wp","href":"https:\/\/api.w.org\/{rel}","templated":true}]}}