{"id":17637,"date":"2020-10-01T00:00:00","date_gmt":"2020-10-01T00:00:00","guid":{"rendered":"https:\/\/amrtop.com\/B2B\/?post_type=product&#038;p=17637"},"modified":"2021-11-18T17:05:37","modified_gmt":"2021-11-18T17:05:37","slug":"sigiliu-pentru-usa-kausiflam-xuo-7-kwxuo-10-kweto-12-kweto-14-kwastro-10-kwanatheoelaraxuo-luxxuo-ecostonethyaestianeptoxia-lxia-sinui-spbrcod-ri-00144","status":"publish","type":"product","link":"https:\/\/amrtop.net\/ro\/produit\/joint-porte-kausiflam-xuo-7-kwxuo-10-kweto-12-kweto-14-kwastro-10-kwanatheoelaraxuo-luxxuo-ecostonethyaestianeptoxia-lxia-sinui-spbrcod-ri-00144\/","title":{"rendered":"Garnitur\u0103 de u\u0219\u0103 pentru sobe pe pele\u021bi Kausiflam <br> cod.RI.00144"},"content":{"rendered":"<hr \/>\n<h2>   Garnitur\u0103 de u\u0219\u0103 pentru sobe pe pele\u021bi Kausiflam<\/h2>\n<p>cod. RI.00144<\/p>\n<p>Pentru modelele de sobe pe pele\u021bi Kausiflam: Xuo 7 Kw, Xuo 10 kw, Eto 12 kw, Eto 14 kw, Astro 10 kw, Ana, Theo, Elara, Xuo Lux, Xuo Eco, Stone, Thya, Estia, Nepto, Xia L, Xia S, Inui SP<\/p>\n<hr \/>\n<p>Panglicile adezive, fr\u00e2nghiile \u0219i garniturile de fereastr\u0103 Amrtop sunt fabricate din \u021bes\u0103tur\u0103 tricotat\u0103 \u0219i, prin urmare, sunt foarte moi \u0219i flexibile, adapt\u00e2ndu-se perfect la suprafe\u021bele neregulate \u0219i la curbele diferitelor scaune \u00een care urmeaz\u0103 s\u0103 fie montate. De asemenea, acestea pot fi realizate cu o fant\u0103 central\u0103 \u0219i cu adeziv dublu pe o parte.<br \/>\nPutem furniza o gam\u0103 larg\u0103 de accesorii, piese de schimb \u0219i componente pentru toate sobele \u0219i cazanele pe pele\u021bi de pe pia\u021b\u0103.<br \/>\nVe\u021bi g\u0103si toate piesele de care ave\u021bi nevoie \u00een stoc pe site-ul nostru de comer\u021b electronic.<br \/>\nV\u0103 putem furniza piesele exterioare estetice \u0219i t\u00e2mpl\u0103ria, \u021bin\u00e2nd cont de faptul c\u0103 termenele de livrare pot varia \u00eentre 30 \u0219i 60 de zile lucr\u0103toare.<br \/>\nPersonalul Amrtop a fost instruit cu aten\u021bie pentru a v\u0103 ajuta s\u0103 identifica\u021bi piesele de schimb care trebuie \u00eenlocuite \u0219i v\u0103 poate oferi asisten\u021b\u0103 telefonic\u0103 \u00een limbile francez\u0103, englez\u0103, rom\u00e2n\u0103 \u0219i italian\u0103.<br \/>\nV\u0103 rug\u0103m s\u0103 nu ezita\u021bi s\u0103 ne contacta\u021bi pentru orice informa\u021bii suplimentare.<\/p>","protected":false},"excerpt":{"rendered":"<p>Joint porte pour les po\u00eales \u00e0 granul\u00e9s Kausiflam code. RI.00144 Pour les mod\u00e8les des po\u00eales \u00e0 granul\u00e9s Kausiflam: Xuo 7 Kw, Xuo 10 kw, Eto 12 kw, Eto 14 kw, Astro 10 kw, Ana, Theo, Elara, Xuo Lux, Xuo Eco, Stone, Thya, Estia, Nepto, Xia L, Xia S, Inui SP Les tresses,corde ou joint plat [&hellip;]<\/p>\n","protected":false},"featured_media":19580,"comment_status":"open","ping_status":"closed","template":"","meta":[],"product_brand":[],"product_cat":[1266,1253,1258,1259,1254,1255,1277,1232,1261,940,1262,1270,1263,1278,1279,1256,1257,1264,1265],"product_tag":[1345],"class_list":{"0":"post-17637","1":"product","2":"type-product","3":"status-publish","4":"has-post-thumbnail","6":"product_cat-ana","7":"product_cat-astro-10-kw","8":"product_cat-elara","9":"product_cat-estia","10":"product_cat-eto-12-kw","11":"product_cat-eto-14-kw","12":"product_cat-inui-sp-kausiflam","13":"product_cat-kausiflam","14":"product_cat-nepto-kausiflam","15":"product_cat-pieces-detachees-specifiques-par-marque","16":"product_cat-stone-kausiflam","17":"product_cat-theo-kausiflam","18":"product_cat-thya-kausiflam","19":"product_cat-xia-l-kausiflam","20":"product_cat-xia-s-kausiflam","21":"product_cat-xuo-10-kw-kausiflam","22":"product_cat-xuo-7-kw-kausiflam","23":"product_cat-xuo-eco-kausiflam","24":"product_cat-xuo-lux-kausiflam","25":"product_tag-kausiflam","26":"product_shipping_class-classe-di-spedizione-01","28":"first","29":"instock","30":"shipping-taxable","31":"purchasable","32":"product-type-simple"},"yoast_head":"<!-- This site is optimized with the Yoast SEO plugin v27.4 - https:\/\/yoast.com\/product\/yoast-seo-wordpress\/ -->\n<title>Joint porte pour les po\u00eales \u00e0 granul\u00e9s Kausiflam - AMRTOP B2B \u00c9tranger - Achats r\u00e9serv\u00e9s au professionnel<\/title>\n<meta name=\"description\" content=\"Les tresses,corde ou joint de porte foyer et plat adh\u00e9sif pour vitre pour touts les mod\u00e8les des po\u00eales \u00e0 granul\u00e9s Kausiflam.\" \/>\n<meta name=\"robots\" content=\"index, follow, max-snippet:-1, max-image-preview:large, max-video-preview:-1\" \/>\n<link rel=\"canonical\" href=\"https:\/\/amrtop.net\/ro\/produs\/sigiliu-pentru-usa-kausiflam-xuo-7-kwxuo-10-kweto-12-kweto-14-kwastro-10-kwanatheoelaraxuo-luxxuo-ecostonethyaestianeptoxia-lxia-sinui-spbrcod-ri-00144\/\" \/>\n<meta property=\"og:locale\" content=\"ro_RO\" \/>\n<meta property=\"og:type\" content=\"article\" \/>\n<meta property=\"og:title\" content=\"Joint porte pour les po\u00eales \u00e0 granul\u00e9s Kausiflam - AMRTOP B2B \u00c9tranger - Achats r\u00e9serv\u00e9s au professionnel\" \/>\n<meta property=\"og:description\" content=\"Les tresses,corde ou joint de porte foyer et plat adh\u00e9sif pour vitre pour touts les mod\u00e8les des po\u00eales \u00e0 granul\u00e9s Kausiflam.\" \/>\n<meta property=\"og:url\" content=\"https:\/\/amrtop.net\/ro\/produs\/sigiliu-pentru-usa-kausiflam-xuo-7-kwxuo-10-kweto-12-kweto-14-kwastro-10-kwanatheoelaraxuo-luxxuo-ecostonethyaestianeptoxia-lxia-sinui-spbrcod-ri-00144\/\" \/>\n<meta property=\"og:site_name\" content=\"AMRTOP B2B \u00c9tranger - Achats r\u00e9serv\u00e9s au professionnel\" \/>\n<meta property=\"article:modified_time\" content=\"2021-11-18T17:05:37+00:00\" \/>\n<meta property=\"og:image\" content=\"https:\/\/amrtop.net\/wp-content\/uploads\/2021\/11\/w-SITO-NASTRI-10-3.jpg\" \/>\n\t<meta property=\"og:image:width\" content=\"640\" \/>\n\t<meta property=\"og:image:height\" content=\"640\" \/>\n\t<meta property=\"og:image:type\" content=\"image\/jpeg\" \/>\n<meta name=\"twitter:card\" content=\"summary_large_image\" \/>\n<meta name=\"twitter:label1\" content=\"Timp estimat pentru citire\" \/>\n\t<meta name=\"twitter:data1\" content=\"1 minut\" \/>\n<script type=\"application\/ld+json\" class=\"yoast-schema-graph\">{\"@context\":\"https:\\\/\\\/schema.org\",\"@graph\":[{\"@type\":\"WebPage\",\"@id\":\"https:\\\/\\\/amrtop.net\\\/produit\\\/joint-porte-kausiflam-xuo-7-kwxuo-10-kweto-12-kweto-14-kwastro-10-kwanatheoelaraxuo-luxxuo-ecostonethyaestianeptoxia-lxia-sinui-spbrcod-ri-00144\\\/\",\"url\":\"https:\\\/\\\/amrtop.net\\\/produit\\\/joint-porte-kausiflam-xuo-7-kwxuo-10-kweto-12-kweto-14-kwastro-10-kwanatheoelaraxuo-luxxuo-ecostonethyaestianeptoxia-lxia-sinui-spbrcod-ri-00144\\\/\",\"name\":\"Joint porte pour les po\u00eales \u00e0 granul\u00e9s Kausiflam - AMRTOP B2B \u00c9tranger - Achats r\u00e9serv\u00e9s au professionnel\",\"isPartOf\":{\"@id\":\"https:\\\/\\\/amrtop.net\\\/#website\"},\"primaryImageOfPage\":{\"@id\":\"https:\\\/\\\/amrtop.net\\\/produit\\\/joint-porte-kausiflam-xuo-7-kwxuo-10-kweto-12-kweto-14-kwastro-10-kwanatheoelaraxuo-luxxuo-ecostonethyaestianeptoxia-lxia-sinui-spbrcod-ri-00144\\\/#primaryimage\"},\"image\":{\"@id\":\"https:\\\/\\\/amrtop.net\\\/produit\\\/joint-porte-kausiflam-xuo-7-kwxuo-10-kweto-12-kweto-14-kwastro-10-kwanatheoelaraxuo-luxxuo-ecostonethyaestianeptoxia-lxia-sinui-spbrcod-ri-00144\\\/#primaryimage\"},\"thumbnailUrl\":\"https:\\\/\\\/amrtop.net\\\/wp-content\\\/uploads\\\/2021\\\/11\\\/w-SITO-NASTRI-10-3.jpg\",\"datePublished\":\"2020-10-01T00:00:00+00:00\",\"dateModified\":\"2021-11-18T17:05:37+00:00\",\"description\":\"Les tresses,corde ou joint de porte foyer et plat adh\u00e9sif pour vitre pour touts les mod\u00e8les des po\u00eales \u00e0 granul\u00e9s Kausiflam.\",\"breadcrumb\":{\"@id\":\"https:\\\/\\\/amrtop.net\\\/produit\\\/joint-porte-kausiflam-xuo-7-kwxuo-10-kweto-12-kweto-14-kwastro-10-kwanatheoelaraxuo-luxxuo-ecostonethyaestianeptoxia-lxia-sinui-spbrcod-ri-00144\\\/#breadcrumb\"},\"inLanguage\":\"ro-RO\",\"potentialAction\":[{\"@type\":\"ReadAction\",\"target\":[\"https:\\\/\\\/amrtop.net\\\/produit\\\/joint-porte-kausiflam-xuo-7-kwxuo-10-kweto-12-kweto-14-kwastro-10-kwanatheoelaraxuo-luxxuo-ecostonethyaestianeptoxia-lxia-sinui-spbrcod-ri-00144\\\/\"]}]},{\"@type\":\"ImageObject\",\"inLanguage\":\"ro-RO\",\"@id\":\"https:\\\/\\\/amrtop.net\\\/produit\\\/joint-porte-kausiflam-xuo-7-kwxuo-10-kweto-12-kweto-14-kwastro-10-kwanatheoelaraxuo-luxxuo-ecostonethyaestianeptoxia-lxia-sinui-spbrcod-ri-00144\\\/#primaryimage\",\"url\":\"https:\\\/\\\/amrtop.net\\\/wp-content\\\/uploads\\\/2021\\\/11\\\/w-SITO-NASTRI-10-3.jpg\",\"contentUrl\":\"https:\\\/\\\/amrtop.net\\\/wp-content\\\/uploads\\\/2021\\\/11\\\/w-SITO-NASTRI-10-3.jpg\",\"width\":640,\"height\":640,\"caption\":\"Joint porte pour les po\u00eales \u00e0 granul\u00e9s Kausiflam\"},{\"@type\":\"BreadcrumbList\",\"@id\":\"https:\\\/\\\/amrtop.net\\\/produit\\\/joint-porte-kausiflam-xuo-7-kwxuo-10-kweto-12-kweto-14-kwastro-10-kwanatheoelaraxuo-luxxuo-ecostonethyaestianeptoxia-lxia-sinui-spbrcod-ri-00144\\\/#breadcrumb\",\"itemListElement\":[{\"@type\":\"ListItem\",\"position\":1,\"name\":\"Home\",\"item\":\"https:\\\/\\\/amrtop.net\\\/\"},{\"@type\":\"ListItem\",\"position\":2,\"name\":\"Shop\",\"item\":\"https:\\\/\\\/amrtop.net\\\/negozio\\\/\"},{\"@type\":\"ListItem\",\"position\":3,\"name\":\"Joint porte pour les po\u00eales \u00e0 granul\u00e9s Kausiflam code.RI.00144\"}]},{\"@type\":\"WebSite\",\"@id\":\"https:\\\/\\\/amrtop.net\\\/#website\",\"url\":\"https:\\\/\\\/amrtop.net\\\/\",\"name\":\"AMRTOP B2B \u00c9tranger - Achats r\u00e9serv\u00e9s au professionnel\",\"description\":\"Pi\u00e8ces de rechange et accessoires pour po\u00eales et chaudi\u00e8res - eCommerce B2B pour Clients Professionnels\",\"potentialAction\":[{\"@type\":\"SearchAction\",\"target\":{\"@type\":\"EntryPoint\",\"urlTemplate\":\"https:\\\/\\\/amrtop.net\\\/?s={search_term_string}\"},\"query-input\":{\"@type\":\"PropertyValueSpecification\",\"valueRequired\":true,\"valueName\":\"search_term_string\"}}],\"inLanguage\":\"ro-RO\"}]}<\/script>\n<!-- \/ Yoast SEO plugin. -->","yoast_head_json":{"title":"Garnitur\u0103 de u\u0219\u0103 pentru sobe pe pele\u021bi Kausiflam - AMRTOP B2B \u00c9tranger - Professional purchases only","description":"Trese, fr\u00e2nghie sau garnitur\u0103 pentru u\u0219a focarului \u0219i adeziv pentru sticl\u0103 plat\u0103 pentru toate modelele de sobe pe pele\u021bi Kausiflam.","robots":{"index":"index","follow":"follow","max-snippet":"max-snippet:-1","max-image-preview":"max-image-preview:large","max-video-preview":"max-video-preview:-1"},"canonical":"https:\/\/amrtop.net\/ro\/produs\/sigiliu-pentru-usa-kausiflam-xuo-7-kwxuo-10-kweto-12-kweto-14-kwastro-10-kwanatheoelaraxuo-luxxuo-ecostonethyaestianeptoxia-lxia-sinui-spbrcod-ri-00144\/","og_locale":"ro_RO","og_type":"article","og_title":"Joint porte pour les po\u00eales \u00e0 granul\u00e9s Kausiflam - AMRTOP B2B \u00c9tranger - Achats r\u00e9serv\u00e9s au professionnel","og_description":"Les tresses,corde ou joint de porte foyer et plat adh\u00e9sif pour vitre pour touts les mod\u00e8les des po\u00eales \u00e0 granul\u00e9s Kausiflam.","og_url":"https:\/\/amrtop.net\/ro\/produs\/sigiliu-pentru-usa-kausiflam-xuo-7-kwxuo-10-kweto-12-kweto-14-kwastro-10-kwanatheoelaraxuo-luxxuo-ecostonethyaestianeptoxia-lxia-sinui-spbrcod-ri-00144\/","og_site_name":"AMRTOP B2B \u00c9tranger - Achats r\u00e9serv\u00e9s au professionnel","article_modified_time":"2021-11-18T17:05:37+00:00","og_image":[{"width":640,"height":640,"url":"https:\/\/amrtop.net\/wp-content\/uploads\/2021\/11\/w-SITO-NASTRI-10-3.jpg","type":"image\/jpeg"}],"twitter_card":"summary_large_image","twitter_misc":{"Timp estimat pentru citire":"1 minut"},"schema":{"@context":"https:\/\/schema.org","@graph":[{"@type":"WebPage","@id":"https:\/\/amrtop.net\/produit\/joint-porte-kausiflam-xuo-7-kwxuo-10-kweto-12-kweto-14-kwastro-10-kwanatheoelaraxuo-luxxuo-ecostonethyaestianeptoxia-lxia-sinui-spbrcod-ri-00144\/","url":"https:\/\/amrtop.net\/produit\/joint-porte-kausiflam-xuo-7-kwxuo-10-kweto-12-kweto-14-kwastro-10-kwanatheoelaraxuo-luxxuo-ecostonethyaestianeptoxia-lxia-sinui-spbrcod-ri-00144\/","name":"Garnitur\u0103 de u\u0219\u0103 pentru sobe pe pele\u021bi Kausiflam - AMRTOP B2B \u00c9tranger - Professional purchases only","isPartOf":{"@id":"https:\/\/amrtop.net\/#website"},"primaryImageOfPage":{"@id":"https:\/\/amrtop.net\/produit\/joint-porte-kausiflam-xuo-7-kwxuo-10-kweto-12-kweto-14-kwastro-10-kwanatheoelaraxuo-luxxuo-ecostonethyaestianeptoxia-lxia-sinui-spbrcod-ri-00144\/#primaryimage"},"image":{"@id":"https:\/\/amrtop.net\/produit\/joint-porte-kausiflam-xuo-7-kwxuo-10-kweto-12-kweto-14-kwastro-10-kwanatheoelaraxuo-luxxuo-ecostonethyaestianeptoxia-lxia-sinui-spbrcod-ri-00144\/#primaryimage"},"thumbnailUrl":"https:\/\/amrtop.net\/wp-content\/uploads\/2021\/11\/w-SITO-NASTRI-10-3.jpg","datePublished":"2020-10-01T00:00:00+00:00","dateModified":"2021-11-18T17:05:37+00:00","description":"Trese, fr\u00e2nghie sau garnitur\u0103 pentru u\u0219a focarului \u0219i adeziv pentru sticl\u0103 plat\u0103 pentru toate modelele de sobe pe pele\u021bi Kausiflam.","breadcrumb":{"@id":"https:\/\/amrtop.net\/produit\/joint-porte-kausiflam-xuo-7-kwxuo-10-kweto-12-kweto-14-kwastro-10-kwanatheoelaraxuo-luxxuo-ecostonethyaestianeptoxia-lxia-sinui-spbrcod-ri-00144\/#breadcrumb"},"inLanguage":"ro-RO","potentialAction":[{"@type":"ReadAction","target":["https:\/\/amrtop.net\/produit\/joint-porte-kausiflam-xuo-7-kwxuo-10-kweto-12-kweto-14-kwastro-10-kwanatheoelaraxuo-luxxuo-ecostonethyaestianeptoxia-lxia-sinui-spbrcod-ri-00144\/"]}]},{"@type":"ImageObject","inLanguage":"ro-RO","@id":"https:\/\/amrtop.net\/produit\/joint-porte-kausiflam-xuo-7-kwxuo-10-kweto-12-kweto-14-kwastro-10-kwanatheoelaraxuo-luxxuo-ecostonethyaestianeptoxia-lxia-sinui-spbrcod-ri-00144\/#primaryimage","url":"https:\/\/amrtop.net\/wp-content\/uploads\/2021\/11\/w-SITO-NASTRI-10-3.jpg","contentUrl":"https:\/\/amrtop.net\/wp-content\/uploads\/2021\/11\/w-SITO-NASTRI-10-3.jpg","width":640,"height":640,"caption":"Joint porte pour les po\u00eales \u00e0 granul\u00e9s Kausiflam"},{"@type":"BreadcrumbList","@id":"https:\/\/amrtop.net\/produit\/joint-porte-kausiflam-xuo-7-kwxuo-10-kweto-12-kweto-14-kwastro-10-kwanatheoelaraxuo-luxxuo-ecostonethyaestianeptoxia-lxia-sinui-spbrcod-ri-00144\/#breadcrumb","itemListElement":[{"@type":"ListItem","position":1,"name":"Home","item":"https:\/\/amrtop.net\/"},{"@type":"ListItem","position":2,"name":"Shop","item":"https:\/\/amrtop.net\/negozio\/"},{"@type":"ListItem","position":3,"name":"Joint porte pour les po\u00eales \u00e0 granul\u00e9s Kausiflam code.RI.00144"}]},{"@type":"WebSite","@id":"https:\/\/amrtop.net\/#website","url":"https:\/\/amrtop.net\/","name":"AMRTOP B2B Abroad - Achizi\u021bii rezervate profesioni\u0219tilor","description":"Piese de schimb \u0219i accesorii pentru sobe \u0219i cazane - eCommerce B2B pentru clien\u021bi profesioni\u0219ti","potentialAction":[{"@type":"SearchAction","target":{"@type":"EntryPoint","urlTemplate":"https:\/\/amrtop.net\/?s={search_term_string}"},"query-input":{"@type":"PropertyValueSpecification","valueRequired":true,"valueName":"search_term_string"}}],"inLanguage":"ro-RO"}]}},"_links":{"self":[{"href":"https:\/\/amrtop.net\/ro\/wp-json\/wp\/v2\/product\/17637","targetHints":{"allow":["GET"]}}],"collection":[{"href":"https:\/\/amrtop.net\/ro\/wp-json\/wp\/v2\/product"}],"about":[{"href":"https:\/\/amrtop.net\/ro\/wp-json\/wp\/v2\/types\/product"}],"replies":[{"embeddable":true,"href":"https:\/\/amrtop.net\/ro\/wp-json\/wp\/v2\/comments?post=17637"}],"wp:featuredmedia":[{"embeddable":true,"href":"https:\/\/amrtop.net\/ro\/wp-json\/wp\/v2\/media\/19580"}],"wp:attachment":[{"href":"https:\/\/amrtop.net\/ro\/wp-json\/wp\/v2\/media?parent=17637"}],"wp:term":[{"taxonomy":"product_brand","embeddable":true,"href":"https:\/\/amrtop.net\/ro\/wp-json\/wp\/v2\/product_brand?post=17637"},{"taxonomy":"product_cat","embeddable":true,"href":"https:\/\/amrtop.net\/ro\/wp-json\/wp\/v2\/product_cat?post=17637"},{"taxonomy":"product_tag","embeddable":true,"href":"https:\/\/amrtop.net\/ro\/wp-json\/wp\/v2\/product_tag?post=17637"}],"curies":[{"name":"wp","href":"https:\/\/api.w.org\/{rel}","templated":true}]}}