{"id":17640,"date":"2020-10-01T00:00:00","date_gmt":"2020-10-01T00:00:00","guid":{"rendered":"https:\/\/amrtop.com\/B2B\/?post_type=product&#038;p=17640"},"modified":"2021-11-18T17:05:39","modified_gmt":"2021-11-18T17:05:39","slug":"cablage-carte-n100-kausiflam-xuo-7-kwxuo-10-kwnovaopalejazzterra-villaelaraxuo-luxxuo-ecostoneterra-ecothyaestianeptocod-ri-01716","status":"publish","type":"product","link":"https:\/\/amrtop.net\/ro\/produit\/cablage-carte-n100-kausiflam-xuo-7-kwxuo-10-kwnovaopalejazzterra-villaelaraxuo-luxxuo-ecostoneterra-ecothyaestianeptocod-ri-01716\/","title":{"rendered":"Cablare cu card N100 pentru sobe pe pele\u021bi Kausiflam <br> cod.RI.01716"},"content":{"rendered":"<hr \/>\n<h2> Cablare cu card N100 pentru sobe pe pele\u021bi Kausiflam<\/h2>\n<p>code. RI.01716<\/p>\n<p> Pour les mod\u00e8les des po\u00eales \u00e0 granul\u00e9s Kausiflam: Xuo 7 Kw, Xuo 10 kw, Nova, Opale, Jazz, Terra Villa, Elara, Xuo Lux, Xuo Eco, Stone, Terra Eco,Thya, Estia, Nepto<\/p>","protected":false},"excerpt":{"rendered":"<p>C\u00e2blage carte N100 pour les po\u00eales \u00e0 granul\u00e9s Kausiflam code. RI.01716 Pour les mod\u00e8les des po\u00eales \u00e0 granul\u00e9s Kausiflam: Xuo 7 Kw, Xuo 10 kw, Nova, Opale, Jazz, Terra Villa, Elara, Xuo Lux, Xuo Eco, Stone, Terra Eco,Thya, Estia, Nepto<\/p>","protected":false},"featured_media":19573,"comment_status":"open","ping_status":"closed","template":"","meta":[],"product_brand":[],"product_cat":[1258,1259,1267,1232,1261,1268,1269,940,1262,1275,1263,1256,1257,1264,1265],"product_tag":[1345],"class_list":{"0":"post-17640","1":"product","2":"type-product","3":"status-publish","4":"has-post-thumbnail","6":"product_cat-elara","7":"product_cat-estia","8":"product_cat-jazz-kausiflam","9":"product_cat-kausiflam","10":"product_cat-nepto-kausiflam","11":"product_cat-nova-kausiflam","12":"product_cat-opale-kausiflam","13":"product_cat-pieces-detachees-specifiques-par-marque","14":"product_cat-stone-kausiflam","15":"product_cat-terra-villa-kausiflam","16":"product_cat-thya-kausiflam","17":"product_cat-xuo-10-kw-kausiflam","18":"product_cat-xuo-7-kw-kausiflam","19":"product_cat-xuo-eco-kausiflam","20":"product_cat-xuo-lux-kausiflam","21":"product_tag-kausiflam","22":"product_shipping_class-classe-di-spedizione-01","24":"first","25":"instock","26":"shipping-taxable","27":"purchasable","28":"product-type-simple"},"yoast_head":"<!-- This site is optimized with the Yoast SEO plugin v27.5 - https:\/\/yoast.com\/product\/yoast-seo-wordpress\/ -->\n<title>C\u00e2blage carte N100 pour les po\u00eales \u00e0 granul\u00e9s Kausiflam  code.RI.01716 - AMRTOP B2B \u00c9tranger - Achats r\u00e9serv\u00e9s au professionnel<\/title>\n<meta name=\"robots\" content=\"index, follow, max-snippet:-1, max-image-preview:large, max-video-preview:-1\" \/>\n<link rel=\"canonical\" href=\"https:\/\/amrtop.net\/ro\/produs\/cablage-carte-n100-kausiflam-xuo-7-kwxuo-10-kwnovaopalejazzterra-villaelaraxuo-luxxuo-ecostoneterra-ecothyaestianeptocod-ri-01716\/\" \/>\n<meta property=\"og:locale\" content=\"ro_RO\" \/>\n<meta property=\"og:type\" content=\"article\" \/>\n<meta property=\"og:title\" content=\"C\u00e2blage carte N100 pour les po\u00eales \u00e0 granul\u00e9s Kausiflam  code.RI.01716 - AMRTOP B2B \u00c9tranger - Achats r\u00e9serv\u00e9s au professionnel\" \/>\n<meta property=\"og:description\" content=\"C\u00e2blage carte N100 pour les po\u00eales \u00e0 granul\u00e9s Kausiflam code. RI.01716 Pour les mod\u00e8les des po\u00eales \u00e0 granul\u00e9s Kausiflam: Xuo 7 Kw, Xuo 10 kw, Nova, Opale, Jazz, Terra Villa, Elara, Xuo Lux, Xuo Eco, Stone, Terra Eco,Thya, Estia, Nepto\" \/>\n<meta property=\"og:url\" content=\"https:\/\/amrtop.net\/ro\/produs\/cablage-carte-n100-kausiflam-xuo-7-kwxuo-10-kwnovaopalejazzterra-villaelaraxuo-luxxuo-ecostoneterra-ecothyaestianeptocod-ri-01716\/\" \/>\n<meta property=\"og:site_name\" content=\"AMRTOP B2B \u00c9tranger - Achats r\u00e9serv\u00e9s au professionnel\" \/>\n<meta property=\"article:modified_time\" content=\"2021-11-18T17:05:39+00:00\" \/>\n<meta property=\"og:image\" content=\"https:\/\/amrtop.net\/wp-content\/uploads\/2021\/11\/KAUSIFLAM-amrtop.jpg\" \/>\n\t<meta property=\"og:image:width\" content=\"960\" \/>\n\t<meta property=\"og:image:height\" content=\"960\" \/>\n\t<meta property=\"og:image:type\" content=\"image\/jpeg\" \/>\n<meta name=\"twitter:card\" content=\"summary_large_image\" \/>\n<script type=\"application\/ld+json\" class=\"yoast-schema-graph\">{\"@context\":\"https:\\\/\\\/schema.org\",\"@graph\":[{\"@type\":\"WebPage\",\"@id\":\"https:\\\/\\\/amrtop.net\\\/produit\\\/cablage-carte-n100-kausiflam-xuo-7-kwxuo-10-kwnovaopalejazzterra-villaelaraxuo-luxxuo-ecostoneterra-ecothyaestianeptocod-ri-01716\\\/\",\"url\":\"https:\\\/\\\/amrtop.net\\\/produit\\\/cablage-carte-n100-kausiflam-xuo-7-kwxuo-10-kwnovaopalejazzterra-villaelaraxuo-luxxuo-ecostoneterra-ecothyaestianeptocod-ri-01716\\\/\",\"name\":\"C\u00e2blage carte N100 pour les po\u00eales \u00e0 granul\u00e9s Kausiflam code.RI.01716 - AMRTOP B2B \u00c9tranger - Achats r\u00e9serv\u00e9s au professionnel\",\"isPartOf\":{\"@id\":\"https:\\\/\\\/amrtop.net\\\/#website\"},\"primaryImageOfPage\":{\"@id\":\"https:\\\/\\\/amrtop.net\\\/produit\\\/cablage-carte-n100-kausiflam-xuo-7-kwxuo-10-kwnovaopalejazzterra-villaelaraxuo-luxxuo-ecostoneterra-ecothyaestianeptocod-ri-01716\\\/#primaryimage\"},\"image\":{\"@id\":\"https:\\\/\\\/amrtop.net\\\/produit\\\/cablage-carte-n100-kausiflam-xuo-7-kwxuo-10-kwnovaopalejazzterra-villaelaraxuo-luxxuo-ecostoneterra-ecothyaestianeptocod-ri-01716\\\/#primaryimage\"},\"thumbnailUrl\":\"https:\\\/\\\/amrtop.net\\\/wp-content\\\/uploads\\\/2021\\\/11\\\/KAUSIFLAM-amrtop.jpg\",\"datePublished\":\"2020-10-01T00:00:00+00:00\",\"dateModified\":\"2021-11-18T17:05:39+00:00\",\"breadcrumb\":{\"@id\":\"https:\\\/\\\/amrtop.net\\\/produit\\\/cablage-carte-n100-kausiflam-xuo-7-kwxuo-10-kwnovaopalejazzterra-villaelaraxuo-luxxuo-ecostoneterra-ecothyaestianeptocod-ri-01716\\\/#breadcrumb\"},\"inLanguage\":\"ro-RO\",\"potentialAction\":[{\"@type\":\"ReadAction\",\"target\":[\"https:\\\/\\\/amrtop.net\\\/produit\\\/cablage-carte-n100-kausiflam-xuo-7-kwxuo-10-kwnovaopalejazzterra-villaelaraxuo-luxxuo-ecostoneterra-ecothyaestianeptocod-ri-01716\\\/\"]}]},{\"@type\":\"ImageObject\",\"inLanguage\":\"ro-RO\",\"@id\":\"https:\\\/\\\/amrtop.net\\\/produit\\\/cablage-carte-n100-kausiflam-xuo-7-kwxuo-10-kwnovaopalejazzterra-villaelaraxuo-luxxuo-ecostoneterra-ecothyaestianeptocod-ri-01716\\\/#primaryimage\",\"url\":\"https:\\\/\\\/amrtop.net\\\/wp-content\\\/uploads\\\/2021\\\/11\\\/KAUSIFLAM-amrtop.jpg\",\"contentUrl\":\"https:\\\/\\\/amrtop.net\\\/wp-content\\\/uploads\\\/2021\\\/11\\\/KAUSIFLAM-amrtop.jpg\",\"width\":960,\"height\":960},{\"@type\":\"BreadcrumbList\",\"@id\":\"https:\\\/\\\/amrtop.net\\\/produit\\\/cablage-carte-n100-kausiflam-xuo-7-kwxuo-10-kwnovaopalejazzterra-villaelaraxuo-luxxuo-ecostoneterra-ecothyaestianeptocod-ri-01716\\\/#breadcrumb\",\"itemListElement\":[{\"@type\":\"ListItem\",\"position\":1,\"name\":\"Home\",\"item\":\"https:\\\/\\\/amrtop.net\\\/\"},{\"@type\":\"ListItem\",\"position\":2,\"name\":\"Shop\",\"item\":\"https:\\\/\\\/amrtop.net\\\/negozio\\\/\"},{\"@type\":\"ListItem\",\"position\":3,\"name\":\"C\u00e2blage carte N100 pour les po\u00eales \u00e0 granul\u00e9s Kausiflam code.RI.01716\"}]},{\"@type\":\"WebSite\",\"@id\":\"https:\\\/\\\/amrtop.net\\\/#website\",\"url\":\"https:\\\/\\\/amrtop.net\\\/\",\"name\":\"AMRTOP B2B \u00c9tranger - Achats r\u00e9serv\u00e9s au professionnel\",\"description\":\"Pi\u00e8ces de rechange et accessoires pour po\u00eales et chaudi\u00e8res - eCommerce B2B pour Clients Professionnels\",\"potentialAction\":[{\"@type\":\"SearchAction\",\"target\":{\"@type\":\"EntryPoint\",\"urlTemplate\":\"https:\\\/\\\/amrtop.net\\\/?s={search_term_string}\"},\"query-input\":{\"@type\":\"PropertyValueSpecification\",\"valueRequired\":true,\"valueName\":\"search_term_string\"}}],\"inLanguage\":\"ro-RO\"}]}<\/script>\n<!-- \/ Yoast SEO plugin. -->","yoast_head_json":{"title":"C\u00e2blage carte N100 pour les po\u00eales \u00e0 granul\u00e9s Kausiflam  code.RI.01716 - AMRTOP B2B \u00c9tranger - Achats r\u00e9serv\u00e9s au professionnel","robots":{"index":"index","follow":"follow","max-snippet":"max-snippet:-1","max-image-preview":"max-image-preview:large","max-video-preview":"max-video-preview:-1"},"canonical":"https:\/\/amrtop.net\/ro\/produs\/cablage-carte-n100-kausiflam-xuo-7-kwxuo-10-kwnovaopalejazzterra-villaelaraxuo-luxxuo-ecostoneterra-ecothyaestianeptocod-ri-01716\/","og_locale":"ro_RO","og_type":"article","og_title":"C\u00e2blage carte N100 pour les po\u00eales \u00e0 granul\u00e9s Kausiflam  code.RI.01716 - AMRTOP B2B \u00c9tranger - Achats r\u00e9serv\u00e9s au professionnel","og_description":"C\u00e2blage carte N100 pour les po\u00eales \u00e0 granul\u00e9s Kausiflam code. RI.01716 Pour les mod\u00e8les des po\u00eales \u00e0 granul\u00e9s Kausiflam: Xuo 7 Kw, Xuo 10 kw, Nova, Opale, Jazz, Terra Villa, Elara, Xuo Lux, Xuo Eco, Stone, Terra Eco,Thya, Estia, Nepto","og_url":"https:\/\/amrtop.net\/ro\/produs\/cablage-carte-n100-kausiflam-xuo-7-kwxuo-10-kwnovaopalejazzterra-villaelaraxuo-luxxuo-ecostoneterra-ecothyaestianeptocod-ri-01716\/","og_site_name":"AMRTOP B2B \u00c9tranger - Achats r\u00e9serv\u00e9s au professionnel","article_modified_time":"2021-11-18T17:05:39+00:00","og_image":[{"width":960,"height":960,"url":"https:\/\/amrtop.net\/wp-content\/uploads\/2021\/11\/KAUSIFLAM-amrtop.jpg","type":"image\/jpeg"}],"twitter_card":"summary_large_image","schema":{"@context":"https:\/\/schema.org","@graph":[{"@type":"WebPage","@id":"https:\/\/amrtop.net\/produit\/cablage-carte-n100-kausiflam-xuo-7-kwxuo-10-kwnovaopalejazzterra-villaelaraxuo-luxxuo-ecostoneterra-ecothyaestianeptocod-ri-01716\/","url":"https:\/\/amrtop.net\/produit\/cablage-carte-n100-kausiflam-xuo-7-kwxuo-10-kwnovaopalejazzterra-villaelaraxuo-luxxuo-ecostoneterra-ecothyaestianeptocod-ri-01716\/","name":"C\u00e2blage carte N100 pour les po\u00eales \u00e0 granul\u00e9s Kausiflam code.RI.01716 - AMRTOP B2B \u00c9tranger - Achats r\u00e9serv\u00e9s au professionnel","isPartOf":{"@id":"https:\/\/amrtop.net\/#website"},"primaryImageOfPage":{"@id":"https:\/\/amrtop.net\/produit\/cablage-carte-n100-kausiflam-xuo-7-kwxuo-10-kwnovaopalejazzterra-villaelaraxuo-luxxuo-ecostoneterra-ecothyaestianeptocod-ri-01716\/#primaryimage"},"image":{"@id":"https:\/\/amrtop.net\/produit\/cablage-carte-n100-kausiflam-xuo-7-kwxuo-10-kwnovaopalejazzterra-villaelaraxuo-luxxuo-ecostoneterra-ecothyaestianeptocod-ri-01716\/#primaryimage"},"thumbnailUrl":"https:\/\/amrtop.net\/wp-content\/uploads\/2021\/11\/KAUSIFLAM-amrtop.jpg","datePublished":"2020-10-01T00:00:00+00:00","dateModified":"2021-11-18T17:05:39+00:00","breadcrumb":{"@id":"https:\/\/amrtop.net\/produit\/cablage-carte-n100-kausiflam-xuo-7-kwxuo-10-kwnovaopalejazzterra-villaelaraxuo-luxxuo-ecostoneterra-ecothyaestianeptocod-ri-01716\/#breadcrumb"},"inLanguage":"ro-RO","potentialAction":[{"@type":"ReadAction","target":["https:\/\/amrtop.net\/produit\/cablage-carte-n100-kausiflam-xuo-7-kwxuo-10-kwnovaopalejazzterra-villaelaraxuo-luxxuo-ecostoneterra-ecothyaestianeptocod-ri-01716\/"]}]},{"@type":"ImageObject","inLanguage":"ro-RO","@id":"https:\/\/amrtop.net\/produit\/cablage-carte-n100-kausiflam-xuo-7-kwxuo-10-kwnovaopalejazzterra-villaelaraxuo-luxxuo-ecostoneterra-ecothyaestianeptocod-ri-01716\/#primaryimage","url":"https:\/\/amrtop.net\/wp-content\/uploads\/2021\/11\/KAUSIFLAM-amrtop.jpg","contentUrl":"https:\/\/amrtop.net\/wp-content\/uploads\/2021\/11\/KAUSIFLAM-amrtop.jpg","width":960,"height":960},{"@type":"BreadcrumbList","@id":"https:\/\/amrtop.net\/produit\/cablage-carte-n100-kausiflam-xuo-7-kwxuo-10-kwnovaopalejazzterra-villaelaraxuo-luxxuo-ecostoneterra-ecothyaestianeptocod-ri-01716\/#breadcrumb","itemListElement":[{"@type":"ListItem","position":1,"name":"Home","item":"https:\/\/amrtop.net\/"},{"@type":"ListItem","position":2,"name":"Shop","item":"https:\/\/amrtop.net\/negozio\/"},{"@type":"ListItem","position":3,"name":"C\u00e2blage carte N100 pour les po\u00eales \u00e0 granul\u00e9s Kausiflam code.RI.01716"}]},{"@type":"WebSite","@id":"https:\/\/amrtop.net\/#website","url":"https:\/\/amrtop.net\/","name":"AMRTOP B2B Abroad - Achizi\u021bii rezervate profesioni\u0219tilor","description":"Piese de schimb \u0219i accesorii pentru sobe \u0219i cazane - eCommerce B2B pentru clien\u021bi profesioni\u0219ti","potentialAction":[{"@type":"SearchAction","target":{"@type":"EntryPoint","urlTemplate":"https:\/\/amrtop.net\/?s={search_term_string}"},"query-input":{"@type":"PropertyValueSpecification","valueRequired":true,"valueName":"search_term_string"}}],"inLanguage":"ro-RO"}]}},"_links":{"self":[{"href":"https:\/\/amrtop.net\/ro\/wp-json\/wp\/v2\/product\/17640","targetHints":{"allow":["GET"]}}],"collection":[{"href":"https:\/\/amrtop.net\/ro\/wp-json\/wp\/v2\/product"}],"about":[{"href":"https:\/\/amrtop.net\/ro\/wp-json\/wp\/v2\/types\/product"}],"replies":[{"embeddable":true,"href":"https:\/\/amrtop.net\/ro\/wp-json\/wp\/v2\/comments?post=17640"}],"wp:featuredmedia":[{"embeddable":true,"href":"https:\/\/amrtop.net\/ro\/wp-json\/wp\/v2\/media\/19573"}],"wp:attachment":[{"href":"https:\/\/amrtop.net\/ro\/wp-json\/wp\/v2\/media?parent=17640"}],"wp:term":[{"taxonomy":"product_brand","embeddable":true,"href":"https:\/\/amrtop.net\/ro\/wp-json\/wp\/v2\/product_brand?post=17640"},{"taxonomy":"product_cat","embeddable":true,"href":"https:\/\/amrtop.net\/ro\/wp-json\/wp\/v2\/product_cat?post=17640"},{"taxonomy":"product_tag","embeddable":true,"href":"https:\/\/amrtop.net\/ro\/wp-json\/wp\/v2\/product_tag?post=17640"}],"curies":[{"name":"wp","href":"https:\/\/api.w.org\/{rel}","templated":true}]}}