{"id":17845,"date":"2020-10-01T00:00:00","date_gmt":"2020-10-01T00:00:00","guid":{"rendered":"https:\/\/amrtop.com\/B2B\/?post_type=product&#038;p=17845"},"modified":"2021-11-18T17:07:24","modified_gmt":"2021-11-18T17:07:24","slug":"depresie-kausiflam-pomalorrysophialorazayraserynotomy-cod-kevc009","status":"publish","type":"product","link":"https:\/\/amrtop.net\/ro\/produit\/depression-kausiflam-pomalorrysophialorazayraserynotomy-cod-kevc009\/","title":{"rendered":"Comutator de presiune <br> cod.KEVC009"},"content":{"rendered":"<hr \/>\n<h2> Comutator de presiune <\/h2>\n<p>cod.KEVC009<\/p>\n<p>Pentru sobele pe pele\u021bi Kausiflam: Poma, Lorry, Sophia, Lora, Zayra, Seryno, Tomy<\/p>","protected":false},"excerpt":{"rendered":"<p>Presostat cod.KEVC009 Pentru modelele de sobe pe pele\u021bi Kausiflam: Poma, Lorry, Sophia, Lora, Zayra, Seryno, Tomy<\/p>","protected":false},"featured_media":19623,"comment_status":"open","ping_status":"closed","template":"","meta":[],"product_brand":[],"product_cat":[1232,1281,1282,940,1283,1284,1285,1287,1286],"product_tag":[1345],"class_list":{"0":"post-17845","1":"product","2":"type-product","3":"status-publish","4":"has-post-thumbnail","6":"product_cat-kausiflam","7":"product_cat-lora-kausiflam","8":"product_cat-lorry-kausiflam","9":"product_cat-pieces-detachees-specifiques-par-marque","10":"product_cat-poma-kausiflam","11":"product_cat-seryno-kausiflam","12":"product_cat-sophia-kausiflam","13":"product_cat-tomy-kausiflam","14":"product_cat-zayra-kausiflam","15":"product_tag-kausiflam","16":"product_shipping_class-classe-di-spedizione-01","18":"first","19":"instock","20":"shipping-taxable","21":"purchasable","22":"product-type-simple"},"yoast_head":"<!-- This site is optimized with the Yoast SEO plugin v27.4 - https:\/\/yoast.com\/product\/yoast-seo-wordpress\/ -->\n<title>Pressostat  code.KEVC009 - AMRTOP B2B \u00c9tranger - Achats r\u00e9serv\u00e9s au professionnel<\/title>\n<meta name=\"robots\" content=\"index, follow, max-snippet:-1, max-image-preview:large, max-video-preview:-1\" \/>\n<link rel=\"canonical\" href=\"https:\/\/amrtop.net\/ro\/produs\/depresie-kausiflam-pomalorrysophialorazayraserynotomy-cod-kevc009\/\" \/>\n<meta property=\"og:locale\" content=\"ro_RO\" \/>\n<meta property=\"og:type\" content=\"article\" \/>\n<meta property=\"og:title\" content=\"Pressostat  code.KEVC009 - AMRTOP B2B \u00c9tranger - Achats r\u00e9serv\u00e9s au professionnel\" \/>\n<meta property=\"og:description\" content=\"Pressostat code.KEVC009 Pour les mod\u00e8les des po\u00eales \u00e0 granul\u00e9s Kausiflam: Poma, Lorry, Sophia, Lora, Zayra, Seryno, Tomy\" \/>\n<meta property=\"og:url\" content=\"https:\/\/amrtop.net\/ro\/produs\/depresie-kausiflam-pomalorrysophialorazayraserynotomy-cod-kevc009\/\" \/>\n<meta property=\"og:site_name\" content=\"AMRTOP B2B \u00c9tranger - Achats r\u00e9serv\u00e9s au professionnel\" \/>\n<meta property=\"article:modified_time\" content=\"2021-11-18T17:07:24+00:00\" \/>\n<meta property=\"og:image\" content=\"https:\/\/amrtop.net\/wp-content\/uploads\/2021\/11\/Pressostato-2.jpg\" \/>\n\t<meta property=\"og:image:width\" content=\"640\" \/>\n\t<meta property=\"og:image:height\" content=\"640\" \/>\n\t<meta property=\"og:image:type\" content=\"image\/jpeg\" \/>\n<meta name=\"twitter:card\" content=\"summary_large_image\" \/>\n<script type=\"application\/ld+json\" class=\"yoast-schema-graph\">{\"@context\":\"https:\\\/\\\/schema.org\",\"@graph\":[{\"@type\":\"WebPage\",\"@id\":\"https:\\\/\\\/amrtop.net\\\/produit\\\/depression-kausiflam-pomalorrysophialorazayraserynotomy-cod-kevc009\\\/\",\"url\":\"https:\\\/\\\/amrtop.net\\\/produit\\\/depression-kausiflam-pomalorrysophialorazayraserynotomy-cod-kevc009\\\/\",\"name\":\"Pressostat code.KEVC009 - AMRTOP B2B \u00c9tranger - Achats r\u00e9serv\u00e9s au professionnel\",\"isPartOf\":{\"@id\":\"https:\\\/\\\/amrtop.net\\\/#website\"},\"primaryImageOfPage\":{\"@id\":\"https:\\\/\\\/amrtop.net\\\/produit\\\/depression-kausiflam-pomalorrysophialorazayraserynotomy-cod-kevc009\\\/#primaryimage\"},\"image\":{\"@id\":\"https:\\\/\\\/amrtop.net\\\/produit\\\/depression-kausiflam-pomalorrysophialorazayraserynotomy-cod-kevc009\\\/#primaryimage\"},\"thumbnailUrl\":\"https:\\\/\\\/amrtop.net\\\/wp-content\\\/uploads\\\/2021\\\/11\\\/Pressostato-2.jpg\",\"datePublished\":\"2020-10-01T00:00:00+00:00\",\"dateModified\":\"2021-11-18T17:07:24+00:00\",\"breadcrumb\":{\"@id\":\"https:\\\/\\\/amrtop.net\\\/produit\\\/depression-kausiflam-pomalorrysophialorazayraserynotomy-cod-kevc009\\\/#breadcrumb\"},\"inLanguage\":\"ro-RO\",\"potentialAction\":[{\"@type\":\"ReadAction\",\"target\":[\"https:\\\/\\\/amrtop.net\\\/produit\\\/depression-kausiflam-pomalorrysophialorazayraserynotomy-cod-kevc009\\\/\"]}]},{\"@type\":\"ImageObject\",\"inLanguage\":\"ro-RO\",\"@id\":\"https:\\\/\\\/amrtop.net\\\/produit\\\/depression-kausiflam-pomalorrysophialorazayraserynotomy-cod-kevc009\\\/#primaryimage\",\"url\":\"https:\\\/\\\/amrtop.net\\\/wp-content\\\/uploads\\\/2021\\\/11\\\/Pressostato-2.jpg\",\"contentUrl\":\"https:\\\/\\\/amrtop.net\\\/wp-content\\\/uploads\\\/2021\\\/11\\\/Pressostato-2.jpg\",\"width\":640,\"height\":640,\"caption\":\"Pressostat diff\u00e9rentiel HUBA 24\\\/39 Pa - Pressostat eau et air pour po\u00eale et chaudi\u00e8re \u00e0 pellets - Transducteurs pour po\u00eale et chaudi\u00e8re \u00e0 pellets - R\u00e9gulateur de pression pour po\u00eale et chaudi\u00e8re \u00e0 pellets - Transducteur de pression po\u00eale et chaudi\u00e8re \u00e0 pellets\"},{\"@type\":\"BreadcrumbList\",\"@id\":\"https:\\\/\\\/amrtop.net\\\/produit\\\/depression-kausiflam-pomalorrysophialorazayraserynotomy-cod-kevc009\\\/#breadcrumb\",\"itemListElement\":[{\"@type\":\"ListItem\",\"position\":1,\"name\":\"Home\",\"item\":\"https:\\\/\\\/amrtop.net\\\/\"},{\"@type\":\"ListItem\",\"position\":2,\"name\":\"Shop\",\"item\":\"https:\\\/\\\/amrtop.net\\\/negozio\\\/\"},{\"@type\":\"ListItem\",\"position\":3,\"name\":\"Pressostat code.KEVC009\"}]},{\"@type\":\"WebSite\",\"@id\":\"https:\\\/\\\/amrtop.net\\\/#website\",\"url\":\"https:\\\/\\\/amrtop.net\\\/\",\"name\":\"AMRTOP B2B \u00c9tranger - Achats r\u00e9serv\u00e9s au professionnel\",\"description\":\"Pi\u00e8ces de rechange et accessoires pour po\u00eales et chaudi\u00e8res - eCommerce B2B pour Clients Professionnels\",\"potentialAction\":[{\"@type\":\"SearchAction\",\"target\":{\"@type\":\"EntryPoint\",\"urlTemplate\":\"https:\\\/\\\/amrtop.net\\\/?s={search_term_string}\"},\"query-input\":{\"@type\":\"PropertyValueSpecification\",\"valueRequired\":true,\"valueName\":\"search_term_string\"}}],\"inLanguage\":\"ro-RO\"}]}<\/script>\n<!-- \/ Yoast SEO plugin. -->","yoast_head_json":{"title":"\u00centrerup\u0103tor de presiune cod KEVC009 - AMRTOP B2B \u00cen str\u0103in\u0103tate - Numai pentru achizi\u021bii profesionale","robots":{"index":"index","follow":"follow","max-snippet":"max-snippet:-1","max-image-preview":"max-image-preview:large","max-video-preview":"max-video-preview:-1"},"canonical":"https:\/\/amrtop.net\/ro\/produs\/depresie-kausiflam-pomalorrysophialorazayraserynotomy-cod-kevc009\/","og_locale":"ro_RO","og_type":"article","og_title":"Pressostat  code.KEVC009 - AMRTOP B2B \u00c9tranger - Achats r\u00e9serv\u00e9s au professionnel","og_description":"Pressostat code.KEVC009 Pour les mod\u00e8les des po\u00eales \u00e0 granul\u00e9s Kausiflam: Poma, Lorry, Sophia, Lora, Zayra, Seryno, Tomy","og_url":"https:\/\/amrtop.net\/ro\/produs\/depresie-kausiflam-pomalorrysophialorazayraserynotomy-cod-kevc009\/","og_site_name":"AMRTOP B2B \u00c9tranger - Achats r\u00e9serv\u00e9s au professionnel","article_modified_time":"2021-11-18T17:07:24+00:00","og_image":[{"width":640,"height":640,"url":"https:\/\/amrtop.net\/wp-content\/uploads\/2021\/11\/Pressostato-2.jpg","type":"image\/jpeg"}],"twitter_card":"summary_large_image","schema":{"@context":"https:\/\/schema.org","@graph":[{"@type":"WebPage","@id":"https:\/\/amrtop.net\/produit\/depression-kausiflam-pomalorrysophialorazayraserynotomy-cod-kevc009\/","url":"https:\/\/amrtop.net\/produit\/depression-kausiflam-pomalorrysophialorazayraserynotomy-cod-kevc009\/","name":"\u00centrerup\u0103tor de presiune cod KEVC009 - AMRTOP B2B Peste m\u0103ri - Numai pentru achizi\u021bii profesionale","isPartOf":{"@id":"https:\/\/amrtop.net\/#website"},"primaryImageOfPage":{"@id":"https:\/\/amrtop.net\/produit\/depression-kausiflam-pomalorrysophialorazayraserynotomy-cod-kevc009\/#primaryimage"},"image":{"@id":"https:\/\/amrtop.net\/produit\/depression-kausiflam-pomalorrysophialorazayraserynotomy-cod-kevc009\/#primaryimage"},"thumbnailUrl":"https:\/\/amrtop.net\/wp-content\/uploads\/2021\/11\/Pressostato-2.jpg","datePublished":"2020-10-01T00:00:00+00:00","dateModified":"2021-11-18T17:07:24+00:00","breadcrumb":{"@id":"https:\/\/amrtop.net\/produit\/depression-kausiflam-pomalorrysophialorazayraserynotomy-cod-kevc009\/#breadcrumb"},"inLanguage":"ro-RO","potentialAction":[{"@type":"ReadAction","target":["https:\/\/amrtop.net\/produit\/depression-kausiflam-pomalorrysophialorazayraserynotomy-cod-kevc009\/"]}]},{"@type":"ImageObject","inLanguage":"ro-RO","@id":"https:\/\/amrtop.net\/produit\/depression-kausiflam-pomalorrysophialorazayraserynotomy-cod-kevc009\/#primaryimage","url":"https:\/\/amrtop.net\/wp-content\/uploads\/2021\/11\/Pressostato-2.jpg","contentUrl":"https:\/\/amrtop.net\/wp-content\/uploads\/2021\/11\/Pressostato-2.jpg","width":640,"height":640,"caption":"Pressostat diff\u00e9rentiel HUBA 24\/39 Pa - Pressostat eau et air pour po\u00eale et chaudi\u00e8re \u00e0 pellets - Transducteurs pour po\u00eale et chaudi\u00e8re \u00e0 pellets - R\u00e9gulateur de pression pour po\u00eale et chaudi\u00e8re \u00e0 pellets - Transducteur de pression po\u00eale et chaudi\u00e8re \u00e0 pellets"},{"@type":"BreadcrumbList","@id":"https:\/\/amrtop.net\/produit\/depression-kausiflam-pomalorrysophialorazayraserynotomy-cod-kevc009\/#breadcrumb","itemListElement":[{"@type":"ListItem","position":1,"name":"Home","item":"https:\/\/amrtop.net\/"},{"@type":"ListItem","position":2,"name":"Shop","item":"https:\/\/amrtop.net\/negozio\/"},{"@type":"ListItem","position":3,"name":"Pressostat code.KEVC009"}]},{"@type":"WebSite","@id":"https:\/\/amrtop.net\/#website","url":"https:\/\/amrtop.net\/","name":"AMRTOP B2B Abroad - Achizi\u021bii rezervate profesioni\u0219tilor","description":"Piese de schimb \u0219i accesorii pentru sobe \u0219i cazane - eCommerce B2B pentru clien\u021bi profesioni\u0219ti","potentialAction":[{"@type":"SearchAction","target":{"@type":"EntryPoint","urlTemplate":"https:\/\/amrtop.net\/?s={search_term_string}"},"query-input":{"@type":"PropertyValueSpecification","valueRequired":true,"valueName":"search_term_string"}}],"inLanguage":"ro-RO"}]}},"_links":{"self":[{"href":"https:\/\/amrtop.net\/ro\/wp-json\/wp\/v2\/product\/17845","targetHints":{"allow":["GET"]}}],"collection":[{"href":"https:\/\/amrtop.net\/ro\/wp-json\/wp\/v2\/product"}],"about":[{"href":"https:\/\/amrtop.net\/ro\/wp-json\/wp\/v2\/types\/product"}],"replies":[{"embeddable":true,"href":"https:\/\/amrtop.net\/ro\/wp-json\/wp\/v2\/comments?post=17845"}],"wp:featuredmedia":[{"embeddable":true,"href":"https:\/\/amrtop.net\/ro\/wp-json\/wp\/v2\/media\/19623"}],"wp:attachment":[{"href":"https:\/\/amrtop.net\/ro\/wp-json\/wp\/v2\/media?parent=17845"}],"wp:term":[{"taxonomy":"product_brand","embeddable":true,"href":"https:\/\/amrtop.net\/ro\/wp-json\/wp\/v2\/product_brand?post=17845"},{"taxonomy":"product_cat","embeddable":true,"href":"https:\/\/amrtop.net\/ro\/wp-json\/wp\/v2\/product_cat?post=17845"},{"taxonomy":"product_tag","embeddable":true,"href":"https:\/\/amrtop.net\/ro\/wp-json\/wp\/v2\/product_tag?post=17845"}],"curies":[{"name":"wp","href":"https:\/\/api.w.org\/{rel}","templated":true}]}}