{"id":17888,"date":"2020-10-01T00:00:00","date_gmt":"2020-10-01T00:00:00","guid":{"rendered":"https:\/\/amrtop.com\/B2B\/?post_type=product&#038;p=17888"},"modified":"2021-11-18T17:07:52","modified_gmt":"2021-11-18T17:07:52","slug":"joint-volute-extracteur-fumees-kausiflam-xuo-7-kwxuo-10-kweto-12-kweto-14-kwastro-10-kwiriselaraxuo-luxxuo-ecostonethyaestianeptoxia-lxia-sinui-spcod-ri-00138","status":"publish","type":"product","link":"https:\/\/amrtop.net\/ro\/produit\/joint-volute-extracteur-fumees-kausiflam-xuo-7-kwxuo-10-kweto-12-kweto-14-kwastro-10-kwiriselaraxuo-luxxuo-ecostonethyaestianeptoxia-lxia-sinui-spcod-ri-00138\/","title":{"rendered":"Garnitur\u0103 de etan\u0219are a volutei extractorului de fum <br> cod.RI.00138"},"content":{"rendered":"<hr \/>\n<h2>Garnitur\u0103 de etan\u0219are a volutei extractorului de fum <\/h2>\n<p>code. RI.00138<\/p>\n<p>Pour les mod\u00e8les des po\u00eales \u00e0 granul\u00e9s Kausiflam: Xuo 7 kw, Xuo 10 kw, Eto 12 kw, Eto 14 kw, Astro 10 kw, Iris, Elara, Xuo Lux, Xuo, Eco, Stone, Thya, Estia, Nepto, Xia L, Xia S, Inui SP, Opale, Jazz, Nova<\/p>","protected":false},"excerpt":{"rendered":"<p>Joint volute extracteur fum\u00e9es code. RI.00138 Pour les mod\u00e8les des po\u00eales \u00e0 granul\u00e9s Kausiflam: Xuo 7 kw, Xuo 10 kw, Eto 12 kw, Eto 14 kw, Astro 10 kw, Iris, Elara, Xuo Lux, Xuo, Eco, Stone, Thya, Estia, Nepto, Xia L, Xia S, Inui SP, Opale, Jazz, Nova<\/p>","protected":false},"featured_media":19633,"comment_status":"open","ping_status":"closed","template":"","meta":[],"product_brand":[],"product_cat":[1253,1258,1259,1254,1255,1277,1260,1267,1232,1261,1268,1269,940,1262,1263,1278,1279,1256,1257,1264,1265],"product_tag":[1345],"class_list":{"0":"post-17888","1":"product","2":"type-product","3":"status-publish","4":"has-post-thumbnail","6":"product_cat-astro-10-kw","7":"product_cat-elara","8":"product_cat-estia","9":"product_cat-eto-12-kw","10":"product_cat-eto-14-kw","11":"product_cat-inui-sp-kausiflam","12":"product_cat-iris-kausiflam","13":"product_cat-jazz-kausiflam","14":"product_cat-kausiflam","15":"product_cat-nepto-kausiflam","16":"product_cat-nova-kausiflam","17":"product_cat-opale-kausiflam","18":"product_cat-pieces-detachees-specifiques-par-marque","19":"product_cat-stone-kausiflam","20":"product_cat-thya-kausiflam","21":"product_cat-xia-l-kausiflam","22":"product_cat-xia-s-kausiflam","23":"product_cat-xuo-10-kw-kausiflam","24":"product_cat-xuo-7-kw-kausiflam","25":"product_cat-xuo-eco-kausiflam","26":"product_cat-xuo-lux-kausiflam","27":"product_tag-kausiflam","28":"product_shipping_class-classe-di-spedizione-01","30":"first","31":"instock","32":"shipping-taxable","33":"purchasable","34":"product-type-simple"},"yoast_head":"<!-- This site is optimized with the Yoast SEO plugin v27.5 - https:\/\/yoast.com\/product\/yoast-seo-wordpress\/ -->\n<title>Joint volute extracteur fum\u00e9es  code.RI.00138 - AMRTOP B2B \u00c9tranger - Achats r\u00e9serv\u00e9s au professionnel<\/title>\n<meta name=\"robots\" content=\"index, follow, max-snippet:-1, max-image-preview:large, max-video-preview:-1\" \/>\n<link rel=\"canonical\" href=\"https:\/\/amrtop.net\/ro\/produs\/joint-volute-extracteur-fumees-kausiflam-xuo-7-kwxuo-10-kweto-12-kweto-14-kwastro-10-kwiriselaraxuo-luxxuo-ecostonethyaestianeptoxia-lxia-sinui-spcod-ri-00138\/\" \/>\n<meta property=\"og:locale\" content=\"ro_RO\" \/>\n<meta property=\"og:type\" content=\"article\" \/>\n<meta property=\"og:title\" content=\"Joint volute extracteur fum\u00e9es  code.RI.00138 - AMRTOP B2B \u00c9tranger - Achats r\u00e9serv\u00e9s au professionnel\" \/>\n<meta property=\"og:description\" content=\"Joint volute extracteur fum\u00e9es code. RI.00138 Pour les mod\u00e8les des po\u00eales \u00e0 granul\u00e9s Kausiflam: Xuo 7 kw, Xuo 10 kw, Eto 12 kw, Eto 14 kw, Astro 10 kw, Iris, Elara, Xuo Lux, Xuo, Eco, Stone, Thya, Estia, Nepto, Xia L, Xia S, Inui SP, Opale, Jazz, Nova\" \/>\n<meta property=\"og:url\" content=\"https:\/\/amrtop.net\/ro\/produs\/joint-volute-extracteur-fumees-kausiflam-xuo-7-kwxuo-10-kweto-12-kweto-14-kwastro-10-kwiriselaraxuo-luxxuo-ecostonethyaestianeptoxia-lxia-sinui-spcod-ri-00138\/\" \/>\n<meta property=\"og:site_name\" content=\"AMRTOP B2B \u00c9tranger - Achats r\u00e9serv\u00e9s au professionnel\" \/>\n<meta property=\"article:modified_time\" content=\"2021-11-18T17:07:52+00:00\" \/>\n<meta property=\"og:image\" content=\"https:\/\/amrtop.net\/wp-content\/uploads\/2021\/11\/w-SITO-ARMEN-03.jpg\" \/>\n\t<meta property=\"og:image:width\" content=\"960\" \/>\n\t<meta property=\"og:image:height\" content=\"960\" \/>\n\t<meta property=\"og:image:type\" content=\"image\/jpeg\" \/>\n<meta name=\"twitter:card\" content=\"summary_large_image\" \/>\n<script type=\"application\/ld+json\" class=\"yoast-schema-graph\">{\"@context\":\"https:\\\/\\\/schema.org\",\"@graph\":[{\"@type\":\"WebPage\",\"@id\":\"https:\\\/\\\/amrtop.net\\\/produit\\\/joint-volute-extracteur-fumees-kausiflam-xuo-7-kwxuo-10-kweto-12-kweto-14-kwastro-10-kwiriselaraxuo-luxxuo-ecostonethyaestianeptoxia-lxia-sinui-spcod-ri-00138\\\/\",\"url\":\"https:\\\/\\\/amrtop.net\\\/produit\\\/joint-volute-extracteur-fumees-kausiflam-xuo-7-kwxuo-10-kweto-12-kweto-14-kwastro-10-kwiriselaraxuo-luxxuo-ecostonethyaestianeptoxia-lxia-sinui-spcod-ri-00138\\\/\",\"name\":\"Joint volute extracteur fum\u00e9es code.RI.00138 - AMRTOP B2B \u00c9tranger - Achats r\u00e9serv\u00e9s au professionnel\",\"isPartOf\":{\"@id\":\"https:\\\/\\\/amrtop.net\\\/#website\"},\"primaryImageOfPage\":{\"@id\":\"https:\\\/\\\/amrtop.net\\\/produit\\\/joint-volute-extracteur-fumees-kausiflam-xuo-7-kwxuo-10-kweto-12-kweto-14-kwastro-10-kwiriselaraxuo-luxxuo-ecostonethyaestianeptoxia-lxia-sinui-spcod-ri-00138\\\/#primaryimage\"},\"image\":{\"@id\":\"https:\\\/\\\/amrtop.net\\\/produit\\\/joint-volute-extracteur-fumees-kausiflam-xuo-7-kwxuo-10-kweto-12-kweto-14-kwastro-10-kwiriselaraxuo-luxxuo-ecostonethyaestianeptoxia-lxia-sinui-spcod-ri-00138\\\/#primaryimage\"},\"thumbnailUrl\":\"https:\\\/\\\/amrtop.net\\\/wp-content\\\/uploads\\\/2021\\\/11\\\/w-SITO-ARMEN-03.jpg\",\"datePublished\":\"2020-10-01T00:00:00+00:00\",\"dateModified\":\"2021-11-18T17:07:52+00:00\",\"breadcrumb\":{\"@id\":\"https:\\\/\\\/amrtop.net\\\/produit\\\/joint-volute-extracteur-fumees-kausiflam-xuo-7-kwxuo-10-kweto-12-kweto-14-kwastro-10-kwiriselaraxuo-luxxuo-ecostonethyaestianeptoxia-lxia-sinui-spcod-ri-00138\\\/#breadcrumb\"},\"inLanguage\":\"ro-RO\",\"potentialAction\":[{\"@type\":\"ReadAction\",\"target\":[\"https:\\\/\\\/amrtop.net\\\/produit\\\/joint-volute-extracteur-fumees-kausiflam-xuo-7-kwxuo-10-kweto-12-kweto-14-kwastro-10-kwiriselaraxuo-luxxuo-ecostonethyaestianeptoxia-lxia-sinui-spcod-ri-00138\\\/\"]}]},{\"@type\":\"ImageObject\",\"inLanguage\":\"ro-RO\",\"@id\":\"https:\\\/\\\/amrtop.net\\\/produit\\\/joint-volute-extracteur-fumees-kausiflam-xuo-7-kwxuo-10-kweto-12-kweto-14-kwastro-10-kwiriselaraxuo-luxxuo-ecostonethyaestianeptoxia-lxia-sinui-spcod-ri-00138\\\/#primaryimage\",\"url\":\"https:\\\/\\\/amrtop.net\\\/wp-content\\\/uploads\\\/2021\\\/11\\\/w-SITO-ARMEN-03.jpg\",\"contentUrl\":\"https:\\\/\\\/amrtop.net\\\/wp-content\\\/uploads\\\/2021\\\/11\\\/w-SITO-ARMEN-03.jpg\",\"width\":960,\"height\":960},{\"@type\":\"BreadcrumbList\",\"@id\":\"https:\\\/\\\/amrtop.net\\\/produit\\\/joint-volute-extracteur-fumees-kausiflam-xuo-7-kwxuo-10-kweto-12-kweto-14-kwastro-10-kwiriselaraxuo-luxxuo-ecostonethyaestianeptoxia-lxia-sinui-spcod-ri-00138\\\/#breadcrumb\",\"itemListElement\":[{\"@type\":\"ListItem\",\"position\":1,\"name\":\"Home\",\"item\":\"https:\\\/\\\/amrtop.net\\\/\"},{\"@type\":\"ListItem\",\"position\":2,\"name\":\"Shop\",\"item\":\"https:\\\/\\\/amrtop.net\\\/negozio\\\/\"},{\"@type\":\"ListItem\",\"position\":3,\"name\":\"Joint volute extracteur fum\u00e9es code.RI.00138\"}]},{\"@type\":\"WebSite\",\"@id\":\"https:\\\/\\\/amrtop.net\\\/#website\",\"url\":\"https:\\\/\\\/amrtop.net\\\/\",\"name\":\"AMRTOP B2B \u00c9tranger - Achats r\u00e9serv\u00e9s au professionnel\",\"description\":\"Pi\u00e8ces de rechange et accessoires pour po\u00eales et chaudi\u00e8res - eCommerce B2B pour Clients Professionnels\",\"potentialAction\":[{\"@type\":\"SearchAction\",\"target\":{\"@type\":\"EntryPoint\",\"urlTemplate\":\"https:\\\/\\\/amrtop.net\\\/?s={search_term_string}\"},\"query-input\":{\"@type\":\"PropertyValueSpecification\",\"valueRequired\":true,\"valueName\":\"search_term_string\"}}],\"inLanguage\":\"ro-RO\"}]}<\/script>\n<!-- \/ Yoast SEO plugin. -->","yoast_head_json":{"title":"Joint volute extracteur fum\u00e9es  code.RI.00138 - AMRTOP B2B \u00c9tranger - Achats r\u00e9serv\u00e9s au professionnel","robots":{"index":"index","follow":"follow","max-snippet":"max-snippet:-1","max-image-preview":"max-image-preview:large","max-video-preview":"max-video-preview:-1"},"canonical":"https:\/\/amrtop.net\/ro\/produs\/joint-volute-extracteur-fumees-kausiflam-xuo-7-kwxuo-10-kweto-12-kweto-14-kwastro-10-kwiriselaraxuo-luxxuo-ecostonethyaestianeptoxia-lxia-sinui-spcod-ri-00138\/","og_locale":"ro_RO","og_type":"article","og_title":"Joint volute extracteur fum\u00e9es  code.RI.00138 - AMRTOP B2B \u00c9tranger - Achats r\u00e9serv\u00e9s au professionnel","og_description":"Joint volute extracteur fum\u00e9es code. RI.00138 Pour les mod\u00e8les des po\u00eales \u00e0 granul\u00e9s Kausiflam: Xuo 7 kw, Xuo 10 kw, Eto 12 kw, Eto 14 kw, Astro 10 kw, Iris, Elara, Xuo Lux, Xuo, Eco, Stone, Thya, Estia, Nepto, Xia L, Xia S, Inui SP, Opale, Jazz, Nova","og_url":"https:\/\/amrtop.net\/ro\/produs\/joint-volute-extracteur-fumees-kausiflam-xuo-7-kwxuo-10-kweto-12-kweto-14-kwastro-10-kwiriselaraxuo-luxxuo-ecostonethyaestianeptoxia-lxia-sinui-spcod-ri-00138\/","og_site_name":"AMRTOP B2B \u00c9tranger - Achats r\u00e9serv\u00e9s au professionnel","article_modified_time":"2021-11-18T17:07:52+00:00","og_image":[{"width":960,"height":960,"url":"https:\/\/amrtop.net\/wp-content\/uploads\/2021\/11\/w-SITO-ARMEN-03.jpg","type":"image\/jpeg"}],"twitter_card":"summary_large_image","schema":{"@context":"https:\/\/schema.org","@graph":[{"@type":"WebPage","@id":"https:\/\/amrtop.net\/produit\/joint-volute-extracteur-fumees-kausiflam-xuo-7-kwxuo-10-kweto-12-kweto-14-kwastro-10-kwiriselaraxuo-luxxuo-ecostonethyaestianeptoxia-lxia-sinui-spcod-ri-00138\/","url":"https:\/\/amrtop.net\/produit\/joint-volute-extracteur-fumees-kausiflam-xuo-7-kwxuo-10-kweto-12-kweto-14-kwastro-10-kwiriselaraxuo-luxxuo-ecostonethyaestianeptoxia-lxia-sinui-spcod-ri-00138\/","name":"Joint volute extracteur fum\u00e9es code.RI.00138 - AMRTOP B2B \u00c9tranger - Achats r\u00e9serv\u00e9s au professionnel","isPartOf":{"@id":"https:\/\/amrtop.net\/#website"},"primaryImageOfPage":{"@id":"https:\/\/amrtop.net\/produit\/joint-volute-extracteur-fumees-kausiflam-xuo-7-kwxuo-10-kweto-12-kweto-14-kwastro-10-kwiriselaraxuo-luxxuo-ecostonethyaestianeptoxia-lxia-sinui-spcod-ri-00138\/#primaryimage"},"image":{"@id":"https:\/\/amrtop.net\/produit\/joint-volute-extracteur-fumees-kausiflam-xuo-7-kwxuo-10-kweto-12-kweto-14-kwastro-10-kwiriselaraxuo-luxxuo-ecostonethyaestianeptoxia-lxia-sinui-spcod-ri-00138\/#primaryimage"},"thumbnailUrl":"https:\/\/amrtop.net\/wp-content\/uploads\/2021\/11\/w-SITO-ARMEN-03.jpg","datePublished":"2020-10-01T00:00:00+00:00","dateModified":"2021-11-18T17:07:52+00:00","breadcrumb":{"@id":"https:\/\/amrtop.net\/produit\/joint-volute-extracteur-fumees-kausiflam-xuo-7-kwxuo-10-kweto-12-kweto-14-kwastro-10-kwiriselaraxuo-luxxuo-ecostonethyaestianeptoxia-lxia-sinui-spcod-ri-00138\/#breadcrumb"},"inLanguage":"ro-RO","potentialAction":[{"@type":"ReadAction","target":["https:\/\/amrtop.net\/produit\/joint-volute-extracteur-fumees-kausiflam-xuo-7-kwxuo-10-kweto-12-kweto-14-kwastro-10-kwiriselaraxuo-luxxuo-ecostonethyaestianeptoxia-lxia-sinui-spcod-ri-00138\/"]}]},{"@type":"ImageObject","inLanguage":"ro-RO","@id":"https:\/\/amrtop.net\/produit\/joint-volute-extracteur-fumees-kausiflam-xuo-7-kwxuo-10-kweto-12-kweto-14-kwastro-10-kwiriselaraxuo-luxxuo-ecostonethyaestianeptoxia-lxia-sinui-spcod-ri-00138\/#primaryimage","url":"https:\/\/amrtop.net\/wp-content\/uploads\/2021\/11\/w-SITO-ARMEN-03.jpg","contentUrl":"https:\/\/amrtop.net\/wp-content\/uploads\/2021\/11\/w-SITO-ARMEN-03.jpg","width":960,"height":960},{"@type":"BreadcrumbList","@id":"https:\/\/amrtop.net\/produit\/joint-volute-extracteur-fumees-kausiflam-xuo-7-kwxuo-10-kweto-12-kweto-14-kwastro-10-kwiriselaraxuo-luxxuo-ecostonethyaestianeptoxia-lxia-sinui-spcod-ri-00138\/#breadcrumb","itemListElement":[{"@type":"ListItem","position":1,"name":"Home","item":"https:\/\/amrtop.net\/"},{"@type":"ListItem","position":2,"name":"Shop","item":"https:\/\/amrtop.net\/negozio\/"},{"@type":"ListItem","position":3,"name":"Joint volute extracteur fum\u00e9es code.RI.00138"}]},{"@type":"WebSite","@id":"https:\/\/amrtop.net\/#website","url":"https:\/\/amrtop.net\/","name":"AMRTOP B2B Abroad - Achizi\u021bii rezervate profesioni\u0219tilor","description":"Piese de schimb \u0219i accesorii pentru sobe \u0219i cazane - eCommerce B2B pentru clien\u021bi profesioni\u0219ti","potentialAction":[{"@type":"SearchAction","target":{"@type":"EntryPoint","urlTemplate":"https:\/\/amrtop.net\/?s={search_term_string}"},"query-input":{"@type":"PropertyValueSpecification","valueRequired":true,"valueName":"search_term_string"}}],"inLanguage":"ro-RO"}]}},"_links":{"self":[{"href":"https:\/\/amrtop.net\/ro\/wp-json\/wp\/v2\/product\/17888","targetHints":{"allow":["GET"]}}],"collection":[{"href":"https:\/\/amrtop.net\/ro\/wp-json\/wp\/v2\/product"}],"about":[{"href":"https:\/\/amrtop.net\/ro\/wp-json\/wp\/v2\/types\/product"}],"replies":[{"embeddable":true,"href":"https:\/\/amrtop.net\/ro\/wp-json\/wp\/v2\/comments?post=17888"}],"wp:featuredmedia":[{"embeddable":true,"href":"https:\/\/amrtop.net\/ro\/wp-json\/wp\/v2\/media\/19633"}],"wp:attachment":[{"href":"https:\/\/amrtop.net\/ro\/wp-json\/wp\/v2\/media?parent=17888"}],"wp:term":[{"taxonomy":"product_brand","embeddable":true,"href":"https:\/\/amrtop.net\/ro\/wp-json\/wp\/v2\/product_brand?post=17888"},{"taxonomy":"product_cat","embeddable":true,"href":"https:\/\/amrtop.net\/ro\/wp-json\/wp\/v2\/product_cat?post=17888"},{"taxonomy":"product_tag","embeddable":true,"href":"https:\/\/amrtop.net\/ro\/wp-json\/wp\/v2\/product_tag?post=17888"}],"curies":[{"name":"wp","href":"https:\/\/api.w.org\/{rel}","templated":true}]}}