{"id":18591,"date":"2020-10-01T00:00:00","date_gmt":"2020-10-01T00:00:00","guid":{"rendered":"https:\/\/amrtop.com\/B2B\/?post_type=product&#038;p=18591"},"modified":"2023-06-06T08:54:10","modified_gmt":"2023-06-06T08:54:10","slug":"ventilator-centrifugal-trial-cod-cah12y4-004-lungime-totala-141-mm-inaltime-totala-170-mm","status":"publish","type":"product","link":"https:\/\/amrtop.net\/ro\/produit\/ventilateur-centrifuge-trial-code-cah12y4-004-encombrement-longueur-141-mm-encombrement-hauteur-170-mm\/","title":{"rendered":"Ventilator centrifugal de prob\u0103 Cod CAH12Y4-004 - Lungime total\u0103 141 mm - \u00cen\u0103l\u021bime total\u0103 170 mm"},"content":{"rendered":"<hr \/>\n<h3>Ventilator centrifugal de \u00eencercare Cod CAH12Y4-004<\/h3>\n<p><strong>Caracteristici generale ale ventilatorului centrifugal Trial Cod CAH12Y4-004<\/strong><\/p>\n<p>Melcul ventilatoarelor centrifugale cu o singur\u0103 aspira\u021bie este deschis pe ambele p\u0103r\u021bi, maximiz\u00e2nd raportul dintre lungimea ventilatorului \u0219i dimensiunile longitudinale.<\/p>\n<p>Caracteristicile principale ale acestei serii de produse Fergas sunt: eficien\u021b\u0103 ridicat\u0103, zgomot redus, design robust \u0219i consum redus.<\/p>\n<p>Aceast\u0103 familie include o serie de produse dezvoltate pentru a asigura un nivel sc\u0103zut de zgomot la alimentarea controllerelor electronice (TRIAC).<\/p>\n<p>Sistemele de ac\u021bionare includ: motoare cu protec\u021bie polar\u0103, motoare PSC cu rotor extern \u0219i motoare f\u0103r\u0103 perii.<\/p>\n<p>Diametrele ventilatoarelor variaz\u0103 \u00eentre 76 \u0219i 133 mm, iar lungimile \u00eentre 87 \u0219i 196 mm.<\/p>\n<h3><strong>Aplica\u021bii<\/strong><\/h3>\n<ul>\n<li>Sobe pe pele\u021bi<\/li>\n<li>\u0218eminee<\/li>\n<li>Ventila\u021bie<\/li>\n<\/ul>\n<h3>Caracteristici de construc\u021bie :<\/h3>\n<p>Ventilatoarele centrifugale Trial cu admisie dubl\u0103 se caracterizeaz\u0103 prin robuste\u021bea \u0219i calitatea construc\u021biei lor.<\/p>\n<p>Melcii din tabl\u0103 pregalvanizat\u0103 sunt proiecta\u021bi cu o alegere atent\u0103 a grosimilor \u0219i geometriilor pentru a asigura un nivel adecvat de rigiditate structural\u0103 la o greutate redus\u0103.<\/p>\n<p>Tehnologiile de asamblare Fergas dezvoltate \u00eempreun\u0103 cu produsul garanteaz\u0103 soliditatea \u0219i absen\u021ba vibra\u021biilor \u0219i a rezonan\u021belor.<\/p>\n<p>Se acord\u0103 o aten\u021bie deosebit\u0103 liniarit\u0103\u021bii portului de eflux \u0219i finisajelor mecanice.<\/p>\n<p><strong>Prezent \u00een aparatele tipice<\/strong>\u00a0Soba pe pele\u021bi - Cazan pe pele\u021bi - Arz\u0103tor pe pele\u021bi - Gr\u0103tar pe pele\u021bi Cazan pe biomas\u0103 - Arz\u0103tor pe biomas\u0103 - \u0218i multe alte arz\u0103toare<\/p>\n<h3>Utilizarea ventilatorului centrifugal Trial Cod CAH12Y4-004<\/h3>\n<p>Ventilatorul centrifugal propus de Amrtop este instalat \u00een aparatele pe biomas\u0103 pentru a extrage aerul cald creat de corpul de ardere \u0219i apoi pentru a-l difuza \u00een mediul \u00eenconjur\u0103tor.<\/p>\n<h3><strong>Interior<\/strong><\/h3>\n<p><a href=\"https:\/\/wekos.it\/\" data-saferedirecturl=\"https:\/\/www.google.com\/url?q=https:\/\/wekos.it\/&amp;source=gmail&amp;ust=1663403130342000&amp;usg=AOvVaw3tSc8ifXpY10c_ra5yONOm\">Sobe, aragazuri \u0219i aragazuri pe lemne<\/a>\u00a0-\u00a0<a href=\"https:\/\/www.greenpuros.com\/\" data-saferedirecturl=\"https:\/\/www.google.com\/url?q=https:\/\/www.greenpuros.com\/&amp;source=gmail&amp;ust=1663403130342000&amp;usg=AOvVaw2rCyFqxLjIIe738oWB-E-2\">\u0219eminee, sobe \u0219i cazane pe pele\u021bi.<\/a><\/p>\n<h3><strong>Gama Amrtop de piese de schimb \u0219i accesorii<\/strong><\/h3>\n<p><a href=\"https:\/\/amrtop.com\/B2B\/categoria-prodotto\/ricambi-vari-stufe-e-caldaie\/candelette\/\" data-saferedirecturl=\"https:\/\/www.google.com\/url?q=https:\/\/amrtop.com\/B2B\/categoria-prodotto\/ricambi-vari-stufe-e-caldaie\/candelette\/&amp;source=gmail&amp;ust=1663403130342000&amp;usg=AOvVaw3cT38HnSsz4xuQlMi_7-z9\"><strong>Candelete<\/strong><\/a><\/p>\n<p><a href=\"https:\/\/amrtop.com\/B2B\/categoria-prodotto\/ricambi-vari-stufe-e-caldaie\/elettronica\/\" data-saferedirecturl=\"https:\/\/www.google.com\/url?q=https:\/\/amrtop.com\/B2B\/categoria-prodotto\/ricambi-vari-stufe-e-caldaie\/elettronica\/&amp;source=gmail&amp;ust=1663403130342000&amp;usg=AOvVaw3mepcYaPbakVEwUVJDxlw3\">Elettronica<\/a><\/p>\n<p><a href=\"https:\/\/amrtop.com\/B2B\/categoria-prodotto\/ricambi-vari-stufe-e-caldaie\/estrattori-fumo\/\" data-saferedirecturl=\"https:\/\/www.google.com\/url?q=https:\/\/amrtop.com\/B2B\/categoria-prodotto\/ricambi-vari-stufe-e-caldaie\/estrattori-fumo\/&amp;source=gmail&amp;ust=1663403130342000&amp;usg=AOvVaw23VRMb5qGMzj3rPfjhwLVa\">Estrattori fumo<\/a><\/p>\n<p><a href=\"https:\/\/amrtop.com\/B2B\/categoria-prodotto\/ricambi-vari-stufe-e-caldaie\/guaine-cavi-connettori\/\" data-saferedirecturl=\"https:\/\/www.google.com\/url?q=https:\/\/amrtop.com\/B2B\/categoria-prodotto\/ricambi-vari-stufe-e-caldaie\/guaine-cavi-connettori\/&amp;source=gmail&amp;ust=1663403130342000&amp;usg=AOvVaw3xEFWk54nkBc-8XF-aDExG\">Guaine cavi conectori<\/a><\/p>\n<p><a href=\"https:\/\/amrtop.com\/B2B\/categoria-prodotto\/ricambi-vari-stufe-e-caldaie\/guaine-cavi-connettori\/\" data-saferedirecturl=\"https:\/\/www.google.com\/url?q=https:\/\/amrtop.com\/B2B\/categoria-prodotto\/ricambi-vari-stufe-e-caldaie\/guaine-cavi-connettori\/&amp;source=gmail&amp;ust=1663403130342000&amp;usg=AOvVaw3xEFWk54nkBc-8XF-aDExG\">Garnituri din silicon<\/a><\/p>\n<p><a href=\"https:\/\/amrtop.com\/B2B\/categoria-prodotto\/ricambi-vari-stufe-e-caldaie\/motoriduttori\/\" data-saferedirecturl=\"https:\/\/www.google.com\/url?q=https:\/\/amrtop.com\/B2B\/categoria-prodotto\/ricambi-vari-stufe-e-caldaie\/motoriduttori\/&amp;source=gmail&amp;ust=1663403130342000&amp;usg=AOvVaw24hHKeeCCjWYdmDRYP7UuA\">Motoriduttori<\/a><\/p>\n<p><a href=\"https:\/\/amrtop.com\/B2B\/categoria-prodotto\/ricambi-vari-stufe-e-caldaie\/pressostati-e-trasduttori\/\" data-saferedirecturl=\"https:\/\/www.google.com\/url?q=https:\/\/amrtop.com\/B2B\/categoria-prodotto\/ricambi-vari-stufe-e-caldaie\/pressostati-e-trasduttori\/&amp;source=gmail&amp;ust=1663403130342000&amp;usg=AOvVaw1y8CSVyfThOy2iedKIlnQs\">Declara\u021bii de pres\u0103 \u0219i declara\u021bii de pres\u0103<\/a><\/p>\n<p><a href=\"https:\/\/amrtop.com\/B2B\/categoria-prodotto\/ricambi-vari-stufe-e-caldaie\/sonde-termostati-manometri-termometri\/\" data-saferedirecturl=\"https:\/\/www.google.com\/url?q=https:\/\/amrtop.com\/B2B\/categoria-prodotto\/ricambi-vari-stufe-e-caldaie\/sonde-termostati-manometri-termometri\/&amp;source=gmail&amp;ust=1663403130342000&amp;usg=AOvVaw3NlPUmNIJRiI7jx3JmBNJ_\">Sonde termostati manometri termometri<\/a><\/p>\n<p><a href=\"https:\/\/amrtop.com\/B2B\/categoria-prodotto\/ricambi-vari-stufe-e-caldaie\/trecce-di-tenuta\/\" data-saferedirecturl=\"https:\/\/www.google.com\/url?q=https:\/\/amrtop.com\/B2B\/categoria-prodotto\/ricambi-vari-stufe-e-caldaie\/trecce-di-tenuta\/&amp;source=gmail&amp;ust=1663403130342000&amp;usg=AOvVaw3oOiK-T1t8TQtI2T9_e__J\">Trecce di tenuta<\/a><\/p>\n<p><a href=\"https:\/\/amrtop.com\/B2B\/categoria-prodotto\/ricambi-vari-stufe-e-caldaie\/ventilatori-centrifughi\/\" data-saferedirecturl=\"https:\/\/www.google.com\/url?q=https:\/\/amrtop.com\/B2B\/categoria-prodotto\/ricambi-vari-stufe-e-caldaie\/ventilatori-centrifughi\/&amp;source=gmail&amp;ust=1663403130342000&amp;usg=AOvVaw0DLoRIvbQrx86ebZjwVapE\">Ventilatoare centrifuge<\/a><\/p>\n<p><a href=\"https:\/\/amrtop.com\/B2B\/categoria-prodotto\/ricambi-vari-stufe-e-caldaie\/ventilatori-tangenziali\/\" data-saferedirecturl=\"https:\/\/www.google.com\/url?q=https:\/\/amrtop.com\/B2B\/categoria-prodotto\/ricambi-vari-stufe-e-caldaie\/ventilatori-tangenziali\/&amp;source=gmail&amp;ust=1663403130342000&amp;usg=AOvVaw2QqnBrBKJYlm8dBhN64Ved\">Ventilatoare tangen\u021biale<\/a><\/p>\n<p><a href=\"https:\/\/amrtop.com\/B2B\/categoria-prodotto\/ricambi-vari-stufe-e-caldaie\/adesivi-e-sigillanti\/\" data-saferedirecturl=\"https:\/\/www.google.com\/url?q=https:\/\/amrtop.com\/B2B\/categoria-prodotto\/ricambi-vari-stufe-e-caldaie\/adesivi-e-sigillanti\/&amp;source=gmail&amp;ust=1663403130342000&amp;usg=AOvVaw3yKnda163i6HB7ZePeuLU8\">Adesivi \u0219i sigilan\u021bi<\/a><\/p>\n<p>Personalul de la\u00a0<strong>Amrtop<\/strong>\u00a0a fost instruit cu aten\u021bie pentru a v\u0103 ajuta s\u0103 identifica\u021bi piesele de schimb pe care ar putea fi necesar s\u0103 le \u00eenlocui\u021bi, iar asisten\u021ba telefonic\u0103 este disponibil\u0103 \u00een limbile englez\u0103, francez\u0103, rom\u00e2n\u0103 \u0219i italian\u0103.<br \/>\nNu ezita\u021bi s\u0103 ne contacta\u021bi<\/p>\n<p>&nbsp;<\/p>","protected":false},"excerpt":{"rendered":"<hr \/>\n<h2><span style=\"color: #008000\">Disponibil la<\/span><\/h2>\n<hr \/>\n<p>Cod CAH12Y4-004<\/p>\n<p>Ventilator \u00f8 120 mm<\/p>\n<p>Lungime total\u0103: 141 mm<\/p>\n<p>\u00cen\u0103l\u021bime total\u0103: 170 mm<\/p>\n<p>Ad\u00e2ncime total\u0103: 163 mm<\/p>\n<p>Debit: 180 m\u00b3\/h<\/p>\n<p>Pachet de fulgi: 25 mm<\/p>\n<p>Putere: 55 W<\/p>\n<p>Clasa H - Protec\u021bie termic\u0103 150\u00b0C<\/p>","protected":false},"featured_media":35144,"comment_status":"open","ping_status":"closed","template":"","meta":[],"product_brand":[],"product_cat":[839,1300,1301,1386],"product_tag":[],"class_list":{"0":"post-18591","1":"product","2":"type-product","3":"status-publish","4":"has-post-thumbnail","6":"product_cat-pieces-de-rechange-divers-poeles-et-chaudieres","7":"product_cat-ventilateurs-centrifuges-pour-poeles-a-pellets","8":"product_cat-ventilateurs-centrifuges-trial","9":"product_cat-ventilateurs-centrifuges-trial-pour-canalisation-dair-chaud","10":"product_shipping_class-classe-di-spedizione-02","12":"first","13":"instock","14":"shipping-taxable","15":"purchasable","16":"product-type-simple"},"yoast_head":"<!-- This site is optimized with the Yoast SEO plugin v27.5 - https:\/\/yoast.com\/product\/yoast-seo-wordpress\/ -->\n<title>Ventilateur centrifuge Trial Code CAH12Y4-004<\/title>\n<meta name=\"description\" content=\"Ventilateur centrifuge Trial Code CAH12Y4-004 - Ventilateur centrifuge Trial Code CAH12Y4-004 pour po\u00eales et chaudi\u00e8res \u00e0 pellets\" \/>\n<meta name=\"robots\" content=\"index, follow, max-snippet:-1, max-image-preview:large, max-video-preview:-1\" \/>\n<link rel=\"canonical\" href=\"https:\/\/amrtop.net\/ro\/produs\/ventilator-centrifugal-trial-cod-cah12y4-004-lungime-totala-141-mm-inaltime-totala-170-mm\/\" \/>\n<meta property=\"og:locale\" content=\"ro_RO\" \/>\n<meta property=\"og:type\" content=\"article\" \/>\n<meta property=\"og:title\" content=\"Ventilateur centrifuge Trial Code CAH12Y4-004\" \/>\n<meta property=\"og:description\" content=\"Ventilateur centrifuge Trial Code CAH12Y4-004 - Ventilateur centrifuge Trial Code CAH12Y4-004 pour po\u00eales et chaudi\u00e8res \u00e0 pellets\" \/>\n<meta property=\"og:url\" content=\"https:\/\/amrtop.net\/ro\/produs\/ventilator-centrifugal-trial-cod-cah12y4-004-lungime-totala-141-mm-inaltime-totala-170-mm\/\" \/>\n<meta property=\"og:site_name\" content=\"AMRTOP B2B \u00c9tranger - Achats r\u00e9serv\u00e9s au professionnel\" \/>\n<meta property=\"article:modified_time\" content=\"2023-06-06T08:54:10+00:00\" \/>\n<meta property=\"og:image\" content=\"https:\/\/amrtop.net\/wp-content\/uploads\/2020\/10\/CAH12Y4004.jpg\" \/>\n\t<meta property=\"og:image:width\" content=\"960\" \/>\n\t<meta property=\"og:image:height\" content=\"960\" \/>\n\t<meta property=\"og:image:type\" content=\"image\/jpeg\" \/>\n<meta name=\"twitter:card\" content=\"summary_large_image\" \/>\n<meta name=\"twitter:label1\" content=\"Timp estimat pentru citire\" \/>\n\t<meta name=\"twitter:data1\" content=\"1 minut\" \/>\n<script type=\"application\/ld+json\" class=\"yoast-schema-graph\">{\"@context\":\"https:\\\/\\\/schema.org\",\"@graph\":[{\"@type\":\"WebPage\",\"@id\":\"https:\\\/\\\/amrtop.net\\\/produit\\\/ventilateur-centrifuge-trial-code-cah12y4-004-encombrement-longueur-141-mm-encombrement-hauteur-170-mm\\\/\",\"url\":\"https:\\\/\\\/amrtop.net\\\/produit\\\/ventilateur-centrifuge-trial-code-cah12y4-004-encombrement-longueur-141-mm-encombrement-hauteur-170-mm\\\/\",\"name\":\"Ventilateur centrifuge Trial Code CAH12Y4-004\",\"isPartOf\":{\"@id\":\"https:\\\/\\\/amrtop.net\\\/#website\"},\"primaryImageOfPage\":{\"@id\":\"https:\\\/\\\/amrtop.net\\\/produit\\\/ventilateur-centrifuge-trial-code-cah12y4-004-encombrement-longueur-141-mm-encombrement-hauteur-170-mm\\\/#primaryimage\"},\"image\":{\"@id\":\"https:\\\/\\\/amrtop.net\\\/produit\\\/ventilateur-centrifuge-trial-code-cah12y4-004-encombrement-longueur-141-mm-encombrement-hauteur-170-mm\\\/#primaryimage\"},\"thumbnailUrl\":\"https:\\\/\\\/amrtop.net\\\/wp-content\\\/uploads\\\/2020\\\/10\\\/CAH12Y4004.jpg\",\"datePublished\":\"2020-10-01T00:00:00+00:00\",\"dateModified\":\"2023-06-06T08:54:10+00:00\",\"description\":\"Ventilateur centrifuge Trial Code CAH12Y4-004 - Ventilateur centrifuge Trial Code CAH12Y4-004 pour po\u00eales et chaudi\u00e8res \u00e0 pellets\",\"breadcrumb\":{\"@id\":\"https:\\\/\\\/amrtop.net\\\/produit\\\/ventilateur-centrifuge-trial-code-cah12y4-004-encombrement-longueur-141-mm-encombrement-hauteur-170-mm\\\/#breadcrumb\"},\"inLanguage\":\"ro-RO\",\"potentialAction\":[{\"@type\":\"ReadAction\",\"target\":[\"https:\\\/\\\/amrtop.net\\\/produit\\\/ventilateur-centrifuge-trial-code-cah12y4-004-encombrement-longueur-141-mm-encombrement-hauteur-170-mm\\\/\"]}]},{\"@type\":\"ImageObject\",\"inLanguage\":\"ro-RO\",\"@id\":\"https:\\\/\\\/amrtop.net\\\/produit\\\/ventilateur-centrifuge-trial-code-cah12y4-004-encombrement-longueur-141-mm-encombrement-hauteur-170-mm\\\/#primaryimage\",\"url\":\"https:\\\/\\\/amrtop.net\\\/wp-content\\\/uploads\\\/2020\\\/10\\\/CAH12Y4004.jpg\",\"contentUrl\":\"https:\\\/\\\/amrtop.net\\\/wp-content\\\/uploads\\\/2020\\\/10\\\/CAH12Y4004.jpg\",\"width\":960,\"height\":960,\"caption\":\"Ventilateur centrifuge Trial Code CAH12Y4-004 - Ventilateur centrifuge Trial Code CAH12Y4-004 pour po\u00eales et chaudi\u00e8res \u00e0 pellets\"},{\"@type\":\"BreadcrumbList\",\"@id\":\"https:\\\/\\\/amrtop.net\\\/produit\\\/ventilateur-centrifuge-trial-code-cah12y4-004-encombrement-longueur-141-mm-encombrement-hauteur-170-mm\\\/#breadcrumb\",\"itemListElement\":[{\"@type\":\"ListItem\",\"position\":1,\"name\":\"Home\",\"item\":\"https:\\\/\\\/amrtop.net\\\/\"},{\"@type\":\"ListItem\",\"position\":2,\"name\":\"Shop\",\"item\":\"https:\\\/\\\/amrtop.net\\\/negozio\\\/\"},{\"@type\":\"ListItem\",\"position\":3,\"name\":\"Ventilateur centrifuge Trial Code CAH12Y4-004 &#8211; Encombrement longueur 141 mm &#8211; Encombrement hauteur 170 mm\"}]},{\"@type\":\"WebSite\",\"@id\":\"https:\\\/\\\/amrtop.net\\\/#website\",\"url\":\"https:\\\/\\\/amrtop.net\\\/\",\"name\":\"AMRTOP B2B \u00c9tranger - Achats r\u00e9serv\u00e9s au professionnel\",\"description\":\"Pi\u00e8ces de rechange et accessoires pour po\u00eales et chaudi\u00e8res - eCommerce B2B pour Clients Professionnels\",\"potentialAction\":[{\"@type\":\"SearchAction\",\"target\":{\"@type\":\"EntryPoint\",\"urlTemplate\":\"https:\\\/\\\/amrtop.net\\\/?s={search_term_string}\"},\"query-input\":{\"@type\":\"PropertyValueSpecification\",\"valueRequired\":true,\"valueName\":\"search_term_string\"}}],\"inLanguage\":\"ro-RO\"}]}<\/script>\n<!-- \/ Yoast SEO plugin. -->","yoast_head_json":{"title":"Ventilator centrifugal de \u00eencercare Cod CAH12Y4-004","description":"Ventilator centrifugal de prob\u0103 Cod CAH12Y4-004 - Ventilator centrifugal de prob\u0103 Cod CAH12Y4-004 pentru sobe \u0219i cazane pe pele\u021bi","robots":{"index":"index","follow":"follow","max-snippet":"max-snippet:-1","max-image-preview":"max-image-preview:large","max-video-preview":"max-video-preview:-1"},"canonical":"https:\/\/amrtop.net\/ro\/produs\/ventilator-centrifugal-trial-cod-cah12y4-004-lungime-totala-141-mm-inaltime-totala-170-mm\/","og_locale":"ro_RO","og_type":"article","og_title":"Ventilateur centrifuge Trial Code CAH12Y4-004","og_description":"Ventilateur centrifuge Trial Code CAH12Y4-004 - Ventilateur centrifuge Trial Code CAH12Y4-004 pour po\u00eales et chaudi\u00e8res \u00e0 pellets","og_url":"https:\/\/amrtop.net\/ro\/produs\/ventilator-centrifugal-trial-cod-cah12y4-004-lungime-totala-141-mm-inaltime-totala-170-mm\/","og_site_name":"AMRTOP B2B \u00c9tranger - Achats r\u00e9serv\u00e9s au professionnel","article_modified_time":"2023-06-06T08:54:10+00:00","og_image":[{"width":960,"height":960,"url":"https:\/\/amrtop.net\/wp-content\/uploads\/2020\/10\/CAH12Y4004.jpg","type":"image\/jpeg"}],"twitter_card":"summary_large_image","twitter_misc":{"Timp estimat pentru citire":"1 minut"},"schema":{"@context":"https:\/\/schema.org","@graph":[{"@type":"WebPage","@id":"https:\/\/amrtop.net\/produit\/ventilateur-centrifuge-trial-code-cah12y4-004-encombrement-longueur-141-mm-encombrement-hauteur-170-mm\/","url":"https:\/\/amrtop.net\/produit\/ventilateur-centrifuge-trial-code-cah12y4-004-encombrement-longueur-141-mm-encombrement-hauteur-170-mm\/","name":"Ventilator centrifugal de \u00eencercare Cod CAH12Y4-004","isPartOf":{"@id":"https:\/\/amrtop.net\/#website"},"primaryImageOfPage":{"@id":"https:\/\/amrtop.net\/produit\/ventilateur-centrifuge-trial-code-cah12y4-004-encombrement-longueur-141-mm-encombrement-hauteur-170-mm\/#primaryimage"},"image":{"@id":"https:\/\/amrtop.net\/produit\/ventilateur-centrifuge-trial-code-cah12y4-004-encombrement-longueur-141-mm-encombrement-hauteur-170-mm\/#primaryimage"},"thumbnailUrl":"https:\/\/amrtop.net\/wp-content\/uploads\/2020\/10\/CAH12Y4004.jpg","datePublished":"2020-10-01T00:00:00+00:00","dateModified":"2023-06-06T08:54:10+00:00","description":"Ventilator centrifugal de prob\u0103 Cod CAH12Y4-004 - Ventilator centrifugal de prob\u0103 Cod CAH12Y4-004 pentru sobe \u0219i cazane pe pele\u021bi","breadcrumb":{"@id":"https:\/\/amrtop.net\/produit\/ventilateur-centrifuge-trial-code-cah12y4-004-encombrement-longueur-141-mm-encombrement-hauteur-170-mm\/#breadcrumb"},"inLanguage":"ro-RO","potentialAction":[{"@type":"ReadAction","target":["https:\/\/amrtop.net\/produit\/ventilateur-centrifuge-trial-code-cah12y4-004-encombrement-longueur-141-mm-encombrement-hauteur-170-mm\/"]}]},{"@type":"ImageObject","inLanguage":"ro-RO","@id":"https:\/\/amrtop.net\/produit\/ventilateur-centrifuge-trial-code-cah12y4-004-encombrement-longueur-141-mm-encombrement-hauteur-170-mm\/#primaryimage","url":"https:\/\/amrtop.net\/wp-content\/uploads\/2020\/10\/CAH12Y4004.jpg","contentUrl":"https:\/\/amrtop.net\/wp-content\/uploads\/2020\/10\/CAH12Y4004.jpg","width":960,"height":960,"caption":"Ventilateur centrifuge Trial Code CAH12Y4-004 - Ventilateur centrifuge Trial Code CAH12Y4-004 pour po\u00eales et chaudi\u00e8res \u00e0 pellets"},{"@type":"BreadcrumbList","@id":"https:\/\/amrtop.net\/produit\/ventilateur-centrifuge-trial-code-cah12y4-004-encombrement-longueur-141-mm-encombrement-hauteur-170-mm\/#breadcrumb","itemListElement":[{"@type":"ListItem","position":1,"name":"Home","item":"https:\/\/amrtop.net\/"},{"@type":"ListItem","position":2,"name":"Shop","item":"https:\/\/amrtop.net\/negozio\/"},{"@type":"ListItem","position":3,"name":"Ventilateur centrifuge Trial Code CAH12Y4-004 &#8211; Encombrement longueur 141 mm &#8211; Encombrement hauteur 170 mm"}]},{"@type":"WebSite","@id":"https:\/\/amrtop.net\/#website","url":"https:\/\/amrtop.net\/","name":"AMRTOP B2B Abroad - Achizi\u021bii rezervate profesioni\u0219tilor","description":"Piese de schimb \u0219i accesorii pentru sobe \u0219i cazane - eCommerce B2B pentru clien\u021bi profesioni\u0219ti","potentialAction":[{"@type":"SearchAction","target":{"@type":"EntryPoint","urlTemplate":"https:\/\/amrtop.net\/?s={search_term_string}"},"query-input":{"@type":"PropertyValueSpecification","valueRequired":true,"valueName":"search_term_string"}}],"inLanguage":"ro-RO"}]}},"_links":{"self":[{"href":"https:\/\/amrtop.net\/ro\/wp-json\/wp\/v2\/product\/18591","targetHints":{"allow":["GET"]}}],"collection":[{"href":"https:\/\/amrtop.net\/ro\/wp-json\/wp\/v2\/product"}],"about":[{"href":"https:\/\/amrtop.net\/ro\/wp-json\/wp\/v2\/types\/product"}],"replies":[{"embeddable":true,"href":"https:\/\/amrtop.net\/ro\/wp-json\/wp\/v2\/comments?post=18591"}],"wp:featuredmedia":[{"embeddable":true,"href":"https:\/\/amrtop.net\/ro\/wp-json\/wp\/v2\/media\/35144"}],"wp:attachment":[{"href":"https:\/\/amrtop.net\/ro\/wp-json\/wp\/v2\/media?parent=18591"}],"wp:term":[{"taxonomy":"product_brand","embeddable":true,"href":"https:\/\/amrtop.net\/ro\/wp-json\/wp\/v2\/product_brand?post=18591"},{"taxonomy":"product_cat","embeddable":true,"href":"https:\/\/amrtop.net\/ro\/wp-json\/wp\/v2\/product_cat?post=18591"},{"taxonomy":"product_tag","embeddable":true,"href":"https:\/\/amrtop.net\/ro\/wp-json\/wp\/v2\/product_tag?post=18591"}],"curies":[{"name":"wp","href":"https:\/\/api.w.org\/{rel}","templated":true}]}}