{"id":18622,"date":"1970-01-01T00:00:00","date_gmt":"1970-01-01T00:00:00","guid":{"rendered":"https:\/\/amrtop.com\/B2B\/?post_type=product&#038;p=18622"},"modified":"2023-05-26T13:02:30","modified_gmt":"2023-05-26T13:02:30","slug":"extracteur-de-fumees-fandis-code-fnds025-ventilateur-o-150-mm-hauteur-du-ventilateur-25-mm","status":"publish","type":"product","link":"https:\/\/amrtop.net\/ro\/produit\/extracteur-de-fumees-fandis-code-fnds025-ventilateur-o-150-mm-hauteur-du-ventilateur-25-mm\/","title":{"rendered":"Extracteur de fum\u00e9es Fandis Code FNDS025 \u2013 Ventilateur \u00f8 150 mm \u2013 Hauteur du ventilateur 25 mm"},"content":{"rendered":"<hr \/>\n<h3>Extracteur fum\u00e9e Fandis hauteur du ventilateur 25 mm<\/h3>\n<p>Amrtop ofer\u0103 extractorul de fum Fandis cu rotor extern pentru soliditatea \u0219i fiabilitatea sa.<\/p>\n<p>Fandis este un brand recunoscut la nivel interna\u021bional pentru expertiza tehnic\u0103 \u0219i comercial\u0103 pe care a dob\u00e2ndit-o \u0219i pentru experien\u021ba pe care a dob\u00e2ndit-o pe diferite pie\u021be.<\/p>\n<p>La aceasta se adaug\u0103 experien\u021ba dob\u00e2ndit\u0103 \u00een domeniul ventila\u021biei aplicat\u0103 \u00een sectoarele de refrigerare, \u00eenc\u0103lzire \u0219i electronic\u0103.<\/p>\n<p>Extractoarele de fum Fandis oferite de Amrtop au fost concepute pentru utilizarea \u00een sobe pe pele\u021bi \u0219i cazane pe biomas\u0103. Livrat cu melc din aluminiu turnat sub presiune \u0219i ventilator din aluminiu turnat sub presiune.<\/p>\n<h3>Care este scopul extractorului de fum?<\/h3>\n<p>Extragerea \u0219i eliminarea gazelor de e\u0219apament este o aplica\u021bie vital\u0103 \u00een sistemul de \u00eenc\u0103lzire pe pele\u021bi, deoarece o func\u021bionare defectuoas\u0103 a sistemului ar putea duce la eliberarea de substan\u021be nocive \u00een mediul \u00eenconjur\u0103tor.<br \/>\nExtractorul de fum este cea mai important\u0103 component\u0103, deoarece este activ la 100% \u00een toate fazele de func\u021bionare a sobei.<\/p>\n<h3>Utilisation de l\u2019extracteur de fum\u00e9e Fandis hauteur du ventilateur 25 mm<\/h3>\n<p>Les extracteurs de fum\u00e9e Fandis propos\u00e9s par Amrtop s\u2019installent dans les appareils \u00e0 biomasse pour expulser les fum\u00e9es cr\u00e9\u00e9es par la combustion des po\u00eales et chaudi\u00e8res \u00e0 Pellet, Nocciolino, Sansa, Cippato etc&#8230;<\/p>\n<p><strong>Prezent \u00een aparatele tipice<\/strong>\u00a0Soba pe pele\u021bi - Cazan pe pele\u021bi - Arz\u0103tor pe pele\u021bi - Gr\u0103tar pe pele\u021bi Cazan pe biomas\u0103 - Arz\u0103tor pe biomas\u0103 - \u0218i multe alte arz\u0103toare<\/p>\n<h3><strong>Interior<\/strong><\/h3>\n<p><a href=\"https:\/\/wekos.it\/\">Sobe, aragazuri \u0219i aragazuri pe lemne<\/a>\u00a0-\u00a0<a href=\"https:\/\/www.greenpuros.com\/\">\u0219eminee, sobe \u0219i cazane pe pele\u021bi.<\/a><\/p>\n<h3><strong>Gama Amrtop de piese de schimb \u0219i accesorii<\/strong><\/h3>\n<p><a href=\"https:\/\/amrtop.net\/ro\/categoria-de-produse\/piese-de-schimb-sobe-si-cazane-de-gatit-si-cazane-mixte-2\/bougies-dallumage-pour-poeles-et-chaudieres-a-pellets\/\">Bujii incandescente<\/a><\/p>\n<p><a href=\"https:\/\/amrtop.net\/ro\/categoria-de-produse\/piese-de-schimb-sobe-si-cazane-de-gatit-si-cazane-mixte-2\/electronique\/\">Electronic\u0103<\/a><\/p>\n<p><a href=\"https:\/\/amrtop.net\/ro\/categoria-de-produse\/piese-de-schimb-sobe-si-cazane-de-gatit-si-cazane-mixte-2\/extracteurs-de-fumee\/\">Extractoare de fum<\/a><\/p>\n<p><a href=\"https:\/\/amrtop.net\/ro\/categoria-de-produse\/piese-de-schimb-sobe-si-cazane-de-gatit-si-cazane-mixte-2\/gaines-cable-connecteurs\/\">Teci de cablu conector<\/a><\/p>\n<p><a href=\"https:\/\/amrtop.net\/ro\/categoria-de-produse\/piese-de-schimb-sobe-si-cazane-de-gatit-si-cazane-mixte-2\/joints-de-silicone\/\">Garnituri de silicon<\/a><\/p>\n<p><a href=\"https:\/\/amrtop.net\/ro\/categoria-de-produse\/piese-de-schimb-sobe-si-cazane-de-gatit-si-cazane-mixte-2\/motoreducteurs\/\">Motoare cu angrenaje<\/a><\/p>\n<p><a href=\"https:\/\/amrtop.net\/ro\/categoria-de-produse\/piese-de-schimb-sobe-si-cazane-de-gatit-si-cazane-mixte-2\/pressostats-et-transducteurs\/\">Presostate \u0219i traductoare de presiune<\/a><\/p>\n<p><a href=\"https:\/\/amrtop.com\/B2B\/fr\/categorie-produit\/ricambi-vari-stufe-e-caldaie\/sonde-termostati-manometri-termometri\/\">Sonde termostate manometre termometre termometre<\/a><\/p>\n<p><a href=\"https:\/\/amrtop.net\/ro\/categoria-de-produse\/piese-de-schimb-sobe-si-cazane-de-gatit-si-cazane-mixte-2\/joints-detancheite\/\">Tricotaje de etan\u0219are<\/a><\/p>\n<p><a href=\"https:\/\/amrtop.net\/ro\/categoria-de-produse\/piese-de-schimb-sobe-si-cazane-de-gatit-si-cazane-mixte-2\/ventilateurs-centrifuges-pour-poeles-a-pellets\/\">Ventilatoare centrifuge<\/a><\/p>\n<p><a href=\"https:\/\/amrtop.net\/ro\/categoria-de-produse\/piese-de-schimb-sobe-si-cazane-de-gatit-si-cazane-mixte-2\/ventilateurs-tangentiels-flux-transversal\/\">Ventilatoare cu flux \u00eencruci\u0219at<\/a><\/p>\n<p><a href=\"https:\/\/amrtop.net\/ro\/categoria-de-produse\/piese-de-schimb-sobe-si-cazane-de-gatit-si-cazane-mixte-2\/adhesifs-et-produits-detancheite\/\">Adezivi \u0219i materiale de etan\u0219are<\/a><\/p>\n<p>Personalul de la\u00a0<strong>Amrtop<\/strong>\u00a0a fost instruit cu aten\u021bie pentru a v\u0103 ajuta s\u0103 identifica\u021bi piesele de schimb pe care ar putea fi necesar s\u0103 le \u00eenlocui\u021bi, iar asisten\u021ba telefonic\u0103 este disponibil\u0103 \u00een limbile englez\u0103, francez\u0103, rom\u00e2n\u0103 \u0219i italian\u0103.<br \/>\nNu ezita\u021bi s\u0103 ne contacta\u021bi<\/p>","protected":false},"excerpt":{"rendered":"<hr \/>\n<h2><span style=\"color: #008000\">Disponibil la<\/span><\/h2>\n<hr \/>\n<h3>Extracteur de fum\u00e9es Fandis ventilateur H 25 mm<\/h3>\n<p>Cod.FNDS025<\/p>\n<p>Ventilator: \u00f8 150 mm<\/p>\n<p>Hauteur du ventilateur : 25 mm<\/p>\n<p>Vitesse : 2700 &#8211; 3015 RPM<\/p>\n<p>Puissance : 23 &#8211; 27 Watt<\/p>\n<p>Capteur d\u2019effet Hall inclus<\/p>","protected":false},"featured_media":35189,"comment_status":"open","ping_status":"closed","template":"","meta":[],"product_brand":[],"product_cat":[1305,1308,839],"product_tag":[],"class_list":{"0":"post-18622","1":"product","2":"type-product","3":"status-publish","4":"has-post-thumbnail","6":"product_cat-extracteurs-de-fumee","7":"product_cat-extracteurs-de-fumee-fandis","8":"product_cat-pieces-de-rechange-divers-poeles-et-chaudieres","9":"product_shipping_class-classe-di-spedizione-02","11":"first","12":"instock","13":"shipping-taxable","14":"purchasable","15":"product-type-simple"},"yoast_head":"<!-- This site is optimized with the Yoast SEO plugin v27.4 - https:\/\/yoast.com\/product\/yoast-seo-wordpress\/ -->\n<title>Extracteur fum\u00e9e Fandis hauteur du ventilateur 25 mm<\/title>\n<meta name=\"description\" content=\"Extracteur fum\u00e9e Fandis hauteur ventilateur 25 mm-Extracteur fum\u00e9e Fandis po\u00eales et chaudi\u00e8res \u00e0 pellets-Extracteur fum\u00e9e Fandis\" \/>\n<meta name=\"robots\" content=\"index, follow, max-snippet:-1, max-image-preview:large, max-video-preview:-1\" \/>\n<link rel=\"canonical\" href=\"https:\/\/amrtop.net\/ro\/produs\/extracteur-de-fumees-fandis-code-fnds025-ventilateur-o-150-mm-hauteur-du-ventilateur-25-mm\/\" \/>\n<meta property=\"og:locale\" content=\"ro_RO\" \/>\n<meta property=\"og:type\" content=\"article\" \/>\n<meta property=\"og:title\" content=\"Extracteur fum\u00e9e Fandis hauteur du ventilateur 25 mm\" \/>\n<meta property=\"og:description\" content=\"Extracteur fum\u00e9e Fandis hauteur ventilateur 25 mm-Extracteur fum\u00e9e Fandis po\u00eales et chaudi\u00e8res \u00e0 pellets-Extracteur fum\u00e9e Fandis\" \/>\n<meta property=\"og:url\" content=\"https:\/\/amrtop.net\/ro\/produs\/extracteur-de-fumees-fandis-code-fnds025-ventilateur-o-150-mm-hauteur-du-ventilateur-25-mm\/\" \/>\n<meta property=\"og:site_name\" content=\"AMRTOP B2B \u00c9tranger - Achats r\u00e9serv\u00e9s au professionnel\" \/>\n<meta property=\"article:modified_time\" content=\"2023-05-26T13:02:30+00:00\" \/>\n<meta property=\"og:image\" content=\"https:\/\/amrtop.net\/wp-content\/uploads\/1970\/01\/FNDS025.jpg\" \/>\n\t<meta property=\"og:image:width\" content=\"960\" \/>\n\t<meta property=\"og:image:height\" content=\"960\" \/>\n\t<meta property=\"og:image:type\" content=\"image\/jpeg\" \/>\n<meta name=\"twitter:card\" content=\"summary_large_image\" \/>\n<meta name=\"twitter:label1\" content=\"Timp estimat pentru citire\" \/>\n\t<meta name=\"twitter:data1\" content=\"1 minut\" \/>\n<script type=\"application\/ld+json\" class=\"yoast-schema-graph\">{\"@context\":\"https:\\\/\\\/schema.org\",\"@graph\":[{\"@type\":\"WebPage\",\"@id\":\"https:\\\/\\\/amrtop.net\\\/produit\\\/extracteur-de-fumees-fandis-code-fnds025-ventilateur-o-150-mm-hauteur-du-ventilateur-25-mm\\\/\",\"url\":\"https:\\\/\\\/amrtop.net\\\/produit\\\/extracteur-de-fumees-fandis-code-fnds025-ventilateur-o-150-mm-hauteur-du-ventilateur-25-mm\\\/\",\"name\":\"Extracteur fum\u00e9e Fandis hauteur du ventilateur 25 mm\",\"isPartOf\":{\"@id\":\"https:\\\/\\\/amrtop.net\\\/#website\"},\"primaryImageOfPage\":{\"@id\":\"https:\\\/\\\/amrtop.net\\\/produit\\\/extracteur-de-fumees-fandis-code-fnds025-ventilateur-o-150-mm-hauteur-du-ventilateur-25-mm\\\/#primaryimage\"},\"image\":{\"@id\":\"https:\\\/\\\/amrtop.net\\\/produit\\\/extracteur-de-fumees-fandis-code-fnds025-ventilateur-o-150-mm-hauteur-du-ventilateur-25-mm\\\/#primaryimage\"},\"thumbnailUrl\":\"https:\\\/\\\/amrtop.net\\\/wp-content\\\/uploads\\\/1970\\\/01\\\/FNDS025.jpg\",\"datePublished\":\"1970-01-01T00:00:00+00:00\",\"dateModified\":\"2023-05-26T13:02:30+00:00\",\"description\":\"Extracteur fum\u00e9e Fandis hauteur ventilateur 25 mm-Extracteur fum\u00e9e Fandis po\u00eales et chaudi\u00e8res \u00e0 pellets-Extracteur fum\u00e9e Fandis\",\"breadcrumb\":{\"@id\":\"https:\\\/\\\/amrtop.net\\\/produit\\\/extracteur-de-fumees-fandis-code-fnds025-ventilateur-o-150-mm-hauteur-du-ventilateur-25-mm\\\/#breadcrumb\"},\"inLanguage\":\"ro-RO\",\"potentialAction\":[{\"@type\":\"ReadAction\",\"target\":[\"https:\\\/\\\/amrtop.net\\\/produit\\\/extracteur-de-fumees-fandis-code-fnds025-ventilateur-o-150-mm-hauteur-du-ventilateur-25-mm\\\/\"]}]},{\"@type\":\"ImageObject\",\"inLanguage\":\"ro-RO\",\"@id\":\"https:\\\/\\\/amrtop.net\\\/produit\\\/extracteur-de-fumees-fandis-code-fnds025-ventilateur-o-150-mm-hauteur-du-ventilateur-25-mm\\\/#primaryimage\",\"url\":\"https:\\\/\\\/amrtop.net\\\/wp-content\\\/uploads\\\/1970\\\/01\\\/FNDS025.jpg\",\"contentUrl\":\"https:\\\/\\\/amrtop.net\\\/wp-content\\\/uploads\\\/1970\\\/01\\\/FNDS025.jpg\",\"width\":960,\"height\":960,\"caption\":\"Extracteur de fum\u00e9e Fandis hauteur du ventilateur 25 mm\"},{\"@type\":\"BreadcrumbList\",\"@id\":\"https:\\\/\\\/amrtop.net\\\/produit\\\/extracteur-de-fumees-fandis-code-fnds025-ventilateur-o-150-mm-hauteur-du-ventilateur-25-mm\\\/#breadcrumb\",\"itemListElement\":[{\"@type\":\"ListItem\",\"position\":1,\"name\":\"Home\",\"item\":\"https:\\\/\\\/amrtop.net\\\/\"},{\"@type\":\"ListItem\",\"position\":2,\"name\":\"Shop\",\"item\":\"https:\\\/\\\/amrtop.net\\\/negozio\\\/\"},{\"@type\":\"ListItem\",\"position\":3,\"name\":\"Extracteur de fum\u00e9es Fandis Code FNDS025 \u2013 Ventilateur \u00f8 150 mm \u2013 Hauteur du ventilateur 25 mm\"}]},{\"@type\":\"WebSite\",\"@id\":\"https:\\\/\\\/amrtop.net\\\/#website\",\"url\":\"https:\\\/\\\/amrtop.net\\\/\",\"name\":\"AMRTOP B2B \u00c9tranger - Achats r\u00e9serv\u00e9s au professionnel\",\"description\":\"Pi\u00e8ces de rechange et accessoires pour po\u00eales et chaudi\u00e8res - eCommerce B2B pour Clients Professionnels\",\"potentialAction\":[{\"@type\":\"SearchAction\",\"target\":{\"@type\":\"EntryPoint\",\"urlTemplate\":\"https:\\\/\\\/amrtop.net\\\/?s={search_term_string}\"},\"query-input\":{\"@type\":\"PropertyValueSpecification\",\"valueRequired\":true,\"valueName\":\"search_term_string\"}}],\"inLanguage\":\"ro-RO\"}]}<\/script>\n<!-- \/ Yoast SEO plugin. -->","yoast_head_json":{"title":"Extracteur fum\u00e9e Fandis hauteur du ventilateur 25 mm","description":"Extracteur fum\u00e9e Fandis hauteur ventilateur 25 mm-Extracteur fum\u00e9e Fandis po\u00eales et chaudi\u00e8res \u00e0 pellets-Extracteur fum\u00e9e Fandis","robots":{"index":"index","follow":"follow","max-snippet":"max-snippet:-1","max-image-preview":"max-image-preview:large","max-video-preview":"max-video-preview:-1"},"canonical":"https:\/\/amrtop.net\/ro\/produs\/extracteur-de-fumees-fandis-code-fnds025-ventilateur-o-150-mm-hauteur-du-ventilateur-25-mm\/","og_locale":"ro_RO","og_type":"article","og_title":"Extracteur fum\u00e9e Fandis hauteur du ventilateur 25 mm","og_description":"Extracteur fum\u00e9e Fandis hauteur ventilateur 25 mm-Extracteur fum\u00e9e Fandis po\u00eales et chaudi\u00e8res \u00e0 pellets-Extracteur fum\u00e9e Fandis","og_url":"https:\/\/amrtop.net\/ro\/produs\/extracteur-de-fumees-fandis-code-fnds025-ventilateur-o-150-mm-hauteur-du-ventilateur-25-mm\/","og_site_name":"AMRTOP B2B \u00c9tranger - Achats r\u00e9serv\u00e9s au professionnel","article_modified_time":"2023-05-26T13:02:30+00:00","og_image":[{"width":960,"height":960,"url":"https:\/\/amrtop.net\/wp-content\/uploads\/1970\/01\/FNDS025.jpg","type":"image\/jpeg"}],"twitter_card":"summary_large_image","twitter_misc":{"Timp estimat pentru citire":"1 minut"},"schema":{"@context":"https:\/\/schema.org","@graph":[{"@type":"WebPage","@id":"https:\/\/amrtop.net\/produit\/extracteur-de-fumees-fandis-code-fnds025-ventilateur-o-150-mm-hauteur-du-ventilateur-25-mm\/","url":"https:\/\/amrtop.net\/produit\/extracteur-de-fumees-fandis-code-fnds025-ventilateur-o-150-mm-hauteur-du-ventilateur-25-mm\/","name":"Extracteur fum\u00e9e Fandis hauteur du ventilateur 25 mm","isPartOf":{"@id":"https:\/\/amrtop.net\/#website"},"primaryImageOfPage":{"@id":"https:\/\/amrtop.net\/produit\/extracteur-de-fumees-fandis-code-fnds025-ventilateur-o-150-mm-hauteur-du-ventilateur-25-mm\/#primaryimage"},"image":{"@id":"https:\/\/amrtop.net\/produit\/extracteur-de-fumees-fandis-code-fnds025-ventilateur-o-150-mm-hauteur-du-ventilateur-25-mm\/#primaryimage"},"thumbnailUrl":"https:\/\/amrtop.net\/wp-content\/uploads\/1970\/01\/FNDS025.jpg","datePublished":"1970-01-01T00:00:00+00:00","dateModified":"2023-05-26T13:02:30+00:00","description":"Extracteur fum\u00e9e Fandis hauteur ventilateur 25 mm-Extracteur fum\u00e9e Fandis po\u00eales et chaudi\u00e8res \u00e0 pellets-Extracteur fum\u00e9e Fandis","breadcrumb":{"@id":"https:\/\/amrtop.net\/produit\/extracteur-de-fumees-fandis-code-fnds025-ventilateur-o-150-mm-hauteur-du-ventilateur-25-mm\/#breadcrumb"},"inLanguage":"ro-RO","potentialAction":[{"@type":"ReadAction","target":["https:\/\/amrtop.net\/produit\/extracteur-de-fumees-fandis-code-fnds025-ventilateur-o-150-mm-hauteur-du-ventilateur-25-mm\/"]}]},{"@type":"ImageObject","inLanguage":"ro-RO","@id":"https:\/\/amrtop.net\/produit\/extracteur-de-fumees-fandis-code-fnds025-ventilateur-o-150-mm-hauteur-du-ventilateur-25-mm\/#primaryimage","url":"https:\/\/amrtop.net\/wp-content\/uploads\/1970\/01\/FNDS025.jpg","contentUrl":"https:\/\/amrtop.net\/wp-content\/uploads\/1970\/01\/FNDS025.jpg","width":960,"height":960,"caption":"Extracteur de fum\u00e9e Fandis hauteur du ventilateur 25 mm"},{"@type":"BreadcrumbList","@id":"https:\/\/amrtop.net\/produit\/extracteur-de-fumees-fandis-code-fnds025-ventilateur-o-150-mm-hauteur-du-ventilateur-25-mm\/#breadcrumb","itemListElement":[{"@type":"ListItem","position":1,"name":"Home","item":"https:\/\/amrtop.net\/"},{"@type":"ListItem","position":2,"name":"Shop","item":"https:\/\/amrtop.net\/negozio\/"},{"@type":"ListItem","position":3,"name":"Extracteur de fum\u00e9es Fandis Code FNDS025 \u2013 Ventilateur \u00f8 150 mm \u2013 Hauteur du ventilateur 25 mm"}]},{"@type":"WebSite","@id":"https:\/\/amrtop.net\/#website","url":"https:\/\/amrtop.net\/","name":"AMRTOP B2B Abroad - Achizi\u021bii rezervate profesioni\u0219tilor","description":"Piese de schimb \u0219i accesorii pentru sobe \u0219i cazane - eCommerce B2B pentru clien\u021bi profesioni\u0219ti","potentialAction":[{"@type":"SearchAction","target":{"@type":"EntryPoint","urlTemplate":"https:\/\/amrtop.net\/?s={search_term_string}"},"query-input":{"@type":"PropertyValueSpecification","valueRequired":true,"valueName":"search_term_string"}}],"inLanguage":"ro-RO"}]}},"_links":{"self":[{"href":"https:\/\/amrtop.net\/ro\/wp-json\/wp\/v2\/product\/18622","targetHints":{"allow":["GET"]}}],"collection":[{"href":"https:\/\/amrtop.net\/ro\/wp-json\/wp\/v2\/product"}],"about":[{"href":"https:\/\/amrtop.net\/ro\/wp-json\/wp\/v2\/types\/product"}],"replies":[{"embeddable":true,"href":"https:\/\/amrtop.net\/ro\/wp-json\/wp\/v2\/comments?post=18622"}],"wp:featuredmedia":[{"embeddable":true,"href":"https:\/\/amrtop.net\/ro\/wp-json\/wp\/v2\/media\/35189"}],"wp:attachment":[{"href":"https:\/\/amrtop.net\/ro\/wp-json\/wp\/v2\/media?parent=18622"}],"wp:term":[{"taxonomy":"product_brand","embeddable":true,"href":"https:\/\/amrtop.net\/ro\/wp-json\/wp\/v2\/product_brand?post=18622"},{"taxonomy":"product_cat","embeddable":true,"href":"https:\/\/amrtop.net\/ro\/wp-json\/wp\/v2\/product_cat?post=18622"},{"taxonomy":"product_tag","embeddable":true,"href":"https:\/\/amrtop.net\/ro\/wp-json\/wp\/v2\/product_tag?post=18622"}],"curies":[{"name":"wp","href":"https:\/\/api.w.org\/{rel}","templated":true}]}}