{"id":18628,"date":"2020-10-01T00:00:00","date_gmt":"2020-10-01T00:00:00","guid":{"rendered":"https:\/\/amrtop.com\/B2B\/?post_type=product&#038;p=18628"},"modified":"2025-10-21T07:24:19","modified_gmt":"2025-10-21T07:24:19","slug":"extractor-de-fum-cod-ipc-blxms00003-ventilator-o-150-mm-inaltime-ventilator-20-mm","status":"publish","type":"product","link":"https:\/\/amrtop.net\/ro\/produit\/extracteur-de-fumees-ipc-code-blxms00003-ventilateur-o-150-mm-hauteur-du-ventilateur-20-mm\/","title":{"rendered":"Extractor de fum Cod IPC BLXMS00003 - Ventilator \u00f8 150 mm - \u00cen\u0103l\u021bime ventilator 20 mm"},"content":{"rendered":"<hr \/>\n<h3>Extractor de fum IPC Cod BLXMS00003<\/h3>\n<p>For\u021ba Ipc provine din 36 de ani de experien\u021b\u0103 \u00een domeniul componentelor \u0219i sistemelor mecatronice, motiv pentru care Amrtop este puternic motivat\u0103 s\u0103 comercializeze componentele sale.<\/p>\n<p>\u00cen ultimii ani, IPC \u0219i-a consolidat \u0219i mai mult divizia de cercetare \u0219i dezvoltare, permi\u021b\u00e2ndu-ne s\u0103 proiect\u0103m solu\u021bii complexe \u0219i s\u0103 satisfacem toate cerin\u021bele partenerilor no\u0219tri, de la personalizarea unui motor p\u00e2n\u0103 la dezvoltarea unei solu\u021bii complete.<\/p>\n<p>Odat\u0103 cu inaugurarea noii unit\u0103\u021bi de produc\u021bie, ace\u0219tia \u0219i-au m\u0103rit considerabil capacit\u0103\u021bile de proiectare \u0219i de gestionare. Obiectivul lor este de a integra din ce \u00een ce mai mult furnizarea de componente cu dezvoltarea, produc\u021bia \u0219i asamblarea intern\u0103 a sistemelor semi-asamblate.<\/p>\n<p>Structura companiei este completat\u0103 de un laborator nou-nou\u021b. Un departament dotat cu cea mai avansat\u0103 instrumenta\u021bie tehnic\u0103 \u0219i dedicat calit\u0103\u021bii totale.<\/p>\n<p>\u00cen fiecare zi, efectu\u0103m teste \u0219i controale precise pentru a verifica func\u021bionalitatea, caracteristicile \u0219i performan\u021ba produselor noastre.<\/p>\n<h3>Utilizarea extractorului de fum IPC Cod BLXMS00003<\/h3>\n<p>Extractoarele de fum Ipc oferite de Amrtop sunt instalate \u00een aparatele pe biomas\u0103 pentru a expulza fumul creat de arderea sobelor \u0219i cazanelor pe pele\u021bi, Nocciolino, Sansa, Cippato, etc...<\/p>\n<p><strong>Prezent \u00een aparatele tipice<\/strong>\u00a0Soba pe pele\u021bi - Cazan pe pele\u021bi - Arz\u0103tor pe pele\u021bi - Gr\u0103tar pe pele\u021bi Cazan pe biomas\u0103 - Arz\u0103tor pe biomas\u0103 - \u0218i multe alte arz\u0103toare<\/p>\n<h3><strong>Interior<\/strong><\/h3>\n<p><a href=\"https:\/\/wekos.it\/\">Sobe, aragazuri \u0219i aragazuri pe lemne<\/a>\u00a0-\u00a0<a href=\"https:\/\/www.greenpuros.com\/\">\u0219eminee, sobe \u0219i cazane pe pele\u021bi.<\/a><\/p>\n<h3><strong>Gama Amrtop de piese de schimb \u0219i accesorii<\/strong><\/h3>\n<p><a href=\"https:\/\/amrtop.net\/ro\/categoria-de-produse\/piese-de-schimb-sobe-si-cazane-de-gatit-si-cazane-mixte-2\/bougies-dallumage-pour-poeles-et-chaudieres-a-pellets\/\">Bujii incandescente<\/a><\/p>\n<p><a href=\"https:\/\/amrtop.net\/ro\/categoria-de-produse\/piese-de-schimb-sobe-si-cazane-de-gatit-si-cazane-mixte-2\/electronique\/\">Electronic\u0103<\/a><\/p>\n<p><a href=\"https:\/\/amrtop.net\/ro\/categoria-de-produse\/piese-de-schimb-sobe-si-cazane-de-gatit-si-cazane-mixte-2\/extracteurs-de-fumee\/\">Extractoare de fum<\/a><\/p>\n<p><a href=\"https:\/\/amrtop.net\/ro\/categoria-de-produse\/piese-de-schimb-sobe-si-cazane-de-gatit-si-cazane-mixte-2\/gaines-cable-connecteurs\/\">Teci de cablu conector<\/a><\/p>\n<p><a href=\"https:\/\/amrtop.net\/ro\/categoria-de-produse\/piese-de-schimb-sobe-si-cazane-de-gatit-si-cazane-mixte-2\/joints-de-silicone\/\">Garnituri de silicon<\/a><\/p>\n<p><a href=\"https:\/\/amrtop.net\/ro\/categoria-de-produse\/piese-de-schimb-sobe-si-cazane-de-gatit-si-cazane-mixte-2\/motoreducteurs\/\">Motoare cu angrenaje<\/a><\/p>\n<p><a href=\"https:\/\/amrtop.net\/ro\/categoria-de-produse\/piese-de-schimb-sobe-si-cazane-de-gatit-si-cazane-mixte-2\/pressostats-et-transducteurs\/\">Presostate \u0219i traductoare de presiune<\/a><\/p>\n<p><a href=\"https:\/\/amrtop.net\/ro\/categoria-de-produse\/piese-de-schimb-sobe-si-cazane-de-gatit-si-cazane-mixte-2\/sondes-thermostats-manometres-thermometres\/\">Sonde termostate manometre termometre termometre<\/a><\/p>\n<p><a href=\"https:\/\/amrtop.net\/ro\/categoria-de-produse\/piese-de-schimb-sobe-si-cazane-de-gatit-si-cazane-mixte-2\/joints-detancheite\/\">Tricotaje de etan\u0219are<\/a><\/p>\n<p><a href=\"https:\/\/amrtop.net\/ro\/categoria-de-produse\/piese-de-schimb-sobe-si-cazane-de-gatit-si-cazane-mixte-2\/ventilateurs-centrifuges-pour-poeles-a-pellets\/\">Ventilatoare centrifuge<\/a><\/p>\n<p><a href=\"https:\/\/amrtop.net\/ro\/categoria-de-produse\/piese-de-schimb-sobe-si-cazane-de-gatit-si-cazane-mixte-2\/ventilateurs-tangentiels-flux-transversal\/\">Ventilatoare cu flux \u00eencruci\u0219at<\/a><\/p>\n<p><a href=\"https:\/\/amrtop.net\/ro\/categoria-de-produse\/piese-de-schimb-sobe-si-cazane-de-gatit-si-cazane-mixte-2\/adhesifs-et-produits-detancheite\/\">Adezivi \u0219i materiale de etan\u0219are<\/a><\/p>\n<p>Personalul de la\u00a0<strong>Amrtop<\/strong> a fost instruit cu aten\u021bie pentru a v\u0103 ajuta s\u0103 identifica\u021bi orice piese de schimb care trebuie \u00eenlocuite. Oferind asisten\u021b\u0103 telefonic\u0103 \u00een limbile francez\u0103, englez\u0103, rom\u00e2n\u0103 \u0219i italian\u0103.<br \/>\nNu ezita\u021bi s\u0103 ne contacta\u021bi<\/p>","protected":false},"excerpt":{"rendered":"<hr \/>\n<h2><span style=\"color: #008000\">Disponibil la<\/span><\/h2>\n<p>Cod BLXMS00003<\/p>\n<p>Flan\u0219\u0103 t\u0103iat\u0103: \u00f8 165 mm<\/p>\n<p>Ventilator: \u00f8 150 mm<\/p>\n<p>\u00cen\u0103l\u021bimea ventilatorului: 20 mm<\/p>\n<p>Vitez\u0103: 2400 RPM<\/p>\n<p>Putere: 32 W<\/p>\n<p>Debit : 213 m\u00b3\/h<\/p>","protected":false},"featured_media":36931,"comment_status":"open","ping_status":"closed","template":"","meta":[],"product_brand":[],"product_cat":[1305,1309,839],"product_tag":[],"class_list":{"0":"post-18628","1":"product","2":"type-product","3":"status-publish","4":"has-post-thumbnail","6":"product_cat-extracteurs-de-fumee","7":"product_cat-extracteurs-de-fumee-ipc","8":"product_cat-pieces-de-rechange-divers-poeles-et-chaudieres","9":"product_shipping_class-classe-di-spedizione-02","11":"first","12":"instock","13":"shipping-taxable","14":"purchasable","15":"product-type-simple"},"yoast_head":"<!-- This site is optimized with the Yoast SEO plugin v27.4 - https:\/\/yoast.com\/product\/yoast-seo-wordpress\/ -->\n<title>Extracteur de fum\u00e9e IPC Code BLXMS00003<\/title>\n<meta name=\"description\" content=\"Extracteur de fum\u00e9e IPC Code BLXMS00003-Extracteur de fum\u00e9e Ipc rotor externe-Extracteur de fum\u00e9e Ipc pour po\u00eales et chaudi\u00e8res \u00e0 pellets\" \/>\n<meta name=\"robots\" content=\"index, follow, max-snippet:-1, max-image-preview:large, max-video-preview:-1\" \/>\n<link rel=\"canonical\" href=\"https:\/\/amrtop.net\/ro\/produs\/extractor-de-fum-cod-ipc-blxms00003-ventilator-o-150-mm-inaltime-ventilator-20-mm\/\" \/>\n<meta property=\"og:locale\" content=\"ro_RO\" \/>\n<meta property=\"og:type\" content=\"article\" \/>\n<meta property=\"og:title\" content=\"Extracteur de fum\u00e9e IPC Code BLXMS00003\" \/>\n<meta property=\"og:description\" content=\"Extracteur de fum\u00e9e IPC Code BLXMS00003-Extracteur de fum\u00e9e Ipc rotor externe-Extracteur de fum\u00e9e Ipc pour po\u00eales et chaudi\u00e8res \u00e0 pellets\" \/>\n<meta property=\"og:url\" content=\"https:\/\/amrtop.net\/ro\/produs\/extractor-de-fum-cod-ipc-blxms00003-ventilator-o-150-mm-inaltime-ventilator-20-mm\/\" \/>\n<meta property=\"og:site_name\" content=\"AMRTOP B2B \u00c9tranger - Achats r\u00e9serv\u00e9s au professionnel\" \/>\n<meta property=\"article:modified_time\" content=\"2025-10-21T07:24:19+00:00\" \/>\n<meta property=\"og:image\" content=\"https:\/\/amrtop.net\/wp-content\/uploads\/2020\/10\/BLXMS0003-AMR.jpg\" \/>\n\t<meta property=\"og:image:width\" content=\"960\" \/>\n\t<meta property=\"og:image:height\" content=\"960\" \/>\n\t<meta property=\"og:image:type\" content=\"image\/jpeg\" \/>\n<meta name=\"twitter:card\" content=\"summary_large_image\" \/>\n<meta name=\"twitter:label1\" content=\"Timp estimat pentru citire\" \/>\n\t<meta name=\"twitter:data1\" content=\"1 minut\" \/>\n<script type=\"application\/ld+json\" class=\"yoast-schema-graph\">{\"@context\":\"https:\\\/\\\/schema.org\",\"@graph\":[{\"@type\":\"WebPage\",\"@id\":\"https:\\\/\\\/amrtop.net\\\/produit\\\/extracteur-de-fumees-ipc-code-blxms00003-ventilateur-o-150-mm-hauteur-du-ventilateur-20-mm\\\/\",\"url\":\"https:\\\/\\\/amrtop.net\\\/produit\\\/extracteur-de-fumees-ipc-code-blxms00003-ventilateur-o-150-mm-hauteur-du-ventilateur-20-mm\\\/\",\"name\":\"Extracteur de fum\u00e9e IPC Code BLXMS00003\",\"isPartOf\":{\"@id\":\"https:\\\/\\\/amrtop.net\\\/#website\"},\"primaryImageOfPage\":{\"@id\":\"https:\\\/\\\/amrtop.net\\\/produit\\\/extracteur-de-fumees-ipc-code-blxms00003-ventilateur-o-150-mm-hauteur-du-ventilateur-20-mm\\\/#primaryimage\"},\"image\":{\"@id\":\"https:\\\/\\\/amrtop.net\\\/produit\\\/extracteur-de-fumees-ipc-code-blxms00003-ventilateur-o-150-mm-hauteur-du-ventilateur-20-mm\\\/#primaryimage\"},\"thumbnailUrl\":\"https:\\\/\\\/amrtop.net\\\/wp-content\\\/uploads\\\/2020\\\/10\\\/BLXMS0003-AMR.jpg\",\"datePublished\":\"2020-10-01T00:00:00+00:00\",\"dateModified\":\"2025-10-21T07:24:19+00:00\",\"description\":\"Extracteur de fum\u00e9e IPC Code BLXMS00003-Extracteur de fum\u00e9e Ipc rotor externe-Extracteur de fum\u00e9e Ipc pour po\u00eales et chaudi\u00e8res \u00e0 pellets\",\"breadcrumb\":{\"@id\":\"https:\\\/\\\/amrtop.net\\\/produit\\\/extracteur-de-fumees-ipc-code-blxms00003-ventilateur-o-150-mm-hauteur-du-ventilateur-20-mm\\\/#breadcrumb\"},\"inLanguage\":\"ro-RO\",\"potentialAction\":[{\"@type\":\"ReadAction\",\"target\":[\"https:\\\/\\\/amrtop.net\\\/produit\\\/extracteur-de-fumees-ipc-code-blxms00003-ventilateur-o-150-mm-hauteur-du-ventilateur-20-mm\\\/\"]}]},{\"@type\":\"ImageObject\",\"inLanguage\":\"ro-RO\",\"@id\":\"https:\\\/\\\/amrtop.net\\\/produit\\\/extracteur-de-fumees-ipc-code-blxms00003-ventilateur-o-150-mm-hauteur-du-ventilateur-20-mm\\\/#primaryimage\",\"url\":\"https:\\\/\\\/amrtop.net\\\/wp-content\\\/uploads\\\/2020\\\/10\\\/BLXMS0003-AMR.jpg\",\"contentUrl\":\"https:\\\/\\\/amrtop.net\\\/wp-content\\\/uploads\\\/2020\\\/10\\\/BLXMS0003-AMR.jpg\",\"width\":960,\"height\":960,\"caption\":\"Extracteur de fum\u00e9e IPC Code BLXMS00003-Extracteur de fum\u00e9e Ipc rotor externe-Extracteur de fum\u00e9e Ipc pour po\u00eales et chaudi\u00e8res \u00e0 pellets\"},{\"@type\":\"BreadcrumbList\",\"@id\":\"https:\\\/\\\/amrtop.net\\\/produit\\\/extracteur-de-fumees-ipc-code-blxms00003-ventilateur-o-150-mm-hauteur-du-ventilateur-20-mm\\\/#breadcrumb\",\"itemListElement\":[{\"@type\":\"ListItem\",\"position\":1,\"name\":\"Home\",\"item\":\"https:\\\/\\\/amrtop.net\\\/\"},{\"@type\":\"ListItem\",\"position\":2,\"name\":\"Shop\",\"item\":\"https:\\\/\\\/amrtop.net\\\/negozio\\\/\"},{\"@type\":\"ListItem\",\"position\":3,\"name\":\"Extracteur de fum\u00e9es IPC Code BLXMS00003 &#8211; Ventilateur \u00f8 150 mm &#8211; Hauteur du ventilateur 20 mm\"}]},{\"@type\":\"WebSite\",\"@id\":\"https:\\\/\\\/amrtop.net\\\/#website\",\"url\":\"https:\\\/\\\/amrtop.net\\\/\",\"name\":\"AMRTOP B2B \u00c9tranger - Achats r\u00e9serv\u00e9s au professionnel\",\"description\":\"Pi\u00e8ces de rechange et accessoires pour po\u00eales et chaudi\u00e8res - eCommerce B2B pour Clients Professionnels\",\"potentialAction\":[{\"@type\":\"SearchAction\",\"target\":{\"@type\":\"EntryPoint\",\"urlTemplate\":\"https:\\\/\\\/amrtop.net\\\/?s={search_term_string}\"},\"query-input\":{\"@type\":\"PropertyValueSpecification\",\"valueRequired\":true,\"valueName\":\"search_term_string\"}}],\"inLanguage\":\"ro-RO\"}]}<\/script>\n<!-- \/ Yoast SEO plugin. -->","yoast_head_json":{"title":"Extractor de fum IPC Cod BLXMS00003","description":"Extractor de fum Cod IPC BLXMS00003-Ipc extractor de fum cu rotor extern-Ipc extractor de fum pentru sobe \u0219i cazane pe pele\u021bi","robots":{"index":"index","follow":"follow","max-snippet":"max-snippet:-1","max-image-preview":"max-image-preview:large","max-video-preview":"max-video-preview:-1"},"canonical":"https:\/\/amrtop.net\/ro\/produs\/extractor-de-fum-cod-ipc-blxms00003-ventilator-o-150-mm-inaltime-ventilator-20-mm\/","og_locale":"ro_RO","og_type":"article","og_title":"Extracteur de fum\u00e9e IPC Code BLXMS00003","og_description":"Extracteur de fum\u00e9e IPC Code BLXMS00003-Extracteur de fum\u00e9e Ipc rotor externe-Extracteur de fum\u00e9e Ipc pour po\u00eales et chaudi\u00e8res \u00e0 pellets","og_url":"https:\/\/amrtop.net\/ro\/produs\/extractor-de-fum-cod-ipc-blxms00003-ventilator-o-150-mm-inaltime-ventilator-20-mm\/","og_site_name":"AMRTOP B2B \u00c9tranger - Achats r\u00e9serv\u00e9s au professionnel","article_modified_time":"2025-10-21T07:24:19+00:00","og_image":[{"width":960,"height":960,"url":"https:\/\/amrtop.net\/wp-content\/uploads\/2020\/10\/BLXMS0003-AMR.jpg","type":"image\/jpeg"}],"twitter_card":"summary_large_image","twitter_misc":{"Timp estimat pentru citire":"1 minut"},"schema":{"@context":"https:\/\/schema.org","@graph":[{"@type":"WebPage","@id":"https:\/\/amrtop.net\/produit\/extracteur-de-fumees-ipc-code-blxms00003-ventilateur-o-150-mm-hauteur-du-ventilateur-20-mm\/","url":"https:\/\/amrtop.net\/produit\/extracteur-de-fumees-ipc-code-blxms00003-ventilateur-o-150-mm-hauteur-du-ventilateur-20-mm\/","name":"Extractor de fum IPC Cod BLXMS00003","isPartOf":{"@id":"https:\/\/amrtop.net\/#website"},"primaryImageOfPage":{"@id":"https:\/\/amrtop.net\/produit\/extracteur-de-fumees-ipc-code-blxms00003-ventilateur-o-150-mm-hauteur-du-ventilateur-20-mm\/#primaryimage"},"image":{"@id":"https:\/\/amrtop.net\/produit\/extracteur-de-fumees-ipc-code-blxms00003-ventilateur-o-150-mm-hauteur-du-ventilateur-20-mm\/#primaryimage"},"thumbnailUrl":"https:\/\/amrtop.net\/wp-content\/uploads\/2020\/10\/BLXMS0003-AMR.jpg","datePublished":"2020-10-01T00:00:00+00:00","dateModified":"2025-10-21T07:24:19+00:00","description":"Extractor de fum Cod IPC BLXMS00003-Ipc extractor de fum cu rotor extern-Ipc extractor de fum pentru sobe \u0219i cazane pe pele\u021bi","breadcrumb":{"@id":"https:\/\/amrtop.net\/produit\/extracteur-de-fumees-ipc-code-blxms00003-ventilateur-o-150-mm-hauteur-du-ventilateur-20-mm\/#breadcrumb"},"inLanguage":"ro-RO","potentialAction":[{"@type":"ReadAction","target":["https:\/\/amrtop.net\/produit\/extracteur-de-fumees-ipc-code-blxms00003-ventilateur-o-150-mm-hauteur-du-ventilateur-20-mm\/"]}]},{"@type":"ImageObject","inLanguage":"ro-RO","@id":"https:\/\/amrtop.net\/produit\/extracteur-de-fumees-ipc-code-blxms00003-ventilateur-o-150-mm-hauteur-du-ventilateur-20-mm\/#primaryimage","url":"https:\/\/amrtop.net\/wp-content\/uploads\/2020\/10\/BLXMS0003-AMR.jpg","contentUrl":"https:\/\/amrtop.net\/wp-content\/uploads\/2020\/10\/BLXMS0003-AMR.jpg","width":960,"height":960,"caption":"Extracteur de fum\u00e9e IPC Code BLXMS00003-Extracteur de fum\u00e9e Ipc rotor externe-Extracteur de fum\u00e9e Ipc pour po\u00eales et chaudi\u00e8res \u00e0 pellets"},{"@type":"BreadcrumbList","@id":"https:\/\/amrtop.net\/produit\/extracteur-de-fumees-ipc-code-blxms00003-ventilateur-o-150-mm-hauteur-du-ventilateur-20-mm\/#breadcrumb","itemListElement":[{"@type":"ListItem","position":1,"name":"Home","item":"https:\/\/amrtop.net\/"},{"@type":"ListItem","position":2,"name":"Shop","item":"https:\/\/amrtop.net\/negozio\/"},{"@type":"ListItem","position":3,"name":"Extracteur de fum\u00e9es IPC Code BLXMS00003 &#8211; Ventilateur \u00f8 150 mm &#8211; Hauteur du ventilateur 20 mm"}]},{"@type":"WebSite","@id":"https:\/\/amrtop.net\/#website","url":"https:\/\/amrtop.net\/","name":"AMRTOP B2B Abroad - Achizi\u021bii rezervate profesioni\u0219tilor","description":"Piese de schimb \u0219i accesorii pentru sobe \u0219i cazane - eCommerce B2B pentru clien\u021bi profesioni\u0219ti","potentialAction":[{"@type":"SearchAction","target":{"@type":"EntryPoint","urlTemplate":"https:\/\/amrtop.net\/?s={search_term_string}"},"query-input":{"@type":"PropertyValueSpecification","valueRequired":true,"valueName":"search_term_string"}}],"inLanguage":"ro-RO"}]}},"_links":{"self":[{"href":"https:\/\/amrtop.net\/ro\/wp-json\/wp\/v2\/product\/18628","targetHints":{"allow":["GET"]}}],"collection":[{"href":"https:\/\/amrtop.net\/ro\/wp-json\/wp\/v2\/product"}],"about":[{"href":"https:\/\/amrtop.net\/ro\/wp-json\/wp\/v2\/types\/product"}],"replies":[{"embeddable":true,"href":"https:\/\/amrtop.net\/ro\/wp-json\/wp\/v2\/comments?post=18628"}],"wp:featuredmedia":[{"embeddable":true,"href":"https:\/\/amrtop.net\/ro\/wp-json\/wp\/v2\/media\/36931"}],"wp:attachment":[{"href":"https:\/\/amrtop.net\/ro\/wp-json\/wp\/v2\/media?parent=18628"}],"wp:term":[{"taxonomy":"product_brand","embeddable":true,"href":"https:\/\/amrtop.net\/ro\/wp-json\/wp\/v2\/product_brand?post=18628"},{"taxonomy":"product_cat","embeddable":true,"href":"https:\/\/amrtop.net\/ro\/wp-json\/wp\/v2\/product_cat?post=18628"},{"taxonomy":"product_tag","embeddable":true,"href":"https:\/\/amrtop.net\/ro\/wp-json\/wp\/v2\/product_tag?post=18628"}],"curies":[{"name":"wp","href":"https:\/\/api.w.org\/{rel}","templated":true}]}}