{"id":18638,"date":"2020-01-10T00:00:00","date_gmt":"2020-01-10T00:00:00","guid":{"rendered":"https:\/\/amrtop.com\/B2B\/?post_type=product&#038;p=18638"},"modified":"2023-05-29T08:13:11","modified_gmt":"2023-05-29T08:13:11","slug":"afficheur-baby-ceza-cod-fpncz098p0ot","status":"publish","type":"product","link":"https:\/\/amrtop.net\/ro\/produit\/afficheur-baby-ceza-cod-fpncz098p0ot\/","title":{"rendered":"Afficheur Baby Ceza Cod.FPNCZ098P0OT"},"content":{"rendered":"<h3>Afficheur Baby Ceza Cod.FPNCZ098P0OT<\/h3>\n<p>Fondat\u0103 \u00een 1940 de postul de radio Anchise Zaccagnini, CEZA a trecut prin toate etapele de dezvoltare a electronicii.<\/p>\n<p>Calitatea produselor a fost \u00eentotdeauna un punct forte pentru Ceza \u00een rela\u021biile sale cu clien\u021bi precum Amrtop.<\/p>\n<p>Din 2004, compania s-a concentrat pe calitatea certificat\u0103, pentru a fi recunoscut\u0103 ca fiind \u0219i mai fiabil\u0103, organiz\u00e2ndu-\u0219i activit\u0103\u021bile opera\u021bionale \u00een conformitate cu standardul UNI EN ISO 9001.<\/p>\n<p>\u00cen special, departamentele de \"produc\u021bie\" \u0219i \"testare a produselor\" au fost organizate cu aten\u021bie, utiliz\u00e2nd tehnologiile cele mai potrivite pentru a men\u021bine fiabilitatea maxim\u0103 \u00een procesul de produc\u021bie.<\/p>\n<p>Pentru c\u0103 Amrtop lucreaz\u0103 cu Ceza:<\/p>\n<ul>\n<li>Pentru standarde de produc\u021bie la cele mai \u00eenalte niveluri de calitate.<\/li>\n<li>Verificarea fiec\u0103rei pl\u0103ci electronice la 100%.<\/li>\n<li>V\u0103 garant\u0103m un serviciu personal de cea mai \u00eenalt\u0103 calitate.<\/li>\n<li>O echip\u0103 de tehnicieni \u0219i ingineri de \u00eenalt\u0103 calificare, disponibil\u0103 \u00een permanen\u021b\u0103<\/li>\n<\/ul>\n<h3>Utilisation du afficheur Baby Ceza Cod.FPNCZ098P0OT<\/h3>\n<p>Componentele electronice Ceza instalate \u00een mod normal \u00een sobe \u0219i cazane pe pele\u021bi sunt utilizate pentru a gestiona combustia, oferind posibilitatea de a regla c\u0103ldura generat\u0103 de aparat.<\/p>\n<p>Se g\u0103se\u0219te \u00een aparatele tipice - Soba pe pele\u021bi - Cazan pe pele\u021bi - Arz\u0103tor pe pele\u021bi - Gr\u0103tar\/barbeque pe pele\u021bi Cazan pe biomas\u0103 - Arz\u0103tor pe biomas\u0103 - \u0218i multe alte arz\u0103toare<\/p>\n<h3>Interior<\/h3>\n<p><a href=\"https:\/\/wekos.it\/\">Sobe, aragazuri \u0219i aragazuri pe lemne<\/a>\u00a0-\u00a0<a href=\"https:\/\/www.greenpuros.com\/\">\u0219eminee, sobe \u0219i cazane pe pele\u021bi.<\/a><\/p>\n<h3>Gama Amrtop de piese de schimb \u0219i accesorii<\/h3>\n<p><a href=\"https:\/\/amrtop.net\/ro\/categoria-de-produse\/piese-de-schimb-sobe-si-cazane-de-gatit-si-cazane-mixte-2\/bougies-dallumage-pour-poeles-et-chaudieres-a-pellets\/\">Bujii incandescente<\/a><\/p>\n<p><a href=\"https:\/\/amrtop.net\/ro\/categoria-de-produse\/piese-de-schimb-sobe-si-cazane-de-gatit-si-cazane-mixte-2\/electronique\/\">Electronic\u0103<\/a><\/p>\n<p><a href=\"https:\/\/amrtop.net\/ro\/categoria-de-produse\/piese-de-schimb-sobe-si-cazane-de-gatit-si-cazane-mixte-2\/extracteurs-de-fumee\/\">Extractoare de fum<\/a><\/p>\n<p><a href=\"https:\/\/amrtop.net\/ro\/categoria-de-produse\/piese-de-schimb-sobe-si-cazane-de-gatit-si-cazane-mixte-2\/gaines-cable-connecteurs\/\">Teci de cablu conector<\/a><\/p>\n<p><a href=\"https:\/\/amrtop.net\/ro\/categoria-de-produse\/piese-de-schimb-sobe-si-cazane-de-gatit-si-cazane-mixte-2\/joints-de-silicone\/\">Garnituri de silicon<\/a><\/p>\n<p><a href=\"https:\/\/amrtop.net\/ro\/categoria-de-produse\/piese-de-schimb-sobe-si-cazane-de-gatit-si-cazane-mixte-2\/motoreducteurs\/\">Motoare cu angrenaje<\/a><\/p>\n<p><a href=\"https:\/\/amrtop.net\/ro\/categoria-de-produse\/piese-de-schimb-sobe-si-cazane-de-gatit-si-cazane-mixte-2\/pressostats-et-transducteurs\/\">Presostate \u0219i traductoare de presiune<\/a><\/p>\n<p><a href=\"https:\/\/amrtop.net\/ro\/categoria-de-produse\/piese-de-schimb-sobe-si-cazane-de-gatit-si-cazane-mixte-2\/sondes-thermostats-manometres-thermometres\/\">Sonde termostate manometre termometre termometre<\/a><\/p>\n<p><a href=\"https:\/\/amrtop.net\/ro\/categoria-de-produse\/piese-de-schimb-sobe-si-cazane-de-gatit-si-cazane-mixte-2\/joints-detancheite\/\">Tricotaje de etan\u0219are<\/a><\/p>\n<p><a href=\"https:\/\/amrtop.net\/ro\/categoria-de-produse\/piese-de-schimb-sobe-si-cazane-de-gatit-si-cazane-mixte-2\/ventilateurs-centrifuges-pour-poeles-a-pellets\/\">Ventilatoare centrifuge<\/a><\/p>\n<p><a href=\"https:\/\/amrtop.net\/ro\/categoria-de-produse\/piese-de-schimb-sobe-si-cazane-de-gatit-si-cazane-mixte-2\/ventilateurs-tangentiels-flux-transversal\/\">Ventilatoare cu flux \u00eencruci\u0219at<\/a><\/p>\n<p><a href=\"https:\/\/amrtop.net\/ro\/categoria-de-produse\/piese-de-schimb-sobe-si-cazane-de-gatit-si-cazane-mixte-2\/adhesifs-et-produits-detancheite\/\">Adezivi \u0219i materiale de etan\u0219are<\/a><\/p>","protected":false},"excerpt":{"rendered":"<hr \/>\n<h2><span style=\"color: #008000\">Disponibil la<\/span><\/h2>\n<hr \/>\n<h3>Display Baby Ceza<\/h3>\n<p>Code FPNCZ098P0OT<\/p>\n<p>G\u00e9rable avec t\u00e9l\u00e9commande infrarouge<\/p>\n<p>Affichage en 5 langues<\/p>\n<p>Programmation Chrono et r\u00e9cepteur Infrarouge inclus<\/p>\n<p>5 langues disponibles\u00a0: IT \/ EN \/ FR \/ ES \/ PT<\/p>","protected":false},"featured_media":19027,"comment_status":"open","ping_status":"closed","template":"","meta":[],"product_brand":[],"product_cat":[1313,1310,1311,839],"product_tag":[],"class_list":{"0":"post-18638","1":"product","2":"type-product","3":"status-publish","4":"has-post-thumbnail","6":"product_cat-afficheurs-ceza","7":"product_cat-electronique","8":"product_cat-electronique-ceza-pour-poeles-et-chaudieres-a-pellets","9":"product_cat-pieces-de-rechange-divers-poeles-et-chaudieres","10":"product_shipping_class-classe-di-spedizione-01","12":"first","13":"instock","14":"shipping-taxable","15":"purchasable","16":"product-type-simple"},"yoast_head":"<!-- This site is optimized with the Yoast SEO plugin v27.4 - https:\/\/yoast.com\/product\/yoast-seo-wordpress\/ -->\n<title>Afficheur Baby Ceza Cod.FPNCZ098P0OT<\/title>\n<meta name=\"description\" content=\"Afficheur Baby Ceza Cod.FPNCZ098P0OT - Electronique Ceza pour po\u00eales et chaudi\u00e8res \u00e0 pellets - Accessoires Ceza pour po\u00eales et chaudi\u00e8res \u00e0 pellets - C\u00e2blage pour sondes eau po\u00eales et chaudi\u00e8res Ceza \u00e0 pellets - C\u00e2blage pour pompes eau po\u00eales et chaudi\u00e8res Ceza \u00e0 pellets - Kit de connexion Ceza pour po\u00eales \u00e0 pellets - Pressostats Ceza pour po\u00eales et chaudi\u00e8res \u00e0 pellets - Sondes de temp\u00e9rature air et eau Ceza - T\u00e9l\u00e9commandes avec Display Ceza - Cartes d\u2019extension Ceza - cartes \u00e9lectroniques Ceza\" \/>\n<meta name=\"robots\" content=\"index, follow, max-snippet:-1, max-image-preview:large, max-video-preview:-1\" \/>\n<link rel=\"canonical\" href=\"https:\/\/amrtop.net\/ro\/produs\/afficheur-baby-ceza-cod-fpncz098p0ot\/\" \/>\n<meta property=\"og:locale\" content=\"ro_RO\" \/>\n<meta property=\"og:type\" content=\"article\" \/>\n<meta property=\"og:title\" content=\"Afficheur Baby Ceza Cod.FPNCZ098P0OT\" \/>\n<meta property=\"og:description\" content=\"Afficheur Baby Ceza Cod.FPNCZ098P0OT - Electronique Ceza pour po\u00eales et chaudi\u00e8res \u00e0 pellets - Accessoires Ceza pour po\u00eales et chaudi\u00e8res \u00e0 pellets - C\u00e2blage pour sondes eau po\u00eales et chaudi\u00e8res Ceza \u00e0 pellets - C\u00e2blage pour pompes eau po\u00eales et chaudi\u00e8res Ceza \u00e0 pellets - Kit de connexion Ceza pour po\u00eales \u00e0 pellets - Pressostats Ceza pour po\u00eales et chaudi\u00e8res \u00e0 pellets - Sondes de temp\u00e9rature air et eau Ceza - T\u00e9l\u00e9commandes avec Display Ceza - Cartes d\u2019extension Ceza - cartes \u00e9lectroniques Ceza\" \/>\n<meta property=\"og:url\" content=\"https:\/\/amrtop.net\/ro\/produs\/afficheur-baby-ceza-cod-fpncz098p0ot\/\" \/>\n<meta property=\"og:site_name\" content=\"AMRTOP B2B \u00c9tranger - Achats r\u00e9serv\u00e9s au professionnel\" \/>\n<meta property=\"article:modified_time\" content=\"2023-05-29T08:13:11+00:00\" \/>\n<meta property=\"og:image\" content=\"https:\/\/amrtop.net\/wp-content\/uploads\/2021\/09\/w-SITO-PAG-58-B.jpg\" \/>\n\t<meta property=\"og:image:width\" content=\"960\" \/>\n\t<meta property=\"og:image:height\" content=\"960\" \/>\n\t<meta property=\"og:image:type\" content=\"image\/jpeg\" \/>\n<meta name=\"twitter:card\" content=\"summary_large_image\" \/>\n<meta name=\"twitter:label1\" content=\"Timp estimat pentru citire\" \/>\n\t<meta name=\"twitter:data1\" content=\"2 minute\" \/>\n<script type=\"application\/ld+json\" class=\"yoast-schema-graph\">{\"@context\":\"https:\\\/\\\/schema.org\",\"@graph\":[{\"@type\":\"WebPage\",\"@id\":\"https:\\\/\\\/amrtop.net\\\/produit\\\/afficheur-baby-ceza-cod-fpncz098p0ot\\\/\",\"url\":\"https:\\\/\\\/amrtop.net\\\/produit\\\/afficheur-baby-ceza-cod-fpncz098p0ot\\\/\",\"name\":\"Afficheur Baby Ceza Cod.FPNCZ098P0OT\",\"isPartOf\":{\"@id\":\"https:\\\/\\\/amrtop.net\\\/#website\"},\"primaryImageOfPage\":{\"@id\":\"https:\\\/\\\/amrtop.net\\\/produit\\\/afficheur-baby-ceza-cod-fpncz098p0ot\\\/#primaryimage\"},\"image\":{\"@id\":\"https:\\\/\\\/amrtop.net\\\/produit\\\/afficheur-baby-ceza-cod-fpncz098p0ot\\\/#primaryimage\"},\"thumbnailUrl\":\"https:\\\/\\\/amrtop.net\\\/wp-content\\\/uploads\\\/2021\\\/09\\\/w-SITO-PAG-58-B.jpg\",\"datePublished\":\"2020-01-10T00:00:00+00:00\",\"dateModified\":\"2023-05-29T08:13:11+00:00\",\"description\":\"Afficheur Baby Ceza Cod.FPNCZ098P0OT - Electronique Ceza pour po\u00eales et chaudi\u00e8res \u00e0 pellets - Accessoires Ceza pour po\u00eales et chaudi\u00e8res \u00e0 pellets - C\u00e2blage pour sondes eau po\u00eales et chaudi\u00e8res Ceza \u00e0 pellets - C\u00e2blage pour pompes eau po\u00eales et chaudi\u00e8res Ceza \u00e0 pellets - Kit de connexion Ceza pour po\u00eales \u00e0 pellets - Pressostats Ceza pour po\u00eales et chaudi\u00e8res \u00e0 pellets - Sondes de temp\u00e9rature air et eau Ceza - T\u00e9l\u00e9commandes avec Display Ceza - Cartes d\u2019extension Ceza - cartes \u00e9lectroniques Ceza\",\"breadcrumb\":{\"@id\":\"https:\\\/\\\/amrtop.net\\\/produit\\\/afficheur-baby-ceza-cod-fpncz098p0ot\\\/#breadcrumb\"},\"inLanguage\":\"ro-RO\",\"potentialAction\":[{\"@type\":\"ReadAction\",\"target\":[\"https:\\\/\\\/amrtop.net\\\/produit\\\/afficheur-baby-ceza-cod-fpncz098p0ot\\\/\"]}]},{\"@type\":\"ImageObject\",\"inLanguage\":\"ro-RO\",\"@id\":\"https:\\\/\\\/amrtop.net\\\/produit\\\/afficheur-baby-ceza-cod-fpncz098p0ot\\\/#primaryimage\",\"url\":\"https:\\\/\\\/amrtop.net\\\/wp-content\\\/uploads\\\/2021\\\/09\\\/w-SITO-PAG-58-B.jpg\",\"contentUrl\":\"https:\\\/\\\/amrtop.net\\\/wp-content\\\/uploads\\\/2021\\\/09\\\/w-SITO-PAG-58-B.jpg\",\"width\":960,\"height\":960,\"caption\":\"Afficheur Baby Ceza Cod.FPNCZ098P0OT - Electronique Ceza pour po\u00eales et chaudi\u00e8res \u00e0 pellets - Accessoires Ceza pour po\u00eales et chaudi\u00e8res \u00e0 pellets - C\u00e2blage pour sondes eau po\u00eales et chaudi\u00e8res Ceza \u00e0 pellets - C\u00e2blage pour pompes eau po\u00eales et chaudi\u00e8res Ceza \u00e0 pellets - Kit de connexion Ceza pour po\u00eales \u00e0 pellets - Pressostats Ceza pour po\u00eales et chaudi\u00e8res \u00e0 pellets - Sondes de temp\u00e9rature air et eau Ceza - T\u00e9l\u00e9commandes avec Display Ceza - Cartes d\u2019extension Ceza - cartes \u00e9lectroniques Ceza\"},{\"@type\":\"BreadcrumbList\",\"@id\":\"https:\\\/\\\/amrtop.net\\\/produit\\\/afficheur-baby-ceza-cod-fpncz098p0ot\\\/#breadcrumb\",\"itemListElement\":[{\"@type\":\"ListItem\",\"position\":1,\"name\":\"Home\",\"item\":\"https:\\\/\\\/amrtop.net\\\/\"},{\"@type\":\"ListItem\",\"position\":2,\"name\":\"Shop\",\"item\":\"https:\\\/\\\/amrtop.net\\\/negozio\\\/\"},{\"@type\":\"ListItem\",\"position\":3,\"name\":\"Afficheur Baby Ceza Cod.FPNCZ098P0OT\"}]},{\"@type\":\"WebSite\",\"@id\":\"https:\\\/\\\/amrtop.net\\\/#website\",\"url\":\"https:\\\/\\\/amrtop.net\\\/\",\"name\":\"AMRTOP B2B \u00c9tranger - Achats r\u00e9serv\u00e9s au professionnel\",\"description\":\"Pi\u00e8ces de rechange et accessoires pour po\u00eales et chaudi\u00e8res - eCommerce B2B pour Clients Professionnels\",\"potentialAction\":[{\"@type\":\"SearchAction\",\"target\":{\"@type\":\"EntryPoint\",\"urlTemplate\":\"https:\\\/\\\/amrtop.net\\\/?s={search_term_string}\"},\"query-input\":{\"@type\":\"PropertyValueSpecification\",\"valueRequired\":true,\"valueName\":\"search_term_string\"}}],\"inLanguage\":\"ro-RO\"}]}<\/script>\n<!-- \/ Yoast SEO plugin. -->","yoast_head_json":{"title":"Afficheur Baby Ceza Cod.FPNCZ098P0OT","description":"Afficheur Baby Ceza Cod.FPNCZ098P0OT - Electronique Ceza pour po\u00eales et chaudi\u00e8res \u00e0 pellets - Accessoires Ceza pour po\u00eales et chaudi\u00e8res \u00e0 pellets - C\u00e2blage pour sondes eau po\u00eales et chaudi\u00e8res Ceza \u00e0 pellets - C\u00e2blage pour pompes eau po\u00eales et chaudi\u00e8res Ceza \u00e0 pellets - Kit de connexion Ceza pour po\u00eales \u00e0 pellets - Pressostats Ceza pour po\u00eales et chaudi\u00e8res \u00e0 pellets - Sondes de temp\u00e9rature air et eau Ceza - T\u00e9l\u00e9commandes avec Display Ceza - Cartes d\u2019extension Ceza - cartes \u00e9lectroniques Ceza","robots":{"index":"index","follow":"follow","max-snippet":"max-snippet:-1","max-image-preview":"max-image-preview:large","max-video-preview":"max-video-preview:-1"},"canonical":"https:\/\/amrtop.net\/ro\/produs\/afficheur-baby-ceza-cod-fpncz098p0ot\/","og_locale":"ro_RO","og_type":"article","og_title":"Afficheur Baby Ceza Cod.FPNCZ098P0OT","og_description":"Afficheur Baby Ceza Cod.FPNCZ098P0OT - Electronique Ceza pour po\u00eales et chaudi\u00e8res \u00e0 pellets - Accessoires Ceza pour po\u00eales et chaudi\u00e8res \u00e0 pellets - C\u00e2blage pour sondes eau po\u00eales et chaudi\u00e8res Ceza \u00e0 pellets - C\u00e2blage pour pompes eau po\u00eales et chaudi\u00e8res Ceza \u00e0 pellets - Kit de connexion Ceza pour po\u00eales \u00e0 pellets - Pressostats Ceza pour po\u00eales et chaudi\u00e8res \u00e0 pellets - Sondes de temp\u00e9rature air et eau Ceza - T\u00e9l\u00e9commandes avec Display Ceza - Cartes d\u2019extension Ceza - cartes \u00e9lectroniques Ceza","og_url":"https:\/\/amrtop.net\/ro\/produs\/afficheur-baby-ceza-cod-fpncz098p0ot\/","og_site_name":"AMRTOP B2B \u00c9tranger - Achats r\u00e9serv\u00e9s au professionnel","article_modified_time":"2023-05-29T08:13:11+00:00","og_image":[{"width":960,"height":960,"url":"https:\/\/amrtop.net\/wp-content\/uploads\/2021\/09\/w-SITO-PAG-58-B.jpg","type":"image\/jpeg"}],"twitter_card":"summary_large_image","twitter_misc":{"Timp estimat pentru citire":"2 minute"},"schema":{"@context":"https:\/\/schema.org","@graph":[{"@type":"WebPage","@id":"https:\/\/amrtop.net\/produit\/afficheur-baby-ceza-cod-fpncz098p0ot\/","url":"https:\/\/amrtop.net\/produit\/afficheur-baby-ceza-cod-fpncz098p0ot\/","name":"Afficheur Baby Ceza Cod.FPNCZ098P0OT","isPartOf":{"@id":"https:\/\/amrtop.net\/#website"},"primaryImageOfPage":{"@id":"https:\/\/amrtop.net\/produit\/afficheur-baby-ceza-cod-fpncz098p0ot\/#primaryimage"},"image":{"@id":"https:\/\/amrtop.net\/produit\/afficheur-baby-ceza-cod-fpncz098p0ot\/#primaryimage"},"thumbnailUrl":"https:\/\/amrtop.net\/wp-content\/uploads\/2021\/09\/w-SITO-PAG-58-B.jpg","datePublished":"2020-01-10T00:00:00+00:00","dateModified":"2023-05-29T08:13:11+00:00","description":"Afficheur Baby Ceza Cod.FPNCZ098P0OT - Electronique Ceza pour po\u00eales et chaudi\u00e8res \u00e0 pellets - Accessoires Ceza pour po\u00eales et chaudi\u00e8res \u00e0 pellets - C\u00e2blage pour sondes eau po\u00eales et chaudi\u00e8res Ceza \u00e0 pellets - C\u00e2blage pour pompes eau po\u00eales et chaudi\u00e8res Ceza \u00e0 pellets - Kit de connexion Ceza pour po\u00eales \u00e0 pellets - Pressostats Ceza pour po\u00eales et chaudi\u00e8res \u00e0 pellets - Sondes de temp\u00e9rature air et eau Ceza - T\u00e9l\u00e9commandes avec Display Ceza - Cartes d\u2019extension Ceza - cartes \u00e9lectroniques Ceza","breadcrumb":{"@id":"https:\/\/amrtop.net\/produit\/afficheur-baby-ceza-cod-fpncz098p0ot\/#breadcrumb"},"inLanguage":"ro-RO","potentialAction":[{"@type":"ReadAction","target":["https:\/\/amrtop.net\/produit\/afficheur-baby-ceza-cod-fpncz098p0ot\/"]}]},{"@type":"ImageObject","inLanguage":"ro-RO","@id":"https:\/\/amrtop.net\/produit\/afficheur-baby-ceza-cod-fpncz098p0ot\/#primaryimage","url":"https:\/\/amrtop.net\/wp-content\/uploads\/2021\/09\/w-SITO-PAG-58-B.jpg","contentUrl":"https:\/\/amrtop.net\/wp-content\/uploads\/2021\/09\/w-SITO-PAG-58-B.jpg","width":960,"height":960,"caption":"Afficheur Baby Ceza Cod.FPNCZ098P0OT - Electronique Ceza pour po\u00eales et chaudi\u00e8res \u00e0 pellets - Accessoires Ceza pour po\u00eales et chaudi\u00e8res \u00e0 pellets - C\u00e2blage pour sondes eau po\u00eales et chaudi\u00e8res Ceza \u00e0 pellets - C\u00e2blage pour pompes eau po\u00eales et chaudi\u00e8res Ceza \u00e0 pellets - Kit de connexion Ceza pour po\u00eales \u00e0 pellets - Pressostats Ceza pour po\u00eales et chaudi\u00e8res \u00e0 pellets - Sondes de temp\u00e9rature air et eau Ceza - T\u00e9l\u00e9commandes avec Display Ceza - Cartes d\u2019extension Ceza - cartes \u00e9lectroniques Ceza"},{"@type":"BreadcrumbList","@id":"https:\/\/amrtop.net\/produit\/afficheur-baby-ceza-cod-fpncz098p0ot\/#breadcrumb","itemListElement":[{"@type":"ListItem","position":1,"name":"Home","item":"https:\/\/amrtop.net\/"},{"@type":"ListItem","position":2,"name":"Shop","item":"https:\/\/amrtop.net\/negozio\/"},{"@type":"ListItem","position":3,"name":"Afficheur Baby Ceza Cod.FPNCZ098P0OT"}]},{"@type":"WebSite","@id":"https:\/\/amrtop.net\/#website","url":"https:\/\/amrtop.net\/","name":"AMRTOP B2B Abroad - Achizi\u021bii rezervate profesioni\u0219tilor","description":"Piese de schimb \u0219i accesorii pentru sobe \u0219i cazane - eCommerce B2B pentru clien\u021bi profesioni\u0219ti","potentialAction":[{"@type":"SearchAction","target":{"@type":"EntryPoint","urlTemplate":"https:\/\/amrtop.net\/?s={search_term_string}"},"query-input":{"@type":"PropertyValueSpecification","valueRequired":true,"valueName":"search_term_string"}}],"inLanguage":"ro-RO"}]}},"_links":{"self":[{"href":"https:\/\/amrtop.net\/ro\/wp-json\/wp\/v2\/product\/18638","targetHints":{"allow":["GET"]}}],"collection":[{"href":"https:\/\/amrtop.net\/ro\/wp-json\/wp\/v2\/product"}],"about":[{"href":"https:\/\/amrtop.net\/ro\/wp-json\/wp\/v2\/types\/product"}],"replies":[{"embeddable":true,"href":"https:\/\/amrtop.net\/ro\/wp-json\/wp\/v2\/comments?post=18638"}],"wp:featuredmedia":[{"embeddable":true,"href":"https:\/\/amrtop.net\/ro\/wp-json\/wp\/v2\/media\/19027"}],"wp:attachment":[{"href":"https:\/\/amrtop.net\/ro\/wp-json\/wp\/v2\/media?parent=18638"}],"wp:term":[{"taxonomy":"product_brand","embeddable":true,"href":"https:\/\/amrtop.net\/ro\/wp-json\/wp\/v2\/product_brand?post=18638"},{"taxonomy":"product_cat","embeddable":true,"href":"https:\/\/amrtop.net\/ro\/wp-json\/wp\/v2\/product_cat?post=18638"},{"taxonomy":"product_tag","embeddable":true,"href":"https:\/\/amrtop.net\/ro\/wp-json\/wp\/v2\/product_tag?post=18638"}],"curies":[{"name":"wp","href":"https:\/\/api.w.org\/{rel}","templated":true}]}}