{"id":18663,"date":"2020-01-10T00:00:00","date_gmt":"2020-01-10T00:00:00","guid":{"rendered":"https:\/\/amrtop.com\/B2B\/?post_type=product&#038;p=18663"},"modified":"2023-06-02T08:56:23","modified_gmt":"2023-06-02T08:56:23","slug":"cp110-afisaj-cu-taste-mecanice","status":"publish","type":"product","link":"https:\/\/amrtop.net\/ro\/produit\/afficheur-cp110-avec-touches-mecaniques\/","title":{"rendered":"Afi\u0219aj CP110 Cod Tiemme TME012"},"content":{"rendered":"<hr \/>\n<h3>Afi\u0219aj CP110 cu taste mecanice<\/h3>\n<div class=\"fusion-text\">\n<p>Tiemme elettronica proiecteaz\u0103 \u0219i produce sisteme de gestionare pentru sobe, \u0219eminee, arz\u0103toare, cazane \u0219i panouri solare termice.<\/p>\n<p>Solu\u021bii eficiente, concepute pentru a gestiona \u00een mod inteligent orice tip de instala\u021bie de biocombustibil, u\u0219or de integrat cu produsul final \u0219i estetic.<\/p>\n<\/div>\n<div class=\"fusion-text\">\n<p>Ei lucreaz\u0103 din 1996 cu un angajament constant \u00een cercetarea materialelor \u0219i \u00een alegerea partenerilor care le comercializeaz\u0103 produsele, precum \u0219i a tuturor produc\u0103torilor diferi\u021bi pentru un lan\u021b de produc\u021bie italian de 100 %.<\/p>\n<p>Punctul forte al tiemme Elettronica const\u0103 \u00een echipa sa de exper\u021bi: tineri, dinamici \u0219i anima\u021bi de pasiunea pentru electronic\u0103 \u0219i tehnologie.<\/p>\n<p>Gestionarea inteligent\u0103 a temperaturii este o promisiune de bun\u0103stare: evit\u0103 risipa \u0219i garanteaz\u0103 o reglare bazat\u0103 pe nevoile reale ale utilizatorului final. Este benefic pentru oameni \u0219i pentru mediu, deoarece economise\u0219te bani \u0219i resurse naturale.<\/p>\n<\/div>\n<h3>Utilizarea afi\u0219ajului CP110 cu taste mecanice<\/h3>\n<p>Componentele electronice TiEmme montate \u00een mod normal pe sobele \u0219i cazanele pe pele\u021bi sunt utilizate pentru a gestiona combustia, oferind posibilitatea de a regla c\u0103ldura generat\u0103 de aparat.<\/p>\n<p>\u00cen plus, aceste sisteme electronice controleaz\u0103 fluxul de aer al sobelor pe pele\u021bi de pe pia\u021b\u0103.<\/p>\n<h3>Interior<\/h3>\n<p><a href=\"https:\/\/wekos.it\/\">Sobe, aragazuri \u0219i aragazuri pe lemne<\/a>\u00a0-\u00a0<a href=\"https:\/\/www.greenpuros.com\/\">\u0219eminee, sobe \u0219i cazane pe pele\u021bi.<\/a><\/p>\n<h3>Gama Amrtop de piese de schimb \u0219i accesorii<\/h3>\n<p><a href=\"https:\/\/amrtop.net\/ro\/categoria-de-produse\/piese-de-schimb-sobe-si-cazane-de-gatit-si-cazane-mixte-2\/bougies-dallumage-pour-poeles-et-chaudieres-a-pellets\/\">Bujii incandescente<\/a><\/p>\n<p><a href=\"https:\/\/amrtop.net\/ro\/categoria-de-produse\/piese-de-schimb-sobe-si-cazane-de-gatit-si-cazane-mixte-2\/electronique\/\">Electronic\u0103<\/a><\/p>\n<p><a href=\"https:\/\/amrtop.net\/ro\/categoria-de-produse\/piese-de-schimb-sobe-si-cazane-de-gatit-si-cazane-mixte-2\/extracteurs-de-fumee\/\">Extractoare de fum<\/a><\/p>\n<p><a href=\"https:\/\/amrtop.net\/ro\/categoria-de-produse\/piese-de-schimb-sobe-si-cazane-de-gatit-si-cazane-mixte-2\/gaines-cable-connecteurs\/\">Teci de cablu conector<\/a><\/p>\n<p><a href=\"https:\/\/amrtop.net\/ro\/categoria-de-produse\/piese-de-schimb-sobe-si-cazane-de-gatit-si-cazane-mixte-2\/joints-de-silicone\/\">Garnituri de silicon<\/a><\/p>\n<p><a href=\"https:\/\/amrtop.net\/ro\/categoria-de-produse\/piese-de-schimb-sobe-si-cazane-de-gatit-si-cazane-mixte-2\/motoreducteurs\/\">Motoare cu angrenaje<\/a><\/p>\n<p><a href=\"https:\/\/amrtop.net\/ro\/categoria-de-produse\/piese-de-schimb-sobe-si-cazane-de-gatit-si-cazane-mixte-2\/pressostats-et-transducteurs\/\">Presostate \u0219i traductoare de presiune<\/a><\/p>\n<p><a href=\"https:\/\/amrtop.net\/ro\/categoria-de-produse\/piese-de-schimb-sobe-si-cazane-de-gatit-si-cazane-mixte-2\/sondes-thermostats-manometres-thermometres\/\">Sonde termostate manometre termometre termometre<\/a><\/p>\n<p><a href=\"https:\/\/amrtop.net\/ro\/categoria-de-produse\/piese-de-schimb-sobe-si-cazane-de-gatit-si-cazane-mixte-2\/joints-detancheite\/\">Tricotaje de etan\u0219are<\/a><\/p>\n<p><a href=\"https:\/\/amrtop.net\/ro\/categoria-de-produse\/piese-de-schimb-sobe-si-cazane-de-gatit-si-cazane-mixte-2\/ventilateurs-centrifuges-pour-poeles-a-pellets\/\">Ventilatoare centrifuge<\/a><\/p>\n<p><a href=\"https:\/\/amrtop.net\/ro\/categoria-de-produse\/piese-de-schimb-sobe-si-cazane-de-gatit-si-cazane-mixte-2\/ventilateurs-tangentiels-flux-transversal\/\">Ventilatoare cu flux \u00eencruci\u0219at<\/a><\/p>\n<p><a href=\"https:\/\/amrtop.net\/ro\/categoria-de-produse\/piese-de-schimb-sobe-si-cazane-de-gatit-si-cazane-mixte-2\/adhesifs-et-produits-detancheite\/\">Adezivi \u0219i materiale de etan\u0219are<\/a><\/p>\n<p>&nbsp;<\/p>","protected":false},"excerpt":{"rendered":"<hr \/>\n<h2><span style=\"color: #008000\">Disponibil la<\/span><\/h2>\n<hr \/>\n<h3>Afi\u0219aj CP110 cu taste mecanice<\/h3>\n<p>Cod TME012<\/p>\n<p>Panou de control CP110<\/p>\n<p>Panoul de control CP110 ofer\u0103 o gam\u0103 complet\u0103 de func\u021bii, p\u0103str\u00e2ndu-\u0219i \u00een acela\u0219i timp dimensiunile compacte \u0219i pre\u021bul redus.<\/p>\n<p>Prin CP110:<br \/>\nAfi\u0219area de informa\u021bii privind func\u021bionarea sistemului<br \/>\nVizualizarea \u0219i modificarea parametrilor de func\u021bionare a sistemului<br \/>\nAfi\u0219area temperaturilor de func\u021bionare a sistemului<br \/>\nConfigurarea programelor de conectare \u0219i deconectare \u00een modul cronotermostat<\/p>\n<p>CP110 poate fi operat de la o tastatur\u0103 mecanic\u0103, cu atingere moale sau de sticl\u0103.<br \/>\nPanoul de control este pozi\u021bionat \u00een spatele unei sticle temperate cu o grosime maxim\u0103 de 4 mm.<br \/>\nButoanele func\u021bioneaz\u0103 cu un senzor capacitiv.<br \/>\nForm\u0103 de sticl\u0103 personalizabil\u0103<\/p>\n<p>Descriere<\/p>\n<p>Caz ABS<br \/>\nCheile 4<br \/>\nInterfa\u021b\u0103 de afi\u0219are 2 ecrane cu 4 cifre<br \/>\nDimensiuni 88X58X16 mm<\/p>","protected":false},"featured_media":19067,"comment_status":"open","ping_status":"closed","template":"","meta":[],"product_brand":[],"product_cat":[1318,1310,1315,839],"product_tag":[],"class_list":{"0":"post-18663","1":"product","2":"type-product","3":"status-publish","4":"has-post-thumbnail","6":"product_cat-display-tiemme-pour-poeles-et-chaudieres-a-pellets","7":"product_cat-electronique","8":"product_cat-electronique-tiemme-pour-poeles-et-chaudieres-a-pellets","9":"product_cat-pieces-de-rechange-divers-poeles-et-chaudieres","10":"product_shipping_class-classe-di-spedizione-01","12":"first","13":"instock","14":"shipping-taxable","15":"purchasable","16":"product-type-simple"},"yoast_head":"<!-- This site is optimized with the Yoast SEO plugin v27.5 - https:\/\/yoast.com\/product\/yoast-seo-wordpress\/ -->\n<title>Afficheur CP110 avec touches m\u00e9caniques<\/title>\n<meta name=\"description\" content=\"Afficheur CP110 avec touches m\u00e9caniques - Display Tiemme pour po\u00eales et calaies \u00e0 pellets - C\u00e2blage Tiemme pour sonde eau po\u00eale et chaudi\u00e8re \u00e0 pellets - C\u00e2blage Tiemme pour pompe \u00e0 eau - Kit de connexion Tiemme - Pressostato Tiemme - Sonde de temp\u00e9rature air et eau Tiemme - T\u00e9l\u00e9commande avec Display Tiemme - T\u00e9l\u00e9commande sans Display Tiemme\" \/>\n<meta name=\"robots\" content=\"index, follow, max-snippet:-1, max-image-preview:large, max-video-preview:-1\" \/>\n<link rel=\"canonical\" href=\"https:\/\/amrtop.net\/ro\/produs\/cp110-afisaj-cu-taste-mecanice\/\" \/>\n<meta property=\"og:locale\" content=\"ro_RO\" \/>\n<meta property=\"og:type\" content=\"article\" \/>\n<meta property=\"og:title\" content=\"Afficheur CP110 avec touches m\u00e9caniques\" \/>\n<meta property=\"og:description\" content=\"Afficheur CP110 avec touches m\u00e9caniques - Display Tiemme pour po\u00eales et calaies \u00e0 pellets - C\u00e2blage Tiemme pour sonde eau po\u00eale et chaudi\u00e8re \u00e0 pellets - C\u00e2blage Tiemme pour pompe \u00e0 eau - Kit de connexion Tiemme - Pressostato Tiemme - Sonde de temp\u00e9rature air et eau Tiemme - T\u00e9l\u00e9commande avec Display Tiemme - T\u00e9l\u00e9commande sans Display Tiemme\" \/>\n<meta property=\"og:url\" content=\"https:\/\/amrtop.net\/ro\/produs\/cp110-afisaj-cu-taste-mecanice\/\" \/>\n<meta property=\"og:site_name\" content=\"AMRTOP B2B \u00c9tranger - Achats r\u00e9serv\u00e9s au professionnel\" \/>\n<meta property=\"article:modified_time\" content=\"2023-06-02T08:56:23+00:00\" \/>\n<meta property=\"og:image\" content=\"https:\/\/amrtop.net\/wp-content\/uploads\/2021\/09\/w-SITO-TIEMME-07.jpg\" \/>\n\t<meta property=\"og:image:width\" content=\"960\" \/>\n\t<meta property=\"og:image:height\" content=\"960\" \/>\n\t<meta property=\"og:image:type\" content=\"image\/jpeg\" \/>\n<meta name=\"twitter:card\" content=\"summary_large_image\" \/>\n<meta name=\"twitter:label1\" content=\"Timp estimat pentru citire\" \/>\n\t<meta name=\"twitter:data1\" content=\"2 minute\" \/>\n<script type=\"application\/ld+json\" class=\"yoast-schema-graph\">{\"@context\":\"https:\\\/\\\/schema.org\",\"@graph\":[{\"@type\":\"WebPage\",\"@id\":\"https:\\\/\\\/amrtop.net\\\/produit\\\/afficheur-cp110-avec-touches-mecaniques\\\/\",\"url\":\"https:\\\/\\\/amrtop.net\\\/produit\\\/afficheur-cp110-avec-touches-mecaniques\\\/\",\"name\":\"Afficheur CP110 avec touches m\u00e9caniques\",\"isPartOf\":{\"@id\":\"https:\\\/\\\/amrtop.net\\\/#website\"},\"primaryImageOfPage\":{\"@id\":\"https:\\\/\\\/amrtop.net\\\/produit\\\/afficheur-cp110-avec-touches-mecaniques\\\/#primaryimage\"},\"image\":{\"@id\":\"https:\\\/\\\/amrtop.net\\\/produit\\\/afficheur-cp110-avec-touches-mecaniques\\\/#primaryimage\"},\"thumbnailUrl\":\"https:\\\/\\\/amrtop.net\\\/wp-content\\\/uploads\\\/2021\\\/09\\\/w-SITO-TIEMME-07.jpg\",\"datePublished\":\"2020-01-10T00:00:00+00:00\",\"dateModified\":\"2023-06-02T08:56:23+00:00\",\"description\":\"Afficheur CP110 avec touches m\u00e9caniques - Display Tiemme pour po\u00eales et calaies \u00e0 pellets - C\u00e2blage Tiemme pour sonde eau po\u00eale et chaudi\u00e8re \u00e0 pellets - C\u00e2blage Tiemme pour pompe \u00e0 eau - Kit de connexion Tiemme - Pressostato Tiemme - Sonde de temp\u00e9rature air et eau Tiemme - T\u00e9l\u00e9commande avec Display Tiemme - T\u00e9l\u00e9commande sans Display Tiemme\",\"breadcrumb\":{\"@id\":\"https:\\\/\\\/amrtop.net\\\/produit\\\/afficheur-cp110-avec-touches-mecaniques\\\/#breadcrumb\"},\"inLanguage\":\"ro-RO\",\"potentialAction\":[{\"@type\":\"ReadAction\",\"target\":[\"https:\\\/\\\/amrtop.net\\\/produit\\\/afficheur-cp110-avec-touches-mecaniques\\\/\"]}]},{\"@type\":\"ImageObject\",\"inLanguage\":\"ro-RO\",\"@id\":\"https:\\\/\\\/amrtop.net\\\/produit\\\/afficheur-cp110-avec-touches-mecaniques\\\/#primaryimage\",\"url\":\"https:\\\/\\\/amrtop.net\\\/wp-content\\\/uploads\\\/2021\\\/09\\\/w-SITO-TIEMME-07.jpg\",\"contentUrl\":\"https:\\\/\\\/amrtop.net\\\/wp-content\\\/uploads\\\/2021\\\/09\\\/w-SITO-TIEMME-07.jpg\",\"width\":960,\"height\":960,\"caption\":\"Afficheur CP110 avec touches m\u00e9caniques - Display Tiemme pour po\u00eales et calaies \u00e0 pellets - C\u00e2blage Tiemme pour sonde eau po\u00eale et chaudi\u00e8re \u00e0 pellets - C\u00e2blage Tiemme pour pompe \u00e0 eau - Kit de connexion Tiemme - Pressostato Tiemme - Sonde de temp\u00e9rature air et eau Tiemme - T\u00e9l\u00e9commande avec Display Tiemme - T\u00e9l\u00e9commande sans Display Tiemme\"},{\"@type\":\"BreadcrumbList\",\"@id\":\"https:\\\/\\\/amrtop.net\\\/produit\\\/afficheur-cp110-avec-touches-mecaniques\\\/#breadcrumb\",\"itemListElement\":[{\"@type\":\"ListItem\",\"position\":1,\"name\":\"Home\",\"item\":\"https:\\\/\\\/amrtop.net\\\/\"},{\"@type\":\"ListItem\",\"position\":2,\"name\":\"Shop\",\"item\":\"https:\\\/\\\/amrtop.net\\\/negozio\\\/\"},{\"@type\":\"ListItem\",\"position\":3,\"name\":\"Afficheur CP110 Tiemme Code TME012\"}]},{\"@type\":\"WebSite\",\"@id\":\"https:\\\/\\\/amrtop.net\\\/#website\",\"url\":\"https:\\\/\\\/amrtop.net\\\/\",\"name\":\"AMRTOP B2B \u00c9tranger - Achats r\u00e9serv\u00e9s au professionnel\",\"description\":\"Pi\u00e8ces de rechange et accessoires pour po\u00eales et chaudi\u00e8res - eCommerce B2B pour Clients Professionnels\",\"potentialAction\":[{\"@type\":\"SearchAction\",\"target\":{\"@type\":\"EntryPoint\",\"urlTemplate\":\"https:\\\/\\\/amrtop.net\\\/?s={search_term_string}\"},\"query-input\":{\"@type\":\"PropertyValueSpecification\",\"valueRequired\":true,\"valueName\":\"search_term_string\"}}],\"inLanguage\":\"ro-RO\"}]}<\/script>\n<!-- \/ Yoast SEO plugin. -->","yoast_head_json":{"title":"Afi\u0219aj CP110 cu taste mecanice","description":"Afi\u0219aj CP110 cu taste mecanice - Afi\u0219aj Tiemme pentru sobe \u0219i cazane pe pele\u021bi - Cablaj Tiemme pentru senzor de ap\u0103 pentru sobe \u0219i cazane pe pele\u021bi - Cablaj Tiemme pentru pomp\u0103 de ap\u0103 - Kit de conectare Tiemme - Pressostato Tiemme - Senzor de temperatur\u0103 aer \u0219i ap\u0103 Tiemme - Telecomand\u0103 cu Afi\u0219aj Tiemme - Telecomand\u0103 f\u0103r\u0103 Afi\u0219aj Tiemme","robots":{"index":"index","follow":"follow","max-snippet":"max-snippet:-1","max-image-preview":"max-image-preview:large","max-video-preview":"max-video-preview:-1"},"canonical":"https:\/\/amrtop.net\/ro\/produs\/cp110-afisaj-cu-taste-mecanice\/","og_locale":"ro_RO","og_type":"article","og_title":"Afficheur CP110 avec touches m\u00e9caniques","og_description":"Afficheur CP110 avec touches m\u00e9caniques - Display Tiemme pour po\u00eales et calaies \u00e0 pellets - C\u00e2blage Tiemme pour sonde eau po\u00eale et chaudi\u00e8re \u00e0 pellets - C\u00e2blage Tiemme pour pompe \u00e0 eau - Kit de connexion Tiemme - Pressostato Tiemme - Sonde de temp\u00e9rature air et eau Tiemme - T\u00e9l\u00e9commande avec Display Tiemme - T\u00e9l\u00e9commande sans Display Tiemme","og_url":"https:\/\/amrtop.net\/ro\/produs\/cp110-afisaj-cu-taste-mecanice\/","og_site_name":"AMRTOP B2B \u00c9tranger - Achats r\u00e9serv\u00e9s au professionnel","article_modified_time":"2023-06-02T08:56:23+00:00","og_image":[{"width":960,"height":960,"url":"https:\/\/amrtop.net\/wp-content\/uploads\/2021\/09\/w-SITO-TIEMME-07.jpg","type":"image\/jpeg"}],"twitter_card":"summary_large_image","twitter_misc":{"Timp estimat pentru citire":"2 minute"},"schema":{"@context":"https:\/\/schema.org","@graph":[{"@type":"WebPage","@id":"https:\/\/amrtop.net\/produit\/afficheur-cp110-avec-touches-mecaniques\/","url":"https:\/\/amrtop.net\/produit\/afficheur-cp110-avec-touches-mecaniques\/","name":"Afi\u0219aj CP110 cu taste mecanice","isPartOf":{"@id":"https:\/\/amrtop.net\/#website"},"primaryImageOfPage":{"@id":"https:\/\/amrtop.net\/produit\/afficheur-cp110-avec-touches-mecaniques\/#primaryimage"},"image":{"@id":"https:\/\/amrtop.net\/produit\/afficheur-cp110-avec-touches-mecaniques\/#primaryimage"},"thumbnailUrl":"https:\/\/amrtop.net\/wp-content\/uploads\/2021\/09\/w-SITO-TIEMME-07.jpg","datePublished":"2020-01-10T00:00:00+00:00","dateModified":"2023-06-02T08:56:23+00:00","description":"Afi\u0219aj CP110 cu taste mecanice - Afi\u0219aj Tiemme pentru sobe \u0219i cazane pe pele\u021bi - Cablaj Tiemme pentru senzor de ap\u0103 pentru sobe \u0219i cazane pe pele\u021bi - Cablaj Tiemme pentru pomp\u0103 de ap\u0103 - Kit de conectare Tiemme - Pressostato Tiemme - Senzor de temperatur\u0103 aer \u0219i ap\u0103 Tiemme - Telecomand\u0103 cu Afi\u0219aj Tiemme - Telecomand\u0103 f\u0103r\u0103 Afi\u0219aj Tiemme","breadcrumb":{"@id":"https:\/\/amrtop.net\/produit\/afficheur-cp110-avec-touches-mecaniques\/#breadcrumb"},"inLanguage":"ro-RO","potentialAction":[{"@type":"ReadAction","target":["https:\/\/amrtop.net\/produit\/afficheur-cp110-avec-touches-mecaniques\/"]}]},{"@type":"ImageObject","inLanguage":"ro-RO","@id":"https:\/\/amrtop.net\/produit\/afficheur-cp110-avec-touches-mecaniques\/#primaryimage","url":"https:\/\/amrtop.net\/wp-content\/uploads\/2021\/09\/w-SITO-TIEMME-07.jpg","contentUrl":"https:\/\/amrtop.net\/wp-content\/uploads\/2021\/09\/w-SITO-TIEMME-07.jpg","width":960,"height":960,"caption":"Afficheur CP110 avec touches m\u00e9caniques - Display Tiemme pour po\u00eales et calaies \u00e0 pellets - C\u00e2blage Tiemme pour sonde eau po\u00eale et chaudi\u00e8re \u00e0 pellets - C\u00e2blage Tiemme pour pompe \u00e0 eau - Kit de connexion Tiemme - Pressostato Tiemme - Sonde de temp\u00e9rature air et eau Tiemme - T\u00e9l\u00e9commande avec Display Tiemme - T\u00e9l\u00e9commande sans Display Tiemme"},{"@type":"BreadcrumbList","@id":"https:\/\/amrtop.net\/produit\/afficheur-cp110-avec-touches-mecaniques\/#breadcrumb","itemListElement":[{"@type":"ListItem","position":1,"name":"Home","item":"https:\/\/amrtop.net\/"},{"@type":"ListItem","position":2,"name":"Shop","item":"https:\/\/amrtop.net\/negozio\/"},{"@type":"ListItem","position":3,"name":"Afficheur CP110 Tiemme Code TME012"}]},{"@type":"WebSite","@id":"https:\/\/amrtop.net\/#website","url":"https:\/\/amrtop.net\/","name":"AMRTOP B2B Abroad - Achizi\u021bii rezervate profesioni\u0219tilor","description":"Piese de schimb \u0219i accesorii pentru sobe \u0219i cazane - eCommerce B2B pentru clien\u021bi profesioni\u0219ti","potentialAction":[{"@type":"SearchAction","target":{"@type":"EntryPoint","urlTemplate":"https:\/\/amrtop.net\/?s={search_term_string}"},"query-input":{"@type":"PropertyValueSpecification","valueRequired":true,"valueName":"search_term_string"}}],"inLanguage":"ro-RO"}]}},"_links":{"self":[{"href":"https:\/\/amrtop.net\/ro\/wp-json\/wp\/v2\/product\/18663","targetHints":{"allow":["GET"]}}],"collection":[{"href":"https:\/\/amrtop.net\/ro\/wp-json\/wp\/v2\/product"}],"about":[{"href":"https:\/\/amrtop.net\/ro\/wp-json\/wp\/v2\/types\/product"}],"replies":[{"embeddable":true,"href":"https:\/\/amrtop.net\/ro\/wp-json\/wp\/v2\/comments?post=18663"}],"wp:featuredmedia":[{"embeddable":true,"href":"https:\/\/amrtop.net\/ro\/wp-json\/wp\/v2\/media\/19067"}],"wp:attachment":[{"href":"https:\/\/amrtop.net\/ro\/wp-json\/wp\/v2\/media?parent=18663"}],"wp:term":[{"taxonomy":"product_brand","embeddable":true,"href":"https:\/\/amrtop.net\/ro\/wp-json\/wp\/v2\/product_brand?post=18663"},{"taxonomy":"product_cat","embeddable":true,"href":"https:\/\/amrtop.net\/ro\/wp-json\/wp\/v2\/product_cat?post=18663"},{"taxonomy":"product_tag","embeddable":true,"href":"https:\/\/amrtop.net\/ro\/wp-json\/wp\/v2\/product_tag?post=18663"}],"curies":[{"name":"wp","href":"https:\/\/api.w.org\/{rel}","templated":true}]}}