{"id":18672,"date":"2020-01-10T00:00:00","date_gmt":"2020-01-10T00:00:00","guid":{"rendered":"https:\/\/amrtop.com\/B2B\/?post_type=product&#038;p=18672"},"modified":"2023-05-29T09:42:13","modified_gmt":"2023-05-29T09:42:13","slug":"cable-plat-tiemme-l-1-50-mt","status":"publish","type":"product","link":"https:\/\/amrtop.net\/ro\/produit\/cable-plat-tiemme-l-1-50-mt\/","title":{"rendered":"C\u00e2ble plat Tiemme L. 1,50 mt Code TME023"},"content":{"rendered":"<hr \/>\n<h3>C\u00e2ble plat Tiemme L. 1.50 mt<\/h3>\n<div class=\"fusion-text\">\n<p>Tiemme elettronica proiecteaz\u0103 \u0219i produce sisteme de gestionare pentru sobe, \u0219eminee, arz\u0103toare, cazane \u0219i panouri solare termice.<\/p>\n<p>Solu\u021bii eficiente, concepute pentru a gestiona \u00een mod inteligent orice tip de instala\u021bie de biocombustibil, u\u0219or de integrat cu produsul final \u0219i estetic.<\/p>\n<\/div>\n<div class=\"fusion-text\">\n<p>Ei lucreaz\u0103 din 1996 cu un angajament constant \u00een cercetarea materialelor \u0219i \u00een alegerea partenerilor care le comercializeaz\u0103 produsele, precum \u0219i a tuturor produc\u0103torilor diferi\u021bi pentru un lan\u021b de produc\u021bie italian de 100 %.<\/p>\n<p>Punctul forte al tiemme Elettronica const\u0103 \u00een echipa sa de exper\u021bi: tineri, dinamici \u0219i anima\u021bi de pasiunea pentru electronic\u0103 \u0219i tehnologie.<\/p>\n<\/div>\n<h3>Utilisation du c\u00e2ble plat Tiemme L. 1.50 mt<\/h3>\n<p>Componentele electronice TiEmme montate \u00een mod normal pe sobele \u0219i cazanele pe pele\u021bi sunt utilizate pentru a gestiona combustia, oferind posibilitatea de a regla c\u0103ldura generat\u0103 de aparat.<\/p>\n<p>\u00cen plus, aceste sisteme electronice controleaz\u0103 fluxul de aer al sobelor pe pele\u021bi de pe pia\u021b\u0103.<\/p>\n<p>Acestea pot fi r\u0103cite cu aer, adic\u0103 cu un singur ventilator montat \u00een partea frontal\u0103, sau prin conducte, adic\u0103 echipate cu una sau mai multe ie\u0219iri de aer care pot fi direc\u021bionate c\u0103tre alte \u00eenc\u0103peri, chiar \u0219i la etaje diferite ale casei, prin conducte de perete.<\/p>\n<p>Se g\u0103se\u0219te \u00een aparatele tipice - Soba pe pele\u021bi - Cazan pe pele\u021bi - Arz\u0103tor pe pele\u021bi - Gr\u0103tar\/barbeque pe pele\u021bi Cazan pe biomas\u0103 - Arz\u0103tor pe biomas\u0103 - \u0218i multe alte arz\u0103toare<\/p>\n<h3>Interior<\/h3>\n<p><a href=\"https:\/\/wekos.it\/\">Sobe, aragazuri \u0219i aragazuri pe lemne<\/a>\u00a0-\u00a0<a href=\"https:\/\/www.greenpuros.com\/\">\u0219eminee, sobe \u0219i cazane pe pele\u021bi.<\/a><\/p>\n<h3>Gama Amrtop de piese de schimb \u0219i accesorii<\/h3>\n<p><a href=\"https:\/\/amrtop.net\/ro\/categoria-de-produse\/piese-de-schimb-sobe-si-cazane-de-gatit-si-cazane-mixte-2\/bougies-dallumage-pour-poeles-et-chaudieres-a-pellets\/\">Bujii incandescente<\/a><\/p>\n<p><a href=\"https:\/\/amrtop.net\/ro\/categoria-de-produse\/piese-de-schimb-sobe-si-cazane-de-gatit-si-cazane-mixte-2\/electronique\/\">Electronic\u0103<\/a><\/p>\n<p><a href=\"https:\/\/amrtop.net\/ro\/categoria-de-produse\/piese-de-schimb-sobe-si-cazane-de-gatit-si-cazane-mixte-2\/extracteurs-de-fumee\/\">Extractoare de fum<\/a><\/p>\n<p><a href=\"https:\/\/amrtop.net\/ro\/categoria-de-produse\/piese-de-schimb-sobe-si-cazane-de-gatit-si-cazane-mixte-2\/gaines-cable-connecteurs\/\">Teci de cablu conector<\/a><\/p>\n<p><a href=\"https:\/\/amrtop.net\/ro\/categoria-de-produse\/piese-de-schimb-sobe-si-cazane-de-gatit-si-cazane-mixte-2\/joints-de-silicone\/\">Garnituri de silicon<\/a><\/p>\n<p><a href=\"https:\/\/amrtop.net\/ro\/categoria-de-produse\/piese-de-schimb-sobe-si-cazane-de-gatit-si-cazane-mixte-2\/motoreducteurs\/\">Motoare cu angrenaje<\/a><\/p>\n<p><a href=\"https:\/\/amrtop.net\/ro\/categoria-de-produse\/piese-de-schimb-sobe-si-cazane-de-gatit-si-cazane-mixte-2\/pressostats-et-transducteurs\/\">Presostate \u0219i traductoare de presiune<\/a><\/p>\n<p><a href=\"https:\/\/amrtop.net\/ro\/categoria-de-produse\/piese-de-schimb-sobe-si-cazane-de-gatit-si-cazane-mixte-2\/sondes-thermostats-manometres-thermometres\/\">Sonde termostate manometre termometre termometre<\/a><\/p>\n<p><a href=\"https:\/\/amrtop.net\/ro\/categoria-de-produse\/piese-de-schimb-sobe-si-cazane-de-gatit-si-cazane-mixte-2\/joints-detancheite\/\">Tricotaje de etan\u0219are<\/a><\/p>\n<p><a href=\"https:\/\/amrtop.net\/ro\/categoria-de-produse\/piese-de-schimb-sobe-si-cazane-de-gatit-si-cazane-mixte-2\/ventilateurs-centrifuges-pour-poeles-a-pellets\/\">Ventilatoare centrifuge<\/a><\/p>\n<p><a href=\"https:\/\/amrtop.net\/ro\/categoria-de-produse\/piese-de-schimb-sobe-si-cazane-de-gatit-si-cazane-mixte-2\/ventilateurs-tangentiels-flux-transversal\/\">Ventilatoare cu flux \u00eencruci\u0219at<\/a><\/p>\n<p><a href=\"https:\/\/amrtop.net\/ro\/categoria-de-produse\/piese-de-schimb-sobe-si-cazane-de-gatit-si-cazane-mixte-2\/adhesifs-et-produits-detancheite\/\">Adezivi \u0219i materiale de etan\u0219are<\/a><\/p>\n<p>&nbsp;<\/p>","protected":false},"excerpt":{"rendered":"<hr \/>\n<h2><span style=\"color: #008000\">Disponibil la<\/span><\/h2>\n<hr \/>\n<h3>C\u00e2ble plat L. 1,50 mt<\/h3>\n<p>Code TME023<\/p>","protected":false},"featured_media":19578,"comment_status":"open","ping_status":"closed","template":"","meta":[],"product_brand":[],"product_cat":[1317,1310,1315,839],"product_tag":[],"class_list":{"0":"post-18672","1":"product","2":"type-product","3":"status-publish","4":"has-post-thumbnail","6":"product_cat-accessoires-tiemme-pour-poeles-et-chaudieres-a-pellets","7":"product_cat-electronique","8":"product_cat-electronique-tiemme-pour-poeles-et-chaudieres-a-pellets","9":"product_cat-pieces-de-rechange-divers-poeles-et-chaudieres","10":"product_shipping_class-classe-di-spedizione-01","12":"first","13":"instock","14":"shipping-taxable","15":"purchasable","16":"product-type-simple"},"yoast_head":"<!-- This site is optimized with the Yoast SEO plugin v27.5 - https:\/\/yoast.com\/product\/yoast-seo-wordpress\/ -->\n<title>C\u00e2ble plat Tiemme L. 1.50 mt<\/title>\n<meta name=\"description\" content=\"C\u00e2ble plat Tiemme L. 1.50 mt - Electronique Tiemme pour po\u00eales et chaudi\u00e8res \u00e0 pellets - Accessoires Tiemme pour po\u00eales et chaudi\u00e8res \u00e0 pellets - C\u00e2blage pour sonde eau po\u00eales et chaudi\u00e8res Tiemme \u00e0 pellets - Kit de connexion Tiemme pour po\u00eales chaudi\u00e8res \u00e0 pellets - Pressostato Tiemme pour po\u00eales et chaudi\u00e8res \u00e0 pellets - Sonde de temp\u00e9rature air et eau Tiemme - T\u00e9l\u00e9commande avec Display Tiemme - carte \u00e9lectronique Tiemme\" \/>\n<meta name=\"robots\" content=\"index, follow, max-snippet:-1, max-image-preview:large, max-video-preview:-1\" \/>\n<link rel=\"canonical\" href=\"https:\/\/amrtop.net\/ro\/produs\/cable-plat-tiemme-l-1-50-mt\/\" \/>\n<meta property=\"og:locale\" content=\"ro_RO\" \/>\n<meta property=\"og:type\" content=\"article\" \/>\n<meta property=\"og:title\" content=\"C\u00e2ble plat Tiemme L. 1.50 mt\" \/>\n<meta property=\"og:description\" content=\"C\u00e2ble plat Tiemme L. 1.50 mt - Electronique Tiemme pour po\u00eales et chaudi\u00e8res \u00e0 pellets - Accessoires Tiemme pour po\u00eales et chaudi\u00e8res \u00e0 pellets - C\u00e2blage pour sonde eau po\u00eales et chaudi\u00e8res Tiemme \u00e0 pellets - Kit de connexion Tiemme pour po\u00eales chaudi\u00e8res \u00e0 pellets - Pressostato Tiemme pour po\u00eales et chaudi\u00e8res \u00e0 pellets - Sonde de temp\u00e9rature air et eau Tiemme - T\u00e9l\u00e9commande avec Display Tiemme - carte \u00e9lectronique Tiemme\" \/>\n<meta property=\"og:url\" content=\"https:\/\/amrtop.net\/ro\/produs\/cable-plat-tiemme-l-1-50-mt\/\" \/>\n<meta property=\"og:site_name\" content=\"AMRTOP B2B \u00c9tranger - Achats r\u00e9serv\u00e9s au professionnel\" \/>\n<meta property=\"article:modified_time\" content=\"2023-05-29T09:42:13+00:00\" \/>\n<meta property=\"og:image\" content=\"https:\/\/amrtop.net\/wp-content\/uploads\/2021\/11\/w-SITO-PAG-67-B-1.jpg\" \/>\n\t<meta property=\"og:image:width\" content=\"960\" \/>\n\t<meta property=\"og:image:height\" content=\"960\" \/>\n\t<meta property=\"og:image:type\" content=\"image\/jpeg\" \/>\n<meta name=\"twitter:card\" content=\"summary_large_image\" \/>\n<meta name=\"twitter:label1\" content=\"Timp estimat pentru citire\" \/>\n\t<meta name=\"twitter:data1\" content=\"2 minute\" \/>\n<script type=\"application\/ld+json\" class=\"yoast-schema-graph\">{\"@context\":\"https:\\\/\\\/schema.org\",\"@graph\":[{\"@type\":\"WebPage\",\"@id\":\"https:\\\/\\\/amrtop.net\\\/produit\\\/cable-plat-tiemme-l-1-50-mt\\\/\",\"url\":\"https:\\\/\\\/amrtop.net\\\/produit\\\/cable-plat-tiemme-l-1-50-mt\\\/\",\"name\":\"C\u00e2ble plat Tiemme L. 1.50 mt\",\"isPartOf\":{\"@id\":\"https:\\\/\\\/amrtop.net\\\/#website\"},\"primaryImageOfPage\":{\"@id\":\"https:\\\/\\\/amrtop.net\\\/produit\\\/cable-plat-tiemme-l-1-50-mt\\\/#primaryimage\"},\"image\":{\"@id\":\"https:\\\/\\\/amrtop.net\\\/produit\\\/cable-plat-tiemme-l-1-50-mt\\\/#primaryimage\"},\"thumbnailUrl\":\"https:\\\/\\\/amrtop.net\\\/wp-content\\\/uploads\\\/2021\\\/11\\\/w-SITO-PAG-67-B-1.jpg\",\"datePublished\":\"2020-01-10T00:00:00+00:00\",\"dateModified\":\"2023-05-29T09:42:13+00:00\",\"description\":\"C\u00e2ble plat Tiemme L. 1.50 mt - Electronique Tiemme pour po\u00eales et chaudi\u00e8res \u00e0 pellets - Accessoires Tiemme pour po\u00eales et chaudi\u00e8res \u00e0 pellets - C\u00e2blage pour sonde eau po\u00eales et chaudi\u00e8res Tiemme \u00e0 pellets - Kit de connexion Tiemme pour po\u00eales chaudi\u00e8res \u00e0 pellets - Pressostato Tiemme pour po\u00eales et chaudi\u00e8res \u00e0 pellets - Sonde de temp\u00e9rature air et eau Tiemme - T\u00e9l\u00e9commande avec Display Tiemme - carte \u00e9lectronique Tiemme\",\"breadcrumb\":{\"@id\":\"https:\\\/\\\/amrtop.net\\\/produit\\\/cable-plat-tiemme-l-1-50-mt\\\/#breadcrumb\"},\"inLanguage\":\"ro-RO\",\"potentialAction\":[{\"@type\":\"ReadAction\",\"target\":[\"https:\\\/\\\/amrtop.net\\\/produit\\\/cable-plat-tiemme-l-1-50-mt\\\/\"]}]},{\"@type\":\"ImageObject\",\"inLanguage\":\"ro-RO\",\"@id\":\"https:\\\/\\\/amrtop.net\\\/produit\\\/cable-plat-tiemme-l-1-50-mt\\\/#primaryimage\",\"url\":\"https:\\\/\\\/amrtop.net\\\/wp-content\\\/uploads\\\/2021\\\/11\\\/w-SITO-PAG-67-B-1.jpg\",\"contentUrl\":\"https:\\\/\\\/amrtop.net\\\/wp-content\\\/uploads\\\/2021\\\/11\\\/w-SITO-PAG-67-B-1.jpg\",\"width\":960,\"height\":960,\"caption\":\"Cavo flat Tiemme L 1.50 mt\"},{\"@type\":\"BreadcrumbList\",\"@id\":\"https:\\\/\\\/amrtop.net\\\/produit\\\/cable-plat-tiemme-l-1-50-mt\\\/#breadcrumb\",\"itemListElement\":[{\"@type\":\"ListItem\",\"position\":1,\"name\":\"Home\",\"item\":\"https:\\\/\\\/amrtop.net\\\/\"},{\"@type\":\"ListItem\",\"position\":2,\"name\":\"Shop\",\"item\":\"https:\\\/\\\/amrtop.net\\\/negozio\\\/\"},{\"@type\":\"ListItem\",\"position\":3,\"name\":\"C\u00e2ble plat Tiemme L. 1,50 mt Code TME023\"}]},{\"@type\":\"WebSite\",\"@id\":\"https:\\\/\\\/amrtop.net\\\/#website\",\"url\":\"https:\\\/\\\/amrtop.net\\\/\",\"name\":\"AMRTOP B2B \u00c9tranger - Achats r\u00e9serv\u00e9s au professionnel\",\"description\":\"Pi\u00e8ces de rechange et accessoires pour po\u00eales et chaudi\u00e8res - eCommerce B2B pour Clients Professionnels\",\"potentialAction\":[{\"@type\":\"SearchAction\",\"target\":{\"@type\":\"EntryPoint\",\"urlTemplate\":\"https:\\\/\\\/amrtop.net\\\/?s={search_term_string}\"},\"query-input\":{\"@type\":\"PropertyValueSpecification\",\"valueRequired\":true,\"valueName\":\"search_term_string\"}}],\"inLanguage\":\"ro-RO\"}]}<\/script>\n<!-- \/ Yoast SEO plugin. -->","yoast_head_json":{"title":"C\u00e2ble plat Tiemme L. 1.50 mt","description":"C\u00e2ble plat Tiemme L. 1.50 mt - Electronique Tiemme pour po\u00eales et chaudi\u00e8res \u00e0 pellets - Accessoires Tiemme pour po\u00eales et chaudi\u00e8res \u00e0 pellets - C\u00e2blage pour sonde eau po\u00eales et chaudi\u00e8res Tiemme \u00e0 pellets - Kit de connexion Tiemme pour po\u00eales chaudi\u00e8res \u00e0 pellets - Pressostato Tiemme pour po\u00eales et chaudi\u00e8res \u00e0 pellets - Sonde de temp\u00e9rature air et eau Tiemme - T\u00e9l\u00e9commande avec Display Tiemme - carte \u00e9lectronique Tiemme","robots":{"index":"index","follow":"follow","max-snippet":"max-snippet:-1","max-image-preview":"max-image-preview:large","max-video-preview":"max-video-preview:-1"},"canonical":"https:\/\/amrtop.net\/ro\/produs\/cable-plat-tiemme-l-1-50-mt\/","og_locale":"ro_RO","og_type":"article","og_title":"C\u00e2ble plat Tiemme L. 1.50 mt","og_description":"C\u00e2ble plat Tiemme L. 1.50 mt - Electronique Tiemme pour po\u00eales et chaudi\u00e8res \u00e0 pellets - Accessoires Tiemme pour po\u00eales et chaudi\u00e8res \u00e0 pellets - C\u00e2blage pour sonde eau po\u00eales et chaudi\u00e8res Tiemme \u00e0 pellets - Kit de connexion Tiemme pour po\u00eales chaudi\u00e8res \u00e0 pellets - Pressostato Tiemme pour po\u00eales et chaudi\u00e8res \u00e0 pellets - Sonde de temp\u00e9rature air et eau Tiemme - T\u00e9l\u00e9commande avec Display Tiemme - carte \u00e9lectronique Tiemme","og_url":"https:\/\/amrtop.net\/ro\/produs\/cable-plat-tiemme-l-1-50-mt\/","og_site_name":"AMRTOP B2B \u00c9tranger - Achats r\u00e9serv\u00e9s au professionnel","article_modified_time":"2023-05-29T09:42:13+00:00","og_image":[{"width":960,"height":960,"url":"https:\/\/amrtop.net\/wp-content\/uploads\/2021\/11\/w-SITO-PAG-67-B-1.jpg","type":"image\/jpeg"}],"twitter_card":"summary_large_image","twitter_misc":{"Timp estimat pentru citire":"2 minute"},"schema":{"@context":"https:\/\/schema.org","@graph":[{"@type":"WebPage","@id":"https:\/\/amrtop.net\/produit\/cable-plat-tiemme-l-1-50-mt\/","url":"https:\/\/amrtop.net\/produit\/cable-plat-tiemme-l-1-50-mt\/","name":"C\u00e2ble plat Tiemme L. 1.50 mt","isPartOf":{"@id":"https:\/\/amrtop.net\/#website"},"primaryImageOfPage":{"@id":"https:\/\/amrtop.net\/produit\/cable-plat-tiemme-l-1-50-mt\/#primaryimage"},"image":{"@id":"https:\/\/amrtop.net\/produit\/cable-plat-tiemme-l-1-50-mt\/#primaryimage"},"thumbnailUrl":"https:\/\/amrtop.net\/wp-content\/uploads\/2021\/11\/w-SITO-PAG-67-B-1.jpg","datePublished":"2020-01-10T00:00:00+00:00","dateModified":"2023-05-29T09:42:13+00:00","description":"C\u00e2ble plat Tiemme L. 1.50 mt - Electronique Tiemme pour po\u00eales et chaudi\u00e8res \u00e0 pellets - Accessoires Tiemme pour po\u00eales et chaudi\u00e8res \u00e0 pellets - C\u00e2blage pour sonde eau po\u00eales et chaudi\u00e8res Tiemme \u00e0 pellets - Kit de connexion Tiemme pour po\u00eales chaudi\u00e8res \u00e0 pellets - Pressostato Tiemme pour po\u00eales et chaudi\u00e8res \u00e0 pellets - Sonde de temp\u00e9rature air et eau Tiemme - T\u00e9l\u00e9commande avec Display Tiemme - carte \u00e9lectronique Tiemme","breadcrumb":{"@id":"https:\/\/amrtop.net\/produit\/cable-plat-tiemme-l-1-50-mt\/#breadcrumb"},"inLanguage":"ro-RO","potentialAction":[{"@type":"ReadAction","target":["https:\/\/amrtop.net\/produit\/cable-plat-tiemme-l-1-50-mt\/"]}]},{"@type":"ImageObject","inLanguage":"ro-RO","@id":"https:\/\/amrtop.net\/produit\/cable-plat-tiemme-l-1-50-mt\/#primaryimage","url":"https:\/\/amrtop.net\/wp-content\/uploads\/2021\/11\/w-SITO-PAG-67-B-1.jpg","contentUrl":"https:\/\/amrtop.net\/wp-content\/uploads\/2021\/11\/w-SITO-PAG-67-B-1.jpg","width":960,"height":960,"caption":"Cavo flat Tiemme L 1.50 mt"},{"@type":"BreadcrumbList","@id":"https:\/\/amrtop.net\/produit\/cable-plat-tiemme-l-1-50-mt\/#breadcrumb","itemListElement":[{"@type":"ListItem","position":1,"name":"Home","item":"https:\/\/amrtop.net\/"},{"@type":"ListItem","position":2,"name":"Shop","item":"https:\/\/amrtop.net\/negozio\/"},{"@type":"ListItem","position":3,"name":"C\u00e2ble plat Tiemme L. 1,50 mt Code TME023"}]},{"@type":"WebSite","@id":"https:\/\/amrtop.net\/#website","url":"https:\/\/amrtop.net\/","name":"AMRTOP B2B Abroad - Achizi\u021bii rezervate profesioni\u0219tilor","description":"Piese de schimb \u0219i accesorii pentru sobe \u0219i cazane - eCommerce B2B pentru clien\u021bi profesioni\u0219ti","potentialAction":[{"@type":"SearchAction","target":{"@type":"EntryPoint","urlTemplate":"https:\/\/amrtop.net\/?s={search_term_string}"},"query-input":{"@type":"PropertyValueSpecification","valueRequired":true,"valueName":"search_term_string"}}],"inLanguage":"ro-RO"}]}},"_links":{"self":[{"href":"https:\/\/amrtop.net\/ro\/wp-json\/wp\/v2\/product\/18672","targetHints":{"allow":["GET"]}}],"collection":[{"href":"https:\/\/amrtop.net\/ro\/wp-json\/wp\/v2\/product"}],"about":[{"href":"https:\/\/amrtop.net\/ro\/wp-json\/wp\/v2\/types\/product"}],"replies":[{"embeddable":true,"href":"https:\/\/amrtop.net\/ro\/wp-json\/wp\/v2\/comments?post=18672"}],"wp:featuredmedia":[{"embeddable":true,"href":"https:\/\/amrtop.net\/ro\/wp-json\/wp\/v2\/media\/19578"}],"wp:attachment":[{"href":"https:\/\/amrtop.net\/ro\/wp-json\/wp\/v2\/media?parent=18672"}],"wp:term":[{"taxonomy":"product_brand","embeddable":true,"href":"https:\/\/amrtop.net\/ro\/wp-json\/wp\/v2\/product_brand?post=18672"},{"taxonomy":"product_cat","embeddable":true,"href":"https:\/\/amrtop.net\/ro\/wp-json\/wp\/v2\/product_cat?post=18672"},{"taxonomy":"product_tag","embeddable":true,"href":"https:\/\/amrtop.net\/ro\/wp-json\/wp\/v2\/product_tag?post=18672"}],"curies":[{"name":"wp","href":"https:\/\/api.w.org\/{rel}","templated":true}]}}