{"id":18797,"date":"2020-10-01T00:00:00","date_gmt":"2020-10-01T00:00:00","guid":{"rendered":"https:\/\/amrtop.com\/B2B\/?post_type=product&#038;p=18797"},"modified":"2023-06-09T14:53:39","modified_gmt":"2023-06-09T14:53:39","slug":"reduction-code-jnt27","status":"publish","type":"product","link":"https:\/\/amrtop.net\/ro\/produit\/reduction-code-jnt27\/","title":{"rendered":"R\u00e9duction Code JNT27"},"content":{"rendered":"<hr \/>\n<h3>Reducere pentru sobe pe pele\u021bi<\/h3>\n<p>\u00f8 ern: 80 mm<\/p>\n<p>\u00f8 interne : 50 mm<\/p>\n<p>Code JNT27<\/p>\n<p><a href=\"https:\/\/amrtop.net\/ro\/categoria-de-produse\/piese-de-schimb-sobe-si-cazane-de-gatit-si-cazane-mixte-2\/bougies-dallumage-pour-poeles-et-chaudieres-a-pellets\/\">Bujii incandescente<\/a><\/p>\n<p><a href=\"https:\/\/amrtop.net\/ro\/categoria-de-produse\/piese-de-schimb-sobe-si-cazane-de-gatit-si-cazane-mixte-2\/electronique\/\">Electronic\u0103<\/a><\/p>\n<p><a href=\"https:\/\/amrtop.net\/ro\/categoria-de-produse\/piese-de-schimb-sobe-si-cazane-de-gatit-si-cazane-mixte-2\/extracteurs-de-fumee\/\">Extractoare de fum<\/a><\/p>\n<p><a href=\"https:\/\/amrtop.net\/ro\/categoria-de-produse\/piese-de-schimb-sobe-si-cazane-de-gatit-si-cazane-mixte-2\/gaines-cable-connecteurs\/\">Teci de cablu conector<\/a><\/p>\n<p><a href=\"https:\/\/amrtop.net\/ro\/categoria-de-produse\/piese-de-schimb-sobe-si-cazane-de-gatit-si-cazane-mixte-2\/joints-de-silicone\/\">Garnituri de silicon<\/a><\/p>\n<p><a href=\"https:\/\/amrtop.net\/ro\/categoria-de-produse\/piese-de-schimb-sobe-si-cazane-de-gatit-si-cazane-mixte-2\/motoreducteurs\/\">Motoare cu angrenaje<\/a><\/p>\n<p><a href=\"https:\/\/amrtop.net\/ro\/categoria-de-produse\/piese-de-schimb-sobe-si-cazane-de-gatit-si-cazane-mixte-2\/pressostats-et-transducteurs\/\">Presostate \u0219i traductoare de presiune<\/a><\/p>\n<p><a href=\"https:\/\/amrtop.net\/ro\/categoria-de-produse\/piese-de-schimb-sobe-si-cazane-de-gatit-si-cazane-mixte-2\/sondes-thermostats-manometres-thermometres\/\">Sonde termostate manometre termometre termometre<\/a><\/p>\n<p><a href=\"https:\/\/amrtop.net\/ro\/categoria-de-produse\/piese-de-schimb-sobe-si-cazane-de-gatit-si-cazane-mixte-2\/joints-detancheite\/\">Tricotaje de etan\u0219are<\/a><\/p>\n<p><a href=\"https:\/\/amrtop.net\/ro\/categoria-de-produse\/piese-de-schimb-sobe-si-cazane-de-gatit-si-cazane-mixte-2\/ventilateurs-centrifuges-pour-poeles-a-pellets\/\">Ventilatoare centrifuge<\/a><\/p>\n<p><a href=\"https:\/\/amrtop.net\/ro\/categoria-de-produse\/piese-de-schimb-sobe-si-cazane-de-gatit-si-cazane-mixte-2\/ventilateurs-tangentiels-flux-transversal\/\">Ventilatoare cu flux \u00eencruci\u0219at<\/a><\/p>\n<p><a href=\"https:\/\/amrtop.net\/ro\/categoria-de-produse\/piese-de-schimb-sobe-si-cazane-de-gatit-si-cazane-mixte-2\/adhesifs-et-produits-detancheite\/\">Adezivi \u0219i materiale de etan\u0219are<\/a><\/p>","protected":false},"excerpt":{"rendered":"<h2><span style=\"color: #339966\">Disponibil la<\/span><\/h2>","protected":false},"featured_media":16783,"comment_status":"open","ping_status":"closed","template":"","meta":[],"product_brand":[],"product_cat":[1328,839,1334],"product_tag":[],"class_list":{"0":"post-18797","1":"product","2":"type-product","3":"status-publish","4":"has-post-thumbnail","6":"product_cat-joints-de-silicone","7":"product_cat-pieces-de-rechange-divers-poeles-et-chaudieres","8":"product_cat-reductions-et-joints","9":"product_shipping_class-classe-di-spedizione-01","11":"first","12":"instock","13":"shipping-taxable","14":"purchasable","15":"product-type-simple"},"yoast_head":"<!-- This site is optimized with the Yoast SEO plugin v27.4 - https:\/\/yoast.com\/product\/yoast-seo-wordpress\/ -->\n<title>R\u00e9duction Code JNT27<\/title>\n<meta name=\"description\" content=\"R\u00e9duction Code JNT27 - R\u00e9duction pour po\u00eales \u00e0 pellets - \u00f8 esterne 80 mm - \u00f8 interne 50 mm Code JNT27\" \/>\n<meta name=\"robots\" content=\"index, follow, max-snippet:-1, max-image-preview:large, max-video-preview:-1\" \/>\n<link rel=\"canonical\" href=\"https:\/\/amrtop.net\/ro\/produs\/reduction-code-jnt27\/\" \/>\n<meta property=\"og:locale\" content=\"ro_RO\" \/>\n<meta property=\"og:type\" content=\"article\" \/>\n<meta property=\"og:title\" content=\"R\u00e9duction Code JNT27\" \/>\n<meta property=\"og:description\" content=\"R\u00e9duction Code JNT27 - R\u00e9duction pour po\u00eales \u00e0 pellets - \u00f8 esterne 80 mm - \u00f8 interne 50 mm Code JNT27\" \/>\n<meta property=\"og:url\" content=\"https:\/\/amrtop.net\/ro\/produs\/reduction-code-jnt27\/\" \/>\n<meta property=\"og:site_name\" content=\"AMRTOP B2B \u00c9tranger - Achats r\u00e9serv\u00e9s au professionnel\" \/>\n<meta property=\"article:modified_time\" content=\"2023-06-09T14:53:39+00:00\" \/>\n<meta property=\"og:image\" content=\"https:\/\/amrtop.net\/wp-content\/uploads\/2021\/08\/w-SITO-GUARNIZIONI-95.jpg\" \/>\n\t<meta property=\"og:image:width\" content=\"640\" \/>\n\t<meta property=\"og:image:height\" content=\"640\" \/>\n\t<meta property=\"og:image:type\" content=\"image\/jpeg\" \/>\n<meta name=\"twitter:card\" content=\"summary_large_image\" \/>\n<script type=\"application\/ld+json\" class=\"yoast-schema-graph\">{\"@context\":\"https:\\\/\\\/schema.org\",\"@graph\":[{\"@type\":\"WebPage\",\"@id\":\"https:\\\/\\\/amrtop.net\\\/produit\\\/reduction-code-jnt27\\\/\",\"url\":\"https:\\\/\\\/amrtop.net\\\/produit\\\/reduction-code-jnt27\\\/\",\"name\":\"R\u00e9duction Code JNT27\",\"isPartOf\":{\"@id\":\"https:\\\/\\\/amrtop.net\\\/#website\"},\"primaryImageOfPage\":{\"@id\":\"https:\\\/\\\/amrtop.net\\\/produit\\\/reduction-code-jnt27\\\/#primaryimage\"},\"image\":{\"@id\":\"https:\\\/\\\/amrtop.net\\\/produit\\\/reduction-code-jnt27\\\/#primaryimage\"},\"thumbnailUrl\":\"https:\\\/\\\/amrtop.net\\\/wp-content\\\/uploads\\\/2021\\\/08\\\/w-SITO-GUARNIZIONI-95.jpg\",\"datePublished\":\"2020-10-01T00:00:00+00:00\",\"dateModified\":\"2023-06-09T14:53:39+00:00\",\"description\":\"R\u00e9duction Code JNT27 - R\u00e9duction pour po\u00eales \u00e0 pellets - \u00f8 esterne 80 mm - \u00f8 interne 50 mm Code JNT27\",\"breadcrumb\":{\"@id\":\"https:\\\/\\\/amrtop.net\\\/produit\\\/reduction-code-jnt27\\\/#breadcrumb\"},\"inLanguage\":\"ro-RO\",\"potentialAction\":[{\"@type\":\"ReadAction\",\"target\":[\"https:\\\/\\\/amrtop.net\\\/produit\\\/reduction-code-jnt27\\\/\"]}]},{\"@type\":\"ImageObject\",\"inLanguage\":\"ro-RO\",\"@id\":\"https:\\\/\\\/amrtop.net\\\/produit\\\/reduction-code-jnt27\\\/#primaryimage\",\"url\":\"https:\\\/\\\/amrtop.net\\\/wp-content\\\/uploads\\\/2021\\\/08\\\/w-SITO-GUARNIZIONI-95.jpg\",\"contentUrl\":\"https:\\\/\\\/amrtop.net\\\/wp-content\\\/uploads\\\/2021\\\/08\\\/w-SITO-GUARNIZIONI-95.jpg\",\"width\":640,\"height\":640,\"caption\":\"R\u00e9duction Code JNT30 - R\u00e9duction pour po\u00eales \u00e0 pellets - \u00f8 esterne 50 mm - \u00f8 interne 40 mmCode JNT30\"},{\"@type\":\"BreadcrumbList\",\"@id\":\"https:\\\/\\\/amrtop.net\\\/produit\\\/reduction-code-jnt27\\\/#breadcrumb\",\"itemListElement\":[{\"@type\":\"ListItem\",\"position\":1,\"name\":\"Home\",\"item\":\"https:\\\/\\\/amrtop.net\\\/\"},{\"@type\":\"ListItem\",\"position\":2,\"name\":\"Shop\",\"item\":\"https:\\\/\\\/amrtop.net\\\/negozio\\\/\"},{\"@type\":\"ListItem\",\"position\":3,\"name\":\"R\u00e9duction Code JNT27\"}]},{\"@type\":\"WebSite\",\"@id\":\"https:\\\/\\\/amrtop.net\\\/#website\",\"url\":\"https:\\\/\\\/amrtop.net\\\/\",\"name\":\"AMRTOP B2B \u00c9tranger - Achats r\u00e9serv\u00e9s au professionnel\",\"description\":\"Pi\u00e8ces de rechange et accessoires pour po\u00eales et chaudi\u00e8res - eCommerce B2B pour Clients Professionnels\",\"potentialAction\":[{\"@type\":\"SearchAction\",\"target\":{\"@type\":\"EntryPoint\",\"urlTemplate\":\"https:\\\/\\\/amrtop.net\\\/?s={search_term_string}\"},\"query-input\":{\"@type\":\"PropertyValueSpecification\",\"valueRequired\":true,\"valueName\":\"search_term_string\"}}],\"inLanguage\":\"ro-RO\"}]}<\/script>\n<!-- \/ Yoast SEO plugin. -->","yoast_head_json":{"title":"R\u00e9duction Code JNT27","description":"R\u00e9duction Code JNT27 - R\u00e9duction pour po\u00eales \u00e0 pellets - \u00f8 esterne 80 mm - \u00f8 interne 50 mm Code JNT27","robots":{"index":"index","follow":"follow","max-snippet":"max-snippet:-1","max-image-preview":"max-image-preview:large","max-video-preview":"max-video-preview:-1"},"canonical":"https:\/\/amrtop.net\/ro\/produs\/reduction-code-jnt27\/","og_locale":"ro_RO","og_type":"article","og_title":"R\u00e9duction Code JNT27","og_description":"R\u00e9duction Code JNT27 - R\u00e9duction pour po\u00eales \u00e0 pellets - \u00f8 esterne 80 mm - \u00f8 interne 50 mm Code JNT27","og_url":"https:\/\/amrtop.net\/ro\/produs\/reduction-code-jnt27\/","og_site_name":"AMRTOP B2B \u00c9tranger - Achats r\u00e9serv\u00e9s au professionnel","article_modified_time":"2023-06-09T14:53:39+00:00","og_image":[{"width":640,"height":640,"url":"https:\/\/amrtop.net\/wp-content\/uploads\/2021\/08\/w-SITO-GUARNIZIONI-95.jpg","type":"image\/jpeg"}],"twitter_card":"summary_large_image","schema":{"@context":"https:\/\/schema.org","@graph":[{"@type":"WebPage","@id":"https:\/\/amrtop.net\/produit\/reduction-code-jnt27\/","url":"https:\/\/amrtop.net\/produit\/reduction-code-jnt27\/","name":"R\u00e9duction Code JNT27","isPartOf":{"@id":"https:\/\/amrtop.net\/#website"},"primaryImageOfPage":{"@id":"https:\/\/amrtop.net\/produit\/reduction-code-jnt27\/#primaryimage"},"image":{"@id":"https:\/\/amrtop.net\/produit\/reduction-code-jnt27\/#primaryimage"},"thumbnailUrl":"https:\/\/amrtop.net\/wp-content\/uploads\/2021\/08\/w-SITO-GUARNIZIONI-95.jpg","datePublished":"2020-10-01T00:00:00+00:00","dateModified":"2023-06-09T14:53:39+00:00","description":"R\u00e9duction Code JNT27 - R\u00e9duction pour po\u00eales \u00e0 pellets - \u00f8 esterne 80 mm - \u00f8 interne 50 mm Code JNT27","breadcrumb":{"@id":"https:\/\/amrtop.net\/produit\/reduction-code-jnt27\/#breadcrumb"},"inLanguage":"ro-RO","potentialAction":[{"@type":"ReadAction","target":["https:\/\/amrtop.net\/produit\/reduction-code-jnt27\/"]}]},{"@type":"ImageObject","inLanguage":"ro-RO","@id":"https:\/\/amrtop.net\/produit\/reduction-code-jnt27\/#primaryimage","url":"https:\/\/amrtop.net\/wp-content\/uploads\/2021\/08\/w-SITO-GUARNIZIONI-95.jpg","contentUrl":"https:\/\/amrtop.net\/wp-content\/uploads\/2021\/08\/w-SITO-GUARNIZIONI-95.jpg","width":640,"height":640,"caption":"R\u00e9duction Code JNT30 - R\u00e9duction pour po\u00eales \u00e0 pellets - \u00f8 esterne 50 mm - \u00f8 interne 40 mmCode JNT30"},{"@type":"BreadcrumbList","@id":"https:\/\/amrtop.net\/produit\/reduction-code-jnt27\/#breadcrumb","itemListElement":[{"@type":"ListItem","position":1,"name":"Home","item":"https:\/\/amrtop.net\/"},{"@type":"ListItem","position":2,"name":"Shop","item":"https:\/\/amrtop.net\/negozio\/"},{"@type":"ListItem","position":3,"name":"R\u00e9duction Code JNT27"}]},{"@type":"WebSite","@id":"https:\/\/amrtop.net\/#website","url":"https:\/\/amrtop.net\/","name":"AMRTOP B2B Abroad - Achizi\u021bii rezervate profesioni\u0219tilor","description":"Piese de schimb \u0219i accesorii pentru sobe \u0219i cazane - eCommerce B2B pentru clien\u021bi profesioni\u0219ti","potentialAction":[{"@type":"SearchAction","target":{"@type":"EntryPoint","urlTemplate":"https:\/\/amrtop.net\/?s={search_term_string}"},"query-input":{"@type":"PropertyValueSpecification","valueRequired":true,"valueName":"search_term_string"}}],"inLanguage":"ro-RO"}]}},"_links":{"self":[{"href":"https:\/\/amrtop.net\/ro\/wp-json\/wp\/v2\/product\/18797","targetHints":{"allow":["GET"]}}],"collection":[{"href":"https:\/\/amrtop.net\/ro\/wp-json\/wp\/v2\/product"}],"about":[{"href":"https:\/\/amrtop.net\/ro\/wp-json\/wp\/v2\/types\/product"}],"replies":[{"embeddable":true,"href":"https:\/\/amrtop.net\/ro\/wp-json\/wp\/v2\/comments?post=18797"}],"wp:featuredmedia":[{"embeddable":true,"href":"https:\/\/amrtop.net\/ro\/wp-json\/wp\/v2\/media\/16783"}],"wp:attachment":[{"href":"https:\/\/amrtop.net\/ro\/wp-json\/wp\/v2\/media?parent=18797"}],"wp:term":[{"taxonomy":"product_brand","embeddable":true,"href":"https:\/\/amrtop.net\/ro\/wp-json\/wp\/v2\/product_brand?post=18797"},{"taxonomy":"product_cat","embeddable":true,"href":"https:\/\/amrtop.net\/ro\/wp-json\/wp\/v2\/product_cat?post=18797"},{"taxonomy":"product_tag","embeddable":true,"href":"https:\/\/amrtop.net\/ro\/wp-json\/wp\/v2\/product_tag?post=18797"}],"curies":[{"name":"wp","href":"https:\/\/api.w.org\/{rel}","templated":true}]}}