{"id":19007,"date":"2020-10-01T00:00:00","date_gmt":"2020-10-01T00:00:00","guid":{"rendered":"https:\/\/amrtop.com\/B2B\/?post_type=product&#038;p=19007"},"modified":"2023-06-05T12:31:49","modified_gmt":"2023-06-05T12:31:49","slug":"ventilateurs-tangentiels-ipc-60-mm-l-302-mm","status":"publish","type":"product","link":"https:\/\/amrtop.net\/ro\/produit\/ventilateurs-tangentiels-ipc-60-mm-l-302-mm\/","title":{"rendered":"Ventilator tangen\u021bial Ipc Cod CRW20630SRB1 - Lungime ventilator 304 mm - Lungime total\u0103 375 mm"},"content":{"rendered":"<h3>Ventilateurs tangentiels Ipc, 60 mm L 302 mm<\/h3>\n<p>Cu o experien\u021b\u0103 practic\u0103 de peste dou\u0103zeci de ani \u00een toate aplica\u021biile utilizate \u00een sobele pe pele\u021bi\/biomas\u0103, IPC este acum lider de pia\u021b\u0103 \u00een furnizarea de componente \u0219i sisteme \u00een aceast\u0103 ni\u0219\u0103 a sectorului de \u00eenc\u0103lzire.<\/p>\n<p>Experien\u021ba pe care am dob\u00e2ndit-o ne permite s\u0103 dezvolt\u0103m solu\u021bii specifice pentru produc\u0103torii de sisteme HVACR, iar pe pia\u021ba sobei pe pele\u021bi \u0219i a \u0219emineelor pe biomas\u0103, proiect\u0103m \u0219i producem componente inovatoare folosind tehnologii de ultim\u0103 or\u0103.<\/p>\n<p>Nous concevons et fabriquons des composants innovants en utilisant des technologies de pointe.<\/p>\n<p>Motoreductorii no\u0219tri BRUSHLESS pentru \u00eenc\u0103rcare CONTINU\u0102 \u0219i ventilatoarele noastre EC 230V pentru extragerea fumului sunt acum punctul de referin\u021b\u0103 pentru to\u021bi cei mai cunoscu\u021bi produc\u0103tori de sisteme de biomas\u0103.<\/p>\n<p>Amrtop propose une large gamme de produits Ipc pour la ventilation sp\u00e9cialement con\u00e7us pour le secteur du chauffage et de la r\u00e9frig\u00e9ration.<\/p>\n<h3>Utilizzo del ventilateurs tangentiels Ipc, 60 mm L 302 mm<\/h3>\n<p>Ventilatoarele tangen\u021biale cu flux \u00eencruci\u0219at oferite de Amrtop sunt instalate \u00een aparatele pe biomas\u0103 pentru a extrage aerul cald creat de corpul de combustie \u0219i apoi pentru a-l distribui \u00een mediul \u00eenconjur\u0103tor.<\/p>\n<p><strong>Pr\u00e9sents dans les appareils types<\/strong> &#8211; Po\u00eale \u00e0 pellets &#8211; Chaudi\u00e8re \u00e0 pellets &#8211; Br\u00fbleur \u00e0 pellets &#8211; Pellets BBQ\/grill Chaudi\u00e8re \u00e0 biomasse &#8211; Br\u00fbleur \u00e0 biomasse &#8211; Et beaucoup d\u2019autres br\u00fbleurs<\/p>\n<h3><strong>Interior<\/strong><\/h3>\n<p><a href=\"https:\/\/wekos.it\/\">Sobe, aragazuri \u0219i aragazuri pe lemne<\/a>\u00a0-\u00a0<a href=\"https:\/\/www.greenpuros.com\/\">\u0219eminee, sobe \u0219i cazane pe pele\u021bi.<\/a><\/p>\n<h3><strong>Gama de produse \u0219i accesorii Amrtop<\/strong><\/h3>\n<p><a href=\"https:\/\/amrtop.net\/ro\/categoria-de-produse\/piese-de-schimb-sobe-si-cazane-de-gatit-si-cazane-mixte-2\/bougies-dallumage-pour-poeles-et-chaudieres-a-pellets\/\">Bujii incandescente<\/a><\/p>\n<p><a href=\"https:\/\/amrtop.net\/ro\/categoria-de-produse\/piese-de-schimb-sobe-si-cazane-de-gatit-si-cazane-mixte-2\/electronique\/\">Electronic\u0103<\/a><\/p>\n<p><a href=\"https:\/\/amrtop.net\/ro\/categoria-de-produse\/piese-de-schimb-sobe-si-cazane-de-gatit-si-cazane-mixte-2\/extracteurs-de-fumee\/\">Extractoare de fum<\/a><\/p>\n<p><a href=\"https:\/\/amrtop.net\/ro\/categoria-de-produse\/piese-de-schimb-sobe-si-cazane-de-gatit-si-cazane-mixte-2\/gaines-cable-connecteurs\/\">Teci de cablu conector<\/a><\/p>\n<p><a href=\"https:\/\/amrtop.net\/ro\/categoria-de-produse\/piese-de-schimb-sobe-si-cazane-de-gatit-si-cazane-mixte-2\/joints-de-silicone\/\">Garnituri de silicon<\/a><\/p>\n<p><a href=\"https:\/\/amrtop.net\/ro\/categoria-de-produse\/piese-de-schimb-sobe-si-cazane-de-gatit-si-cazane-mixte-2\/motoreducteurs\/\">Motoare cu angrenaje<\/a><\/p>\n<p><a href=\"https:\/\/amrtop.net\/ro\/categoria-de-produse\/piese-de-schimb-sobe-si-cazane-de-gatit-si-cazane-mixte-2\/pressostats-et-transducteurs\/\">Presostate \u0219i traductoare de presiune<\/a><\/p>\n<p><a href=\"https:\/\/amrtop.net\/ro\/categoria-de-produse\/piese-de-schimb-sobe-si-cazane-de-gatit-si-cazane-mixte-2\/sondes-thermostats-manometres-thermometres\/\">Sonde termostate manometre termometre termometre<\/a><\/p>\n<p><a href=\"https:\/\/amrtop.net\/ro\/categoria-de-produse\/piese-de-schimb-sobe-si-cazane-de-gatit-si-cazane-mixte-2\/joints-detancheite\/\">Tricotaje de etan\u0219are<\/a><\/p>\n<p><a href=\"https:\/\/amrtop.net\/ro\/categoria-de-produse\/piese-de-schimb-sobe-si-cazane-de-gatit-si-cazane-mixte-2\/ventilateurs-centrifuges-pour-poeles-a-pellets\/\">Ventilatoare centrifuge<\/a><\/p>\n<p><a href=\"https:\/\/amrtop.net\/ro\/categoria-de-produse\/piese-de-schimb-sobe-si-cazane-de-gatit-si-cazane-mixte-2\/ventilateurs-tangentiels-flux-transversal\/\">Ventilatoare cu flux \u00eencruci\u0219at<\/a><\/p>\n<p><a href=\"https:\/\/amrtop.net\/ro\/categoria-de-produse\/piese-de-schimb-sobe-si-cazane-de-gatit-si-cazane-mixte-2\/adhesifs-et-produits-detancheite\/\">Adezivi \u0219i materiale de etan\u0219are<\/a><\/p>\n<h3><\/h3>\n<p>&nbsp;<\/p>","protected":false},"excerpt":{"rendered":"<hr \/>\n<h2><span style=\"color: #008000\">Disponibil la<\/span><\/h2>\n<hr \/>\n<p>Compatible avec le code IPC CRW20630SRB1 &#8211; Moteur DX<\/p>\n<p>Code VEN033<\/p>\n<p>Ventilateurs de 60 mm<\/p>\n<p>Longueur du ventilateur 302 mm<\/p>\n<p>Longueur totale\u00a0: 375 mm<\/p>\n<p>Encombrement hauteur\u00a0: 84 mm<\/p>\n<p>Dimensions de la buse\u00a0: 35 x 302 mm<\/p>\n<p>Port\u00e9e\u00a0: 270 m\u00b3 \/h<\/p>\n<p>Pachet de clapete: 30 mm<\/p>\n<p>Puissance\u00a0: 27 W<\/p>\n<p>Clasa H<\/p>","protected":false},"featured_media":19894,"comment_status":"open","ping_status":"closed","template":"","meta":[],"product_brand":[],"product_cat":[878,887,888],"product_tag":[],"class_list":{"0":"post-19007","1":"product","2":"type-product","3":"status-publish","4":"has-post-thumbnail","6":"product_cat-ventilateurs-tangentiels-flux-transversal","7":"product_cat-ventilateurs-tangentiels-ipc","8":"product_cat-ventilateurs-tangentiels-ipc-ventilateur-o-60-mm","9":"product_shipping_class-classe-di-spedizione-02","11":"first","12":"instock","13":"shipping-taxable","14":"purchasable","15":"product-type-simple"},"yoast_head":"<!-- This site is optimized with the Yoast SEO plugin v27.4 - https:\/\/yoast.com\/product\/yoast-seo-wordpress\/ -->\n<title>Ventilateurs tangentiels Ipc 60 mm L 302 mm<\/title>\n<meta name=\"description\" content=\"Ventilateurs tangentiels Ipc 60 mm L 302 mm - Extracteur d\u2019air tangentiel avec moteur droit IPC -Syst\u00e8me d\u2019extraction d\u2019air chaud tangentiel IPC pour po\u00eales \u00e0 pellets - Ventilateur tangentiel pour l\u2019expulsion d\u2019air chaud IPC -Ventilateur horizontal d\u2019air chaud ambiant IPC pour po\u00eale \u00e0 pellets\" \/>\n<meta name=\"robots\" content=\"index, follow, max-snippet:-1, max-image-preview:large, max-video-preview:-1\" \/>\n<link rel=\"canonical\" href=\"https:\/\/amrtop.net\/ro\/produs\/ventilateurs-tangentiels-ipc-60-mm-l-302-mm\/\" \/>\n<meta property=\"og:locale\" content=\"ro_RO\" \/>\n<meta property=\"og:type\" content=\"article\" \/>\n<meta property=\"og:title\" content=\"Ventilateurs tangentiels Ipc 60 mm L 302 mm\" \/>\n<meta property=\"og:description\" content=\"Ventilateurs tangentiels Ipc 60 mm L 302 mm - Extracteur d\u2019air tangentiel avec moteur droit IPC -Syst\u00e8me d\u2019extraction d\u2019air chaud tangentiel IPC pour po\u00eales \u00e0 pellets - Ventilateur tangentiel pour l\u2019expulsion d\u2019air chaud IPC -Ventilateur horizontal d\u2019air chaud ambiant IPC pour po\u00eale \u00e0 pellets\" \/>\n<meta property=\"og:url\" content=\"https:\/\/amrtop.net\/ro\/produs\/ventilateurs-tangentiels-ipc-60-mm-l-302-mm\/\" \/>\n<meta property=\"og:site_name\" content=\"AMRTOP B2B \u00c9tranger - Achats r\u00e9serv\u00e9s au professionnel\" \/>\n<meta property=\"article:modified_time\" content=\"2023-06-05T12:31:49+00:00\" \/>\n<meta property=\"og:image\" content=\"https:\/\/amrtop.net\/wp-content\/uploads\/2021\/11\/CRW20630SRB1.jpg\" \/>\n\t<meta property=\"og:image:width\" content=\"960\" \/>\n\t<meta property=\"og:image:height\" content=\"960\" \/>\n\t<meta property=\"og:image:type\" content=\"image\/jpeg\" \/>\n<meta name=\"twitter:card\" content=\"summary_large_image\" \/>\n<meta name=\"twitter:label1\" content=\"Timp estimat pentru citire\" \/>\n\t<meta name=\"twitter:data1\" content=\"1 minut\" \/>\n<script type=\"application\/ld+json\" class=\"yoast-schema-graph\">{\"@context\":\"https:\\\/\\\/schema.org\",\"@graph\":[{\"@type\":\"WebPage\",\"@id\":\"https:\\\/\\\/amrtop.net\\\/produit\\\/ventilateurs-tangentiels-ipc-60-mm-l-302-mm\\\/\",\"url\":\"https:\\\/\\\/amrtop.net\\\/produit\\\/ventilateurs-tangentiels-ipc-60-mm-l-302-mm\\\/\",\"name\":\"Ventilateurs tangentiels Ipc 60 mm L 302 mm\",\"isPartOf\":{\"@id\":\"https:\\\/\\\/amrtop.net\\\/#website\"},\"primaryImageOfPage\":{\"@id\":\"https:\\\/\\\/amrtop.net\\\/produit\\\/ventilateurs-tangentiels-ipc-60-mm-l-302-mm\\\/#primaryimage\"},\"image\":{\"@id\":\"https:\\\/\\\/amrtop.net\\\/produit\\\/ventilateurs-tangentiels-ipc-60-mm-l-302-mm\\\/#primaryimage\"},\"thumbnailUrl\":\"https:\\\/\\\/amrtop.net\\\/wp-content\\\/uploads\\\/2021\\\/11\\\/CRW20630SRB1.jpg\",\"datePublished\":\"2020-10-01T00:00:00+00:00\",\"dateModified\":\"2023-06-05T12:31:49+00:00\",\"description\":\"Ventilateurs tangentiels Ipc 60 mm L 302 mm - Extracteur d\u2019air tangentiel avec moteur droit IPC -Syst\u00e8me d\u2019extraction d\u2019air chaud tangentiel IPC pour po\u00eales \u00e0 pellets - Ventilateur tangentiel pour l\u2019expulsion d\u2019air chaud IPC -Ventilateur horizontal d\u2019air chaud ambiant IPC pour po\u00eale \u00e0 pellets\",\"breadcrumb\":{\"@id\":\"https:\\\/\\\/amrtop.net\\\/produit\\\/ventilateurs-tangentiels-ipc-60-mm-l-302-mm\\\/#breadcrumb\"},\"inLanguage\":\"ro-RO\",\"potentialAction\":[{\"@type\":\"ReadAction\",\"target\":[\"https:\\\/\\\/amrtop.net\\\/produit\\\/ventilateurs-tangentiels-ipc-60-mm-l-302-mm\\\/\"]}]},{\"@type\":\"ImageObject\",\"inLanguage\":\"ro-RO\",\"@id\":\"https:\\\/\\\/amrtop.net\\\/produit\\\/ventilateurs-tangentiels-ipc-60-mm-l-302-mm\\\/#primaryimage\",\"url\":\"https:\\\/\\\/amrtop.net\\\/wp-content\\\/uploads\\\/2021\\\/11\\\/CRW20630SRB1.jpg\",\"contentUrl\":\"https:\\\/\\\/amrtop.net\\\/wp-content\\\/uploads\\\/2021\\\/11\\\/CRW20630SRB1.jpg\",\"width\":960,\"height\":960,\"caption\":\"Ventilateurs tangentiels Ipc 60 mm L 302 mm - Extracteur d\u2019air tangentiel avec moteur droit IPC -Syst\u00e8me d\u2019extraction d\u2019air chaud tangentiel IPC pour po\u00eales \u00e0 pellets - Ventilateur tangentiel pour l\u2019expulsion d\u2019air chaud IPC -Ventilateur horizontal d\u2019air chaud ambiant IPC pour po\u00eale \u00e0 pellets\"},{\"@type\":\"BreadcrumbList\",\"@id\":\"https:\\\/\\\/amrtop.net\\\/produit\\\/ventilateurs-tangentiels-ipc-60-mm-l-302-mm\\\/#breadcrumb\",\"itemListElement\":[{\"@type\":\"ListItem\",\"position\":1,\"name\":\"Home\",\"item\":\"https:\\\/\\\/amrtop.net\\\/\"},{\"@type\":\"ListItem\",\"position\":2,\"name\":\"Shop\",\"item\":\"https:\\\/\\\/amrtop.net\\\/negozio\\\/\"},{\"@type\":\"ListItem\",\"position\":3,\"name\":\"Ventilateur tangentiel Ipc Code CRW20630SRB1 &#8211; Longueur ventilateur 304 mm &#8211; Longueur totale 375 mm\"}]},{\"@type\":\"WebSite\",\"@id\":\"https:\\\/\\\/amrtop.net\\\/#website\",\"url\":\"https:\\\/\\\/amrtop.net\\\/\",\"name\":\"AMRTOP B2B \u00c9tranger - Achats r\u00e9serv\u00e9s au professionnel\",\"description\":\"Pi\u00e8ces de rechange et accessoires pour po\u00eales et chaudi\u00e8res - eCommerce B2B pour Clients Professionnels\",\"potentialAction\":[{\"@type\":\"SearchAction\",\"target\":{\"@type\":\"EntryPoint\",\"urlTemplate\":\"https:\\\/\\\/amrtop.net\\\/?s={search_term_string}\"},\"query-input\":{\"@type\":\"PropertyValueSpecification\",\"valueRequired\":true,\"valueName\":\"search_term_string\"}}],\"inLanguage\":\"ro-RO\"}]}<\/script>\n<!-- \/ Yoast SEO plugin. -->","yoast_head_json":{"title":"Ventilateurs tangentiels Ipc 60 mm L 302 mm","description":"Ventilator tangen\u021bial IPC 60 mm L 302 mm -Extractor de aer tangen\u021bial cu motor drept IPC -Sistem de aspirare a aerului cald tangen\u021bial IPC pentru sobe pe pele\u021bi -Ventilator tangen\u021bial pentru expulzarea aerului cald IPC -Suflant\u0103 orizontal\u0103 de aer cald IPC pentru sobe pe pele\u021bi","robots":{"index":"index","follow":"follow","max-snippet":"max-snippet:-1","max-image-preview":"max-image-preview:large","max-video-preview":"max-video-preview:-1"},"canonical":"https:\/\/amrtop.net\/ro\/produs\/ventilateurs-tangentiels-ipc-60-mm-l-302-mm\/","og_locale":"ro_RO","og_type":"article","og_title":"Ventilateurs tangentiels Ipc 60 mm L 302 mm","og_description":"Ventilateurs tangentiels Ipc 60 mm L 302 mm - Extracteur d\u2019air tangentiel avec moteur droit IPC -Syst\u00e8me d\u2019extraction d\u2019air chaud tangentiel IPC pour po\u00eales \u00e0 pellets - Ventilateur tangentiel pour l\u2019expulsion d\u2019air chaud IPC -Ventilateur horizontal d\u2019air chaud ambiant IPC pour po\u00eale \u00e0 pellets","og_url":"https:\/\/amrtop.net\/ro\/produs\/ventilateurs-tangentiels-ipc-60-mm-l-302-mm\/","og_site_name":"AMRTOP B2B \u00c9tranger - Achats r\u00e9serv\u00e9s au professionnel","article_modified_time":"2023-06-05T12:31:49+00:00","og_image":[{"width":960,"height":960,"url":"https:\/\/amrtop.net\/wp-content\/uploads\/2021\/11\/CRW20630SRB1.jpg","type":"image\/jpeg"}],"twitter_card":"summary_large_image","twitter_misc":{"Timp estimat pentru citire":"1 minut"},"schema":{"@context":"https:\/\/schema.org","@graph":[{"@type":"WebPage","@id":"https:\/\/amrtop.net\/produit\/ventilateurs-tangentiels-ipc-60-mm-l-302-mm\/","url":"https:\/\/amrtop.net\/produit\/ventilateurs-tangentiels-ipc-60-mm-l-302-mm\/","name":"Ventilateurs tangentiels Ipc 60 mm L 302 mm","isPartOf":{"@id":"https:\/\/amrtop.net\/#website"},"primaryImageOfPage":{"@id":"https:\/\/amrtop.net\/produit\/ventilateurs-tangentiels-ipc-60-mm-l-302-mm\/#primaryimage"},"image":{"@id":"https:\/\/amrtop.net\/produit\/ventilateurs-tangentiels-ipc-60-mm-l-302-mm\/#primaryimage"},"thumbnailUrl":"https:\/\/amrtop.net\/wp-content\/uploads\/2021\/11\/CRW20630SRB1.jpg","datePublished":"2020-10-01T00:00:00+00:00","dateModified":"2023-06-05T12:31:49+00:00","description":"Ventilator tangen\u021bial IPC 60 mm L 302 mm -Extractor de aer tangen\u021bial cu motor drept IPC -Sistem de aspirare a aerului cald tangen\u021bial IPC pentru sobe pe pele\u021bi -Ventilator tangen\u021bial pentru expulzarea aerului cald IPC -Suflant\u0103 orizontal\u0103 de aer cald IPC pentru sobe pe pele\u021bi","breadcrumb":{"@id":"https:\/\/amrtop.net\/produit\/ventilateurs-tangentiels-ipc-60-mm-l-302-mm\/#breadcrumb"},"inLanguage":"ro-RO","potentialAction":[{"@type":"ReadAction","target":["https:\/\/amrtop.net\/produit\/ventilateurs-tangentiels-ipc-60-mm-l-302-mm\/"]}]},{"@type":"ImageObject","inLanguage":"ro-RO","@id":"https:\/\/amrtop.net\/produit\/ventilateurs-tangentiels-ipc-60-mm-l-302-mm\/#primaryimage","url":"https:\/\/amrtop.net\/wp-content\/uploads\/2021\/11\/CRW20630SRB1.jpg","contentUrl":"https:\/\/amrtop.net\/wp-content\/uploads\/2021\/11\/CRW20630SRB1.jpg","width":960,"height":960,"caption":"Ventilateurs tangentiels Ipc 60 mm L 302 mm - Extracteur d\u2019air tangentiel avec moteur droit IPC -Syst\u00e8me d\u2019extraction d\u2019air chaud tangentiel IPC pour po\u00eales \u00e0 pellets - Ventilateur tangentiel pour l\u2019expulsion d\u2019air chaud IPC -Ventilateur horizontal d\u2019air chaud ambiant IPC pour po\u00eale \u00e0 pellets"},{"@type":"BreadcrumbList","@id":"https:\/\/amrtop.net\/produit\/ventilateurs-tangentiels-ipc-60-mm-l-302-mm\/#breadcrumb","itemListElement":[{"@type":"ListItem","position":1,"name":"Home","item":"https:\/\/amrtop.net\/"},{"@type":"ListItem","position":2,"name":"Shop","item":"https:\/\/amrtop.net\/negozio\/"},{"@type":"ListItem","position":3,"name":"Ventilateur tangentiel Ipc Code CRW20630SRB1 &#8211; Longueur ventilateur 304 mm &#8211; Longueur totale 375 mm"}]},{"@type":"WebSite","@id":"https:\/\/amrtop.net\/#website","url":"https:\/\/amrtop.net\/","name":"AMRTOP B2B Abroad - Achizi\u021bii rezervate profesioni\u0219tilor","description":"Piese de schimb \u0219i accesorii pentru sobe \u0219i cazane - eCommerce B2B pentru clien\u021bi profesioni\u0219ti","potentialAction":[{"@type":"SearchAction","target":{"@type":"EntryPoint","urlTemplate":"https:\/\/amrtop.net\/?s={search_term_string}"},"query-input":{"@type":"PropertyValueSpecification","valueRequired":true,"valueName":"search_term_string"}}],"inLanguage":"ro-RO"}]}},"_links":{"self":[{"href":"https:\/\/amrtop.net\/ro\/wp-json\/wp\/v2\/product\/19007","targetHints":{"allow":["GET"]}}],"collection":[{"href":"https:\/\/amrtop.net\/ro\/wp-json\/wp\/v2\/product"}],"about":[{"href":"https:\/\/amrtop.net\/ro\/wp-json\/wp\/v2\/types\/product"}],"replies":[{"embeddable":true,"href":"https:\/\/amrtop.net\/ro\/wp-json\/wp\/v2\/comments?post=19007"}],"wp:featuredmedia":[{"embeddable":true,"href":"https:\/\/amrtop.net\/ro\/wp-json\/wp\/v2\/media\/19894"}],"wp:attachment":[{"href":"https:\/\/amrtop.net\/ro\/wp-json\/wp\/v2\/media?parent=19007"}],"wp:term":[{"taxonomy":"product_brand","embeddable":true,"href":"https:\/\/amrtop.net\/ro\/wp-json\/wp\/v2\/product_brand?post=19007"},{"taxonomy":"product_cat","embeddable":true,"href":"https:\/\/amrtop.net\/ro\/wp-json\/wp\/v2\/product_cat?post=19007"},{"taxonomy":"product_tag","embeddable":true,"href":"https:\/\/amrtop.net\/ro\/wp-json\/wp\/v2\/product_tag?post=19007"}],"curies":[{"name":"wp","href":"https:\/\/api.w.org\/{rel}","templated":true}]}}