{"id":19008,"date":"2020-10-01T00:00:00","date_gmt":"2020-10-01T00:00:00","guid":{"rendered":"https:\/\/amrtop.com\/B2B\/?post_type=product&#038;p=19008"},"modified":"2023-06-05T12:17:16","modified_gmt":"2023-06-05T12:17:16","slug":"ventilatore-tangenziali-ipc-o-60-mm-ventola-270mm","status":"publish","type":"product","link":"https:\/\/amrtop.net\/ro\/produit\/ventilatore-tangenziali-ipc-o-60-mm-ventola-270mm\/","title":{"rendered":"Ventilator tangen\u021bial IPC Codice IPC CRW20627SRB1 - Lungime ventilator 270 mm - Lungime total\u0103 340 mm"},"content":{"rendered":"<h3>Ventilatore tangenziali Ipc \u00f8 60 mm ventola 270mm<\/h3>\n<p>Con pi\u00f9 di\u00a0vent\u2019anni di esperienza\u00a0\u201chands on\u201d in tutte le applicazioni utilizzate nelle stufe a pellet \/ biomassa,\u00a0IPC \u00e8 oggi leader nel mercato nella fornitura di componenti e sistemi in questa nicchia del settore del riscaldamento.<\/p>\n<p>L\u2019esperienza acquisita ci permette di sviluppare soluzioni specifiche per i produttori di sistemi HVACR, e nel mercato delle stufe a pellet e dei camini a biomassa.<\/p>\n<p>Progettiamo e\u00a0realizziamo componenti innovativi\u00a0utilizzando tecnologie d\u2019avanguardia.<\/p>\n<p>I nostri motoriduttori BRUSHLESS per il caricamento in\u00a0CONTINUO\u00a0e i nostri ventilatori EC 230V per l\u2019estrazione dei fumi sono oggi il benchmark di riferimento per tutti i pi\u00f9 famosi produttori di sistemi a biomassa.<\/p>\n<p>Amrtop\u00a0propone una vasta gamma di prodotti\u00a0Ipc\u00a0per la ventilazione realizzati appositamente per il settore del riscaldamento e per la refrigerazione.<\/p>\n<h3>Utilizzo del ventilatore tangenziali Ipc \u00f8 60 mm ventola 270mm<\/h3>\n<p>Il ventilatore tangenziale IPC Codice CRW20627SRB1 proposto da Amrtop si istallano negli apparecchi a biomassa per estrarre l\u2019aria calda creata dal corpo di combustione per poi diffonderla nell\u2019ambiente circostante.<\/p>\n<p>&nbsp;<\/p>\n<p><strong>Prezen\u021bi \u00een aparate de tip<\/strong>\u00a0- Stufa a pellet - Caldaia a pellet - Bruciatore a pellet - Pellet BBQ\/grill Caldaia a biomassa - Bruciatore a biomassa - \u0218i mul\u021bi al\u021bi produc\u0103tori de gr\u0103tare<\/p>\n<h3><strong>Domestico<\/strong><\/h3>\n<p><a href=\"https:\/\/wekos.it\/\">stufe, cucine \u0219i termocucine a legna<\/a>\u00a0-\u00a0<a href=\"https:\/\/www.greenpuros.com\/\">caminetti, stufe, termostufe \u0219i caldaie a pellet.<\/a><\/p>\n<h3><strong>Gama de produse \u0219i accesorii Amrtop<\/strong><\/h3>\n<p><a href=\"https:\/\/amrtop.net\/ro\/categoria-de-produse\/piese-de-schimb-sobe-si-cazane-de-gatit-si-cazane-mixte-2\/bougies-dallumage-pour-poeles-et-chaudieres-a-pellets\/\">Bujii incandescente<\/a><\/p>\n<p><a href=\"https:\/\/amrtop.net\/ro\/categoria-de-produse\/piese-de-schimb-sobe-si-cazane-de-gatit-si-cazane-mixte-2\/electronique\/\">Electronic\u0103<\/a><\/p>\n<p><a href=\"https:\/\/amrtop.net\/ro\/categoria-de-produse\/piese-de-schimb-sobe-si-cazane-de-gatit-si-cazane-mixte-2\/extracteurs-de-fumee\/\">Extractoare de fum<\/a><\/p>\n<p><a href=\"https:\/\/amrtop.net\/ro\/categoria-de-produse\/piese-de-schimb-sobe-si-cazane-de-gatit-si-cazane-mixte-2\/gaines-cable-connecteurs\/\">Teci de cablu conector<\/a><\/p>\n<p><a href=\"https:\/\/amrtop.net\/ro\/categoria-de-produse\/piese-de-schimb-sobe-si-cazane-de-gatit-si-cazane-mixte-2\/joints-de-silicone\/\">Garnituri de silicon<\/a><\/p>\n<p><a href=\"https:\/\/amrtop.net\/ro\/categoria-de-produse\/piese-de-schimb-sobe-si-cazane-de-gatit-si-cazane-mixte-2\/motoreducteurs\/\">Motoare cu angrenaje<\/a><\/p>\n<p><a href=\"https:\/\/amrtop.net\/ro\/categoria-de-produse\/piese-de-schimb-sobe-si-cazane-de-gatit-si-cazane-mixte-2\/pressostats-et-transducteurs\/\">Presostate \u0219i traductoare de presiune<\/a><\/p>\n<p><a href=\"https:\/\/amrtop.net\/ro\/categoria-de-produse\/piese-de-schimb-sobe-si-cazane-de-gatit-si-cazane-mixte-2\/sondes-thermostats-manometres-thermometres\/\">Sonde termostate manometre termometre termometre<\/a><\/p>\n<p><a href=\"https:\/\/amrtop.net\/ro\/categoria-de-produse\/piese-de-schimb-sobe-si-cazane-de-gatit-si-cazane-mixte-2\/joints-detancheite\/\">Tricotaje de etan\u0219are<\/a><\/p>\n<p><a href=\"https:\/\/amrtop.net\/ro\/categoria-de-produse\/piese-de-schimb-sobe-si-cazane-de-gatit-si-cazane-mixte-2\/ventilateurs-centrifuges-pour-poeles-a-pellets\/\">Ventilatoare centrifuge<\/a><\/p>\n<p><a href=\"https:\/\/amrtop.net\/ro\/categoria-de-produse\/piese-de-schimb-sobe-si-cazane-de-gatit-si-cazane-mixte-2\/ventilateurs-tangentiels-flux-transversal\/\">Ventilatoare cu flux \u00eencruci\u0219at<\/a><\/p>\n<p><a href=\"https:\/\/amrtop.net\/ro\/categoria-de-produse\/piese-de-schimb-sobe-si-cazane-de-gatit-si-cazane-mixte-2\/adhesifs-et-produits-detancheite\/\">Adezivi \u0219i materiale de etan\u0219are<\/a><\/p>","protected":false},"excerpt":{"rendered":"<hr \/>\n<h2><span style=\"color: #008000\">Disponibil la<\/span><\/h2>\n<hr \/>\n<p>Motor sinistru<\/p>\n<p>Codice VEN035<\/p>\n<p>Ventola \u00f8 60 mm<\/p>\n<p>Lungime ventola 270 mm<\/p>\n<p>Lunghezza totale : 340 mm<\/p>\n<p>Ingombro altezza: 115 mm<\/p>\n<p>Dimensioni bochetta : 42 x 273 mm<\/p>\n<p>Portata : 215 m\u00b3\/h<\/p>\n<p>Pacco lamellare: 30 mm<\/p>\n<p>Potenza : 27 W<\/p>\n<p>Clasa H<\/p>","protected":false},"featured_media":19895,"comment_status":"open","ping_status":"closed","template":"","meta":[],"product_brand":[],"product_cat":[878,887,888],"product_tag":[],"class_list":{"0":"post-19008","1":"product","2":"type-product","3":"status-publish","4":"has-post-thumbnail","6":"product_cat-ventilateurs-tangentiels-flux-transversal","7":"product_cat-ventilateurs-tangentiels-ipc","8":"product_cat-ventilateurs-tangentiels-ipc-ventilateur-o-60-mm","9":"product_shipping_class-classe-di-spedizione-02","11":"first","12":"instock","13":"shipping-taxable","14":"purchasable","15":"product-type-simple"},"yoast_head":"<!-- This site is optimized with the Yoast SEO plugin v27.4 - https:\/\/yoast.com\/product\/yoast-seo-wordpress\/ -->\n<title>Ventilatore tangenziali Ipc \u00f8 60 mm ventola 270mm<\/title>\n<meta name=\"description\" content=\"Ventilatore tangenziali Ipc \u00f8 60 mm ventola 270mm - Extracteur d\u2019air tangentiel avec moteur gauche IPC -Syst\u00e8me d\u2019extraction d\u2019air chaud tangentiel IPC pour po\u00eales \u00e0 pellets - Ventilateur tangentiel pour l\u2019expulsion d\u2019air chaud IPC -Ventilateur horizontal d\u2019air chaud ambiant IPC pour po\u00eale \u00e0 pellets\" \/>\n<meta name=\"robots\" content=\"index, follow, max-snippet:-1, max-image-preview:large, max-video-preview:-1\" \/>\n<link rel=\"canonical\" href=\"https:\/\/amrtop.net\/ro\/produs\/ventilatore-tangenziali-ipc-o-60-mm-ventola-270mm\/\" \/>\n<meta property=\"og:locale\" content=\"ro_RO\" \/>\n<meta property=\"og:type\" content=\"article\" \/>\n<meta property=\"og:title\" content=\"Ventilatore tangenziali Ipc \u00f8 60 mm ventola 270mm\" \/>\n<meta property=\"og:description\" content=\"Ventilatore tangenziali Ipc \u00f8 60 mm ventola 270mm - Extracteur d\u2019air tangentiel avec moteur gauche IPC -Syst\u00e8me d\u2019extraction d\u2019air chaud tangentiel IPC pour po\u00eales \u00e0 pellets - Ventilateur tangentiel pour l\u2019expulsion d\u2019air chaud IPC -Ventilateur horizontal d\u2019air chaud ambiant IPC pour po\u00eale \u00e0 pellets\" \/>\n<meta property=\"og:url\" content=\"https:\/\/amrtop.net\/ro\/produs\/ventilatore-tangenziali-ipc-o-60-mm-ventola-270mm\/\" \/>\n<meta property=\"og:site_name\" content=\"AMRTOP B2B \u00c9tranger - Achats r\u00e9serv\u00e9s au professionnel\" \/>\n<meta property=\"article:modified_time\" content=\"2023-06-05T12:17:16+00:00\" \/>\n<meta property=\"og:image\" content=\"https:\/\/amrtop.net\/wp-content\/uploads\/2021\/11\/CRW20627SLB1.jpg\" \/>\n\t<meta property=\"og:image:width\" content=\"960\" \/>\n\t<meta property=\"og:image:height\" content=\"960\" \/>\n\t<meta property=\"og:image:type\" content=\"image\/jpeg\" \/>\n<meta name=\"twitter:card\" content=\"summary_large_image\" \/>\n<meta name=\"twitter:label1\" content=\"Timp estimat pentru citire\" \/>\n\t<meta name=\"twitter:data1\" content=\"1 minut\" \/>\n<script type=\"application\/ld+json\" class=\"yoast-schema-graph\">{\"@context\":\"https:\\\/\\\/schema.org\",\"@graph\":[{\"@type\":\"WebPage\",\"@id\":\"https:\\\/\\\/amrtop.net\\\/produit\\\/ventilatore-tangenziali-ipc-o-60-mm-ventola-270mm\\\/\",\"url\":\"https:\\\/\\\/amrtop.net\\\/produit\\\/ventilatore-tangenziali-ipc-o-60-mm-ventola-270mm\\\/\",\"name\":\"Ventilatore tangenziali Ipc \u00f8 60 mm ventola 270mm\",\"isPartOf\":{\"@id\":\"https:\\\/\\\/amrtop.net\\\/#website\"},\"primaryImageOfPage\":{\"@id\":\"https:\\\/\\\/amrtop.net\\\/produit\\\/ventilatore-tangenziali-ipc-o-60-mm-ventola-270mm\\\/#primaryimage\"},\"image\":{\"@id\":\"https:\\\/\\\/amrtop.net\\\/produit\\\/ventilatore-tangenziali-ipc-o-60-mm-ventola-270mm\\\/#primaryimage\"},\"thumbnailUrl\":\"https:\\\/\\\/amrtop.net\\\/wp-content\\\/uploads\\\/2021\\\/11\\\/CRW20627SLB1.jpg\",\"datePublished\":\"2020-10-01T00:00:00+00:00\",\"dateModified\":\"2023-06-05T12:17:16+00:00\",\"description\":\"Ventilatore tangenziali Ipc \u00f8 60 mm ventola 270mm - Extracteur d\u2019air tangentiel avec moteur gauche IPC -Syst\u00e8me d\u2019extraction d\u2019air chaud tangentiel IPC pour po\u00eales \u00e0 pellets - Ventilateur tangentiel pour l\u2019expulsion d\u2019air chaud IPC -Ventilateur horizontal d\u2019air chaud ambiant IPC pour po\u00eale \u00e0 pellets\",\"breadcrumb\":{\"@id\":\"https:\\\/\\\/amrtop.net\\\/produit\\\/ventilatore-tangenziali-ipc-o-60-mm-ventola-270mm\\\/#breadcrumb\"},\"inLanguage\":\"ro-RO\",\"potentialAction\":[{\"@type\":\"ReadAction\",\"target\":[\"https:\\\/\\\/amrtop.net\\\/produit\\\/ventilatore-tangenziali-ipc-o-60-mm-ventola-270mm\\\/\"]}]},{\"@type\":\"ImageObject\",\"inLanguage\":\"ro-RO\",\"@id\":\"https:\\\/\\\/amrtop.net\\\/produit\\\/ventilatore-tangenziali-ipc-o-60-mm-ventola-270mm\\\/#primaryimage\",\"url\":\"https:\\\/\\\/amrtop.net\\\/wp-content\\\/uploads\\\/2021\\\/11\\\/CRW20627SLB1.jpg\",\"contentUrl\":\"https:\\\/\\\/amrtop.net\\\/wp-content\\\/uploads\\\/2021\\\/11\\\/CRW20627SLB1.jpg\",\"width\":960,\"height\":960,\"caption\":\"Ventilatore tangenziali Ipc \u00f8 60 mm ventola 270mm - Extracteur d\u2019air tangentiel avec moteur gauche IPC -Syst\u00e8me d\u2019extraction d\u2019air chaud tangentiel IPC pour po\u00eales \u00e0 pellets - Ventilateur tangentiel pour l\u2019expulsion d\u2019air chaud IPC -Ventilateur horizontal d\u2019air chaud ambiant IPC pour po\u00eale \u00e0 pellets\"},{\"@type\":\"BreadcrumbList\",\"@id\":\"https:\\\/\\\/amrtop.net\\\/produit\\\/ventilatore-tangenziali-ipc-o-60-mm-ventola-270mm\\\/#breadcrumb\",\"itemListElement\":[{\"@type\":\"ListItem\",\"position\":1,\"name\":\"Home\",\"item\":\"https:\\\/\\\/amrtop.net\\\/\"},{\"@type\":\"ListItem\",\"position\":2,\"name\":\"Shop\",\"item\":\"https:\\\/\\\/amrtop.net\\\/negozio\\\/\"},{\"@type\":\"ListItem\",\"position\":3,\"name\":\"Ventilatore tangenziale IPC Codice CRW20627SRB1 &#8211; Lunghezza ventola 270 mm &#8211; Lunghezza totale 340 mm\"}]},{\"@type\":\"WebSite\",\"@id\":\"https:\\\/\\\/amrtop.net\\\/#website\",\"url\":\"https:\\\/\\\/amrtop.net\\\/\",\"name\":\"AMRTOP B2B \u00c9tranger - Achats r\u00e9serv\u00e9s au professionnel\",\"description\":\"Pi\u00e8ces de rechange et accessoires pour po\u00eales et chaudi\u00e8res - eCommerce B2B pour Clients Professionnels\",\"potentialAction\":[{\"@type\":\"SearchAction\",\"target\":{\"@type\":\"EntryPoint\",\"urlTemplate\":\"https:\\\/\\\/amrtop.net\\\/?s={search_term_string}\"},\"query-input\":{\"@type\":\"PropertyValueSpecification\",\"valueRequired\":true,\"valueName\":\"search_term_string\"}}],\"inLanguage\":\"ro-RO\"}]}<\/script>\n<!-- \/ Yoast SEO plugin. -->","yoast_head_json":{"title":"Ventilatore tangenziali Ipc \u00f8 60 mm ventola 270mm","description":"Ventilator tangen\u021bial Ipc \u00f8 60 mm ventola 270mm -Extractor de aer tangen\u021bial cu motor st\u00e2nga IPC -Sistem de extrac\u021bie a aerului cald tangen\u021bial IPC pentru sobe pe pele\u021bi -Suflant\u0103 de aer cald orizontal IPC pentru sobe pe pele\u021bi","robots":{"index":"index","follow":"follow","max-snippet":"max-snippet:-1","max-image-preview":"max-image-preview:large","max-video-preview":"max-video-preview:-1"},"canonical":"https:\/\/amrtop.net\/ro\/produs\/ventilatore-tangenziali-ipc-o-60-mm-ventola-270mm\/","og_locale":"ro_RO","og_type":"article","og_title":"Ventilatore tangenziali Ipc \u00f8 60 mm ventola 270mm","og_description":"Ventilatore tangenziali Ipc \u00f8 60 mm ventola 270mm - Extracteur d\u2019air tangentiel avec moteur gauche IPC -Syst\u00e8me d\u2019extraction d\u2019air chaud tangentiel IPC pour po\u00eales \u00e0 pellets - Ventilateur tangentiel pour l\u2019expulsion d\u2019air chaud IPC -Ventilateur horizontal d\u2019air chaud ambiant IPC pour po\u00eale \u00e0 pellets","og_url":"https:\/\/amrtop.net\/ro\/produs\/ventilatore-tangenziali-ipc-o-60-mm-ventola-270mm\/","og_site_name":"AMRTOP B2B \u00c9tranger - Achats r\u00e9serv\u00e9s au professionnel","article_modified_time":"2023-06-05T12:17:16+00:00","og_image":[{"width":960,"height":960,"url":"https:\/\/amrtop.net\/wp-content\/uploads\/2021\/11\/CRW20627SLB1.jpg","type":"image\/jpeg"}],"twitter_card":"summary_large_image","twitter_misc":{"Timp estimat pentru citire":"1 minut"},"schema":{"@context":"https:\/\/schema.org","@graph":[{"@type":"WebPage","@id":"https:\/\/amrtop.net\/produit\/ventilatore-tangenziali-ipc-o-60-mm-ventola-270mm\/","url":"https:\/\/amrtop.net\/produit\/ventilatore-tangenziali-ipc-o-60-mm-ventola-270mm\/","name":"Ventilatore tangenziali Ipc \u00f8 60 mm ventola 270mm","isPartOf":{"@id":"https:\/\/amrtop.net\/#website"},"primaryImageOfPage":{"@id":"https:\/\/amrtop.net\/produit\/ventilatore-tangenziali-ipc-o-60-mm-ventola-270mm\/#primaryimage"},"image":{"@id":"https:\/\/amrtop.net\/produit\/ventilatore-tangenziali-ipc-o-60-mm-ventola-270mm\/#primaryimage"},"thumbnailUrl":"https:\/\/amrtop.net\/wp-content\/uploads\/2021\/11\/CRW20627SLB1.jpg","datePublished":"2020-10-01T00:00:00+00:00","dateModified":"2023-06-05T12:17:16+00:00","description":"Ventilator tangen\u021bial Ipc \u00f8 60 mm ventola 270mm -Extractor de aer tangen\u021bial cu motor st\u00e2nga IPC -Sistem de extrac\u021bie a aerului cald tangen\u021bial IPC pentru sobe pe pele\u021bi -Suflant\u0103 de aer cald orizontal IPC pentru sobe pe pele\u021bi","breadcrumb":{"@id":"https:\/\/amrtop.net\/produit\/ventilatore-tangenziali-ipc-o-60-mm-ventola-270mm\/#breadcrumb"},"inLanguage":"ro-RO","potentialAction":[{"@type":"ReadAction","target":["https:\/\/amrtop.net\/produit\/ventilatore-tangenziali-ipc-o-60-mm-ventola-270mm\/"]}]},{"@type":"ImageObject","inLanguage":"ro-RO","@id":"https:\/\/amrtop.net\/produit\/ventilatore-tangenziali-ipc-o-60-mm-ventola-270mm\/#primaryimage","url":"https:\/\/amrtop.net\/wp-content\/uploads\/2021\/11\/CRW20627SLB1.jpg","contentUrl":"https:\/\/amrtop.net\/wp-content\/uploads\/2021\/11\/CRW20627SLB1.jpg","width":960,"height":960,"caption":"Ventilatore tangenziali Ipc \u00f8 60 mm ventola 270mm - Extracteur d\u2019air tangentiel avec moteur gauche IPC -Syst\u00e8me d\u2019extraction d\u2019air chaud tangentiel IPC pour po\u00eales \u00e0 pellets - Ventilateur tangentiel pour l\u2019expulsion d\u2019air chaud IPC -Ventilateur horizontal d\u2019air chaud ambiant IPC pour po\u00eale \u00e0 pellets"},{"@type":"BreadcrumbList","@id":"https:\/\/amrtop.net\/produit\/ventilatore-tangenziali-ipc-o-60-mm-ventola-270mm\/#breadcrumb","itemListElement":[{"@type":"ListItem","position":1,"name":"Home","item":"https:\/\/amrtop.net\/"},{"@type":"ListItem","position":2,"name":"Shop","item":"https:\/\/amrtop.net\/negozio\/"},{"@type":"ListItem","position":3,"name":"Ventilatore tangenziale IPC Codice CRW20627SRB1 &#8211; Lunghezza ventola 270 mm &#8211; Lunghezza totale 340 mm"}]},{"@type":"WebSite","@id":"https:\/\/amrtop.net\/#website","url":"https:\/\/amrtop.net\/","name":"AMRTOP B2B Abroad - Achizi\u021bii rezervate profesioni\u0219tilor","description":"Piese de schimb \u0219i accesorii pentru sobe \u0219i cazane - eCommerce B2B pentru clien\u021bi profesioni\u0219ti","potentialAction":[{"@type":"SearchAction","target":{"@type":"EntryPoint","urlTemplate":"https:\/\/amrtop.net\/?s={search_term_string}"},"query-input":{"@type":"PropertyValueSpecification","valueRequired":true,"valueName":"search_term_string"}}],"inLanguage":"ro-RO"}]}},"_links":{"self":[{"href":"https:\/\/amrtop.net\/ro\/wp-json\/wp\/v2\/product\/19008","targetHints":{"allow":["GET"]}}],"collection":[{"href":"https:\/\/amrtop.net\/ro\/wp-json\/wp\/v2\/product"}],"about":[{"href":"https:\/\/amrtop.net\/ro\/wp-json\/wp\/v2\/types\/product"}],"replies":[{"embeddable":true,"href":"https:\/\/amrtop.net\/ro\/wp-json\/wp\/v2\/comments?post=19008"}],"wp:featuredmedia":[{"embeddable":true,"href":"https:\/\/amrtop.net\/ro\/wp-json\/wp\/v2\/media\/19895"}],"wp:attachment":[{"href":"https:\/\/amrtop.net\/ro\/wp-json\/wp\/v2\/media?parent=19008"}],"wp:term":[{"taxonomy":"product_brand","embeddable":true,"href":"https:\/\/amrtop.net\/ro\/wp-json\/wp\/v2\/product_brand?post=19008"},{"taxonomy":"product_cat","embeddable":true,"href":"https:\/\/amrtop.net\/ro\/wp-json\/wp\/v2\/product_cat?post=19008"},{"taxonomy":"product_tag","embeddable":true,"href":"https:\/\/amrtop.net\/ro\/wp-json\/wp\/v2\/product_tag?post=19008"}],"curies":[{"name":"wp","href":"https:\/\/api.w.org\/{rel}","templated":true}]}}