{"id":19097,"date":"2020-01-10T00:00:00","date_gmt":"2020-01-10T00:00:00","guid":{"rendered":"https:\/\/amrtop.com\/B2B\/?post_type=product&#038;p=19097"},"modified":"2023-05-29T09:15:33","modified_gmt":"2023-05-29T09:15:33","slug":"cavo-flat-cod-am9540009a","status":"publish","type":"product","link":"https:\/\/amrtop.net\/ro\/produit\/cavo-flat-cod-am9540009a\/","title":{"rendered":"C\u00e2ble plat Code AM9540009A"},"content":{"rendered":"<hr \/>\n<h3>C\u00e2ble plat Code AM9540009A<\/h3>\n<p>Grupul Duepi proiecteaz\u0103 \u0219i produce pl\u0103ci \u0219i echipamente electronice analogice, digitale \u0219i bazate pe microprocesoare \u00eenc\u0103 din 1988. Experien\u021ba pe care am dob\u00e2ndit-o \u00een domeniul proiect\u0103rii electronice ne permite s\u0103 urm\u0103rim clientul din faza ini\u021bial\u0103, cu un studiu de fezabilitate detaliat, p\u00e2n\u0103 la produc\u021bia \u00een serie a produsului, folosind cea mai potrivit\u0103 tehnologie pentru cantit\u0103\u021bile solicitate.<\/p>\n<p>De mai bine de 15 ani, compania noastr\u0103 este lider \u00een produc\u021bia de produse pentru sectorul biomasei: pele\u021bi de lemn, lemn m\u0103run\u021bit, etc. .<\/p>\n<p>Acesta are diferite tipuri de panouri pentru sobe \u0219i cazane pe lemne \u0219i pe pele\u021bi.<\/p>\n<p>\u00cen special, departamentele de \"produc\u021bie\" \u0219i \"testare a produselor\" au fost organizate cu aten\u021bie, utiliz\u00e2nd tehnologiile cele mai potrivite pentru a men\u021bine fiabilitatea maxim\u0103 \u00een procesul de produc\u021bie.<\/p>\n<h3>Utilisation du c\u00e2ble plat Cod.AM9540009A<\/h3>\n<p>Componentele electronice DUEP care echipeaz\u0103 \u00een mod normal sobele \u0219i cazanele pe pele\u021bi sunt utilizate pentru a gestiona combustia, oferind posibilitatea de a regla c\u0103ldura generat\u0103 de aparat.<\/p>\n<p>Se g\u0103se\u0219te \u00een aparatele tipice - Soba pe pele\u021bi - Cazan pe pele\u021bi - Arz\u0103tor pe pele\u021bi - Gr\u0103tar\/barbeque pe pele\u021bi Cazan pe biomas\u0103 - Arz\u0103tor pe biomas\u0103 - \u0218i multe alte arz\u0103toare<\/p>\n<h3>Interior<\/h3>\n<p><a href=\"https:\/\/wekos.it\/\">Sobe, aragazuri \u0219i aragazuri pe lemne<\/a>\u00a0-\u00a0<a href=\"https:\/\/www.greenpuros.com\/\">\u0219eminee, sobe \u0219i cazane pe pele\u021bi.<\/a><\/p>\n<h3>Gama Amrtop de piese de schimb \u0219i accesorii<\/h3>\n<p><a href=\"https:\/\/amrtop.net\/ro\/categoria-de-produse\/piese-de-schimb-sobe-si-cazane-de-gatit-si-cazane-mixte-2\/bougies-dallumage-pour-poeles-et-chaudieres-a-pellets\/\">Bujii incandescente<\/a><\/p>\n<p><a href=\"https:\/\/amrtop.net\/ro\/categoria-de-produse\/piese-de-schimb-sobe-si-cazane-de-gatit-si-cazane-mixte-2\/electronique\/\">Electronic\u0103<\/a><\/p>\n<p><a href=\"https:\/\/amrtop.net\/ro\/categoria-de-produse\/piese-de-schimb-sobe-si-cazane-de-gatit-si-cazane-mixte-2\/extracteurs-de-fumee\/\">Extractoare de fum<\/a><\/p>\n<p><a href=\"https:\/\/amrtop.net\/ro\/categoria-de-produse\/piese-de-schimb-sobe-si-cazane-de-gatit-si-cazane-mixte-2\/gaines-cable-connecteurs\/\">Teci de cablu conector<\/a><\/p>\n<p><a href=\"https:\/\/amrtop.net\/ro\/categoria-de-produse\/piese-de-schimb-sobe-si-cazane-de-gatit-si-cazane-mixte-2\/joints-de-silicone\/\">Garnituri de silicon<\/a><\/p>\n<p><a href=\"https:\/\/amrtop.net\/ro\/categoria-de-produse\/piese-de-schimb-sobe-si-cazane-de-gatit-si-cazane-mixte-2\/motoreducteurs\/\">Motoare cu angrenaje<\/a><\/p>\n<p><a href=\"https:\/\/amrtop.net\/ro\/categoria-de-produse\/piese-de-schimb-sobe-si-cazane-de-gatit-si-cazane-mixte-2\/pressostats-et-transducteurs\/\">Presostate \u0219i traductoare de presiune<\/a><\/p>\n<p><a href=\"https:\/\/amrtop.net\/ro\/categoria-de-produse\/piese-de-schimb-sobe-si-cazane-de-gatit-si-cazane-mixte-2\/sondes-thermostats-manometres-thermometres\/\">Sonde termostate manometre termometre termometre<\/a><\/p>\n<p><a href=\"https:\/\/amrtop.net\/ro\/categoria-de-produse\/piese-de-schimb-sobe-si-cazane-de-gatit-si-cazane-mixte-2\/joints-detancheite\/\">Tricotaje de etan\u0219are<\/a><\/p>\n<p><a href=\"https:\/\/amrtop.net\/ro\/categoria-de-produse\/piese-de-schimb-sobe-si-cazane-de-gatit-si-cazane-mixte-2\/ventilateurs-centrifuges-pour-poeles-a-pellets\/\">Ventilatoare centrifuge<\/a><\/p>\n<p><a href=\"https:\/\/amrtop.net\/ro\/categoria-de-produse\/piese-de-schimb-sobe-si-cazane-de-gatit-si-cazane-mixte-2\/ventilateurs-tangentiels-flux-transversal\/\">Ventilatoare cu flux \u00eencruci\u0219at<\/a><\/p>\n<p><a href=\"https:\/\/amrtop.net\/ro\/categoria-de-produse\/piese-de-schimb-sobe-si-cazane-de-gatit-si-cazane-mixte-2\/adhesifs-et-produits-detancheite\/\">Adezivi \u0219i materiale de etan\u0219are<\/a><\/p>\n<p>&nbsp;<\/p>\n<p>&nbsp;<\/p>","protected":false},"excerpt":{"rendered":"<hr \/>\n<h2><span style=\"color: #008000\">Disponibil la<\/span><\/h2>\n<hr \/>\n<h3>Cablu plat<\/h3>\n<p>cod. AM9540009A<\/p>\n<p>Lunghezza 1,5 mt<\/p>","protected":false},"featured_media":35411,"comment_status":"open","ping_status":"closed","template":"","meta":[],"product_brand":[],"product_cat":[1326,1324],"product_tag":[],"class_list":{"0":"post-19097","1":"product","2":"type-product","3":"status-publish","4":"has-post-thumbnail","6":"product_cat-accessoires-duepi-pour-poeles-et-chaudieres-a-pellets","7":"product_cat-electronique-duepi-pour-poeles-et-chaudieres-a-pellets","8":"product_shipping_class-classe-di-spedizione-01","10":"first","11":"instock","12":"shipping-taxable","13":"purchasable","14":"product-type-simple"},"yoast_head":"<!-- This site is optimized with the Yoast SEO plugin v27.4 - https:\/\/yoast.com\/product\/yoast-seo-wordpress\/ -->\n<title>Cavo flat Cod.AM9540009A<\/title>\n<meta name=\"description\" content=\"C\u00e2ble plat Code AM9540009A - Electronique Ceza pour po\u00eales et chaudi\u00e8res \u00e0 pellets - Accessoires Duepi pour po\u00eales et chaudi\u00e8res \u00e0 pellets - C\u00e2blage pour sonde eau po\u00eales et chaudi\u00e8res Duepi \u00e0 pellets - Kit de connexion Duepi pour po\u00eales chaudi\u00e8res \u00e0 pellets - Pressostato Duepi pour po\u00eales et chaudi\u00e8res \u00e0 pellets - Sonde de temp\u00e9rature air et eau Duepi - T\u00e9l\u00e9commande avec Display Ceza - carte \u00e9lectronique Duepi\" \/>\n<meta name=\"robots\" content=\"index, follow, max-snippet:-1, max-image-preview:large, max-video-preview:-1\" \/>\n<link rel=\"canonical\" href=\"https:\/\/amrtop.net\/ro\/produs\/cavo-flat-cod-am9540009a\/\" \/>\n<meta property=\"og:locale\" content=\"ro_RO\" \/>\n<meta property=\"og:type\" content=\"article\" \/>\n<meta property=\"og:title\" content=\"Cavo flat Cod.AM9540009A\" \/>\n<meta property=\"og:description\" content=\"C\u00e2ble plat Code AM9540009A - Electronique Ceza pour po\u00eales et chaudi\u00e8res \u00e0 pellets - Accessoires Duepi pour po\u00eales et chaudi\u00e8res \u00e0 pellets - C\u00e2blage pour sonde eau po\u00eales et chaudi\u00e8res Duepi \u00e0 pellets - Kit de connexion Duepi pour po\u00eales chaudi\u00e8res \u00e0 pellets - Pressostato Duepi pour po\u00eales et chaudi\u00e8res \u00e0 pellets - Sonde de temp\u00e9rature air et eau Duepi - T\u00e9l\u00e9commande avec Display Ceza - carte \u00e9lectronique Duepi\" \/>\n<meta property=\"og:url\" content=\"https:\/\/amrtop.net\/ro\/produs\/cavo-flat-cod-am9540009a\/\" \/>\n<meta property=\"og:site_name\" content=\"AMRTOP B2B \u00c9tranger - Achats r\u00e9serv\u00e9s au professionnel\" \/>\n<meta property=\"article:modified_time\" content=\"2023-05-29T09:15:33+00:00\" \/>\n<meta property=\"og:image\" content=\"https:\/\/amrtop.net\/wp-content\/uploads\/2020\/01\/Cavo-flat-Cod.AM9540009A.jpg\" \/>\n\t<meta property=\"og:image:width\" content=\"960\" \/>\n\t<meta property=\"og:image:height\" content=\"960\" \/>\n\t<meta property=\"og:image:type\" content=\"image\/jpeg\" \/>\n<meta name=\"twitter:card\" content=\"summary_large_image\" \/>\n<meta name=\"twitter:label1\" content=\"Timp estimat pentru citire\" \/>\n\t<meta name=\"twitter:data1\" content=\"1 minut\" \/>\n<script type=\"application\/ld+json\" class=\"yoast-schema-graph\">{\"@context\":\"https:\\\/\\\/schema.org\",\"@graph\":[{\"@type\":\"WebPage\",\"@id\":\"https:\\\/\\\/amrtop.net\\\/produit\\\/cavo-flat-cod-am9540009a\\\/\",\"url\":\"https:\\\/\\\/amrtop.net\\\/produit\\\/cavo-flat-cod-am9540009a\\\/\",\"name\":\"Cavo flat Cod.AM9540009A\",\"isPartOf\":{\"@id\":\"https:\\\/\\\/amrtop.net\\\/#website\"},\"primaryImageOfPage\":{\"@id\":\"https:\\\/\\\/amrtop.net\\\/produit\\\/cavo-flat-cod-am9540009a\\\/#primaryimage\"},\"image\":{\"@id\":\"https:\\\/\\\/amrtop.net\\\/produit\\\/cavo-flat-cod-am9540009a\\\/#primaryimage\"},\"thumbnailUrl\":\"https:\\\/\\\/amrtop.net\\\/wp-content\\\/uploads\\\/2020\\\/01\\\/Cavo-flat-Cod.AM9540009A.jpg\",\"datePublished\":\"2020-01-10T00:00:00+00:00\",\"dateModified\":\"2023-05-29T09:15:33+00:00\",\"description\":\"C\u00e2ble plat Code AM9540009A - Electronique Ceza pour po\u00eales et chaudi\u00e8res \u00e0 pellets - Accessoires Duepi pour po\u00eales et chaudi\u00e8res \u00e0 pellets - C\u00e2blage pour sonde eau po\u00eales et chaudi\u00e8res Duepi \u00e0 pellets - Kit de connexion Duepi pour po\u00eales chaudi\u00e8res \u00e0 pellets - Pressostato Duepi pour po\u00eales et chaudi\u00e8res \u00e0 pellets - Sonde de temp\u00e9rature air et eau Duepi - T\u00e9l\u00e9commande avec Display Ceza - carte \u00e9lectronique Duepi\",\"breadcrumb\":{\"@id\":\"https:\\\/\\\/amrtop.net\\\/produit\\\/cavo-flat-cod-am9540009a\\\/#breadcrumb\"},\"inLanguage\":\"ro-RO\",\"potentialAction\":[{\"@type\":\"ReadAction\",\"target\":[\"https:\\\/\\\/amrtop.net\\\/produit\\\/cavo-flat-cod-am9540009a\\\/\"]}]},{\"@type\":\"ImageObject\",\"inLanguage\":\"ro-RO\",\"@id\":\"https:\\\/\\\/amrtop.net\\\/produit\\\/cavo-flat-cod-am9540009a\\\/#primaryimage\",\"url\":\"https:\\\/\\\/amrtop.net\\\/wp-content\\\/uploads\\\/2020\\\/01\\\/Cavo-flat-Cod.AM9540009A.jpg\",\"contentUrl\":\"https:\\\/\\\/amrtop.net\\\/wp-content\\\/uploads\\\/2020\\\/01\\\/Cavo-flat-Cod.AM9540009A.jpg\",\"width\":960,\"height\":960,\"caption\":\"C\u00e2ble plat Code AM9540009A - Electronique Ceza pour po\u00eales et chaudi\u00e8res \u00e0 pellets - Accessoires Duepi pour po\u00eales et chaudi\u00e8res \u00e0 pellets - C\u00e2blage pour sonde eau po\u00eales et chaudi\u00e8res Duepi \u00e0 pellets - Kit de connexion Duepi pour po\u00eales chaudi\u00e8res \u00e0 pellets - Pressostato Duepi pour po\u00eales et chaudi\u00e8res \u00e0 pellets - Sonde de temp\u00e9rature air et eau Duepi - T\u00e9l\u00e9commande avec Display Ceza - carte \u00e9lectronique Duepi\"},{\"@type\":\"BreadcrumbList\",\"@id\":\"https:\\\/\\\/amrtop.net\\\/produit\\\/cavo-flat-cod-am9540009a\\\/#breadcrumb\",\"itemListElement\":[{\"@type\":\"ListItem\",\"position\":1,\"name\":\"Home\",\"item\":\"https:\\\/\\\/amrtop.net\\\/\"},{\"@type\":\"ListItem\",\"position\":2,\"name\":\"Shop\",\"item\":\"https:\\\/\\\/amrtop.net\\\/negozio\\\/\"},{\"@type\":\"ListItem\",\"position\":3,\"name\":\"C\u00e2ble plat Code AM9540009A\"}]},{\"@type\":\"WebSite\",\"@id\":\"https:\\\/\\\/amrtop.net\\\/#website\",\"url\":\"https:\\\/\\\/amrtop.net\\\/\",\"name\":\"AMRTOP B2B \u00c9tranger - Achats r\u00e9serv\u00e9s au professionnel\",\"description\":\"Pi\u00e8ces de rechange et accessoires pour po\u00eales et chaudi\u00e8res - eCommerce B2B pour Clients Professionnels\",\"potentialAction\":[{\"@type\":\"SearchAction\",\"target\":{\"@type\":\"EntryPoint\",\"urlTemplate\":\"https:\\\/\\\/amrtop.net\\\/?s={search_term_string}\"},\"query-input\":{\"@type\":\"PropertyValueSpecification\",\"valueRequired\":true,\"valueName\":\"search_term_string\"}}],\"inLanguage\":\"ro-RO\"}]}<\/script>\n<!-- \/ Yoast SEO plugin. -->","yoast_head_json":{"title":"Cavo flat Cod.AM9540009A","description":"C\u00e2ble plat Code AM9540009A - Electronique Ceza pour po\u00eales et chaudi\u00e8res \u00e0 pellets - Accessoires Duepi pour po\u00eales et chaudi\u00e8res \u00e0 pellets - C\u00e2blage pour sonde eau po\u00eales et chaudi\u00e8res Duepi \u00e0 pellets - Kit de connexion Duepi pour po\u00eales chaudi\u00e8res \u00e0 pellets - Pressostato Duepi pour po\u00eales et chaudi\u00e8res \u00e0 pellets - Sonde de temp\u00e9rature air et eau Duepi - T\u00e9l\u00e9commande avec Display Ceza - carte \u00e9lectronique Duepi","robots":{"index":"index","follow":"follow","max-snippet":"max-snippet:-1","max-image-preview":"max-image-preview:large","max-video-preview":"max-video-preview:-1"},"canonical":"https:\/\/amrtop.net\/ro\/produs\/cavo-flat-cod-am9540009a\/","og_locale":"ro_RO","og_type":"article","og_title":"Cavo flat Cod.AM9540009A","og_description":"C\u00e2ble plat Code AM9540009A - Electronique Ceza pour po\u00eales et chaudi\u00e8res \u00e0 pellets - Accessoires Duepi pour po\u00eales et chaudi\u00e8res \u00e0 pellets - C\u00e2blage pour sonde eau po\u00eales et chaudi\u00e8res Duepi \u00e0 pellets - Kit de connexion Duepi pour po\u00eales chaudi\u00e8res \u00e0 pellets - Pressostato Duepi pour po\u00eales et chaudi\u00e8res \u00e0 pellets - Sonde de temp\u00e9rature air et eau Duepi - T\u00e9l\u00e9commande avec Display Ceza - carte \u00e9lectronique Duepi","og_url":"https:\/\/amrtop.net\/ro\/produs\/cavo-flat-cod-am9540009a\/","og_site_name":"AMRTOP B2B \u00c9tranger - Achats r\u00e9serv\u00e9s au professionnel","article_modified_time":"2023-05-29T09:15:33+00:00","og_image":[{"width":960,"height":960,"url":"https:\/\/amrtop.net\/wp-content\/uploads\/2020\/01\/Cavo-flat-Cod.AM9540009A.jpg","type":"image\/jpeg"}],"twitter_card":"summary_large_image","twitter_misc":{"Timp estimat pentru citire":"1 minut"},"schema":{"@context":"https:\/\/schema.org","@graph":[{"@type":"WebPage","@id":"https:\/\/amrtop.net\/produit\/cavo-flat-cod-am9540009a\/","url":"https:\/\/amrtop.net\/produit\/cavo-flat-cod-am9540009a\/","name":"Cavo flat Cod.AM9540009A","isPartOf":{"@id":"https:\/\/amrtop.net\/#website"},"primaryImageOfPage":{"@id":"https:\/\/amrtop.net\/produit\/cavo-flat-cod-am9540009a\/#primaryimage"},"image":{"@id":"https:\/\/amrtop.net\/produit\/cavo-flat-cod-am9540009a\/#primaryimage"},"thumbnailUrl":"https:\/\/amrtop.net\/wp-content\/uploads\/2020\/01\/Cavo-flat-Cod.AM9540009A.jpg","datePublished":"2020-01-10T00:00:00+00:00","dateModified":"2023-05-29T09:15:33+00:00","description":"C\u00e2ble plat Code AM9540009A - Electronique Ceza pour po\u00eales et chaudi\u00e8res \u00e0 pellets - Accessoires Duepi pour po\u00eales et chaudi\u00e8res \u00e0 pellets - C\u00e2blage pour sonde eau po\u00eales et chaudi\u00e8res Duepi \u00e0 pellets - Kit de connexion Duepi pour po\u00eales chaudi\u00e8res \u00e0 pellets - Pressostato Duepi pour po\u00eales et chaudi\u00e8res \u00e0 pellets - Sonde de temp\u00e9rature air et eau Duepi - T\u00e9l\u00e9commande avec Display Ceza - carte \u00e9lectronique Duepi","breadcrumb":{"@id":"https:\/\/amrtop.net\/produit\/cavo-flat-cod-am9540009a\/#breadcrumb"},"inLanguage":"ro-RO","potentialAction":[{"@type":"ReadAction","target":["https:\/\/amrtop.net\/produit\/cavo-flat-cod-am9540009a\/"]}]},{"@type":"ImageObject","inLanguage":"ro-RO","@id":"https:\/\/amrtop.net\/produit\/cavo-flat-cod-am9540009a\/#primaryimage","url":"https:\/\/amrtop.net\/wp-content\/uploads\/2020\/01\/Cavo-flat-Cod.AM9540009A.jpg","contentUrl":"https:\/\/amrtop.net\/wp-content\/uploads\/2020\/01\/Cavo-flat-Cod.AM9540009A.jpg","width":960,"height":960,"caption":"C\u00e2ble plat Code AM9540009A - Electronique Ceza pour po\u00eales et chaudi\u00e8res \u00e0 pellets - Accessoires Duepi pour po\u00eales et chaudi\u00e8res \u00e0 pellets - C\u00e2blage pour sonde eau po\u00eales et chaudi\u00e8res Duepi \u00e0 pellets - Kit de connexion Duepi pour po\u00eales chaudi\u00e8res \u00e0 pellets - Pressostato Duepi pour po\u00eales et chaudi\u00e8res \u00e0 pellets - Sonde de temp\u00e9rature air et eau Duepi - T\u00e9l\u00e9commande avec Display Ceza - carte \u00e9lectronique Duepi"},{"@type":"BreadcrumbList","@id":"https:\/\/amrtop.net\/produit\/cavo-flat-cod-am9540009a\/#breadcrumb","itemListElement":[{"@type":"ListItem","position":1,"name":"Home","item":"https:\/\/amrtop.net\/"},{"@type":"ListItem","position":2,"name":"Shop","item":"https:\/\/amrtop.net\/negozio\/"},{"@type":"ListItem","position":3,"name":"C\u00e2ble plat Code AM9540009A"}]},{"@type":"WebSite","@id":"https:\/\/amrtop.net\/#website","url":"https:\/\/amrtop.net\/","name":"AMRTOP B2B Abroad - Achizi\u021bii rezervate profesioni\u0219tilor","description":"Piese de schimb \u0219i accesorii pentru sobe \u0219i cazane - eCommerce B2B pentru clien\u021bi profesioni\u0219ti","potentialAction":[{"@type":"SearchAction","target":{"@type":"EntryPoint","urlTemplate":"https:\/\/amrtop.net\/?s={search_term_string}"},"query-input":{"@type":"PropertyValueSpecification","valueRequired":true,"valueName":"search_term_string"}}],"inLanguage":"ro-RO"}]}},"_links":{"self":[{"href":"https:\/\/amrtop.net\/ro\/wp-json\/wp\/v2\/product\/19097","targetHints":{"allow":["GET"]}}],"collection":[{"href":"https:\/\/amrtop.net\/ro\/wp-json\/wp\/v2\/product"}],"about":[{"href":"https:\/\/amrtop.net\/ro\/wp-json\/wp\/v2\/types\/product"}],"replies":[{"embeddable":true,"href":"https:\/\/amrtop.net\/ro\/wp-json\/wp\/v2\/comments?post=19097"}],"wp:featuredmedia":[{"embeddable":true,"href":"https:\/\/amrtop.net\/ro\/wp-json\/wp\/v2\/media\/35411"}],"wp:attachment":[{"href":"https:\/\/amrtop.net\/ro\/wp-json\/wp\/v2\/media?parent=19097"}],"wp:term":[{"taxonomy":"product_brand","embeddable":true,"href":"https:\/\/amrtop.net\/ro\/wp-json\/wp\/v2\/product_brand?post=19097"},{"taxonomy":"product_cat","embeddable":true,"href":"https:\/\/amrtop.net\/ro\/wp-json\/wp\/v2\/product_cat?post=19097"},{"taxonomy":"product_tag","embeddable":true,"href":"https:\/\/amrtop.net\/ro\/wp-json\/wp\/v2\/product_tag?post=19097"}],"curies":[{"name":"wp","href":"https:\/\/api.w.org\/{rel}","templated":true}]}}