{"id":19100,"date":"2020-01-10T00:00:00","date_gmt":"2020-01-10T00:00:00","guid":{"rendered":"https:\/\/amrtop.com\/B2B\/?post_type=product&#038;p=19100"},"modified":"2023-06-02T11:33:30","modified_gmt":"2023-06-02T11:33:30","slug":"afficheur-duepi-7-touches-cod-9590010","status":"publish","type":"product","link":"https:\/\/amrtop.net\/ro\/produit\/afficheur-duepi-7-touches-cod-9590010\/","title":{"rendered":"Afi\u0219aj Duepi cu 7 taste Cod.9590010"},"content":{"rendered":"<hr \/>\n<h3>Afi\u0219aj Duepi cu 7 taste Cod.9590010<\/h3>\n<p>Grupul Duepi proiecteaz\u0103 \u0219i produce pl\u0103ci \u0219i echipamente electronice analogice, digitale \u0219i bazate pe microprocesoare \u00eenc\u0103 din 1988. Experien\u021ba pe care am dob\u00e2ndit-o \u00een domeniul proiect\u0103rii electronice ne permite s\u0103 urm\u0103rim clientul din faza ini\u021bial\u0103, cu un studiu de fezabilitate detaliat, p\u00e2n\u0103 la produc\u021bia \u00een serie a produsului, folosind cea mai potrivit\u0103 tehnologie pentru cantit\u0103\u021bile solicitate.<\/p>\n<p>De mai bine de 15 ani, compania noastr\u0103 este lider \u00een produc\u021bia de produse pentru sectorul biomasei: pele\u021bi de lemn, lemn m\u0103run\u021bit, etc. .<\/p>\n<p>Acesta are diferite tipuri de panouri pentru sobe \u0219i cazane pe lemne \u0219i pe pele\u021bi.<\/p>\n<p>\u00cen special, departamentele de \"produc\u021bie\" \u0219i \"testare a produselor\" au fost organizate cu aten\u021bie, utiliz\u00e2nd tehnologiile cele mai potrivite pentru a men\u021bine fiabilitatea maxim\u0103 \u00een procesul de produc\u021bie.<\/p>\n<h3>Utilizarea afi\u0219ajelor Duepi cu 7 taste Cod.9590010<\/h3>\n<p>Componentele electronice DUEP care echipeaz\u0103 \u00een mod normal sobele \u0219i cazanele pe pele\u021bi sunt utilizate pentru a gestiona combustia, oferind posibilitatea de a regla c\u0103ldura generat\u0103 de aparat.<\/p>\n<p>\u00cen plus, aceste sisteme electronice controleaz\u0103 fluxul de aer al sobelor pe pele\u021bi de pe pia\u021b\u0103.<\/p>\n<p>Se g\u0103se\u0219te \u00een aparatele tipice - Soba pe pele\u021bi - Cazan pe pele\u021bi - Arz\u0103tor pe pele\u021bi - Gr\u0103tar\/barbeque pe pele\u021bi Cazan pe biomas\u0103 - Arz\u0103tor pe biomas\u0103 - \u0218i multe alte arz\u0103toare<\/p>\n<h3>Interior<\/h3>\n<p><a href=\"https:\/\/wekos.it\/\">Sobe, aragazuri \u0219i aragazuri pe lemne<\/a>\u00a0-\u00a0<a href=\"https:\/\/www.greenpuros.com\/\">\u0219eminee, sobe \u0219i cazane pe pele\u021bi.<\/a><\/p>\n<h3>Gama Amrtop de piese de schimb \u0219i accesorii<\/h3>\n<p><a href=\"https:\/\/amrtop.net\/ro\/categoria-de-produse\/piese-de-schimb-sobe-si-cazane-de-gatit-si-cazane-mixte-2\/bougies-dallumage-pour-poeles-et-chaudieres-a-pellets\/\">Bujii incandescente<\/a><\/p>\n<p><a href=\"https:\/\/amrtop.net\/ro\/categoria-de-produse\/piese-de-schimb-sobe-si-cazane-de-gatit-si-cazane-mixte-2\/electronique\/\">Electronic\u0103<\/a><\/p>\n<p><a href=\"https:\/\/amrtop.net\/ro\/categoria-de-produse\/piese-de-schimb-sobe-si-cazane-de-gatit-si-cazane-mixte-2\/extracteurs-de-fumee\/\">Extractoare de fum<\/a><\/p>\n<p><a href=\"https:\/\/amrtop.net\/ro\/categoria-de-produse\/piese-de-schimb-sobe-si-cazane-de-gatit-si-cazane-mixte-2\/gaines-cable-connecteurs\/\">Teci de cablu conector<\/a><\/p>\n<p><a href=\"https:\/\/amrtop.net\/ro\/categoria-de-produse\/piese-de-schimb-sobe-si-cazane-de-gatit-si-cazane-mixte-2\/joints-de-silicone\/\">Garnituri de silicon<\/a><\/p>\n<p><a href=\"https:\/\/amrtop.net\/ro\/categoria-de-produse\/piese-de-schimb-sobe-si-cazane-de-gatit-si-cazane-mixte-2\/motoreducteurs\/\">Motoare cu angrenaje<\/a><\/p>\n<p><a href=\"https:\/\/amrtop.net\/ro\/categoria-de-produse\/piese-de-schimb-sobe-si-cazane-de-gatit-si-cazane-mixte-2\/pressostats-et-transducteurs\/\">Presostate \u0219i traductoare de presiune<\/a><\/p>\n<p><a href=\"https:\/\/amrtop.net\/ro\/categoria-de-produse\/piese-de-schimb-sobe-si-cazane-de-gatit-si-cazane-mixte-2\/sondes-thermostats-manometres-thermometres\/\">Sonde termostate manometre termometre termometre<\/a><\/p>\n<p><a href=\"https:\/\/amrtop.net\/ro\/categoria-de-produse\/piese-de-schimb-sobe-si-cazane-de-gatit-si-cazane-mixte-2\/joints-detancheite\/\">Tricotaje de etan\u0219are<\/a><\/p>\n<p><a href=\"https:\/\/amrtop.net\/ro\/categoria-de-produse\/piese-de-schimb-sobe-si-cazane-de-gatit-si-cazane-mixte-2\/ventilateurs-centrifuges-pour-poeles-a-pellets\/\">Ventilatoare centrifuge<\/a><\/p>\n<p><a href=\"https:\/\/amrtop.net\/ro\/categoria-de-produse\/piese-de-schimb-sobe-si-cazane-de-gatit-si-cazane-mixte-2\/ventilateurs-tangentiels-flux-transversal\/\">Ventilatoare cu flux \u00eencruci\u0219at<\/a><\/p>\n<p><a href=\"https:\/\/amrtop.net\/ro\/categoria-de-produse\/piese-de-schimb-sobe-si-cazane-de-gatit-si-cazane-mixte-2\/adhesifs-et-produits-detancheite\/\">Adezivi \u0219i materiale de etan\u0219are<\/a><\/p>\n<p>&nbsp;<\/p>","protected":false},"excerpt":{"rendered":"<hr \/>\n<h2><span style=\"color: #008000\">Disponibil la<\/span><\/h2>\n<hr \/>\n<h3>Afi\u0219aj Duepi cu 7 taste cu LCD alfanumeric<\/h3>\n<p>Code 9590010<\/p>\n<p>Afficheur 7 touches avec LCD alphanum\u00e9rique 16 x 2 r\u00e9tro-\u00e9clair\u00e9.<\/p>\n<p>Disponible dans les couleurs Vert et Bleu.<\/p>","protected":false},"featured_media":19046,"comment_status":"open","ping_status":"closed","template":"","meta":[],"product_brand":[],"product_cat":[1327,1310,1324,839],"product_tag":[],"class_list":{"0":"post-19100","1":"product","2":"type-product","3":"status-publish","4":"has-post-thumbnail","6":"product_cat-afficheurs-duepi","7":"product_cat-electronique","8":"product_cat-electronique-duepi-pour-poeles-et-chaudieres-a-pellets","9":"product_cat-pieces-de-rechange-divers-poeles-et-chaudieres","10":"product_shipping_class-classe-di-spedizione-01","12":"first","13":"instock","14":"shipping-taxable","15":"purchasable","16":"product-type-simple"},"yoast_head":"<!-- This site is optimized with the Yoast SEO plugin v27.5 - https:\/\/yoast.com\/product\/yoast-seo-wordpress\/ -->\n<title>Afficheur Duepi 7 touches Cod.9590010<\/title>\n<meta name=\"description\" content=\"Afficheur Duepi 7 touches Cod.9590010 - Display Duepi pour po\u00eales et chaudi\u00e8res \u00e0 pellets - C\u00e2blage DUEPI pour sondes eau po\u00eale et chaudi\u00e8re \u00e0 pellets - C\u00e2blage DUEPI pour pompes eau po\u00eales et chaudi\u00e8res \u00e0 pellets - Kit connexion DUEPI pour po\u00eales et chaudi\u00e8res \u00e0 pellets - Pressostats DUEPI pour po\u00eales et chaudi\u00e8res \u00e0 pellets - Sondes temp\u00e9rature air et eau DUEPI - T\u00e9l\u00e9commandes avec Display DUEPI\" \/>\n<meta name=\"robots\" content=\"index, follow, max-snippet:-1, max-image-preview:large, max-video-preview:-1\" \/>\n<link rel=\"canonical\" href=\"https:\/\/amrtop.net\/ro\/produs\/afficheur-duepi-7-touches-cod-9590010\/\" \/>\n<meta property=\"og:locale\" content=\"ro_RO\" \/>\n<meta property=\"og:type\" content=\"article\" \/>\n<meta property=\"og:title\" content=\"Afficheur Duepi 7 touches Cod.9590010\" \/>\n<meta property=\"og:description\" content=\"Afficheur Duepi 7 touches Cod.9590010 - Display Duepi pour po\u00eales et chaudi\u00e8res \u00e0 pellets - C\u00e2blage DUEPI pour sondes eau po\u00eale et chaudi\u00e8re \u00e0 pellets - C\u00e2blage DUEPI pour pompes eau po\u00eales et chaudi\u00e8res \u00e0 pellets - Kit connexion DUEPI pour po\u00eales et chaudi\u00e8res \u00e0 pellets - Pressostats DUEPI pour po\u00eales et chaudi\u00e8res \u00e0 pellets - Sondes temp\u00e9rature air et eau DUEPI - T\u00e9l\u00e9commandes avec Display DUEPI\" \/>\n<meta property=\"og:url\" content=\"https:\/\/amrtop.net\/ro\/produs\/afficheur-duepi-7-touches-cod-9590010\/\" \/>\n<meta property=\"og:site_name\" content=\"AMRTOP B2B \u00c9tranger - Achats r\u00e9serv\u00e9s au professionnel\" \/>\n<meta property=\"article:modified_time\" content=\"2023-06-02T11:33:30+00:00\" \/>\n<meta property=\"og:image\" content=\"https:\/\/amrtop.net\/wp-content\/uploads\/2021\/09\/w-SITO-PAG-61-B.jpg\" \/>\n\t<meta property=\"og:image:width\" content=\"960\" \/>\n\t<meta property=\"og:image:height\" content=\"960\" \/>\n\t<meta property=\"og:image:type\" content=\"image\/jpeg\" \/>\n<meta name=\"twitter:card\" content=\"summary_large_image\" \/>\n<meta name=\"twitter:label1\" content=\"Timp estimat pentru citire\" \/>\n\t<meta name=\"twitter:data1\" content=\"2 minute\" \/>\n<script type=\"application\/ld+json\" class=\"yoast-schema-graph\">{\"@context\":\"https:\\\/\\\/schema.org\",\"@graph\":[{\"@type\":\"WebPage\",\"@id\":\"https:\\\/\\\/amrtop.net\\\/produit\\\/afficheur-duepi-7-touches-cod-9590010\\\/\",\"url\":\"https:\\\/\\\/amrtop.net\\\/produit\\\/afficheur-duepi-7-touches-cod-9590010\\\/\",\"name\":\"Afficheur Duepi 7 touches Cod.9590010\",\"isPartOf\":{\"@id\":\"https:\\\/\\\/amrtop.net\\\/#website\"},\"primaryImageOfPage\":{\"@id\":\"https:\\\/\\\/amrtop.net\\\/produit\\\/afficheur-duepi-7-touches-cod-9590010\\\/#primaryimage\"},\"image\":{\"@id\":\"https:\\\/\\\/amrtop.net\\\/produit\\\/afficheur-duepi-7-touches-cod-9590010\\\/#primaryimage\"},\"thumbnailUrl\":\"https:\\\/\\\/amrtop.net\\\/wp-content\\\/uploads\\\/2021\\\/09\\\/w-SITO-PAG-61-B.jpg\",\"datePublished\":\"2020-01-10T00:00:00+00:00\",\"dateModified\":\"2023-06-02T11:33:30+00:00\",\"description\":\"Afficheur Duepi 7 touches Cod.9590010 - Display Duepi pour po\u00eales et chaudi\u00e8res \u00e0 pellets - C\u00e2blage DUEPI pour sondes eau po\u00eale et chaudi\u00e8re \u00e0 pellets - C\u00e2blage DUEPI pour pompes eau po\u00eales et chaudi\u00e8res \u00e0 pellets - Kit connexion DUEPI pour po\u00eales et chaudi\u00e8res \u00e0 pellets - Pressostats DUEPI pour po\u00eales et chaudi\u00e8res \u00e0 pellets - Sondes temp\u00e9rature air et eau DUEPI - T\u00e9l\u00e9commandes avec Display DUEPI\",\"breadcrumb\":{\"@id\":\"https:\\\/\\\/amrtop.net\\\/produit\\\/afficheur-duepi-7-touches-cod-9590010\\\/#breadcrumb\"},\"inLanguage\":\"ro-RO\",\"potentialAction\":[{\"@type\":\"ReadAction\",\"target\":[\"https:\\\/\\\/amrtop.net\\\/produit\\\/afficheur-duepi-7-touches-cod-9590010\\\/\"]}]},{\"@type\":\"ImageObject\",\"inLanguage\":\"ro-RO\",\"@id\":\"https:\\\/\\\/amrtop.net\\\/produit\\\/afficheur-duepi-7-touches-cod-9590010\\\/#primaryimage\",\"url\":\"https:\\\/\\\/amrtop.net\\\/wp-content\\\/uploads\\\/2021\\\/09\\\/w-SITO-PAG-61-B.jpg\",\"contentUrl\":\"https:\\\/\\\/amrtop.net\\\/wp-content\\\/uploads\\\/2021\\\/09\\\/w-SITO-PAG-61-B.jpg\",\"width\":960,\"height\":960,\"caption\":\"Afficheur Duepi 7 touches Cod.9590010 - Display Duepi pour po\u00eales et chaudi\u00e8res \u00e0 pellets - C\u00e2blage DUEPI pour sondes eau po\u00eale et chaudi\u00e8re \u00e0 pellets - C\u00e2blage DUEPI pour pompes eau po\u00eales et chaudi\u00e8res \u00e0 pellets - Kit connexion DUEPI pour po\u00eales et chaudi\u00e8res \u00e0 pellets - Pressostats DUEPI pour po\u00eales et chaudi\u00e8res \u00e0 pellets - Sondes temp\u00e9rature air et eau DUEPI - T\u00e9l\u00e9commandes avec Display DUEPI\"},{\"@type\":\"BreadcrumbList\",\"@id\":\"https:\\\/\\\/amrtop.net\\\/produit\\\/afficheur-duepi-7-touches-cod-9590010\\\/#breadcrumb\",\"itemListElement\":[{\"@type\":\"ListItem\",\"position\":1,\"name\":\"Home\",\"item\":\"https:\\\/\\\/amrtop.net\\\/\"},{\"@type\":\"ListItem\",\"position\":2,\"name\":\"Shop\",\"item\":\"https:\\\/\\\/amrtop.net\\\/negozio\\\/\"},{\"@type\":\"ListItem\",\"position\":3,\"name\":\"Afficheur Duepi 7 touches Cod.9590010\"}]},{\"@type\":\"WebSite\",\"@id\":\"https:\\\/\\\/amrtop.net\\\/#website\",\"url\":\"https:\\\/\\\/amrtop.net\\\/\",\"name\":\"AMRTOP B2B \u00c9tranger - Achats r\u00e9serv\u00e9s au professionnel\",\"description\":\"Pi\u00e8ces de rechange et accessoires pour po\u00eales et chaudi\u00e8res - eCommerce B2B pour Clients Professionnels\",\"potentialAction\":[{\"@type\":\"SearchAction\",\"target\":{\"@type\":\"EntryPoint\",\"urlTemplate\":\"https:\\\/\\\/amrtop.net\\\/?s={search_term_string}\"},\"query-input\":{\"@type\":\"PropertyValueSpecification\",\"valueRequired\":true,\"valueName\":\"search_term_string\"}}],\"inLanguage\":\"ro-RO\"}]}<\/script>\n<!-- \/ Yoast SEO plugin. -->","yoast_head_json":{"title":"Afi\u0219aj Duepi cu 7 taste Cod.9590010","description":"Afficheur Duepi 7 touches Cod.9590010 - Display Duepi pour po\u00eales et chaudi\u00e8res \u00e0 pellets - C\u00e2blage DUEPI pour sondes eau po\u00eale et chaudi\u00e8re \u00e0 pellets - C\u00e2blage DUEPI pour pompes eau po\u00eales et chaudi\u00e8res \u00e0 pellets - Kit connexion DUEPI pour po\u00eales et chaudi\u00e8res \u00e0 pellets - Pressostats DUEPI pour po\u00eales et chaudi\u00e8res \u00e0 pellets - Sondes temp\u00e9rature air et eau DUEPI - T\u00e9l\u00e9commandes avec Display DUEPI","robots":{"index":"index","follow":"follow","max-snippet":"max-snippet:-1","max-image-preview":"max-image-preview:large","max-video-preview":"max-video-preview:-1"},"canonical":"https:\/\/amrtop.net\/ro\/produs\/afficheur-duepi-7-touches-cod-9590010\/","og_locale":"ro_RO","og_type":"article","og_title":"Afficheur Duepi 7 touches Cod.9590010","og_description":"Afficheur Duepi 7 touches Cod.9590010 - Display Duepi pour po\u00eales et chaudi\u00e8res \u00e0 pellets - C\u00e2blage DUEPI pour sondes eau po\u00eale et chaudi\u00e8re \u00e0 pellets - C\u00e2blage DUEPI pour pompes eau po\u00eales et chaudi\u00e8res \u00e0 pellets - Kit connexion DUEPI pour po\u00eales et chaudi\u00e8res \u00e0 pellets - Pressostats DUEPI pour po\u00eales et chaudi\u00e8res \u00e0 pellets - Sondes temp\u00e9rature air et eau DUEPI - T\u00e9l\u00e9commandes avec Display DUEPI","og_url":"https:\/\/amrtop.net\/ro\/produs\/afficheur-duepi-7-touches-cod-9590010\/","og_site_name":"AMRTOP B2B \u00c9tranger - Achats r\u00e9serv\u00e9s au professionnel","article_modified_time":"2023-06-02T11:33:30+00:00","og_image":[{"width":960,"height":960,"url":"https:\/\/amrtop.net\/wp-content\/uploads\/2021\/09\/w-SITO-PAG-61-B.jpg","type":"image\/jpeg"}],"twitter_card":"summary_large_image","twitter_misc":{"Timp estimat pentru citire":"2 minute"},"schema":{"@context":"https:\/\/schema.org","@graph":[{"@type":"WebPage","@id":"https:\/\/amrtop.net\/produit\/afficheur-duepi-7-touches-cod-9590010\/","url":"https:\/\/amrtop.net\/produit\/afficheur-duepi-7-touches-cod-9590010\/","name":"Afi\u0219aj Duepi cu 7 taste Cod.9590010","isPartOf":{"@id":"https:\/\/amrtop.net\/#website"},"primaryImageOfPage":{"@id":"https:\/\/amrtop.net\/produit\/afficheur-duepi-7-touches-cod-9590010\/#primaryimage"},"image":{"@id":"https:\/\/amrtop.net\/produit\/afficheur-duepi-7-touches-cod-9590010\/#primaryimage"},"thumbnailUrl":"https:\/\/amrtop.net\/wp-content\/uploads\/2021\/09\/w-SITO-PAG-61-B.jpg","datePublished":"2020-01-10T00:00:00+00:00","dateModified":"2023-06-02T11:33:30+00:00","description":"Afficheur Duepi 7 touches Cod.9590010 - Display Duepi pour po\u00eales et chaudi\u00e8res \u00e0 pellets - C\u00e2blage DUEPI pour sondes eau po\u00eale et chaudi\u00e8re \u00e0 pellets - C\u00e2blage DUEPI pour pompes eau po\u00eales et chaudi\u00e8res \u00e0 pellets - Kit connexion DUEPI pour po\u00eales et chaudi\u00e8res \u00e0 pellets - Pressostats DUEPI pour po\u00eales et chaudi\u00e8res \u00e0 pellets - Sondes temp\u00e9rature air et eau DUEPI - T\u00e9l\u00e9commandes avec Display DUEPI","breadcrumb":{"@id":"https:\/\/amrtop.net\/produit\/afficheur-duepi-7-touches-cod-9590010\/#breadcrumb"},"inLanguage":"ro-RO","potentialAction":[{"@type":"ReadAction","target":["https:\/\/amrtop.net\/produit\/afficheur-duepi-7-touches-cod-9590010\/"]}]},{"@type":"ImageObject","inLanguage":"ro-RO","@id":"https:\/\/amrtop.net\/produit\/afficheur-duepi-7-touches-cod-9590010\/#primaryimage","url":"https:\/\/amrtop.net\/wp-content\/uploads\/2021\/09\/w-SITO-PAG-61-B.jpg","contentUrl":"https:\/\/amrtop.net\/wp-content\/uploads\/2021\/09\/w-SITO-PAG-61-B.jpg","width":960,"height":960,"caption":"Afficheur Duepi 7 touches Cod.9590010 - Display Duepi pour po\u00eales et chaudi\u00e8res \u00e0 pellets - C\u00e2blage DUEPI pour sondes eau po\u00eale et chaudi\u00e8re \u00e0 pellets - C\u00e2blage DUEPI pour pompes eau po\u00eales et chaudi\u00e8res \u00e0 pellets - Kit connexion DUEPI pour po\u00eales et chaudi\u00e8res \u00e0 pellets - Pressostats DUEPI pour po\u00eales et chaudi\u00e8res \u00e0 pellets - Sondes temp\u00e9rature air et eau DUEPI - T\u00e9l\u00e9commandes avec Display DUEPI"},{"@type":"BreadcrumbList","@id":"https:\/\/amrtop.net\/produit\/afficheur-duepi-7-touches-cod-9590010\/#breadcrumb","itemListElement":[{"@type":"ListItem","position":1,"name":"Home","item":"https:\/\/amrtop.net\/"},{"@type":"ListItem","position":2,"name":"Shop","item":"https:\/\/amrtop.net\/negozio\/"},{"@type":"ListItem","position":3,"name":"Afficheur Duepi 7 touches Cod.9590010"}]},{"@type":"WebSite","@id":"https:\/\/amrtop.net\/#website","url":"https:\/\/amrtop.net\/","name":"AMRTOP B2B Abroad - Achizi\u021bii rezervate profesioni\u0219tilor","description":"Piese de schimb \u0219i accesorii pentru sobe \u0219i cazane - eCommerce B2B pentru clien\u021bi profesioni\u0219ti","potentialAction":[{"@type":"SearchAction","target":{"@type":"EntryPoint","urlTemplate":"https:\/\/amrtop.net\/?s={search_term_string}"},"query-input":{"@type":"PropertyValueSpecification","valueRequired":true,"valueName":"search_term_string"}}],"inLanguage":"ro-RO"}]}},"_links":{"self":[{"href":"https:\/\/amrtop.net\/ro\/wp-json\/wp\/v2\/product\/19100","targetHints":{"allow":["GET"]}}],"collection":[{"href":"https:\/\/amrtop.net\/ro\/wp-json\/wp\/v2\/product"}],"about":[{"href":"https:\/\/amrtop.net\/ro\/wp-json\/wp\/v2\/types\/product"}],"replies":[{"embeddable":true,"href":"https:\/\/amrtop.net\/ro\/wp-json\/wp\/v2\/comments?post=19100"}],"wp:featuredmedia":[{"embeddable":true,"href":"https:\/\/amrtop.net\/ro\/wp-json\/wp\/v2\/media\/19046"}],"wp:attachment":[{"href":"https:\/\/amrtop.net\/ro\/wp-json\/wp\/v2\/media?parent=19100"}],"wp:term":[{"taxonomy":"product_brand","embeddable":true,"href":"https:\/\/amrtop.net\/ro\/wp-json\/wp\/v2\/product_brand?post=19100"},{"taxonomy":"product_cat","embeddable":true,"href":"https:\/\/amrtop.net\/ro\/wp-json\/wp\/v2\/product_cat?post=19100"},{"taxonomy":"product_tag","embeddable":true,"href":"https:\/\/amrtop.net\/ro\/wp-json\/wp\/v2\/product_tag?post=19100"}],"curies":[{"name":"wp","href":"https:\/\/api.w.org\/{rel}","templated":true}]}}