{"id":19102,"date":"2020-01-10T00:00:00","date_gmt":"2020-01-10T00:00:00","guid":{"rendered":"https:\/\/amrtop.com\/B2B\/?post_type=product&#038;p=19102"},"modified":"2023-06-02T12:22:52","modified_gmt":"2023-06-02T12:22:52","slug":"debitmetre-dair-cod-pk063_a01","status":"publish","type":"product","link":"https:\/\/amrtop.net\/ro\/produit\/debitmetre-dair-cod-pk063_a01\/","title":{"rendered":"D\u00e9bitm\u00e8tre d\u2019air Cod.PK063_A01"},"content":{"rendered":"<hr \/>\n<h3>D\u00e9bitm\u00e8tre d\u2019air Cod.PK063_A01<\/h3>\n<p>Din 1981, Micronova a transferat inova\u021bia de la proiectare la produc\u021bie \u0219i a promovat integrarea automatiz\u0103rii \u0219i a controlului la distan\u021b\u0103. Misiunea noastr\u0103 este de a face obiectele de zi cu zi inteligente \u0219i interactive. Cre\u0103m pl\u0103ci electronice personalizate \u0219i solu\u021bii de proiectare cu un con\u021binut ridicat de integrare \u00eentre componentele electronice \u0219i mecanice, ajung\u00e2nd \u00een centrul proiectului clientului pentru a da via\u021b\u0103 unor solu\u021bii eficiente, eficace \u0219i performante.<br \/>\nAsisten\u021ba la distan\u021b\u0103, controlul de la distan\u021b\u0103 \u0219i monitorizarea constant\u0103 a performan\u021belor devin o realitate datorit\u0103 solu\u021biilor noastre dinamice \u0219i originale, concepute de la \u00eenceput pentru a \u021bine pasul cu evolu\u021bia produselor cu care interac\u021bioneaz\u0103.<br \/>\nTimp de 35 de ani, echipa condus\u0103 de inginerul electronist Renzo Benetti a continuat s\u0103 aduc\u0103 \u00eembun\u0103t\u0103\u021biri progresive solu\u021biilor tehnologice construite \u00een func\u021bie de cerin\u021bele clien\u021bilor.<\/p>\n<h3>Utilisation de la d\u00e9bitm\u00e8tre d\u2019air Cod.PK063_A01<\/h3>\n<p>Componentele electronice Micronova montate \u00een mod normal pe sobele \u0219i cazanele pe pele\u021bi sunt utilizate pentru a gestiona combustia, oferind posibilitatea de a regla c\u0103ldura generat\u0103 de aparat.<\/p>\n<p>\u00cen plus, aceste sisteme electronice controleaz\u0103 fluxul de aer al sobelor pe pele\u021bi de pe pia\u021b\u0103.<\/p>\n<p>Se g\u0103se\u0219te \u00een aparatele tipice - Soba pe pele\u021bi - Cazan pe pele\u021bi - Arz\u0103tor pe pele\u021bi - Gr\u0103tar\/barbeque pe pele\u021bi Cazan pe biomas\u0103 - Arz\u0103tor pe biomas\u0103 - \u0218i multe alte arz\u0103toare<\/p>\n<h3>Interior<\/h3>\n<p><a href=\"https:\/\/wekos.it\/\">Sobe, aragazuri \u0219i aragazuri pe lemne<\/a>\u00a0-\u00a0<a href=\"https:\/\/www.greenpuros.com\/\">\u0219eminee, sobe \u0219i cazane pe pele\u021bi.<\/a><\/p>\n<h3>Gama Amrtop de piese de schimb \u0219i accesorii<\/h3>\n<p><a href=\"https:\/\/amrtop.net\/ro\/categoria-de-produse\/piese-de-schimb-sobe-si-cazane-de-gatit-si-cazane-mixte-2\/bougies-dallumage-pour-poeles-et-chaudieres-a-pellets\/\">Bujii incandescente<\/a><\/p>\n<p><a href=\"https:\/\/amrtop.net\/ro\/categoria-de-produse\/piese-de-schimb-sobe-si-cazane-de-gatit-si-cazane-mixte-2\/electronique\/\">Electronic\u0103<\/a><\/p>\n<p><a href=\"https:\/\/amrtop.net\/ro\/categoria-de-produse\/piese-de-schimb-sobe-si-cazane-de-gatit-si-cazane-mixte-2\/extracteurs-de-fumee\/\">Extractoare de fum<\/a><\/p>\n<p><a href=\"https:\/\/amrtop.net\/ro\/categoria-de-produse\/piese-de-schimb-sobe-si-cazane-de-gatit-si-cazane-mixte-2\/gaines-cable-connecteurs\/\">Teci de cablu conector<\/a><\/p>\n<p><a href=\"https:\/\/amrtop.net\/ro\/categoria-de-produse\/piese-de-schimb-sobe-si-cazane-de-gatit-si-cazane-mixte-2\/joints-de-silicone\/\">Garnituri de silicon<\/a><\/p>\n<p><a href=\"https:\/\/amrtop.net\/ro\/categoria-de-produse\/piese-de-schimb-sobe-si-cazane-de-gatit-si-cazane-mixte-2\/motoreducteurs\/\">Motoare cu angrenaje<\/a><\/p>\n<p><a href=\"https:\/\/amrtop.net\/ro\/categoria-de-produse\/piese-de-schimb-sobe-si-cazane-de-gatit-si-cazane-mixte-2\/pressostats-et-transducteurs\/\">Presostate \u0219i traductoare de presiune<\/a><\/p>\n<p><a href=\"https:\/\/amrtop.net\/ro\/categoria-de-produse\/piese-de-schimb-sobe-si-cazane-de-gatit-si-cazane-mixte-2\/sondes-thermostats-manometres-thermometres\/\">Sonde termostate manometre termometre termometre<\/a><\/p>\n<p><a href=\"https:\/\/amrtop.net\/ro\/categoria-de-produse\/piese-de-schimb-sobe-si-cazane-de-gatit-si-cazane-mixte-2\/joints-detancheite\/\">Tricotaje de etan\u0219are<\/a><\/p>\n<p><a href=\"https:\/\/amrtop.net\/ro\/categoria-de-produse\/piese-de-schimb-sobe-si-cazane-de-gatit-si-cazane-mixte-2\/ventilateurs-centrifuges-pour-poeles-a-pellets\/\">Ventilatoare centrifuge<\/a><\/p>\n<p><a href=\"https:\/\/amrtop.net\/ro\/categoria-de-produse\/piese-de-schimb-sobe-si-cazane-de-gatit-si-cazane-mixte-2\/ventilateurs-tangentiels-flux-transversal\/\">Ventilatoare cu flux \u00eencruci\u0219at<\/a><\/p>\n<p><a href=\"https:\/\/amrtop.net\/ro\/categoria-de-produse\/piese-de-schimb-sobe-si-cazane-de-gatit-si-cazane-mixte-2\/adhesifs-et-produits-detancheite\/\">Adezivi \u0219i materiale de etan\u0219are<\/a><\/p>\n<p>&nbsp;<\/p>","protected":false},"excerpt":{"rendered":"<hr \/>\n<h2><span style=\"color: #008000\">Disponibil la<\/span><\/h2>\n<hr \/>\n<h3>D\u00e9bitm\u00e8tre \u00e0 air<\/h3>\n<p>cod.PK063_A01<\/p>","protected":false},"featured_media":19031,"comment_status":"open","ping_status":"closed","template":"","meta":[],"product_brand":[],"product_cat":[1322,1310,1320,839],"product_tag":[],"class_list":{"0":"post-19102","1":"product","2":"type-product","3":"status-publish","4":"has-post-thumbnail","6":"product_cat-accessoires-micronova-pour-poeles-a-pellets","7":"product_cat-electronique","8":"product_cat-electronique-micronova","9":"product_cat-pieces-de-rechange-divers-poeles-et-chaudieres","10":"product_shipping_class-classe-di-spedizione-01","12":"first","13":"instock","14":"shipping-taxable","15":"purchasable","16":"product-type-simple"},"yoast_head":"<!-- This site is optimized with the Yoast SEO plugin v27.5 - https:\/\/yoast.com\/product\/yoast-seo-wordpress\/ -->\n<title>D\u00e9bitm\u00e8tre d\u2019air Cod.PK063_A01<\/title>\n<meta name=\"description\" content=\"D\u00e9bitm\u00e8tre d\u2019air Cod.PK063_A01 - Electronique Micronova pour po\u00eales et chaudi\u00e8res \u00e0 pellets - C\u00e2blage Micronova pour sondes eau po\u00eale et chaudi\u00e8re \u00e0 pellets - C\u00e2blage Micronova pour pompes eau po\u00eales et chaudi\u00e8res \u00e0 pellets - Kit de connexion Micronova pour po\u00eales et chaudi\u00e8res \u00e0 pellets - Pressostat Micronova pour po\u00eales et chaudi\u00e8res \u00e0 pellets - Sonde de temp\u00e9rature air et eau Micronova - T\u00e9l\u00e9commande avec Display Micronova -\" \/>\n<meta name=\"robots\" content=\"index, follow, max-snippet:-1, max-image-preview:large, max-video-preview:-1\" \/>\n<link rel=\"canonical\" href=\"https:\/\/amrtop.net\/ro\/produs\/debitmetre-dair-cod-pk063_a01\/\" \/>\n<meta property=\"og:locale\" content=\"ro_RO\" \/>\n<meta property=\"og:type\" content=\"article\" \/>\n<meta property=\"og:title\" content=\"D\u00e9bitm\u00e8tre d\u2019air Cod.PK063_A01\" \/>\n<meta property=\"og:description\" content=\"D\u00e9bitm\u00e8tre d\u2019air Cod.PK063_A01 - Electronique Micronova pour po\u00eales et chaudi\u00e8res \u00e0 pellets - C\u00e2blage Micronova pour sondes eau po\u00eale et chaudi\u00e8re \u00e0 pellets - C\u00e2blage Micronova pour pompes eau po\u00eales et chaudi\u00e8res \u00e0 pellets - Kit de connexion Micronova pour po\u00eales et chaudi\u00e8res \u00e0 pellets - Pressostat Micronova pour po\u00eales et chaudi\u00e8res \u00e0 pellets - Sonde de temp\u00e9rature air et eau Micronova - T\u00e9l\u00e9commande avec Display Micronova -\" \/>\n<meta property=\"og:url\" content=\"https:\/\/amrtop.net\/ro\/produs\/debitmetre-dair-cod-pk063_a01\/\" \/>\n<meta property=\"og:site_name\" content=\"AMRTOP B2B \u00c9tranger - Achats r\u00e9serv\u00e9s au professionnel\" \/>\n<meta property=\"article:modified_time\" content=\"2023-06-02T12:22:52+00:00\" \/>\n<meta property=\"og:image\" content=\"https:\/\/amrtop.net\/wp-content\/uploads\/2021\/09\/w-SITO-DEBIMETRI.jpg\" \/>\n\t<meta property=\"og:image:width\" content=\"640\" \/>\n\t<meta property=\"og:image:height\" content=\"640\" \/>\n\t<meta property=\"og:image:type\" content=\"image\/jpeg\" \/>\n<meta name=\"twitter:card\" content=\"summary_large_image\" \/>\n<meta name=\"twitter:label1\" content=\"Timp estimat pentru citire\" \/>\n\t<meta name=\"twitter:data1\" content=\"2 minute\" \/>\n<script type=\"application\/ld+json\" class=\"yoast-schema-graph\">{\"@context\":\"https:\\\/\\\/schema.org\",\"@graph\":[{\"@type\":\"WebPage\",\"@id\":\"https:\\\/\\\/amrtop.net\\\/produit\\\/debitmetre-dair-cod-pk063_a01\\\/\",\"url\":\"https:\\\/\\\/amrtop.net\\\/produit\\\/debitmetre-dair-cod-pk063_a01\\\/\",\"name\":\"D\u00e9bitm\u00e8tre d\u2019air Cod.PK063_A01\",\"isPartOf\":{\"@id\":\"https:\\\/\\\/amrtop.net\\\/#website\"},\"primaryImageOfPage\":{\"@id\":\"https:\\\/\\\/amrtop.net\\\/produit\\\/debitmetre-dair-cod-pk063_a01\\\/#primaryimage\"},\"image\":{\"@id\":\"https:\\\/\\\/amrtop.net\\\/produit\\\/debitmetre-dair-cod-pk063_a01\\\/#primaryimage\"},\"thumbnailUrl\":\"https:\\\/\\\/amrtop.net\\\/wp-content\\\/uploads\\\/2021\\\/09\\\/w-SITO-DEBIMETRI.jpg\",\"datePublished\":\"2020-01-10T00:00:00+00:00\",\"dateModified\":\"2023-06-02T12:22:52+00:00\",\"description\":\"D\u00e9bitm\u00e8tre d\u2019air Cod.PK063_A01 - Electronique Micronova pour po\u00eales et chaudi\u00e8res \u00e0 pellets - C\u00e2blage Micronova pour sondes eau po\u00eale et chaudi\u00e8re \u00e0 pellets - C\u00e2blage Micronova pour pompes eau po\u00eales et chaudi\u00e8res \u00e0 pellets - Kit de connexion Micronova pour po\u00eales et chaudi\u00e8res \u00e0 pellets - Pressostat Micronova pour po\u00eales et chaudi\u00e8res \u00e0 pellets - Sonde de temp\u00e9rature air et eau Micronova - T\u00e9l\u00e9commande avec Display Micronova -\",\"breadcrumb\":{\"@id\":\"https:\\\/\\\/amrtop.net\\\/produit\\\/debitmetre-dair-cod-pk063_a01\\\/#breadcrumb\"},\"inLanguage\":\"ro-RO\",\"potentialAction\":[{\"@type\":\"ReadAction\",\"target\":[\"https:\\\/\\\/amrtop.net\\\/produit\\\/debitmetre-dair-cod-pk063_a01\\\/\"]}]},{\"@type\":\"ImageObject\",\"inLanguage\":\"ro-RO\",\"@id\":\"https:\\\/\\\/amrtop.net\\\/produit\\\/debitmetre-dair-cod-pk063_a01\\\/#primaryimage\",\"url\":\"https:\\\/\\\/amrtop.net\\\/wp-content\\\/uploads\\\/2021\\\/09\\\/w-SITO-DEBIMETRI.jpg\",\"contentUrl\":\"https:\\\/\\\/amrtop.net\\\/wp-content\\\/uploads\\\/2021\\\/09\\\/w-SITO-DEBIMETRI.jpg\",\"width\":640,\"height\":640,\"caption\":\"D\u00e9bitm\u00e8tre d\u2019air Cod.PK063_A01 - Electronique Micronova pour po\u00eales et chaudi\u00e8res \u00e0 pellets - C\u00e2blage Micronova pour sondes eau po\u00eale et chaudi\u00e8re \u00e0 pellets - C\u00e2blage Micronova pour pompes eau po\u00eales et chaudi\u00e8res \u00e0 pellets - Kit de connexion Micronova pour po\u00eales et chaudi\u00e8res \u00e0 pellets - Pressostat Micronova pour po\u00eales et chaudi\u00e8res \u00e0 pellets - Sonde de temp\u00e9rature air et eau Micronova - T\u00e9l\u00e9commande avec Display Micronova -\"},{\"@type\":\"BreadcrumbList\",\"@id\":\"https:\\\/\\\/amrtop.net\\\/produit\\\/debitmetre-dair-cod-pk063_a01\\\/#breadcrumb\",\"itemListElement\":[{\"@type\":\"ListItem\",\"position\":1,\"name\":\"Home\",\"item\":\"https:\\\/\\\/amrtop.net\\\/\"},{\"@type\":\"ListItem\",\"position\":2,\"name\":\"Shop\",\"item\":\"https:\\\/\\\/amrtop.net\\\/negozio\\\/\"},{\"@type\":\"ListItem\",\"position\":3,\"name\":\"D\u00e9bitm\u00e8tre d\u2019air Cod.PK063_A01\"}]},{\"@type\":\"WebSite\",\"@id\":\"https:\\\/\\\/amrtop.net\\\/#website\",\"url\":\"https:\\\/\\\/amrtop.net\\\/\",\"name\":\"AMRTOP B2B \u00c9tranger - Achats r\u00e9serv\u00e9s au professionnel\",\"description\":\"Pi\u00e8ces de rechange et accessoires pour po\u00eales et chaudi\u00e8res - eCommerce B2B pour Clients Professionnels\",\"potentialAction\":[{\"@type\":\"SearchAction\",\"target\":{\"@type\":\"EntryPoint\",\"urlTemplate\":\"https:\\\/\\\/amrtop.net\\\/?s={search_term_string}\"},\"query-input\":{\"@type\":\"PropertyValueSpecification\",\"valueRequired\":true,\"valueName\":\"search_term_string\"}}],\"inLanguage\":\"ro-RO\"}]}<\/script>\n<!-- \/ Yoast SEO plugin. -->","yoast_head_json":{"title":"D\u00e9bitm\u00e8tre d\u2019air Cod.PK063_A01","description":"D\u00e9bitm\u00e8tre d\u2019air Cod.PK063_A01 - Electronique Micronova pour po\u00eales et chaudi\u00e8res \u00e0 pellets - C\u00e2blage Micronova pour sondes eau po\u00eale et chaudi\u00e8re \u00e0 pellets - C\u00e2blage Micronova pour pompes eau po\u00eales et chaudi\u00e8res \u00e0 pellets - Kit de connexion Micronova pour po\u00eales et chaudi\u00e8res \u00e0 pellets - Pressostat Micronova pour po\u00eales et chaudi\u00e8res \u00e0 pellets - Sonde de temp\u00e9rature air et eau Micronova - T\u00e9l\u00e9commande avec Display Micronova -","robots":{"index":"index","follow":"follow","max-snippet":"max-snippet:-1","max-image-preview":"max-image-preview:large","max-video-preview":"max-video-preview:-1"},"canonical":"https:\/\/amrtop.net\/ro\/produs\/debitmetre-dair-cod-pk063_a01\/","og_locale":"ro_RO","og_type":"article","og_title":"D\u00e9bitm\u00e8tre d\u2019air Cod.PK063_A01","og_description":"D\u00e9bitm\u00e8tre d\u2019air Cod.PK063_A01 - Electronique Micronova pour po\u00eales et chaudi\u00e8res \u00e0 pellets - C\u00e2blage Micronova pour sondes eau po\u00eale et chaudi\u00e8re \u00e0 pellets - C\u00e2blage Micronova pour pompes eau po\u00eales et chaudi\u00e8res \u00e0 pellets - Kit de connexion Micronova pour po\u00eales et chaudi\u00e8res \u00e0 pellets - Pressostat Micronova pour po\u00eales et chaudi\u00e8res \u00e0 pellets - Sonde de temp\u00e9rature air et eau Micronova - T\u00e9l\u00e9commande avec Display Micronova -","og_url":"https:\/\/amrtop.net\/ro\/produs\/debitmetre-dair-cod-pk063_a01\/","og_site_name":"AMRTOP B2B \u00c9tranger - Achats r\u00e9serv\u00e9s au professionnel","article_modified_time":"2023-06-02T12:22:52+00:00","og_image":[{"width":640,"height":640,"url":"https:\/\/amrtop.net\/wp-content\/uploads\/2021\/09\/w-SITO-DEBIMETRI.jpg","type":"image\/jpeg"}],"twitter_card":"summary_large_image","twitter_misc":{"Timp estimat pentru citire":"2 minute"},"schema":{"@context":"https:\/\/schema.org","@graph":[{"@type":"WebPage","@id":"https:\/\/amrtop.net\/produit\/debitmetre-dair-cod-pk063_a01\/","url":"https:\/\/amrtop.net\/produit\/debitmetre-dair-cod-pk063_a01\/","name":"D\u00e9bitm\u00e8tre d\u2019air Cod.PK063_A01","isPartOf":{"@id":"https:\/\/amrtop.net\/#website"},"primaryImageOfPage":{"@id":"https:\/\/amrtop.net\/produit\/debitmetre-dair-cod-pk063_a01\/#primaryimage"},"image":{"@id":"https:\/\/amrtop.net\/produit\/debitmetre-dair-cod-pk063_a01\/#primaryimage"},"thumbnailUrl":"https:\/\/amrtop.net\/wp-content\/uploads\/2021\/09\/w-SITO-DEBIMETRI.jpg","datePublished":"2020-01-10T00:00:00+00:00","dateModified":"2023-06-02T12:22:52+00:00","description":"D\u00e9bitm\u00e8tre d\u2019air Cod.PK063_A01 - Electronique Micronova pour po\u00eales et chaudi\u00e8res \u00e0 pellets - C\u00e2blage Micronova pour sondes eau po\u00eale et chaudi\u00e8re \u00e0 pellets - C\u00e2blage Micronova pour pompes eau po\u00eales et chaudi\u00e8res \u00e0 pellets - Kit de connexion Micronova pour po\u00eales et chaudi\u00e8res \u00e0 pellets - Pressostat Micronova pour po\u00eales et chaudi\u00e8res \u00e0 pellets - Sonde de temp\u00e9rature air et eau Micronova - T\u00e9l\u00e9commande avec Display Micronova -","breadcrumb":{"@id":"https:\/\/amrtop.net\/produit\/debitmetre-dair-cod-pk063_a01\/#breadcrumb"},"inLanguage":"ro-RO","potentialAction":[{"@type":"ReadAction","target":["https:\/\/amrtop.net\/produit\/debitmetre-dair-cod-pk063_a01\/"]}]},{"@type":"ImageObject","inLanguage":"ro-RO","@id":"https:\/\/amrtop.net\/produit\/debitmetre-dair-cod-pk063_a01\/#primaryimage","url":"https:\/\/amrtop.net\/wp-content\/uploads\/2021\/09\/w-SITO-DEBIMETRI.jpg","contentUrl":"https:\/\/amrtop.net\/wp-content\/uploads\/2021\/09\/w-SITO-DEBIMETRI.jpg","width":640,"height":640,"caption":"D\u00e9bitm\u00e8tre d\u2019air Cod.PK063_A01 - Electronique Micronova pour po\u00eales et chaudi\u00e8res \u00e0 pellets - C\u00e2blage Micronova pour sondes eau po\u00eale et chaudi\u00e8re \u00e0 pellets - C\u00e2blage Micronova pour pompes eau po\u00eales et chaudi\u00e8res \u00e0 pellets - Kit de connexion Micronova pour po\u00eales et chaudi\u00e8res \u00e0 pellets - Pressostat Micronova pour po\u00eales et chaudi\u00e8res \u00e0 pellets - Sonde de temp\u00e9rature air et eau Micronova - T\u00e9l\u00e9commande avec Display Micronova -"},{"@type":"BreadcrumbList","@id":"https:\/\/amrtop.net\/produit\/debitmetre-dair-cod-pk063_a01\/#breadcrumb","itemListElement":[{"@type":"ListItem","position":1,"name":"Home","item":"https:\/\/amrtop.net\/"},{"@type":"ListItem","position":2,"name":"Shop","item":"https:\/\/amrtop.net\/negozio\/"},{"@type":"ListItem","position":3,"name":"D\u00e9bitm\u00e8tre d\u2019air Cod.PK063_A01"}]},{"@type":"WebSite","@id":"https:\/\/amrtop.net\/#website","url":"https:\/\/amrtop.net\/","name":"AMRTOP B2B Abroad - Achizi\u021bii rezervate profesioni\u0219tilor","description":"Piese de schimb \u0219i accesorii pentru sobe \u0219i cazane - eCommerce B2B pentru clien\u021bi profesioni\u0219ti","potentialAction":[{"@type":"SearchAction","target":{"@type":"EntryPoint","urlTemplate":"https:\/\/amrtop.net\/?s={search_term_string}"},"query-input":{"@type":"PropertyValueSpecification","valueRequired":true,"valueName":"search_term_string"}}],"inLanguage":"ro-RO"}]}},"_links":{"self":[{"href":"https:\/\/amrtop.net\/ro\/wp-json\/wp\/v2\/product\/19102","targetHints":{"allow":["GET"]}}],"collection":[{"href":"https:\/\/amrtop.net\/ro\/wp-json\/wp\/v2\/product"}],"about":[{"href":"https:\/\/amrtop.net\/ro\/wp-json\/wp\/v2\/types\/product"}],"replies":[{"embeddable":true,"href":"https:\/\/amrtop.net\/ro\/wp-json\/wp\/v2\/comments?post=19102"}],"wp:featuredmedia":[{"embeddable":true,"href":"https:\/\/amrtop.net\/ro\/wp-json\/wp\/v2\/media\/19031"}],"wp:attachment":[{"href":"https:\/\/amrtop.net\/ro\/wp-json\/wp\/v2\/media?parent=19102"}],"wp:term":[{"taxonomy":"product_brand","embeddable":true,"href":"https:\/\/amrtop.net\/ro\/wp-json\/wp\/v2\/product_brand?post=19102"},{"taxonomy":"product_cat","embeddable":true,"href":"https:\/\/amrtop.net\/ro\/wp-json\/wp\/v2\/product_cat?post=19102"},{"taxonomy":"product_tag","embeddable":true,"href":"https:\/\/amrtop.net\/ro\/wp-json\/wp\/v2\/product_tag?post=19102"}],"curies":[{"name":"wp","href":"https:\/\/api.w.org\/{rel}","templated":true}]}}