{"id":19145,"date":"2020-01-10T00:00:00","date_gmt":"2020-01-10T00:00:00","guid":{"rendered":"https:\/\/amrtop.com\/B2B\/?post_type=product&#038;p=19145"},"modified":"2023-06-07T09:02:22","modified_gmt":"2023-06-07T09:02:22","slug":"sonde-denvironnement-ntc-10k-cable-2000-mm","status":"publish","type":"product","link":"https:\/\/amrtop.net\/ro\/produit\/sonde-denvironnement-ntc-10k-cable-2000-mm\/","title":{"rendered":"Sonde de temp\u00e9rature ambiante NTC 10K avec c\u00e2ble de 2000 mm code SNDA004"},"content":{"rendered":"<hr \/>\n<h3>Sonde d\u2019environnement NTC 10K c\u00e2ble 2000 mm<\/h3>\n<p>Amrtop comercializeaz\u0103 acest produs c\u0103tre companii certificate ISO9001 care proiecteaz\u0103 \u0219i construiesc toate tipurile de senzori de temperatur\u0103 pentru controlul industrial \u0219i profesional al temperaturii.<\/p>\n<p>Obiectivul Amrtop este de a garanta fiabilitatea, oferind \u00een acela\u0219i timp produse tehnologice de ultim\u0103 genera\u021bie.<\/p>\n<p>Scopul nostru este de a oferi un standard ridicat de calitate \u0219i solu\u021bii eficiente pentru m\u0103surarea \u0219i controlul temperaturii la pre\u021buri rezonabile.<\/p>\n<p>Senzori de temperatur\u0103 pentru \u0219eminee electrice \u0219i sobe pe pele\u021bi prelucrate de Amrtop:<\/p>\n<ul>\n<li>Sonde de extrac\u021bie a fumului.<\/li>\n<li>Sonde de temperatur\u0103 \u00eenalt\u0103.<\/li>\n<li>Sonde de temperatur\u0103 \u00eenalt\u0103 cu tub conic pentru cuptoare<\/li>\n<li>Sonde cu cablu din silicon \u0219i arc anti-plecat din o\u021bel inoxidabil. Sond\u0103 de picurare pentru sisteme de aer.<\/li>\n<li>Sonde impermeabile cu<br \/>\nizola\u021bie dubl\u0103<\/li>\n<\/ul>\n<h3>Utilisation de sonde d\u2019environnement NTC 10K c\u00e2ble 2000 mm<\/h3>\n<p>Senzorii de gaze de ardere, de mediu \u0219i de ap\u0103 sunt instala\u021bi \u00een aparatele care ard combustibil solid (pele\u021bi, alune, Sansa, lemn \u0219i a\u0219chii).<\/p>\n<p>Sarcina lor este de a detecta \u0219i controla temperaturile generate de corpurile de combustie care produc aer \u0219i ap\u0103 cald\u0103, comunic\u00e2nd datele c\u0103tre diferitele carduri electronice.<\/p>\n<p>Cablurile pentru toate sondele oferite de Amrtop sunt disponibile \u00een diferite lungimi, cu \u0219i f\u0103r\u0103 conectori.<\/p>\n<p>Se g\u0103se\u0219te \u00een aparatele tipice - Soba pe pele\u021bi - Cazan pe pele\u021bi - Arz\u0103tor pe pele\u021bi - Gr\u0103tar\/barbeque pe pele\u021bi Cazan pe biomas\u0103 - Arz\u0103tor pe biomas\u0103 - \u0218i multe alte arz\u0103toare<\/p>\n<h3>Interior<\/h3>\n<p><a href=\"https:\/\/wekos.it\/\">Sobe, aragazuri \u0219i aragazuri pe lemne<\/a>\u00a0-\u00a0<a href=\"https:\/\/www.greenpuros.com\/\">\u0219eminee, sobe \u0219i cazane pe pele\u021bi.<\/a><\/p>\n<h3>Gama Amrtop de piese de schimb \u0219i accesorii<\/h3>\n<p><a href=\"https:\/\/amrtop.net\/ro\/categoria-de-produse\/piese-de-schimb-sobe-si-cazane-de-gatit-si-cazane-mixte-2\/bougies-dallumage-pour-poeles-et-chaudieres-a-pellets\/\">Bujii incandescente<\/a><\/p>\n<p><a href=\"https:\/\/amrtop.net\/ro\/categoria-de-produse\/piese-de-schimb-sobe-si-cazane-de-gatit-si-cazane-mixte-2\/electronique\/\">Electronic\u0103<\/a><\/p>\n<p><a href=\"https:\/\/amrtop.net\/ro\/categoria-de-produse\/piese-de-schimb-sobe-si-cazane-de-gatit-si-cazane-mixte-2\/extracteurs-de-fumee\/\">Extractoare de fum<\/a><\/p>\n<p><a href=\"https:\/\/amrtop.net\/ro\/categoria-de-produse\/piese-de-schimb-sobe-si-cazane-de-gatit-si-cazane-mixte-2\/gaines-cable-connecteurs\/\">Teci de cablu conector<\/a><\/p>\n<p><a href=\"https:\/\/amrtop.net\/ro\/categoria-de-produse\/piese-de-schimb-sobe-si-cazane-de-gatit-si-cazane-mixte-2\/joints-de-silicone\/\">Garnituri de silicon<\/a><\/p>\n<p><a href=\"https:\/\/amrtop.net\/ro\/categoria-de-produse\/piese-de-schimb-sobe-si-cazane-de-gatit-si-cazane-mixte-2\/motoreducteurs\/\">Motoare cu angrenaje<\/a><\/p>\n<p><a href=\"https:\/\/amrtop.net\/ro\/categoria-de-produse\/piese-de-schimb-sobe-si-cazane-de-gatit-si-cazane-mixte-2\/pressostats-et-transducteurs\/\">Presostate \u0219i traductoare de presiune<\/a><\/p>\n<p><a href=\"https:\/\/amrtop.net\/ro\/categoria-de-produse\/piese-de-schimb-sobe-si-cazane-de-gatit-si-cazane-mixte-2\/sondes-thermostats-manometres-thermometres\/\">Sonde termostate manometre termometre termometre<\/a><\/p>\n<p><a href=\"https:\/\/amrtop.net\/ro\/categoria-de-produse\/piese-de-schimb-sobe-si-cazane-de-gatit-si-cazane-mixte-2\/joints-detancheite\/\">Tricotaje de etan\u0219are<\/a><\/p>\n<p><a href=\"https:\/\/amrtop.net\/ro\/categoria-de-produse\/piese-de-schimb-sobe-si-cazane-de-gatit-si-cazane-mixte-2\/ventilateurs-centrifuges-pour-poeles-a-pellets\/\">Ventilatoare centrifuge<\/a><\/p>\n<p><a href=\"https:\/\/amrtop.net\/ro\/categoria-de-produse\/piese-de-schimb-sobe-si-cazane-de-gatit-si-cazane-mixte-2\/ventilateurs-tangentiels-flux-transversal\/\">Ventilatoare cu flux \u00eencruci\u0219at<\/a><\/p>\n<p><a href=\"https:\/\/amrtop.net\/ro\/categoria-de-produse\/piese-de-schimb-sobe-si-cazane-de-gatit-si-cazane-mixte-2\/adhesifs-et-produits-detancheite\/\">Adezivi \u0219i materiale de etan\u0219are<\/a><\/p>\n<p>&nbsp;<\/p>\n<p>&nbsp;<\/p>\n<p>&nbsp;<\/p>\n<p>&nbsp;<\/p>","protected":false},"excerpt":{"rendered":"<hr \/>\n<h2><span style=\"color: #008000\">Disponibil la<\/span><\/h2>\n<hr \/>\n<p>Code.SNDA004<\/p>\n<p>Material capac: TPE<\/p>\n<p>Lungimea capsulei: 30 mm<\/p>\n<p>Diametrul capsulei: 6 mm<\/p>\n<p>Material capsul\u0103: TPE<\/p>\n<p>Lungime cablu: 2000 mm<\/p>","protected":false},"featured_media":19119,"comment_status":"open","ping_status":"closed","template":"","meta":[],"product_brand":[],"product_cat":[1341,1339],"product_tag":[],"class_list":{"0":"post-19145","1":"product","2":"type-product","3":"status-publish","4":"has-post-thumbnail","6":"product_cat-sondes-denvironnement-pour-poeles-et-chaudieres-a-pellets","7":"product_cat-sondes-thermostats-manometres-thermometres-pour-poeles-et-chaudieres","8":"product_shipping_class-classe-di-spedizione-01","10":"first","11":"instock","12":"shipping-taxable","13":"purchasable","14":"product-type-simple"},"yoast_head":"<!-- This site is optimized with the Yoast SEO plugin v27.4 - https:\/\/yoast.com\/product\/yoast-seo-wordpress\/ -->\n<title>Sonde d\u2019environnement NTC 10K c\u00e2ble 2000 mm<\/title>\n<meta name=\"description\" content=\"Sonde d\u2019environnement NTC 10K c\u00e2ble 2000 mm - D\u00e9tecteur de chaleur ambiante pour po\u00eales et chaudi\u00e8res \u00e0 pellets - Sonde de temp\u00e9rature ambiante pour po\u00eales et chaudi\u00e8res \u00e0 pellets - Capteur de chaleur avec capsule en plastique pour po\u00eale et chaudi\u00e8re \u00e0 pellets - Capteur de chaleur avec capsule en plastique pour po\u00eale et chaudi\u00e8re \u00e0 pellets -\" \/>\n<meta name=\"robots\" content=\"index, follow, max-snippet:-1, max-image-preview:large, max-video-preview:-1\" \/>\n<link rel=\"canonical\" href=\"https:\/\/amrtop.net\/ro\/produs\/sonde-denvironnement-ntc-10k-cable-2000-mm\/\" \/>\n<meta property=\"og:locale\" content=\"ro_RO\" \/>\n<meta property=\"og:type\" content=\"article\" \/>\n<meta property=\"og:title\" content=\"Sonde d\u2019environnement NTC 10K c\u00e2ble 2000 mm\" \/>\n<meta property=\"og:description\" content=\"Sonde d\u2019environnement NTC 10K c\u00e2ble 2000 mm - D\u00e9tecteur de chaleur ambiante pour po\u00eales et chaudi\u00e8res \u00e0 pellets - Sonde de temp\u00e9rature ambiante pour po\u00eales et chaudi\u00e8res \u00e0 pellets - Capteur de chaleur avec capsule en plastique pour po\u00eale et chaudi\u00e8re \u00e0 pellets - Capteur de chaleur avec capsule en plastique pour po\u00eale et chaudi\u00e8re \u00e0 pellets -\" \/>\n<meta property=\"og:url\" content=\"https:\/\/amrtop.net\/ro\/produs\/sonde-denvironnement-ntc-10k-cable-2000-mm\/\" \/>\n<meta property=\"og:site_name\" content=\"AMRTOP B2B \u00c9tranger - Achats r\u00e9serv\u00e9s au professionnel\" \/>\n<meta property=\"article:modified_time\" content=\"2023-06-07T09:02:22+00:00\" \/>\n<meta property=\"og:image\" content=\"https:\/\/amrtop.net\/wp-content\/uploads\/2021\/09\/w-SITO-SONDE-AMB-01-B.jpg\" \/>\n\t<meta property=\"og:image:width\" content=\"960\" \/>\n\t<meta property=\"og:image:height\" content=\"960\" \/>\n\t<meta property=\"og:image:type\" content=\"image\/jpeg\" \/>\n<meta name=\"twitter:card\" content=\"summary_large_image\" \/>\n<meta name=\"twitter:label1\" content=\"Timp estimat pentru citire\" \/>\n\t<meta name=\"twitter:data1\" content=\"2 minute\" \/>\n<script type=\"application\/ld+json\" class=\"yoast-schema-graph\">{\"@context\":\"https:\\\/\\\/schema.org\",\"@graph\":[{\"@type\":\"WebPage\",\"@id\":\"https:\\\/\\\/amrtop.net\\\/produit\\\/sonde-denvironnement-ntc-10k-cable-2000-mm\\\/\",\"url\":\"https:\\\/\\\/amrtop.net\\\/produit\\\/sonde-denvironnement-ntc-10k-cable-2000-mm\\\/\",\"name\":\"Sonde d\u2019environnement NTC 10K c\u00e2ble 2000 mm\",\"isPartOf\":{\"@id\":\"https:\\\/\\\/amrtop.net\\\/#website\"},\"primaryImageOfPage\":{\"@id\":\"https:\\\/\\\/amrtop.net\\\/produit\\\/sonde-denvironnement-ntc-10k-cable-2000-mm\\\/#primaryimage\"},\"image\":{\"@id\":\"https:\\\/\\\/amrtop.net\\\/produit\\\/sonde-denvironnement-ntc-10k-cable-2000-mm\\\/#primaryimage\"},\"thumbnailUrl\":\"https:\\\/\\\/amrtop.net\\\/wp-content\\\/uploads\\\/2021\\\/09\\\/w-SITO-SONDE-AMB-01-B.jpg\",\"datePublished\":\"2020-01-10T00:00:00+00:00\",\"dateModified\":\"2023-06-07T09:02:22+00:00\",\"description\":\"Sonde d\u2019environnement NTC 10K c\u00e2ble 2000 mm - D\u00e9tecteur de chaleur ambiante pour po\u00eales et chaudi\u00e8res \u00e0 pellets - Sonde de temp\u00e9rature ambiante pour po\u00eales et chaudi\u00e8res \u00e0 pellets - Capteur de chaleur avec capsule en plastique pour po\u00eale et chaudi\u00e8re \u00e0 pellets - Capteur de chaleur avec capsule en plastique pour po\u00eale et chaudi\u00e8re \u00e0 pellets -\",\"breadcrumb\":{\"@id\":\"https:\\\/\\\/amrtop.net\\\/produit\\\/sonde-denvironnement-ntc-10k-cable-2000-mm\\\/#breadcrumb\"},\"inLanguage\":\"ro-RO\",\"potentialAction\":[{\"@type\":\"ReadAction\",\"target\":[\"https:\\\/\\\/amrtop.net\\\/produit\\\/sonde-denvironnement-ntc-10k-cable-2000-mm\\\/\"]}]},{\"@type\":\"ImageObject\",\"inLanguage\":\"ro-RO\",\"@id\":\"https:\\\/\\\/amrtop.net\\\/produit\\\/sonde-denvironnement-ntc-10k-cable-2000-mm\\\/#primaryimage\",\"url\":\"https:\\\/\\\/amrtop.net\\\/wp-content\\\/uploads\\\/2021\\\/09\\\/w-SITO-SONDE-AMB-01-B.jpg\",\"contentUrl\":\"https:\\\/\\\/amrtop.net\\\/wp-content\\\/uploads\\\/2021\\\/09\\\/w-SITO-SONDE-AMB-01-B.jpg\",\"width\":960,\"height\":960,\"caption\":\"Sonde d\u2019environnement NTC 10K c\u00e2ble 2000 mm - D\u00e9tecteur de chaleur ambiante pour po\u00eales et chaudi\u00e8res \u00e0 pellets - Sonde de temp\u00e9rature ambiante pour po\u00eales et chaudi\u00e8res \u00e0 pellets - Capteur de chaleur avec capsule en plastique pour po\u00eale et chaudi\u00e8re \u00e0 pellets - Capteur de chaleur avec capsule en plastique pour po\u00eale et chaudi\u00e8re \u00e0 pellets -\"},{\"@type\":\"BreadcrumbList\",\"@id\":\"https:\\\/\\\/amrtop.net\\\/produit\\\/sonde-denvironnement-ntc-10k-cable-2000-mm\\\/#breadcrumb\",\"itemListElement\":[{\"@type\":\"ListItem\",\"position\":1,\"name\":\"Home\",\"item\":\"https:\\\/\\\/amrtop.net\\\/\"},{\"@type\":\"ListItem\",\"position\":2,\"name\":\"Shop\",\"item\":\"https:\\\/\\\/amrtop.net\\\/negozio\\\/\"},{\"@type\":\"ListItem\",\"position\":3,\"name\":\"Sonde de temp\u00e9rature ambiante NTC 10K avec c\u00e2ble de 2000 mm code SNDA004\"}]},{\"@type\":\"WebSite\",\"@id\":\"https:\\\/\\\/amrtop.net\\\/#website\",\"url\":\"https:\\\/\\\/amrtop.net\\\/\",\"name\":\"AMRTOP B2B \u00c9tranger - Achats r\u00e9serv\u00e9s au professionnel\",\"description\":\"Pi\u00e8ces de rechange et accessoires pour po\u00eales et chaudi\u00e8res - eCommerce B2B pour Clients Professionnels\",\"potentialAction\":[{\"@type\":\"SearchAction\",\"target\":{\"@type\":\"EntryPoint\",\"urlTemplate\":\"https:\\\/\\\/amrtop.net\\\/?s={search_term_string}\"},\"query-input\":{\"@type\":\"PropertyValueSpecification\",\"valueRequired\":true,\"valueName\":\"search_term_string\"}}],\"inLanguage\":\"ro-RO\"}]}<\/script>\n<!-- \/ Yoast SEO plugin. -->","yoast_head_json":{"title":"Sonde d\u2019environnement NTC 10K c\u00e2ble 2000 mm","description":"Sonde d\u2019environnement NTC 10K c\u00e2ble 2000 mm - D\u00e9tecteur de chaleur ambiante pour po\u00eales et chaudi\u00e8res \u00e0 pellets - Sonde de temp\u00e9rature ambiante pour po\u00eales et chaudi\u00e8res \u00e0 pellets - Capteur de chaleur avec capsule en plastique pour po\u00eale et chaudi\u00e8re \u00e0 pellets - Capteur de chaleur avec capsule en plastique pour po\u00eale et chaudi\u00e8re \u00e0 pellets -","robots":{"index":"index","follow":"follow","max-snippet":"max-snippet:-1","max-image-preview":"max-image-preview:large","max-video-preview":"max-video-preview:-1"},"canonical":"https:\/\/amrtop.net\/ro\/produs\/sonde-denvironnement-ntc-10k-cable-2000-mm\/","og_locale":"ro_RO","og_type":"article","og_title":"Sonde d\u2019environnement NTC 10K c\u00e2ble 2000 mm","og_description":"Sonde d\u2019environnement NTC 10K c\u00e2ble 2000 mm - D\u00e9tecteur de chaleur ambiante pour po\u00eales et chaudi\u00e8res \u00e0 pellets - Sonde de temp\u00e9rature ambiante pour po\u00eales et chaudi\u00e8res \u00e0 pellets - Capteur de chaleur avec capsule en plastique pour po\u00eale et chaudi\u00e8re \u00e0 pellets - Capteur de chaleur avec capsule en plastique pour po\u00eale et chaudi\u00e8re \u00e0 pellets -","og_url":"https:\/\/amrtop.net\/ro\/produs\/sonde-denvironnement-ntc-10k-cable-2000-mm\/","og_site_name":"AMRTOP B2B \u00c9tranger - Achats r\u00e9serv\u00e9s au professionnel","article_modified_time":"2023-06-07T09:02:22+00:00","og_image":[{"width":960,"height":960,"url":"https:\/\/amrtop.net\/wp-content\/uploads\/2021\/09\/w-SITO-SONDE-AMB-01-B.jpg","type":"image\/jpeg"}],"twitter_card":"summary_large_image","twitter_misc":{"Timp estimat pentru citire":"2 minute"},"schema":{"@context":"https:\/\/schema.org","@graph":[{"@type":"WebPage","@id":"https:\/\/amrtop.net\/produit\/sonde-denvironnement-ntc-10k-cable-2000-mm\/","url":"https:\/\/amrtop.net\/produit\/sonde-denvironnement-ntc-10k-cable-2000-mm\/","name":"Sonde d\u2019environnement NTC 10K c\u00e2ble 2000 mm","isPartOf":{"@id":"https:\/\/amrtop.net\/#website"},"primaryImageOfPage":{"@id":"https:\/\/amrtop.net\/produit\/sonde-denvironnement-ntc-10k-cable-2000-mm\/#primaryimage"},"image":{"@id":"https:\/\/amrtop.net\/produit\/sonde-denvironnement-ntc-10k-cable-2000-mm\/#primaryimage"},"thumbnailUrl":"https:\/\/amrtop.net\/wp-content\/uploads\/2021\/09\/w-SITO-SONDE-AMB-01-B.jpg","datePublished":"2020-01-10T00:00:00+00:00","dateModified":"2023-06-07T09:02:22+00:00","description":"Sonde d\u2019environnement NTC 10K c\u00e2ble 2000 mm - D\u00e9tecteur de chaleur ambiante pour po\u00eales et chaudi\u00e8res \u00e0 pellets - Sonde de temp\u00e9rature ambiante pour po\u00eales et chaudi\u00e8res \u00e0 pellets - Capteur de chaleur avec capsule en plastique pour po\u00eale et chaudi\u00e8re \u00e0 pellets - Capteur de chaleur avec capsule en plastique pour po\u00eale et chaudi\u00e8re \u00e0 pellets -","breadcrumb":{"@id":"https:\/\/amrtop.net\/produit\/sonde-denvironnement-ntc-10k-cable-2000-mm\/#breadcrumb"},"inLanguage":"ro-RO","potentialAction":[{"@type":"ReadAction","target":["https:\/\/amrtop.net\/produit\/sonde-denvironnement-ntc-10k-cable-2000-mm\/"]}]},{"@type":"ImageObject","inLanguage":"ro-RO","@id":"https:\/\/amrtop.net\/produit\/sonde-denvironnement-ntc-10k-cable-2000-mm\/#primaryimage","url":"https:\/\/amrtop.net\/wp-content\/uploads\/2021\/09\/w-SITO-SONDE-AMB-01-B.jpg","contentUrl":"https:\/\/amrtop.net\/wp-content\/uploads\/2021\/09\/w-SITO-SONDE-AMB-01-B.jpg","width":960,"height":960,"caption":"Sonde d\u2019environnement NTC 10K c\u00e2ble 2000 mm - D\u00e9tecteur de chaleur ambiante pour po\u00eales et chaudi\u00e8res \u00e0 pellets - Sonde de temp\u00e9rature ambiante pour po\u00eales et chaudi\u00e8res \u00e0 pellets - Capteur de chaleur avec capsule en plastique pour po\u00eale et chaudi\u00e8re \u00e0 pellets - Capteur de chaleur avec capsule en plastique pour po\u00eale et chaudi\u00e8re \u00e0 pellets -"},{"@type":"BreadcrumbList","@id":"https:\/\/amrtop.net\/produit\/sonde-denvironnement-ntc-10k-cable-2000-mm\/#breadcrumb","itemListElement":[{"@type":"ListItem","position":1,"name":"Home","item":"https:\/\/amrtop.net\/"},{"@type":"ListItem","position":2,"name":"Shop","item":"https:\/\/amrtop.net\/negozio\/"},{"@type":"ListItem","position":3,"name":"Sonde de temp\u00e9rature ambiante NTC 10K avec c\u00e2ble de 2000 mm code SNDA004"}]},{"@type":"WebSite","@id":"https:\/\/amrtop.net\/#website","url":"https:\/\/amrtop.net\/","name":"AMRTOP B2B Abroad - Achizi\u021bii rezervate profesioni\u0219tilor","description":"Piese de schimb \u0219i accesorii pentru sobe \u0219i cazane - eCommerce B2B pentru clien\u021bi profesioni\u0219ti","potentialAction":[{"@type":"SearchAction","target":{"@type":"EntryPoint","urlTemplate":"https:\/\/amrtop.net\/?s={search_term_string}"},"query-input":{"@type":"PropertyValueSpecification","valueRequired":true,"valueName":"search_term_string"}}],"inLanguage":"ro-RO"}]}},"_links":{"self":[{"href":"https:\/\/amrtop.net\/ro\/wp-json\/wp\/v2\/product\/19145","targetHints":{"allow":["GET"]}}],"collection":[{"href":"https:\/\/amrtop.net\/ro\/wp-json\/wp\/v2\/product"}],"about":[{"href":"https:\/\/amrtop.net\/ro\/wp-json\/wp\/v2\/types\/product"}],"replies":[{"embeddable":true,"href":"https:\/\/amrtop.net\/ro\/wp-json\/wp\/v2\/comments?post=19145"}],"wp:featuredmedia":[{"embeddable":true,"href":"https:\/\/amrtop.net\/ro\/wp-json\/wp\/v2\/media\/19119"}],"wp:attachment":[{"href":"https:\/\/amrtop.net\/ro\/wp-json\/wp\/v2\/media?parent=19145"}],"wp:term":[{"taxonomy":"product_brand","embeddable":true,"href":"https:\/\/amrtop.net\/ro\/wp-json\/wp\/v2\/product_brand?post=19145"},{"taxonomy":"product_cat","embeddable":true,"href":"https:\/\/amrtop.net\/ro\/wp-json\/wp\/v2\/product_cat?post=19145"},{"taxonomy":"product_tag","embeddable":true,"href":"https:\/\/amrtop.net\/ro\/wp-json\/wp\/v2\/product_tag?post=19145"}],"curies":[{"name":"wp","href":"https:\/\/api.w.org\/{rel}","templated":true}]}}