{"id":19154,"date":"2020-01-10T00:00:00","date_gmt":"2020-01-10T00:00:00","guid":{"rendered":"https:\/\/amrtop.com\/B2B\/?post_type=product&#038;p=19154"},"modified":"2023-06-07T12:06:08","modified_gmt":"2023-06-07T12:06:08","slug":"manometre-circulaire-avec-raccord-capillaire-imit","status":"publish","type":"product","link":"https:\/\/amrtop.net\/ro\/produit\/manometre-circulaire-avec-raccord-capillaire-imit\/","title":{"rendered":"Manometru circular cu conexiune capilar\u0103 IMIT IMIT IMIT codice MCRC001"},"content":{"rendered":"<hr \/>\n<h3>Manom\u00e8tre circulaire avec raccord capillaire IMIT<\/h3>\n<p>Amrtop comercializeaz\u0103 aceste componente de la o companie cu o experien\u021b\u0103 de 100 de ani \u00een sectorul de control al temperaturii.<\/p>\n<p>Din 1917, marca Imit fabric\u0103 produse capabile s\u0103 satisfac\u0103 toate cerin\u021bele de instalare \u0219i de stil de via\u021b\u0103, de la industrie p\u00e2n\u0103 la utilizatorul final, pentru a garanta un confort maxim \u0219i o precizie maxim\u0103 de reglare.<\/p>\n<p>Marca Imit a dictat regulile trecutului cu peste 70 de brevete \u0219i modele de utilitate.<\/p>\n<p>Au fost printre primii din sectorul lor care au primit certificarea UNI EN ISO 9001 \u0219i sunt aprobate de cele mai importante organisme de calificare italiene \u0219i interna\u021bionale.<\/p>\n<h3>Utilisation du Manom\u00e8tre circulaire avec raccord capillaire IMIT<\/h3>\n<p>Comment fonctionne le manom\u00e8tre<\/p>\n<p>Le niveau correct de pression de la chaudi\u00e8re ou du po\u00eale \u00e0 granul\u00e9s est essentiel pour que le syst\u00e8me de chauffage puisse fonctionner correctement, pour r\u00e9duire les co\u00fbts, pour contr\u00f4ler la consommation et surtout pour s\u2019assurer que l\u2019installation est toujours en bon \u00e9tat.<\/p>\n<p>R\u00e9gler correctement la pression de l\u2019eau chaude, savoir comment et quand augmenter ou abaisser la pression peut \u00e9galement causer des difficult\u00e9s \u00e0 ceux qui ne savent pas o\u00f9 mettre la main.<\/p>\n<p>Un manometru este un instrument pentru m\u0103surarea presiunii relative a fluidelor. Sensul corect al motto-ului se refer\u0103 la instrumentele utilizate pentru m\u0103surarea presiunilor peste cea atmosferic\u0103.<\/p>\n<p>Se g\u0103se\u0219te \u00een aparatele tipice - Soba pe pele\u021bi - Cazan pe pele\u021bi - Arz\u0103tor pe pele\u021bi - Gr\u0103tar\/barbeque pe pele\u021bi Cazan pe biomas\u0103 - Arz\u0103tor pe biomas\u0103 - \u0218i multe alte arz\u0103toare<\/p>\n<h3>Interior<\/h3>\n<p><a href=\"https:\/\/wekos.it\/\">Sobe, aragazuri \u0219i aragazuri pe lemne<\/a>\u00a0-\u00a0<a href=\"https:\/\/www.greenpuros.com\/\">\u0219eminee, sobe \u0219i cazane pe pele\u021bi.<\/a><\/p>\n<h3>Gama Amrtop de piese de schimb \u0219i accesorii<\/h3>\n<p><a href=\"https:\/\/amrtop.net\/ro\/categoria-de-produse\/piese-de-schimb-sobe-si-cazane-de-gatit-si-cazane-mixte-2\/bougies-dallumage-pour-poeles-et-chaudieres-a-pellets\/\">Bujii incandescente<\/a><\/p>\n<p><a href=\"https:\/\/amrtop.net\/ro\/categoria-de-produse\/piese-de-schimb-sobe-si-cazane-de-gatit-si-cazane-mixte-2\/electronique\/\">Electronic\u0103<\/a><\/p>\n<p><a href=\"https:\/\/amrtop.net\/ro\/categoria-de-produse\/piese-de-schimb-sobe-si-cazane-de-gatit-si-cazane-mixte-2\/extracteurs-de-fumee\/\">Extractoare de fum<\/a><\/p>\n<p><a href=\"https:\/\/amrtop.net\/ro\/categoria-de-produse\/piese-de-schimb-sobe-si-cazane-de-gatit-si-cazane-mixte-2\/gaines-cable-connecteurs\/\">Teci de cablu conector<\/a><\/p>\n<p><a href=\"https:\/\/amrtop.net\/ro\/categoria-de-produse\/piese-de-schimb-sobe-si-cazane-de-gatit-si-cazane-mixte-2\/joints-de-silicone\/\">Garnituri de silicon<\/a><\/p>\n<p><a href=\"https:\/\/amrtop.net\/ro\/categoria-de-produse\/piese-de-schimb-sobe-si-cazane-de-gatit-si-cazane-mixte-2\/motoreducteurs\/\">Motoare cu angrenaje<\/a><\/p>\n<p><a href=\"https:\/\/amrtop.net\/ro\/categoria-de-produse\/piese-de-schimb-sobe-si-cazane-de-gatit-si-cazane-mixte-2\/pressostats-et-transducteurs\/\">Presostate \u0219i traductoare de presiune<\/a><\/p>\n<p><a href=\"https:\/\/amrtop.net\/ro\/categoria-de-produse\/piese-de-schimb-sobe-si-cazane-de-gatit-si-cazane-mixte-2\/sondes-thermostats-manometres-thermometres\/\">Sonde termostate manometre termometre termometre<\/a><\/p>\n<p><a href=\"https:\/\/amrtop.net\/ro\/categoria-de-produse\/piese-de-schimb-sobe-si-cazane-de-gatit-si-cazane-mixte-2\/joints-detancheite\/\">Tricotaje de etan\u0219are<\/a><\/p>\n<p><a href=\"https:\/\/amrtop.net\/ro\/categoria-de-produse\/piese-de-schimb-sobe-si-cazane-de-gatit-si-cazane-mixte-2\/ventilateurs-centrifuges-pour-poeles-a-pellets\/\">Ventilatoare centrifuge<\/a><\/p>\n<p><a href=\"https:\/\/amrtop.net\/ro\/categoria-de-produse\/piese-de-schimb-sobe-si-cazane-de-gatit-si-cazane-mixte-2\/ventilateurs-tangentiels-flux-transversal\/\">Ventilatoare cu flux \u00eencruci\u0219at<\/a><\/p>\n<p><a href=\"https:\/\/amrtop.net\/ro\/categoria-de-produse\/piese-de-schimb-sobe-si-cazane-de-gatit-si-cazane-mixte-2\/adhesifs-et-produits-detancheite\/\">Adezivi \u0219i materiale de etan\u0219are<\/a><\/p>\n<p>&nbsp;<\/p>\n<p>&nbsp;<\/p>\n<p>&nbsp;<\/p>\n<p>&nbsp;<\/p>\n<p>&nbsp;<\/p>\n<p>&nbsp;<\/p>","protected":false},"excerpt":{"rendered":"<hr \/>\n<h2><span style=\"color: #008000\">Disponibil la<\/span><\/h2>\n<p>cod.MCRC001<\/p>\n<p>Campo di lavoro 0\/6 bar<br \/>\nInvolucro plastica<br \/>\nTemperatura max. corpo 70\u00b0C<br \/>\nOmologazioni CE, EAC<br \/>\nCapillare: 1500 mm PVC<\/p>","protected":false},"featured_media":19118,"comment_status":"open","ping_status":"closed","template":"","meta":[],"product_brand":[],"product_cat":[1339,1342],"product_tag":[],"class_list":{"0":"post-19154","1":"product","2":"type-product","3":"status-publish","4":"has-post-thumbnail","6":"product_cat-sondes-thermostats-manometres-thermometres-pour-poeles-et-chaudieres","7":"product_cat-thermostats-et-manometres-pour-poeles-et-chaudieres-a-pellets","8":"product_shipping_class-classe-di-spedizione-01","10":"first","11":"instock","12":"shipping-taxable","13":"purchasable","14":"product-type-simple"},"yoast_head":"<!-- This site is optimized with the Yoast SEO plugin v27.4 - https:\/\/yoast.com\/product\/yoast-seo-wordpress\/ -->\n<title>Manom\u00e8tre circulaire avec raccord capillaire IMIT<\/title>\n<meta name=\"description\" content=\"Manom\u00e8tre circulaire avec raccord capillaire IMIT - Thermostat et manom\u00e8tre pour po\u00eale et chaudi\u00e8re \u00e0 pellets - D\u00e9tecteur de pression avec r\u00e9armement manuel ou automatique pour po\u00eale et chaudi\u00e8re \u00e0 pellets - Thermostat \u00e0 r\u00e9armement manuel ou automatique pour po\u00eale et chaudi\u00e8re \u00e0 pellets - Relais avec r\u00e9armement manuel ou automatique pour po\u00eale et chaudi\u00e8re \u00e0 pellets - R\u00e9gulateur de temp\u00e9rature avec r\u00e9armement manuel ou automatique pour po\u00eale et chaudi\u00e8res \u00e0 pellets -\" \/>\n<meta name=\"robots\" content=\"index, follow, max-snippet:-1, max-image-preview:large, max-video-preview:-1\" \/>\n<link rel=\"canonical\" href=\"https:\/\/amrtop.net\/ro\/produs\/manometre-circulaire-avec-raccord-capillaire-imit\/\" \/>\n<meta property=\"og:locale\" content=\"ro_RO\" \/>\n<meta property=\"og:type\" content=\"article\" \/>\n<meta property=\"og:title\" content=\"Manom\u00e8tre circulaire avec raccord capillaire IMIT\" \/>\n<meta property=\"og:description\" content=\"Manom\u00e8tre circulaire avec raccord capillaire IMIT - Thermostat et manom\u00e8tre pour po\u00eale et chaudi\u00e8re \u00e0 pellets - D\u00e9tecteur de pression avec r\u00e9armement manuel ou automatique pour po\u00eale et chaudi\u00e8re \u00e0 pellets - Thermostat \u00e0 r\u00e9armement manuel ou automatique pour po\u00eale et chaudi\u00e8re \u00e0 pellets - Relais avec r\u00e9armement manuel ou automatique pour po\u00eale et chaudi\u00e8re \u00e0 pellets - R\u00e9gulateur de temp\u00e9rature avec r\u00e9armement manuel ou automatique pour po\u00eale et chaudi\u00e8res \u00e0 pellets -\" \/>\n<meta property=\"og:url\" content=\"https:\/\/amrtop.net\/ro\/produs\/manometre-circulaire-avec-raccord-capillaire-imit\/\" \/>\n<meta property=\"og:site_name\" content=\"AMRTOP B2B \u00c9tranger - Achats r\u00e9serv\u00e9s au professionnel\" \/>\n<meta property=\"article:modified_time\" content=\"2023-06-07T12:06:08+00:00\" \/>\n<meta property=\"og:image\" content=\"https:\/\/amrtop.net\/wp-content\/uploads\/2021\/09\/w-SITO-MAN-TER-04.jpg\" \/>\n\t<meta property=\"og:image:width\" content=\"960\" \/>\n\t<meta property=\"og:image:height\" content=\"960\" \/>\n\t<meta property=\"og:image:type\" content=\"image\/jpeg\" \/>\n<meta name=\"twitter:card\" content=\"summary_large_image\" \/>\n<meta name=\"twitter:label1\" content=\"Timp estimat pentru citire\" \/>\n\t<meta name=\"twitter:data1\" content=\"2 minute\" \/>\n<script type=\"application\/ld+json\" class=\"yoast-schema-graph\">{\"@context\":\"https:\\\/\\\/schema.org\",\"@graph\":[{\"@type\":\"WebPage\",\"@id\":\"https:\\\/\\\/amrtop.net\\\/produit\\\/manometre-circulaire-avec-raccord-capillaire-imit\\\/\",\"url\":\"https:\\\/\\\/amrtop.net\\\/produit\\\/manometre-circulaire-avec-raccord-capillaire-imit\\\/\",\"name\":\"Manom\u00e8tre circulaire avec raccord capillaire IMIT\",\"isPartOf\":{\"@id\":\"https:\\\/\\\/amrtop.net\\\/#website\"},\"primaryImageOfPage\":{\"@id\":\"https:\\\/\\\/amrtop.net\\\/produit\\\/manometre-circulaire-avec-raccord-capillaire-imit\\\/#primaryimage\"},\"image\":{\"@id\":\"https:\\\/\\\/amrtop.net\\\/produit\\\/manometre-circulaire-avec-raccord-capillaire-imit\\\/#primaryimage\"},\"thumbnailUrl\":\"https:\\\/\\\/amrtop.net\\\/wp-content\\\/uploads\\\/2021\\\/09\\\/w-SITO-MAN-TER-04.jpg\",\"datePublished\":\"2020-01-10T00:00:00+00:00\",\"dateModified\":\"2023-06-07T12:06:08+00:00\",\"description\":\"Manom\u00e8tre circulaire avec raccord capillaire IMIT - Thermostat et manom\u00e8tre pour po\u00eale et chaudi\u00e8re \u00e0 pellets - D\u00e9tecteur de pression avec r\u00e9armement manuel ou automatique pour po\u00eale et chaudi\u00e8re \u00e0 pellets - Thermostat \u00e0 r\u00e9armement manuel ou automatique pour po\u00eale et chaudi\u00e8re \u00e0 pellets - Relais avec r\u00e9armement manuel ou automatique pour po\u00eale et chaudi\u00e8re \u00e0 pellets - R\u00e9gulateur de temp\u00e9rature avec r\u00e9armement manuel ou automatique pour po\u00eale et chaudi\u00e8res \u00e0 pellets -\",\"breadcrumb\":{\"@id\":\"https:\\\/\\\/amrtop.net\\\/produit\\\/manometre-circulaire-avec-raccord-capillaire-imit\\\/#breadcrumb\"},\"inLanguage\":\"ro-RO\",\"potentialAction\":[{\"@type\":\"ReadAction\",\"target\":[\"https:\\\/\\\/amrtop.net\\\/produit\\\/manometre-circulaire-avec-raccord-capillaire-imit\\\/\"]}]},{\"@type\":\"ImageObject\",\"inLanguage\":\"ro-RO\",\"@id\":\"https:\\\/\\\/amrtop.net\\\/produit\\\/manometre-circulaire-avec-raccord-capillaire-imit\\\/#primaryimage\",\"url\":\"https:\\\/\\\/amrtop.net\\\/wp-content\\\/uploads\\\/2021\\\/09\\\/w-SITO-MAN-TER-04.jpg\",\"contentUrl\":\"https:\\\/\\\/amrtop.net\\\/wp-content\\\/uploads\\\/2021\\\/09\\\/w-SITO-MAN-TER-04.jpg\",\"width\":960,\"height\":960,\"caption\":\"Manom\u00e8tre circulaire avec raccord capillaire IMIT - Thermostat et manom\u00e8tre pour po\u00eale et chaudi\u00e8re \u00e0 pellets - D\u00e9tecteur de pression avec r\u00e9armement manuel ou automatique pour po\u00eale et chaudi\u00e8re \u00e0 pellets - Thermostat \u00e0 r\u00e9armement manuel ou automatique pour po\u00eale et chaudi\u00e8re \u00e0 pellets - Relais avec r\u00e9armement manuel ou automatique pour po\u00eale et chaudi\u00e8re \u00e0 pellets - R\u00e9gulateur de temp\u00e9rature avec r\u00e9armement manuel ou automatique pour po\u00eale et chaudi\u00e8res \u00e0 pellets -\"},{\"@type\":\"BreadcrumbList\",\"@id\":\"https:\\\/\\\/amrtop.net\\\/produit\\\/manometre-circulaire-avec-raccord-capillaire-imit\\\/#breadcrumb\",\"itemListElement\":[{\"@type\":\"ListItem\",\"position\":1,\"name\":\"Home\",\"item\":\"https:\\\/\\\/amrtop.net\\\/\"},{\"@type\":\"ListItem\",\"position\":2,\"name\":\"Shop\",\"item\":\"https:\\\/\\\/amrtop.net\\\/negozio\\\/\"},{\"@type\":\"ListItem\",\"position\":3,\"name\":\"Manom\u00e8tre circulaire avec raccord capillaire IMIT IMIT codice MCRC001\"}]},{\"@type\":\"WebSite\",\"@id\":\"https:\\\/\\\/amrtop.net\\\/#website\",\"url\":\"https:\\\/\\\/amrtop.net\\\/\",\"name\":\"AMRTOP B2B \u00c9tranger - Achats r\u00e9serv\u00e9s au professionnel\",\"description\":\"Pi\u00e8ces de rechange et accessoires pour po\u00eales et chaudi\u00e8res - eCommerce B2B pour Clients Professionnels\",\"potentialAction\":[{\"@type\":\"SearchAction\",\"target\":{\"@type\":\"EntryPoint\",\"urlTemplate\":\"https:\\\/\\\/amrtop.net\\\/?s={search_term_string}\"},\"query-input\":{\"@type\":\"PropertyValueSpecification\",\"valueRequired\":true,\"valueName\":\"search_term_string\"}}],\"inLanguage\":\"ro-RO\"}]}<\/script>\n<!-- \/ Yoast SEO plugin. -->","yoast_head_json":{"title":"Manom\u00e8tre circulaire avec raccord capillaire IMIT","description":"Manometru circular cu conexiune capilar\u0103 IMIT - Termostat \u0219i manometru pentru sobe \u0219i cazane pe pele\u021bi - Detector de presiune cu resetare manual\u0103 sau automat\u0103 pentru sobe \u0219i cazane pe pele\u021bi - Termostat cu resetare manual\u0103 sau automat\u0103 pentru sobe \u0219i cazane pe pele\u021bi - Releu cu resetare manual\u0103 sau automat\u0103 pentru sobe \u0219i cazane pe pele\u021bi - Regulator de temperatur\u0103 cu resetare manual\u0103 sau automat\u0103 pentru sobe \u0219i cazane pe pele\u021bi.","robots":{"index":"index","follow":"follow","max-snippet":"max-snippet:-1","max-image-preview":"max-image-preview:large","max-video-preview":"max-video-preview:-1"},"canonical":"https:\/\/amrtop.net\/ro\/produs\/manometre-circulaire-avec-raccord-capillaire-imit\/","og_locale":"ro_RO","og_type":"article","og_title":"Manom\u00e8tre circulaire avec raccord capillaire IMIT","og_description":"Manom\u00e8tre circulaire avec raccord capillaire IMIT - Thermostat et manom\u00e8tre pour po\u00eale et chaudi\u00e8re \u00e0 pellets - D\u00e9tecteur de pression avec r\u00e9armement manuel ou automatique pour po\u00eale et chaudi\u00e8re \u00e0 pellets - Thermostat \u00e0 r\u00e9armement manuel ou automatique pour po\u00eale et chaudi\u00e8re \u00e0 pellets - Relais avec r\u00e9armement manuel ou automatique pour po\u00eale et chaudi\u00e8re \u00e0 pellets - R\u00e9gulateur de temp\u00e9rature avec r\u00e9armement manuel ou automatique pour po\u00eale et chaudi\u00e8res \u00e0 pellets -","og_url":"https:\/\/amrtop.net\/ro\/produs\/manometre-circulaire-avec-raccord-capillaire-imit\/","og_site_name":"AMRTOP B2B \u00c9tranger - Achats r\u00e9serv\u00e9s au professionnel","article_modified_time":"2023-06-07T12:06:08+00:00","og_image":[{"width":960,"height":960,"url":"https:\/\/amrtop.net\/wp-content\/uploads\/2021\/09\/w-SITO-MAN-TER-04.jpg","type":"image\/jpeg"}],"twitter_card":"summary_large_image","twitter_misc":{"Timp estimat pentru citire":"2 minute"},"schema":{"@context":"https:\/\/schema.org","@graph":[{"@type":"WebPage","@id":"https:\/\/amrtop.net\/produit\/manometre-circulaire-avec-raccord-capillaire-imit\/","url":"https:\/\/amrtop.net\/produit\/manometre-circulaire-avec-raccord-capillaire-imit\/","name":"Manom\u00e8tre circulaire avec raccord capillaire IMIT","isPartOf":{"@id":"https:\/\/amrtop.net\/#website"},"primaryImageOfPage":{"@id":"https:\/\/amrtop.net\/produit\/manometre-circulaire-avec-raccord-capillaire-imit\/#primaryimage"},"image":{"@id":"https:\/\/amrtop.net\/produit\/manometre-circulaire-avec-raccord-capillaire-imit\/#primaryimage"},"thumbnailUrl":"https:\/\/amrtop.net\/wp-content\/uploads\/2021\/09\/w-SITO-MAN-TER-04.jpg","datePublished":"2020-01-10T00:00:00+00:00","dateModified":"2023-06-07T12:06:08+00:00","description":"Manometru circular cu conexiune capilar\u0103 IMIT - Termostat \u0219i manometru pentru sobe \u0219i cazane pe pele\u021bi - Detector de presiune cu resetare manual\u0103 sau automat\u0103 pentru sobe \u0219i cazane pe pele\u021bi - Termostat cu resetare manual\u0103 sau automat\u0103 pentru sobe \u0219i cazane pe pele\u021bi - Releu cu resetare manual\u0103 sau automat\u0103 pentru sobe \u0219i cazane pe pele\u021bi - Regulator de temperatur\u0103 cu resetare manual\u0103 sau automat\u0103 pentru sobe \u0219i cazane pe pele\u021bi.","breadcrumb":{"@id":"https:\/\/amrtop.net\/produit\/manometre-circulaire-avec-raccord-capillaire-imit\/#breadcrumb"},"inLanguage":"ro-RO","potentialAction":[{"@type":"ReadAction","target":["https:\/\/amrtop.net\/produit\/manometre-circulaire-avec-raccord-capillaire-imit\/"]}]},{"@type":"ImageObject","inLanguage":"ro-RO","@id":"https:\/\/amrtop.net\/produit\/manometre-circulaire-avec-raccord-capillaire-imit\/#primaryimage","url":"https:\/\/amrtop.net\/wp-content\/uploads\/2021\/09\/w-SITO-MAN-TER-04.jpg","contentUrl":"https:\/\/amrtop.net\/wp-content\/uploads\/2021\/09\/w-SITO-MAN-TER-04.jpg","width":960,"height":960,"caption":"Manom\u00e8tre circulaire avec raccord capillaire IMIT - Thermostat et manom\u00e8tre pour po\u00eale et chaudi\u00e8re \u00e0 pellets - D\u00e9tecteur de pression avec r\u00e9armement manuel ou automatique pour po\u00eale et chaudi\u00e8re \u00e0 pellets - Thermostat \u00e0 r\u00e9armement manuel ou automatique pour po\u00eale et chaudi\u00e8re \u00e0 pellets - Relais avec r\u00e9armement manuel ou automatique pour po\u00eale et chaudi\u00e8re \u00e0 pellets - R\u00e9gulateur de temp\u00e9rature avec r\u00e9armement manuel ou automatique pour po\u00eale et chaudi\u00e8res \u00e0 pellets -"},{"@type":"BreadcrumbList","@id":"https:\/\/amrtop.net\/produit\/manometre-circulaire-avec-raccord-capillaire-imit\/#breadcrumb","itemListElement":[{"@type":"ListItem","position":1,"name":"Home","item":"https:\/\/amrtop.net\/"},{"@type":"ListItem","position":2,"name":"Shop","item":"https:\/\/amrtop.net\/negozio\/"},{"@type":"ListItem","position":3,"name":"Manom\u00e8tre circulaire avec raccord capillaire IMIT IMIT codice MCRC001"}]},{"@type":"WebSite","@id":"https:\/\/amrtop.net\/#website","url":"https:\/\/amrtop.net\/","name":"AMRTOP B2B Abroad - Achizi\u021bii rezervate profesioni\u0219tilor","description":"Piese de schimb \u0219i accesorii pentru sobe \u0219i cazane - eCommerce B2B pentru clien\u021bi profesioni\u0219ti","potentialAction":[{"@type":"SearchAction","target":{"@type":"EntryPoint","urlTemplate":"https:\/\/amrtop.net\/?s={search_term_string}"},"query-input":{"@type":"PropertyValueSpecification","valueRequired":true,"valueName":"search_term_string"}}],"inLanguage":"ro-RO"}]}},"_links":{"self":[{"href":"https:\/\/amrtop.net\/ro\/wp-json\/wp\/v2\/product\/19154","targetHints":{"allow":["GET"]}}],"collection":[{"href":"https:\/\/amrtop.net\/ro\/wp-json\/wp\/v2\/product"}],"about":[{"href":"https:\/\/amrtop.net\/ro\/wp-json\/wp\/v2\/types\/product"}],"replies":[{"embeddable":true,"href":"https:\/\/amrtop.net\/ro\/wp-json\/wp\/v2\/comments?post=19154"}],"wp:featuredmedia":[{"embeddable":true,"href":"https:\/\/amrtop.net\/ro\/wp-json\/wp\/v2\/media\/19118"}],"wp:attachment":[{"href":"https:\/\/amrtop.net\/ro\/wp-json\/wp\/v2\/media?parent=19154"}],"wp:term":[{"taxonomy":"product_brand","embeddable":true,"href":"https:\/\/amrtop.net\/ro\/wp-json\/wp\/v2\/product_brand?post=19154"},{"taxonomy":"product_cat","embeddable":true,"href":"https:\/\/amrtop.net\/ro\/wp-json\/wp\/v2\/product_cat?post=19154"},{"taxonomy":"product_tag","embeddable":true,"href":"https:\/\/amrtop.net\/ro\/wp-json\/wp\/v2\/product_tag?post=19154"}],"curies":[{"name":"wp","href":"https:\/\/api.w.org\/{rel}","templated":true}]}}