{"id":19157,"date":"2020-01-10T00:00:00","date_gmt":"2020-01-10T00:00:00","guid":{"rendered":"https:\/\/amrtop.com\/B2B\/?post_type=product&#038;p=19157"},"modified":"2023-06-07T09:38:12","modified_gmt":"2023-06-07T09:38:12","slug":"termocuplu-j-cu-conector-pentru-cartela-electronica-n100","status":"publish","type":"product","link":"https:\/\/amrtop.net\/ro\/produit\/thermocouple-j-avec-connecteur-pour-carte-electronique-n100\/","title":{"rendered":"Termocuplu J cu conector pentru placa electronic\u0103 N100 cod SNDF001C"},"content":{"rendered":"<hr \/>\n<h3>Termocuplu J cu conector pentru placa electronic\u0103 N100<\/h3>\n<p>Amrtop comercializeaz\u0103 acest produs c\u0103tre companii certificate ISO9001 care proiecteaz\u0103 \u0219i construiesc toate tipurile de senzori de temperatur\u0103 pentru controlul industrial \u0219i profesional al temperaturii.<\/p>\n<p>Obiectivul Amrtop este de a garanta fiabilitatea, oferind \u00een acela\u0219i timp produse tehnologice de ultim\u0103 genera\u021bie.<\/p>\n<p>Scopul nostru este de a oferi un standard ridicat de calitate \u0219i solu\u021bii eficiente pentru m\u0103surarea \u0219i controlul temperaturii la pre\u021buri rezonabile.<\/p>\n<p>Senzori de temperatur\u0103 pentru \u0219eminee electrice \u0219i sobe pe pele\u021bi prelucrate de Amrtop:<\/p>\n<ul>\n<li>Sonde de extrac\u021bie a fumului.<\/li>\n<li>Sonde de temperatur\u0103 \u00eenalt\u0103.<\/li>\n<li>Sonde de temperatur\u0103 \u00eenalt\u0103 cu tub conic pentru cuptoare<\/li>\n<li>Sonde cu cablu din silicon \u0219i arc anti-plecat din o\u021bel inoxidabil. Sond\u0103 de picurare pentru sisteme de aer.<\/li>\n<li>Sonde impermeabile cu<br \/>\nizola\u021bie dubl\u0103<\/li>\n<\/ul>\n<h3>Utilizarea termocuplului J cu conector pentru placa electronic\u0103 N100<\/h3>\n<p>Senzorii de gaze de ardere, de mediu \u0219i de ap\u0103 sunt instala\u021bi \u00een aparatele care ard combustibil solid (pele\u021bi, alune, Sansa, lemn \u0219i a\u0219chii).<\/p>\n<p>Sarcina lor este de a detecta \u0219i controla temperaturile generate de corpurile de combustie care produc aer \u0219i ap\u0103 cald\u0103, comunic\u00e2nd datele c\u0103tre diferitele carduri electronice.<\/p>\n<p>Cablurile pentru toate sondele oferite de Amrtop sunt disponibile \u00een diferite lungimi, cu \u0219i f\u0103r\u0103 conectori.<\/p>\n<p>Se g\u0103se\u0219te \u00een aparatele tipice - Soba pe pele\u021bi - Cazan pe pele\u021bi - Arz\u0103tor pe pele\u021bi - Gr\u0103tar\/barbeque pe pele\u021bi Cazan pe biomas\u0103 - Arz\u0103tor pe biomas\u0103 - \u0218i multe alte arz\u0103toare<\/p>\n<h3>Interior<\/h3>\n<p><a href=\"https:\/\/wekos.it\/\">Sobe, aragazuri \u0219i aragazuri pe lemne<\/a>\u00a0-\u00a0<a href=\"https:\/\/www.greenpuros.com\/\">\u0219eminee, sobe \u0219i cazane pe pele\u021bi.<\/a><\/p>\n<h3>Gama Amrtop de piese de schimb \u0219i accesorii<\/h3>","protected":false},"excerpt":{"rendered":"<hr \/>\n<h2><span style=\"color: #008000\">Disponibil la<\/span><\/h2>\n<hr \/>\n<p>Cod.SNDF001C<\/p>\n<p>Material capsul\u0103: o\u021bel inoxidabil<br \/>\nLungimea capsulei: 40 mm<br \/>\nDiametrul capsulei: 4 mm<br \/>\nMaterial cablu: VTX<br \/>\nLungime cablu: 1100 mm<\/p>","protected":false},"featured_media":19104,"comment_status":"open","ping_status":"closed","template":"","meta":[],"product_brand":[],"product_cat":[1340,1339],"product_tag":[],"class_list":{"0":"post-19157","1":"product","2":"type-product","3":"status-publish","4":"has-post-thumbnail","6":"product_cat-sondes-de-fumees-pour-poeles-et-chaudieres-a-pellets","7":"product_cat-sondes-thermostats-manometres-thermometres-pour-poeles-et-chaudieres","8":"product_shipping_class-classe-di-spedizione-01","10":"first","11":"instock","12":"shipping-taxable","13":"purchasable","14":"product-type-simple"},"yoast_head":"<!-- This site is optimized with the Yoast SEO plugin v27.4 - https:\/\/yoast.com\/product\/yoast-seo-wordpress\/ -->\n<title>Thermocouple J avec connecteur pour carte \u00e9lectronique N100<\/title>\n<meta name=\"description\" content=\"Thermocouple J avec connecteur pour carte \u00e9lectronique N100 - D\u00e9tecteur de chaleur de fum\u00e9e pour po\u00eales et chaudi\u00e8res \u00e0 pellets - Sonde de temp\u00e9rature de fum\u00e9e pour po\u00eale et chaudi\u00e8re \u00e0 pellets - Capteur de fum\u00e9e avec capsule m\u00e9tallique pour po\u00eale et chaudi\u00e8re \u00e0 pellets - Capteur de chaleur avec capsule ou ampoule m\u00e9tallique pour po\u00eale et chaudi\u00e8re \u00e0 pellets -\" \/>\n<meta name=\"robots\" content=\"index, follow, max-snippet:-1, max-image-preview:large, max-video-preview:-1\" \/>\n<link rel=\"canonical\" href=\"https:\/\/amrtop.net\/ro\/produs\/termocuplu-j-cu-conector-pentru-cartela-electronica-n100\/\" \/>\n<meta property=\"og:locale\" content=\"ro_RO\" \/>\n<meta property=\"og:type\" content=\"article\" \/>\n<meta property=\"og:title\" content=\"Thermocouple J avec connecteur pour carte \u00e9lectronique N100\" \/>\n<meta property=\"og:description\" content=\"Thermocouple J avec connecteur pour carte \u00e9lectronique N100 - D\u00e9tecteur de chaleur de fum\u00e9e pour po\u00eales et chaudi\u00e8res \u00e0 pellets - Sonde de temp\u00e9rature de fum\u00e9e pour po\u00eale et chaudi\u00e8re \u00e0 pellets - Capteur de fum\u00e9e avec capsule m\u00e9tallique pour po\u00eale et chaudi\u00e8re \u00e0 pellets - Capteur de chaleur avec capsule ou ampoule m\u00e9tallique pour po\u00eale et chaudi\u00e8re \u00e0 pellets -\" \/>\n<meta property=\"og:url\" content=\"https:\/\/amrtop.net\/ro\/produs\/termocuplu-j-cu-conector-pentru-cartela-electronica-n100\/\" \/>\n<meta property=\"og:site_name\" content=\"AMRTOP B2B \u00c9tranger - Achats r\u00e9serv\u00e9s au professionnel\" \/>\n<meta property=\"article:modified_time\" content=\"2023-06-07T09:38:12+00:00\" \/>\n<meta property=\"og:image\" content=\"https:\/\/amrtop.net\/wp-content\/uploads\/2021\/09\/2.jpg\" \/>\n\t<meta property=\"og:image:width\" content=\"960\" \/>\n\t<meta property=\"og:image:height\" content=\"960\" \/>\n\t<meta property=\"og:image:type\" content=\"image\/jpeg\" \/>\n<meta name=\"twitter:card\" content=\"summary_large_image\" \/>\n<meta name=\"twitter:label1\" content=\"Timp estimat pentru citire\" \/>\n\t<meta name=\"twitter:data1\" content=\"2 minute\" \/>\n<script type=\"application\/ld+json\" class=\"yoast-schema-graph\">{\"@context\":\"https:\\\/\\\/schema.org\",\"@graph\":[{\"@type\":\"WebPage\",\"@id\":\"https:\\\/\\\/amrtop.net\\\/produit\\\/thermocouple-j-avec-connecteur-pour-carte-electronique-n100\\\/\",\"url\":\"https:\\\/\\\/amrtop.net\\\/produit\\\/thermocouple-j-avec-connecteur-pour-carte-electronique-n100\\\/\",\"name\":\"Thermocouple J avec connecteur pour carte \u00e9lectronique N100\",\"isPartOf\":{\"@id\":\"https:\\\/\\\/amrtop.net\\\/#website\"},\"primaryImageOfPage\":{\"@id\":\"https:\\\/\\\/amrtop.net\\\/produit\\\/thermocouple-j-avec-connecteur-pour-carte-electronique-n100\\\/#primaryimage\"},\"image\":{\"@id\":\"https:\\\/\\\/amrtop.net\\\/produit\\\/thermocouple-j-avec-connecteur-pour-carte-electronique-n100\\\/#primaryimage\"},\"thumbnailUrl\":\"https:\\\/\\\/amrtop.net\\\/wp-content\\\/uploads\\\/2021\\\/09\\\/2.jpg\",\"datePublished\":\"2020-01-10T00:00:00+00:00\",\"dateModified\":\"2023-06-07T09:38:12+00:00\",\"description\":\"Thermocouple J avec connecteur pour carte \u00e9lectronique N100 - D\u00e9tecteur de chaleur de fum\u00e9e pour po\u00eales et chaudi\u00e8res \u00e0 pellets - Sonde de temp\u00e9rature de fum\u00e9e pour po\u00eale et chaudi\u00e8re \u00e0 pellets - Capteur de fum\u00e9e avec capsule m\u00e9tallique pour po\u00eale et chaudi\u00e8re \u00e0 pellets - Capteur de chaleur avec capsule ou ampoule m\u00e9tallique pour po\u00eale et chaudi\u00e8re \u00e0 pellets -\",\"breadcrumb\":{\"@id\":\"https:\\\/\\\/amrtop.net\\\/produit\\\/thermocouple-j-avec-connecteur-pour-carte-electronique-n100\\\/#breadcrumb\"},\"inLanguage\":\"ro-RO\",\"potentialAction\":[{\"@type\":\"ReadAction\",\"target\":[\"https:\\\/\\\/amrtop.net\\\/produit\\\/thermocouple-j-avec-connecteur-pour-carte-electronique-n100\\\/\"]}]},{\"@type\":\"ImageObject\",\"inLanguage\":\"ro-RO\",\"@id\":\"https:\\\/\\\/amrtop.net\\\/produit\\\/thermocouple-j-avec-connecteur-pour-carte-electronique-n100\\\/#primaryimage\",\"url\":\"https:\\\/\\\/amrtop.net\\\/wp-content\\\/uploads\\\/2021\\\/09\\\/2.jpg\",\"contentUrl\":\"https:\\\/\\\/amrtop.net\\\/wp-content\\\/uploads\\\/2021\\\/09\\\/2.jpg\",\"width\":960,\"height\":960,\"caption\":\"Thermocouple J avec connecteur pour carte \u00e9lectronique N100 - D\u00e9tecteur de chaleur de fum\u00e9e pour po\u00eales et chaudi\u00e8res \u00e0 pellets - Sonde de temp\u00e9rature de fum\u00e9e pour po\u00eale et chaudi\u00e8re \u00e0 pellets - Capteur de fum\u00e9e avec capsule m\u00e9tallique pour po\u00eale et chaudi\u00e8re \u00e0 pellets - Capteur de chaleur avec capsule ou ampoule m\u00e9tallique pour po\u00eale et chaudi\u00e8re \u00e0 pellets -\"},{\"@type\":\"BreadcrumbList\",\"@id\":\"https:\\\/\\\/amrtop.net\\\/produit\\\/thermocouple-j-avec-connecteur-pour-carte-electronique-n100\\\/#breadcrumb\",\"itemListElement\":[{\"@type\":\"ListItem\",\"position\":1,\"name\":\"Home\",\"item\":\"https:\\\/\\\/amrtop.net\\\/\"},{\"@type\":\"ListItem\",\"position\":2,\"name\":\"Shop\",\"item\":\"https:\\\/\\\/amrtop.net\\\/negozio\\\/\"},{\"@type\":\"ListItem\",\"position\":3,\"name\":\"Thermocouple J avec connecteur pour carte \u00e9lectronique N100 code SNDF001C\"}]},{\"@type\":\"WebSite\",\"@id\":\"https:\\\/\\\/amrtop.net\\\/#website\",\"url\":\"https:\\\/\\\/amrtop.net\\\/\",\"name\":\"AMRTOP B2B \u00c9tranger - Achats r\u00e9serv\u00e9s au professionnel\",\"description\":\"Pi\u00e8ces de rechange et accessoires pour po\u00eales et chaudi\u00e8res - eCommerce B2B pour Clients Professionnels\",\"potentialAction\":[{\"@type\":\"SearchAction\",\"target\":{\"@type\":\"EntryPoint\",\"urlTemplate\":\"https:\\\/\\\/amrtop.net\\\/?s={search_term_string}\"},\"query-input\":{\"@type\":\"PropertyValueSpecification\",\"valueRequired\":true,\"valueName\":\"search_term_string\"}}],\"inLanguage\":\"ro-RO\"}]}<\/script>\n<!-- \/ Yoast SEO plugin. -->","yoast_head_json":{"title":"Termocuplu J cu conector pentru placa electronic\u0103 N100","description":"Termocuplu J cu conector pentru placa electronic\u0103 N100 - Senzor de c\u0103ldur\u0103 cu fum pentru sobe \u0219i cazane pe pele\u021bi - Senzor de temperatur\u0103 cu fum pentru sobe \u0219i cazane pe pele\u021bi - Senzor de fum cu capac metalic pentru sobe \u0219i cazane pe pele\u021bi - Senzor de c\u0103ldur\u0103 cu capac metalic sau bulb pentru sobe \u0219i cazane pe pele\u021bi - Senzor de c\u0103ldur\u0103 cu capac metalic sau bulb pentru sobe \u0219i cazane pe pele\u021bi.","robots":{"index":"index","follow":"follow","max-snippet":"max-snippet:-1","max-image-preview":"max-image-preview:large","max-video-preview":"max-video-preview:-1"},"canonical":"https:\/\/amrtop.net\/ro\/produs\/termocuplu-j-cu-conector-pentru-cartela-electronica-n100\/","og_locale":"ro_RO","og_type":"article","og_title":"Thermocouple J avec connecteur pour carte \u00e9lectronique N100","og_description":"Thermocouple J avec connecteur pour carte \u00e9lectronique N100 - D\u00e9tecteur de chaleur de fum\u00e9e pour po\u00eales et chaudi\u00e8res \u00e0 pellets - Sonde de temp\u00e9rature de fum\u00e9e pour po\u00eale et chaudi\u00e8re \u00e0 pellets - Capteur de fum\u00e9e avec capsule m\u00e9tallique pour po\u00eale et chaudi\u00e8re \u00e0 pellets - Capteur de chaleur avec capsule ou ampoule m\u00e9tallique pour po\u00eale et chaudi\u00e8re \u00e0 pellets -","og_url":"https:\/\/amrtop.net\/ro\/produs\/termocuplu-j-cu-conector-pentru-cartela-electronica-n100\/","og_site_name":"AMRTOP B2B \u00c9tranger - Achats r\u00e9serv\u00e9s au professionnel","article_modified_time":"2023-06-07T09:38:12+00:00","og_image":[{"width":960,"height":960,"url":"https:\/\/amrtop.net\/wp-content\/uploads\/2021\/09\/2.jpg","type":"image\/jpeg"}],"twitter_card":"summary_large_image","twitter_misc":{"Timp estimat pentru citire":"2 minute"},"schema":{"@context":"https:\/\/schema.org","@graph":[{"@type":"WebPage","@id":"https:\/\/amrtop.net\/produit\/thermocouple-j-avec-connecteur-pour-carte-electronique-n100\/","url":"https:\/\/amrtop.net\/produit\/thermocouple-j-avec-connecteur-pour-carte-electronique-n100\/","name":"Termocuplu J cu conector pentru placa electronic\u0103 N100","isPartOf":{"@id":"https:\/\/amrtop.net\/#website"},"primaryImageOfPage":{"@id":"https:\/\/amrtop.net\/produit\/thermocouple-j-avec-connecteur-pour-carte-electronique-n100\/#primaryimage"},"image":{"@id":"https:\/\/amrtop.net\/produit\/thermocouple-j-avec-connecteur-pour-carte-electronique-n100\/#primaryimage"},"thumbnailUrl":"https:\/\/amrtop.net\/wp-content\/uploads\/2021\/09\/2.jpg","datePublished":"2020-01-10T00:00:00+00:00","dateModified":"2023-06-07T09:38:12+00:00","description":"Termocuplu J cu conector pentru placa electronic\u0103 N100 - Senzor de c\u0103ldur\u0103 cu fum pentru sobe \u0219i cazane pe pele\u021bi - Senzor de temperatur\u0103 cu fum pentru sobe \u0219i cazane pe pele\u021bi - Senzor de fum cu capac metalic pentru sobe \u0219i cazane pe pele\u021bi - Senzor de c\u0103ldur\u0103 cu capac metalic sau bulb pentru sobe \u0219i cazane pe pele\u021bi - Senzor de c\u0103ldur\u0103 cu capac metalic sau bulb pentru sobe \u0219i cazane pe pele\u021bi.","breadcrumb":{"@id":"https:\/\/amrtop.net\/produit\/thermocouple-j-avec-connecteur-pour-carte-electronique-n100\/#breadcrumb"},"inLanguage":"ro-RO","potentialAction":[{"@type":"ReadAction","target":["https:\/\/amrtop.net\/produit\/thermocouple-j-avec-connecteur-pour-carte-electronique-n100\/"]}]},{"@type":"ImageObject","inLanguage":"ro-RO","@id":"https:\/\/amrtop.net\/produit\/thermocouple-j-avec-connecteur-pour-carte-electronique-n100\/#primaryimage","url":"https:\/\/amrtop.net\/wp-content\/uploads\/2021\/09\/2.jpg","contentUrl":"https:\/\/amrtop.net\/wp-content\/uploads\/2021\/09\/2.jpg","width":960,"height":960,"caption":"Thermocouple J avec connecteur pour carte \u00e9lectronique N100 - D\u00e9tecteur de chaleur de fum\u00e9e pour po\u00eales et chaudi\u00e8res \u00e0 pellets - Sonde de temp\u00e9rature de fum\u00e9e pour po\u00eale et chaudi\u00e8re \u00e0 pellets - Capteur de fum\u00e9e avec capsule m\u00e9tallique pour po\u00eale et chaudi\u00e8re \u00e0 pellets - Capteur de chaleur avec capsule ou ampoule m\u00e9tallique pour po\u00eale et chaudi\u00e8re \u00e0 pellets -"},{"@type":"BreadcrumbList","@id":"https:\/\/amrtop.net\/produit\/thermocouple-j-avec-connecteur-pour-carte-electronique-n100\/#breadcrumb","itemListElement":[{"@type":"ListItem","position":1,"name":"Home","item":"https:\/\/amrtop.net\/"},{"@type":"ListItem","position":2,"name":"Shop","item":"https:\/\/amrtop.net\/negozio\/"},{"@type":"ListItem","position":3,"name":"Thermocouple J avec connecteur pour carte \u00e9lectronique N100 code SNDF001C"}]},{"@type":"WebSite","@id":"https:\/\/amrtop.net\/#website","url":"https:\/\/amrtop.net\/","name":"AMRTOP B2B Abroad - Achizi\u021bii rezervate profesioni\u0219tilor","description":"Piese de schimb \u0219i accesorii pentru sobe \u0219i cazane - eCommerce B2B pentru clien\u021bi profesioni\u0219ti","potentialAction":[{"@type":"SearchAction","target":{"@type":"EntryPoint","urlTemplate":"https:\/\/amrtop.net\/?s={search_term_string}"},"query-input":{"@type":"PropertyValueSpecification","valueRequired":true,"valueName":"search_term_string"}}],"inLanguage":"ro-RO"}]}},"_links":{"self":[{"href":"https:\/\/amrtop.net\/ro\/wp-json\/wp\/v2\/product\/19157","targetHints":{"allow":["GET"]}}],"collection":[{"href":"https:\/\/amrtop.net\/ro\/wp-json\/wp\/v2\/product"}],"about":[{"href":"https:\/\/amrtop.net\/ro\/wp-json\/wp\/v2\/types\/product"}],"replies":[{"embeddable":true,"href":"https:\/\/amrtop.net\/ro\/wp-json\/wp\/v2\/comments?post=19157"}],"wp:featuredmedia":[{"embeddable":true,"href":"https:\/\/amrtop.net\/ro\/wp-json\/wp\/v2\/media\/19104"}],"wp:attachment":[{"href":"https:\/\/amrtop.net\/ro\/wp-json\/wp\/v2\/media?parent=19157"}],"wp:term":[{"taxonomy":"product_brand","embeddable":true,"href":"https:\/\/amrtop.net\/ro\/wp-json\/wp\/v2\/product_brand?post=19157"},{"taxonomy":"product_cat","embeddable":true,"href":"https:\/\/amrtop.net\/ro\/wp-json\/wp\/v2\/product_cat?post=19157"},{"taxonomy":"product_tag","embeddable":true,"href":"https:\/\/amrtop.net\/ro\/wp-json\/wp\/v2\/product_tag?post=19157"}],"curies":[{"name":"wp","href":"https:\/\/api.w.org\/{rel}","templated":true}]}}