{"id":19160,"date":"2020-10-01T00:00:00","date_gmt":"2020-10-01T00:00:00","guid":{"rendered":"https:\/\/amrtop.com\/B2B\/?post_type=product&#038;p=19160"},"modified":"2023-05-29T09:42:32","modified_gmt":"2023-05-29T09:42:32","slug":"extractor-de-fum-fergas-cod-261001-viteza-de-rotatie-2590-rpm-putere-48-w","status":"publish","type":"product","link":"https:\/\/amrtop.net\/ro\/produit\/extracteur-de-fumee-fergas-code-261001-vitesse-de-rotation-2590-rpm-puissance-48-w\/","title":{"rendered":"Extractor de fum Fergas Cod 261001 - Vitez\u0103 de rota\u021bie 2590 RPM - Putere 48 W"},"content":{"rendered":"<hr \/>\n<h1>Extractor de fum Fergas Cod 261001<\/h1>\n<p>Fergas tr\u0103ie\u0219te din inova\u021bie \u0219i face ca clien\u021bii no\u0219tri s\u0103 aib\u0103 succes! Ca parte a conceptului de afaceri: \"Partenerul dvs. global \u00een solu\u021bii de transport aerian\".<\/p>\n<p>Extractoarele de fum Fergas oferite de Amrtop au fost concepute pentru utilizarea \u00een sobe pe pele\u021bi \u0219i cazane pe biomas\u0103. Livrat cu melc din aluminiu turnat sub presiune \u0219i ventilator din aluminiu turnat sub presiune.<\/p>\n<ul>\n<li>Clasa de izolare: H<\/li>\n<li>230V - 50Hz<\/li>\n<li>Debit: 190 m\u00b3\/h<\/li>\n<li>Pozi\u021bie de func\u021bionare: orizontal\u0103 \u0219i vertical\u0103<\/li>\n<\/ul>\n<h3><strong>Care este scopul extractorului de fum?\u00a0<\/strong><\/h3>\n<p>Extragerea \u0219i eliminarea gazelor de e\u0219apament este o aplica\u021bie vital\u0103 \u00een sistemul de \u00eenc\u0103lzire pe pele\u021bi, deoarece o func\u021bionare defectuoas\u0103 a sistemului ar putea duce la eliberarea de substan\u021be nocive \u00een mediul \u00eenconjur\u0103tor.<br \/>\nExtractorul de fum este cea mai important\u0103 component\u0103, deoarece este activ la 100% \u00een toate fazele de func\u021bionare a sobei.<\/p>\n<h3>Utilizarea extractorului de fum Fergas Cod 261001<\/h3>\n<p>Extractoarele de fum Fergas oferite de Amrtop sunt instalate \u00een aparatele pe biomas\u0103 pentru a expulza fumul creat de arderea sobelor \u0219i cazanelor pe pele\u021bi, Nocciolino, Sansa, Cippato, etc...<\/p>\n<p><strong>Prezent \u00een aparatele tipice<\/strong>\u00a0Soba pe pele\u021bi - Cazan pe pele\u021bi - Arz\u0103tor pe pele\u021bi - Gr\u0103tar pe pele\u021bi Cazan pe biomas\u0103 - Arz\u0103tor pe biomas\u0103 - \u0218i multe alte arz\u0103toare<\/p>\n<h3><strong>Interior<\/strong><\/h3>\n<p><a href=\"https:\/\/wekos.it\/\">Sobe, aragazuri \u0219i aragazuri pe lemne<\/a>\u00a0-\u00a0<a href=\"https:\/\/www.greenpuros.com\/\">\u0219eminee, sobe \u0219i cazane pe pele\u021bi.<\/a><\/p>\n<h3><strong>Gama Amrtop de piese de schimb \u0219i accesorii<\/strong><\/h3>\n<p>&nbsp;<\/p>\n<p><a href=\"https:\/\/amrtop.net\/ro\/categoria-de-produse\/piese-de-schimb-sobe-si-cazane-de-gatit-si-cazane-mixte-2\/bougies-dallumage-pour-poeles-et-chaudieres-a-pellets\/\">Bujii incandescente<\/a><\/p>\n<p><a href=\"https:\/\/amrtop.net\/ro\/categoria-de-produse\/piese-de-schimb-sobe-si-cazane-de-gatit-si-cazane-mixte-2\/electronique\/\">Electronic\u0103<\/a><\/p>\n<p><a href=\"https:\/\/amrtop.net\/ro\/categoria-de-produse\/piese-de-schimb-sobe-si-cazane-de-gatit-si-cazane-mixte-2\/extracteurs-de-fumee\/\">Extractoare de fum<\/a><\/p>\n<p><a href=\"https:\/\/amrtop.net\/ro\/categoria-de-produse\/piese-de-schimb-sobe-si-cazane-de-gatit-si-cazane-mixte-2\/gaines-cable-connecteurs\/\">Teci de cablu conector<\/a><\/p>\n<p><a href=\"https:\/\/amrtop.net\/ro\/categoria-de-produse\/piese-de-schimb-sobe-si-cazane-de-gatit-si-cazane-mixte-2\/joints-de-silicone\/\">Garnituri de silicon<\/a><\/p>\n<p><a href=\"https:\/\/amrtop.net\/ro\/categoria-de-produse\/piese-de-schimb-sobe-si-cazane-de-gatit-si-cazane-mixte-2\/motoreducteurs\/\">Motoare cu angrenaje<\/a><\/p>\n<p><a href=\"https:\/\/amrtop.net\/ro\/categoria-de-produse\/piese-de-schimb-sobe-si-cazane-de-gatit-si-cazane-mixte-2\/pressostats-et-transducteurs\/\">Presostate \u0219i traductoare de presiune<\/a><\/p>\n<p><a href=\"https:\/\/amrtop.net\/ro\/categoria-de-produse\/piese-de-schimb-sobe-si-cazane-de-gatit-si-cazane-mixte-2\/sondes-thermostats-manometres-thermometres\/\">Sonde termostate manometre termometre termometre<\/a><\/p>\n<p><a href=\"https:\/\/amrtop.net\/ro\/categoria-de-produse\/piese-de-schimb-sobe-si-cazane-de-gatit-si-cazane-mixte-2\/joints-detancheite\/\">Tricotaje de etan\u0219are<\/a><\/p>\n<p><a href=\"https:\/\/amrtop.net\/ro\/categoria-de-produse\/piese-de-schimb-sobe-si-cazane-de-gatit-si-cazane-mixte-2\/ventilateurs-centrifuges-pour-poeles-a-pellets\/\">Ventilatoare centrifuge<\/a><\/p>\n<p><a href=\"https:\/\/amrtop.net\/ro\/categoria-de-produse\/piese-de-schimb-sobe-si-cazane-de-gatit-si-cazane-mixte-2\/ventilateurs-tangentiels-flux-transversal\/\">Ventilatoare cu flux \u00eencruci\u0219at<\/a><\/p>\n<p><a href=\"https:\/\/amrtop.net\/ro\/categoria-de-produse\/piese-de-schimb-sobe-si-cazane-de-gatit-si-cazane-mixte-2\/adhesifs-et-produits-detancheite\/\">Adezivi \u0219i materiale de etan\u0219are<\/a><\/p>\n<p>Personalul de la\u00a0<strong>Amrtop<\/strong> a fost instruit cu aten\u021bie pentru a v\u0103 ajuta s\u0103 identifica\u021bi orice piese de schimb care trebuie \u00eenlocuite. Oferind asisten\u021b\u0103 telefonic\u0103 \u00een limbile francez\u0103, englez\u0103, rom\u00e2n\u0103 \u0219i italian\u0103.<br \/>\nNu ezita\u021bi s\u0103 ne contacta\u021bi<\/p>","protected":false},"excerpt":{"rendered":"<hr \/>\n<h2><span style=\"color: #008000\">Disponibil la<\/span><\/h2>\n<hr \/>\n<h3>Extractor de fum Fergas<\/h3>\n<p>Cod 261001<\/p>\n<p>Presiunea generat\u0103: 261 Pa<\/p>\n<p>Debit: 173 m\u00b3\/h<\/p>\n<p>Num\u0103r de rota\u021bii: 2590 RPM<\/p>\n<p>Putere: 48 W<\/p>\n<p>Ie\u0219ire fum: \u00f8 80 mm<\/p>\n<p>Citirea turnurilor cu un cititor optic<\/p>","protected":false},"featured_media":35218,"comment_status":"open","ping_status":"closed","template":"","meta":[],"product_brand":[],"product_cat":[1305,1306,839],"product_tag":[],"class_list":{"0":"post-19160","1":"product","2":"type-product","3":"status-publish","4":"has-post-thumbnail","6":"product_cat-extracteurs-de-fumee","7":"product_cat-extracteurs-de-fumee-fergas","8":"product_cat-pieces-de-rechange-divers-poeles-et-chaudieres","9":"product_shipping_class-classe-di-spedizione-02","11":"first","12":"instock","13":"shipping-taxable","14":"purchasable","15":"product-type-simple"},"yoast_head":"<!-- This site is optimized with the Yoast SEO plugin v27.4 - https:\/\/yoast.com\/product\/yoast-seo-wordpress\/ -->\n<title>Extracteur de fum\u00e9e Fergas Code 261001<\/title>\n<meta name=\"description\" content=\"Extracteur de fum\u00e9e Fergas Code 261001-Extracteur de fum\u00e9e Fergas-Extracteur de fum\u00e9e Fergas po\u00eales et chaudi\u00e8res \u00e0 pellets\" \/>\n<meta name=\"robots\" content=\"index, follow, max-snippet:-1, max-image-preview:large, max-video-preview:-1\" \/>\n<link rel=\"canonical\" href=\"https:\/\/amrtop.net\/ro\/produs\/extractor-de-fum-fergas-cod-261001-viteza-de-rotatie-2590-rpm-putere-48-w\/\" \/>\n<meta property=\"og:locale\" content=\"ro_RO\" \/>\n<meta property=\"og:type\" content=\"article\" \/>\n<meta property=\"og:title\" content=\"Extracteur de fum\u00e9e Fergas Code 261001\" \/>\n<meta property=\"og:description\" content=\"Extracteur de fum\u00e9e Fergas Code 261001-Extracteur de fum\u00e9e Fergas-Extracteur de fum\u00e9e Fergas po\u00eales et chaudi\u00e8res \u00e0 pellets\" \/>\n<meta property=\"og:url\" content=\"https:\/\/amrtop.net\/ro\/produs\/extractor-de-fum-fergas-cod-261001-viteza-de-rotatie-2590-rpm-putere-48-w\/\" \/>\n<meta property=\"og:site_name\" content=\"AMRTOP B2B \u00c9tranger - Achats r\u00e9serv\u00e9s au professionnel\" \/>\n<meta property=\"article:modified_time\" content=\"2023-05-29T09:42:32+00:00\" \/>\n<meta property=\"og:image\" content=\"https:\/\/amrtop.net\/wp-content\/uploads\/2020\/10\/261001.jpg\" \/>\n\t<meta property=\"og:image:width\" content=\"960\" \/>\n\t<meta property=\"og:image:height\" content=\"960\" \/>\n\t<meta property=\"og:image:type\" content=\"image\/jpeg\" \/>\n<meta name=\"twitter:card\" content=\"summary_large_image\" \/>\n<meta name=\"twitter:label1\" content=\"Timp estimat pentru citire\" \/>\n\t<meta name=\"twitter:data1\" content=\"1 minut\" \/>\n<script type=\"application\/ld+json\" class=\"yoast-schema-graph\">{\"@context\":\"https:\\\/\\\/schema.org\",\"@graph\":[{\"@type\":\"WebPage\",\"@id\":\"https:\\\/\\\/amrtop.net\\\/produit\\\/extracteur-de-fumee-fergas-code-261001-vitesse-de-rotation-2590-rpm-puissance-48-w\\\/\",\"url\":\"https:\\\/\\\/amrtop.net\\\/produit\\\/extracteur-de-fumee-fergas-code-261001-vitesse-de-rotation-2590-rpm-puissance-48-w\\\/\",\"name\":\"Extracteur de fum\u00e9e Fergas Code 261001\",\"isPartOf\":{\"@id\":\"https:\\\/\\\/amrtop.net\\\/#website\"},\"primaryImageOfPage\":{\"@id\":\"https:\\\/\\\/amrtop.net\\\/produit\\\/extracteur-de-fumee-fergas-code-261001-vitesse-de-rotation-2590-rpm-puissance-48-w\\\/#primaryimage\"},\"image\":{\"@id\":\"https:\\\/\\\/amrtop.net\\\/produit\\\/extracteur-de-fumee-fergas-code-261001-vitesse-de-rotation-2590-rpm-puissance-48-w\\\/#primaryimage\"},\"thumbnailUrl\":\"https:\\\/\\\/amrtop.net\\\/wp-content\\\/uploads\\\/2020\\\/10\\\/261001.jpg\",\"datePublished\":\"2020-10-01T00:00:00+00:00\",\"dateModified\":\"2023-05-29T09:42:32+00:00\",\"description\":\"Extracteur de fum\u00e9e Fergas Code 261001-Extracteur de fum\u00e9e Fergas-Extracteur de fum\u00e9e Fergas po\u00eales et chaudi\u00e8res \u00e0 pellets\",\"breadcrumb\":{\"@id\":\"https:\\\/\\\/amrtop.net\\\/produit\\\/extracteur-de-fumee-fergas-code-261001-vitesse-de-rotation-2590-rpm-puissance-48-w\\\/#breadcrumb\"},\"inLanguage\":\"ro-RO\",\"potentialAction\":[{\"@type\":\"ReadAction\",\"target\":[\"https:\\\/\\\/amrtop.net\\\/produit\\\/extracteur-de-fumee-fergas-code-261001-vitesse-de-rotation-2590-rpm-puissance-48-w\\\/\"]}]},{\"@type\":\"ImageObject\",\"inLanguage\":\"ro-RO\",\"@id\":\"https:\\\/\\\/amrtop.net\\\/produit\\\/extracteur-de-fumee-fergas-code-261001-vitesse-de-rotation-2590-rpm-puissance-48-w\\\/#primaryimage\",\"url\":\"https:\\\/\\\/amrtop.net\\\/wp-content\\\/uploads\\\/2020\\\/10\\\/261001.jpg\",\"contentUrl\":\"https:\\\/\\\/amrtop.net\\\/wp-content\\\/uploads\\\/2020\\\/10\\\/261001.jpg\",\"width\":960,\"height\":960,\"caption\":\"Extracteur de fum\u00e9e Fergas Code 261001-Extracteur de fum\u00e9e Fergas-Extracteur de fum\u00e9e Fergas po\u00eales et chaudi\u00e8res \u00e0 pellets\"},{\"@type\":\"BreadcrumbList\",\"@id\":\"https:\\\/\\\/amrtop.net\\\/produit\\\/extracteur-de-fumee-fergas-code-261001-vitesse-de-rotation-2590-rpm-puissance-48-w\\\/#breadcrumb\",\"itemListElement\":[{\"@type\":\"ListItem\",\"position\":1,\"name\":\"Home\",\"item\":\"https:\\\/\\\/amrtop.net\\\/\"},{\"@type\":\"ListItem\",\"position\":2,\"name\":\"Shop\",\"item\":\"https:\\\/\\\/amrtop.net\\\/negozio\\\/\"},{\"@type\":\"ListItem\",\"position\":3,\"name\":\"Extracteur de fum\u00e9e Fergas Code 261001 &#8211; Vitesse de rotation 2590 RPM &#8211; Puissance 48 W\"}]},{\"@type\":\"WebSite\",\"@id\":\"https:\\\/\\\/amrtop.net\\\/#website\",\"url\":\"https:\\\/\\\/amrtop.net\\\/\",\"name\":\"AMRTOP B2B \u00c9tranger - Achats r\u00e9serv\u00e9s au professionnel\",\"description\":\"Pi\u00e8ces de rechange et accessoires pour po\u00eales et chaudi\u00e8res - eCommerce B2B pour Clients Professionnels\",\"potentialAction\":[{\"@type\":\"SearchAction\",\"target\":{\"@type\":\"EntryPoint\",\"urlTemplate\":\"https:\\\/\\\/amrtop.net\\\/?s={search_term_string}\"},\"query-input\":{\"@type\":\"PropertyValueSpecification\",\"valueRequired\":true,\"valueName\":\"search_term_string\"}}],\"inLanguage\":\"ro-RO\"}]}<\/script>\n<!-- \/ Yoast SEO plugin. -->","yoast_head_json":{"title":"Extractor de fum Fergas Cod 261001","description":"Extractor de fum Fergas Cod 261001-Fergas extractor de fum-Fergas extractor de fum pentru sobe \u0219i cazane pe pele\u021bi","robots":{"index":"index","follow":"follow","max-snippet":"max-snippet:-1","max-image-preview":"max-image-preview:large","max-video-preview":"max-video-preview:-1"},"canonical":"https:\/\/amrtop.net\/ro\/produs\/extractor-de-fum-fergas-cod-261001-viteza-de-rotatie-2590-rpm-putere-48-w\/","og_locale":"ro_RO","og_type":"article","og_title":"Extracteur de fum\u00e9e Fergas Code 261001","og_description":"Extracteur de fum\u00e9e Fergas Code 261001-Extracteur de fum\u00e9e Fergas-Extracteur de fum\u00e9e Fergas po\u00eales et chaudi\u00e8res \u00e0 pellets","og_url":"https:\/\/amrtop.net\/ro\/produs\/extractor-de-fum-fergas-cod-261001-viteza-de-rotatie-2590-rpm-putere-48-w\/","og_site_name":"AMRTOP B2B \u00c9tranger - Achats r\u00e9serv\u00e9s au professionnel","article_modified_time":"2023-05-29T09:42:32+00:00","og_image":[{"width":960,"height":960,"url":"https:\/\/amrtop.net\/wp-content\/uploads\/2020\/10\/261001.jpg","type":"image\/jpeg"}],"twitter_card":"summary_large_image","twitter_misc":{"Timp estimat pentru citire":"1 minut"},"schema":{"@context":"https:\/\/schema.org","@graph":[{"@type":"WebPage","@id":"https:\/\/amrtop.net\/produit\/extracteur-de-fumee-fergas-code-261001-vitesse-de-rotation-2590-rpm-puissance-48-w\/","url":"https:\/\/amrtop.net\/produit\/extracteur-de-fumee-fergas-code-261001-vitesse-de-rotation-2590-rpm-puissance-48-w\/","name":"Extractor de fum Fergas Cod 261001","isPartOf":{"@id":"https:\/\/amrtop.net\/#website"},"primaryImageOfPage":{"@id":"https:\/\/amrtop.net\/produit\/extracteur-de-fumee-fergas-code-261001-vitesse-de-rotation-2590-rpm-puissance-48-w\/#primaryimage"},"image":{"@id":"https:\/\/amrtop.net\/produit\/extracteur-de-fumee-fergas-code-261001-vitesse-de-rotation-2590-rpm-puissance-48-w\/#primaryimage"},"thumbnailUrl":"https:\/\/amrtop.net\/wp-content\/uploads\/2020\/10\/261001.jpg","datePublished":"2020-10-01T00:00:00+00:00","dateModified":"2023-05-29T09:42:32+00:00","description":"Extractor de fum Fergas Cod 261001-Fergas extractor de fum-Fergas extractor de fum pentru sobe \u0219i cazane pe pele\u021bi","breadcrumb":{"@id":"https:\/\/amrtop.net\/produit\/extracteur-de-fumee-fergas-code-261001-vitesse-de-rotation-2590-rpm-puissance-48-w\/#breadcrumb"},"inLanguage":"ro-RO","potentialAction":[{"@type":"ReadAction","target":["https:\/\/amrtop.net\/produit\/extracteur-de-fumee-fergas-code-261001-vitesse-de-rotation-2590-rpm-puissance-48-w\/"]}]},{"@type":"ImageObject","inLanguage":"ro-RO","@id":"https:\/\/amrtop.net\/produit\/extracteur-de-fumee-fergas-code-261001-vitesse-de-rotation-2590-rpm-puissance-48-w\/#primaryimage","url":"https:\/\/amrtop.net\/wp-content\/uploads\/2020\/10\/261001.jpg","contentUrl":"https:\/\/amrtop.net\/wp-content\/uploads\/2020\/10\/261001.jpg","width":960,"height":960,"caption":"Extracteur de fum\u00e9e Fergas Code 261001-Extracteur de fum\u00e9e Fergas-Extracteur de fum\u00e9e Fergas po\u00eales et chaudi\u00e8res \u00e0 pellets"},{"@type":"BreadcrumbList","@id":"https:\/\/amrtop.net\/produit\/extracteur-de-fumee-fergas-code-261001-vitesse-de-rotation-2590-rpm-puissance-48-w\/#breadcrumb","itemListElement":[{"@type":"ListItem","position":1,"name":"Home","item":"https:\/\/amrtop.net\/"},{"@type":"ListItem","position":2,"name":"Shop","item":"https:\/\/amrtop.net\/negozio\/"},{"@type":"ListItem","position":3,"name":"Extracteur de fum\u00e9e Fergas Code 261001 &#8211; Vitesse de rotation 2590 RPM &#8211; Puissance 48 W"}]},{"@type":"WebSite","@id":"https:\/\/amrtop.net\/#website","url":"https:\/\/amrtop.net\/","name":"AMRTOP B2B Abroad - Achizi\u021bii rezervate profesioni\u0219tilor","description":"Piese de schimb \u0219i accesorii pentru sobe \u0219i cazane - eCommerce B2B pentru clien\u021bi profesioni\u0219ti","potentialAction":[{"@type":"SearchAction","target":{"@type":"EntryPoint","urlTemplate":"https:\/\/amrtop.net\/?s={search_term_string}"},"query-input":{"@type":"PropertyValueSpecification","valueRequired":true,"valueName":"search_term_string"}}],"inLanguage":"ro-RO"}]}},"_links":{"self":[{"href":"https:\/\/amrtop.net\/ro\/wp-json\/wp\/v2\/product\/19160","targetHints":{"allow":["GET"]}}],"collection":[{"href":"https:\/\/amrtop.net\/ro\/wp-json\/wp\/v2\/product"}],"about":[{"href":"https:\/\/amrtop.net\/ro\/wp-json\/wp\/v2\/types\/product"}],"replies":[{"embeddable":true,"href":"https:\/\/amrtop.net\/ro\/wp-json\/wp\/v2\/comments?post=19160"}],"wp:featuredmedia":[{"embeddable":true,"href":"https:\/\/amrtop.net\/ro\/wp-json\/wp\/v2\/media\/35218"}],"wp:attachment":[{"href":"https:\/\/amrtop.net\/ro\/wp-json\/wp\/v2\/media?parent=19160"}],"wp:term":[{"taxonomy":"product_brand","embeddable":true,"href":"https:\/\/amrtop.net\/ro\/wp-json\/wp\/v2\/product_brand?post=19160"},{"taxonomy":"product_cat","embeddable":true,"href":"https:\/\/amrtop.net\/ro\/wp-json\/wp\/v2\/product_cat?post=19160"},{"taxonomy":"product_tag","embeddable":true,"href":"https:\/\/amrtop.net\/ro\/wp-json\/wp\/v2\/product_tag?post=19160"}],"curies":[{"name":"wp","href":"https:\/\/api.w.org\/{rel}","templated":true}]}}