{"id":19523,"date":"2020-01-10T00:00:00","date_gmt":"2020-01-10T00:00:00","guid":{"rendered":"https:\/\/amrtop.com\/B2B\/?post_type=product&#038;p=19523"},"modified":"2024-06-20T12:51:49","modified_gmt":"2024-06-20T12:51:49","slug":"bougie-avec-raccord-3-8-l-195-mm-350w","status":"publish","type":"product","link":"https:\/\/amrtop.net\/ro\/produit\/bougie-avec-raccord-3-8-l-195-mm-350w\/","title":{"rendered":"Bougie avec raccord 3\/8\u2033 \u00f8 9,9 mm &#8211; 350 Watt &#8211; longueur totale 195 mm \u2013 Code ELD60041"},"content":{"rendered":"<hr \/>\n<h3><strong>Bougie avec raccord 3\/8&#8243; L.195 mm 350w<\/strong><\/h3>\n<p><strong>Amrtop<\/strong>\u00a0offre 12 types de bougies d\u2019allumage avec raccord 3\/8&#8243; \u00f8 9,9 mm de diff\u00e9rentes longueurs sont de type\u00a0<strong>densitate mare de putere cu tehnologia Ultramax SC400\u00a0<\/strong>Acestea fac parte din noua genera\u021bie de elemente de \u00eenc\u0103lzire electrice, permi\u021b\u00e2nd utilizarea sarcinilor de putere mare \u00een spa\u021bii foarte concentrate. Ele garanteaz\u0103 o mare fiabilitate chiar \u0219i \u00een cele mai dificile condi\u021bii de lucru. Acest lucru este posibil datorit\u0103 tehnologiei speciale de construc\u021bie care face din aceste dispozitive cea mai avansat\u0103 expresie a elementelor de \u00eenc\u0103lzire.<\/p>\n<p>S\u00e2rma, \u00eenf\u0103\u0219urat\u0103 pe un miez de oxid de magneziu, se afl\u0103 \u00eentr-o pozi\u021bie periferic\u0103 foarte apropiat\u0103 de \u00eenveli\u0219ul metalic pe tot parcursul dezvolt\u0103rii sale. Un perete izolator foarte sub\u021bire \u0219i foarte comprimat asigur\u0103 un schimb de c\u0103ldur\u0103 foarte eficient, men\u021bin\u00e2nd temperatura firului de rezisten\u021b\u0103 mult mai sc\u0103zut\u0103 dec\u00e2t \u00een cazul altor \u00eenc\u0103lzitoare \u00een care firul se afl\u0103 \u00eentr-o pozi\u021bie mai ad\u00e2nc\u0103.<\/p>\n<h3>Utilisation de la bougie avec raccord 3\/8&#8243; L.195 mm 350w<\/h3>\n<p>La bougie de pr\u00e9chauffage, r\u00e9sistance ou cartouche d\u2019allumage commercialis\u00e9e par\u00a0<strong>Amrtop<\/strong>\u00a0pour les po\u00eales et chaudi\u00e8res \u00e0 pellets raccord\u00e9s 3\/8&#8243; \u00f8 9,9 mm &#8211; 350 Watt &#8211; Longueur totale 195 mm &#8211; Code ELD60041 est utilis\u00e9 dans le secteur du chauffage \u00e0 biomasse pellets, copeaux et autres &#8230; sont mont\u00e9es dans les po\u00eales et chaudi\u00e8res \u00e0 pellets pour cr\u00e9er l\u2019inflammation du combustible indirectement par l\u2019air ou directement.<\/p>\n<h3><strong>Avantaje :<\/strong><\/h3>\n<p>Care sunt avantajele bujiilor, rezisten\u021belor sau cartu\u0219elor de aprindere?<\/p>\n<ul>\n<li>Siguran\u021b\u0103 maxim\u0103 (f\u0103r\u0103 risc de supra\u00eenc\u0103lzire, scurtcircuit sau incendiu)<\/li>\n<li>\u00centreaga lungime poate fi utilizat\u0103 ca element de \u00eenc\u0103lzire.<\/li>\n<li>Circula\u021bie mai bun\u0103 \u0219i timp redus pentru atingerea temperaturii de func\u021bionare, ceea ce duce la un consum mai mic de energie electric\u0103.<\/li>\n<\/ul>\n<h3><strong>Tehnologia SC400 ultramax<\/strong><\/h3>\n<p><strong>Ultramax SC 400<\/strong>est une cartouche avec un scellement absolument \u00e9tanche, compatible avec les temp\u00e9ratures \u00e9lev\u00e9es avec un processus \u00e0 cycle contr\u00f4l\u00e9, est fondu dans la t\u00eate du r\u00e9chauffeur pour former un scellage coh\u00e9rent aux surfaces m\u00e9talliques au niveau mol\u00e9culaire. L\u2019utilisation des cartouches ULTRAMAX SC400 devient indispensable dans tous les cas, qu\u2019il s\u2019agisse d\u2019une s\u00e9curit\u00e9 et d\u2019une fiabilit\u00e9 \u00e9lev\u00e9es, comme dans le cas d\u2019utilisations sur \u00e9quipements \u00e9lectrom\u00e9dicaux, outils manuels, applications a\u00e9ronautiques, spatiales, atomiques, chirurgicales, militaires.<\/p>\n<h3><strong>Interior<\/strong><\/h3>\n<p><a href=\"https:\/\/wekos.it\/\">Sobe, aragazuri \u0219i aragazuri pe lemne<\/a>\u00a0-\u00a0<a href=\"https:\/\/www.greenpuros.com\/\">\u0219eminee, sobe \u0219i cazane pe pele\u021bi.<\/a><\/p>\n<h3><strong>Gama Amrtop de piese de schimb \u0219i accesorii<\/strong><\/h3>\n<p>&nbsp;<\/p>\n<p><a href=\"https:\/\/amrtop.net\/ro\/categoria-de-produse\/piese-de-schimb-sobe-si-cazane-de-gatit-si-cazane-mixte-2\/bougies-dallumage-pour-poeles-et-chaudieres-a-pellets\/\">Bujii incandescente<\/a><\/p>\n<p><a href=\"https:\/\/amrtop.net\/ro\/categoria-de-produse\/piese-de-schimb-sobe-si-cazane-de-gatit-si-cazane-mixte-2\/electronique\/\">Electronic\u0103<\/a><\/p>\n<p><a href=\"https:\/\/amrtop.net\/ro\/categoria-de-produse\/piese-de-schimb-sobe-si-cazane-de-gatit-si-cazane-mixte-2\/extracteurs-de-fumee\/\">Extractoare de fum<\/a><\/p>\n<p><a href=\"https:\/\/amrtop.net\/ro\/categoria-de-produse\/piese-de-schimb-sobe-si-cazane-de-gatit-si-cazane-mixte-2\/gaines-cable-connecteurs\/\">Teci de cablu conector<\/a><\/p>\n<p><a href=\"https:\/\/amrtop.net\/ro\/categoria-de-produse\/piese-de-schimb-sobe-si-cazane-de-gatit-si-cazane-mixte-2\/joints-de-silicone\/\">Garnituri de silicon<\/a><\/p>\n<p><a href=\"https:\/\/amrtop.net\/ro\/categoria-de-produse\/piese-de-schimb-sobe-si-cazane-de-gatit-si-cazane-mixte-2\/motoreducteurs\/\">Motoare cu angrenaje<\/a><\/p>\n<p><a href=\"https:\/\/amrtop.net\/ro\/categoria-de-produse\/piese-de-schimb-sobe-si-cazane-de-gatit-si-cazane-mixte-2\/pressostats-et-transducteurs\/\">Presostate \u0219i traductoare de presiune<\/a><\/p>\n<p><a href=\"https:\/\/amrtop.com\/B2B\/fr\/categorie-produit\/ricambi-vari-stufe-e-caldaie\/sonde-termostati-manometri-termometri\/\">Sonde termostate manometre termometre termometre<\/a><\/p>\n<p><a href=\"https:\/\/amrtop.net\/ro\/categoria-de-produse\/piese-de-schimb-sobe-si-cazane-de-gatit-si-cazane-mixte-2\/joints-detancheite\/\">Tricotaje de etan\u0219are<\/a><\/p>\n<p><a href=\"https:\/\/amrtop.net\/ro\/categoria-de-produse\/piese-de-schimb-sobe-si-cazane-de-gatit-si-cazane-mixte-2\/ventilateurs-centrifuges-pour-poeles-a-pellets\/\">Ventilatoare centrifuge<\/a><\/p>\n<p><a href=\"https:\/\/amrtop.net\/ro\/categoria-de-produse\/piese-de-schimb-sobe-si-cazane-de-gatit-si-cazane-mixte-2\/ventilateurs-tangentiels-flux-transversal\/\">Ventilatoare cu flux \u00eencruci\u0219at<\/a><\/p>\n<p><a href=\"https:\/\/amrtop.net\/ro\/categoria-de-produse\/piese-de-schimb-sobe-si-cazane-de-gatit-si-cazane-mixte-2\/adhesifs-et-produits-detancheite\/\">Adezivi \u0219i materiale de etan\u0219are<\/a><\/p>\n<p>&nbsp;<\/p>\n<p>&nbsp;<\/p>","protected":false},"excerpt":{"rendered":"<hr \/>\n<h2><span style=\"color: #003300;\">Disponibil la<\/span><\/h2>\n<hr \/>\n<h3>Bujie cu conexiune de 3\/8\u2033<\/h3>\n<p>Code ELD60041<\/p>\n<p>\u00f8 9.9 mm<br \/>\nLongueur totale : 190 mm<br \/>\nLongueur sous \u00e9crou : 180 mm<br \/>\nPutere: 350 W<br \/>\nLungime cablu: 500 mm<\/p>\n<h3>Compatibilitate<\/h3>\n<hr \/>\n<h3>Bujie\/rezistor\/cartu\u0219 de aprindere compatibil cu urm\u0103toarele m\u0103rci de sobe pe pele\u021bi<\/h3>\n<p><strong>Piazzetta Mod:\u00a0<\/strong>P 137, P163, P 939, P943, P949, P 963 T et D Version 18, P 980 T &amp; D, IP 9, IP 11<\/p>\n<p><strong>Superior Mod:<\/strong>\u00a0Rita, Sabrina Version 18, Siria Version 18, Solange Version 18, Sonia, Sveva Version 18, Sally, SCP 9, SCP 11.<\/p>","protected":false},"featured_media":39820,"comment_status":"open","ping_status":"closed","template":"","meta":[],"product_brand":[],"product_cat":[842,840,839],"product_tag":[95],"class_list":{"0":"post-19523","1":"product","2":"type-product","3":"status-publish","4":"has-post-thumbnail","6":"product_cat-bougies-avec-raccord-3-8-o-9-9-mm","7":"product_cat-bougies-dallumage-pour-poeles-et-chaudieres-a-pellets","8":"product_cat-pieces-de-rechange-divers-poeles-et-chaudieres","9":"product_tag-thermorossi","10":"product_shipping_class-classe-di-spedizione-01","12":"first","13":"instock","14":"shipping-taxable","15":"purchasable","16":"product-type-simple"},"yoast_head":"<!-- This site is optimized with the Yoast SEO plugin v27.4 - https:\/\/yoast.com\/product\/yoast-seo-wordpress\/ -->\n<title>Bougie avec raccord 3\/8&quot; L.195 mm 350w<\/title>\n<meta name=\"description\" content=\"Bougie avec raccord 3\/8&quot; L.195 mm 350w - r\u00e9sistance \u00e0 l\u2019allumage avec raccord 3\/8&quot; de 9,9 mm - cartouche \u00e0 allumage raccord 3\/8&quot; de 9,9 mm\" \/>\n<meta name=\"robots\" content=\"index, follow, max-snippet:-1, max-image-preview:large, max-video-preview:-1\" \/>\n<link rel=\"canonical\" href=\"https:\/\/amrtop.net\/ro\/produs\/bougie-avec-raccord-3-8-l-195-mm-350w\/\" \/>\n<meta property=\"og:locale\" content=\"ro_RO\" \/>\n<meta property=\"og:type\" content=\"article\" \/>\n<meta property=\"og:title\" content=\"Bougie avec raccord 3\/8&quot; L.195 mm 350w\" \/>\n<meta property=\"og:description\" content=\"Bougie avec raccord 3\/8&quot; L.195 mm 350w - r\u00e9sistance \u00e0 l\u2019allumage avec raccord 3\/8&quot; de 9,9 mm - cartouche \u00e0 allumage raccord 3\/8&quot; de 9,9 mm\" \/>\n<meta property=\"og:url\" content=\"https:\/\/amrtop.net\/ro\/produs\/bougie-avec-raccord-3-8-l-195-mm-350w\/\" \/>\n<meta property=\"og:site_name\" content=\"AMRTOP B2B \u00c9tranger - Achats r\u00e9serv\u00e9s au professionnel\" \/>\n<meta property=\"article:modified_time\" content=\"2024-06-20T12:51:49+00:00\" \/>\n<meta property=\"og:image\" content=\"https:\/\/amrtop.net\/wp-content\/uploads\/2020\/01\/ELD60041-2.jpg\" \/>\n\t<meta property=\"og:image:width\" content=\"960\" \/>\n\t<meta property=\"og:image:height\" content=\"960\" \/>\n\t<meta property=\"og:image:type\" content=\"image\/jpeg\" \/>\n<meta name=\"twitter:card\" content=\"summary_large_image\" \/>\n<meta name=\"twitter:label1\" content=\"Timp estimat pentru citire\" \/>\n\t<meta name=\"twitter:data1\" content=\"3 minute\" \/>\n<script type=\"application\/ld+json\" class=\"yoast-schema-graph\">{\"@context\":\"https:\\\/\\\/schema.org\",\"@graph\":[{\"@type\":\"WebPage\",\"@id\":\"https:\\\/\\\/amrtop.net\\\/produit\\\/bougie-avec-raccord-3-8-l-195-mm-350w\\\/\",\"url\":\"https:\\\/\\\/amrtop.net\\\/produit\\\/bougie-avec-raccord-3-8-l-195-mm-350w\\\/\",\"name\":\"Bougie avec raccord 3\\\/8\\\" L.195 mm 350w\",\"isPartOf\":{\"@id\":\"https:\\\/\\\/amrtop.net\\\/#website\"},\"primaryImageOfPage\":{\"@id\":\"https:\\\/\\\/amrtop.net\\\/produit\\\/bougie-avec-raccord-3-8-l-195-mm-350w\\\/#primaryimage\"},\"image\":{\"@id\":\"https:\\\/\\\/amrtop.net\\\/produit\\\/bougie-avec-raccord-3-8-l-195-mm-350w\\\/#primaryimage\"},\"thumbnailUrl\":\"https:\\\/\\\/amrtop.net\\\/wp-content\\\/uploads\\\/2020\\\/01\\\/ELD60041-2.jpg\",\"datePublished\":\"2020-01-10T00:00:00+00:00\",\"dateModified\":\"2024-06-20T12:51:49+00:00\",\"description\":\"Bougie avec raccord 3\\\/8\\\" L.195 mm 350w - r\u00e9sistance \u00e0 l\u2019allumage avec raccord 3\\\/8\\\" de 9,9 mm - cartouche \u00e0 allumage raccord 3\\\/8\\\" de 9,9 mm\",\"breadcrumb\":{\"@id\":\"https:\\\/\\\/amrtop.net\\\/produit\\\/bougie-avec-raccord-3-8-l-195-mm-350w\\\/#breadcrumb\"},\"inLanguage\":\"ro-RO\",\"potentialAction\":[{\"@type\":\"ReadAction\",\"target\":[\"https:\\\/\\\/amrtop.net\\\/produit\\\/bougie-avec-raccord-3-8-l-195-mm-350w\\\/\"]}]},{\"@type\":\"ImageObject\",\"inLanguage\":\"ro-RO\",\"@id\":\"https:\\\/\\\/amrtop.net\\\/produit\\\/bougie-avec-raccord-3-8-l-195-mm-350w\\\/#primaryimage\",\"url\":\"https:\\\/\\\/amrtop.net\\\/wp-content\\\/uploads\\\/2020\\\/01\\\/ELD60041-2.jpg\",\"contentUrl\":\"https:\\\/\\\/amrtop.net\\\/wp-content\\\/uploads\\\/2020\\\/01\\\/ELD60041-2.jpg\",\"width\":960,\"height\":960,\"caption\":\"Bougie avec raccord 3\\\/8\u2033 \u00f8 9,9 mm - 350 Watt - longueur totale 195 mm \u2013 Code ELD60041\"},{\"@type\":\"BreadcrumbList\",\"@id\":\"https:\\\/\\\/amrtop.net\\\/produit\\\/bougie-avec-raccord-3-8-l-195-mm-350w\\\/#breadcrumb\",\"itemListElement\":[{\"@type\":\"ListItem\",\"position\":1,\"name\":\"Home\",\"item\":\"https:\\\/\\\/amrtop.net\\\/\"},{\"@type\":\"ListItem\",\"position\":2,\"name\":\"Shop\",\"item\":\"https:\\\/\\\/amrtop.net\\\/negozio\\\/\"},{\"@type\":\"ListItem\",\"position\":3,\"name\":\"Bougie avec raccord 3\\\/8\u2033 \u00f8 9,9 mm &#8211; 350 Watt &#8211; longueur totale 195 mm \u2013 Code ELD60041\"}]},{\"@type\":\"WebSite\",\"@id\":\"https:\\\/\\\/amrtop.net\\\/#website\",\"url\":\"https:\\\/\\\/amrtop.net\\\/\",\"name\":\"AMRTOP B2B \u00c9tranger - Achats r\u00e9serv\u00e9s au professionnel\",\"description\":\"Pi\u00e8ces de rechange et accessoires pour po\u00eales et chaudi\u00e8res - eCommerce B2B pour Clients Professionnels\",\"potentialAction\":[{\"@type\":\"SearchAction\",\"target\":{\"@type\":\"EntryPoint\",\"urlTemplate\":\"https:\\\/\\\/amrtop.net\\\/?s={search_term_string}\"},\"query-input\":{\"@type\":\"PropertyValueSpecification\",\"valueRequired\":true,\"valueName\":\"search_term_string\"}}],\"inLanguage\":\"ro-RO\"}]}<\/script>\n<!-- \/ Yoast SEO plugin. -->","yoast_head_json":{"title":"Bougie avec raccord 3\/8\" L.195 mm 350w","description":"Bougie avec raccord 3\/8\" L.195 mm 350w - r\u00e9sistance \u00e0 l\u2019allumage avec raccord 3\/8\" de 9,9 mm - cartouche \u00e0 allumage raccord 3\/8\" de 9,9 mm","robots":{"index":"index","follow":"follow","max-snippet":"max-snippet:-1","max-image-preview":"max-image-preview:large","max-video-preview":"max-video-preview:-1"},"canonical":"https:\/\/amrtop.net\/ro\/produs\/bougie-avec-raccord-3-8-l-195-mm-350w\/","og_locale":"ro_RO","og_type":"article","og_title":"Bougie avec raccord 3\/8\" L.195 mm 350w","og_description":"Bougie avec raccord 3\/8\" L.195 mm 350w - r\u00e9sistance \u00e0 l\u2019allumage avec raccord 3\/8\" de 9,9 mm - cartouche \u00e0 allumage raccord 3\/8\" de 9,9 mm","og_url":"https:\/\/amrtop.net\/ro\/produs\/bougie-avec-raccord-3-8-l-195-mm-350w\/","og_site_name":"AMRTOP B2B \u00c9tranger - Achats r\u00e9serv\u00e9s au professionnel","article_modified_time":"2024-06-20T12:51:49+00:00","og_image":[{"width":960,"height":960,"url":"https:\/\/amrtop.net\/wp-content\/uploads\/2020\/01\/ELD60041-2.jpg","type":"image\/jpeg"}],"twitter_card":"summary_large_image","twitter_misc":{"Timp estimat pentru citire":"3 minute"},"schema":{"@context":"https:\/\/schema.org","@graph":[{"@type":"WebPage","@id":"https:\/\/amrtop.net\/produit\/bougie-avec-raccord-3-8-l-195-mm-350w\/","url":"https:\/\/amrtop.net\/produit\/bougie-avec-raccord-3-8-l-195-mm-350w\/","name":"Bougie avec raccord 3\/8\" L.195 mm 350w","isPartOf":{"@id":"https:\/\/amrtop.net\/#website"},"primaryImageOfPage":{"@id":"https:\/\/amrtop.net\/produit\/bougie-avec-raccord-3-8-l-195-mm-350w\/#primaryimage"},"image":{"@id":"https:\/\/amrtop.net\/produit\/bougie-avec-raccord-3-8-l-195-mm-350w\/#primaryimage"},"thumbnailUrl":"https:\/\/amrtop.net\/wp-content\/uploads\/2020\/01\/ELD60041-2.jpg","datePublished":"2020-01-10T00:00:00+00:00","dateModified":"2024-06-20T12:51:49+00:00","description":"Bougie avec raccord 3\/8\" L.195 mm 350w - r\u00e9sistance \u00e0 l\u2019allumage avec raccord 3\/8\" de 9,9 mm - cartouche \u00e0 allumage raccord 3\/8\" de 9,9 mm","breadcrumb":{"@id":"https:\/\/amrtop.net\/produit\/bougie-avec-raccord-3-8-l-195-mm-350w\/#breadcrumb"},"inLanguage":"ro-RO","potentialAction":[{"@type":"ReadAction","target":["https:\/\/amrtop.net\/produit\/bougie-avec-raccord-3-8-l-195-mm-350w\/"]}]},{"@type":"ImageObject","inLanguage":"ro-RO","@id":"https:\/\/amrtop.net\/produit\/bougie-avec-raccord-3-8-l-195-mm-350w\/#primaryimage","url":"https:\/\/amrtop.net\/wp-content\/uploads\/2020\/01\/ELD60041-2.jpg","contentUrl":"https:\/\/amrtop.net\/wp-content\/uploads\/2020\/01\/ELD60041-2.jpg","width":960,"height":960,"caption":"Bougie avec raccord 3\/8\u2033 \u00f8 9,9 mm - 350 Watt - longueur totale 195 mm \u2013 Code ELD60041"},{"@type":"BreadcrumbList","@id":"https:\/\/amrtop.net\/produit\/bougie-avec-raccord-3-8-l-195-mm-350w\/#breadcrumb","itemListElement":[{"@type":"ListItem","position":1,"name":"Home","item":"https:\/\/amrtop.net\/"},{"@type":"ListItem","position":2,"name":"Shop","item":"https:\/\/amrtop.net\/negozio\/"},{"@type":"ListItem","position":3,"name":"Bougie avec raccord 3\/8\u2033 \u00f8 9,9 mm &#8211; 350 Watt &#8211; longueur totale 195 mm \u2013 Code ELD60041"}]},{"@type":"WebSite","@id":"https:\/\/amrtop.net\/#website","url":"https:\/\/amrtop.net\/","name":"AMRTOP B2B Abroad - Achizi\u021bii rezervate profesioni\u0219tilor","description":"Piese de schimb \u0219i accesorii pentru sobe \u0219i cazane - eCommerce B2B pentru clien\u021bi profesioni\u0219ti","potentialAction":[{"@type":"SearchAction","target":{"@type":"EntryPoint","urlTemplate":"https:\/\/amrtop.net\/?s={search_term_string}"},"query-input":{"@type":"PropertyValueSpecification","valueRequired":true,"valueName":"search_term_string"}}],"inLanguage":"ro-RO"}]}},"_links":{"self":[{"href":"https:\/\/amrtop.net\/ro\/wp-json\/wp\/v2\/product\/19523","targetHints":{"allow":["GET"]}}],"collection":[{"href":"https:\/\/amrtop.net\/ro\/wp-json\/wp\/v2\/product"}],"about":[{"href":"https:\/\/amrtop.net\/ro\/wp-json\/wp\/v2\/types\/product"}],"replies":[{"embeddable":true,"href":"https:\/\/amrtop.net\/ro\/wp-json\/wp\/v2\/comments?post=19523"}],"wp:featuredmedia":[{"embeddable":true,"href":"https:\/\/amrtop.net\/ro\/wp-json\/wp\/v2\/media\/39820"}],"wp:attachment":[{"href":"https:\/\/amrtop.net\/ro\/wp-json\/wp\/v2\/media?parent=19523"}],"wp:term":[{"taxonomy":"product_brand","embeddable":true,"href":"https:\/\/amrtop.net\/ro\/wp-json\/wp\/v2\/product_brand?post=19523"},{"taxonomy":"product_cat","embeddable":true,"href":"https:\/\/amrtop.net\/ro\/wp-json\/wp\/v2\/product_cat?post=19523"},{"taxonomy":"product_tag","embeddable":true,"href":"https:\/\/amrtop.net\/ro\/wp-json\/wp\/v2\/product_tag?post=19523"}],"curies":[{"name":"wp","href":"https:\/\/api.w.org\/{rel}","templated":true}]}}