{"id":20432,"date":"2020-10-01T00:00:00","date_gmt":"2020-10-01T00:00:00","guid":{"rendered":"https:\/\/amrtop.com\/B2B\/?post_type=product&#038;p=20432"},"modified":"2023-06-03T09:15:19","modified_gmt":"2023-06-03T09:15:19","slug":"ventilateur-tangentiel-fergas-o-65-mm-ventilateur-240-mm","status":"publish","type":"product","link":"https:\/\/amrtop.net\/ro\/produit\/ventilateur-tangentiel-fergas-o-65-mm-ventilateur-240-mm\/","title":{"rendered":"Ventilateur tangentiel Fergas Code180600-D1 &#8211; Longueur du ventilateur 240 mm &#8211; Longueur totale 315,5 mm"},"content":{"rendered":"<h3>Ventilateur tangentiel Fergas \u00f8 65 mm ventilateur 240 mm<\/h3>\n<p>\u00cenfiin\u021bat\u0103 \u00een Link\u00f6ping, Suedia, \u00een 1949 de c\u0103tre fondatorul nostru Lennart Wallman, compania r\u0103m\u00e2ne \u0219i ast\u0103zi \u00een proprietatea aceleia\u0219i familii.<\/p>\n<p>Ventilatoarele cu flux \u00eencruci\u0219at Fergas oferite de Amrtop sunt utilizate \u00eentr-o gam\u0103 larg\u0103 de aplica\u021bii, cum ar fi \u0219emineele cu efect de flac\u0103r\u0103, ma\u0219inile de sp\u0103lat vase, echipamentele medicale \u0219i pentru r\u0103cirea multor tipuri de echipamente electronice. Acestea sunt disponibile \u00een diferite lungimi \u0219i diametre, \u00een versiuni simple \u0219i duble, cu o gam\u0103 larg\u0103 de motoare.<\/p>\n<p>Amrtop ofer\u0103 o gam\u0103 larg\u0103 de produse de ventila\u021bie Fergas special concepute pentru sectorul de \u00eenc\u0103lzire \u0219i refrigerare.<\/p>\n<h3>Utilisation du ventilateur tangentiel Fergas \u00f8 65 mm ventilateur 240 mm<\/h3>\n<p>Ventilatorul centrifugal propus de Amrtop este instalat \u00een aparatele pe biomas\u0103 pentru a extrage aerul cald creat de corpul de ardere \u0219i apoi pentru a-l difuza \u00een mediul \u00eenconjur\u0103tor.<\/p>\n<p><strong>Prezent \u00een aparatele tipice<\/strong>\u00a0Soba pe pele\u021bi - Cazan pe pele\u021bi - Arz\u0103tor pe pele\u021bi - Gr\u0103tar pe pele\u021bi Cazan pe biomas\u0103 - Arz\u0103tor pe biomas\u0103 - \u0218i multe alte arz\u0103toare<\/p>\n<h3><strong>Interior<\/strong><\/h3>\n<p><a href=\"https:\/\/wekos.it\/\">Sobe, aragazuri \u0219i aragazuri pe lemne<\/a>\u00a0-\u00a0<a href=\"https:\/\/www.greenpuros.com\/\">\u0219eminee, sobe \u0219i cazane pe pele\u021bi.<\/a><\/p>\n<h3><strong>Gama Amrtop de piese de schimb \u0219i accesorii<\/strong><\/h3>","protected":false},"excerpt":{"rendered":"<hr \/>\n<h2><span style=\"color: #008000\">Disponibil la<\/span><\/h2>\n<hr \/>\n<p>Code 180600-D1<\/p>\n<p>Motorul din dreapta<br \/>\nVentilator \u00f8 65 mm<br \/>\nLongueur du ventilateur 240 mm<br \/>\nLongueur totale : 315,5 mm<br \/>\n\u00cen\u0103l\u021bime total\u0103: 126,50 mm<br \/>\nDimensions du fermoir : 52 x 242 mm<br \/>\nDebit d&#8217;air : 175 m\u00b3\/h<br \/>\nPachet de clapete: 20 mm<br \/>\nPuissances : 36 W<br \/>\nClasa H - 160\u00b0 protec\u021bie termic\u0103<\/p>","protected":false},"featured_media":36734,"comment_status":"open","ping_status":"closed","template":"","meta":[],"product_brand":[],"product_cat":[878,883,1380],"product_tag":[],"class_list":{"0":"post-20432","1":"product","2":"type-product","3":"status-publish","4":"has-post-thumbnail","6":"product_cat-ventilateurs-tangentiels-flux-transversal","7":"product_cat-ventilateurs-tangentiels-fergas-pour-poeles-et-chaudieres-a-pellets","8":"product_cat-ventilateurs-tangentiels-fergas-moteur-droit-ventilateur-o-65-mm","9":"product_shipping_class-classe-di-spedizione-02","11":"first","12":"instock","13":"shipping-taxable","14":"purchasable","15":"product-type-simple"},"yoast_head":"<!-- This site is optimized with the Yoast SEO plugin v27.5 - https:\/\/yoast.com\/product\/yoast-seo-wordpress\/ -->\n<title>Ventilateur tangentiel Fergas \u00f8 65 mm ventilateur 240 mm<\/title>\n<meta name=\"description\" content=\"Ventilateur tangentiel Fergas \u00f8 65 mm ventilateur 240 mm - Extracteur d\u2019air tangentiel Fergas-Syst\u00e8me d\u2019extraction d\u2019air chaud tangentiel pour po\u00eales \u00e0 pellets - Ventilateur tangentiel pour l\u2019expulsion d\u2019air chaud -Ventilateur d\u2019air chaud ambiant pour po\u00eale \u00e0 pellets\" \/>\n<meta name=\"robots\" content=\"index, follow, max-snippet:-1, max-image-preview:large, max-video-preview:-1\" \/>\n<link rel=\"canonical\" href=\"https:\/\/amrtop.net\/ro\/produs\/ventilateur-tangentiel-fergas-o-65-mm-ventilateur-240-mm\/\" \/>\n<meta property=\"og:locale\" content=\"ro_RO\" \/>\n<meta property=\"og:type\" content=\"article\" \/>\n<meta property=\"og:title\" content=\"Ventilateur tangentiel Fergas \u00f8 65 mm ventilateur 240 mm\" \/>\n<meta property=\"og:description\" content=\"Ventilateur tangentiel Fergas \u00f8 65 mm ventilateur 240 mm - Extracteur d\u2019air tangentiel Fergas-Syst\u00e8me d\u2019extraction d\u2019air chaud tangentiel pour po\u00eales \u00e0 pellets - Ventilateur tangentiel pour l\u2019expulsion d\u2019air chaud -Ventilateur d\u2019air chaud ambiant pour po\u00eale \u00e0 pellets\" \/>\n<meta property=\"og:url\" content=\"https:\/\/amrtop.net\/ro\/produs\/ventilateur-tangentiel-fergas-o-65-mm-ventilateur-240-mm\/\" \/>\n<meta property=\"og:site_name\" content=\"AMRTOP B2B \u00c9tranger - Achats r\u00e9serv\u00e9s au professionnel\" \/>\n<meta property=\"article:modified_time\" content=\"2023-06-03T09:15:19+00:00\" \/>\n<meta property=\"og:image\" content=\"https:\/\/amrtop.net\/wp-content\/uploads\/2020\/10\/Ventilatore-tangenziale-Fergas-Codice180600-D1-amr-1.jpg\" \/>\n\t<meta property=\"og:image:width\" content=\"960\" \/>\n\t<meta property=\"og:image:height\" content=\"960\" \/>\n\t<meta property=\"og:image:type\" content=\"image\/jpeg\" \/>\n<meta name=\"twitter:card\" content=\"summary_large_image\" \/>\n<meta name=\"twitter:label1\" content=\"Timp estimat pentru citire\" \/>\n\t<meta name=\"twitter:data1\" content=\"1 minut\" \/>\n<script type=\"application\/ld+json\" class=\"yoast-schema-graph\">{\"@context\":\"https:\\\/\\\/schema.org\",\"@graph\":[{\"@type\":\"WebPage\",\"@id\":\"https:\\\/\\\/amrtop.net\\\/produit\\\/ventilateur-tangentiel-fergas-o-65-mm-ventilateur-240-mm\\\/\",\"url\":\"https:\\\/\\\/amrtop.net\\\/produit\\\/ventilateur-tangentiel-fergas-o-65-mm-ventilateur-240-mm\\\/\",\"name\":\"Ventilateur tangentiel Fergas \u00f8 65 mm ventilateur 240 mm\",\"isPartOf\":{\"@id\":\"https:\\\/\\\/amrtop.net\\\/#website\"},\"primaryImageOfPage\":{\"@id\":\"https:\\\/\\\/amrtop.net\\\/produit\\\/ventilateur-tangentiel-fergas-o-65-mm-ventilateur-240-mm\\\/#primaryimage\"},\"image\":{\"@id\":\"https:\\\/\\\/amrtop.net\\\/produit\\\/ventilateur-tangentiel-fergas-o-65-mm-ventilateur-240-mm\\\/#primaryimage\"},\"thumbnailUrl\":\"https:\\\/\\\/amrtop.net\\\/wp-content\\\/uploads\\\/2020\\\/10\\\/Ventilatore-tangenziale-Fergas-Codice180600-D1-amr-1.jpg\",\"datePublished\":\"2020-10-01T00:00:00+00:00\",\"dateModified\":\"2023-06-03T09:15:19+00:00\",\"description\":\"Ventilateur tangentiel Fergas \u00f8 65 mm ventilateur 240 mm - Extracteur d\u2019air tangentiel Fergas-Syst\u00e8me d\u2019extraction d\u2019air chaud tangentiel pour po\u00eales \u00e0 pellets - Ventilateur tangentiel pour l\u2019expulsion d\u2019air chaud -Ventilateur d\u2019air chaud ambiant pour po\u00eale \u00e0 pellets\",\"breadcrumb\":{\"@id\":\"https:\\\/\\\/amrtop.net\\\/produit\\\/ventilateur-tangentiel-fergas-o-65-mm-ventilateur-240-mm\\\/#breadcrumb\"},\"inLanguage\":\"ro-RO\",\"potentialAction\":[{\"@type\":\"ReadAction\",\"target\":[\"https:\\\/\\\/amrtop.net\\\/produit\\\/ventilateur-tangentiel-fergas-o-65-mm-ventilateur-240-mm\\\/\"]}]},{\"@type\":\"ImageObject\",\"inLanguage\":\"ro-RO\",\"@id\":\"https:\\\/\\\/amrtop.net\\\/produit\\\/ventilateur-tangentiel-fergas-o-65-mm-ventilateur-240-mm\\\/#primaryimage\",\"url\":\"https:\\\/\\\/amrtop.net\\\/wp-content\\\/uploads\\\/2020\\\/10\\\/Ventilatore-tangenziale-Fergas-Codice180600-D1-amr-1.jpg\",\"contentUrl\":\"https:\\\/\\\/amrtop.net\\\/wp-content\\\/uploads\\\/2020\\\/10\\\/Ventilatore-tangenziale-Fergas-Codice180600-D1-amr-1.jpg\",\"width\":960,\"height\":960,\"caption\":\"Ventilateur tangentiel Fergas \u00f8 65 mm ventilateur 240 mm - Extracteur d\u2019air tangentiel Fergas-Syst\u00e8me d\u2019extraction d\u2019air chaud tangentiel pour po\u00eales \u00e0 pellets - Ventilateur tangentiel pour l\u2019expulsion d\u2019air chaud -Ventilateur d\u2019air chaud ambiant pour po\u00eale \u00e0 pellets\"},{\"@type\":\"BreadcrumbList\",\"@id\":\"https:\\\/\\\/amrtop.net\\\/produit\\\/ventilateur-tangentiel-fergas-o-65-mm-ventilateur-240-mm\\\/#breadcrumb\",\"itemListElement\":[{\"@type\":\"ListItem\",\"position\":1,\"name\":\"Home\",\"item\":\"https:\\\/\\\/amrtop.net\\\/\"},{\"@type\":\"ListItem\",\"position\":2,\"name\":\"Shop\",\"item\":\"https:\\\/\\\/amrtop.net\\\/negozio\\\/\"},{\"@type\":\"ListItem\",\"position\":3,\"name\":\"Ventilateur tangentiel Fergas Code180600-D1 &#8211; Longueur du ventilateur 240 mm &#8211; Longueur totale 315,5 mm\"}]},{\"@type\":\"WebSite\",\"@id\":\"https:\\\/\\\/amrtop.net\\\/#website\",\"url\":\"https:\\\/\\\/amrtop.net\\\/\",\"name\":\"AMRTOP B2B \u00c9tranger - Achats r\u00e9serv\u00e9s au professionnel\",\"description\":\"Pi\u00e8ces de rechange et accessoires pour po\u00eales et chaudi\u00e8res - eCommerce B2B pour Clients Professionnels\",\"potentialAction\":[{\"@type\":\"SearchAction\",\"target\":{\"@type\":\"EntryPoint\",\"urlTemplate\":\"https:\\\/\\\/amrtop.net\\\/?s={search_term_string}\"},\"query-input\":{\"@type\":\"PropertyValueSpecification\",\"valueRequired\":true,\"valueName\":\"search_term_string\"}}],\"inLanguage\":\"ro-RO\"}]}<\/script>\n<!-- \/ Yoast SEO plugin. -->","yoast_head_json":{"title":"Ventilateur tangentiel Fergas \u00f8 65 mm ventilateur 240 mm","description":"Ventilateur tangentiel Fergas \u00f8 65 mm ventilateur 240 mm - Extracteur d\u2019air tangentiel Fergas-Syst\u00e8me d\u2019extraction d\u2019air chaud tangentiel pour po\u00eales \u00e0 pellets - Ventilateur tangentiel pour l\u2019expulsion d\u2019air chaud -Ventilateur d\u2019air chaud ambiant pour po\u00eale \u00e0 pellets","robots":{"index":"index","follow":"follow","max-snippet":"max-snippet:-1","max-image-preview":"max-image-preview:large","max-video-preview":"max-video-preview:-1"},"canonical":"https:\/\/amrtop.net\/ro\/produs\/ventilateur-tangentiel-fergas-o-65-mm-ventilateur-240-mm\/","og_locale":"ro_RO","og_type":"article","og_title":"Ventilateur tangentiel Fergas \u00f8 65 mm ventilateur 240 mm","og_description":"Ventilateur tangentiel Fergas \u00f8 65 mm ventilateur 240 mm - Extracteur d\u2019air tangentiel Fergas-Syst\u00e8me d\u2019extraction d\u2019air chaud tangentiel pour po\u00eales \u00e0 pellets - Ventilateur tangentiel pour l\u2019expulsion d\u2019air chaud -Ventilateur d\u2019air chaud ambiant pour po\u00eale \u00e0 pellets","og_url":"https:\/\/amrtop.net\/ro\/produs\/ventilateur-tangentiel-fergas-o-65-mm-ventilateur-240-mm\/","og_site_name":"AMRTOP B2B \u00c9tranger - Achats r\u00e9serv\u00e9s au professionnel","article_modified_time":"2023-06-03T09:15:19+00:00","og_image":[{"width":960,"height":960,"url":"https:\/\/amrtop.net\/wp-content\/uploads\/2020\/10\/Ventilatore-tangenziale-Fergas-Codice180600-D1-amr-1.jpg","type":"image\/jpeg"}],"twitter_card":"summary_large_image","twitter_misc":{"Timp estimat pentru citire":"1 minut"},"schema":{"@context":"https:\/\/schema.org","@graph":[{"@type":"WebPage","@id":"https:\/\/amrtop.net\/produit\/ventilateur-tangentiel-fergas-o-65-mm-ventilateur-240-mm\/","url":"https:\/\/amrtop.net\/produit\/ventilateur-tangentiel-fergas-o-65-mm-ventilateur-240-mm\/","name":"Ventilateur tangentiel Fergas \u00f8 65 mm ventilateur 240 mm","isPartOf":{"@id":"https:\/\/amrtop.net\/#website"},"primaryImageOfPage":{"@id":"https:\/\/amrtop.net\/produit\/ventilateur-tangentiel-fergas-o-65-mm-ventilateur-240-mm\/#primaryimage"},"image":{"@id":"https:\/\/amrtop.net\/produit\/ventilateur-tangentiel-fergas-o-65-mm-ventilateur-240-mm\/#primaryimage"},"thumbnailUrl":"https:\/\/amrtop.net\/wp-content\/uploads\/2020\/10\/Ventilatore-tangenziale-Fergas-Codice180600-D1-amr-1.jpg","datePublished":"2020-10-01T00:00:00+00:00","dateModified":"2023-06-03T09:15:19+00:00","description":"Ventilateur tangentiel Fergas \u00f8 65 mm ventilateur 240 mm - Extracteur d\u2019air tangentiel Fergas-Syst\u00e8me d\u2019extraction d\u2019air chaud tangentiel pour po\u00eales \u00e0 pellets - Ventilateur tangentiel pour l\u2019expulsion d\u2019air chaud -Ventilateur d\u2019air chaud ambiant pour po\u00eale \u00e0 pellets","breadcrumb":{"@id":"https:\/\/amrtop.net\/produit\/ventilateur-tangentiel-fergas-o-65-mm-ventilateur-240-mm\/#breadcrumb"},"inLanguage":"ro-RO","potentialAction":[{"@type":"ReadAction","target":["https:\/\/amrtop.net\/produit\/ventilateur-tangentiel-fergas-o-65-mm-ventilateur-240-mm\/"]}]},{"@type":"ImageObject","inLanguage":"ro-RO","@id":"https:\/\/amrtop.net\/produit\/ventilateur-tangentiel-fergas-o-65-mm-ventilateur-240-mm\/#primaryimage","url":"https:\/\/amrtop.net\/wp-content\/uploads\/2020\/10\/Ventilatore-tangenziale-Fergas-Codice180600-D1-amr-1.jpg","contentUrl":"https:\/\/amrtop.net\/wp-content\/uploads\/2020\/10\/Ventilatore-tangenziale-Fergas-Codice180600-D1-amr-1.jpg","width":960,"height":960,"caption":"Ventilateur tangentiel Fergas \u00f8 65 mm ventilateur 240 mm - Extracteur d\u2019air tangentiel Fergas-Syst\u00e8me d\u2019extraction d\u2019air chaud tangentiel pour po\u00eales \u00e0 pellets - Ventilateur tangentiel pour l\u2019expulsion d\u2019air chaud -Ventilateur d\u2019air chaud ambiant pour po\u00eale \u00e0 pellets"},{"@type":"BreadcrumbList","@id":"https:\/\/amrtop.net\/produit\/ventilateur-tangentiel-fergas-o-65-mm-ventilateur-240-mm\/#breadcrumb","itemListElement":[{"@type":"ListItem","position":1,"name":"Home","item":"https:\/\/amrtop.net\/"},{"@type":"ListItem","position":2,"name":"Shop","item":"https:\/\/amrtop.net\/negozio\/"},{"@type":"ListItem","position":3,"name":"Ventilateur tangentiel Fergas Code180600-D1 &#8211; Longueur du ventilateur 240 mm &#8211; Longueur totale 315,5 mm"}]},{"@type":"WebSite","@id":"https:\/\/amrtop.net\/#website","url":"https:\/\/amrtop.net\/","name":"AMRTOP B2B Abroad - Achizi\u021bii rezervate profesioni\u0219tilor","description":"Piese de schimb \u0219i accesorii pentru sobe \u0219i cazane - eCommerce B2B pentru clien\u021bi profesioni\u0219ti","potentialAction":[{"@type":"SearchAction","target":{"@type":"EntryPoint","urlTemplate":"https:\/\/amrtop.net\/?s={search_term_string}"},"query-input":{"@type":"PropertyValueSpecification","valueRequired":true,"valueName":"search_term_string"}}],"inLanguage":"ro-RO"}]}},"_links":{"self":[{"href":"https:\/\/amrtop.net\/ro\/wp-json\/wp\/v2\/product\/20432","targetHints":{"allow":["GET"]}}],"collection":[{"href":"https:\/\/amrtop.net\/ro\/wp-json\/wp\/v2\/product"}],"about":[{"href":"https:\/\/amrtop.net\/ro\/wp-json\/wp\/v2\/types\/product"}],"replies":[{"embeddable":true,"href":"https:\/\/amrtop.net\/ro\/wp-json\/wp\/v2\/comments?post=20432"}],"wp:featuredmedia":[{"embeddable":true,"href":"https:\/\/amrtop.net\/ro\/wp-json\/wp\/v2\/media\/36734"}],"wp:attachment":[{"href":"https:\/\/amrtop.net\/ro\/wp-json\/wp\/v2\/media?parent=20432"}],"wp:term":[{"taxonomy":"product_brand","embeddable":true,"href":"https:\/\/amrtop.net\/ro\/wp-json\/wp\/v2\/product_brand?post=20432"},{"taxonomy":"product_cat","embeddable":true,"href":"https:\/\/amrtop.net\/ro\/wp-json\/wp\/v2\/product_cat?post=20432"},{"taxonomy":"product_tag","embeddable":true,"href":"https:\/\/amrtop.net\/ro\/wp-json\/wp\/v2\/product_tag?post=20432"}],"curies":[{"name":"wp","href":"https:\/\/api.w.org\/{rel}","templated":true}]}}